{"id":53943,"date":"2024-11-11T06:08:33","date_gmt":"2024-11-11T11:08:33","guid":{"rendered":"https:\/\/www.sisinternational.com\/?page_id=53943"},"modified":"2026-03-05T23:18:09","modified_gmt":"2026-03-06T04:18:09","slug":"azienda-leader-di-intelligence-competitiva","status":"publish","type":"page","link":"https:\/\/www.sisinternational.com\/it\/soluzioni\/consulenza-strategica\/azienda-leader-di-intelligence-competitiva\/","title":{"rendered":"La migliore azienda di intelligence competitiva"},"content":{"rendered":"<h1 class=\"wp-block-heading\">La migliore azienda di intelligence competitiva<\/h1>\n\n\n\n<p><\/p>\n\n\n\n<figure class=\"gb-block-image gb-block-image-c9eea16e\"><img loading=\"lazy\" decoding=\"async\" width=\"1456\" height=\"816\" class=\"gb-image gb-image-c9eea16e\" src=\"https:\/\/www.sisinternational.com\/wp-content\/uploads\/2025\/09\/Quantitative-research-17.jpg\" alt=\"Ricerca e strategia di mercato internazionale SIS\" title=\"Quantitative research (17)\" srcset=\"https:\/\/www.sisinternational.com\/wp-content\/uploads\/2025\/09\/Quantitative-research-17.jpg 1456w, https:\/\/www.sisinternational.com\/wp-content\/uploads\/2025\/09\/Quantitative-research-17-300x168.jpg 300w, https:\/\/www.sisinternational.com\/wp-content\/uploads\/2025\/09\/Quantitative-research-17-1024x574.jpg 1024w, https:\/\/www.sisinternational.com\/wp-content\/uploads\/2025\/09\/Quantitative-research-17-768x430.jpg 768w, https:\/\/www.sisinternational.com\/wp-content\/uploads\/2025\/09\/Quantitative-research-17-18x10.jpg 18w\" sizes=\"auto, (max-width: 1456px) 100vw, 1456px\"><\/figure>\n\n\n\n<p><\/p>\n\n\n\n<h3 class=\"wp-block-heading\">Azienda leader nel settore dell&#039;intelligence competitiva. La chiave per restare al passo in un mercato competitivo \u00e8 avere le informazioni giuste al momento giusto.<\/h3>\n\n\n\n<p>Le aziende oggi affrontano una concorrenza costante e rapidi cambiamenti di mercato. L&#039;intelligence competitiva \u00e8 la soluzione per rimanere informati, comprendere il tuo panorama competitivo e cogliere le opportunit\u00e0 di crescita. Una societ\u00e0 di intelligence competitiva di alto livello, come SIS International, pu\u00f2 fornire l&#039;esperienza e le intuizioni necessarie per aiutare la tua azienda a prosperare.<\/p>\n\n\n\n<h2 class=\"wp-block-heading\">Che cosa \u00e8 l&#039;intelligence competitiva?<\/h2>\n\n\n\n<p>L&#039;intelligence competitiva implica la ricerca di concorrenti, dinamiche di mercato e tendenze di settore per informare le decisioni aziendali strategiche. Questa intuizione aiuta le aziende a valutare il loro panorama competitivo, identificare opportunit\u00e0 di crescita e mitigare i potenziali rischi.<\/p>\n\n\n\n<p>A top competitive intelligence firm, like SIS International, helps companies understand what their competitors are doing, how the market is evolving, and what strategies are needed to thrive. Competitive <a href=\"https:\/\/www.sisinternational.com\/it\/soluzioni\/consulenza-strategica\/formazione-e-strategia-sullintelligenza-competitiva\/\" title=\"Formazione e strategia sull&#039;intelligence competitiva\"  data-wpil-monitor-id=\"6723\">intelligence<\/a> allows businesses to understand external factors that could impact their success and develop proactive strategies to address them.<\/p>\n\n\n\n<h2 class=\"wp-block-heading\">Quindi... Perch\u00e9 collaborare con una delle principali societ\u00e0 di intelligence competitiva?<\/h2>\n\n\n\n<p>La partnership con una delle principali societ\u00e0 di intelligence competitiva offre diversi vantaggi, tra cui l&#039;accesso ad analisi di esperti, approfondimenti strategici e raccomandazioni attuabili. Queste societ\u00e0 utilizzano tecnologie avanzate, dati proprietari e analisti esperti per fornire alle aziende informazioni accurate e tempestive.<\/p>\n\n\n\n<p>UN <a href=\"https:\/\/www.sisinternational.com\/it\/la-migliore-societa-di-valutazione-della-strategia-aziendale\/\" title=\"La migliore societ\u00e0 di valutazione della strategia aziendale\"  data-wpil-monitor-id=\"1505\">top competitive intelligence<\/a> firm helps businesses gather and analyze data to create effective competitive strategies. By providing insights into industry trends, competitor strategies, and market conditions, SIS International enables companies to make informed decisions and minimize risks. Our extensive global reach and superior B2B market expertise have been helping businesses\u2014ranging from small start-ups to Fortune 500 companies\u2014achieve sustainable growth for 40 years.<\/p>\n\n\n\n<p>Inoltre, la partnership con una delle principali societ\u00e0 di intelligence competitiva offre una prospettiva oggettiva alla pianificazione strategica. Con accesso a dati proprietari e strumenti analitici avanzati, queste societ\u00e0 possono aiutare le aziende a scoprire insight che potrebbero non essere evidenti internamente.&nbsp;<\/p>\n\n\n\n<h2 class=\"wp-block-heading\">Servizi principali offerti dalle principali societ\u00e0 di intelligence competitiva<\/h2>\n\n\n\n<p>Le principali societ\u00e0 di intelligence competitiva come SIS International offrono vari servizi progettati per aiutare le aziende a ottenere un vantaggio competitivo. Alcuni dei servizi chiave includono:<\/p>\n\n\n\n<p><\/p>\n\n\n\n<figure class=\"gb-block-image gb-block-image-64a0d633\"><img loading=\"lazy\" decoding=\"async\" width=\"804\" height=\"445\" class=\"gb-image gb-image-64a0d633\" src=\"https:\/\/www.sisinternational.com\/wp-content\/uploads\/2024\/11\/Strategic-business-analysis.png\" alt=\"Ricerca e strategia di mercato internazionale SIS\" title=\"Analisi strategica aziendale\" srcset=\"https:\/\/www.sisinternational.com\/wp-content\/uploads\/2024\/11\/Strategic-business-analysis.png 804w, https:\/\/www.sisinternational.com\/wp-content\/uploads\/2024\/11\/Strategic-business-analysis-300x166.png 300w, https:\/\/www.sisinternational.com\/wp-content\/uploads\/2024\/11\/Strategic-business-analysis-768x425.png 768w, https:\/\/www.sisinternational.com\/wp-content\/uploads\/2024\/11\/Strategic-business-analysis-18x10.png 18w\" sizes=\"auto, (max-width: 804px) 100vw, 804px\"><\/figure>\n\n\n\n<p><\/p>\n\n\n\n<ul class=\"wp-block-list\">\n<li><strong>Analisi dei concorrenti<\/strong>: Valutare i punti di forza e di debolezza dei concorrenti per aiutare le aziende a capire dove si collocano sul mercato e come posizionarsi in modo efficace.<\/li>\n\n\n\n<li><strong>Identificazione delle tendenze del mercato<\/strong>: Identificare le principali tendenze di mercato che potrebbero avere un impatto sulle performance aziendali, consentendo alle aziende di adattare di conseguenza le proprie strategie.<\/li>\n\n\n\n<li><strong>Paragone<\/strong>: Confrontare le prestazioni di un&#039;azienda con gli standard del settore e con i concorrenti per identificare aree di miglioramento e stabilire obiettivi realistici.<\/li>\n\n\n\n<li><strong>Analisi SWOT<\/strong>: Valutare i punti di forza, di debolezza, le opportunit\u00e0 e le minacce che potrebbero avere un impatto sulla direzione strategica di un&#039;azienda.<\/li>\n\n\n\n<li><strong>Raccomandazioni strategiche<\/strong>: Fornire raccomandazioni pratiche basate sull&#039;intelligence competitiva per aiutare le aziende a sfruttare le opportunit\u00e0 e ad affrontare le sfide in modo efficace.<\/li>\n<\/ul>\n\n\n\n<h2 class=\"wp-block-heading\">Cosa distingue le migliori societ\u00e0 di intelligence competitiva?<\/h2>\n\n\n\n<p>Le principali societ\u00e0 di competitive intelligence sono caratterizzate dalla loro competenza specifica nel settore, dall&#039;accesso a dati proprietari e da strumenti analitici avanzati. SIS International, ad esempio, ha condotto progetti in oltre 120 paesi e ha fornito servizi a pi\u00f9 di 70% delle Fortune 500, il che ci conferisce un vantaggio unico in questo spazio.<\/p>\n\n\n\n<p>Ci\u00f2 che rende speciale SIS International \u00e8 la nostra portata globale e la nostra competenza superiore nel mercato B2B. Con un team di oltre 150 dipendenti e collaboratori, forniamo analisi approfondite che combinano competenza umana e tecnologia per fornire informazioni fruibili. Le nostre tecnologie all&#039;avanguardia come AI, blockchain e dashboard PowerBi assicurano ai nostri clienti l&#039;intelligence pi\u00f9 accurata e tempestiva.<\/p>\n\n\n\n<h2 class=\"wp-block-heading\">Come l&#039;intelligence competitiva guida il successo aziendale<\/h2>\n\n\n\n<figure class=\"gb-block-image gb-block-image-40f19b93\"><img loading=\"lazy\" decoding=\"async\" width=\"1456\" height=\"816\" class=\"gb-image gb-image-40f19b93\" src=\"https:\/\/www.sisinternational.com\/wp-content\/uploads\/2025\/09\/Research-7.jpg\" alt=\"Ricerca e strategia di mercato internazionale SIS\" title=\"Research (7)\" srcset=\"https:\/\/www.sisinternational.com\/wp-content\/uploads\/2025\/09\/Research-7.jpg 1456w, https:\/\/www.sisinternational.com\/wp-content\/uploads\/2025\/09\/Research-7-300x168.jpg 300w, https:\/\/www.sisinternational.com\/wp-content\/uploads\/2025\/09\/Research-7-1024x574.jpg 1024w, https:\/\/www.sisinternational.com\/wp-content\/uploads\/2025\/09\/Research-7-768x430.jpg 768w, https:\/\/www.sisinternational.com\/wp-content\/uploads\/2025\/09\/Research-7-18x10.jpg 18w\" sizes=\"auto, (max-width: 1456px) 100vw, 1456px\"><\/figure>\n\n\n\n<p><\/p>\n\n\n\n<p>L&#039;intelligence competitiva \u00e8 fondamentale per guidare il successo aziendale. Aiuta le aziende ad anticipare i cambiamenti del mercato, a comprendere le mosse dei concorrenti e a prendere decisioni proattive. Sfruttando le intuizioni di una delle principali societ\u00e0 di intelligence competitiva come SIS International, le aziende possono prepararsi meglio ai cambiamenti del mercato e sviluppare strategie per rimanere al passo.<\/p>\n\n\n\n<p>Ad esempio, SIS International ha aiutato le aziende di vari settori a innovare, ottimizzare il loro posizionamento di mercato e guidare la crescita strategica. Fornendo informazioni competitive tempestive e accurate, consentiamo ai nostri clienti di comprendere i punti di forza e di debolezza dei loro concorrenti e di capitalizzare le opportunit\u00e0 che portano a una maggiore redditivit\u00e0 e quota di mercato.<\/p>\n\n\n\n<h2 class=\"wp-block-heading\">Strumenti e metodologie nell&#039;intelligence competitiva<\/h2>\n\n\n\n<p>L&#039;intelligence competitiva si basa su una combinazione di strumenti avanzati e metodologie comprovate per raccogliere, analizzare e interpretare dati da varie fonti. Una delle principali societ\u00e0 di intelligence competitiva utilizza tecnologie all&#039;avanguardia insieme a framework collaudati per fornire informazioni fruibili che consentono alle aziende di prendere decisioni strategiche informate. Ecco alcuni degli strumenti e delle metodologie principali utilizzati nell&#039;intelligence competitiva.<\/p>\n\n\n\n<p><strong>Strumenti di analisi e visualizzazione dei dati<\/strong><strong><br><\/strong>Le piattaforme di analisi dei dati, come Tableau, PowerBI e Google Analytics, consentono alle aziende di analizzare grandi volumi di dati, identificare modelli e rilevare tendenze che hanno un impatto sul panorama competitivo. Gli strumenti di visualizzazione dei dati convertono set di dati complessi in grafici e dashboard facilmente digeribili, aiutando le aziende a interpretare rapidamente le informazioni e a prendere decisioni strategiche.&nbsp;<\/p>\n\n\n\n<p><strong>Monitoraggio dei social media e analisi del sentiment<\/strong><strong><br><\/strong>Strumenti di monitoraggio dei social media come Hootsuite, Brandwatch e Sprout Social consentono alle aziende di intelligence competitiva di tracciare le menzioni dei marchi, monitorare le campagne dei concorrenti e valutare le reazioni dei clienti. L&#039;analisi del sentiment, che utilizza l&#039;elaborazione del linguaggio naturale per valutare i sentimenti positivi, negativi o neutri nelle discussioni online, fornisce preziose informazioni sulla percezione pubblica e aiuta le aziende a comprendere gli atteggiamenti dei clienti nei confronti dei concorrenti.<\/p>\n\n\n\n<p><strong>Benchmarking competitivo<\/strong><strong><br><\/strong>Questo approccio aiuta le aziende a comprendere la propria posizione in termini di prezzi, quote di mercato, soddisfazione del cliente e altri indicatori chiave di performance. Una delle principali societ\u00e0 di intelligence competitiva utilizza strumenti e metodologie di benchmarking per identificare lacune e opportunit\u00e0, offrendo ai clienti un quadro pi\u00f9 chiaro dei propri punti di forza e delle aree di miglioramento. Il benchmarking consente alle aziende di stabilire obiettivi realistici e monitorare i propri progressi rispetto alla concorrenza.<\/p>\n\n\n\n<p><strong>Analisi SWOT (Punti di forza, punti deboli, opportunit\u00e0, minacce)<\/strong><strong><br><\/strong>SWOT analysis is a foundational framework used in <a href=\"https:\/\/www.sisinternational.com\/it\/la-migliore-azienda-di-analisi-del-settore-a-new-york\/\" title=\"La migliore azienda di analisi del settore a New York\"  data-wpil-monitor-id=\"1119\">competitive intelligence to evaluate a company\u2019s<\/a> position within the market. Businesses gain a balanced view of their competitive landscape by identifying internal strengths and weaknesses alongside external opportunities and threats. This structured approach offers a straightforward yet comprehensive view of where a business stands relative to its competitors.<\/p>\n\n\n\n<p><strong>Sondaggi sui clienti<\/strong><strong><br><\/strong>I sondaggi sono un metodo diretto per raccogliere informazioni da clienti e concorrenti. Conducendo sondaggi, le aziende di intelligence competitiva raccolgono informazioni di prima mano sulle preferenze dei clienti, sui comportamenti di acquisto e sulle percezioni dei concorrenti. Queste informazioni forniscono alle aziende una comprensione pi\u00f9 approfondita delle esigenze dei loro clienti e dei punti di forza dei concorrenti.&nbsp;<\/p>\n\n\n\n<p><strong>Pianificazione degli scenari e modellazione predittiva<\/strong><strong><br><\/strong>Scenario planning and predictive modeling are advanced methodologies allowing companies to anticipate potential scenarios and plan accordingly. Scenario planning involves developing various hypothetical situations (e.g., new competitor entry, regulatory changes) and assessing their potential impact on the business. Predictive <a href=\"https:\/\/www.sisinternational.com\/it\/soluzioni\/soluzioni-di-ricerca-quantitativa-qualitativa\/statistical-modeling-tools\/\" title=\"Statistical Modeling Tools\"  data-wpil-monitor-id=\"1192\">modeling uses historical data and statistical<\/a> algorithms to forecast market trends and customer behaviors. A <a href=\"https:\/\/www.sisinternational.com\/it\/azienda-leader-nel-benchmarking-dei-concorrenti\/\" title=\"Azienda di benchmarking dei principali concorrenti\"  data-wpil-monitor-id=\"1191\">top competitive intelligence<\/a> firm leverages these methodologies to help companies prepare for uncertainties, ensuring they remain agile and adaptable in a dynamic market.<\/p>\n\n\n<div class=\"wp-block-image\">\n<figure class=\"aligncenter size-full\"><img decoding=\"async\" src=\"https:\/\/www.sisinternational.com\/wp-content\/uploads\/2021\/01\/Competitive-Intelligence-in-China.jpg\" alt=\"Intelligence competitiva in Cina - La migliore societ\u00e0 di intelligence competitiva\" class=\"wp-image-36562\"\/><\/figure>\n<\/div>\n\n\n<p><\/p>\n\n\n\n<h2 class=\"wp-block-heading\">Come l&#039;intelligence competitiva informa la strategia aziendale e l&#039;innovazione<\/h2>\n\n\n\n<p>Collaborando con un&#039;importante societ\u00e0 di intelligence competitiva, le aziende possono allineare la propria strategia alle dinamiche del mercato, perfezionare l&#039;offerta di prodotti e, in ultima analisi, posizionarsi per una crescita a lungo termine.&nbsp;<\/p>\n\n\n\n<p><strong>Migliorare la pianificazione strategica con approfondimenti basati sui dati<\/strong><strong><br><\/strong><strong><br><\/strong><a href=\"https:\/\/www.sisinternational.com\/it\/progetto-di-intelligence-competitiva-globale-della-rivista-ruth-stanat-competitive-intelligence\/\" title=\"Societ\u00e0 globale di intelligence competitiva\"  data-wpil-monitor-id=\"2168\">Competitive intelligence empowers companies<\/a> to develop strategies based on concrete, data-driven insights rather than assumptions. By analyzing competitors\u2019 moves, market conditions, and customer preferences, competitive intelligence allows companies to proactively adjust their strategic direction.&nbsp;<\/p>\n\n\n\n<p><strong>Supporto allo sviluppo e all&#039;innovazione dei prodotti<\/strong><strong><br><\/strong><strong><br><\/strong>L&#039;intelligence competitiva fornisce informazioni sulle linee di prodotto dei concorrenti, sui progressi tecnologici e sulle lacune delle funzionalit\u00e0. Comprendendo dove i concorrenti sono carenti o dove il mercato ha esigenze insoddisfatte, le aziende possono identificare opportunit\u00e0 di innovazione che distinguono le loro offerte. Ad esempio, se l&#039;intelligence competitiva indica una crescente domanda di soluzioni eco-compatibili, un&#039;azienda pu\u00f2 dare priorit\u00e0 alle funzionalit\u00e0 sostenibili nella sua roadmap di prodotto.&nbsp;<\/p>\n\n\n\n<p><strong>Rafforzare il posizionamento di mercato e la differenziazione del marchio<\/strong><strong><br><\/strong><strong><br><\/strong>L&#039;intelligence competitiva consente alle aziende di perfezionare il loro posizionamento di mercato per enfatizzare punti di forza distinti, fare appello ai punti deboli dei clienti e allinearsi alle tendenze future. Una delle principali societ\u00e0 di intelligence competitiva utilizza analisi avanzate per individuare dove un&#039;azienda pu\u00f2 distinguersi, supportando strategie di posizionamento che creano un riconoscimento del marchio pi\u00f9 forte e una fidelizzazione dei clienti.<\/p>\n\n\n\n<p><strong>Attenuazione dei rischi e preparazione ai cambiamenti del mercato<br><br><\/strong>Uno dei vantaggi pi\u00f9 significativi dell&#039;intelligence competitiva \u00e8 la sua capacit\u00e0 di identificare potenziali rischi, come cambiamenti nella domanda di mercato, cambiamenti normativi o nuovi concorrenti entranti. Comprendendo questi fattori in anticipo, le aziende possono adattare proattivamente le loro strategie per ridurre al minimo gli impatti negativi. Ad esempio, se l&#039;intelligence competitiva indica il piano di un concorrente di lanciare un nuovo prodotto, un&#039;azienda pu\u00f2 preparare una risposta competitiva accelerando il lancio del prodotto o potenziando i suoi sforzi di marketing.&nbsp;<\/p>\n\n\n\n<p><strong>Ottimizzazione delle strategie di marketing e vendita<\/strong><strong><br><\/strong><strong><br><\/strong>L&#039;intelligence competitiva informa anche le strategie di marketing e vendita offrendo approfondimenti sui prezzi dei concorrenti, sul coinvolgimento dei clienti e sulle tattiche di distribuzione dei canali. Una delle principali societ\u00e0 di intelligence competitiva monitora questi sviluppi, consentendo alle aziende di ottimizzare le proprie strategie di marketing e vendita per soddisfare le mutevoli aspettative dei clienti e acquisire una quota di mercato maggiore.<\/p>\n\n\n\n<h2 class=\"wp-block-heading\">Perch\u00e9 SIS International \u00e8 la migliore societ\u00e0 di intelligence competitiva per la tua azienda<\/h2>\n\n\n\n<p>Collaborare con la giusta societ\u00e0 di intelligence competitiva pu\u00f2 rivelarsi fondamentale per ottenere un vantaggio strategico sul mercato. <a href=\"https:\/\/www.linkedin.com\/company\/sisinternationalresearch\/\" target=\"_blank\" rel=\"noopener\">SIS Internazionale<\/a>, con la sua vasta esperienza, portata globale e competenza di mercato superiore, \u00e8 in una posizione unica per aiutare le aziende a navigare nel panorama competitivo. Ecco perch\u00e9 SIS International \u00e8 la scelta migliore per l&#039;intelligence competitiva.<\/p>\n\n\n<p>\n\n\n<\/p>\n<h4 class=\"wp-block-heading\" style=\"padding-left: 40px;\"><strong>Ricerca e approfondimenti personalizzati<\/strong><\/h4>\n<p style=\"padding-left: 40px;\">\n\n\n\n<\/p>\n<p style=\"padding-left: 40px;\"><a href=\"https:\/\/twitter.com\/SISIntlResearch\" target=\"_blank\" rel=\"noopener\">SIS<\/a> fornisce ricerche e approfondimenti personalizzati per affrontare sfide e opportunit\u00e0 specifiche. La nostra competenza assicura che la tua azienda riceva informazioni pertinenti e fruibili.<\/p>\n<p style=\"padding-left: 40px;\">\n\n\n\n<\/p>\n<h4 class=\"wp-block-heading\" style=\"padding-left: 40px;\"><strong>Competenza in diversi settori<\/strong><\/h4>\n<p style=\"padding-left: 40px;\">\n\n\n\n<\/p>\n<p style=\"padding-left: 40px;\">La nostra esperienza abbraccia molteplici settori, tra cui tecnologia, beni di consumo, sanit\u00e0 e finanza. L&#039;ampia competenza settoriale di SIS International ci consente di fornire intelligence competitiva specifica per il settore e allineata alle dinamiche uniche del tuo mercato.<\/p>\n<p style=\"padding-left: 40px;\">\n\n\n\n<\/p>\n<h4 class=\"wp-block-heading\" style=\"padding-left: 40px;\"><strong>Impegno per il successo del cliente<\/strong><\/h4>\n<p style=\"padding-left: 40px;\">\n\n\n\n<\/p>\n<p style=\"padding-left: 40px;\"><a href=\"https:\/\/medium.com\/@sisinternational\/sis-international-c17160da8fac\" target=\"_blank\" rel=\"noopener\">SIS<\/a> si impegna per il successo dei nostri clienti. Il nostro team lavora a stretto contatto con ogni cliente per garantire che le nostre soluzioni di intelligence siano pratiche e orientate ai risultati, fornendo supporto continuo per aiutare le aziende ad adattarsi alle mutevoli condizioni di mercato.<\/p>\n<p style=\"padding-left: 40px;\">\n\n\n\n<\/p>\n<h4 class=\"wp-block-heading\" style=\"padding-left: 40px;\"><strong>Ampia esperienza globale e competenza nel settore<\/strong><\/h4>\n<p style=\"padding-left: 40px;\">\n\n\n\n<\/p>\n<p style=\"padding-left: 40px;\">Nei nostri oltre 40 anni di esperienza, SIS International ha condotto progetti in oltre 120 paesi, fornendo servizi ad alcune delle pi\u00f9 grandi e influenti aziende del mondo. Questa vasta esperienza globale ci consente di fornire approfondimenti unici su vari settori, aiutando le aziende a prendere decisioni informate e a rimanere un passo avanti rispetto alla concorrenza.<\/p>\n<p style=\"padding-left: 40px;\">\n\n\n\n<\/p>\n<h4 class=\"wp-block-heading\" style=\"padding-left: 40px;\"><strong>Soluzioni su misura per il posizionamento competitivo<\/strong><\/h4>\n<p style=\"padding-left: 40px;\">\n\n\n\n<\/p>\n<p style=\"padding-left: 40px;\">In SIS International, sappiamo che ogni attivit\u00e0 \u00e8 unica. Le nostre soluzioni sono personalizzate per affrontare le sfide e le opportunit\u00e0 specifiche di ogni cliente. Che si tratti di analisi della concorrenza, strategie di ingresso nel mercato o raccomandazioni strategiche, i nostri servizi sono progettati per migliorare il tuo posizionamento competitivo e garantire un successo a lungo termine.<\/p>\n<p>\n\n\n<\/p>\n\n\n<h2 class=\"wp-block-heading\">A proposito di SIS Internazionale<\/h2>\n\n\n\n<p><a href=\"https:\/\/www.sisinternational.com\/it\/\">SIS Internazionale<\/a> offre ricerca quantitativa, qualitativa e strategica. Forniamo dati, strumenti, strategie, report e approfondimenti per il processo decisionale. Conduciamo anche interviste, sondaggi, focus group e altri metodi e approcci di ricerca di mercato.<a href=\"https:\/\/www.sisinternational.com\/it\/sulla-sua-ricerca-internazionale\/contact-sis-international-market-research\/\"> Contattaci<\/a> per il tuo prossimo progetto di ricerca di mercato.<\/p>\n\n\n\n<hr class=\"wp-block-separator has-alpha-channel-opacity\"\/>\n\n\n\n<p><br><\/p>","protected":false},"excerpt":{"rendered":"<p>Top Competitive Intelligence Company Top Competitive Intelligence Company, The key to staying ahead in a competitive market is having the right information at the right time. Businesses today face constant competition and rapid market changes. Competitive intelligence is the solution to staying informed, understanding your competitive landscape, and seizing growth opportunities. A top competitive intelligence &#8230; <a title=\"La migliore azienda di intelligence competitiva\" class=\"read-more\" href=\"https:\/\/www.sisinternational.com\/it\/soluzioni\/consulenza-strategica\/azienda-leader-di-intelligence-competitiva\/\" aria-label=\"Per saperne di pi\u00f9 su Top Competitive Intelligence Company\">Leggi tutto<\/a><\/p>","protected":false},"author":1,"featured_media":67030,"parent":14567,"menu_order":49,"comment_status":"closed","ping_status":"closed","template":"","meta":{"footnotes":""},"class_list":["post-53943","page","type-page","status-publish","has-post-thumbnail"],"_links":{"self":[{"href":"https:\/\/www.sisinternational.com\/it\/wp-json\/wp\/v2\/pages\/53943","targetHints":{"allow":["GET"]}}],"collection":[{"href":"https:\/\/www.sisinternational.com\/it\/wp-json\/wp\/v2\/pages"}],"about":[{"href":"https:\/\/www.sisinternational.com\/it\/wp-json\/wp\/v2\/types\/page"}],"author":[{"embeddable":true,"href":"https:\/\/www.sisinternational.com\/it\/wp-json\/wp\/v2\/users\/1"}],"replies":[{"embeddable":true,"href":"https:\/\/www.sisinternational.com\/it\/wp-json\/wp\/v2\/comments?post=53943"}],"version-history":[{"count":13,"href":"https:\/\/www.sisinternational.com\/it\/wp-json\/wp\/v2\/pages\/53943\/revisions"}],"predecessor-version":[{"id":80304,"href":"https:\/\/www.sisinternational.com\/it\/wp-json\/wp\/v2\/pages\/53943\/revisions\/80304"}],"up":[{"embeddable":true,"href":"https:\/\/www.sisinternational.com\/it\/wp-json\/wp\/v2\/pages\/14567"}],"wp:featuredmedia":[{"embeddable":true,"href":"https:\/\/www.sisinternational.com\/it\/wp-json\/wp\/v2\/media\/67030"}],"wp:attachment":[{"href":"https:\/\/www.sisinternational.com\/it\/wp-json\/wp\/v2\/media?parent=53943"}],"curies":[{"name":"wp","href":"https:\/\/api.w.org\/{rel}","templated":true}]}}