{"id":53937,"date":"2024-11-07T05:56:29","date_gmt":"2024-11-07T10:56:29","guid":{"rendered":"https:\/\/www.sisinternational.com\/?page_id=53937"},"modified":"2026-03-25T01:02:16","modified_gmt":"2026-03-25T05:02:16","slug":"la-migliore-societa-di-valutazione-della-strategia-aziendale","status":"publish","type":"page","link":"https:\/\/www.sisinternational.com\/it\/soluzioni\/consulenza-strategica\/la-migliore-societa-di-valutazione-della-strategia-aziendale\/","title":{"rendered":"La migliore societ\u00e0 di valutazione della strategia aziendale"},"content":{"rendered":"<h1 class=\"wp-block-heading\">La migliore societ\u00e0 di valutazione della strategia aziendale<br><\/h1>\n\n\n\n<figure class=\"gb-block-image gb-block-image-c4a5bbe9\"><img decoding=\"async\" class=\"gb-image gb-image-c4a5bbe9\" src=\"https:\/\/www.sisinternational.com\/wp-content\/uploads\/2025\/09\/New-York-11.jpg\" alt=\"Ricerca e strategia di mercato internazionale SIS\" title=\"New York (11)\"><\/figure>\n\n\n\n<p><\/p>\n\n\n\n<h3 class=\"wp-block-heading\">Affidarsi a una delle migliori societ\u00e0 di valutazione delle strategie aziendali aiuta le aziende ad adattarsi ai cambiamenti del mercato, ottimizzare le risorse e mantenere un vantaggio competitivo nel loro settore.<\/h3>\n\n\n\n<p><strong><br><\/strong>L&#039;efficacia di una strategia aziendale pu\u00f2 fare la differenza per un&#039;azienda. Lavorando con una delle migliori societ\u00e0 di valutazione della strategia aziendale, puoi assicurarti che le tue iniziative strategiche siano allineate con i tuoi obiettivi e porre le basi per una crescita a lungo termine.<\/p>\n\n\n\n<h2 class=\"wp-block-heading\">Cos&#039;\u00e8 una societ\u00e0 di valutazione della strategia aziendale?<\/h2>\n\n\n\n<p>Una societ\u00e0 di valutazione della strategia aziendale \u00e8 specializzata nella valutazione dell&#039;efficacia delle iniziative strategiche di un&#039;azienda. Queste societ\u00e0 forniscono un&#039;analisi oggettiva per stabilire se le strategie di un&#039;azienda siano in linea con i suoi obiettivi aziendali, identificano aree di miglioramento e raccomandano modifiche per ottimizzare le prestazioni.&nbsp;<\/p>\n\n\n\n<p>Corporate <a href=\"https:\/\/www.sisinternational.com\/it\/soluzioni\/legal-market-research\/client-retention-strategies-in-law-firms\/\" title=\"Client Retention Strategies in Law Firms\u00a0\u00a0\"  data-wpil-monitor-id=\"922\">strategy evaluation firms<\/a> use data-driven methodologies to analyze the impact of current strategies, focusing on performance metrics and market positioning. They help businesses understand what works well and what is not, providing actionable insights that drive growth and profitability.&nbsp;<\/p>\n\n\n\n<h2 class=\"wp-block-heading\">Perch\u00e9 la tua azienda ha bisogno di una societ\u00e0 di valutazione della strategia aziendale di alto livello<\/h2>\n\n\n\n<p>Collaborare con una delle principali societ\u00e0 di valutazione delle strategie aziendali aiuta a identificare le lacune nelle strategie esistenti, consentendo di perfezionare l&#039;approccio prima che i problemi degenerino. Queste societ\u00e0 aiutano anche le aziende a evitare le insidie pi\u00f9 comuni, fornendo approfondimenti basati su metodologie comprovate e una vasta conoscenza del settore.<\/p>\n\n\n\n<p>Uno dei principali vantaggi del lavorare con una societ\u00e0 di valutazione strategica \u00e8 la prospettiva esterna che porta con s\u00e9. I team interni potrebbero non avere l&#039;obiettivit\u00e0 necessaria per valutare criticamente le proprie strategie. Una valutazione indipendente da parte di una delle principali societ\u00e0 di valutazione strategica aziendale assicura che tutti gli aspetti della strategia di un&#039;azienda siano esaminati senza pregiudizi. Questo approccio aiuta le aziende ad adattarsi alle mutevoli condizioni di mercato, a identificare nuove opportunit\u00e0 e a rafforzare la propria posizione competitiva.<\/p>\n\n\n\n<h2 class=\"wp-block-heading\">Servizi principali offerti dalle principali societ\u00e0 di valutazione della strategia aziendale<\/h2>\n\n\n\n<p>Le principali societ\u00e0 di valutazione della strategia aziendale offrono un&#039;ampia gamma di servizi progettati per migliorare la direzione strategica di un&#039;azienda. Ecco uno sguardo approfondito ad alcuni servizi essenziali forniti:<\/p>\n\n\n\n<ul class=\"wp-block-list\">\n<li><strong>Audit strategici<\/strong>: Una revisione completa delle strategie esistenti per valutarne l&#039;efficacia e l&#039;allineamento con gli obiettivi aziendali generali. Gli audit strategici aiutano le aziende a capire se le loro iniziative strategiche le stanno conducendo verso gli obiettivi desiderati, identificando lacune e aree di miglioramento.<\/li>\n\n\n\n<li><strong>Valutazioni delle prestazioni<\/strong>: Una valutazione dei risultati delle iniziative strategiche, focalizzata sugli indicatori chiave di prestazione (KPI) per misurare il successo. Le valutazioni delle prestazioni sono essenziali per determinare se la strategia attuale fornisce i risultati attesi e raggiunge gli obiettivi aziendali.<\/li>\n\n\n\n<li><strong>Benchmarking della concorrenza<\/strong>: Analizzare come le performance e le strategie di un&#039;azienda si confrontano con quelle dei principali concorrenti. Ci\u00f2 implica l&#039;identificazione delle aree in cui \u00e8 possibile apportare miglioramenti e sfruttare le best practice dei leader del settore per ottenere un vantaggio competitivo.<\/li>\n\n\n\n<li><strong>Analisi del potenziale di crescita<\/strong>: Valutazione delle opportunit\u00e0 di mercato per determinare i percorsi di espansione e diversificazione aziendale pi\u00f9 praticabili. L&#039;analisi del potenziale di crescita aiuta a identificare nuove opportunit\u00e0 nel mercato, tra cui tendenze emergenti, segmenti di clienti inesplorati e potenziali partnership che possono guidare l&#039;espansione.<\/li>\n\n\n\n<li><strong>Valutazione e mitigazione del rischio<\/strong>: Valutazione dei potenziali rischi associati alle strategie esistenti e fornitura di raccomandazioni per la mitigazione del rischio. Comprendendo le potenziali insidie, le aziende possono adottare misure proattive per ridurre al minimo le interruzioni e migliorare la resilienza.<\/li>\n\n\n\n<li><strong>Ottimizzazione dell&#039;allocazione delle risorse<\/strong>: Rivedere l&#039;attuale allocazione delle risorse per garantire che vengano utilizzate in modo efficiente. Ci\u00f2 include risorse finanziarie, personale e tecnologia e aiuta le aziende a ottimizzare le proprie operazioni per raggiungere obiettivi strategici in modo pi\u00f9 efficace.<\/li>\n\n\n\n<li><strong>Strategia di ingresso nel mercato<\/strong>: Per le aziende che desiderano espandersi in nuovi mercati, le societ\u00e0 di valutazione della strategia aziendale possono aiutare a sviluppare e implementare strategie efficaci di ingresso nel mercato. Ci\u00f2 comporta la valutazione delle condizioni di mercato e dei requisiti normativi e l&#039;identificazione della migliore modalit\u00e0 di ingresso, come joint venture, partnership o investimenti diretti.<\/li>\n<\/ul>\n\n\n\n<h2 class=\"wp-block-heading\">Cosa distingue le migliori societ\u00e0 di valutazione delle strategie aziendali?<\/h2>\n\n\n\n<p>Una delle principali societ\u00e0 di valutazione delle strategie aziendali come SIS International si distingue per la sua conoscenza specialistica del settore, le intuizioni basate sui dati e le metodologie comprovate. La sua profonda comprensione di diversi settori le consente di fornire raccomandazioni personalizzate che si allineano alle sfide e alle opportunit\u00e0 uniche di ogni settore.<\/p>\n\n\n\n<p>Queste aziende utilizzano anche strumenti e framework analitici avanzati per valutare le strategie. Sfruttare un&#039;analisi dei dati sofisticata fornisce approfondimenti concreti e concreti su prove empiriche. Questo approccio basato sui dati garantisce che le raccomandazioni siano strategiche ma anche realistiche e realizzabili, offrendo alle aziende le migliori possibilit\u00e0 di successo.<\/p>\n\n\n\n<figure class=\"gb-block-image gb-block-image-c4f3f178\"><img loading=\"lazy\" decoding=\"async\" width=\"1456\" height=\"816\" class=\"gb-image gb-image-c4f3f178\" src=\"https:\/\/www.sisinternational.com\/wp-content\/uploads\/2025\/08\/Business-17.jpg\" alt=\"Ricerca e strategia di mercato internazionale SIS\" title=\"Business (17)\" srcset=\"https:\/\/www.sisinternational.com\/wp-content\/uploads\/2025\/08\/Business-17.jpg 1456w, https:\/\/www.sisinternational.com\/wp-content\/uploads\/2025\/08\/Business-17-300x168.jpg 300w, https:\/\/www.sisinternational.com\/wp-content\/uploads\/2025\/08\/Business-17-1024x574.jpg 1024w, https:\/\/www.sisinternational.com\/wp-content\/uploads\/2025\/08\/Business-17-768x430.jpg 768w, https:\/\/www.sisinternational.com\/wp-content\/uploads\/2025\/08\/Business-17-18x10.jpg 18w\" sizes=\"auto, (max-width: 1456px) 100vw, 1456px\"><\/figure>\n\n\n\n<p><\/p>\n\n\n\n<h2 class=\"wp-block-heading\">Come una delle principali societ\u00e0 di valutazione della strategia aziendale aggiunge valore<\/h2>\n\n\n\n<p>Una delle principali societ\u00e0 di valutazione della strategia aziendale apporta un valore significativo alle organizzazioni fornendo una valutazione oggettiva e basata sui dati della loro direzione strategica. Attraverso analisi di esperti e raccomandazioni personalizzate, queste societ\u00e0 consentono alle aziende di identificare i punti di forza, scoprire aree di miglioramento e capitalizzare le opportunit\u00e0 di crescita.<\/p>\n\n\n\n<p><\/p>\n\n\n\n<p><strong>Analisi imparziale per un processo decisionale oggettivo<\/strong><strong><br><\/strong>Uno dei principali vantaggi di lavorare con una delle principali societ\u00e0 di valutazione della strategia aziendale \u00e8 la prospettiva oggettiva che offrono. Le valutazioni interne possono essere inavvertitamente influenzate da pregiudizi o compartimenti stagni organizzativi, che possono offuscare il processo decisionale strategico. Una societ\u00e0 esterna valuta oggettivamente la strategia di un&#039;azienda, assicurando che le decisioni siano basate esclusivamente su dati, tendenze di mercato e metriche di performance.&nbsp;<\/p>\n\n\n\n<p><strong>Accesso a strumenti specializzati e framework analitici<\/strong><strong><br><\/strong>Le principali societ\u00e0 di valutazione della strategia aziendale utilizzano strumenti e framework avanzati, come analisi SWOT, balanced scorecard e pianificazione degli scenari, per analizzare e misurare l&#039;efficacia strategica. Queste societ\u00e0 applicano metodologie comprovate per rivelare informazioni fruibili, consentendo alle aziende di confrontare le prestazioni, misurare i progressi verso gli obiettivi e adattare le tattiche in base a un&#039;analisi completa.&nbsp;<\/p>\n\n\n\n<p><strong>Competenza del settore e conoscenza del mercato<\/strong><strong><br><\/strong>Una delle principali societ\u00e0 di valutazione delle strategie aziendali porta con s\u00e9 una profonda competenza nel settore, fornendo approfondimenti sulle dinamiche di mercato, sulle strategie dei concorrenti e sulle tendenze emergenti. Questa conoscenza del settore consente alla societ\u00e0 di confrontare le prestazioni di un&#039;azienda con le best practice e di identificare nuove opportunit\u00e0 di differenziazione.&nbsp;<\/p>\n\n\n\n<p><strong>Identificazione delle opportunit\u00e0 di crescita e mitigazione del rischio<\/strong><strong><br><\/strong>Una valutazione efficace della strategia valuta le prestazioni attuali e identifica le opportunit\u00e0 di crescita future e i potenziali rischi. Aziende specializzate come SIS valutano la fattibilit\u00e0 di entrare in nuovi mercati, diversificare le offerte di prodotti o migliorare l&#039;efficienza operativa. Allo stesso tempo, analizzano i fattori di rischio che potrebbero avere un impatto sul successo a lungo termine, come le sfide normative o i cambiamenti nella domanda dei clienti.&nbsp;<\/p>\n\n\n\n<p><strong>Miglioramento dell&#039;allineamento strategico e della responsabilit\u00e0<\/strong><strong><br><\/strong>Lavorare con un&#039;azienda esperta assicura che gli obiettivi strategici di un&#039;azienda siano strettamente allineati con le sue operazioni quotidiane, promuovendo una cultura di responsabilit\u00e0 a tutti i livelli. Un&#039;azienda di valutazione della strategia aziendale di alto livello pu\u00f2 aiutare a stabilire obiettivi chiari e misurabili collegati a KPI individuali e dipartimentali, assicurando che tutti all&#039;interno dell&#039;organizzazione siano allineati con la visione globale dell&#039;azienda.&nbsp;<\/p>\n\n\n\n<h2 class=\"wp-block-heading\">Come scegliere la migliore societ\u00e0 di valutazione della strategia aziendale<\/h2>\n\n\n\n<p>Choosing the right corporate <a href=\"https:\/\/www.sisinternational.com\/it\/i-social-media-nelle-piccole-imprese\/\" title=\"Strategie di social media per le piccole imprese\"  data-wpil-monitor-id=\"2230\">strategy evaluation firm<\/a> is a critical decision that can impact your business. Here are some key factors to consider:<\/p>\n\n\n\n<p><\/p>\n\n\n\n<figure class=\"gb-block-image gb-block-image-62530ce5\"><img loading=\"lazy\" decoding=\"async\" width=\"1456\" height=\"816\" class=\"gb-image gb-image-62530ce5\" src=\"https:\/\/www.sisinternational.com\/wp-content\/uploads\/2025\/09\/New-York-9.jpg\" alt=\"Ricerca e strategia di mercato internazionale SIS\" title=\"New York (9)\" srcset=\"https:\/\/www.sisinternational.com\/wp-content\/uploads\/2025\/09\/New-York-9.jpg 1456w, https:\/\/www.sisinternational.com\/wp-content\/uploads\/2025\/09\/New-York-9-300x168.jpg 300w, https:\/\/www.sisinternational.com\/wp-content\/uploads\/2025\/09\/New-York-9-1024x574.jpg 1024w, https:\/\/www.sisinternational.com\/wp-content\/uploads\/2025\/09\/New-York-9-768x430.jpg 768w, https:\/\/www.sisinternational.com\/wp-content\/uploads\/2025\/09\/New-York-9-18x10.jpg 18w\" sizes=\"auto, (max-width: 1456px) 100vw, 1456px\"><\/figure>\n\n\n\n<p><\/p>\n\n\n\n<ul class=\"wp-block-list\">\n<li><strong>Esperienza<\/strong>: Cerca un&#039;azienda con una vasta esperienza nel tuo settore. La loro conoscenza del panorama di mercato consentir\u00e0 loro di fornire raccomandazioni pi\u00f9 pertinenti e pratiche.<\/li>\n\n\n\n<li><strong>Testimonianze dei clienti<\/strong>: Le testimonianze dei clienti e le storie di successo possono fornire informazioni preziose sulle capacit\u00e0 dell&#039;azienda e sui risultati ottenuti per altre aziende.<\/li>\n\n\n\n<li><strong>Competenza nel settore<\/strong>: Le migliori aziende vantano competenze specialistiche in vari settori, il che consente loro di fornire raccomandazioni personalizzate in linea con le esigenze del vostro settore.<\/li>\n\n\n\n<li><strong>Offerte di servizi personalizzati<\/strong>:Le migliori societ\u00e0 di valutazione delle strategie aziendali offrono soluzioni personalizzate, consapevoli che ogni azienda \u00e8 unica e richiede un approccio su misura.<\/li>\n<\/ul>\n\n\n\n<h2 class=\"wp-block-heading\">Perch\u00e9 SIS International \u00e8 la migliore societ\u00e0 di valutazione della strategia aziendale per la tua attivit\u00e0<\/h2>\n\n\n\n<p>Trovare il partner giusto che ti aiuti a valutare e perfezionare le strategie aziendali in un mercato affollato pu\u00f2 essere una sfida. <a href=\"https:\/\/www.linkedin.com\/company\/sisinternationalresearch\/\" target=\"_blank\" rel=\"noopener\">SIS Internazionale<\/a> si distingue come la migliore societ\u00e0 di valutazione delle strategie aziendali grazie al suo approccio unico che unisce una profonda conoscenza del settore, soluzioni personalizzate a prezzi accessibili e approfondimenti di mercato completi.&nbsp;<\/p>\n\n\n<p>\n\n\n<\/p>\n<h4 class=\"wp-block-heading\" style=\"padding-left: 40px;\"><strong>Ampia esperienza e conoscenza del settore<\/strong><\/h4>\n<p style=\"padding-left: 40px;\">\n\n\n\n<\/p>\n<p style=\"padding-left: 40px;\">A <a href=\"https:\/\/twitter.com\/SISIntlResearch\" target=\"_blank\" rel=\"noopener\">SIS<\/a>, portiamo decenni di esperienza in diversi settori. Il nostro team di esperti ha una profonda conoscenza di vari settori, consentendoci di fornire approfondimenti altamente pertinenti alle esigenze della tua azienda.\u00a0<\/p>\n<p style=\"padding-left: 40px;\">\n\n\n\n<\/p>\n<h4 class=\"wp-block-heading\" style=\"padding-left: 40px;\"><strong>Soluzioni convenienti e su misura<\/strong><\/h4>\n<p style=\"padding-left: 40px;\">\n\n\n\n<\/p>\n<p style=\"padding-left: 40px;\">SIS International offre soluzioni personalizzate che sono accessibili senza compromettere la qualit\u00e0. I nostri modelli di prezzo sono trasparenti e i nostri servizi sono progettati per adattarsi al tuo budget, offrendo al contempo il massimo valore. Lavoriamo a stretto contatto con te per sviluppare strategie efficaci e finanziariamente sostenibili, aiutandoti a raggiungere i tuoi obiettivi aziendali senza sovraccaricare le tue risorse.<\/p>\n<p style=\"padding-left: 40px;\">\n\n\n\n<\/p>\n<h4 class=\"wp-block-heading\" style=\"padding-left: 40px;\"><strong>Approfondimenti completi sul mercato<\/strong><\/h4>\n<p style=\"padding-left: 40px;\">\n\n\n\n<\/p>\n<p style=\"padding-left: 40px;\">Sfruttiamo analisi avanzate dei dati e ricerche approfondite per fornirti una chiara comprensione della tua posizione di mercato. Analizzando le tendenze di mercato, il comportamento dei consumatori e le attivit\u00e0 dei concorrenti, ti aiutiamo a prendere decisioni informate che migliorano la tua direzione strategica.\u00a0<\/p>\n<p style=\"padding-left: 40px;\">\n\n\n\n<\/p>\n<h4 class=\"wp-block-heading\" style=\"padding-left: 40px;\"><strong>Metodologie comprovate per il successo strategico<\/strong><\/h4>\n<p style=\"padding-left: 40px;\">\n\n\n\n<\/p>\n<p style=\"padding-left: 40px;\">SIS International impiega metodologie comprovate e perfezionate attraverso anni di esperienza. I nostri audit strategici, le valutazioni delle prestazioni e le analisi del potenziale di crescita sono progettati per fornire approfondimenti concreti che portano a miglioramenti misurabili.\u00a0<\/p>\n<p style=\"padding-left: 40px;\">\n\n\n\n<\/p>\n<h4 class=\"wp-block-heading\" style=\"padding-left: 40px;\"><strong>Approccio incentrato sul cliente<\/strong><\/h4>\n<p style=\"padding-left: 40px;\">\n\n\n\n<\/p>\n<p style=\"padding-left: 40px;\">In SIS International, adottiamo un approccio incentrato sul cliente, assicurandoci che tutte le raccomandazioni siano in linea con le tue esigenze aziendali uniche. Riconosciamo che non esistono due aziende uguali e le nostre soluzioni sono personalizzate per affrontare le tue sfide e opportunit\u00e0 specifiche. Lavoriamo a stretto contatto con il tuo team per sviluppare strategie pratiche, attuabili e progettate per guidare il successo.<\/p>\n<p style=\"padding-left: 40px;\">\n\n\n\n<\/p>\n<h4 class=\"wp-block-heading\" style=\"padding-left: 40px;\"><strong>Supporto e partnership a lungo termine<\/strong><\/h4>\n<p style=\"padding-left: 40px;\">\n\n\n\n<\/p>\n<p style=\"padding-left: 40px;\"><a href=\"https:\/\/medium.com\/@sisinternational\/sis-international-c17160da8fac\" target=\"_blank\" rel=\"noopener\">SIS<\/a> fornisce supporto continuo per garantire che le strategie aziendali rimangano efficaci e adattabili alle mutevoli dinamiche di mercato. Sappiamo che l&#039;ambiente aziendale \u00e8 in continua evoluzione e ci impegniamo ad aiutarti a gestire questi cambiamenti. Il nostro approccio di partnership a lungo termine significa che siamo sempre disponibili a fornire indicazioni, apportare modifiche e garantire che le tue strategie continuino a produrre risultati.\u00a0<\/p>\n<p>\n\n\n<\/p>\n\n\n<h2 class=\"wp-block-heading\">A proposito di SIS Internazionale<\/h2>\n\n\n\n<p><a href=\"https:\/\/www.sisinternational.com\/it\/\">SIS Internazionale<\/a> offre ricerca quantitativa, qualitativa e strategica. Forniamo dati, strumenti, strategie, report e approfondimenti per il processo decisionale. Conduciamo anche interviste, sondaggi, focus group e altri metodi e approcci di ricerca di mercato.<a href=\"https:\/\/www.sisinternational.com\/it\/sulla-sua-ricerca-internazionale\/contact-sis-international-market-research\/\"> Contattaci<\/a> per il tuo prossimo progetto di ricerca di mercato.<\/p>\n\n\n\n<p><br><\/p>\n\n\n\n<p><\/p>","protected":false},"excerpt":{"rendered":"<p>Top Corporate Strategy Evaluation Firm Engaging a top corporate strategy evaluation firm helps businesses adapt to market changes, optimize resources, and maintain a competitive edge in their industry. The effectiveness of a corporate strategy can make or break a business. By working with a top corporate strategy evaluation firm, you can ensure that your strategic &#8230; <a title=\"La migliore societ\u00e0 di valutazione della strategia aziendale\" class=\"read-more\" href=\"https:\/\/www.sisinternational.com\/it\/soluzioni\/consulenza-strategica\/la-migliore-societa-di-valutazione-della-strategia-aziendale\/\" aria-label=\"Per saperne di pi\u00f9 su Top Corporate Strategy Evaluation Firm\">Leggi tutto<\/a><\/p>","protected":false},"author":1,"featured_media":66478,"parent":14567,"menu_order":46,"comment_status":"closed","ping_status":"closed","template":"","meta":{"footnotes":""},"class_list":["post-53937","page","type-page","status-publish","has-post-thumbnail"],"_links":{"self":[{"href":"https:\/\/www.sisinternational.com\/it\/wp-json\/wp\/v2\/pages\/53937","targetHints":{"allow":["GET"]}}],"collection":[{"href":"https:\/\/www.sisinternational.com\/it\/wp-json\/wp\/v2\/pages"}],"about":[{"href":"https:\/\/www.sisinternational.com\/it\/wp-json\/wp\/v2\/types\/page"}],"author":[{"embeddable":true,"href":"https:\/\/www.sisinternational.com\/it\/wp-json\/wp\/v2\/users\/1"}],"replies":[{"embeddable":true,"href":"https:\/\/www.sisinternational.com\/it\/wp-json\/wp\/v2\/comments?post=53937"}],"version-history":[{"count":10,"href":"https:\/\/www.sisinternational.com\/it\/wp-json\/wp\/v2\/pages\/53937\/revisions"}],"predecessor-version":[{"id":76590,"href":"https:\/\/www.sisinternational.com\/it\/wp-json\/wp\/v2\/pages\/53937\/revisions\/76590"}],"up":[{"embeddable":true,"href":"https:\/\/www.sisinternational.com\/it\/wp-json\/wp\/v2\/pages\/14567"}],"wp:featuredmedia":[{"embeddable":true,"href":"https:\/\/www.sisinternational.com\/it\/wp-json\/wp\/v2\/media\/66478"}],"wp:attachment":[{"href":"https:\/\/www.sisinternational.com\/it\/wp-json\/wp\/v2\/media?parent=53937"}],"curies":[{"name":"wp","href":"https:\/\/api.w.org\/{rel}","templated":true}]}}