{"id":53934,"date":"2024-11-06T05:47:59","date_gmt":"2024-11-06T10:47:59","guid":{"rendered":"https:\/\/www.sisinternational.com\/?page_id=53934"},"modified":"2026-03-05T23:19:49","modified_gmt":"2026-03-06T04:19:49","slug":"strategie-di-ingresso-nel-mercato-b2b","status":"publish","type":"page","link":"https:\/\/www.sisinternational.com\/it\/soluzioni\/ricerche-di-mercato-b2b\/strategie-di-ingresso-nel-mercato-b2b\/","title":{"rendered":"Strategie di ingresso nel mercato B2B"},"content":{"rendered":"<h1 class=\"wp-block-heading\">Strategie di ingresso nel mercato B2B<\/h1>\n\n\n\n<p><br><\/p>\n\n\n\n<figure class=\"gb-block-image gb-block-image-7ac2c3cc\"><img loading=\"lazy\" decoding=\"async\" width=\"1456\" height=\"816\" class=\"gb-image gb-image-7ac2c3cc\" src=\"https:\/\/www.sisinternational.com\/wp-content\/uploads\/2025\/08\/B2B-2-6.jpg\" alt=\"Ricerca e strategia di mercato internazionale SIS\" title=\"B2B 2 (6)\" srcset=\"https:\/\/www.sisinternational.com\/wp-content\/uploads\/2025\/08\/B2B-2-6.jpg 1456w, https:\/\/www.sisinternational.com\/wp-content\/uploads\/2025\/08\/B2B-2-6-300x168.jpg 300w, https:\/\/www.sisinternational.com\/wp-content\/uploads\/2025\/08\/B2B-2-6-1024x574.jpg 1024w, https:\/\/www.sisinternational.com\/wp-content\/uploads\/2025\/08\/B2B-2-6-768x430.jpg 768w, https:\/\/www.sisinternational.com\/wp-content\/uploads\/2025\/08\/B2B-2-6-18x10.jpg 18w\" sizes=\"auto, (max-width: 1456px) 100vw, 1456px\"><\/figure>\n\n\n\n<hr class=\"wp-block-separator has-alpha-channel-opacity is-style-dots\"\/>\n\n\n\n<h4 class=\"wp-block-heading\">Entrare in un nuovo mercato richiede strategia e precisione. Le strategie di ingresso nel mercato B2B forniscono una tabella di marcia per aiutare le aziende ad avere successo in territori non familiari.<\/h4>\n\n\n\n<p>L&#039;ingresso di successo nel mercato \u00e8 una mossa calcolata. Con le giuste strategie di ingresso nel mercato B2B, la tua attivit\u00e0 pu\u00f2 ridurre al minimo i rischi e massimizzare la crescita.<\/p>\n\n\n\n<h2 class=\"wp-block-heading\">Cos&#039;\u00e8 la strategia di ingresso nel mercato B2B?<\/h2>\n\n\n\n<p>Le strategie di ingresso nel mercato B2B sono piani strutturati che aiutano le aziende a entrare con successo in nuovi mercati, affrontando le sfide specifiche delle relazioni B2B. Queste strategie comprendono l&#039;identificazione delle esigenze dei clienti, la comprensione dei concorrenti locali, l&#039;adesione ai requisiti normativi e l&#039;instaurazione di connessioni con gli stakeholder chiave.&nbsp;<\/p>\n\n\n\n<p>In this context, market research provides insights into customer preferences, competitive dynamics, cultural nuances, and regulatory hurdles specific to the target market..<\/p>\n\n\n\n<h2 class=\"wp-block-heading\">Perch\u00e9 le aziende hanno bisogno di strategie di ingresso nel mercato B2B?<\/h2>\n\n\n\n<figure class=\"gb-block-image gb-block-image-ada81492\"><img decoding=\"async\" class=\"gb-image gb-image-ada81492\" src=\"https:\/\/www.sisinternational.com\/wp-content\/uploads\/2025\/01\/Financial-services-11.jpeg\" alt=\"Ricerca e strategia di mercato internazionale SIS\" title=\"Financial services (11)\"><\/figure>\n\n\n\n<p><\/p>\n\n\n\n<p>One of the primary reasons businesses need <a href=\"https:\/\/sisaisolutions.com\/application-of-ai-in-b2b\/\" target=\"_blank\" rel=\"noopener\">B2B market entry strategies<\/a> is to navigate the complexities of local regulations. Every region has its regulatory landscape, from trade policies to taxation rules. Without a clear plan, a company might find itself entangled in compliance issues that could be costly or time-consuming.<\/p>\n\n\n\n<p>Another critical factor is understanding regional customer behavior. What works in one market might not necessarily succeed in another. <a href=\"https:\/\/www.sisinternational.com\/it\/analisi-dellingresso-nel-mercato-di-carrefours-dubai\/\" title=\"Carrefour&#8217;s Dubai Market Entry Analysis\" data-wpil-monitor-id=\"1834\">Strategie di ingresso nel mercato<\/a> help businesses adapt their products, services, and messaging to fit the cultural and economic context of the new market.<\/p>\n\n\n\n<p>Inoltre, <a href=\"https:\/\/www.sisinternational.com\/it\/b2b-go-to-market-strategy\/\" title=\"B2B Go-to-Market Strategy\" data-wpil-monitor-id=\"795\">B2B market entry strategies<\/a> help businesses identify and mitigate risks. Entering a new market involves various uncertainties, including economic stability, competitive pressures, and cultural differences. A well-researched and executed strategy provides a framework for risk assessment and mitigation, helping businesses navigate these challenges and establish a foothold in the market.<\/p>\n\n\n\n<h2 class=\"wp-block-heading\">La nostra attuale revisione del mercato e raccomandazioni<\/h2>\n\n\n\n<p>Consigliamo di sfruttare le partnership locali per creare credibilit\u00e0 e fiducia all&#039;interno del mercato. Le partnership con attori locali affermati possono aiutare a colmare lacune culturali, orientarsi nei panorami normativi e creare un processo di ingresso pi\u00f9 fluido.<\/p>\n\n\n\n<p>We also consider digital tools indispensable in today&#8217;s market landscape. Advanced analytics can provide deeper insights into customer preferences, allowing your business to make data-driven adjustments. <\/p>\n\n\n\n<p>Inoltre, crediamo che un approccio flessibile all&#039;ingresso, come una combinazione di canali diretti e indiretti, possa aiutare le aziende ad adattarsi meglio alle dinamiche di mercato. I canali diretti possono offrire controllo e visibilit\u00e0 del marchio, mentre i canali indiretti come i distributori locali possono fornire portata di mercato e rischi inferiori. Quando personalizzate in base alle condizioni di mercato, queste strategie combinate possono aumentare significativamente le tue possibilit\u00e0 di successo in nuovi territori.<\/p>\n\n\n\n<h2 class=\"wp-block-heading\">Driver di mercato<\/h2>\n\n\n\n<p>Diversi fattori trainanti spesso influenzano l&#039;ingresso di successo nel mercato. Ecco sette fattori trainanti chiave del mercato:<\/p>\n\n\n\n<p><\/p>\n\n\n\n<figure class=\"gb-block-image gb-block-image-ad9aa877\"><img loading=\"lazy\" decoding=\"async\" width=\"822\" height=\"792\" class=\"gb-image gb-image-ad9aa877\" src=\"https:\/\/www.sisinternational.com\/wp-content\/uploads\/2024\/11\/Market-entry.png\" alt=\"Ricerca e strategia di mercato internazionale SIS\" title=\"Ingresso nel mercato\" srcset=\"https:\/\/www.sisinternational.com\/wp-content\/uploads\/2024\/11\/Market-entry.png 822w, https:\/\/www.sisinternational.com\/wp-content\/uploads\/2024\/11\/Market-entry-300x289.png 300w, https:\/\/www.sisinternational.com\/wp-content\/uploads\/2024\/11\/Market-entry-768x740.png 768w, https:\/\/www.sisinternational.com\/wp-content\/uploads\/2024\/11\/Market-entry-12x12.png 12w\" sizes=\"auto, (max-width: 822px) 100vw, 822px\"><\/figure>\n\n\n\n<p><\/p>\n\n\n\n<ol class=\"wp-block-list\">\n<li><strong>Crescente adozione della tecnologia<\/strong>: Increased digital adoption opens new avenues for <a href=\"https:\/\/www.sisinternational.com\/it\/strategia-di-marketing-multicanale-b2b\/\" title=\"Strategia di marketing multicanale B2B\" data-wpil-monitor-id=\"840\">B2B market entry strategies<\/a>. The rise of cloud computing, AI, and IoT enables companies to leverage technology for efficient market entry.<\/li>\n\n\n\n<li><strong>Supporto governativo<\/strong>: Politiche e incentivi incoraggiano le aziende a entrare in nuovi mercati. I governi di tutto il mondo forniscono sussidi, agevolazioni fiscali e altri incentivi per attrarre investimenti esteri e promuovere la crescita economica.<\/li>\n\n\n\n<li><strong>Crescente domanda di sostenibilit\u00e0<\/strong>: I prodotti e i servizi ecosostenibili sono molto ricercati. Man mano che i consumatori diventano pi\u00f9 consapevoli dell&#039;ambiente, una crescente domanda di pratiche commerciali sostenibili crea opportunit\u00e0 per le aziende che si concentrano su soluzioni verdi.<\/li>\n\n\n\n<li><strong>Cambiamenti nel comportamento dei consumatori<\/strong>: Le preferenze mutevoli creano opportunit\u00e0 per soluzioni specifiche per il mercato. Personalizzazione, consumo digitale e consapevolezza della salute guidano la domanda di prodotti e servizi su misura.<\/li>\n\n\n\n<li><strong>Crescita economica<\/strong>: Le economie in espansione offrono terreno fertile per i nuovi entranti. I mercati emergenti, in particolare in Asia e Africa, stanno vivendo una crescita significativa, offrendo opportunit\u00e0 alle aziende che cercano di espandere la propria presenza.<\/li>\n\n\n\n<li><strong>Espansione dell&#039;e-commerce<\/strong>: La crescita dell&#039;e-commerce facilita le transazioni B2B. La crescente popolarit\u00e0 delle piattaforme online consente alle aziende di raggiungere nuovi clienti e semplificare i propri canali di distribuzione senza infrastrutture fisiche significative.<\/li>\n\n\n\n<li><strong>Alleanze strategiche<\/strong>: La collaborazione tra attori locali e internazionali migliora l&#039;accessibilit\u00e0 al mercato. Le partnership con le aziende locali possono aiutare le aziende a superare gli ostacoli normativi, comprendere le differenze culturali e ottenere credibilit\u00e0 sul mercato.<\/li>\n<\/ol>\n\n\n\n<p><\/p>\n\n\n<div class=\"wp-block-image\">\n<figure class=\"aligncenter size-full\"><img decoding=\"async\" src=\"https:\/\/www.sisinternational.com\/wp-content\/uploads\/2015\/07\/China-Market-Entry-Research-and-Strategy.jpg\" alt=\"Ricerca e strategia di ingresso nel mercato cinese - Strategie di ingresso nel mercato B2B\" class=\"wp-image-29098\"\/><\/figure>\n<\/div>\n\n\n<p><\/p>\n\n\n\n<h2 class=\"wp-block-heading\">Restrizioni del mercato<\/h2>\n\n\n\n<p>Tuttavia, entrare in un nuovo mercato non \u00e8 privo di sfide. Ecco sette limitazioni di mercato di cui essere consapevoli:<\/p>\n\n\n\n<ol class=\"wp-block-list\">\n<li><strong>Requisiti normativi complessi<\/strong>: Diverse regulatory standards complicate B2B <a href=\"https:\/\/www.sisinternational.com\/it\/diventando-un-campione-nascosto-nel-marketing-di-nicchia\/\" title=\"Strategia di marketing dei campioni nascosti e marketing di nicchia\" data-wpil-monitor-id=\"7584\">strategie di ingresso nel mercato<\/a>. Navigating compliance requirements can be challenging, especially in industries with strict regulations like healthcare and finance.<\/li>\n\n\n\n<li><strong>Alta concorrenza<\/strong>: La forte concorrenza pu\u00f2 rendere difficile per i nuovi arrivati conquistare quote di mercato. I player affermati hanno spesso fedelt\u00e0 al marchio, economie di scala e forti reti di distribuzione con cui pu\u00f2 essere difficile competere.<\/li>\n\n\n\n<li><strong>Differenze culturali<\/strong>: La mancanza di intuito culturale pu\u00f2 portare a messaggi inefficaci. Comprendere le usanze locali, le sfumature linguistiche e il comportamento dei consumatori \u00e8 fondamentale per un ingresso efficace nel mercato, e non farlo pu\u00f2 causare incomprensioni e danni al marchio.<\/li>\n\n\n\n<li><strong>Instabilit\u00e0 economica<\/strong>: Le economie fluttuanti possono avere un impatto sulle decisioni di ingresso nel mercato. Le crisi economiche, la volatilit\u00e0 delle valute e l&#039;instabilit\u00e0 politica possono rappresentare rischi significativi per i nuovi entranti nel mercato.<\/li>\n\n\n\n<li><strong>Costi di ingresso elevati<\/strong>: L&#039;impostazione delle operazioni pu\u00f2 richiedere un investimento finanziario significativo. I costi di infrastruttura, assunzione, marketing e conformit\u00e0 possono essere proibitivi per alcune aziende, in particolare le PMI.<\/li>\n\n\n\n<li><strong>Sfide logistiche<\/strong>: Una logistica inefficiente pu\u00f2 ostacolare la gestione della supply chain. Infrastrutture scadenti, procedure doganali complesse e trasporti inaffidabili possono compromettere la consegna puntuale di prodotti e servizi.<\/li>\n\n\n\n<li><strong>Conoscenza limitata del mercato<\/strong>: Una comprensione inadeguata delle condizioni del mercato locale pu\u00f2 portare a passi falsi. Senza un&#039;accurata ricerca di mercato, le aziende potrebbero valutare male la domanda, i prezzi o le dinamiche competitive, con conseguenti fallimenti nei tentativi di ingresso nel mercato.<\/li>\n<\/ol>\n\n\n\n<h2 class=\"wp-block-heading\">Perch\u00e9 SIS International \u00e8 la scelta pi\u00f9 conveniente per le strategie di ingresso nel mercato B2B<\/h2>\n\n\n\n<p>SIS International is committed to offering high-quality and affordable <a href=\"https:\/\/www.sisinternational.com\/it\/sis-global-coverage\/\" title=\"sis global coverage\" data-wpil-monitor-id=\"6589\">ingresso sul mercato<\/a> solutions for businesses looking to expand globally. Our expertise, cost-effective approach, and personalized services make us the ideal partner for successful market entry.&nbsp;<\/p>\n\n\n<p>\n\n\n<\/p>\n<h4 class=\"wp-block-heading\" style=\"padding-left: 40px;\"><strong>Ampia competenza di mercato<\/strong><\/h4>\n<p style=\"padding-left: 40px;\">\n\n\n\n<\/p>\n<p style=\"padding-left: 40px;\">SIS offre una combinazione unica di convenienza e competenza, rendendoci il partner ideale per le strategie di ingresso nel mercato B2B. Il nostro team vanta anni di esperienza in diversi mercati, assicurando che la tua strategia di ingresso sia fondata su intuizioni pratiche e su misura per soddisfare requisiti locali specifici.<\/p>\n<p style=\"padding-left: 40px;\">\n\n\n\n<\/p>\n<h4 class=\"wp-block-heading\" style=\"padding-left: 40px;\"><strong>Soluzioni convenienti<\/strong><\/h4>\n<p style=\"padding-left: 40px;\">\n\n\n\n<\/p>\n<p style=\"padding-left: 40px;\">Siamo orgogliosi di essere una scelta accessibile per le aziende che vogliono espandersi a livello internazionale. Sfruttando la nostra competenza, aiutiamo le aziende a ridurre al minimo i costi di ingresso e a semplificare il processo. <a href=\"https:\/\/www.linkedin.com\/pulse\/how-market-research-enables-growth-ruth-stanat-phekf\/\" target=\"_blank\" rel=\"noopener\">ricerca di mercato<\/a> e i servizi di consulenza sono progettati per identificare opportunit\u00e0, mitigare i rischi e massimizzare il successo, controllando al contempo le spese.<\/p>\n<p style=\"padding-left: 40px;\">\n\n\n\n<\/p>\n<h4 class=\"wp-block-heading\" style=\"padding-left: 40px;\"><strong>Supporto personalizzato per il tuo ingresso nel mercato<\/strong><\/h4>\n<p style=\"padding-left: 40px;\">\n\n\n\n<\/p>\n<p style=\"padding-left: 40px;\"><a href=\"https:\/\/www.linkedin.com\/company\/sisinternationalresearch\/\" target=\"_blank\" rel=\"noopener\">SIS Internazionale<\/a> guida il tuo viaggio verso nuovi mercati con sicurezza e precisione. Il nostro approccio personalizzato assicura che ogni aspetto della tua strategia di ingresso nel mercato sia personalizzato in base alle tue esigenze aziendali, offrendoti le migliori possibilit\u00e0 di successo.<\/p>\n<p style=\"padding-left: 40px;\">\n\n\n\n<\/p>\n<h4 class=\"wp-block-heading\" style=\"padding-left: 40px;\"><strong>Ricerca di mercato completa<\/strong><\/h4>\n<p style=\"padding-left: 40px;\">\n\n\n\n<\/p>\n<p style=\"padding-left: 40px;\">I nostri servizi di ricerche di mercato sono progettati per fornire approfondimenti approfonditi sul tuo mercato target. Utilizziamo analisi dei dati avanzate e metodi di ricerca approfonditi per comprendere il comportamento dei consumatori, la concorrenza e gli scenari normativi.\u00a0<\/p>\n<p style=\"padding-left: 40px;\">\n\n\n\n<\/p>\n<h4 class=\"wp-block-heading\" style=\"padding-left: 40px;\"><strong>Servizi di consulenza specialistica<\/strong><\/h4>\n<p style=\"padding-left: 40px;\">\n\n\n\n<\/p>\n<p style=\"padding-left: 40px;\">Il nostro team di consulenza lavora a stretto contatto con voi per elaborare strategie in linea con i vostri obiettivi aziendali. Forniamo consulenza esperta sulla selezione delle giuste modalit\u00e0 di ingresso nel mercato, che si tratti di partnership, acquisizioni o creazione di nuove operazioni.\u00a0<\/p>\n<p style=\"padding-left: 40px;\">\n\n\n\n<\/p>\n<h4 class=\"wp-block-heading\" style=\"padding-left: 40px;\"><strong>Supporto e adattamento continui<\/strong><\/h4>\n<p style=\"padding-left: 40px;\">\n\n\n\n<\/p>\n<p style=\"padding-left: 40px;\"><a href=\"https:\/\/twitter.com\/SISIntlResearch\" target=\"_blank\" rel=\"noopener\">SIS<\/a> fornisce supporto continuo anche dopo l&#039;ingresso iniziale nel mercato, aiutandoti ad adattare le strategie in base alle necessit\u00e0. Il nostro monitoraggio continuo delle tendenze di mercato e del feedback dei clienti assicura che la tua attivit\u00e0 rimanga competitiva e agile nel nuovo mercato.<\/p>\n<p style=\"padding-left: 40px;\">\n\n\n\n<\/p>\n<h4 class=\"wp-block-heading\" style=\"padding-left: 40px;\"><strong>Eccellenza accessibile<\/strong><\/h4>\n<p style=\"padding-left: 40px;\">\n\n\n\n<\/p>\n<p style=\"padding-left: 40px;\">In SIS International, il costo non dovrebbe essere un ostacolo al successo. I nostri servizi sono progettati per essere accessibili senza compromettere la qualit\u00e0. Forniamo modelli di prezzo trasparenti e lavoriamo con voi per trovare soluzioni che si adattino al vostro budget, offrendo al contempo il massimo valore.<\/p>\n<p style=\"padding-left: 40px;\">\n\n\n<h2>La nostra sede a New York<\/h2>\n<p><!-- \/wp:post-content --> <!-- wp:html --> <iframe loading=\"lazy\" src=\"https:\/\/www.google.com\/maps\/embed?pb=!1m18!1m12!1m3!1d3022.976188376966!2d-73.99130312499956!3d40.740549471389315!2m3!1f0!2f0!3f0!3m2!1i1024!2i768!4f13.1!3m3!1m2!1s0x89c259a15798c731%3A0xd695d09bdd495f25!2s11%20E%2022nd%20St%20FL%202%2C%20New%20York%2C%20NY%2010010%2C%20USA!5e0!3m2!1sen!2spe!4v1726171763526!5m2!1sen!2spe\" width=\"600\" height=\"450\" allowfullscreen=\"allowfullscreen\" data-mce-fragment=\"1\"><\/iframe> <!-- \/wp:html --> <!-- wp:paragraph --><\/p>\n<h3 class=\"wp-block-heading\">11 E 22nd Street, Piano 2, New York, NY 10010 T: +1(212) 505-6805<\/h3>\n<hr \/>\n<h2><span style=\"font-weight: 400;\">A proposito di SIS Internazionale<\/span><\/h2>\n<p><a href=\"https:\/\/www.sisinternational.com\/it\/\"><span style=\"font-weight: 400;\">SIS Internazionale<\/span><\/a><span style=\"font-weight: 400;\"> offre ricerca quantitativa, qualitativa e strategica. Forniamo dati, strumenti, strategie, report e approfondimenti per il processo decisionale. Conduciamo anche interviste, sondaggi, focus group e altri metodi e approcci di ricerca di mercato.<\/span><a href=\"https:\/\/www.sisinternational.com\/it\/sulla-sua-ricerca-internazionale\/contact-sis-international-market-research\/\"><span style=\"font-weight: 400;\"> Contattaci<\/span><\/a><span style=\"font-weight: 400;\"> per il tuo prossimo progetto di ricerca di mercato.<\/span><\/p>\n<p><!-- wp:heading --><\/p>\n<h2 class=\"wp-block-heading\"><\/h2>\n<p><!-- \/wp:heading --><\/p>\n<p><!-- wp:paragraph --><\/p>\n<p><!-- \/wp:paragraph --><\/p>\n<p><!-- wp:separator --><\/p>\n<hr class=\"wp-block-separator has-alpha-channel-opacity\"\/>\n<!-- \/wp:separator --><\/p>","protected":false},"excerpt":{"rendered":"<p>B2B Market Entry Strategies Breaking into a new market demands strategy and precision. B2B Market Entry Strategies provide a roadmap to help businesses succeed in unfamiliar territories. Successful market entry is a calculated move. With the right B2B Market Entry Strategies, your business can minimize risks and maximize growth. What Is B2B Market Entry Strategy? &#8230; <a title=\"Strategie di ingresso nel mercato B2B\" class=\"read-more\" href=\"https:\/\/www.sisinternational.com\/it\/soluzioni\/ricerche-di-mercato-b2b\/strategie-di-ingresso-nel-mercato-b2b\/\" aria-label=\"Per saperne di pi\u00f9 su B2B Market Entry Strategies\">Leggi tutto<\/a><\/p>","protected":false},"author":1,"featured_media":62377,"parent":11292,"menu_order":11,"comment_status":"closed","ping_status":"closed","template":"","meta":{"footnotes":""},"class_list":["post-53934","page","type-page","status-publish","has-post-thumbnail"],"_links":{"self":[{"href":"https:\/\/www.sisinternational.com\/it\/wp-json\/wp\/v2\/pages\/53934","targetHints":{"allow":["GET"]}}],"collection":[{"href":"https:\/\/www.sisinternational.com\/it\/wp-json\/wp\/v2\/pages"}],"about":[{"href":"https:\/\/www.sisinternational.com\/it\/wp-json\/wp\/v2\/types\/page"}],"author":[{"embeddable":true,"href":"https:\/\/www.sisinternational.com\/it\/wp-json\/wp\/v2\/users\/1"}],"replies":[{"embeddable":true,"href":"https:\/\/www.sisinternational.com\/it\/wp-json\/wp\/v2\/comments?post=53934"}],"version-history":[{"count":16,"href":"https:\/\/www.sisinternational.com\/it\/wp-json\/wp\/v2\/pages\/53934\/revisions"}],"predecessor-version":[{"id":81207,"href":"https:\/\/www.sisinternational.com\/it\/wp-json\/wp\/v2\/pages\/53934\/revisions\/81207"}],"up":[{"embeddable":true,"href":"https:\/\/www.sisinternational.com\/it\/wp-json\/wp\/v2\/pages\/11292"}],"wp:featuredmedia":[{"embeddable":true,"href":"https:\/\/www.sisinternational.com\/it\/wp-json\/wp\/v2\/media\/62377"}],"wp:attachment":[{"href":"https:\/\/www.sisinternational.com\/it\/wp-json\/wp\/v2\/media?parent=53934"}],"curies":[{"name":"wp","href":"https:\/\/api.w.org\/{rel}","templated":true}]}}