{"id":53931,"date":"2024-11-05T05:43:41","date_gmt":"2024-11-05T10:43:41","guid":{"rendered":"https:\/\/www.sisinternational.com\/?page_id=53931"},"modified":"2026-03-05T23:20:17","modified_gmt":"2026-03-06T04:20:17","slug":"ricerche-di-mercato-sulla-generazione-di-lead-b2b","status":"publish","type":"page","link":"https:\/\/www.sisinternational.com\/it\/soluzioni\/ricerche-di-mercato-b2b\/ricerche-di-mercato-sulla-generazione-di-lead-b2b\/","title":{"rendered":"Ricerca di mercato sulla generazione di lead B2B"},"content":{"rendered":"<h1 class=\"gb-headline gb-headline-6e378fd1 gb-headline-text\">Ricerca di mercato sulla generazione di lead B2B<\/h1>\n\n\n\n<figure class=\"gb-block-image gb-block-image-fe9a1c98\"><img loading=\"lazy\" decoding=\"async\" width=\"1456\" height=\"816\" class=\"gb-image gb-image-fe9a1c98\" src=\"https:\/\/www.sisinternational.com\/wp-content\/uploads\/2025\/08\/CEO-CIO-manager-6.jpg\" alt=\"Ricerca e strategia di mercato internazionale SIS\" title=\"CEO CIO manager (6)\" srcset=\"https:\/\/www.sisinternational.com\/wp-content\/uploads\/2025\/08\/CEO-CIO-manager-6.jpg 1456w, https:\/\/www.sisinternational.com\/wp-content\/uploads\/2025\/08\/CEO-CIO-manager-6-300x168.jpg 300w, https:\/\/www.sisinternational.com\/wp-content\/uploads\/2025\/08\/CEO-CIO-manager-6-1024x574.jpg 1024w, https:\/\/www.sisinternational.com\/wp-content\/uploads\/2025\/08\/CEO-CIO-manager-6-768x430.jpg 768w, https:\/\/www.sisinternational.com\/wp-content\/uploads\/2025\/08\/CEO-CIO-manager-6-18x10.jpg 18w\" sizes=\"auto, (max-width: 1456px) 100vw, 1456px\"><\/figure>\n\n\n\n<p><\/p>\n\n\n\n<hr class=\"wp-block-separator has-alpha-channel-opacity\"\/>\n\n\n\n<h3 class=\"wp-block-heading\">La ricerca di mercato sulla generazione di lead B2B fornisce dati essenziali che guidano le aziende nel targeting efficace dei potenziali clienti<\/h3>\n\n\n\n<p>In che modo le aziende leader catturano l&#039;attenzione di altre aziende nel panorama competitivo odierno? La ricerca di mercato sulla generazione di lead B2B risponde a questa domanda, fornendo spunti per la creazione di strategie di lead efficaci.<\/p>\n\n\n\n<h2 class=\"wp-block-heading\">Che cosa sono le ricerche di mercato sulla generazione di lead B2B?<\/h2>\n\n\n\n<p>B2B lead generation market research gathers industry trends, customer demographics, and competitor activities to create effective strategies for capturing high-quality leads. <\/p>\n\n\n\n<h2 class=\"wp-block-heading\">Perch\u00e9 le aziende hanno bisogno di ricerche di mercato sulla generazione di lead B2B?<\/h2>\n\n\n\n<p>Generazione di lead B2B <a href=\"https:\/\/www.linkedin.com\/pulse\/how-market-research-enables-growth-ruth-stanat-phekf\/\" target=\"_blank\" rel=\"noopener\">ricerca di mercato<\/a> va oltre la raccolta di informazioni di contatto; fornisce alle aziende informazioni sulle tendenze del settore, sul comportamento degli acquirenti e sulle strategie dei concorrenti, fornendo le basi per strategie di generazione di lead pi\u00f9 efficaci. Ecco perch\u00e9 questa ricerca \u00e8 indispensabile:<\/p>\n\n\n\n<p><\/p>\n\n\n\n<figure class=\"gb-block-image gb-block-image-dacd5a26\"><img loading=\"lazy\" decoding=\"async\" width=\"674\" height=\"757\" class=\"gb-image gb-image-dacd5a26\" src=\"https:\/\/www.sisinternational.com\/wp-content\/uploads\/2024\/11\/B2B.png\" alt=\"Ricerca e strategia di mercato internazionale SIS\" title=\"B2B\" srcset=\"https:\/\/www.sisinternational.com\/wp-content\/uploads\/2024\/11\/B2B.png 674w, https:\/\/www.sisinternational.com\/wp-content\/uploads\/2024\/11\/B2B-267x300.png 267w, https:\/\/www.sisinternational.com\/wp-content\/uploads\/2024\/11\/B2B-11x12.png 11w\" sizes=\"auto, (max-width: 674px) 100vw, 674px\"><\/figure>\n\n\n\n<ol class=\"wp-block-list\">\n<li><strong>Gestire i percorsi complessi degli acquirenti:<br><br><\/strong>Unlike in B2C, where buyers often make decisions independently, B2B transactions involve multiple stakeholders, each with unique priorities and decision-making powers. Identifying who holds the final say and understanding their specific pain points can be challenging without thorough research. <a href=\"https:\/\/www.sisinternational.com\/it\/soluzioni\/ricerche-di-mercato-b2b\/best-practices-for-b2b-market-research\/\" title=\"Best Practices for B2B Market Research\" data-wpil-monitor-id=\"1794\">B2B lead generation market research<\/a> helps businesses map out these buyer journeys, ensuring that outreach efforts are aligned with each stakeholder&#8217;s needs and decision-making processes.<br><br><\/li>\n\n\n\n<li><strong>Comprendere l&#039;intento e il comportamento dell&#039;acquirente:<br><br><\/strong>In the B2B arena, buyers are typically more methodical, conducting extensive research before engaging with potential vendors. Businesses need to understand what motivates these buyers, the problems they\u2019re looking to solve, and the solutions they prioritize. Through B2B lead <a href=\"https:\/\/www.sisinternational.com\/it\/soluzioni\/ai-ricerche-di-mercato-e-consulenza-strategica\/ricerche-di-mercato-sullintelligenza-artificiale-generativa\/\" title=\"Ricerche di mercato sull\u2019intelligenza artificiale generativa\" data-wpil-monitor-id=\"2022\">generation market research<\/a>, companies gain insights into buyer intent and behavior, enabling them to craft messaging that resonates with prospective clients at every stage of their journey\u2014from awareness to decision-making.<br><br><\/li>\n\n\n\n<li><strong>Migliorare i tassi di conversione attraverso la personalizzazione:<br><br><\/strong>The B2B space is highly competitive, with multiple players vying for the same client base. For businesses to stand out, they must offer personalized experiences that address the specific needs of potential clients. <a href=\"https:\/\/www.sisinternational.com\/it\/complessita-del-marketing-b2b\/\" title=\"Cos\u2019\u00e8 il marketing B2B?\" data-wpil-monitor-id=\"2211\">B2B lead generation market<\/a> research provides the data necessary to understand individual preferences, industry-specific challenges, and potential pain points, allowing companies to tailor their approach.<br><br><\/li>\n\n\n\n<li><strong>Abbreviare il ciclo di vendita:<br><br><\/strong>B2B sales cycles are often lengthy due to the complexity of the buying process and the need for stakeholder alignment. <a href=\"https:\/\/www.sisinternational.com\/it\/segmentazione-business-to-business\/\" title=\"Segmentazione del mercato business-to-business\" data-wpil-monitor-id=\"2579\">B2B lead generation market<\/a> research provides insights that help businesses streamline their approach, presenting solutions that address clients\u2019 needs and proactively addressing objections.<br><br><\/li>\n\n\n\n<li><strong>Rimanere un passo avanti rispetto ai concorrenti:<br><br><\/strong>In the B2B market, monitoring competitor strategies is essential for maintaining a competitive edge. <a href=\"https:\/\/www.sisinternational.com\/it\/marketing-b2b-in-cina\/\" title=\"Marketing B2B in Cina\" data-wpil-monitor-id=\"2614\">B2B lead generation market<\/a> research includes competitive analysis, allowing businesses to identify what their competitors offer, how they position themselves, and which areas they may neglect. With this information, companies can identify gaps in the market, develop unique selling propositions, and anticipate market shifts before they occur.<br><br><\/li>\n\n\n\n<li><strong>Anticipare i cambiamenti e le tendenze del settore:<\/strong><strong><br><\/strong><strong><br><\/strong>The B2B landscape continually evolves, changing technology, regulations, and customer expectations. Businesses that stay informed on industry trends are better positioned to adjust their strategies and maintain relevance. <a href=\"https:\/\/www.sisinternational.com\/it\/azienda-leader-nella-generazione-della-domanda-b2b\/\" title=\"Principale azienda di generazione della domanda B2B\" data-wpil-monitor-id=\"1402\">B2B lead generation market research helps companies<\/a> keep a pulse on these trends, enabling them to adapt and proactively address new challenges or capitalize on emerging opportunities.<\/li>\n<\/ol>\n\n\n\n<h2 class=\"wp-block-heading\">La nostra attuale revisione del mercato e raccomandazioni<\/h2>\n\n\n\n<p>Riconosciamo che il panorama della generazione di lead B2B sta cambiando, con canali digitali e analisi dei dati che stanno diventando centrali per strategie di generazione di lead di successo. Mentre le aziende si concentrano sul raggiungere direttamente i decisori, gli insight basati sui dati sono diventati cruciali per personalizzare e indirizzare efficacemente gli sforzi di sensibilizzazione.<\/p>\n\n\n\n<p>Based on our analysis, we recommend that businesses focus on leveraging AI and machine learning to enhance their lead-generation campaigns. By automating tasks like lead scoring and segmenting audiences, companies can allocate resources more efficiently and engage with higher-quality prospects. Additionally, incorporating omnichannel strategies\u2014such as LinkedIn outreach, email marketing, and webinars\u2014can expand reach and create a cohesive, impactful presence.<\/p>\n\n\n\n<p>Our approach to <a href=\"https:\/\/www.sisinternational.com\/it\/sfruttare-le-percezioni-nei-mercati-b2b\/\" title=\"Ricerca di mercato delle parti interessate B2B\" data-wpil-monitor-id=\"2717\">B2B lead generation market research<\/a> equips businesses with these insights, enabling them to remain agile and responsive in a competitive environment. <\/p>\n\n\n\n<figure class=\"gb-block-image gb-block-image-cc4fbe4c\"><img loading=\"lazy\" decoding=\"async\" width=\"1456\" height=\"816\" class=\"gb-image gb-image-cc4fbe4c\" src=\"https:\/\/www.sisinternational.com\/wp-content\/uploads\/2025\/08\/Retail-26.jpg\" alt=\"Ricerca e strategia di mercato internazionale SIS\" title=\"Retail (26)\" srcset=\"https:\/\/www.sisinternational.com\/wp-content\/uploads\/2025\/08\/Retail-26.jpg 1456w, https:\/\/www.sisinternational.com\/wp-content\/uploads\/2025\/08\/Retail-26-300x168.jpg 300w, https:\/\/www.sisinternational.com\/wp-content\/uploads\/2025\/08\/Retail-26-1024x574.jpg 1024w, https:\/\/www.sisinternational.com\/wp-content\/uploads\/2025\/08\/Retail-26-768x430.jpg 768w, https:\/\/www.sisinternational.com\/wp-content\/uploads\/2025\/08\/Retail-26-18x10.jpg 18w\" sizes=\"auto, (max-width: 1456px) 100vw, 1456px\"><\/figure>\n\n\n\n<p><\/p>\n\n\n\n<h2 class=\"wp-block-heading\">Driver di mercato<\/h2>\n\n\n\n<p>Several factors fuel the ongoing development and success of B2B lead <a href=\"https:\/\/www.sisinternational.com\/it\/competenza\/industrie\/ricerche-di-mercato-sulla-produzione-di-energia\/\" title=\"Ricerche di mercato sulla produzione di energia\" data-wpil-monitor-id=\"3043\">generation market research<\/a>, helping businesses stay competitive and responsive to market demands. Here are seven crucial market drivers:<\/p>\n\n\n\n<ol class=\"wp-block-list\">\n<li><strong>Innovazione tecnologica:<\/strong> I progressi dell&#039;intelligenza artificiale e dell&#039;apprendimento automatico migliorano il lead scoring e la segmentazione dei clienti.<\/li>\n\n\n\n<li><strong>Processo decisionale basato sui dati:<\/strong> Grazie all&#039;accesso a approfondite analisi dei dati, le aziende possono personalizzare gli sforzi di generazione di lead in base a informazioni specifiche.<\/li>\n\n\n\n<li><strong>Richiesta di personalizzazione:<\/strong> I contenuti personalizzati favoriscono relazioni pi\u00f9 solide con i clienti, aumentando le probabilit\u00e0 di conversione.<\/li>\n\n\n\n<li><strong>Ascesa dei canali digitali:<\/strong> Piattaforme digitali come LinkedIn e la posta elettronica consentono un contatto pi\u00f9 mirato.<\/li>\n\n\n\n<li><strong>Maggiore attenzione al ROI:<\/strong> Le aziende danno priorit\u00e0 alle strategie con rendimenti misurabili, enfatizzando l&#039;efficienza nella generazione di lead.<\/li>\n\n\n\n<li><strong>Modifica delle preferenze dell&#039;acquirente:<\/strong> Oggi gli acquirenti cercano autenticit\u00e0 e trasparenza, fattori che influenzano il modo in cui le aziende affrontano la generazione di lead.<\/li>\n\n\n\n<li><strong>Espansione del mercato globale:<\/strong> Con la globalizzazione dei mercati, la ricerca sulla generazione di lead si adatta per identificare potenziali clienti in nuove regioni e settori.<\/li>\n<\/ol>\n\n\n\n<h2 class=\"wp-block-heading\">Restrizioni del mercato<\/h2>\n\n\n\n<figure class=\"gb-block-image gb-block-image-cf533bbe\"><img loading=\"lazy\" decoding=\"async\" width=\"1456\" height=\"816\" class=\"gb-image gb-image-cf533bbe\" src=\"https:\/\/www.sisinternational.com\/wp-content\/uploads\/2025\/09\/Quantitative-research-13.jpg\" alt=\"Ricerca e strategia di mercato internazionale SIS\" title=\"Quantitative research (13)\" srcset=\"https:\/\/www.sisinternational.com\/wp-content\/uploads\/2025\/09\/Quantitative-research-13.jpg 1456w, https:\/\/www.sisinternational.com\/wp-content\/uploads\/2025\/09\/Quantitative-research-13-300x168.jpg 300w, https:\/\/www.sisinternational.com\/wp-content\/uploads\/2025\/09\/Quantitative-research-13-1024x574.jpg 1024w, https:\/\/www.sisinternational.com\/wp-content\/uploads\/2025\/09\/Quantitative-research-13-768x430.jpg 768w, https:\/\/www.sisinternational.com\/wp-content\/uploads\/2025\/09\/Quantitative-research-13-18x10.jpg 18w\" sizes=\"auto, (max-width: 1456px) 100vw, 1456px\"><\/figure>\n\n\n\n<p><\/p>\n\n\n\n<p>Despite the opportunities, businesses often face significant challenges in executing effective <a href=\"https:\/\/www.sisinternational.com\/it\/monitoraggio-del-posizionamento-del-marchio-b2b\/\" title=\"B2B Market Positioning &#038; Branding Research\" data-wpil-monitor-id=\"4332\">B2B lead generation market research<\/a>. Here are seven market restraints that can hinder success:<\/p>\n\n\n\n<ol class=\"wp-block-list\">\n<li><strong>Conformit\u00e0 normativa:<\/strong> Il rispetto delle leggi sulla privacy dei dati pu\u00f2 limitare l&#039;accesso a potenziali clienti.<\/li>\n\n\n\n<li><strong>Qualit\u00e0 e accessibilit\u00e0 dei dati:<\/strong> Dati imprecisi o incompleti riducono l&#039;efficacia della generazione di lead.<\/li>\n\n\n\n<li><strong>Alta concorrenza:<\/strong> I mercati saturi rendono difficile per le aziende distinguersi e catturare l&#039;attenzione.<\/li>\n\n\n\n<li><strong>Cicli di vendita lunghi:<\/strong> I processi di acquisto estesi complicano gli sforzi di lead nurturing.<\/li>\n\n\n\n<li><strong>Limitazioni nelle risorse:<\/strong> Small businesses may struggle with the costs associated with extensive <a href=\"https:\/\/www.sisinternational.com\/it\/competenza\/industrie\/ricerche-di-mercato-per-le-piccole-e-medie-imprese\/\" title=\"Ricerche di mercato per le piccole e medie imprese\" data-wpil-monitor-id=\"3147\">ricerca di mercato<\/a>.<\/li>\n\n\n\n<li><strong>Shifting <\/strong><a href=\"https:\/\/www.sisinternational.com\/it\/competenza\/industrie\/ricerca-di-mercato-sullintenzione-dellacquirente\/\" title=\"Ricerche di mercato sulle intenzioni dell&#039;acquirente\" data-wpil-monitor-id=\"7162\">Market Trends: Rapid changes in buyer<\/a> behavior demand constant strategy updates.<\/li>\n\n\n\n<li><strong>Barriere tecnologiche:<\/strong> Non tutte le aziende dispongono degli strumenti per sfruttare l&#039;analisi dei dati e l&#039;automazione per la generazione di lead.<\/li>\n<\/ol>\n\n\n\n<h3 class=\"wp-block-heading\"><strong>Perch\u00e9 SIS International \u00e8 una delle principali societ\u00e0 di ricerche di mercato per la generazione di lead B2B?<\/strong><\/h3>\n\n\n\n<p>SIS International \u00e8 un leader affidabile nella ricerca di mercato, rinomato per la sua competenza nelle strategie di generazione di lead B2B che consentono alle aziende di prosperare in ambienti competitivi. Con una profonda comprensione delle dinamiche di mercato e una dedizione nel fornire approfondimenti fruibili, SIS aiuta le aziende a sviluppare solidi piani di generazione di lead che mirano al pubblico giusto e guidano connessioni significative.<\/p>\n\n\n\n<p>Here\u2019s why SIS International stands out as a top <a href=\"https:\/\/www.sisinternational.com\/it\/soluzioni\/soluzioni-di-ricerca-quantitativa-qualitativa\/discrete-choice-in-market-research\/\" title=\"Discrete Choice in Market Research\" data-wpil-monitor-id=\"914\">choice for B2B lead generation market research<\/a>:<\/p>\n\n\n<p>\n\n\n<\/p>\n<p style=\"padding-left: 40px;\"><strong>Adattiamo la nostra ricerca:<br \/><br \/><\/strong><a href=\"https:\/\/www.linkedin.com\/company\/sisinternationalresearch\/\" target=\"_blank\" rel=\"noopener\">SIS Internazionale<\/a> personalizza le sue strategie di ricerca per allinearle alle esigenze specifiche di ogni cliente, assicurando che i risultati siano pertinenti e direttamente applicabili. Concentrandosi su approfondimenti specifici del settore, SIS consente alle aziende di comprendere meglio e coinvolgere il loro mercato di riferimento, migliorando la qualit\u00e0 dei lead e i tassi di conversione.<\/p>\n<p>\n\n\n\n<\/p>\n<p style=\"padding-left: 40px;\"><strong>Il nostro approccio basato sui dati:<\/strong><strong><br \/><\/strong><strong><br \/><\/strong>Il nostro team sfrutta strumenti avanzati di analisi dei dati e apprendimento automatico per fornire informazioni precise e fruibili che migliorano la generazione di lead B2B. Raccogliamo ampi punti dati per comprendere i comportamenti e le tendenze dei clienti, consentendo ai nostri clienti di basare le proprie strategie su prove concrete anzich\u00e9 su ipotesi.<\/p>\n<p style=\"padding-left: 40px;\">\n\n\n\n<\/p>\n<p style=\"padding-left: 40px;\"><strong>La portata globale di SIS International:<\/strong><strong><br \/><\/strong><strong><br \/><\/strong>Con una forte presenza in pi\u00f9 regioni, <a href=\"https:\/\/medium.com\/@sisinternational\/sis-international-c17160da8fac\" target=\"_blank\" rel=\"noopener\">SIS<\/a> offers clients a global perspective. This international reach is invaluable for businesses seeking to expand their lead <a href=\"https:\/\/www.sisinternational.com\/it\/pubblicazioni\/ricerche-di-mercato-sulla-generazione-alfa\/\" title=\"Ricerche di mercato sulla Generazione Alpha\" data-wpil-monitor-id=\"6662\">generation efforts into new and emerging markets<\/a>, giving them a competitive edge with localized insights.<\/p>\n<p style=\"padding-left: 40px;\">\n\n\n\n<\/p>\n<p style=\"padding-left: 40px;\"><strong>Diamo priorit\u00e0 alla collaborazione con il cliente:<\/strong><strong><br \/><\/strong><strong><br \/><\/strong>SIS crede in un approccio collaborativo. Lavoriamo a stretto contatto con i clienti per comprendere i loro obiettivi e scopi unici. Ci\u00f2 ci consente di allineare la nostra ricerca alle esigenze del cliente, fornendo immediatamente approfondimenti utilizzabili e pertinenti per la pianificazione strategica.<\/p>\n<p style=\"padding-left: 40px;\">\n\n\n\n<\/p>\n<p style=\"padding-left: 40px;\"><strong>Il nostro team fornisce analisi esperte:<\/strong><strong><br \/><\/strong><strong><br \/><\/strong>I nostri analisti sono altamente qualificati nell&#039;identificare le tendenze chiave, le opportunit\u00e0 emergenti e le potenziali sfide nel panorama B2B. Questa competenza consente a SIS di fornire analisi sfumate e approfondite, consentendo ai clienti di perfezionare efficacemente i loro approcci di lead generation.<\/p>\n<p style=\"padding-left: 40px;\">\n\n\n\n<\/p>\n<p style=\"padding-left: 40px;\"><strong>I valori SIS sono trasparenza e integrit\u00e0:<\/strong><strong><br \/><\/strong><strong><br \/><\/strong>La trasparenza \u00e8 al centro della metodologia di ricerca di SIS International. Forniamo dati e approfondimenti chiari e imparziali, dando ai clienti la certezza di basare le proprie decisioni su informazioni affidabili.<\/p>\n<p style=\"padding-left: 40px;\">\n\n\n\n<\/p>\n<p style=\"padding-left: 40px;\"><strong>Il nostro impegno per l&#039;innovazione:<\/strong><strong><br \/><\/strong><strong><br \/><\/strong>SIS International \u00e8 al passo con i cambiamenti del settore, integrando gli strumenti, i metodi e le tecnologie pi\u00f9 recenti nella nostra ricerca. Aggiornando costantemente le nostre pratiche, garantiamo che i nostri clienti traggano vantaggio dalle intuizioni pi\u00f9 all&#039;avanguardia disponibili.<\/p>\n<p style=\"padding-left: 40px;\">\n\n\n\n<\/p>\n<p style=\"padding-left: 40px;\"><strong>Offriamo un&#039;analisi approfondita della concorrenza:<\/strong><strong><br \/><\/strong><strong><br \/><\/strong>SIS International fornisce un&#039;analisi dettagliata della concorrenza, identificando i punti di forza e di debolezza dei principali concorrenti nello spazio B2B. Questa analisi consente ai clienti di comprendere meglio la propria posizione di mercato e di sviluppare strategie di lead generation che li differenzino dalla concorrenza.<\/p>\n<p style=\"padding-left: 40px;\">\n\n\n\n<\/p>\n<p style=\"padding-left: 40px;\"><strong>La nostra ricerca determina il ROI:<\/strong><strong><br \/><\/strong><strong><br \/><\/strong>Focused on providing research that generates a tangible return on investment, SIS International designs its <a href=\"https:\/\/www.sisinternational.com\/it\/libro-bianco-sullo-studio-del-problema-delle-comunicazioni-per-le-pmi-che-scopre-il-costo-nascosto-delle-barriere-e-della-latenza-delle-comunicazioni\/\" title=\"Libro bianco sullo studio sui problemi delle comunicazioni delle PMI\" data-wpil-monitor-id=\"4480\">B2B lead generation studies<\/a> to maximize client outcomes. By identifying high-potential leads and advising on targeted outreach strategies, we help clients allocate resources efficiently, driving measurable results.<\/p>\n<p style=\"padding-left: 40px;\">\n\n\n\n<\/p>\n<p style=\"padding-left: 40px;\"><strong>SIS si adatta ai settori dei clienti:<\/strong><strong><br \/><\/strong><strong><br \/><\/strong>Ogni settore ha caratteristiche e requisiti unici. L&#039;approccio di ricerca di SIS International si adatta a queste specificit\u00e0, che si tratti di tecnologia, sanit\u00e0, finanza o altri settori. Questa adattabilit\u00e0 garantisce che ogni cliente riceva approfondimenti che affrontano direttamente le sfide e le opportunit\u00e0 uniche del proprio settore.<\/p>\n<p style=\"padding-left: 40px;\">\n\n\n\n<\/p>\n<p style=\"padding-left: 40px;\"><strong>Il nostro approccio incentrato sul cliente crea un successo a lungo termine:<\/strong><strong><br \/><\/strong><strong><br \/><\/strong>SIS International non si concentra solo sulle esigenze immediate di lead generation, ma anche sul successo a lungo termine. Offriamo una guida strategica che aiuta i clienti a stabilire una solida base per una lead generation sostenibile, assicurando che continuino ad attrarre e coinvolgere lead di qualit\u00e0 anche in futuro.<\/p>\n<p style=\"padding-left: 40px;\">\n\n\n\n<\/p>\n<p style=\"padding-left: 40px;\"><strong>Nostro <a href=\"https:\/\/www.sisinternational.com\/it\/economia-della-condivisione-delle-ricerche-di-mercato\/\" title=\"Ricerche di mercato nell&#039;economia della condivisione\" data-wpil-monitor-id=\"1932\">Thought Leadership in Market<\/a> Research:As an industry thought leader, SIS International shares valuable insights and trends, helping clients stay informed and responsive to changes in the B2B market. Our forward-thinking approach keeps clients ahead of the curve, ready to capitalize on emerging opportunities in their sectors.<\/p>\n<p>\n\n\n<h2>La nostra sede a New York<\/h2>\n<p><!-- \/wp:post-content --> <!-- wp:html --> <iframe loading=\"lazy\" src=\"https:\/\/www.google.com\/maps\/embed?pb=!1m18!1m12!1m3!1d3022.976188376966!2d-73.99130312499956!3d40.740549471389315!2m3!1f0!2f0!3f0!3m2!1i1024!2i768!4f13.1!3m3!1m2!1s0x89c259a15798c731%3A0xd695d09bdd495f25!2s11%20E%2022nd%20St%20FL%202%2C%20New%20York%2C%20NY%2010010%2C%20USA!5e0!3m2!1sen!2spe!4v1726171763526!5m2!1sen!2spe\" width=\"600\" height=\"450\" allowfullscreen=\"allowfullscreen\" data-mce-fragment=\"1\"><\/iframe> <!-- \/wp:html --> <!-- wp:paragraph --><\/p>\n<h3 class=\"wp-block-heading\">11 E 22nd Street, Piano 2, New York, NY 10010 T: +1(212) 505-6805<\/h3>\n<hr \/>\n<h2><span style=\"font-weight: 400;\">A proposito di SIS Internazionale<\/span><\/h2>\n<p><a href=\"https:\/\/www.sisinternational.com\/it\/\"><span style=\"font-weight: 400;\">SIS Internazionale<\/span><\/a><span style=\"font-weight: 400;\"> offre ricerca quantitativa, qualitativa e strategica. Forniamo dati, strumenti, strategie, report e approfondimenti per il processo decisionale. Conduciamo anche interviste, sondaggi, focus group e altri metodi e approcci di ricerca di mercato.<\/span><a href=\"https:\/\/www.sisinternational.com\/it\/sulla-sua-ricerca-internazionale\/contact-sis-international-market-research\/\"><span style=\"font-weight: 400;\"> Contattaci<\/span><\/a><span style=\"font-weight: 400;\"> per il tuo prossimo progetto di ricerca di mercato.<\/span><\/p>\n<p><!-- wp:heading --><\/p>\n<h2 class=\"wp-block-heading\"><\/h2>\n<p><!-- \/wp:heading --><\/p>","protected":false},"excerpt":{"rendered":"<p>B2B Lead Generation Market Research B2B lead generation market research provides essential data that guides businesses in targeting prospects effectively How do leading businesses capture the attention of other businesses in today&#8217;s competitive landscape? B2B lead generation market research answers this question, providing insights for creating effective lead strategies. What Is B2B Lead Generation Market &#8230; <a title=\"Ricerca di mercato sulla generazione di lead B2B\" class=\"read-more\" href=\"https:\/\/www.sisinternational.com\/it\/soluzioni\/ricerche-di-mercato-b2b\/ricerche-di-mercato-sulla-generazione-di-lead-b2b\/\" aria-label=\"Per saperne di pi\u00f9 su B2B Lead Generation Market Research\">Leggi tutto<\/a><\/p>","protected":false},"author":1,"featured_media":64028,"parent":11292,"menu_order":10,"comment_status":"closed","ping_status":"closed","template":"","meta":{"footnotes":""},"class_list":["post-53931","page","type-page","status-publish","has-post-thumbnail"],"_links":{"self":[{"href":"https:\/\/www.sisinternational.com\/it\/wp-json\/wp\/v2\/pages\/53931","targetHints":{"allow":["GET"]}}],"collection":[{"href":"https:\/\/www.sisinternational.com\/it\/wp-json\/wp\/v2\/pages"}],"about":[{"href":"https:\/\/www.sisinternational.com\/it\/wp-json\/wp\/v2\/types\/page"}],"author":[{"embeddable":true,"href":"https:\/\/www.sisinternational.com\/it\/wp-json\/wp\/v2\/users\/1"}],"replies":[{"embeddable":true,"href":"https:\/\/www.sisinternational.com\/it\/wp-json\/wp\/v2\/comments?post=53931"}],"version-history":[{"count":25,"href":"https:\/\/www.sisinternational.com\/it\/wp-json\/wp\/v2\/pages\/53931\/revisions"}],"predecessor-version":[{"id":80725,"href":"https:\/\/www.sisinternational.com\/it\/wp-json\/wp\/v2\/pages\/53931\/revisions\/80725"}],"up":[{"embeddable":true,"href":"https:\/\/www.sisinternational.com\/it\/wp-json\/wp\/v2\/pages\/11292"}],"wp:featuredmedia":[{"embeddable":true,"href":"https:\/\/www.sisinternational.com\/it\/wp-json\/wp\/v2\/media\/64028"}],"wp:attachment":[{"href":"https:\/\/www.sisinternational.com\/it\/wp-json\/wp\/v2\/media?parent=53931"}],"curies":[{"name":"wp","href":"https:\/\/api.w.org\/{rel}","templated":true}]}}