{"id":53888,"date":"2024-11-03T14:49:26","date_gmt":"2024-11-03T19:49:26","guid":{"rendered":"https:\/\/www.sisinternational.com\/?page_id=53888"},"modified":"2026-03-05T23:20:57","modified_gmt":"2026-03-06T04:20:57","slug":"posizionamento-prodotto-b2b-ricerche-di-mercato","status":"publish","type":"page","link":"https:\/\/www.sisinternational.com\/it\/soluzioni\/ricerche-di-mercato-b2b\/posizionamento-prodotto-b2b-ricerche-di-mercato\/","title":{"rendered":"Ricerca di mercato sul posizionamento del prodotto B2B"},"content":{"rendered":"<h1 class=\"gb-headline gb-headline-a2405738 gb-headline-text\">Ricerca di mercato sul posizionamento del prodotto B2B<\/h1>\n\n\n\n<figure class=\"gb-block-image gb-block-image-74efe526\"><img loading=\"lazy\" decoding=\"async\" width=\"1456\" height=\"816\" class=\"gb-image gb-image-74efe526\" src=\"https:\/\/www.sisinternational.com\/wp-content\/uploads\/2025\/08\/Retail-28.jpg\" alt=\"Ricerca e strategia di mercato internazionale SIS\" title=\"Retail (28)\" srcset=\"https:\/\/www.sisinternational.com\/wp-content\/uploads\/2025\/08\/Retail-28.jpg 1456w, https:\/\/www.sisinternational.com\/wp-content\/uploads\/2025\/08\/Retail-28-300x168.jpg 300w, https:\/\/www.sisinternational.com\/wp-content\/uploads\/2025\/08\/Retail-28-1024x574.jpg 1024w, https:\/\/www.sisinternational.com\/wp-content\/uploads\/2025\/08\/Retail-28-768x430.jpg 768w, https:\/\/www.sisinternational.com\/wp-content\/uploads\/2025\/08\/Retail-28-18x10.jpg 18w\" sizes=\"auto, (max-width: 1456px) 100vw, 1456px\"><\/figure>\n\n\n\n<p><\/p>\n\n\n\n<hr class=\"wp-block-separator has-alpha-channel-opacity\"\/>\n\n\n\n<h3 class=\"wp-block-heading\">In un&#039;epoca in cui i dati guidano le decisioni, la ricerca di mercato sul posizionamento dei prodotti B2B fornisce alle aziende le informazioni di cui hanno bisogno per distinguersi, entrare in sintonia con i clienti e prosperare nei mercati competitivi.<\/h3>\n\n\n\n<p>Ti sei mai chiesto cosa fa davvero s\u00ec che un prodotto risuoni con il pubblico giusto in un mercato B2B affollato? Definire chiaramente cosa distingue un prodotto dalla concorrenza \u00e8 essenziale per attrarre i clienti giusti e guidare la crescita aziendale. SIS International offre servizi specializzati di ricerche di mercato sul posizionamento dei prodotti B2B che aiutano le aziende a creare messaggi convincenti che risuonano con il loro pubblico di riferimento.<\/p>\n\n\n\n<h2 class=\"wp-block-heading\"><strong>Che cosa sono le ricerche di mercato sul posizionamento dei prodotti B2B?<\/strong><\/h2>\n\n\n\n<p><a href=\"https:\/\/www.sisinternational.com\/it\/ricerche-di-mercato-sulla-generazione-di-lead-b2b\/\" title=\"Ricerca di mercato sulla generazione di lead B2B\"  data-wpil-monitor-id=\"1355\">B2B product positioning market research<\/a> allows businesses to determine how a product fits within the market. It shows how customers perceive their products, how they compare to competitors, and what unique value they offer. Critical components of <a href=\"https:\/\/www.sisinternational.com\/it\/soluzioni\/ricerche-di-mercato-b2b\/best-practices-for-b2b-market-research\/\" title=\"Best Practices for B2B Market Research\"  data-wpil-monitor-id=\"1797\">B2B product positioning market research<\/a> includere:<\/p>\n\n\n\n<ul class=\"wp-block-list\">\n<li><strong>Analisi della percezione del cliente<\/strong>:Per un posizionamento efficace \u00e8 fondamentale comprendere come i clienti percepiscono il prodotto.<\/li>\n\n\n\n<li><strong>Benchmarking competitivo<\/strong>: Analizzare i competitor \u00e8 essenziale per capire dove si colloca il prodotto. Il benchmarking competitivo aiuta a identificare le opportunit\u00e0 per differenziare il prodotto e capitalizzare le lacune del mercato.<\/li>\n\n\n\n<li><strong>Informazioni sul pubblico di destinazione<\/strong>:Identificare le esigenze, le preferenze e i punti deboli del pubblico di riferimento \u00e8 fondamentale per creare un posizionamento del prodotto pertinente e avvincente.&nbsp;<\/li>\n\n\n\n<li><strong>Sviluppo della proposta di valore<\/strong>:La proposta di valore \u00e8 il messaggio fondamentale che comunica perch\u00e9 un prodotto \u00e8 la scelta migliore per i clienti.&nbsp;<\/li>\n\n\n\n<li><strong>Test del messaggio<\/strong>: <a href=\"https:\/\/www.sisinternational.com\/it\/b2b-customer-experience-the-ultimate-guide-to-building-loyalty-that-lasts\/\" title=\"B2B Customer Experience: The Ultimate Guide to Building Loyalty That Lasts\"  data-wpil-monitor-id=\"508\">B2B product positioning market research<\/a> involves gathering feedback from potential customers to refine the messaging and ensure maximum impact.<\/li>\n<\/ul>\n\n\n\n<h2 class=\"wp-block-heading\"><strong>L&#039;approccio unico di SIS International alla ricerca di mercato sul posizionamento dei prodotti B2B<\/strong><\/h2>\n\n\n\n<p><a href=\"https:\/\/www.linkedin.com\/company\/sisinternationalresearch\/\" target=\"_blank\" rel=\"noopener\">SIS Internazionale<\/a> adotta un approccio strategico e basato sui dati per la ricerca di mercato sul posizionamento dei prodotti B2B. Lavoriamo a stretto contatto con i clienti per comprendere i loro obiettivi aziendali, l&#039;ambiente di mercato e le esigenze dei clienti. Il nostro processo di ricerca scopre le intuizioni che guidano un posizionamento efficace dei prodotti e creano un impatto duraturo sul mercato.<\/p>\n\n\n\n<ul class=\"wp-block-list\">\n<li><strong>Analisi di mercato<\/strong>: <a href=\"https:\/\/www.sisinternational.com\/it\/washington-e-il-giorno-dei-presidenti\/\" title=\"Holiday Marketing on President&#8217;s Day\" data-wpil-monitor-id=\"7404\">SIS conducts in-depth market<\/a> analysis to understand the competitive landscape and identify key market trends. <\/li>\n\n\n\n<li><strong>Ricerca incentrata sul cliente<\/strong>:La comprensione del cliente \u00e8 il fulcro di un posizionamento efficace del prodotto. <a href=\"https:\/\/twitter.com\/SISIntlResearch\" target=\"_blank\" rel=\"noopener\">SIS<\/a> conduce ricerche incentrate sul cliente per raccogliere informazioni sulle sue percezioni, preferenze e punti deboli, assicurando che il posizionamento dei nostri clienti sia in sintonia con il loro pubblico.<\/li>\n\n\n\n<li><strong>Strategie di posizionamento su misura<\/strong>: Ogni prodotto \u00e8 unico, e lo \u00e8 anche il suo posizionamento. Sviluppiamo strategie di posizionamento personalizzate evidenziando i punti di forza e il valore unici di ogni prodotto, distinguendolo dalla concorrenza.<\/li>\n\n\n\n<li><strong>Sviluppo e test dei messaggi<\/strong>: SIS aiuta i clienti a sviluppare e testare diversi messaggi di posizionamento per determinare quale abbia pi\u00f9 successo con il loro pubblico di riferimento e generi la risposta desiderata.<\/li>\n\n\n\n<li><strong>Strategia di posizionamento continuo<\/strong>: SIS International offers continuous support by actively assessing shifts in customer behavior, market trends, and competitive activities. <\/li>\n<\/ul>\n\n\n\n<h2 class=\"wp-block-heading\"><strong>Perch\u00e9 un posizionamento efficace del prodotto \u00e8 fondamentale per il successo B2B?<\/strong><\/h2>\n\n\n\n<figure class=\"gb-block-image gb-block-image-0a635cce\"><img loading=\"lazy\" decoding=\"async\" width=\"1456\" height=\"816\" class=\"gb-image gb-image-0a635cce\" src=\"https:\/\/www.sisinternational.com\/wp-content\/uploads\/2025\/08\/Retail-19.jpg\" alt=\"Ricerca e strategia di mercato internazionale SIS\" title=\"Retail (19)\" srcset=\"https:\/\/www.sisinternational.com\/wp-content\/uploads\/2025\/08\/Retail-19.jpg 1456w, https:\/\/www.sisinternational.com\/wp-content\/uploads\/2025\/08\/Retail-19-300x168.jpg 300w, https:\/\/www.sisinternational.com\/wp-content\/uploads\/2025\/08\/Retail-19-1024x574.jpg 1024w, https:\/\/www.sisinternational.com\/wp-content\/uploads\/2025\/08\/Retail-19-768x430.jpg 768w, https:\/\/www.sisinternational.com\/wp-content\/uploads\/2025\/08\/Retail-19-18x10.jpg 18w\" sizes=\"auto, (max-width: 1456px) 100vw, 1456px\"><\/figure>\n\n\n\n<p><\/p>\n\n\n\n<p>Effective product positioning determines how customers perceive the product and influences their buying decisions \u2013 and here are some reasons why <a href=\"https:\/\/www.sisinternational.com\/it\/complessita-del-marketing-b2b\/\" title=\"Cos\u2019\u00e8 il marketing B2B?\" data-wpil-monitor-id=\"2215\">B2B product positioning market<\/a> research is critical for success:<\/p>\n\n\n\n<ul class=\"wp-block-list\">\n<li><strong>Differenziazione<\/strong>: Un posizionamento efficace aiuta a mettere in risalto il valore unico del prodotto, rendendolo pi\u00f9 attraente per i potenziali clienti.<\/li>\n\n\n\n<li><strong>Allineamento del cliente<\/strong>: <a href=\"https:\/\/www.sisinternational.com\/it\/competenza\/industrie\/ricerca-di-mercato-sulla-superiorita-del-prodotto\/\" title=\"Ricerca di mercato sulla superiorit\u00e0 del prodotto\" data-wpil-monitor-id=\"5800\">Product positioning market research<\/a> helps ensure the product&#8217;s messaging is relevant to the target audience, making it more likely to resonate with them.<\/li>\n\n\n\n<li><strong>Miglioramento dell&#039;efficacia delle vendite e del marketing<\/strong>: Un posizionamento del prodotto chiaro e convincente aiuta a migliorare l&#039;efficacia delle vendite e degli sforzi di marketing. I clienti che comprendono il valore del prodotto hanno maggiori probabilit\u00e0 di interagire con il marchio e di acquistare.<\/li>\n\n\n\n<li><strong>Processo decisionale informato<\/strong>: Posizionamento del prodotto <a href=\"https:\/\/www.linkedin.com\/pulse\/how-market-research-enables-growth-ruth-stanat-phekf\/\" target=\"_blank\" rel=\"noopener\">ricerca di mercato<\/a> fornisce spunti preziosi che aiutano le aziende a prendere decisioni consapevoli sul posizionamento dei propri prodotti sul mercato.&nbsp;<\/li>\n\n\n\n<li><strong>Percezione del marchio<\/strong>: Un prodotto ben posizionato aiuta ad affermare il marchio come leader nella sua categoria, creando credibilit\u00e0 e fiducia nei clienti.<\/li>\n<\/ul>\n\n\n\n<h2 class=\"wp-block-heading\"><strong>Tendenze nel posizionamento dei prodotti B2B<\/strong><\/h2>\n\n\n\n<p>Il panorama del posizionamento dei prodotti B2B \u00e8 in continua trasformazione e le aziende devono adattarsi a questi cambiamenti per posizionare efficacemente i propri prodotti, evidenziando le loro proposte di valore uniche e allineandosi alle mutevoli richieste degli acquirenti. Le tendenze principali includono:<\/p>\n\n\n\n<ul class=\"wp-block-list\">\n<li><strong>Personalizzazione<\/strong>: Gli acquirenti B2B ora si aspettano un&#039;esperienza pi\u00f9 personalizzata rispetto a quella che ricevono nei mercati B2C. Un posizionamento efficace del prodotto si basa sempre pi\u00f9 sulla personalizzazione dei messaggi per soddisfare le esigenze specifiche di diversi segmenti di clienti.<\/li>\n\n\n\n<li><strong>Posizionamento basato sui dati<\/strong>: Le aziende sfruttano i big data e l&#039;analisi per comprendere meglio le preferenze dei clienti e le dinamiche del mercato, il che consente loro di elaborare strategie di posizionamento pi\u00f9 mirate.<\/li>\n\n\n\n<li><strong>Narrativa<\/strong>: Lo storytelling \u00e8 diventato una componente essenziale del posizionamento del prodotto. Le aziende si concentrano sulla creazione di narrazioni avvincenti che evidenziano il valore unico del loro prodotto in modi coinvolgenti e riconoscibili.<\/li>\n\n\n\n<li><strong>Sostenibilit\u00e0<\/strong>: I clienti sono sempre pi\u00f9 interessati alla sostenibilit\u00e0 e alle pratiche etiche. I prodotti posizionati come rispettosi dell&#039;ambiente o socialmente responsabili stanno ottenendo un vantaggio competitivo.<\/li>\n\n\n\n<li><strong>Trasformazione digitale<\/strong>: The rise of <a href=\"https:\/\/www.sisinternational.com\/it\/trasformazione-digitale-in-edilizia\/\" title=\"Trasformazione digitale nell&#039;edilizia\" data-wpil-monitor-id=\"2805\">digital channels and social media has transformed<\/a> how companies position their products. Digital-first positioning strategies are now critical for effectively reaching the right audience.<\/li>\n<\/ul>\n\n\n\n<h2 class=\"wp-block-heading\"><strong>Il ruolo della tecnologia nella ricerca di mercato sul posizionamento dei prodotti B2B<\/strong><\/h2>\n\n\n\n<p>Sfruttando strumenti e analisi avanzati, le aziende possono acquisire informazioni pi\u00f9 approfondite sulle dinamiche di mercato, sulle preferenze dei clienti e sulle strategie della concorrenza, il che consente loro di posizionare i prodotti con precisione e pertinenza.<\/p>\n\n\n\n<p><strong>Analisi basate sull&#039;intelligenza artificiale per approfondimenti di mercato pi\u00f9 approfonditi<br><\/strong><br>Through AI-driven analytics, companies can segment their audience more effectively, understanding which features and benefits resonate most with different customer groups. <\/p>\n\n\n\n<p><strong>CRM Systems for Enhanced Customer UnderstandingCustomer Relationship Management (CRM) systems offer a centralized platform for tracking customer interactions, preferences, and purchase behaviors, providing invaluable insights for <a href=\"https:\/\/www.sisinternational.com\/it\/monitoraggio-del-posizionamento-del-marchio-b2b\/\" title=\"B2B Market Positioning &#038; Branding Research\" data-wpil-monitor-id=\"4308\">B2B product positioning market research<\/a>. <\/p>\n\n\n\n<p><strong>Strumenti di visualizzazione dei dati per l&#039;analisi di mercato in tempo reale<br><br><\/strong>Data visualization tools, such as PowerBI dashboards, allow companies to transform complex data into intuitive, real-time visuals, making tracking market trends and customer sentiment easier. <\/p>\n\n\n\n<p><strong>Piattaforme di ascolto sociale per l&#039;analisi del sentiment dei concorrenti e del mercato<\/strong><strong><br><\/strong><strong><br><\/strong>Gli strumenti di social listening consentono alle aziende di monitorare le conversazioni del settore, le attivit\u00e0 dei competitor e il sentiment dei clienti su vari canali digitali. Per la ricerca di mercato sul posizionamento dei prodotti B2B, il social listening offre approfondimenti su cosa dicono i competitor, come posizionano i loro prodotti e come rispondono i clienti.&nbsp;<\/p>\n\n\n\n<p><strong>Analisi predittiva per il processo decisionale strategico<\/strong><strong><br><\/strong><strong><br><\/strong>L&#039;analisi predittiva svolge un ruolo fondamentale nell&#039;anticipare i cambiamenti del mercato e le esigenze dei clienti. Analizzando i dati storici e le tendenze attuali, le aziende possono utilizzare modelli predittivi per prevedere quanto bene potrebbero funzionare determinate strategie di posizionamento.&nbsp;<\/p>\n\n\n\n<h2 class=\"wp-block-heading\"><strong>Prospettive per la ricerca di mercato sul posizionamento dei prodotti B2B<\/strong><\/h2>\n\n\n\n<p>Il futuro della ricerca di mercato sul posizionamento dei prodotti B2B sembra promettente, poich\u00e9 le aziende riconoscono l&#039;importanza di un posizionamento differenziato e convincente. Le principali opportunit\u00e0 includono:<\/p>\n\n\n\n<ul class=\"wp-block-list\">\n<li><strong>Maggiore utilizzo dell&#039;intelligenza artificiale<\/strong>: Si prevede che l&#039;intelligenza artificiale avr\u00e0 un ruolo pi\u00f9 importante nella ricerca sul posizionamento dei prodotti. Le informazioni basate sull&#039;intelligenza artificiale aiuteranno le aziende a identificare le lacune del mercato, a comprendere il sentiment dei clienti e a ottimizzare i loro messaggi in modo pi\u00f9 efficace.<\/li>\n\n\n\n<li><strong>Integrazione con i sistemi CRM<\/strong>:Le strategie di posizionamento dei prodotti stanno diventando sempre pi\u00f9 integrate con i sistemi CRM, consentendo connessioni fluide tra approfondimenti di ricerca e attivit\u00e0 di vendita.<\/li>\n\n\n\n<li><strong>Enfasi sui percorsi degli acquirenti<\/strong>: Le aziende stanno sempre pi\u00f9 mappando il percorso dell&#039;acquirente per creare un posizionamento che risuoni in ogni fase. Comprendere come i clienti passano dalla consapevolezza al processo decisionale aiuter\u00e0 a perfezionare le strategie di posizionamento.<\/li>\n\n\n\n<li><strong>Co-creazione del cliente<\/strong>: Coinvolgere i clienti nel processo di sviluppo e posizionamento del prodotto sta diventando sempre pi\u00f9 comune. La co-creazione consente alle aziende di elaborare messaggi che riflettono direttamente le esigenze e le aspettative del loro pubblico di riferimento.<\/li>\n\n\n\n<li><strong>Globalizzazione e Localizzazione<\/strong>: Man mano che le aziende si espandono a livello globale, cresce l&#039;esigenza di un posizionamento localizzato dei prodotti. Le aziende riconoscono l&#039;importanza di adattare i messaggi dei prodotti per allinearli alle differenze culturali e alle preferenze del mercato locale.<\/li>\n<\/ul>\n\n\n\n<h2 class=\"wp-block-heading\"><strong>Cosa rende SIS International un&#039;azienda leader nel posizionamento dei prodotti B2B?<\/strong><\/h2>\n\n\n\n<p>SIS International si distingue come una delle principali aziende di posizionamento di prodotti B2B per diversi motivi convincenti, ognuno dei quali contribuisce alla nostra capacit\u00e0 di aiutare i clienti a raggiungere risultati superiori sul mercato:<\/p>\n\n\n\n<ul class=\"wp-block-list\">\n<li><strong>Competenza completa del settore<\/strong>: SIS International ha una vasta esperienza nel settore, che ci consente di fornire approfondimenti personalizzati che risuonano con specifici settori di mercato. La nostra competenza nel settore ci consente inoltre di sviluppare efficaci strategie di posizionamento del prodotto su misura per le sfide e le opportunit\u00e0 uniche di ogni settore.<\/li>\n\n\n\n<li><strong>Approccio incentrato sul cliente<\/strong>: In SIS, il cliente \u00e8 al centro di ogni strategia di posizionamento del prodotto. Conduciamo ricerche approfondite per comprendere le esigenze, le preferenze e i punti critici dei clienti, assicurandoci che il posizionamento del prodotto dei nostri clienti parli direttamente al loro pubblico di riferimento.<\/li>\n\n\n\n<li><strong>Metodologia basata sui dati<\/strong>: Il nostro approccio \u00e8 radicato nei dati. Sfruttiamo l&#039;analisi dei dati per identificare le tendenze di mercato, i comportamenti dei clienti e il posizionamento competitivo, fornendo ai nostri clienti informazioni che guidano messaggi di prodotto di impatto.<\/li>\n\n\n\n<li><strong>Tecniche di posizionamento innovative<\/strong>:SIS International utilizza tecniche innovative, tra cui storytelling, test dei messaggi e strategie di posizionamento digitale, per creare narrazioni di prodotto accattivanti che catturano l&#039;interesse dei clienti e differenziano i nostri clienti dai concorrenti.<\/li>\n\n\n\n<li><strong>Esperienza comprovata<\/strong>: La nostra storia di aiuto alle aziende B2B per raggiungere i loro obiettivi di posizionamento parla da sola. Abbiamo assistito con successo numerose aziende nel migliorare la loro visibilit\u00e0 di mercato, il coinvolgimento dei clienti e la percezione complessiva del marchio attraverso efficaci strategie di posizionamento del prodotto.<\/li>\n<\/ul>\n\n\n<h2>La nostra sede a New York<\/h2>\n<p><!-- \/wp:post-content --> <!-- wp:html --> <iframe loading=\"lazy\" src=\"https:\/\/www.google.com\/maps\/embed?pb=!1m18!1m12!1m3!1d3022.976188376966!2d-73.99130312499956!3d40.740549471389315!2m3!1f0!2f0!3f0!3m2!1i1024!2i768!4f13.1!3m3!1m2!1s0x89c259a15798c731%3A0xd695d09bdd495f25!2s11%20E%2022nd%20St%20FL%202%2C%20New%20York%2C%20NY%2010010%2C%20USA!5e0!3m2!1sen!2spe!4v1726171763526!5m2!1sen!2spe\" width=\"600\" height=\"450\" allowfullscreen=\"allowfullscreen\" data-mce-fragment=\"1\"><\/iframe> <!-- \/wp:html --> <!-- wp:paragraph --><\/p>\n<h3 class=\"wp-block-heading\">11 E 22nd Street, Piano 2, New York, NY 10010 T: +1(212) 505-6805<\/h3>\n<hr \/>\n<h2><strong>A proposito di SIS Internazionale<\/strong><\/h2>\n<p><a href=\"https:\/\/www.sisinternational.com\/it\/\"><span style=\"font-weight: 400;\">SIS Internazionale<\/span><\/a><span style=\"font-weight: 400;\"> offre ricerca quantitativa, qualitativa e strategica. Forniamo dati, strumenti, strategie, report e approfondimenti per il processo decisionale. Conduciamo anche interviste, sondaggi, focus group e altri metodi e approcci di ricerca di mercato.<\/span><a href=\"https:\/\/www.sisinternational.com\/it\/sulla-sua-ricerca-internazionale\/contact-sis-international-market-research\/\"><span style=\"font-weight: 400;\"> Contattaci<\/span><\/a><span style=\"font-weight: 400;\"> per il tuo prossimo progetto di ricerca di mercato.<\/span><\/p>\n<p><!-- wp:separator --><\/p>\n<hr class=\"wp-block-separator has-alpha-channel-opacity\"\/>\n<!-- \/wp:separator --><\/p>","protected":false},"excerpt":{"rendered":"<p>B2B Product Positioning Market Research In an era where data drives decisions, B2B product positioning market research gives companies the insights they need to stand out, resonate with customers, and thrive in competitive markets Have you ever asked yourself what truly makes a product resonate with the right audience in a crowded B2B market? Clearly &#8230; <a title=\"Ricerca di mercato sul posizionamento del prodotto B2B\" class=\"read-more\" href=\"https:\/\/www.sisinternational.com\/it\/soluzioni\/ricerche-di-mercato-b2b\/posizionamento-prodotto-b2b-ricerche-di-mercato\/\" aria-label=\"Per saperne di pi\u00f9 su B2B Product Positioning Market Research\">Leggi tutto<\/a><\/p>","protected":false},"author":1,"featured_media":62503,"parent":11292,"menu_order":8,"comment_status":"closed","ping_status":"closed","template":"","meta":{"footnotes":""},"class_list":["post-53888","page","type-page","status-publish","has-post-thumbnail"],"_links":{"self":[{"href":"https:\/\/www.sisinternational.com\/it\/wp-json\/wp\/v2\/pages\/53888","targetHints":{"allow":["GET"]}}],"collection":[{"href":"https:\/\/www.sisinternational.com\/it\/wp-json\/wp\/v2\/pages"}],"about":[{"href":"https:\/\/www.sisinternational.com\/it\/wp-json\/wp\/v2\/types\/page"}],"author":[{"embeddable":true,"href":"https:\/\/www.sisinternational.com\/it\/wp-json\/wp\/v2\/users\/1"}],"replies":[{"embeddable":true,"href":"https:\/\/www.sisinternational.com\/it\/wp-json\/wp\/v2\/comments?post=53888"}],"version-history":[{"count":17,"href":"https:\/\/www.sisinternational.com\/it\/wp-json\/wp\/v2\/pages\/53888\/revisions"}],"predecessor-version":[{"id":81048,"href":"https:\/\/www.sisinternational.com\/it\/wp-json\/wp\/v2\/pages\/53888\/revisions\/81048"}],"up":[{"embeddable":true,"href":"https:\/\/www.sisinternational.com\/it\/wp-json\/wp\/v2\/pages\/11292"}],"wp:featuredmedia":[{"embeddable":true,"href":"https:\/\/www.sisinternational.com\/it\/wp-json\/wp\/v2\/media\/62503"}],"wp:attachment":[{"href":"https:\/\/www.sisinternational.com\/it\/wp-json\/wp\/v2\/media?parent=53888"}],"curies":[{"name":"wp","href":"https:\/\/api.w.org\/{rel}","templated":true}]}}