{"id":53885,"date":"2024-11-02T14:45:00","date_gmt":"2024-11-02T18:45:00","guid":{"rendered":"https:\/\/www.sisinternational.com\/?page_id=53885"},"modified":"2026-03-05T23:21:18","modified_gmt":"2026-03-06T04:21:18","slug":"migliore-azienda-di-ottimizzazione-delle-vendite-b2b","status":"publish","type":"page","link":"https:\/\/www.sisinternational.com\/it\/soluzioni\/ricerche-di-mercato-b2b\/migliore-azienda-di-ottimizzazione-delle-vendite-b2b\/","title":{"rendered":"La migliore azienda di ottimizzazione delle vendite B2B"},"content":{"rendered":"<h1 class=\"gb-headline gb-headline-85ee7366 gb-headline-text\">La migliore azienda di ottimizzazione delle vendite B2B<br><\/h1>\n\n\n\n<figure class=\"gb-block-image gb-block-image-9c8a02ed\"><img loading=\"lazy\" decoding=\"async\" width=\"1456\" height=\"816\" class=\"gb-image gb-image-9c8a02ed\" src=\"https:\/\/www.sisinternational.com\/wp-content\/uploads\/2025\/08\/Marketing-5.jpg\" alt=\"Ricerca e strategia di mercato internazionale SIS\" title=\"Marketing (5)\" srcset=\"https:\/\/www.sisinternational.com\/wp-content\/uploads\/2025\/08\/Marketing-5.jpg 1456w, https:\/\/www.sisinternational.com\/wp-content\/uploads\/2025\/08\/Marketing-5-300x168.jpg 300w, https:\/\/www.sisinternational.com\/wp-content\/uploads\/2025\/08\/Marketing-5-1024x574.jpg 1024w, https:\/\/www.sisinternational.com\/wp-content\/uploads\/2025\/08\/Marketing-5-768x430.jpg 768w, https:\/\/www.sisinternational.com\/wp-content\/uploads\/2025\/08\/Marketing-5-18x10.jpg 18w\" sizes=\"auto, (max-width: 1456px) 100vw, 1456px\"><\/figure>\n\n\n\n<p><\/p>\n\n\n\n<h3 class=\"wp-block-heading\">Nell&#039;attuale panorama competitivo B2B, la capacit\u00e0 di ottimizzare i processi di vendita \u00e8 un fattore chiave di differenziazione tra le aziende di successo e quelle che faticano a crescere.&nbsp;<\/h3>\n\n\n\n<p>L&#039;ottimizzazione delle vendite riguarda la rifinitura di ogni aspetto del ciclo di vendita, dalla generazione di lead alla chiusura di accordi, per massimizzare efficienza e redditivit\u00e0. SIS International \u00e8 una delle principali aziende di ottimizzazione delle vendite B2B che aiuta le aziende a sbloccare il loro potenziale di vendita attraverso strategie basate sui dati e tecniche di vendita avanzate.<\/p>\n\n\n\n<h2 class=\"wp-block-heading\"><strong>Cosa rende un&#039;azienda leader nell&#039;ottimizzazione delle vendite B2B<\/strong><\/h2>\n\n\n\n<p>A top B2B sales optimization company like SIS provides tailored strategies and solutions that enhance every sales process step. The company leverages industry expertise, data analytics, and innovative technology to help businesses achieve superior sales performance. Some key elements that define a <a href=\"https:\/\/www.sisinternational.com\/it\/azienda-leader-nel-monitoraggio-delle-tendenze-del-mercato-b2b\/\" title=\"Principali societ\u00e0 di monitoraggio delle tendenze del mercato B2B\"  data-wpil-monitor-id=\"1235\">top B2B sales optimization company<\/a> includere:<\/p>\n\n\n\n<ul class=\"wp-block-list\">\n<li><strong>Analisi completa delle vendite<\/strong>:Un&#039;analisi approfondita della pipeline e dell&#039;imbuto di vendita \u00e8 fondamentale per identificare i colli di bottiglia e le aree di miglioramento.&nbsp;<\/li>\n\n\n\n<li><strong>Strategie di vendita personalizzate<\/strong>: One-size-fits-all solutions rarely work in the competitive B2B environment. A <a href=\"https:\/\/www.sisinternational.com\/it\/azienda-leader-nella-generazione-della-domanda-b2b\/\" title=\"Principale azienda di generazione della domanda B2B\"  data-wpil-monitor-id=\"1387\">top B2B sales optimization company<\/a>, like SIS International, creates customized sales strategies tailored to each client&#8217;s unique needs.<\/li>\n\n\n\n<li><strong>Strumenti di vendita avanzati<\/strong>: From CRM software to sales automation tools, a <a href=\"https:\/\/www.sisinternational.com\/it\/azienda-leader-nella-previsione-delle-tendenze-del-settore-b2b\/\" title=\"Principali previsioni sulle tendenze del settore B2B\"  data-wpil-monitor-id=\"1621\">top B2B sales optimization company<\/a> uses advanced tools to streamline processes and improve efficiency.<\/li>\n\n\n\n<li><strong>Qualificazione e gestione dei lead<\/strong>:Un&#039;azienda leader in questo settore aiuta le aziende a perfezionare i propri processi di gestione dei lead per garantire che il loro team di vendita si concentri sulle opportunit\u00e0 pi\u00f9 promettenti.<\/li>\n\n\n\n<li><strong>Formazione e sviluppo del team di vendita<\/strong>: La formazione e lo sviluppo continui forniscono ai professionisti delle vendite le competenze necessarie per avere successo.<\/li>\n<\/ul>\n\n\n\n<h2 class=\"wp-block-heading\"><strong>L&#039;approccio di SIS International all&#039;ottimizzazione delle vendite<\/strong><\/h2>\n\n\n\n<p>Come un top di fiducia <a href=\"https:\/\/www.sisinternational.com\/it\/soluzioni\/ricerche-di-mercato-b2b\/\">B2B<\/a> azienda di ottimizzazione delle vendite con oltre 40 anni di esperienza di mercato, SIS International adotta un approccio olistico all&#039;ottimizzazione delle vendite. Affrontiamo ogni aspetto del ciclo di vendita per ottenere risultati misurabili. Il nostro approccio \u00e8 progettato per migliorare l&#039;efficienza delle vendite, migliorare i tassi di conversione e aumentare i ricavi per i nostri clienti.<\/p>\n\n\n\n<ul class=\"wp-block-list\">\n<li><strong>Approfondimenti basati sui dati<\/strong>: SIS International uses data-driven insights to <a href=\"https:\/\/www.sisinternational.com\/it\/ottimizzazione-dei-siti-web-aziendali-per-il-roi\/\" title=\"Ottimizzazione dei siti Web aziendali per il ROI\"  data-wpil-monitor-id=\"1972\">optimize sales strategies<\/a>. By analyzing sales metrics and customer data, we identify key areas for improvement and help our clients make informed decisions.<\/li>\n\n\n\n<li><strong>Soluzioni personalizzate<\/strong>: Non esistono due aziende uguali, e nemmeno i loro processi di vendita. SIS crea soluzioni personalizzate di ottimizzazione delle vendite, su misura per le esigenze e le sfide di ogni cliente, garantendo il massimo impatto.<\/li>\n\n\n\n<li><strong>Automazione delle vendite<\/strong>:Il nostro team aiuta i clienti a implementare strumenti di automazione delle vendite che semplificano le attivit\u00e0 ripetitive, consentendo ai loro team di vendita di concentrarsi su attivit\u00e0 ad alto valore che generano fatturato.<\/li>\n\n\n\n<li><strong>Monitoraggio delle prestazioni<\/strong>: Forniamo ai clienti strumenti di monitoraggio delle prestazioni e analisi per monitorare le metriche di vendita critiche e apportare le modifiche necessarie basate sui dati.<\/li>\n\n\n\n<li><strong>Abilitazione alle vendite<\/strong>: L&#039;abilitazione alle vendite implica la fornitura ai team di vendita degli strumenti, delle risorse e delle informazioni di cui hanno bisogno per concludere affari in modo efficace. SIS International collabora con i clienti per sviluppare strategie di abilitazione alle vendite che migliorino l&#039;efficacia dei loro team di vendita.<\/li>\n<\/ul>\n\n\n\n<h2 class=\"wp-block-heading\"><strong>Perch\u00e9 scegliere SIS International come la tua migliore azienda di ottimizzazione delle vendite B2B<\/strong><\/h2>\n\n\n\n<figure class=\"gb-block-image gb-block-image-b1ff026a\"><img loading=\"lazy\" decoding=\"async\" width=\"1456\" height=\"816\" class=\"gb-image gb-image-b1ff026a\" src=\"https:\/\/www.sisinternational.com\/wp-content\/uploads\/2025\/08\/Focus-group-meeting-4.jpg\" alt=\"Ricerca e strategia di mercato internazionale SIS\" title=\"Focus group &amp; meeting (4)\" srcset=\"https:\/\/www.sisinternational.com\/wp-content\/uploads\/2025\/08\/Focus-group-meeting-4.jpg 1456w, https:\/\/www.sisinternational.com\/wp-content\/uploads\/2025\/08\/Focus-group-meeting-4-300x168.jpg 300w, https:\/\/www.sisinternational.com\/wp-content\/uploads\/2025\/08\/Focus-group-meeting-4-1024x574.jpg 1024w, https:\/\/www.sisinternational.com\/wp-content\/uploads\/2025\/08\/Focus-group-meeting-4-768x430.jpg 768w, https:\/\/www.sisinternational.com\/wp-content\/uploads\/2025\/08\/Focus-group-meeting-4-18x10.jpg 18w\" sizes=\"auto, (max-width: 1456px) 100vw, 1456px\"><\/figure>\n\n\n\n<p><\/p>\n\n\n\n<p>Scegliere il partner giusto per l&#039;ottimizzazione delle vendite pu\u00f2 fare la differenza nel raggiungimento del successo nelle vendite. Ecco alcuni motivi per cui SIS si distingue come una delle migliori aziende di ottimizzazione delle vendite B2B:<\/p>\n\n\n\n<ul class=\"wp-block-list\">\n<li><strong>Esperienza comprovata<\/strong>: SIS International ha una comprovata esperienza nell&#039;aiutare le aziende B2B a ottimizzare i loro processi di vendita e a raggiungere una crescita significativa dei ricavi. La nostra esperienza in diversi settori ci consente di fornire approfondimenti e strategie che generano risultati concreti.<\/li>\n\n\n\n<li><strong>Squadra di esperti<\/strong>: Il nostro team di esperti di vendita ha una vasta esperienza nelle vendite B2B e comprende le complessit\u00e0 del ciclo di vendita. Lavoriamo a stretto contatto con i clienti per identificare le loro sfide uniche e sviluppare soluzioni che rispondano alle loro esigenze.<\/li>\n\n\n\n<li><strong>Tecnologia all&#039;avanguardia<\/strong>: Utilizziamo le ultime tecnologie per guidare l&#039;ottimizzazione delle vendite. Dai sistemi CRM agli strumenti di analisi delle vendite, utilizziamo tecnologie avanzate per aiutare i nostri clienti a raggiungere prestazioni di vendita superiori.<\/li>\n\n\n\n<li><strong>Approccio incentrato sul cliente<\/strong>: In SIS International, mettiamo i nostri clienti al primo posto. Il nostro approccio incentrato sul cliente garantisce che sviluppiamo strategie di ottimizzazione delle vendite che siano in linea con gli obiettivi aziendali dei nostri clienti e forniscano un valore misurabile.<\/li>\n\n\n\n<li><strong>Successo a lungo termine<\/strong>: L&#039;ottimizzazione delle vendite non \u00e8 uno sforzo una tantum, ma richiede attenzione e miglioramenti continui. SIS International si impegna ad aiutare i propri clienti a raggiungere il successo a lungo termine attraverso un&#039;ottimizzazione e un supporto continui.<\/li>\n<\/ul>\n\n\n\n<p><\/p>\n\n\n\n<h2 class=\"wp-block-heading\"><strong>Analisi delle tendenze del settore<\/strong><\/h2>\n\n\n\n<figure class=\"gb-block-image gb-block-image-4bd651c1\"><img loading=\"lazy\" decoding=\"async\" width=\"1456\" height=\"816\" class=\"gb-image gb-image-4bd651c1\" src=\"https:\/\/www.sisinternational.com\/wp-content\/uploads\/2025\/09\/Quantitative-research-19.jpg\" alt=\"Ricerca e strategia di mercato internazionale SIS\" title=\"Quantitative research (19)\" srcset=\"https:\/\/www.sisinternational.com\/wp-content\/uploads\/2025\/09\/Quantitative-research-19.jpg 1456w, https:\/\/www.sisinternational.com\/wp-content\/uploads\/2025\/09\/Quantitative-research-19-300x168.jpg 300w, https:\/\/www.sisinternational.com\/wp-content\/uploads\/2025\/09\/Quantitative-research-19-1024x574.jpg 1024w, https:\/\/www.sisinternational.com\/wp-content\/uploads\/2025\/09\/Quantitative-research-19-768x430.jpg 768w, https:\/\/www.sisinternational.com\/wp-content\/uploads\/2025\/09\/Quantitative-research-19-18x10.jpg 18w\" sizes=\"auto, (max-width: 1456px) 100vw, 1456px\"><\/figure>\n\n\n\n<p><\/p>\n\n\n\n<p>Una delle principali tendenze del settore \u00e8 la crescente importanza dell&#039;analisi dei dati nelle vendite. Le aziende che sfruttano i dati per ottenere informazioni sul comportamento dei clienti, sulle tendenze di mercato e sulle performance di vendita sono meglio posizionate per avere successo. In qualit\u00e0 di azienda leader nell&#039;ottimizzazione delle vendite B2B, SIS International utilizza strumenti avanzati di analisi dei dati per aiutare i clienti a sfruttare la potenza dei propri dati, consentendo loro di prendere decisioni informate e guidare la crescita.&nbsp;<\/p>\n\n\n\n<p>Un&#039;altra tendenza significativa \u00e8 il passaggio a un approccio incentrato sul cliente nelle vendite B2B. I clienti di oggi si aspettano esperienze personalizzate e le aziende che non riescono a soddisfare queste aspettative rischiano di perdere terreno rispetto ai concorrenti. SIS International sottolinea l&#039;importanza di comprendere le esigenze e le preferenze dei clienti. Lavoriamo a stretto contatto con i nostri clienti per sviluppare strategie di vendita che diano priorit\u00e0 all&#039;esperienza del cliente. Allineando gli sforzi di vendita alle aspettative dei clienti, aiutiamo le aziende a costruire relazioni pi\u00f9 solide e a migliorare la soddisfazione del cliente.<\/p>\n\n\n\n<h2 class=\"wp-block-heading\"><strong>I vantaggi dell&#039;ottimizzazione delle vendite per le aziende B2B<\/strong><\/h2>\n\n\n\n<p>Some key benefits of working with a <a href=\"https:\/\/www.sisinternational.com\/it\/la-migliore-azienda-di-ricerche-di-mercato-b2b\/\" title=\"Principale societ\u00e0 di ricerche di mercato B2B\"  data-wpil-monitor-id=\"1681\">top B2B sales optimization company<\/a> like SIS International Research include:<\/p>\n\n\n\n<ul class=\"wp-block-list\">\n<li><strong>Maggiore efficienza<\/strong>:L&#039;ottimizzazione delle vendite pu\u00f2 migliorare significativamente l&#039;efficienza semplificando il processo di vendita ed eliminando i colli di bottiglia, consentendo ai team di vendita di concentrarsi sulle attivit\u00e0 ad alto valore.<\/li>\n\n\n\n<li><strong>Tassi di conversione pi\u00f9 elevati<\/strong>: Ci\u00f2 aiuta le aziende a migliorare i processi di qualificazione e follow-up dei lead, con conseguenti tassi di conversione pi\u00f9 elevati e pi\u00f9 affari conclusi.<\/li>\n\n\n\n<li><strong>Migliori previsioni di vendita<\/strong>: L&#039;ottimizzazione delle vendite fornisce alle aziende i dati e le informazioni necessarie per prevedere le vendite in modo accurato.<\/li>\n\n\n\n<li><strong>Esperienza del cliente migliorata<\/strong>:Ottimizzando le interazioni con potenziali clienti e clienti, le aziende possono migliorare la soddisfazione della clientela e costruire relazioni durature.<\/li>\n\n\n\n<li><strong>La crescita dei ricavi<\/strong>:Una delle principali aziende di ottimizzazione delle vendite B2B come SIS International pu\u00f2 aiutare le aziende a crescere in modo significativo migliorando l&#039;efficienza, i tassi di conversione e la soddisfazione del cliente.<\/li>\n<\/ul>\n\n\n\n<h2 class=\"wp-block-heading\"><strong>Il ruolo della tecnologia nell&#039;ottimizzazione delle vendite B2B<\/strong><\/h2>\n\n\n\n<p>In qualit\u00e0 di azienda leader nell&#039;ottimizzazione delle vendite B2B, sfruttiamo strumenti e tecnologie all&#039;avanguardia per fornire ai clienti informazioni in tempo reale, migliorare la produttivit\u00e0 e semplificare i processi di vendita per una crescita misurabile.<\/p>\n\n\n\n<p><strong>Analisi basate sull&#039;intelligenza artificiale per una migliore comprensione dei clienti<\/strong><strong><br><\/strong><strong><br><\/strong>L&#039;intelligenza artificiale ha ridefinito l&#039;ottimizzazione delle vendite B2B, scoprendo insight che consentono alle aziende di prendere decisioni basate sui dati. Sfruttando l&#039;intelligenza artificiale, le aziende possono rilevare modelli nel comportamento dei clienti, prevedere le tendenze di acquisto e migliorare la segmentazione dei clienti. Questo potere predittivo consente alle aziende di adattare i propri sforzi di vendita verso lead di alto valore, aumentando in definitiva i tassi di conversione e massimizzando il ROI.<\/p>\n\n\n\n<p><strong>Sistemi CRM per una gestione semplificata della pipeline<\/strong><strong><br><\/strong><strong><br><\/strong>I sistemi di Customer Relationship Management (CRM) sono fondamentali per un&#039;ottimizzazione efficace delle vendite. Consentono ai team di gestire le interazioni con i clienti e di monitorare in modo efficiente i progressi delle vendite.&nbsp;<\/p>\n\n\n\n<p><strong>Piattaforme di abilitazione alle vendite per una maggiore produttivit\u00e0<br><br><\/strong>Utilizzando queste piattaforme, una delle principali aziende di ottimizzazione delle vendite B2B come SIS garantisce che i rappresentanti di vendita abbiano facile accesso a contenuti, come schede tecniche, case study e playbook di vendita, direttamente allineati alle esigenze del cliente. Questi strumenti prontamente disponibili aumentano la produttivit\u00e0 e migliorano i tassi di vincita, poich\u00e9 i team possono adattare il loro approccio in base a specifici punti dolenti e obiezioni del cliente.<\/p>\n\n\n\n<p><strong>Flussi di lavoro automatizzati per una maggiore efficienza<\/strong><strong><br><\/strong><strong><br><\/strong>By implementing automated lead scoring, follow-up emails, and task assignments, a <a href=\"https:\/\/www.sisinternational.com\/it\/azienda-leader-nel-focus-group-globale\/\" title=\"La migliore azienda di focus group globale\"  data-wpil-monitor-id=\"1027\">top B2B sales optimization company<\/a> ensures that sales teams can focus on high-impact tasks. Automation keeps prospects engaged, ensuring timely responses and continuous interaction without the need for manual effort.&nbsp;<\/p>\n\n\n\n<p><strong>Dashboard PowerBI per la visualizzazione dei dati in tempo reale e il processo decisionale<\/strong><strong><br><\/strong><strong><br><\/strong>Come azienda leader nell&#039;ottimizzazione delle vendite B2B, utilizziamo PowerBI per creare dashboard dinamiche e personalizzabili che presentano metriche di vendita, fasi della pipeline e approfondimenti sulle prestazioni in un formato intuitivo. Queste dashboard consentono ai responsabili delle vendite di monitorare i KPI, tracciare i progressi individuali e di team e identificare rapidamente le tendenze. L&#039;accesso immediato agli approfondimenti sui dati consente ai team di adattare le strategie in base alle prestazioni attuali, assicurando che gli sforzi di vendita siano sempre allineati con gli obiettivi aziendali e i cambiamenti del mercato.<\/p>\n\n\n\n<h2 class=\"wp-block-heading\"><strong>Cosa rende SIS International l&#039;azienda pi\u00f9 conveniente per l&#039;ottimizzazione delle vendite B2B<\/strong><\/h2>\n\n\n\n<p><a href=\"https:\/\/www.linkedin.com\/company\/sisinternationalresearch\/\" target=\"_blank\" rel=\"noopener\">SIS Internazionale<\/a> \u00e8 una delle migliori aziende di ottimizzazione delle vendite B2B e una delle scelte pi\u00f9 convenienti per le aziende che cercano soluzioni di alta qualit\u00e0. I motivi principali che rendono SIS International l&#039;azienda pi\u00f9 conveniente per l&#039;ottimizzazione delle vendite B2B includono:<\/p>\n\n\n\n<ul class=\"wp-block-list\">\n<li><strong>Soluzioni convenienti<\/strong>: SIS International offre soluzioni di ottimizzazione delle vendite progettate per essere convenienti e fornire risultati di impatto. Ci\u00f2 consente alle aziende di tutte le dimensioni di trarre vantaggio dall&#039;ottimizzazione delle vendite professionale.<\/li>\n\n\n\n<li><strong>Pacchetti su misura<\/strong>: Sappiamo che ogni azienda ha esigenze e budget unici. SIS fornisce pacchetti personalizzati che si allineano con obiettivi specifici e capacit\u00e0 finanziarie, assicurando ai clienti il miglior valore per i loro investimenti.<\/li>\n\n\n\n<li><strong>Valore a lungo termine<\/strong>: Le strategie di ottimizzazione delle vendite di SIS International sono progettate per fornire valore a lungo termine. Concentrandoci su miglioramenti sostenibili, aiutiamo i clienti a raggiungere una crescita continua delle vendite, massimizzando il ritorno sull&#039;investimento.<\/li>\n\n\n\n<li><strong>Opzioni di pagamento flessibili<\/strong>: Offriamo opzioni di pagamento flessibili per soddisfare le diverse esigenze finanziarie dei nostri clienti, garantendo l&#039;accessibilit\u00e0 dei nostri servizi a numerose aziende.<\/li>\n\n\n\n<li><strong>Approccio basato sul valore<\/strong>: A <a href=\"https:\/\/twitter.com\/SISIntlResearch\" target=\"_blank\" rel=\"noopener\">SIS<\/a>, forniamo servizi basati sul valore che contribuiscono direttamente alla crescita aziendale. Il nostro approccio garantisce ai clienti di ottenere il massimo dal loro investimento senza compromettere la qualit\u00e0.<\/li>\n<\/ul>\n\n\n\n<h2 class=\"wp-block-heading\"><strong>A proposito di SIS Internazionale<\/strong><\/h2>\n\n\n\n<p><a href=\"https:\/\/www.sisinternational.com\/it\/\">SIS Internazionale<\/a> offre ricerca quantitativa, qualitativa e strategica. Forniamo dati, strumenti, strategie, report e approfondimenti per il processo decisionale. Conduciamo anche interviste, sondaggi, focus group e altri metodi e approcci di ricerca di mercato.<a href=\"https:\/\/www.sisinternational.com\/it\/sulla-sua-ricerca-internazionale\/contact-sis-international-market-research\/\"> Contattaci<\/a> per il tuo prossimo progetto di ricerca di mercato.<\/p>\n\n\n\n<hr class=\"wp-block-separator has-alpha-channel-opacity\"\/>","protected":false},"excerpt":{"rendered":"<p>Top B2B Sales Optimization Company In today\u2019s competitive B2B landscape, the ability to optimize sales processes is a key differentiator between successful businesses and those that struggle to grow.&nbsp; Sales optimization is about refining every aspect of the sales cycle\u2014from lead generation to closing deals\u2014to maximize efficiency and profitability. SIS International is a top B2B &#8230; <a title=\"La migliore azienda di ottimizzazione delle vendite B2B\" class=\"read-more\" href=\"https:\/\/www.sisinternational.com\/it\/soluzioni\/ricerche-di-mercato-b2b\/migliore-azienda-di-ottimizzazione-delle-vendite-b2b\/\" aria-label=\"Per saperne di pi\u00f9 su Top B2B Sales Optimization Company\">Leggi tutto<\/a><\/p>","protected":false},"author":1,"featured_media":62841,"parent":11292,"menu_order":7,"comment_status":"closed","ping_status":"closed","template":"","meta":{"footnotes":""},"class_list":["post-53885","page","type-page","status-publish","has-post-thumbnail"],"_links":{"self":[{"href":"https:\/\/www.sisinternational.com\/it\/wp-json\/wp\/v2\/pages\/53885","targetHints":{"allow":["GET"]}}],"collection":[{"href":"https:\/\/www.sisinternational.com\/it\/wp-json\/wp\/v2\/pages"}],"about":[{"href":"https:\/\/www.sisinternational.com\/it\/wp-json\/wp\/v2\/types\/page"}],"author":[{"embeddable":true,"href":"https:\/\/www.sisinternational.com\/it\/wp-json\/wp\/v2\/users\/1"}],"replies":[{"embeddable":true,"href":"https:\/\/www.sisinternational.com\/it\/wp-json\/wp\/v2\/comments?post=53885"}],"version-history":[{"count":17,"href":"https:\/\/www.sisinternational.com\/it\/wp-json\/wp\/v2\/pages\/53885\/revisions"}],"predecessor-version":[{"id":76341,"href":"https:\/\/www.sisinternational.com\/it\/wp-json\/wp\/v2\/pages\/53885\/revisions\/76341"}],"up":[{"embeddable":true,"href":"https:\/\/www.sisinternational.com\/it\/wp-json\/wp\/v2\/pages\/11292"}],"wp:featuredmedia":[{"embeddable":true,"href":"https:\/\/www.sisinternational.com\/it\/wp-json\/wp\/v2\/media\/62841"}],"wp:attachment":[{"href":"https:\/\/www.sisinternational.com\/it\/wp-json\/wp\/v2\/media?parent=53885"}],"curies":[{"name":"wp","href":"https:\/\/api.w.org\/{rel}","templated":true}]}}