{"id":53780,"date":"2024-10-26T01:27:58","date_gmt":"2024-10-26T05:27:58","guid":{"rendered":"https:\/\/www.sisinternational.com\/?page_id=53780"},"modified":"2026-03-11T19:48:15","modified_gmt":"2026-03-11T23:48:15","slug":"ricerca-sui-consumatori-di-veicoli-elettrici","status":"publish","type":"page","link":"https:\/\/www.sisinternational.com\/it\/competenza\/ricerche-di-mercato-automobilistiche\/ricerca-sui-consumatori-di-veicoli-elettrici\/","title":{"rendered":"Perch\u00e9 la ricerca sui consumatori nel settore automobilistico \u00e8 cos\u00ec importante oggi, con il futuro dei veicoli elettrici"},"content":{"rendered":"<h1 class=\"wp-block-heading\">Perch\u00e9 la ricerca sui consumatori nel settore automobilistico \u00e8 cos\u00ec importante oggi, con il futuro dei veicoli elettrici<\/h1>\n\n\n\n<figure class=\"gb-block-image gb-block-image-99091ae2\"><img loading=\"lazy\" decoding=\"async\" width=\"1456\" height=\"816\" class=\"gb-image gb-image-99091ae2\" src=\"https:\/\/www.sisinternational.com\/wp-content\/uploads\/2025\/08\/Automotive-10.jpg\" alt=\"Ricerca e strategia di mercato internazionale SIS\" title=\"Automotive (10)\" srcset=\"https:\/\/www.sisinternational.com\/wp-content\/uploads\/2025\/08\/Automotive-10.jpg 1456w, https:\/\/www.sisinternational.com\/wp-content\/uploads\/2025\/08\/Automotive-10-300x168.jpg 300w, https:\/\/www.sisinternational.com\/wp-content\/uploads\/2025\/08\/Automotive-10-1024x574.jpg 1024w, https:\/\/www.sisinternational.com\/wp-content\/uploads\/2025\/08\/Automotive-10-768x430.jpg 768w, https:\/\/www.sisinternational.com\/wp-content\/uploads\/2025\/08\/Automotive-10-18x10.jpg 18w\" sizes=\"auto, (max-width: 1456px) 100vw, 1456px\"><\/figure>\n\n\n\n<p><\/p>\n\n\n\n<hr class=\"wp-block-separator has-alpha-channel-opacity is-style-dots\"\/>\n\n\n\n<p>Cosa serve alle aziende automobilistiche per tenere il passo con il comportamento dei consumatori nel panorama in rapida evoluzione dei veicoli elettrici? La ricerca sui consumatori automobilistici per i veicoli elettrici sta diventando sempre pi\u00f9 critica man mano che il settore si sposta verso soluzioni pi\u00f9 ecologiche e innovative. Con i veicoli elettrici (EV) che guadagnano popolarit\u00e0, comprendere le preferenze, le preoccupazioni e le motivazioni dei consumatori \u00e8 essenziale per le case automobilistiche, i decisori politici e gli investitori.<\/p>\n\n\n\n<h2 class=\"wp-block-heading\"><strong>Quindi... cos&#039;\u00e8 la ricerca sui consumatori del settore automobilistico per i veicoli elettrici?<\/strong><\/h2>\n\n\n\n<h3 class=\"wp-block-heading\">&quot;La ricerca sui consumatori di veicoli elettrici aiuta a identificare le tendenze del mercato, gli atteggiamenti dei consumatori e i fattori che influenzano l&#039;adozione dei veicoli elettrici&quot;.<\/h3>\n\n\n\n<p>Automotive consumer <a href=\"https:\/\/www.sisinternational.com\/it\/prospettive-sui-veicoli-elettrici-2013\/\" title=\"Ricerche di mercato sui veicoli ibridi ed elettrici\" data-wpil-monitor-id=\"6622\">research on electric vehicles<\/a> studies potential EV buyers&#8217; needs, preferences, and behaviors. This research provides valuable insights for automakers developing and marketing <a href=\"https:\/\/www.sisinternational.com\/it\/le-basi-neurobiologiche-delle-scelte-del-consumatore\/\" title=\"Ricerche di mercato sul neuromarketing dei consumatori\" data-wpil-monitor-id=\"6978\">electric vehicles<\/a> that meet consumer expectations.<\/p>\n\n\n\n<p>The scope of <a href=\"https:\/\/www.sisinternational.com\/it\/mercato-globale-dei-sensori-automobilistici\/\" title=\"Ricerche di mercato sui sensori automobilistici\" data-wpil-monitor-id=\"7540\">automotive consumer research<\/a> includes:<\/p>\n\n\n\n<ul class=\"wp-block-list\">\n<li><strong>Analisi delle tendenze del mercato:<\/strong> Comprendere la crescita e i cambiamenti nella domanda di veicoli elettrici da parte dei consumatori, compresi i modelli e le caratteristiche pi\u00f9 ricercati.<br><\/li>\n\n\n\n<li><strong>Atteggiamenti e motivazioni dei consumatori:<\/strong> Identificare i fattori che influenzano la decisione dei consumatori di passare ai veicoli elettrici, come preoccupazioni ambientali, risparmi sui costi o progressi tecnologici.<br><\/li>\n\n\n\n<li><strong>Barriere all&#039;adozione:<\/strong> Indagare sulle sfide che i consumatori devono affrontare nell&#039;adozione di veicoli elettrici, come l&#039;ansia da autonomia, gli elevati costi iniziali e la mancanza di infrastrutture di ricarica.<br><\/li>\n\n\n\n<li><strong>Analisi dei concorrenti:<\/strong> Analyzing competitors&#8217; <a href=\"https:\/\/www.sisinternational.com\/it\/piu-collegi-elettorali-influenzatori-indiretti-negli-acquisti-dei-consumatori\/\" title=\"Influencer multipli negli acquisti dei consumatori\" data-wpil-monitor-id=\"2277\">strategies<\/a> and offerings in the EV market to understand what drives consumer choice.<\/li>\n<\/ul>\n\n\n\n<p><\/p>\n\n\n\n<p>Conducting automotive consumer research on <a href=\"https:\/\/www.sisinternational.com\/it\/copertura\/ricerche-di-mercato-africane\/ricerche-di-mercato-in-nigeria\/\" title=\"Ricerche di mercato in Nigeria\" data-wpil-monitor-id=\"5380\">electric vehicles is vital<\/a> for understanding market dynamics and ensuring that automakers meet their customers&#8217; evolving needs. Recent studies have shown that consumers are more interested in extended battery ranges and advanced in-car technology, such as enhanced connectivity features and autonomous driving capabilities, as they consider EV purchases.<\/p>\n\n\n\n<h2 class=\"wp-block-heading\"><strong>Risorse chiave per condurre ricerche sui consumatori di veicoli elettrici<\/strong><\/h2>\n\n\n\n<figure class=\"gb-block-image gb-block-image-f3e2459d\"><img loading=\"lazy\" decoding=\"async\" width=\"1456\" height=\"816\" class=\"gb-image gb-image-f3e2459d\" src=\"https:\/\/www.sisinternational.com\/wp-content\/uploads\/2025\/08\/Automotive-11.jpg\" alt=\"Ricerca e strategia di mercato internazionale SIS\" title=\"Automotive (11)\" srcset=\"https:\/\/www.sisinternational.com\/wp-content\/uploads\/2025\/08\/Automotive-11.jpg 1456w, https:\/\/www.sisinternational.com\/wp-content\/uploads\/2025\/08\/Automotive-11-300x168.jpg 300w, https:\/\/www.sisinternational.com\/wp-content\/uploads\/2025\/08\/Automotive-11-1024x574.jpg 1024w, https:\/\/www.sisinternational.com\/wp-content\/uploads\/2025\/08\/Automotive-11-768x430.jpg 768w, https:\/\/www.sisinternational.com\/wp-content\/uploads\/2025\/08\/Automotive-11-18x10.jpg 18w\" sizes=\"auto, (max-width: 1456px) 100vw, 1456px\"><\/figure>\n\n\n\n<p><\/p>\n\n\n\n<h3 class=\"wp-block-heading\">Per condurre una ricerca efficace sui consumatori di veicoli elettrici, \u00e8 importante utilizzare diverse risorse, dai sondaggi e dai rapporti di mercato agli strumenti di analisi online.<\/h3>\n\n\n\n<p>Per condurre una ricerca completa sui consumatori di veicoli elettrici sono essenziali diverse risorse, tra cui:<\/p>\n\n\n\n<ul class=\"wp-block-list\">\n<li><strong>Sondaggi sui consumatori e focus group:<\/strong> Condurre sondaggi tra i consumatori e organizzare focus group aiuta a raccogliere feedback dai potenziali acquirenti sulle loro preferenze, preoccupazioni e motivazioni per la scelta di veicoli elettrici.<br><\/li>\n\n\n\n<li><strong>Strumenti di analisi dei social media:<\/strong> Tools like Brandwatch and Hootsuite allow <a href=\"https:\/\/www.sisinternational.com\/it\/i-nuovi-trend-di-analisi-dei-consumatori-americani-che-si-presentano-a-noi-retailer\/\" title=\"La nuova analisi dei consumatori americani: tendenze dei rivenditori statunitensi\" data-wpil-monitor-id=\"2707\">researchers to analyze consumer<\/a> sentiment about electric vehicles, track trending topics, and understand public perception.<br><\/li>\n\n\n\n<li><strong>Forum e comunit\u00e0 online:<\/strong> Piattaforme come Reddit e community specifiche per i veicoli elettrici sono ottime fonti per comprendere le opinioni dei consumatori, le domande pi\u00f9 comuni e le sfide legate ai veicoli elettrici.<br><\/li>\n\n\n\n<li><strong>Dati di case automobilistiche e concessionarie:<\/strong> Le informazioni fornite dalle case automobilistiche e dai concessionari in merito alle richieste dei consumatori, ai dati dei test drive e alle performance di vendita sono essenziali per comprendere le preferenze dei consumatori.<br><\/li>\n<\/ul>\n\n\n\n<p>L&#039;utilizzo di queste risorse aiuta a garantire che la ricerca sia completa e basata su dati reali dei consumatori, fornendo alle case automobilistiche le informazioni di cui hanno bisogno per avere successo nel crescente mercato dei veicoli elettrici. Ad esempio, i dati dei focus group condotti nelle aree urbane di New York e Los Angeles hanno indicato che l&#039;accesso a un&#039;infrastruttura di ricarica affidabile \u00e8 una preoccupazione primaria per molti potenziali acquirenti di veicoli elettrici, mentre le comunit\u00e0 rurali spesso danno priorit\u00e0 all&#039;accessibilit\u00e0 economica e all&#039;autonomia di guida.<\/p>\n\n\n\n<h2 class=\"wp-block-heading\"><strong>Metodi per condurre ricerche sui consumatori di veicoli elettrici<\/strong><\/h2>\n\n\n\n<p>Per condurre ricerche sui consumatori di veicoli elettrici si possono utilizzare vari metodi, ad esempio:<\/p>\n\n\n\n<ul class=\"wp-block-list\">\n<li><strong>Sondaggi e sondaggi online:<\/strong> La distribuzione di sondaggi online aiuta a raccogliere dati sulle preferenze dei consumatori, sugli atteggiamenti nei confronti dei veicoli elettrici e sulla disponibilit\u00e0 ad adottare la tecnologia EV.<br><\/li>\n\n\n\n<li><strong>Focus Group e Interviste:<\/strong> I focus group e le interviste individuali con i consumatori possono aiutare a comprendere meglio le loro percezioni, motivazioni e timori riguardo ai veicoli elettrici.<br><\/li>\n\n\n\n<li><strong>Mappatura del percorso del cliente:<\/strong> Mappare il percorso del consumatore, dall&#039;interesse iniziale all&#039;acquisto, aiuta a identificare i punti critici e le opportunit\u00e0 per migliorare l&#039;esperienza di acquisto dei veicoli elettrici.<br><\/li>\n\n\n\n<li><strong>Ascolto sui social media:<\/strong> Il monitoraggio delle piattaforme dei social media consente ai ricercatori di tracciare le discussioni, le preoccupazioni e l&#039;entusiasmo dei consumatori riguardo ai veicoli elettrici.<br><\/li>\n\n\n\n<li><strong>Test drive e prove di prodotto:<\/strong> L&#039;analisi dei dati provenienti dai test drive e dalle prove di prodotto dei veicoli elettrici fornisce informazioni sui fattori che influenzano le decisioni di acquisto, come le prestazioni, il design e la tecnologia del veicolo.<\/li>\n<\/ul>\n\n\n\n<p><\/p>\n\n\n\n<h2 class=\"wp-block-heading\"><strong>Limitazioni della conduzione di ricerche sui consumatori di veicoli elettrici<\/strong><\/h2>\n\n\n\n<figure class=\"gb-block-image gb-block-image-e773ac84\"><img loading=\"lazy\" decoding=\"async\" width=\"1456\" height=\"816\" class=\"gb-image gb-image-e773ac84\" src=\"https:\/\/www.sisinternational.com\/wp-content\/uploads\/2025\/09\/Automotive-Market-Research-in-Europe-2.jpg\" alt=\"Ricerca e strategia di mercato internazionale SIS\" title=\"Automotive Market Research in Europe (2)\" srcset=\"https:\/\/www.sisinternational.com\/wp-content\/uploads\/2025\/09\/Automotive-Market-Research-in-Europe-2.jpg 1456w, https:\/\/www.sisinternational.com\/wp-content\/uploads\/2025\/09\/Automotive-Market-Research-in-Europe-2-300x168.jpg 300w, https:\/\/www.sisinternational.com\/wp-content\/uploads\/2025\/09\/Automotive-Market-Research-in-Europe-2-1024x574.jpg 1024w, https:\/\/www.sisinternational.com\/wp-content\/uploads\/2025\/09\/Automotive-Market-Research-in-Europe-2-768x430.jpg 768w, https:\/\/www.sisinternational.com\/wp-content\/uploads\/2025\/09\/Automotive-Market-Research-in-Europe-2-18x10.jpg 18w\" sizes=\"auto, (max-width: 1456px) 100vw, 1456px\"><\/figure>\n\n\n\n<p><\/p>\n\n\n\n<h3 class=\"wp-block-heading\">&quot;La ricerca sui veicoli elettrici nel settore automobilistico presenta sfide uniche, dalla rapida evoluzione della tecnologia alle idee sbagliate dei consumatori e alle limitazioni dei dati&quot;.<\/h3>\n\n\n\n<p>Condurre ricerche sui consumatori di veicoli elettrici non \u00e8 privo di sfide. Alcune delle sfide principali includono:<\/p>\n\n\n\n<ul class=\"wp-block-list\">\n<li><strong>Rapidi progressi tecnologici:<\/strong> Il ritmo rapido dello sviluppo tecnologico dei veicoli elettrici rende difficile per i ricercatori rimanere aggiornati sulle ultime tendenze e sulle caratteristiche che interessano ai consumatori.<br><\/li>\n\n\n\n<li><strong>Ansia da autonomia e idee sbagliate:<\/strong> Molti consumatori hanno ancora idee sbagliate sui veicoli elettrici, come limitazioni di autonomia e difficolt\u00e0 di ricarica. Comprendere e affrontare queste preoccupazioni \u00e8 una sfida significativa nella ricerca sui consumatori.<br><\/li>\n\n\n\n<li><strong>Costi iniziali elevati:<\/strong> L&#039;elevato costo iniziale dei veicoli elettrici pu\u00f2 scoraggiare i potenziali acquirenti, rendendo essenziale per i ricercatori comprendere in che modo i prezzi influenzano le decisioni dei consumatori.<br><\/li>\n\n\n\n<li><strong>Disponibilit\u00e0 limitata dei dati:<\/strong> Rispetto ai veicoli tradizionali, i dati sull&#039;utilizzo e sulle preferenze dei veicoli elettrici possono essere limitati, rendendo pi\u00f9 difficile trarre conclusioni conclusive.<br><\/li>\n\n\n\n<li><strong>Diversit\u00e0 dei consumatori:<\/strong> Gli atteggiamenti dei consumatori verso i veicoli elettrici variano in base a dati demografici quali et\u00e0, posizione geografica e reddito. Condurre ricerche che riflettano accuratamente questa diversit\u00e0 pu\u00f2 essere impegnativo.<\/li>\n<\/ul>\n\n\n\n<p><\/p>\n\n\n\n<h2 class=\"wp-block-heading\"><strong>Il futuro della ricerca sui consumatori di veicoli elettrici<\/strong><\/h2>\n\n\n\n<p>La ricerca sui consumatori di veicoli elettrici nel settore automobilistico si sta evolvendo, con nuove tendenze che modellano il modo in cui i produttori di automobili e i ricercatori comprendono il comportamento dei consumatori. Ecco alcune direzioni future:<\/p>\n\n\n\n<ul class=\"wp-block-list\">\n<li><strong>Integrazione dei dati e analisi dell&#039;intelligenza artificiale:<\/strong> Using AI and machine learning to analyze large datasets will help <a href=\"https:\/\/www.sisinternational.com\/it\/caso-di-studio-ipotetico-di-consumer-analytics-eharmony\/\" title=\"Analisi dei consumatori: caso di studio ipotetico di eHarmony\" data-wpil-monitor-id=\"4317\">researchers gain deeper insights into consumer<\/a> behavior, preferences, and future trends.<br><\/li>\n\n\n\n<li><strong>Sistemi di feedback in tempo reale:<\/strong> I dati in tempo reale provenienti da veicoli connessi, app mobili e stazioni di ricarica per veicoli elettrici consentiranno alle case automobilistiche di comprendere il comportamento dei consumatori e di adattarsi alle mutevoli esigenze.<br><\/li>\n\n\n\n<li><strong>Marketing personalizzato:<\/strong> Man mano che le case automobilistiche raccolgono pi\u00f9 dati sui consumatori, possono creare campagne di marketing pi\u00f9 mirate e personalizzate per attrarre segmenti specifici del mercato dei veicoli elettrici.<br><\/li>\n\n\n\n<li><strong>Considerazioni sostenibili ed etiche:<\/strong> I consumatori stanno dando sempre pi\u00f9 priorit\u00e0 alla sostenibilit\u00e0. I ricercatori devono comprendere come considerazioni etiche, come la fonte dei materiali delle batterie, influenzano le decisioni di acquisto.<br><\/li>\n<\/ul>\n\n\n\n<p>By staying ahead of these trends, automotive consumer research for electric <a href=\"https:\/\/www.sisinternational.com\/it\/competenza\/industrie\/ricerche-di-mercato-automobilistiche\/futuro-dei-veicoli-elettrici-negli-usa\/\" title=\"The Future of Electric Vehicles in the USA \u2013 The Next 5 Years\" data-wpil-monitor-id=\"1835\">vehicles<\/a> will be more effective in understanding and meeting the needs of the future EV market. Recent developments, such as integrating smart grid technology and vehicle-to-grid systems, are poised to reshape how consumers perceive electric vehicles, making them more attractive as transportation and energy storage solutions.<\/p>\n\n\n\n<h2 class=\"wp-block-heading\"><strong>Cosa rende SIS International il partner ideale per la ricerca sui consumatori del settore automobilistico per veicoli elettrici?<\/strong><\/h2>\n\n\n\n<p><a href=\"https:\/\/www.linkedin.com\/company\/sisinternationalresearch\/\" target=\"_blank\" rel=\"noopener\">SIS Internazionale<\/a> si impegna a fornire servizi di ricerca sui consumatori di alta qualit\u00e0 che soddisfano specificamente le esigenze del mercato dei veicoli elettrici. Ecco alcuni motivi per cui SIS International \u00e8 il miglior partner per la ricerca sui consumatori nel settore automobilistico per veicoli elettrici:<\/p>\n\n\n\n<ul class=\"wp-block-list\">\n<li><strong>Competenza nella ricerca automobilistica:<\/strong> Il nostro team vanta una vasta esperienza nella conduzione di ricerche nel settore automobilistico, compresi i veicoli elettrici, il che ci rende esperti delle sfide e delle opportunit\u00e0 del settore.<br><\/li>\n\n\n\n<li><span style=\"box-sizing: border-box; margin: 0px; padding: 0px;\"><strong>Approfondimenti basati sui dati:<\/strong>&nbsp;Utilizziamo metodi di ricerca quantitativi e qualitativi supportati dall&#039;analisi dei dati per fornire ai nostri clienti informazioni fruibili.<\/span><br><\/li>\n\n\n\n<li><strong>Accesso ai dati demografici target:<\/strong> Disponiamo degli strumenti e delle competenze per raggiungere un&#039;ampia gamma di consumatori, garantendo che la nostra ricerca rappresenti i vari segmenti del mercato dei veicoli elettrici.<br><\/li>\n\n\n\n<li><strong>Soluzioni di ricerca personalizzate:<\/strong> <a href=\"https:\/\/twitter.com\/SISIntlResearch\" target=\"_blank\" rel=\"noopener\">SIS<\/a> fornisce soluzioni di ricerca personalizzate che rispondono alle esigenze specifiche dei nostri clienti, garantendo loro di ricevere i dati pi\u00f9 pertinenti e impattanti. <br><\/li>\n\n\n\n<li><strong>Partnership strategiche con leader del settore:<\/strong> Grazie alle collaborazioni con case automobilistiche e aziende tecnologiche, SIS International \u00e8 sempre al passo con i progressi tecnologici e offre le informazioni pi\u00f9 recenti.<br><\/li>\n\n\n\n<li><strong>Approcci di ricerca sostenibili:<\/strong> <a href=\"https:\/\/medium.com\/@sisinternational\/sis-international-c17160da8fac\" target=\"_blank\" rel=\"noopener\">SIS<\/a> si concentra sulla sostenibilit\u00e0, fornendo spunti che aiutano i clienti a comprendere le aspettative dei consumatori in merito a pratiche pi\u00f9 ecologiche nel settore automobilistico.<br><\/li>\n\n\n\n<li><strong>Studi etnografici approfonditi:<\/strong> Il nostro team conduce ricerche etnografiche che forniscono una comprensione pi\u00f9 approfondita del modo in cui i consumatori interagiscono con i veicoli elettrici in situazioni di vita reale, dagli ambienti urbani alle aree rurali.<br><\/li>\n<\/ul>\n\n\n<h2>La nostra sede a New York<\/h2>\n<p><!-- \/wp:post-content --> <!-- wp:html --> <iframe loading=\"lazy\" src=\"https:\/\/www.google.com\/maps\/embed?pb=!1m18!1m12!1m3!1d3022.976188376966!2d-73.99130312499956!3d40.740549471389315!2m3!1f0!2f0!3f0!3m2!1i1024!2i768!4f13.1!3m3!1m2!1s0x89c259a15798c731%3A0xd695d09bdd495f25!2s11%20E%2022nd%20St%20FL%202%2C%20New%20York%2C%20NY%2010010%2C%20USA!5e0!3m2!1sen!2spe!4v1726171763526!5m2!1sen!2spe\" width=\"600\" height=\"450\" allowfullscreen=\"allowfullscreen\" data-mce-fragment=\"1\"><\/iframe> <!-- \/wp:html --> <!-- wp:paragraph --><\/p>\n<h3 class=\"wp-block-heading\">11 E 22nd Street, Piano 2, New York, NY 10010 T: +1(212) 505-6805<\/h3>\n<hr \/>\n<h2><span style=\"font-weight: 400;\">A proposito di SIS Internazionale<\/span><\/h2>\n<p><a href=\"https:\/\/www.sisinternational.com\/it\/\"><span style=\"font-weight: 400;\">SIS Internazionale<\/span><\/a><span style=\"font-weight: 400;\"> offre ricerca quantitativa, qualitativa e strategica. Forniamo dati, strumenti, strategie, report e approfondimenti per il processo decisionale. Conduciamo anche interviste, sondaggi, focus group e altri metodi e approcci di ricerca di mercato.<\/span><a href=\"https:\/\/www.sisinternational.com\/it\/sulla-sua-ricerca-internazionale\/contact-sis-international-market-research\/\"><span style=\"font-weight: 400;\"> Contattaci<\/span><\/a><span style=\"font-weight: 400;\"> per il tuo prossimo progetto di ricerca di mercato.<\/span><\/p>\n<\/p>","protected":false},"excerpt":{"rendered":"<p>Why Automotive Consumer Research is So Vital Today with the Future of Electric Vehicles What does it take for automotive companies to keep up with consumer behavior in the rapidly evolving landscape of electric vehicles? Automotive consumer research for electric vehicles is becoming increasingly critical as the industry shifts towards greener and more innovative solutions. &#8230; <a title=\"Perch\u00e9 la ricerca sui consumatori nel settore automobilistico \u00e8 cos\u00ec importante oggi, con il futuro dei veicoli elettrici\" class=\"read-more\" href=\"https:\/\/www.sisinternational.com\/it\/competenza\/ricerche-di-mercato-automobilistiche\/ricerca-sui-consumatori-di-veicoli-elettrici\/\" aria-label=\"Per saperne di pi\u00f9 su Why Automotive Consumer Research is So Vital Today with the Future of Electric Vehicles\">Leggi tutto<\/a><\/p>","protected":false},"author":1,"featured_media":62615,"parent":11155,"menu_order":3,"comment_status":"closed","ping_status":"closed","template":"","meta":{"footnotes":""},"class_list":["post-53780","page","type-page","status-publish","has-post-thumbnail"],"_links":{"self":[{"href":"https:\/\/www.sisinternational.com\/it\/wp-json\/wp\/v2\/pages\/53780","targetHints":{"allow":["GET"]}}],"collection":[{"href":"https:\/\/www.sisinternational.com\/it\/wp-json\/wp\/v2\/pages"}],"about":[{"href":"https:\/\/www.sisinternational.com\/it\/wp-json\/wp\/v2\/types\/page"}],"author":[{"embeddable":true,"href":"https:\/\/www.sisinternational.com\/it\/wp-json\/wp\/v2\/users\/1"}],"replies":[{"embeddable":true,"href":"https:\/\/www.sisinternational.com\/it\/wp-json\/wp\/v2\/comments?post=53780"}],"version-history":[{"count":17,"href":"https:\/\/www.sisinternational.com\/it\/wp-json\/wp\/v2\/pages\/53780\/revisions"}],"predecessor-version":[{"id":84372,"href":"https:\/\/www.sisinternational.com\/it\/wp-json\/wp\/v2\/pages\/53780\/revisions\/84372"}],"up":[{"embeddable":true,"href":"https:\/\/www.sisinternational.com\/it\/wp-json\/wp\/v2\/pages\/11155"}],"wp:featuredmedia":[{"embeddable":true,"href":"https:\/\/www.sisinternational.com\/it\/wp-json\/wp\/v2\/media\/62615"}],"wp:attachment":[{"href":"https:\/\/www.sisinternational.com\/it\/wp-json\/wp\/v2\/media?parent=53780"}],"curies":[{"name":"wp","href":"https:\/\/api.w.org\/{rel}","templated":true}]}}