{"id":53737,"date":"2024-10-18T00:32:46","date_gmt":"2024-10-18T04:32:46","guid":{"rendered":"https:\/\/www.sisinternational.com\/?page_id=53737"},"modified":"2026-03-11T11:32:32","modified_gmt":"2026-03-11T15:32:32","slug":"testare-profumi-e-prodotti-per-la-cura-della-persona-a-new-york","status":"publish","type":"page","link":"https:\/\/www.sisinternational.com\/it\/soluzioni\/ricerche-di-mercato-sui-prodotti-di-bellezza\/testare-profumi-e-prodotti-per-la-cura-della-persona-a-new-york\/","title":{"rendered":"Il vantaggio strategico di testare profumi e prodotti per la cura della persona a New York"},"content":{"rendered":"<h1 class=\"wp-block-heading\">Il vantaggio strategico di testare profumi e prodotti per la cura della persona a New York <\/h1>\n\n\n\n<figure class=\"gb-block-image gb-block-image-d610e1a6\"><img loading=\"lazy\" decoding=\"async\" width=\"1456\" height=\"816\" class=\"gb-image gb-image-d610e1a6\" src=\"https:\/\/www.sisinternational.com\/wp-content\/uploads\/2025\/08\/Perfume-cologne-fragance-7.jpg\" alt=\"Ricerca e strategia di mercato internazionale SIS\" title=\"Perfume cologne fragance (7)\" srcset=\"https:\/\/www.sisinternational.com\/wp-content\/uploads\/2025\/08\/Perfume-cologne-fragance-7.jpg 1456w, https:\/\/www.sisinternational.com\/wp-content\/uploads\/2025\/08\/Perfume-cologne-fragance-7-300x168.jpg 300w, https:\/\/www.sisinternational.com\/wp-content\/uploads\/2025\/08\/Perfume-cologne-fragance-7-1024x574.jpg 1024w, https:\/\/www.sisinternational.com\/wp-content\/uploads\/2025\/08\/Perfume-cologne-fragance-7-768x430.jpg 768w, https:\/\/www.sisinternational.com\/wp-content\/uploads\/2025\/08\/Perfume-cologne-fragance-7-18x10.jpg 18w\" sizes=\"auto, (max-width: 1456px) 100vw, 1456px\"><\/figure>\n\n\n\n<p><\/p>\n\n\n\n<h3 class=\"wp-block-heading\">L&#039;influenza globale della citt\u00e0 e il suo ambiente commerciale di alto profilo la rendono un potente trampolino di lancio per perfezionare prodotti e strategie prima di un lancio a livello nazionale.&nbsp;<\/h3>\n\n\n\n<p>Nel competitivo mondo delle fragranze e dei prodotti per la cura della persona, entrare nel mercato statunitense richiede un approccio strategico per garantire il successo. Con la sua vasta base di consumatori, New York City si distingue come un mercato di prova ideale per questi prodotti. Ecco perch\u00e9 testare fragranze e prodotti per la cura della persona a New York offre vantaggi unici, fornendo alle aziende informazioni chiave sulle preferenze dei consumatori e sulle tendenze del mercato.&nbsp;<\/p>\n\n\n\n<h2 class=\"wp-block-heading\">Perch\u00e9 New York City?<\/h2>\n\n\n\n<p>New York City\u2019s population is one of the most diverse in the world, encompassing a wide array of cultures, ethnicities, and socioeconomic backgrounds. This diversity provides a unique opportunity for testing fragrances and <a href=\"https:\/\/www.sisinternational.com\/it\/soluzioni\/focus-group\/focus-group-on-personal-care-products\/\" title=\"Focus Group on Personal Care Products\"  data-wpil-monitor-id=\"875\">personal care products<\/a> in a market that mirrors a broad spectrum of consumer preferences.&nbsp;<\/p>\n\n\n\n<p>L&#039;ambiente multiculturale della citt\u00e0 aiuta anche a identificare tendenze e preferenze emergenti che potrebbero non essere evidenti in mercati meno diversificati. Ad esempio, note di fragranze specifiche o ingredienti per la cura della persona potrebbero attrarre maggiormente gruppi culturali specifici, fornendo dati critici che possono guidare lo sviluppo del prodotto e le strategie di marketing.<\/p>\n\n\n\n<h4 class=\"wp-block-heading\"><strong>Visibilit\u00e0 del mercato<\/strong><\/h4>\n\n\n\n<p>Lo status di New York come grande citt\u00e0 globale significa che i prodotti testati qui beneficiano di un&#039;elevata visibilit\u00e0 ed esposizione mediatica. L&#039;influenza della citt\u00e0 sulle tendenze di moda, bellezza e stile di vita pu\u00f2 amplificare l&#039;impatto del lancio di un prodotto. Il successo a New York pu\u00f2 migliorare significativamente la reputazione e la credibilit\u00e0 di un marchio, rendendo pi\u00f9 facile ottenere trazione in altri mercati statunitensi e internazionali.<\/p>\n\n\n\n<p>Eventi di alto profilo, come le settimane della moda e le fiere di settore, accrescono ulteriormente la visibilit\u00e0 dei prodotti testati a New York.&nbsp;<\/p>\n\n\n\n<h4 class=\"wp-block-heading\"><strong>Ambiente di vendita al dettaglio avanzato<\/strong><\/h4>\n\n\n\n<p>New York City is home to some of the world&#8217;s most sophisticated and trend-setting retail environments. From flagship stores on Fifth Avenue to upscale boutiques in SoHo, NYC\u2019s retail landscape offers an ideal setting for <a href=\"https:\/\/www.sisinternational.com\/it\/soluzioni\/soluzioni-di-ricerca-quantitativa-qualitativa\/il-vantaggio-di-testare-i-prodotti-a-new-york-rispetto-a-los-angeles\/\" title=\"Il vantaggio di testare i prodotti a New York rispetto a Los Angeles\"  data-wpil-monitor-id=\"1576\">testing new products<\/a>. The city\u2019s retail sector is known for its innovation and high standards, which provide a rigorous testing ground for evaluating product performance.<\/p>\n\n\n\n<p>Le partnership di vendita al dettaglio a New York consentono alle aziende di sperimentare diverse strategie di vendita al dettaglio, tra cui promozioni in negozio, eventi di campionamento e lanci esclusivi. Questo ambiente aiuta i marchi a valutare le reazioni dei consumatori in un contesto reale e ad apportare le modifiche necessarie prima di un rilascio pi\u00f9 ampio.<\/p>\n\n\n\n<h2 class=\"wp-block-heading\">Quali sono le migliori strategie per testare profumi e prodotti per la cura della persona a New York?<\/h2>\n\n\n\n<figure class=\"gb-block-image gb-block-image-d48d6d31\"><img loading=\"lazy\" decoding=\"async\" width=\"1456\" height=\"816\" class=\"gb-image gb-image-d48d6d31\" src=\"https:\/\/www.sisinternational.com\/wp-content\/uploads\/2025\/08\/Perfume-cologne-fragance-3.jpg\" alt=\"Ricerca e strategia di mercato internazionale SIS\" title=\"Perfume cologne fragance (3)\" srcset=\"https:\/\/www.sisinternational.com\/wp-content\/uploads\/2025\/08\/Perfume-cologne-fragance-3.jpg 1456w, https:\/\/www.sisinternational.com\/wp-content\/uploads\/2025\/08\/Perfume-cologne-fragance-3-300x168.jpg 300w, https:\/\/www.sisinternational.com\/wp-content\/uploads\/2025\/08\/Perfume-cologne-fragance-3-1024x574.jpg 1024w, https:\/\/www.sisinternational.com\/wp-content\/uploads\/2025\/08\/Perfume-cologne-fragance-3-768x430.jpg 768w, https:\/\/www.sisinternational.com\/wp-content\/uploads\/2025\/08\/Perfume-cologne-fragance-3-18x10.jpg 18w\" sizes=\"auto, (max-width: 1456px) 100vw, 1456px\"><\/figure>\n\n\n\n<p><\/p>\n\n\n\n<p><a href=\"https:\/\/www.sisinternational.com\/it\/soluzioni\/soluzioni-di-ricerca-quantitativa-qualitativa\/sis-sensory-testing-of-personal-care-products\/\" title=\"SIS Sensory Testing of Personal Care Products\"  data-wpil-monitor-id=\"1392\">Testing fragrances and personal care products<\/a> in New York City requires a strategic approach to effectively gauge consumer reactions and refine product offerings \u2013 and New York\u2019s unique market environment presents distinct opportunities and challenges, making it essential for businesses to employ tailored testing strategies.&nbsp;<\/p>\n\n\n\n<h4 class=\"wp-block-heading\"><strong>Gruppi di discussione<\/strong><\/h4>\n\n\n\n<p>Condurre <a href=\"https:\/\/www.sisinternational.com\/it\/soluzioni\/focus-group\/strutture-per-focus-group-a-new-york\/\">gruppi di discussione a New York<\/a> consente alle aziende di raccogliere dati qualitativi sugli attributi dei prodotti, come profili di profumo, design del packaging ed efficacia dei prodotti per la cura della persona. I partecipanti possono fornire informazioni su ci\u00f2 che amano, ci\u00f2 che non amano e le loro aspettative, aiutando i marchi a perfezionare le loro offerte per soddisfare meglio i desideri dei consumatori. Inoltre, i focus group possono rivelare risposte emotive e comportamentali ai prodotti, offrendo una comprensione pi\u00f9 approfondita di come un prodotto risuona con diversi pubblici.<\/p>\n\n\n\n<h4 class=\"wp-block-heading\"><strong>Partnership al dettaglio<\/strong><\/h4>\n\n\n\n<p>Collaborare con i rivenditori di New York City fornisce una piattaforma preziosa per testare i prodotti in un contesto reale. Le partnership di vendita al dettaglio possono comprendere varie attivit\u00e0, come eventi di campionamento in negozio, lanci di prodotti esclusivi e promozioni nei punti vendita. Queste interazioni consentono alle aziende di osservare in prima persona le prestazioni dei loro prodotti in un ambiente di vendita al dettaglio competitivo.<\/p>\n\n\n\n<p>I rivenditori di New York possono anche fornire feedback sul posizionamento del prodotto, sulle strategie di prezzo e sulle tattiche di marketing. Le loro intuizioni sul comportamento dei consumatori e sulle performance di vendita sono inestimabili per perfezionare le strategie di prodotto. Inoltre, la partnership con noti negozi di New York pu\u00f2 migliorare la visibilit\u00e0 e la credibilit\u00e0 di un prodotto, attirando l&#039;attenzione dei consumatori e degli influencer del settore.<\/p>\n\n\n\n<h4 class=\"wp-block-heading\"><strong>Feedback dei consumatori<\/strong><\/h4>\n\n\n\n<p>Gathering consumer feedback is essential for understanding how well fragrances and <a href=\"https:\/\/www.sisinternational.com\/it\/soluzioni\/ai-ricerche-di-mercato-e-consulenza-strategica\/automazione-dei-prodotti-per-la-cura-personale-e-consulenza\/\" title=\"Automazione dei prodotti per la cura personale e consulenza sull&#039;intelligenza artificiale\"  data-wpil-monitor-id=\"2470\">personal care products<\/a> meet market expectations. In NYC, companies can employ various methods to collect feedback, including surveys, social media engagement, and product reviews.<\/p>\n\n\n\n<h2 class=\"wp-block-heading\">Ma\u2026 anche perfezionare le strategie di marketing \u00e8 fondamentale.<\/h2>\n\n\n\n<p>Analizzando la risposta ai vari canali pubblicitari, alle tattiche promozionali e ai messaggi, le aziende possono perfezionare le proprie strategie di marketing per allinearle meglio alle aspettative dei consumatori.<\/p>\n\n\n\n<p>Ad esempio, le aziende possono testare l&#039;impatto delle partnership con influencer, delle campagne sui social media e della pubblicit\u00e0 tradizionale a New York per determinare cosa risuona meglio con il loro pubblico di riferimento. Queste informazioni aiutano a creare campagne di marketing pi\u00f9 mirate ed efficaci per i mercati pi\u00f9 ampi degli Stati Uniti e internazionali.<\/p>\n\n\n\n<h2 class=\"wp-block-heading\">Sfide e considerazioni<\/h2>\n\n\n\n<figure class=\"gb-block-image gb-block-image-6304aa7b\"><img loading=\"lazy\" decoding=\"async\" width=\"1456\" height=\"816\" class=\"gb-image gb-image-6304aa7b\" src=\"https:\/\/www.sisinternational.com\/wp-content\/uploads\/2025\/08\/Perfume-cologne-fragance-4.jpg\" alt=\"Ricerca e strategia di mercato internazionale SIS\" title=\"Perfume cologne fragance (4)\" srcset=\"https:\/\/www.sisinternational.com\/wp-content\/uploads\/2025\/08\/Perfume-cologne-fragance-4.jpg 1456w, https:\/\/www.sisinternational.com\/wp-content\/uploads\/2025\/08\/Perfume-cologne-fragance-4-300x168.jpg 300w, https:\/\/www.sisinternational.com\/wp-content\/uploads\/2025\/08\/Perfume-cologne-fragance-4-1024x574.jpg 1024w, https:\/\/www.sisinternational.com\/wp-content\/uploads\/2025\/08\/Perfume-cologne-fragance-4-768x430.jpg 768w, https:\/\/www.sisinternational.com\/wp-content\/uploads\/2025\/08\/Perfume-cologne-fragance-4-18x10.jpg 18w\" sizes=\"auto, (max-width: 1456px) 100vw, 1456px\"><\/figure>\n\n\n\n<p><\/p>\n\n\n\n<p><strong>Alta concorrenza<\/strong><\/p>\n\n\n\n<p>Per entrare in questo mercato \u00e8 necessario destreggiarsi in un panorama affollato di marchi affermati e attori emergenti. Per le aziende che testano nuovi prodotti, distinguersi in mezzo a questa concorrenza pu\u00f2 essere una sfida.<\/p>\n\n\n\n<p><strong>Fattori di costo<\/strong><\/p>\n\n\n\n<p>I costi associati allo spazio di vendita al dettaglio, al marketing e agli eventi promozionali possono essere considerevolmente pi\u00f9 alti in questo mercato rispetto ad altri mercati. Gli affitti elevati per le sedi di vendita al dettaglio di prima qualit\u00e0 e le spese di collaborazione con media e influencer influenti si aggiungono al budget complessivo.<\/p>\n\n\n\n<p><strong>Problemi normativi e di conformit\u00e0<\/strong><\/p>\n\n\n\n<p>I settori della cura della persona e delle fragranze sono soggetti a rigide normative sulla sicurezza dei prodotti, sull&#039;etichettatura e sul marketing. Per orientarsi in queste normative a New York \u00e8 necessario avere una conoscenza approfondita dei requisiti federali e statali, compresi quelli specifici del mercato di New York.<\/p>\n\n\n\n<h2 class=\"wp-block-heading\">Come SIS International aiuta le aziende a testare profumi e prodotti per la cura della persona a New York<\/h2>\n\n\n\n<p><a href=\"https:\/\/www.linkedin.com\/company\/sisinternationalresearch\/\" target=\"_blank\" rel=\"noopener\">SIS Internazionale<\/a> fornisce un supporto completo alle aziende che cercano Testing Fragrances e Personal Care Products a New York. Sfruttando la nostra competenza in ricerche di mercato e consulenza, offriamo soluzioni su misura che affrontano le sfide e le opportunit\u00e0 uniche di questo mercato dinamico.<\/p>\n\n\n<p>\n\n\n<\/p>\n<h4 class=\"wp-block-heading\" style=\"padding-left: 40px;\"><strong>Analisi di mercato esperta<\/strong><\/h4>\n<p style=\"padding-left: 40px;\">\n\n\n\n<\/p>\n<p style=\"padding-left: 40px;\">Il nostro team conduce analisi di mercato approfondite per identificare le tendenze chiave, le preferenze dei consumatori e le dinamiche competitive a New York. Fornendo approfondimenti dettagliati sul panorama del mercato locale, aiutiamo le aziende a comprendere i fattori specifici che influenzeranno il successo dei loro prodotti.\u00a0<\/p>\n<p style=\"padding-left: 40px;\">\n\n\n\n<\/p>\n<h4 class=\"wp-block-heading\" style=\"padding-left: 40px;\"><strong>Ricerca mirata sui consumatori<\/strong><\/h4>\n<p style=\"padding-left: 40px;\">\n\n\n\n<\/p>\n<p style=\"padding-left: 40px;\">Facilitiamo ricerche mirate sui consumatori, inclusi focus group e sondaggi, per raccogliere feedback preziosi su fragranze e prodotti per la cura della persona. Le nostre metodologie di ricerca sono progettate per catturare le sfumature delle preferenze dei consumatori, fornendo approfondimenti fruibili su attributi di prodotto, packaging e strategie di marketing.\u00a0<\/p>\n<p style=\"padding-left: 40px;\">\n\n\n\n<\/p>\n<h4 class=\"wp-block-heading\" style=\"padding-left: 40px;\"><strong>Partnership strategiche al dettaglio<\/strong><\/h4>\n<p style=\"padding-left: 40px;\">\n\n\n\n<\/p>\n<p style=\"padding-left: 40px;\">SIS International aiuta a stabilire partnership strategiche con i rivenditori di New York per testare i prodotti in un ambiente reale. Il nostro supporto aiuta a massimizzare la visibilit\u00e0 del prodotto e a raccogliere feedback preziosi da ambienti di vendita al dettaglio noti per i loro elevati standard e la loro influenza.<\/p>\n<p style=\"padding-left: 40px;\">\n\n\n\n<\/p>\n<h4 class=\"wp-block-heading\" style=\"padding-left: 40px;\"><strong>Approfondimenti basati sui dati<\/strong><\/h4>\n<p style=\"padding-left: 40px;\">\n\n\n\n<\/p>\n<p style=\"padding-left: 40px;\">Il nostro approccio include analisi di dati quantitativi e qualitativi per interpretare il feedback dei consumatori e le tendenze di mercato. Queste intuizioni basate sui dati sono essenziali per perfezionare lo sviluppo del prodotto e le strategie di marketing.<\/p>\n<p style=\"padding-left: 40px;\">\n\n\n\n<\/p>\n<h4 class=\"wp-block-heading\" style=\"padding-left: 40px;\"><strong>Linee guida su normative e conformit\u00e0<\/strong><\/h4>\n<p style=\"padding-left: 40px;\">\n\n\n\n<\/p>\n<p style=\"padding-left: 40px;\">SIS offre una guida sulla conformit\u00e0 alle normative locali e federali, assicurando che i tuoi prodotti soddisfino tutti gli standard necessari. La nostra competenza aiuta a mitigare il rischio di problemi normativi e facilita un ingresso nel mercato senza intoppi.<\/p>\n<p style=\"padding-left: 40px;\">\n\n\n\n<\/p>\n<h4 class=\"wp-block-heading\" style=\"padding-left: 40px;\"><strong>Raccomandazioni strategiche<\/strong><\/h4>\n<p style=\"padding-left: 40px;\">\n\n\n\n<\/p>\n<p style=\"padding-left: 40px;\">Sulla base delle nostre ricerche e analisi, forniamo raccomandazioni strategiche per ottimizzare le offerte di prodotti e gli approcci di marketing. Le nostre raccomandazioni sono personalizzate per il mercato di New York e sono progettate per migliorare l&#039;attrattiva del prodotto, migliorare il posizionamento sul mercato e guidare lanci di successo.<\/p>\n<p>\n\n\n<\/p>\n\n\n<h2 class=\"wp-block-heading\">A proposito di SIS Internazionale<\/h2>\n\n\n\n<p><a href=\"https:\/\/www.sisinternational.com\/it\/\">SIS Internazionale<\/a> offre ricerca quantitativa, qualitativa e strategica. Forniamo dati, strumenti, strategie, report e approfondimenti per il processo decisionale. Conduciamo anche interviste, sondaggi, focus group e altri metodi e approcci di ricerca di mercato.<a href=\"https:\/\/www.sisinternational.com\/it\/sulla-sua-ricerca-internazionale\/contact-sis-international-market-research\/\"> Contattaci<\/a> per il tuo prossimo progetto di ricerca di mercato.<\/p>\n\n\n\n<p><\/p>","protected":false},"excerpt":{"rendered":"<p>The Strategic Advantage of Testing Fragrances and Personal Care Products in New York The city&#8217;s global influence and high-profile retail environment make it a powerful launchpad for refining products and strategies before a nationwide rollout.&nbsp; In the competitive world of fragrances and personal care products, entering the U.S. market requires a strategic approach to ensure &#8230; <a title=\"Il vantaggio strategico di testare profumi e prodotti per la cura della persona a New York\" class=\"read-more\" href=\"https:\/\/www.sisinternational.com\/it\/soluzioni\/ricerche-di-mercato-sui-prodotti-di-bellezza\/testare-profumi-e-prodotti-per-la-cura-della-persona-a-new-york\/\" aria-label=\"Per saperne di pi\u00f9 su The Strategic Advantage of Testing Fragrances and Personal Care Products in New York\">Leggi tutto<\/a><\/p>","protected":false},"author":1,"featured_media":64906,"parent":27176,"menu_order":19,"comment_status":"closed","ping_status":"closed","template":"","meta":{"footnotes":""},"class_list":["post-53737","page","type-page","status-publish","has-post-thumbnail"],"_links":{"self":[{"href":"https:\/\/www.sisinternational.com\/it\/wp-json\/wp\/v2\/pages\/53737","targetHints":{"allow":["GET"]}}],"collection":[{"href":"https:\/\/www.sisinternational.com\/it\/wp-json\/wp\/v2\/pages"}],"about":[{"href":"https:\/\/www.sisinternational.com\/it\/wp-json\/wp\/v2\/types\/page"}],"author":[{"embeddable":true,"href":"https:\/\/www.sisinternational.com\/it\/wp-json\/wp\/v2\/users\/1"}],"replies":[{"embeddable":true,"href":"https:\/\/www.sisinternational.com\/it\/wp-json\/wp\/v2\/comments?post=53737"}],"version-history":[{"count":8,"href":"https:\/\/www.sisinternational.com\/it\/wp-json\/wp\/v2\/pages\/53737\/revisions"}],"predecessor-version":[{"id":76817,"href":"https:\/\/www.sisinternational.com\/it\/wp-json\/wp\/v2\/pages\/53737\/revisions\/76817"}],"up":[{"embeddable":true,"href":"https:\/\/www.sisinternational.com\/it\/wp-json\/wp\/v2\/pages\/27176"}],"wp:featuredmedia":[{"embeddable":true,"href":"https:\/\/www.sisinternational.com\/it\/wp-json\/wp\/v2\/media\/64906"}],"wp:attachment":[{"href":"https:\/\/www.sisinternational.com\/it\/wp-json\/wp\/v2\/media?parent=53737"}],"curies":[{"name":"wp","href":"https:\/\/api.w.org\/{rel}","templated":true}]}}