{"id":53736,"date":"2024-10-15T23:59:35","date_gmt":"2024-10-16T03:59:35","guid":{"rendered":"https:\/\/www.sisinternational.com\/?page_id=53736"},"modified":"2026-01-26T18:39:31","modified_gmt":"2026-01-26T23:39:31","slug":"vantaggio-di-new-york-come-mercato-di-prova-per-i-viaggi","status":"publish","type":"page","link":"https:\/\/www.sisinternational.com\/it\/competenza\/turismo-di-viaggio\/vantaggio-di-new-york-come-mercato-di-prova-per-i-viaggi\/","title":{"rendered":"Il vantaggio strategico di usare New York come mercato di prova per viaggi e turismo"},"content":{"rendered":"<h1 class=\"wp-block-heading\">Il vantaggio strategico di usare New York come mercato di prova per viaggi e turismo<\/h1>\n\n\n\n<figure class=\"gb-block-image gb-block-image-c85d84e9\"><img decoding=\"async\" class=\"gb-image gb-image-c85d84e9\" src=\"https:\/\/www.sisinternational.com\/wp-content\/uploads\/2025\/09\/New-York-11.jpg\" alt=\"Ricerca e strategia di mercato internazionale SIS\" title=\"New York (11)\"><\/figure>\n\n\n\n<p><\/p>\n\n\n\n<h3 class=\"wp-block-heading\">L&#039;ampia e diversificata base di consumatori di New York consente alle aziende del settore viaggi e turismo di effettuare test completi, offrendo dati preziosi sulle prestazioni dei prodotti in un contesto ad alto rischio e ad alta visibilit\u00e0.<\/h3>\n\n\n\n<p>NYC offre vantaggi senza pari come mercato di prova per viaggi e turismo grazie alle sue caratteristiche di mercato uniche e al pubblico eterogeneo. Essendo una delle citt\u00e0 pi\u00f9 visitate al mondo, New York City offre un ambiente dinamico per testare nuovi prodotti di viaggio e turismo, assicurando che soddisfino le aspettative di una demografia ampia e variegata.<\/p>\n\n\n\n<h2 class=\"wp-block-heading\">Vantaggi dell&#039;utilizzo di New York come mercato di prova per viaggi e turismo<\/h2>\n\n\n<div class=\"wp-block-image\">\n<figure class=\"aligncenter is-resized\"><img decoding=\"async\" src=\"https:\/\/lh7-rt.googleusercontent.com\/docsz\/AD_4nXdrO__lUoay1eg8wgyObpmd9Ovlk0MkzaU8KA_9CD-7LVN17Esk8ndCYQRk7rGNgqKcVE9vCNhc7NIfm8nzOwvUAAM_VgUq4pWcT3slAij5fwTXVvrD8IoTsQXnhmZCnY2Wtcuquppaem4j4wYFVkFPNXs?key=P1kglV9NJ0lJjHxrPsPqcw\" alt=\"Ricerca e strategia di mercato internazionale SIS\" style=\"width:394px;height:auto\"><\/figure>\n<\/div>\n\n\n<p><\/p>\n\n\n\n<p>La diversit\u00e0 unica, l&#039;innovazione e l&#039;influenza globale di New York la rendono un mercato di prova eccezionale per le aziende di viaggi e turismo. Nonostante le sfide di operare in un ambiente cos\u00ec competitivo e dinamico, i vantaggi strategici dei test a New York superano di gran lunga gli ostacoli.<\/p>\n\n\n\n<h3 class=\"wp-block-heading\">1. Dati demografici e abitudini di viaggio uniche di New York<\/h3>\n\n\n\n<p>New York <span style=\"box-sizing: border-box; margin: 0px; padding: 0px;\">offre un accesso senza pari a un ampio spettro di dati demografici come mercato di prova per viaggi e turismo<\/span>Con una popolazione che supera gli 8 milioni, la citt\u00e0 \u00e8 un melting pot di culture, etnie e fasce d&#039;et\u00e0. Questa diversit\u00e0 rispecchia le tendenze del turismo globale, rendendola un luogo ideale per le aziende che vogliono testare prodotti e servizi rivolti ai mercati internazionali.<\/p>\n\n\n\n<p>Inoltre, NYC come mercato di prova per viaggi e turismo trae vantaggio dal suo ruolo di destinazione globale di punta. Milioni di turisti internazionali e nazionali visitano NYC ogni anno, offrendo alle aziende un flusso costante di nuove intuizioni. Questi visitatori provengono da contesti economici diversi, che vanno dai viaggiatori con un patrimonio netto elevato in cerca di esperienze di lusso ai viaggiatori con un budget limitato in cerca di opzioni economiche. Di conseguenza, le aziende possono sperimentare contemporaneamente pi\u00f9 strategie di viaggio e turismo, adattando il loro approccio per adattarsi a diversi target di pubblico.<\/p>\n\n\n\n<p>Inoltre, i residenti di New York sono un aspetto importante di questo mercato di prova. I newyorkesi sono viaggiatori frequenti (a livello nazionale e internazionale) per lavoro e svago, rendendo New York una citt\u00e0 in cui convergono le preferenze di viaggio globali.&nbsp;<\/p>\n\n\n\n<h3 class=\"wp-block-heading\">2. Accesso ai segmenti chiave dei consumatori a New York<\/h3>\n\n\n\n<p>NYC \u00e8 un microcosmo di quasi ogni target demografico nel settore dei viaggi. Per le aziende che cercano di perfezionare le loro offerte di viaggio, il mix concentrato di consumatori di NYC offre un vantaggio strategico nel catturare un ampio spettro di preferenze in un&#039;unica sede. Consente ai marchi di attingere alla sua vasta popolazione di professionisti, turisti, studenti e famiglie.&nbsp;<\/p>\n\n\n\n<p>Allo stesso tempo, New York \u00e8 una destinazione privilegiata per i viaggiatori per piacere, dagli avventurieri solitari alle famiglie in vacanza. Ci\u00f2 consente alle compagnie di viaggio di provare di tutto, dalle opzioni di alloggio economiche alle attrazioni per famiglie. La citt\u00e0 attrae anche molti studenti, offrendo alle aziende l&#039;accesso a un segmento pi\u00f9 giovane ed esperto di tecnologia che si affida molto alle app mobili e alle piattaforme digitali per pianificare i propri viaggi.&nbsp;<\/p>\n\n\n\n<p>Furthermore, New York&#8217;s international airports and robust transportation infrastructure facilitate the arrival of many international tourists. NYC as a test market for travel and tourism allows companies to interact with consumers from all over the world, gaining real-time feedback on global travel preferences. This direct access to international visitors helps businesses refine their global <a href=\"https:\/\/www.sisinternational.com\/it\/marketing-diretto\/\" title=\"Cos&#039;\u00e8 il marketing diretto?\"  data-wpil-monitor-id=\"6994\">strategie di marketing<\/a> and understand how different nationalities respond to their products and services.<\/p>\n\n\n\n<h3 class=\"wp-block-heading\">3. Infrastrutture e innovazione nel settore dei viaggi e del turismo a New York<\/h3>\n\n\n\n<figure class=\"gb-block-image gb-block-image-40277d61\"><img loading=\"lazy\" decoding=\"async\" width=\"1456\" height=\"816\" class=\"gb-image gb-image-40277d61\" src=\"https:\/\/www.sisinternational.com\/wp-content\/uploads\/2025\/08\/new-York-4.jpg\" alt=\"Ricerca e strategia di mercato internazionale SIS\" title=\"new York (4)\" srcset=\"https:\/\/www.sisinternational.com\/wp-content\/uploads\/2025\/08\/new-York-4.jpg 1456w, https:\/\/www.sisinternational.com\/wp-content\/uploads\/2025\/08\/new-York-4-300x168.jpg 300w, https:\/\/www.sisinternational.com\/wp-content\/uploads\/2025\/08\/new-York-4-1024x574.jpg 1024w, https:\/\/www.sisinternational.com\/wp-content\/uploads\/2025\/08\/new-York-4-768x430.jpg 768w, https:\/\/www.sisinternational.com\/wp-content\/uploads\/2025\/08\/new-York-4-18x10.jpg 18w\" sizes=\"auto, (max-width: 1456px) 100vw, 1456px\"><\/figure>\n\n\n\n<p><\/p>\n\n\n\n<p>Con tre grandi aeroporti internazionali, JFK, LaGuardia e Newark, NYC \u00e8 un punto di ingresso fondamentale per milioni di viaggiatori in tutto il mondo. Questi aeroporti gestiscono oltre 100 milioni di passeggeri all&#039;anno, offrendo alle aziende un&#039;opportunit\u00e0 unica per studiare i comportamenti, le preferenze e i punti critici dei viaggiatori fin dall&#039;arrivo. Il sistema di trasporto ben collegato di NYC, che include metropolitana, autobus e traghetti, garantisce ai visitatori di muoversi facilmente in citt\u00e0, rendendola un ambiente ideale per testare i servizi di viaggio e trasporto.<\/p>\n\n\n\n<p>Inoltre, NYC, come mercato di prova per viaggi e turismo, trae vantaggio dagli investimenti continui della citt\u00e0 nelle tecnologie smart city. Soluzioni innovative come pagamenti contactless, app per il turismo intelligente e sistemi di assistenza clienti basati sull&#039;intelligenza artificiale sono sempre pi\u00f9 integrati nell&#039;esperienza di viaggio. Ci\u00f2 fornisce alle aziende un ambiente lungimirante per testare tecnologie all&#039;avanguardia per migliorare le esperienze dei clienti. Ad esempio, le aziende possono provare servizi di check-in automatizzati, aggiornamenti di viaggio in tempo reale e itinerari di viaggio personalizzati, raccogliendo dati inestimabili da una delle basi di consumatori pi\u00f9 esigenti ed esperte di tecnologia al mondo.<\/p>\n\n\n\n<p>Il settore dell&#039;ospitalit\u00e0 della citt\u00e0 \u00e8 altrettanto avanzato, con un&#039;ampia gamma di sistemazioni che soddisfano ogni tipo di viaggiatore. Dagli hotel di lusso di Manhattan alle opzioni economiche di Brooklyn, NYC come mercato di prova per viaggi e turismo consente alle aziende di sperimentare strategie di prezzo, offerte di servizi e campagne di marketing. Le aziende del settore dell&#039;ospitalit\u00e0 possono testare l&#039;impatto di programmi fedelt\u00e0, iniziative ecosostenibili ed esperienze di prenotazione mobile-first sui loro target di pubblico.<\/p>\n\n\n\n<h3 class=\"wp-block-heading\">4. Accesso ai consumatori ad alta spesa<\/h3>\n\n\n\n<p>I test a New York City offrono alle aziende un accesso diretto a questa fascia demografica finanziariamente capace, consentendo loro di valutare in che modo i loro prodotti e servizi di fascia alta risuonano con i consumatori che spendono di pi\u00f9 in esperienze premium. Ci\u00f2 include la valutazione delle risposte dei consumatori ad hotel di lusso, opzioni di ristorazione raffinata, pacchetti di viaggio premium e attrazioni esclusive.<\/p>\n\n\n\n<p>Inoltre, le intuizioni derivanti dai test con i consumatori ad alta spesa a New York possono informare strategie di mercato pi\u00f9 ampie. Ad esempio, comprendere le preferenze e i modelli di spesa dei residenti benestanti di New York pu\u00f2 aiutare le aziende a progettare campagne di marketing mirate e strategie promozionali che si rivolgono ai consumatori ad alto reddito in altre grandi citt\u00e0 del mondo.<\/p>\n\n\n\n<h2 class=\"wp-block-heading\">Sfide e opportunit\u00e0 di New York come mercato di prova per viaggi e turismo<\/h2>\n\n\n\n<figure class=\"gb-block-image gb-block-image-f85d4c3f\"><img decoding=\"async\" class=\"gb-image gb-image-f85d4c3f\" src=\"https:\/\/www.sisinternational.com\/wp-content\/uploads\/2025\/08\/new-York-5.jpg\" alt=\"Ricerca e strategia di mercato internazionale SIS\" title=\"new York (5)\"><\/figure>\n\n\n\n<p><\/p>\n\n\n\n<p>Sebbene New York offra numerosi vantaggi come mercato di prova per viaggi e turismo, le aziende devono essere consapevoli delle sfide e delle opportunit\u00e0 quando testano le loro campagne in citt\u00e0.<\/p>\n\n\n\n<h4 class=\"wp-block-heading\"><strong>Sfide:<\/strong><\/h4>\n\n\n\n<ul class=\"wp-block-list\">\n<li><strong>Alta concorrenza<\/strong>: di New York <a href=\"https:\/\/www.statista.com\/outlook\/mmo\/travel-tourism\/worldwide\" target=\"_blank\" rel=\"noopener\">mercato dei viaggi e del turismo<\/a> \u00e8 altamente saturo, con numerosi marchi che competono per l&#039;attenzione dei consumatori. Ci\u00f2 rende difficile per i nuovi prodotti o servizi distinguersi.<\/li>\n\n\n\n<li><strong>Stanchezza del consumatore<\/strong>:Con un flusso costante di nuove offerte, i consumatori potrebbero sentirsi sopraffatti o esitare a provare marchi sconosciuti in un ambiente cos\u00ec competitivo.<\/li>\n\n\n\n<li><strong>Costi operativi elevati<\/strong>: Il costo di fare affari a New York \u00e8 significativamente pi\u00f9 alto che in molte altre citt\u00e0, comprese le spese immobiliari, di marketing e operative. Ci\u00f2 pu\u00f2 essere particolarmente impegnativo per le aziende pi\u00f9 piccole.<\/li>\n\n\n\n<li><strong>Elevate aspettative dei consumatori<\/strong>: Turisti e gente del posto a New York si aspettano un servizio di prima qualit\u00e0, anche dai marchi economici. Ci\u00f2 pu\u00f2 aumentare il costo della consegna di prodotti e servizi per soddisfare quegli standard elevati.<\/li>\n\n\n\n<li><strong>Tendenze in rapida evoluzione<\/strong>: L&#039;ambiente frenetico di New York City implica che le preferenze dei consumatori cambiano rapidamente e ci\u00f2 che funziona in una stagione potrebbe non essere efficace in quella successiva. Ci\u00f2 richiede alle aziende di evolvere costantemente le proprie strategie.<br><\/li>\n<\/ul>\n\n\n\n<h4 class=\"wp-block-heading\"><strong>Opportunit\u00e0:<\/strong><\/h4>\n\n\n\n<ul class=\"wp-block-list\">\n<li><strong>Dimostrare la commerciabilit\u00e0 in un ambiente competitivo<\/strong>: Distinguersi con successo nel mercato affollato di New York dimostra che un&#039;azienda pu\u00f2 prosperare in altre regioni meno competitive. \u00c8 un forte indicatore del potenziale pi\u00f9 ampio di un prodotto o servizio.<\/li>\n\n\n\n<li><strong>Efficienza operativa<\/strong>: Gestire costi elevati e mantenere la qualit\u00e0 a New York City consente alle aziende di perfezionare i propri modelli di prezzo e migliorare l&#039;efficienza. Questa ottimizzazione pu\u00f2 portare a una maggiore redditivit\u00e0 quando ci si espande in mercati pi\u00f9 accessibili.<\/li>\n\n\n\n<li><strong>Migliorare le proposte di valore<\/strong>: A causa dell&#039;intensa concorrenza, le aziende sono spinte ad affinare il loro messaggio, migliorare le esperienze dei clienti e innovare le strategie di marketing. Una campagna di successo a New York mostra la capacit\u00e0 di un marchio di creare una proposta di valore unica e avvincente.<\/li>\n\n\n\n<li><strong>Agilit\u00e0 e adattabilit\u00e0<\/strong>: Il rapido ritmo di cambiamento di New York City come mercato di prova per viaggi e turismo costringe le aziende a essere flessibili e reattive. Questa capacit\u00e0 di cambiare rapidamente in base al feedback dei consumatori migliora la resilienza e la rilevanza di un&#039;azienda nel settore dei viaggi in continua evoluzione.<\/li>\n\n\n\n<li><strong>Approfondimenti di alta qualit\u00e0<\/strong>: I test a New York City forniscono accesso a una base di clienti diversificata ed esigente. Le aziende possono raccogliere feedback preziosi che aiutano a definire le loro strategie per i mercati locali e globali.<br><\/li>\n<\/ul>\n\n\n\n<h2 class=\"wp-block-heading\">Come SIS International aiuta le aziende a scoprire i vantaggi di New York come mercato di prova per viaggi e turismo<\/h2>\n\n\n\n<p>A <a href=\"https:\/\/www.linkedin.com\/company\/sisinternationalresearch\/\" target=\"_blank\" rel=\"noopener\">SIS Internazionale<\/a>, comprendiamo le sfide e le opportunit\u00e0 uniche dell&#039;utilizzo di NYC come mercato di prova per viaggi e turismo. La nostra competenza e i nostri servizi completi sono progettati per aiutare le aziende a orientarsi in questo ambiente complesso e a sfruttarne i vantaggi per ottenere risultati ottimali.<\/p>\n\n\n<p>\n\n\n<\/p>\n<p style=\"padding-left: 40px;\"><strong>Competenza in ricerche di mercato<\/strong>:\u00a0<\/p>\n<p style=\"padding-left: 40px;\">\n\n\n\n<\/p>\n<p style=\"padding-left: 40px;\">Forniamo analisi e ricerche di mercato approfondite su misura per il settore dei viaggi e del turismo di New York. Il nostro team conduce studi dettagliati sul comportamento dei consumatori, sulle tendenze di mercato e sulle dinamiche competitive per aiutare le aziende a prendere decisioni informate.<\/p>\n<p style=\"padding-left: 40px;\">\n\n\n\n<\/p>\n<p style=\"padding-left: 40px;\"><strong>Intuizioni dei consumatori<\/strong>:\u00a0<\/p>\n<p style=\"padding-left: 40px;\">\n\n\n\n<\/p>\n<p style=\"padding-left: 40px;\">Attraverso le nostre metodologie e strumenti avanzati, raccogliamo preziose informazioni su diversi segmenti di consumatori a New York. Ci\u00f2 include l&#039;analisi di preferenze, comportamenti e feedback per perfezionare prodotti e servizi che risuonano con i segmenti di mercato.<\/p>\n<p style=\"padding-left: 40px;\">\n\n\n\n<\/p>\n<p style=\"padding-left: 40px;\"><strong>Guida strategica<\/strong>:\u00a0<\/p>\n<p style=\"padding-left: 40px;\">\n\n\n\n<\/p>\n<p style=\"padding-left: 40px;\">SIS offre consulenza strategica per guidare le aziende attraverso i test e il lancio delle loro offerte di viaggio e turismo a New York. Aiutiamo a sviluppare strategie efficaci, ottimizzare gli sforzi di marketing e affrontare qualsiasi sfida che potrebbe presentarsi durante la fase di test.<\/p>\n<p style=\"padding-left: 40px;\">\n\n\n\n<\/p>\n<p style=\"padding-left: 40px;\"><strong>Soluzioni basate sui dati<\/strong>:\u00a0<\/p>\n<p style=\"padding-left: 40px;\">\n\n\n\n<\/p>\n<p style=\"padding-left: 40px;\">Leveraging our extensive data collection and analysis capabilities, we provide <a href=\"https:\/\/www.sisinternational.com\/it\/b2b\/\" title=\"Cost-Effective and Actionable Insights to Drive Your Next Strategic Move\" data-wpil-monitor-id=\"1478\">actionable insights that drive<\/a> business decisions. Our data-driven approach ensures businesses can refine their strategies based on real-time feedback and market performance.<\/p>\n<p style=\"padding-left: 40px;\">\n\n\n\n<\/p>\n<p style=\"padding-left: 40px;\"><strong>Reporting personalizzato<\/strong>:\u00a0<\/p>\n<p style=\"padding-left: 40px;\">\n\n\n\n<\/p>\n<p style=\"padding-left: 40px;\">Forniamo report personalizzati che evidenziano i risultati e le raccomandazioni chiave per il mercato di New York. Questi report forniscono informazioni chiare e fruibili che supportano la pianificazione strategica e il processo decisionale.<\/p>\n<p style=\"padding-left: 40px;\">\n\n\n\n<\/p>\n<p style=\"padding-left: 40px;\"><strong>Competenza locale<\/strong>:\u00a0<\/p>\n<p style=\"padding-left: 40px;\">\n\n\n\n<\/p>\n<p style=\"padding-left: 40px;\">Grazie alla nostra profonda conoscenza del mercato di New York, offriamo preziose informazioni e connessioni locali che possono migliorare l&#039;efficacia dei tuoi sforzi di test market. La nostra competenza regionale garantisce alle aziende di navigare con sicurezza nelle complessit\u00e0 del panorama dei viaggi e del turismo di New York.<\/p>\n<p style=\"padding-left: 120px;\">\n\n\n<\/p>\n\n\n<h2 class=\"wp-block-heading\">A proposito di SIS Internazionale<\/h2>\n\n\n\n<p><a href=\"https:\/\/www.sisinternational.com\/it\/\">SIS Internazionale<\/a> offre ricerca quantitativa, qualitativa e strategica. Forniamo dati, strumenti, strategie, report e approfondimenti per il processo decisionale. Conduciamo anche interviste, sondaggi, focus group e altri metodi e approcci di ricerca di mercato. <a href=\"https:\/\/www.sisinternational.com\/it\/sulla-sua-ricerca-internazionale\/contact-sis-international-market-research\/\">Contattaci<\/a> per il tuo prossimo progetto di ricerca di mercato.<\/p>","protected":false},"excerpt":{"rendered":"<p>The Strategic Advantage of Using NYC as a Test Market for Travel and Tourism NYC\u2019s vast and varied consumer base allows for comprehensive testing for travel and tourism businesses, offering valuable data on how products perform in a high-stakes, high-visibility setting. NYC offers unparalleled advantages as a test market for travel and tourism due to &#8230; <a title=\"Il vantaggio strategico di usare New York come mercato di prova per viaggi e turismo\" class=\"read-more\" href=\"https:\/\/www.sisinternational.com\/it\/competenza\/turismo-di-viaggio\/vantaggio-di-new-york-come-mercato-di-prova-per-i-viaggi\/\" aria-label=\"Per saperne di pi\u00f9 su The Strategic Advantage of Using NYC as a Test Market for Travel and Tourism\">Leggi tutto<\/a><\/p>","protected":false},"author":1,"featured_media":0,"parent":14221,"menu_order":1,"comment_status":"closed","ping_status":"closed","template":"","meta":{"footnotes":""},"class_list":["post-53736","page","type-page","status-publish"],"_links":{"self":[{"href":"https:\/\/www.sisinternational.com\/it\/wp-json\/wp\/v2\/pages\/53736","targetHints":{"allow":["GET"]}}],"collection":[{"href":"https:\/\/www.sisinternational.com\/it\/wp-json\/wp\/v2\/pages"}],"about":[{"href":"https:\/\/www.sisinternational.com\/it\/wp-json\/wp\/v2\/types\/page"}],"author":[{"embeddable":true,"href":"https:\/\/www.sisinternational.com\/it\/wp-json\/wp\/v2\/users\/1"}],"replies":[{"embeddable":true,"href":"https:\/\/www.sisinternational.com\/it\/wp-json\/wp\/v2\/comments?post=53736"}],"version-history":[{"count":5,"href":"https:\/\/www.sisinternational.com\/it\/wp-json\/wp\/v2\/pages\/53736\/revisions"}],"predecessor-version":[{"id":80561,"href":"https:\/\/www.sisinternational.com\/it\/wp-json\/wp\/v2\/pages\/53736\/revisions\/80561"}],"up":[{"embeddable":true,"href":"https:\/\/www.sisinternational.com\/it\/wp-json\/wp\/v2\/pages\/14221"}],"wp:attachment":[{"href":"https:\/\/www.sisinternational.com\/it\/wp-json\/wp\/v2\/media?parent=53736"}],"curies":[{"name":"wp","href":"https:\/\/api.w.org\/{rel}","templated":true}]}}