{"id":53731,"date":"2024-10-19T01:37:22","date_gmt":"2024-10-19T05:37:22","guid":{"rendered":"https:\/\/www.sisinternational.com\/?page_id=53731"},"modified":"2026-01-24T17:49:52","modified_gmt":"2026-01-24T22:49:52","slug":"gruppi-di-discussione-di-new-york-per-testare-prodotti-per-anziani","status":"publish","type":"page","link":"https:\/\/www.sisinternational.com\/it\/soluzioni\/focus-group\/gruppi-di-discussione-di-new-york-per-testare-prodotti-per-anziani\/","title":{"rendered":"Sfruttare i focus group di New York per testare prodotti per anziani \u00a0"},"content":{"rendered":"<h1 class=\"wp-block-heading\">Sfruttare i focus group di New York per testare prodotti per anziani &nbsp;<\/h1>\n\n\n\n<figure class=\"gb-block-image gb-block-image-5f14cfdd\"><img loading=\"lazy\" decoding=\"async\" width=\"1456\" height=\"816\" class=\"gb-image gb-image-5f14cfdd\" src=\"https:\/\/www.sisinternational.com\/wp-content\/uploads\/2025\/08\/Eldersly-care-memory-care-6.jpg\" alt=\"Ricerca e strategia di mercato internazionale SIS\" title=\"Eldersly care memory care (6)\" srcset=\"https:\/\/www.sisinternational.com\/wp-content\/uploads\/2025\/08\/Eldersly-care-memory-care-6.jpg 1456w, https:\/\/www.sisinternational.com\/wp-content\/uploads\/2025\/08\/Eldersly-care-memory-care-6-300x168.jpg 300w, https:\/\/www.sisinternational.com\/wp-content\/uploads\/2025\/08\/Eldersly-care-memory-care-6-1024x574.jpg 1024w, https:\/\/www.sisinternational.com\/wp-content\/uploads\/2025\/08\/Eldersly-care-memory-care-6-768x430.jpg 768w, https:\/\/www.sisinternational.com\/wp-content\/uploads\/2025\/08\/Eldersly-care-memory-care-6-18x10.jpg 18w\" sizes=\"auto, (max-width: 1456px) 100vw, 1456px\"><\/figure>\n\n\n\n<p><\/p>\n\n\n\n<p>New York City \u00e8 uno dei mercati pi\u00f9 diversificati al mondo, il che la rende una sede ideale per testare prodotti con vari segmenti di consumatori, tra cui gli anziani. Con una popolazione anziana in rapida crescita, le aziende hanno un&#039;opportunit\u00e0 unica di sviluppare prodotti che soddisfino le esigenze in continua evoluzione di questa fascia demografica. Ecco perch\u00e9 l&#039;utilizzo di focus group a New York per testare prodotti per anziani fornisce informazioni dirette sulle loro preferenze, sfide e aspettative.&nbsp;<\/p>\n\n\n\n<h2 class=\"wp-block-heading\">Comprendere il mercato degli anziani a New York<\/h2>\n\n\n\n<p>La popolazione anziana di New York City \u00e8 numerosa e diversificata, il che la rende un gruppo demografico fondamentale da tenere in considerazione per le aziende quando sviluppano prodotti. <a href=\"https:\/\/www.miradorliving.com\/assisted-living\/new-york\/new-york\" target=\"_blank\" rel=\"noopener\">Anziani a New York<\/a> hanno spesso preferenze distinte, tra cui un focus sulla salute, il benessere, la facilit\u00e0 d&#039;uso e la tecnologia che si adatta al loro stile di vita. Inoltre, molti anziani sono pi\u00f9 esperti di tecnologia che mai, e interagiscono attivamente con piattaforme, dispositivi e servizi digitali. Questa complessit\u00e0 rende New York un luogo ideale per acquisire informazioni su come gli anziani interagiscono con i prodotti e quali innovazioni potrebbero soddisfare al meglio le loro esigenze.<\/p>\n\n\n\n<h2 class=\"wp-block-heading\">Quindi... Quali sono i vantaggi dell&#039;utilizzo di focus group di New York per testare prodotti per anziani?<\/h2>\n\n\n\n<p>Utilizing <a class=\"wpil_keyword_link\" href=\"https:\/\/www.sisinternational.com\/it\/soluzioni\/focus-group\/strutture-per-focus-group-a-new-york\/\" title=\"Strutture del focus group di New York City\" data-wpil-keyword-link=\"linked\" data-wpil-monitor-id=\"199\">NYC focus groups<\/a> to test products for seniors offers several distinct advantages \u2013 and here\u2019s how focus groups can be particularly effective:<\/p>\n\n\n\n<h4 class=\"wp-block-heading\"><strong>Feedback diretto sull&#039;usabilit\u00e0 e il design del prodotto<\/strong><\/h4>\n\n\n\n<p>I focus group consentono alle aziende di ottenere feedback diretti dagli anziani su quanto facilmente possono usare e navigare un prodotto. Questo input diretto \u00e8 inestimabile per identificare problemi di usabilit\u00e0 e apportare miglioramenti al design.&nbsp;<\/p>\n\n\n\n<h4 class=\"wp-block-heading\"><strong>Approfondimenti sulle esigenze e le preferenze uniche degli anziani<\/strong><\/h4>\n\n\n\n<p>Gli anziani hanno esigenze specifiche di salute, comfort e accessibilit\u00e0 che differiscono da quelle di altre fasce d&#039;et\u00e0. I focus group offrono l&#039;opportunit\u00e0 di esplorare queste preferenze in modo approfondito. Ad esempio, gli anziani potrebbero dare priorit\u00e0 alla facilit\u00e0 di gestione, a dimensioni di testo pi\u00f9 grandi o a funzioni attivate vocalmente.<\/p>\n\n\n\n<h4 class=\"wp-block-heading\"><strong>Test delle funzionalit\u00e0 relative alla salute e all&#039;accessibilit\u00e0<\/strong><\/h4>\n\n\n\n<p>I prodotti correlati alla salute e quelli progettati per migliorare l&#039;accessibilit\u00e0 sono cruciali per gli anziani. I focus group possono valutare quanto bene queste funzionalit\u00e0 soddisfano le esigenze degli utenti anziani. Ad esempio, testare un nuovo dispositivo di monitoraggio della salute o una funzionalit\u00e0 di accessibilit\u00e0 in un sistema di smart home pu\u00f2 rivelare quanto efficacemente questi prodotti affrontino comuni problemi di salute o problemi di mobilit\u00e0 che gli anziani affrontano.&nbsp;<\/p>\n\n\n\n<h2 class=\"wp-block-heading\">Tipi di prodotti ideali per gruppi di discussione per anziani<\/h2>\n\n\n\n<p>When conducting NYC <a href=\"https:\/\/www.sisinternational.com\/it\/soluzioni\/focus-group\/focus-group-on-personal-care-products\/\" title=\"Focus Group on Personal Care Products\" data-wpil-monitor-id=\"887\">focus groups to test products<\/a> for seniors, certain products are particularly well-suited for this demographic. Understanding which products are most relevant can help businesses tailor their testing strategies to obtain the most valuable insights.&nbsp;<\/p>\n\n\n\n<h4 class=\"wp-block-heading\"><strong>Prodotti per la salute e il benessere<\/strong><\/h4>\n\n\n\n<p>I prodotti correlati alla salute e al benessere sono molto rilevanti per gli anziani, che spesso danno priorit\u00e0 al mantenimento della propria salute e alla gestione delle condizioni mediche. Questa categoria include articoli come:<\/p>\n\n\n\n<ul class=\"wp-block-list\">\n<li><strong>Dispositivi medici<\/strong>: Misuratori della pressione sanguigna, misuratori di glucosio e apparecchi acustici.<\/li>\n\n\n\n<li><strong>Attrezzatura per il fitness<\/strong>: Attrezzi per esercizi a basso impatto, ausili per l&#039;equilibrio e fitness tracker indossabili.<\/li>\n\n\n\n<li><strong>Integratori alimentari<\/strong>: Vitamine, integratori alimentari e alimenti salutari specializzati.<br><\/li>\n<\/ul>\n\n\n\n<p>Testare questi prodotti con gli anziani pu\u00f2 rivelare le loro preferenze in termini di facilit\u00e0 d&#039;uso, efficacia e valore complessivo.<\/p>\n\n\n\n<h4 class=\"wp-block-heading\"><strong>Tecnologia e dispositivi di assistenza<\/strong><\/h4>\n\n\n\n<p>La tecnologia che supporta la vita quotidiana e migliora la qualit\u00e0 della vita \u00e8 fondamentale per molti anziani. I focus group possono aiutare a valutare:<\/p>\n\n\n\n<ul class=\"wp-block-list\">\n<li><strong>Dispositivi per la casa intelligente<\/strong>: Assistenti vocali, termostati intelligenti e sistemi di sicurezza domestica.<\/li>\n\n\n\n<li><strong>Tecnologia assistiva<\/strong>: Dispositivi per disabilit\u00e0 visive e uditive, ausili per la mobilit\u00e0 e gadget adattivi.<\/li>\n\n\n\n<li><strong>Strumenti di comunicazione<\/strong>: Smartphone adatti agli anziani, tablet con interfacce semplificate e soluzioni di telemedicina.<br><\/li>\n<\/ul>\n\n\n\n<p><a href=\"https:\/\/www.insidehook.com\/culture\/senior-citizens-are-helping-companies-make-products-theyd-actually-want-to-use\" target=\"_blank\" rel=\"noopener\">Ottenere feedback<\/a> L&#039;impiego di queste tecnologie contribuisce a garantire che siano facili da usare e soddisfino le esigenze specifiche degli utenti anziani.<\/p>\n\n\n\n<h4 class=\"wp-block-heading\"><strong>Cibo, bevande e articoli per la casa<\/strong><\/h4>\n\n\n\n<p>Sono essenziali anche i prodotti correlati al cibo e alla gestione della casa. Gli anziani possono avere esigenze o preferenze particolari relative a:<\/p>\n\n\n\n<ul class=\"wp-block-list\">\n<li><strong>Cibi pronti<\/strong>: Pasti facili da preparare, opzioni dietetiche specifiche e servizi di consegna dei pasti.<\/li>\n\n\n\n<li><strong>Gadget da cucina<\/strong>: Strumenti progettati per essere facili da usare, come utensili ergonomici ed elettrodomestici da cucina semplificati.<\/li>\n\n\n\n<li><strong>Ausili domestici<\/strong>: Prodotti per la pulizia, dispositivi di sicurezza e soluzioni organizzative.<br><\/li>\n<\/ul>\n\n\n\n<p>New York <a href=\"https:\/\/www.sisinternational.com\/it\/soluzioni\/soluzioni-di-ricerca-quantitativa-qualitativa\/test-di-posizione-centrale-vs-focus-group\/\" title=\"Test di posizione centrale vs focus group\" data-wpil-monitor-id=\"1588\">focus groups to test<\/a> products for seniors can provide insights into how these products fit seniors&#8217; lifestyles and any adjustments needed to improve usability.<\/p>\n\n\n\n<h2 class=\"gb-headline gb-headline-e8692b75 gb-headline-text\">Come New York Diversity aiuta a testare i prodotti per gli anziani  <\/h2>\n\n\n<div class=\"wp-block-image\">\n<figure class=\"aligncenter is-resized\"><img decoding=\"async\" src=\"https:\/\/lh7-rt.googleusercontent.com\/docsz\/AD_4nXd3XfHHQnRK9pj7We-s5TA0OPtcKQAs1zs9gWnwmoNeu976Ee3tiE_jieopDISW2mKCDF-BGSqzWHPYGaMgheVaqQl5sehqVLD6D1_zzFEzFUVjVUDeqIC6qeE8g6x8AmIqwytlkjRpKScHbSjrwlBvcZWh?key=P1kglV9NJ0lJjHxrPsPqcw\" alt=\"Gruppi di discussione di New York per testare prodotti per anziani \" style=\"width:392px;height:auto\"\/><\/figure>\n<\/div>\n\n\n<h4 class=\"wp-block-heading\"><strong>Diversit\u00e0 culturale<\/strong><\/h4>\n\n\n\n<ul class=\"wp-block-list\">\n<li><strong>Comprendere le diverse preferenze culturali<\/strong>: NYC ospita anziani di diverse culture. Testare i prodotti in questo ambiente aiuta le aziende a comprendere le preferenze e le pratiche culturali che possono influenzare l&#039;accettazione e l&#039;uso dei prodotti.<\/li>\n\n\n\n<li><strong>Affrontare le sensibilit\u00e0 culturali<\/strong>:Il feedback di una popolazione anziana culturalmente diversificata pu\u00f2 aiutare a identificare e affrontare le sensibilit\u00e0 culturali, garantendo che i prodotti siano rispettosi e attraenti per tutti i segmenti di mercato.<br><\/li>\n<\/ul>\n\n\n\n<h4 class=\"wp-block-heading\"><strong>Diversit\u00e0 economica<\/strong><\/h4>\n\n\n\n<ul class=\"wp-block-list\">\n<li><strong>Valutazione dell&#039;accessibilit\u00e0 economica e del valore del prodotto<\/strong>: Gli anziani di New York provengono da contesti economici diversi. I focus group possono fornire spunti su come diverse strategie di prezzo e proposte di valore risuonino con gli anziani in diverse situazioni finanziarie.<\/li>\n\n\n\n<li><strong>Identificazione delle esigenze di accessibilit\u00e0<\/strong>: La diversit\u00e0 economica pu\u00f2 rivelare un accesso variabile alle risorse, influenzando le esigenze e le preferenze dei prodotti. Queste informazioni aiutano a progettare prodotti inclusivi che soddisfano diverse realt\u00e0 economiche.<br><\/li>\n<\/ul>\n\n\n\n<h4 class=\"wp-block-heading\"><strong>Stili di vita diversi<\/strong><\/h4>\n\n\n\n<ul class=\"wp-block-list\">\n<li><strong>Catturare una gamma di stili di vita e preferenze<\/strong>: Gli anziani di New York hanno stili di vita diversi, dai professionisti urbani ai pensionati con livelli di attivit\u00e0 variabili. I focus group possono evidenziare come stili di vita diversi influenzino l&#039;uso e le preferenze dei prodotti.<\/li>\n\n\n\n<li><strong>Adattamento dei prodotti alle diverse esigenze<\/strong>: Le informazioni provenienti da un&#039;ampia gamma di stili di vita consentono alle aziende di personalizzare i prodotti per soddisfare esigenze specifiche, come ausili per la mobilit\u00e0 per anziani attivi o tecnologie facili da usare per utenti meno esperti.<br><\/li>\n<\/ul>\n\n\n\n<h2 class=\"wp-block-heading\">Progettazione di efficaci gruppi di discussione a New York per testare prodotti per anziani<\/h2>\n\n\n\n<figure class=\"gb-block-image gb-block-image-2b6d6861\"><img loading=\"lazy\" decoding=\"async\" width=\"1456\" height=\"816\" class=\"gb-image gb-image-2b6d6861\" src=\"https:\/\/www.sisinternational.com\/wp-content\/uploads\/2025\/08\/Eldersly-care-memory-care-3.jpg\" alt=\"Ricerca e strategia di mercato internazionale SIS\" title=\"Eldersly care memory care (3)\" srcset=\"https:\/\/www.sisinternational.com\/wp-content\/uploads\/2025\/08\/Eldersly-care-memory-care-3.jpg 1456w, https:\/\/www.sisinternational.com\/wp-content\/uploads\/2025\/08\/Eldersly-care-memory-care-3-300x168.jpg 300w, https:\/\/www.sisinternational.com\/wp-content\/uploads\/2025\/08\/Eldersly-care-memory-care-3-1024x574.jpg 1024w, https:\/\/www.sisinternational.com\/wp-content\/uploads\/2025\/08\/Eldersly-care-memory-care-3-768x430.jpg 768w, https:\/\/www.sisinternational.com\/wp-content\/uploads\/2025\/08\/Eldersly-care-memory-care-3-18x10.jpg 18w\" sizes=\"auto, (max-width: 1456px) 100vw, 1456px\"><\/figure>\n\n\n\n<p><\/p>\n\n\n\n<p>To gather valuable and actionable insights from senior participants in focus groups, it&#8217;s essential to design the study with their specific needs and preferences in mind. Effective <a href=\"https:\/\/www.sisinternational.com\/it\/soluzioni\/soluzioni-di-ricerca-quantitativa-qualitativa\/test-di-prodotti-educativi-per-bambini-a-new-york\/\" title=\"Test di prodotti educativi per bambini a New York\" data-wpil-monitor-id=\"1789\">NYC focus groups to test products<\/a> for seniors&#8217; design ensure meaningful feedback and a positive experience for senior participants.&nbsp;<\/p>\n\n\n\n<h4 class=\"wp-block-heading\"><strong>Reclutamento dei partecipanti: criteri e considerazioni<\/strong><\/h4>\n\n\n\n<ul class=\"wp-block-list\">\n<li><strong>Criteri di selezione<\/strong>: Stabilire criteri chiari per la selezione dei partecipanti, come fascia d&#039;et\u00e0, stato di salute e interessi specifici correlati al prodotto. Ci\u00f2 garantisce che il focus group includa anziani che rappresentano il mercato di riferimento.<\/li>\n\n\n\n<li><strong>Rappresentanza diversificata<\/strong>: Puntare alla diversit\u00e0 di etnia, status socioeconomico e stile di vita per raccogliere diverse prospettive. La popolazione diversificata di New York offre l&#039;opportunit\u00e0 di catturare intuizioni diverse.<\/li>\n\n\n\n<li><strong>Incentivi<\/strong>: Offrire incentivi adeguati, come buoni regalo o compensi per il tempo e il viaggio, per incoraggiare la partecipazione e garantire un&#039;esperienza positiva.<br><\/li>\n<\/ul>\n\n\n\n<h4 class=\"wp-block-heading\"><strong>Adattamento del formato per l&#039;impegno dei senior<\/strong><\/h4>\n\n\n\n<ul class=\"wp-block-list\">\n<li><strong>Luogo accessibile<\/strong>: Scegli una sede facilmente accessibile, con posti a sedere comodi e sistemazioni per ausili per la mobilit\u00e0. Garantire l&#039;accessibilit\u00e0 fisica \u00e8 fondamentale per i partecipanti senior.<\/li>\n\n\n\n<li><strong>Lingua semplificata<\/strong>: Utilizzare un linguaggio chiaro e diretto in tutti i materiali e le discussioni. Evitare il gergo tecnico che potrebbe risultare poco familiare ad alcuni senior.<\/li>\n\n\n\n<li><strong>Metodi interattivi<\/strong>: Incorporare elementi interattivi, come dimostrazioni pratiche di prodotti o supporti visivi, per coinvolgere i partecipanti e facilitare il feedback.<br><\/li>\n<\/ul>\n\n\n\n<h4 class=\"wp-block-heading\"><strong>Garantire l&#039;accessibilit\u00e0 nella discussione e nell&#039;ambiente<\/strong><\/h4>\n\n\n\n<ul class=\"wp-block-list\">\n<li><strong>Supporto tecnico<\/strong>: Fornire assistenza tecnica per tutti gli strumenti o dispositivi digitali utilizzati durante il focus group. Assicurarsi che gli anziani siano a proprio agio con la tecnologia coinvolta.<\/li>\n\n\n\n<li><strong>Tecniche di moderazione<\/strong>: Utilizzare moderatori esperti, abili nell&#039;interazione con i partecipanti senior. Il moderatore dovrebbe essere paziente e attento, lasciando ampio tempo ai senior per esprimere i propri pensieri.<\/li>\n\n\n\n<li><strong>Raccolta feedback<\/strong>: Utilizzare metodi che si adattino a diversi livelli di comfort con la tecnologia. Ad esempio, considerare l&#039;utilizzo di sondaggi cartacei o interviste individuali oltre agli strumenti digitali.<br><\/li>\n<\/ul>\n\n\n\n<h2 class=\"wp-block-heading\">Valutazione dei risultati<\/h2>\n\n\n\n<figure class=\"gb-block-image gb-block-image-f0b7edd4\"><img loading=\"lazy\" decoding=\"async\" width=\"1456\" height=\"816\" class=\"gb-image gb-image-f0b7edd4\" src=\"https:\/\/www.sisinternational.com\/wp-content\/uploads\/2025\/08\/Eldersly-care-memory-care-2.jpg\" alt=\"Ricerca e strategia di mercato internazionale SIS\" title=\"Eldersly care memory care (2)\" srcset=\"https:\/\/www.sisinternational.com\/wp-content\/uploads\/2025\/08\/Eldersly-care-memory-care-2.jpg 1456w, https:\/\/www.sisinternational.com\/wp-content\/uploads\/2025\/08\/Eldersly-care-memory-care-2-300x168.jpg 300w, https:\/\/www.sisinternational.com\/wp-content\/uploads\/2025\/08\/Eldersly-care-memory-care-2-1024x574.jpg 1024w, https:\/\/www.sisinternational.com\/wp-content\/uploads\/2025\/08\/Eldersly-care-memory-care-2-768x430.jpg 768w, https:\/\/www.sisinternational.com\/wp-content\/uploads\/2025\/08\/Eldersly-care-memory-care-2-18x10.jpg 18w\" sizes=\"auto, (max-width: 1456px) 100vw, 1456px\"><\/figure>\n\n\n\n<p><\/p>\n\n\n\n<p>Practical evaluation ensures that the feedback is used to enhance product development, marketing strategies, and overall consumer engagement \u2013 and here\u2019s how to approach the review of results from NYC <a href=\"https:\/\/www.sisinternational.com\/it\/soluzioni\/focus-group\/focus-group-a-new-york-per-testare-i-prodotti-della-generazione-z\/\" title=\"Sfruttare i focus group a New York per testare i prodotti della Generazione Z\" data-wpil-monitor-id=\"1874\">focus groups to test products<\/a> for seniors:<\/p>\n\n\n\n<h4 class=\"wp-block-heading\"><strong>Interpretare il feedback degli anziani<\/strong><\/h4>\n\n\n\n<ul class=\"wp-block-list\">\n<li><strong>Identificazione dei temi chiave<\/strong>: Rivedi il feedback per identificare temi e modelli comuni. Cerca problemi ricorrenti, preferenze e suggerimenti che possono guidare i miglioramenti del prodotto.<\/li>\n\n\n\n<li><strong>Segmentazione dei dati<\/strong>: Analizza i dati segmentandoli in base a diversi criteri, come et\u00e0, stato di salute e stile di vita. Ci\u00f2 aiuta a comprendere come vari segmenti della popolazione anziana percepiscono il prodotto.<\/li>\n\n\n\n<li><strong>Valutazione dell&#039;usabilit\u00e0 e dell&#039;accettazione<\/strong>: Valutare il feedback sull&#039;usabilit\u00e0 e l&#039;accettazione del prodotto. Determinare quanto bene il prodotto soddisfa le esigenze e le preferenze specifiche degli anziani e identificare le aree di miglioramento.<br><\/li>\n<\/ul>\n\n\n\n<h4 class=\"wp-block-heading\"><strong>Metriche chiave da monitorare per lo sviluppo di prodotti incentrati sui senior<\/strong><\/h4>\n\n\n\n<ul class=\"wp-block-list\">\n<li><strong>Facilit\u00e0 d&#039;uso<\/strong>: Misura la facilit\u00e0 con cui gli anziani possono usare il prodotto e se soddisfa le loro esigenze di accessibilit\u00e0. Tieni traccia di eventuali difficolt\u00e0 segnalate e suggerimenti per il miglioramento.<\/li>\n\n\n\n<li><strong>Pertinenza delle funzionalit\u00e0<\/strong>: Valutare l&#039;importanza di varie caratteristiche dal punto di vista degli anziani. Determinare quali caratteristiche sono pi\u00f9 apprezzate e quali potrebbero aver bisogno di aggiustamenti o supporto aggiuntivo.<\/li>\n\n\n\n<li><strong>Soddisfazione generale<\/strong>: Misura la soddisfazione complessiva del prodotto, inclusa la soddisfazione per il design, la funzionalit\u00e0 e l&#039;usabilit\u00e0. Questa metrica aiuta a comprendere il potenziale successo del prodotto sul mercato.<br><\/li>\n<\/ul>\n\n\n\n<h4 class=\"wp-block-heading\"><strong>Adattamento del design e del marketing del prodotto in base alle informazioni<\/strong><\/h4>\n\n\n\n<ul class=\"wp-block-list\">\n<li><strong>Modifiche di progettazione<\/strong>: Utilizzare il feedback per apportare le modifiche necessarie al design del prodotto, assicurandosi che sia in linea con le preferenze e le esigenze degli anziani. Ci\u00f2 potrebbe comportare modifiche di dimensioni, funzionalit\u00e0 o usabilit\u00e0.<\/li>\n\n\n\n<li><strong>Strategie di marketing<\/strong>: Adattare le strategie di marketing in base alle informazioni ottenute dai focus group. Adattare i messaggi per evidenziare le caratteristiche pi\u00f9 interessanti per gli anziani e affrontare eventuali preoccupazioni o barriere identificate.<\/li>\n\n\n\n<li><strong>Ciclo di feedback continuo<\/strong>: Stabilire un ciclo di feedback continuo con i consumatori anziani per perfezionare il prodotto e restare in sintonia con le mutevoli esigenze e preferenze.<br><\/li>\n<\/ul>\n\n\n\n<h2 class=\"wp-block-heading\">A proposito di SIS Internazionale<\/h2>\n\n\n\n<p><a href=\"https:\/\/www.sisinternational.com\/it\/\">SIS Internazionale<\/a> offre ricerca quantitativa, qualitativa e strategica. Forniamo dati, strumenti, strategie, report e approfondimenti per il processo decisionale. Conduciamo anche interviste, sondaggi, focus group e altri metodi e approcci di ricerca di mercato.<a href=\"https:\/\/www.sisinternational.com\/it\/sulla-sua-ricerca-internazionale\/contact-sis-international-market-research\/\"> Contattaci<\/a> per il tuo prossimo progetto di ricerca di mercato.<\/p>","protected":false},"excerpt":{"rendered":"<p>Leveraging NYC Focus Groups to Test Products for Seniors &nbsp; New York City is one of the most diverse markets in the world, making it an ideal location for testing products with various consumer segments, including seniors. With a rapidly growing senior population, businesses have a unique opportunity to develop products that cater to this &#8230; <a title=\"Sfruttare i focus group di New York per testare prodotti per anziani \u00a0\" class=\"read-more\" href=\"https:\/\/www.sisinternational.com\/it\/soluzioni\/focus-group\/gruppi-di-discussione-di-new-york-per-testare-prodotti-per-anziani\/\" aria-label=\"Per saperne di pi\u00f9 su Leveraging NYC Focus Groups to Test Products for Seniors \u00a0\">Leggi tutto<\/a><\/p>","protected":false},"author":1,"featured_media":63799,"parent":16287,"menu_order":7,"comment_status":"closed","ping_status":"closed","template":"","meta":{"footnotes":""},"class_list":["post-53731","page","type-page","status-publish","has-post-thumbnail"],"_links":{"self":[{"href":"https:\/\/www.sisinternational.com\/it\/wp-json\/wp\/v2\/pages\/53731","targetHints":{"allow":["GET"]}}],"collection":[{"href":"https:\/\/www.sisinternational.com\/it\/wp-json\/wp\/v2\/pages"}],"about":[{"href":"https:\/\/www.sisinternational.com\/it\/wp-json\/wp\/v2\/types\/page"}],"author":[{"embeddable":true,"href":"https:\/\/www.sisinternational.com\/it\/wp-json\/wp\/v2\/users\/1"}],"replies":[{"embeddable":true,"href":"https:\/\/www.sisinternational.com\/it\/wp-json\/wp\/v2\/comments?post=53731"}],"version-history":[{"count":9,"href":"https:\/\/www.sisinternational.com\/it\/wp-json\/wp\/v2\/pages\/53731\/revisions"}],"predecessor-version":[{"id":76244,"href":"https:\/\/www.sisinternational.com\/it\/wp-json\/wp\/v2\/pages\/53731\/revisions\/76244"}],"up":[{"embeddable":true,"href":"https:\/\/www.sisinternational.com\/it\/wp-json\/wp\/v2\/pages\/16287"}],"wp:featuredmedia":[{"embeddable":true,"href":"https:\/\/www.sisinternational.com\/it\/wp-json\/wp\/v2\/media\/63799"}],"wp:attachment":[{"href":"https:\/\/www.sisinternational.com\/it\/wp-json\/wp\/v2\/media?parent=53731"}],"curies":[{"name":"wp","href":"https:\/\/api.w.org\/{rel}","templated":true}]}}