{"id":53727,"date":"2024-10-12T23:34:08","date_gmt":"2024-10-13T03:34:08","guid":{"rendered":"https:\/\/www.sisinternational.com\/?page_id=53727"},"modified":"2026-01-25T19:39:08","modified_gmt":"2026-01-26T00:39:08","slug":"focus-group-sullalcol","status":"publish","type":"page","link":"https:\/\/www.sisinternational.com\/it\/soluzioni\/focus-group\/focus-group-sullalcol\/","title":{"rendered":"Focus Group sull&#039;alcol: bevande alcoliche e analcoliche\u00a0"},"content":{"rendered":"<h1 class=\"wp-block-heading\">Focus Group sull&#039;alcol: bevande alcoliche e analcoliche&nbsp;<\/h1>\n\n\n\n<figure class=\"gb-block-image gb-block-image-2805c10c\"><img loading=\"lazy\" decoding=\"async\" width=\"1456\" height=\"816\" class=\"gb-image gb-image-2805c10c\" src=\"https:\/\/www.sisinternational.com\/wp-content\/uploads\/2025\/08\/Wine-5.jpg\" alt=\"Ricerca e strategia di mercato internazionale SIS\" title=\"Wine (5)\" srcset=\"https:\/\/www.sisinternational.com\/wp-content\/uploads\/2025\/08\/Wine-5.jpg 1456w, https:\/\/www.sisinternational.com\/wp-content\/uploads\/2025\/08\/Wine-5-300x168.jpg 300w, https:\/\/www.sisinternational.com\/wp-content\/uploads\/2025\/08\/Wine-5-1024x574.jpg 1024w, https:\/\/www.sisinternational.com\/wp-content\/uploads\/2025\/08\/Wine-5-768x430.jpg 768w, https:\/\/www.sisinternational.com\/wp-content\/uploads\/2025\/08\/Wine-5-18x10.jpg 18w\" sizes=\"auto, (max-width: 1456px) 100vw, 1456px\"><\/figure>\n\n\n\n<p><\/p>\n\n\n\n<p>Man mano che preferenze e tendenze cambiano, i marchi devono restare in sintonia con ci\u00f2 che i loro clienti desiderano, e i focus group sull&#039;alcol forniscono uno strumento potente per ottenere approfondimenti approfonditi sulle preferenze, le motivazioni e le percezioni dei consumatori. Attraverso queste discussioni, i marchi di alcolici possono comprendere meglio il loro pubblico di riferimento, esplorare le tendenze emergenti e prendere decisioni informate che si allineano alle richieste del mercato.&nbsp;<\/p>\n\n\n\n<h2 class=\"wp-block-heading\">Comprendere le preferenze dei consumatori nel consumo di alcol<\/h2>\n\n\n\n<p>I focus group sull&#039;alcol svelano approfondimenti dettagliati sulle preferenze dei consumatori. Riunendo partecipanti diversi, queste sessioni forniscono ai marchi di alcolici un feedback inestimabile su gusto, packaging ed esperienza complessiva.&nbsp;<\/p>\n\n\n\n<p>Regioni diverse mostrano preferenze diverse quando si tratta di consumo di alcol. Ad esempio, negli Stati Uniti, le birre artigianali e gli alcolici premium sono diventati pi\u00f9 popolari, mentre i mercati europei potrebbero orientarsi verso il vino e le bevande alcoliche tradizionali. Pertanto, i focus group sugli alcolici consentono ai marchi di adattare i loro prodotti a queste differenze regionali, assicurandosi che soddisfino le esigenze dei consumatori locali.<\/p>\n\n\n\n<p>Inoltre, questi focus group sono essenziali per identificare le tendenze emergenti. Man mano che i gusti dei consumatori evolvono, i marchi devono restare all&#039;avanguardia adattandosi alle nuove preferenze, che si tratti di opzioni a basso contenuto di alcol o di combinazioni di sapori uniche. Questo feedback dinamico dai focus group sull&#039;alcol consente alle aziende di innovare e rimanere competitive nel mercato delle bevande in continua evoluzione.<\/p>\n\n\n\n<h2 class=\"wp-block-heading\">L&#039;importanza dei focus group nella ricerca di mercato sugli alcolici<\/h2>\n\n\n\n<figure class=\"gb-block-image gb-block-image-54971659\"><img loading=\"lazy\" decoding=\"async\" width=\"1456\" height=\"816\" class=\"gb-image gb-image-54971659\" src=\"https:\/\/www.sisinternational.com\/wp-content\/uploads\/2025\/08\/Alcoholic-beverage-2.jpg\" alt=\"Ricerca e strategia di mercato internazionale SIS\" title=\"Alcoholic beverage (2)\" srcset=\"https:\/\/www.sisinternational.com\/wp-content\/uploads\/2025\/08\/Alcoholic-beverage-2.jpg 1456w, https:\/\/www.sisinternational.com\/wp-content\/uploads\/2025\/08\/Alcoholic-beverage-2-300x168.jpg 300w, https:\/\/www.sisinternational.com\/wp-content\/uploads\/2025\/08\/Alcoholic-beverage-2-1024x574.jpg 1024w, https:\/\/www.sisinternational.com\/wp-content\/uploads\/2025\/08\/Alcoholic-beverage-2-768x430.jpg 768w, https:\/\/www.sisinternational.com\/wp-content\/uploads\/2025\/08\/Alcoholic-beverage-2-18x10.jpg 18w\" sizes=\"auto, (max-width: 1456px) 100vw, 1456px\"><\/figure>\n\n\n\n<p><\/p>\n\n\n\n<p><a href=\"https:\/\/www.sisinternational.com\/it\/soluzioni\/focus-group\/strutture-per-focus-group-a-new-york\/\">Focus group<\/a> sull&#039;alcol sono inestimabili nel mercato degli alcolici perch\u00e9 offrono approfondimenti qualitativi e profondi che altri metodi di ricerca, come sondaggi o analisi, spesso perdono. Mentre i dati quantitativi possono mostrare ampie tendenze dei consumatori, non sempre spiegano il &quot;perch\u00e9&quot; dietro tali tendenze. I focus group sull&#039;alcol consentono ai marchi di esplorare le motivazioni, gli atteggiamenti e i fattori emotivi che influenzano le decisioni di acquisto, aiutando i marchi a comprendere meglio il loro mercato di riferimento.<\/p>\n\n\n\n<p>Ad esempio, in un tipico focus group, i partecipanti possono fornire un feedback dettagliato su cosa gli piace o non gli piace del gusto, della confezione o del marchio di un prodotto particolare. Questa interazione diretta aiuta a scoprire preferenze sfumate che potrebbero essere difficili da catturare tramite altri metodi. Inoltre, i focus group consentono discussioni interattive, consentendo ai partecipanti di basarsi sulle idee degli altri, spesso con conseguenti approfondimenti pi\u00f9 ricchi.<\/p>\n\n\n\n<p>Un altro vantaggio fondamentale di<strong> <\/strong>focus group sull&#039;alcol \u00e8 la capacit\u00e0 di valutare le reazioni dei consumatori a prodotti nuovi o sperimentali prima che arrivino sul mercato. I marchi possono introdurre prototipi di bevande, nuovi gusti o concetti di packaging per vedere in prima persona come reagiscono i consumatori. Questo feedback iniziale \u00e8 fondamentale per prevenire costosi errori e garantire che i prodotti risuonino con i consumatori.<\/p>\n\n\n\n<p>Inoltre, <a href=\"https:\/\/www.sisinternational.com\/it\/competenza\/industrie\/focus-group-industriali\/\" title=\"Focus group industriali\"  data-wpil-monitor-id=\"5847\">focus group sull&#039;alcol<\/a> are particularly useful for exploring emerging trends in the industry, such as the rise of low-alcohol, no-alcohol, and craft beverages. These niche markets are rapidly growing, and focus groups provide a platform to understand the specific preferences of consumers driving these trends. Insights from such discussions can guide product development, branding, and marketing strategies, ensuring that brands stay ahead of the curve.<\/p>\n\n\n\n<h2 class=\"wp-block-heading\">Approfondimenti chiave ottenuti dai focus group sull&#039;alcol<\/h2>\n\n\n\n<p>I focus group sull&#039;alcol forniscono numerose intuizioni che possono dare forma alle offerte di prodotti e alle strategie di marketing nel settore dell&#039;alcol. Ecco alcune delle aree chiave in cui i focus group aiutano i marchi ad acquisire una comprensione pi\u00f9 approfondita:<\/p>\n\n\n\n<ul class=\"wp-block-list\">\n<li><strong>Preferenze del consumatore:<\/strong> I marchi possono scoprire se i consumatori preferiscono un sapore pi\u00f9 dolce o pi\u00f9 amaro, quale tipo di design del packaging cattura la loro attenzione o cosa pensano della sostenibilit\u00e0 del prodotto. Queste informazioni consentono ai marchi di adattare le loro offerte di prodotti per allinearle ai desideri dei consumatori.<\/li>\n\n\n\n<li><strong>Fedelt\u00e0 al marchio e comportamento di cambio:<\/strong> Attraverso focus group sull&#039;alcol, i marchi possono esplorare le ragioni dietro la fedelt\u00e0 dei clienti o cosa li spinge a passare a prodotti concorrenti. Comprendere perch\u00e9 i consumatori rimangono fedeli a un determinato marchio, sia per gusto, marketing o qualit\u00e0 percepita, aiuta i marchi a rafforzare le loro relazioni con i clienti esistenti.&nbsp;<\/li>\n\n\n\n<li><strong>Tendenze nel consumo di alcol:<\/strong> Recent shifts towards low-alcohol and no-alcohol beverages, craft spirits, or health-conscious options can be explored in detail. For example, participants in focus groups on <a href=\"https:\/\/www.sisinternational.com\/it\/mystery-shopping-for-alcoholic-beverages\/\" title=\"Mystery Shopping for Alcoholic Beverages\"  data-wpil-monitor-id=\"874\">alcohol may express growing interest in beverages<\/a> that align with their lifestyle choices, such as gluten-free or organic options.&nbsp;<\/li>\n\n\n\n<li><strong>Variazioni culturali e demografiche:<\/strong> <a href=\"https:\/\/www.sisinternational.com\/it\/recensione-del-libro-il-codice-della-cultura\/\" title=\"Recensione del libro: \u201cIl codice della cultura\u201d\"  data-wpil-monitor-id=\"4415\">Focus groups on alcohol allow brands<\/a> to segment their audience based on age, gender, location, or lifestyle, revealing specific preferences in each segment. For example, younger consumers may prioritize trendy packaging, while older consumers focus on the quality of ingredients.&nbsp;<br><\/li>\n<\/ul>\n\n\n\n<h2 class=\"wp-block-heading\">Approfondimenti sullo sviluppo del prodotto e sul branding<\/h2>\n\n\n\n<figure class=\"gb-block-image gb-block-image-4c435353\"><img loading=\"lazy\" decoding=\"async\" width=\"1456\" height=\"816\" class=\"gb-image gb-image-4c435353\" src=\"https:\/\/www.sisinternational.com\/wp-content\/uploads\/2025\/08\/Ready-to-Drink-RTD-Beverage-5.jpg\" alt=\"Ricerca e strategia di mercato internazionale SIS\" title=\"Ready to Drink (RTD) Beverage (5)\" srcset=\"https:\/\/www.sisinternational.com\/wp-content\/uploads\/2025\/08\/Ready-to-Drink-RTD-Beverage-5.jpg 1456w, https:\/\/www.sisinternational.com\/wp-content\/uploads\/2025\/08\/Ready-to-Drink-RTD-Beverage-5-300x168.jpg 300w, https:\/\/www.sisinternational.com\/wp-content\/uploads\/2025\/08\/Ready-to-Drink-RTD-Beverage-5-1024x574.jpg 1024w, https:\/\/www.sisinternational.com\/wp-content\/uploads\/2025\/08\/Ready-to-Drink-RTD-Beverage-5-768x430.jpg 768w, https:\/\/www.sisinternational.com\/wp-content\/uploads\/2025\/08\/Ready-to-Drink-RTD-Beverage-5-18x10.jpg 18w\" sizes=\"auto, (max-width: 1456px) 100vw, 1456px\"><\/figure>\n\n\n\n<p><br>I focus group sull&#039;alcol perfezionano lo sviluppo del prodotto e le strategie di branding. Coinvolgendo direttamente i clienti target, le aziende possono raccogliere feedback immediati su aspetti quali gusto, packaging e presentazione, il che \u00e8 fondamentale per la messa a punto prima di lanciare un prodotto sul mercato pi\u00f9 ampio.<\/p>\n\n\n\n<p>I consumatori che partecipano ai focus group sull&#039;alcol forniscono approfondimenti concreti su come gli elementi del branding, come loghi, slogan e schemi di colori, risuonino con le loro percezioni di qualit\u00e0 e valore. Questo feedback aiuta i marchi a creare una connessione pi\u00f9 forte con il loro pubblico di riferimento, assicurando che il loro messaggio e la loro identit\u00e0 visiva siano in linea con le aspettative dei consumatori.<\/p>\n\n\n\n<p>Inoltre, questi focus group sono un modo efficace per valutare il successo dei design di packaging. Che un prodotto sia posizionato come premium, eco-friendly o di massa, il feedback su etichettatura, materiali e presentazione complessiva pu\u00f2 determinare il successo o il fallimento dell&#039;accoglienza di un prodotto in un mercato competitivo.&nbsp;<\/p>\n\n\n\n<h2 class=\"wp-block-heading\">Gruppi di discussione: bevande alcoliche e analcoliche<\/h2>\n\n\n\n<p>Con un numero crescente di consumatori alla ricerca di alternative pi\u00f9 sane, i focus group svolgono un ruolo fondamentale nel guidare i marchi mentre si avventurano in nuove categorie di prodotti, tra cui opzioni a basso contenuto di alcol e analcoliche. Sfruttando questi focus group, i marchi possono comprendere meglio le motivazioni alla base delle scelte dei consumatori, come la preferenza per la moderazione o le decisioni attente alla salute.<\/p>\n\n\n\n<p>In queste sessioni, i partecipanti condividono le loro aspettative e preferenze per <a href=\"https:\/\/www.sisinternational.com\/it\/competenza\/industrie\/ricerche-di-mercato-sulle-bevande-alcoliche\/\">alcolizzato<\/a> e offerte analcoliche. I focus group sull&#039;alcol consentono alle aziende di testare gusti innovativi, valutare l&#039;attrattiva delle bevande analcoliche ed esplorare quanto queste alternative si adattino bene a contesti sociali tradizionalmente dominati dalle bevande alcoliche.&nbsp;<\/p>\n\n\n\n<p>Inoltre, i focus group sull&#039;alcol aiutano i marchi a determinare come commercializzare questi nuovi prodotti. Offrono spunti per messaggi efficaci che evidenziano i benefici delle bevande analcoliche, come i vantaggi per la salute, senza alienare i consumatori tradizionali di prodotti alcolici.&nbsp;<\/p>\n\n\n\n<h2 class=\"wp-block-heading\">Considerazioni normative e sicurezza del consumatore<\/h2>\n\n\n\n<p>Un&#039;area chiave \u00e8 l&#039;etichettatura e le avvertenze sanitarie associate all&#039;alcol. I focus group forniscono informazioni su quanto bene i consumatori comprendono e rispondono alle etichette obbligatorie relative al contenuto di alcol, ai limiti di consumo e ai potenziali rischi per la salute. Questo feedback \u00e8 essenziale affinch\u00e9 i marchi di alcolici soddisfino i requisiti legali mantenendo al contempo un&#039;immagine positiva del marchio.<\/p>\n\n\n\n<p>Inoltre, la sicurezza dei consumatori \u00e8 una preoccupazione crescente nel settore degli alcolici, in particolare con la crescente consapevolezza del bere responsabile. I focus group sugli alcolici consentono ai marchi di valutare come i consumatori reagiscono alle campagne sulla sicurezza, agli avvertimenti sul consumo eccessivo e agli sforzi per promuovere la moderazione. Questo contributo aiuta le aziende a bilanciare la conformit\u00e0 normativa con strategie di marketing in linea con gli obiettivi di salute pubblica.<\/p>\n\n\n\n<h2 class=\"wp-block-heading\">Come testare le bevande alcoliche e analcoliche nei focus group a New York<\/h2>\n\n\n\n<figure class=\"gb-block-image gb-block-image-4f43a58b\"><img loading=\"lazy\" decoding=\"async\" width=\"1456\" height=\"816\" class=\"gb-image gb-image-4f43a58b\" src=\"https:\/\/www.sisinternational.com\/wp-content\/uploads\/2025\/08\/Alcoholic-beverage-2.jpg\" alt=\"Ricerca e strategia di mercato internazionale SIS\" title=\"Alcoholic beverage (2)\" srcset=\"https:\/\/www.sisinternational.com\/wp-content\/uploads\/2025\/08\/Alcoholic-beverage-2.jpg 1456w, https:\/\/www.sisinternational.com\/wp-content\/uploads\/2025\/08\/Alcoholic-beverage-2-300x168.jpg 300w, https:\/\/www.sisinternational.com\/wp-content\/uploads\/2025\/08\/Alcoholic-beverage-2-1024x574.jpg 1024w, https:\/\/www.sisinternational.com\/wp-content\/uploads\/2025\/08\/Alcoholic-beverage-2-768x430.jpg 768w, https:\/\/www.sisinternational.com\/wp-content\/uploads\/2025\/08\/Alcoholic-beverage-2-18x10.jpg 18w\" sizes=\"auto, (max-width: 1456px) 100vw, 1456px\"><\/figure>\n\n\n\n<p><br>New York\u2019s diverse consumer base makes it an ideal location for testing <a href=\"https:\/\/www.sisinternational.com\/it\/soluzioni\/soluzioni-di-ricerca-quantitativa-qualitativa\/test-di-posizione-centrale-vs-focus-group\/\" title=\"Test di posizione centrale vs focus group\"  data-wpil-monitor-id=\"1600\">alcoholic and non-alcoholic beverages through focus<\/a> groups. It allows businesses to gather valuable insights on taste preferences, packaging appeal, marketing effectiveness, and product perception. Therefore, conducting focus groups in such a dynamic market enables companies to tailor their beverage offerings to meet local and national consumer expectations \u2013 and here\u2019s how businesses can effectively test their beverages in New York focus groups:<\/p>\n\n\n\n<h4 class=\"wp-block-heading\"><strong>1. Sfruttare la demografia diversificata di New York<\/strong><\/h4>\n\n\n\n<p>La popolazione di New York offre vari segmenti demografici e di stile di vita a cui le aziende di bevande possono rivolgersi. New York offre una sezione trasversale di quasi ogni profilo di consumatore, dai consumatori attenti alla salute interessati alle bevande analcoliche a quelli con preferenze per birre artigianali o liquori premium. Organizzando focus group che si rivolgono a gruppi specifici, come i Millennial, la Gen Z o i professionisti benestanti, i marchi possono ottenere informazioni dettagliate su come diverse fasce demografiche rispondono ai loro prodotti.<\/p>\n\n\n\n<h4 class=\"wp-block-heading\"><strong>2. Valutare i profili aromatici e le preferenze di gusto<\/strong><\/h4>\n\n\n\n<p>Testare il sapore delle bevande \u00e8 fondamentale per il successo dei prodotti alcolici e analcolici. I focus group offrono un ambiente ideale per i test del gusto, in cui i partecipanti possono confrontare diversi sapori o formulazioni in un ambiente controllato. Per le bevande alcoliche, i marchi possono esplorare le preferenze per vari tipi di bevande, come birre artigianali, vini o liquori, e determinare quanto bene il loro prodotto si confronta con i concorrenti. Per le bevande analcoliche, le aziende possono testare nuove formulazioni per energy drink, succhi o bevande benessere per vedere come i sapori risuonano con il pubblico di destinazione.&nbsp;<\/p>\n\n\n\n<h4 class=\"wp-block-heading\"><strong>3. Prova il design del packaging e l&#039;attrattiva del marchio<\/strong><\/h4>\n\n\n\n<p>Le aziende possono presentare ai partecipanti diversi design di etichette, forme di bottiglie e materiali di imballaggio e raccogliere feedback su ci\u00f2 che li attrae di pi\u00f9. Ci\u00f2 \u00e8 particolarmente importante per i marchi che cercano di attrarre consumatori attenti all&#039;ambiente, poich\u00e9 i focus group possono rivelare se le opzioni di imballaggio sostenibile hanno un&#039;influenza significativa nelle decisioni di acquisto. Comprendendo quali elementi visivi attraggono i newyorkesi, i marchi possono creare imballaggi che si distinguono sugli scaffali in un mercato altamente competitivo.<\/p>\n\n\n\n<h4 class=\"wp-block-heading\"><strong>4. Misurare le risposte al marketing e al posizionamento del prodotto<\/strong><\/h4>\n\n\n\n<p>Oltre a testare le bevande stesse, le aziende possono utilizzare focus group per valutare quanto i loro messaggi di marketing siano in linea con le aspettative dei consumatori. I marchi possono presentare vari concetti pubblicitari, slogan e campagne promozionali ai partecipanti e vedere quali idee hanno pi\u00f9 risonanza. Per le bevande alcoliche, i marchi possono testare il posizionamento del loro prodotto, sia come prodotto artigianale premium, sia come opzione quotidiana conveniente. Le bevande analcoliche possono concentrarsi su messaggi attenti alla salute, affermazioni energizzanti o allineamento con lo stile di vita.&nbsp;<\/p>\n\n\n\n<h4 class=\"wp-block-heading\"><strong>5. Conformit\u00e0 alle normative sull&#039;alcol<\/strong><\/h4>\n\n\n\n<p>Quando si testano bevande alcoliche nei focus group di New York, \u00e8 fondamentale rispettare le normative locali e federali in materia di consumo e pubblicit\u00e0 di alcolici. Ci\u00f2 include garantire che i partecipanti abbiano l&#039;et\u00e0 legale per bere e che qualsiasi focus group che coinvolga bevande alcoliche aderisca alle linee guida legali e di sicurezza. D&#039;altro canto, le bevande analcoliche offrono maggiore flessibilit\u00e0 ma richiedono comunque attenzione alle affermazioni relative alla salute e al rispetto degli standard di sicurezza di alimenti e bevande.<\/p>\n\n\n\n<h2 class=\"wp-block-heading\">Come i focus group di SIS International sull&#039;alcol aiutano le aziende<\/h2>\n\n\n\n<p><a href=\"https:\/\/www.linkedin.com\/company\/sisinternationalresearch\/\" target=\"_blank\" rel=\"noopener\">SIS Internazionale<\/a>I focus group di sull&#039;alcol offrono alle aziende uno strumento potente per acquisire approfondimenti approfonditi sul comportamento dei consumatori, sulle preferenze di prodotto e sulle tendenze di mercato. Questi focus group consentono alle aziende di interagire direttamente con il loro pubblico di riferimento, raccogliendo feedback preziosi che aiutano a definire le loro strategie aziendali.<\/p>\n\n\n<p>\n\n\n<\/p>\n<p style=\"padding-left: 40px;\"><strong>Approfondimenti sui consumatori<br \/><br \/><\/strong>I focus group di SIS International sull&#039;alcol forniscono alle aziende approfondimenti completi sulle preferenze, i comportamenti e gli atteggiamenti dei consumatori. Ci\u00f2 consente alle aziende di adattare i propri prodotti e le strategie di marketing per soddisfare al meglio le esigenze del loro pubblico di riferimento.<\/p>\n<p style=\"padding-left: 40px;\">\n\n\n\n<\/p>\n<p style=\"padding-left: 40px;\"><strong>Rischi di lancio del prodotto ridotti al minimo<\/strong><strong><br \/><\/strong><strong><br \/><\/strong>Testando nuovi prodotti alcolici e analcolici attraverso focus group, le aziende possono perfezionare la propria offerta prima dell&#039;introduzione sul mercato, riducendo i rischi di insuccesso del prodotto e garantendo una migliore aderenza al mercato.<\/p>\n<p style=\"padding-left: 40px;\">\n\n\n\n<\/p>\n<p style=\"padding-left: 40px;\"><strong>Analisi regionale personalizzata<\/strong><strong><br \/><\/strong><strong><br \/><\/strong>La competenza globale di SIS International garantisce che i focus group siano progettati per cogliere le differenze regionali, consentendo alle aziende di comprendere e rispondere alle preferenze locali, alle influenze culturali e ai requisiti normativi.<\/p>\n<p style=\"padding-left: 40px;\">\n\n\n\n<\/p>\n<p style=\"padding-left: 40px;\"><strong>Posizionamento efficace del marchio<\/strong><strong><br \/><\/strong><strong><br \/><\/strong>Grazie alla consulenza di SIS, le aziende possono testare e ottimizzare le strategie di branding, assicurandosi che i loro prodotti incontrino l&#039;interesse dei consumatori e si distinguano in un mercato affollato.<\/p>\n<p style=\"padding-left: 40px;\">\n\n\n\n<\/p>\n<p style=\"padding-left: 40px;\"><strong>Feedback fruibile sulle campagne di marketing<\/strong><strong><br \/><\/strong><strong><br \/><\/strong>I focus group offrono un feedback immediato e pertinente su pubblicit\u00e0, imballaggi e materiali promozionali, consentendo alle aziende di perfezionare le proprie campagne per ottenere la massima efficacia.<\/p>\n<p style=\"padding-left: 40px;\">\n\n\n\n<\/p>\n<p style=\"padding-left: 40px;\"><strong>Orientamento strategico all&#039;innovazione<br \/><br \/><\/strong>L&#039;esperienza di SIS International aiuta le aziende a restare al passo con le tendenze, individuando le esigenze e le preferenze emergenti dei consumatori e promuovendo l&#039;innovazione nelle bevande alcoliche e analcoliche.<\/p>\n<p style=\"padding-left: 40px;\">\n\n\n<\/p>\n\n\n<h2 class=\"wp-block-heading\">A proposito di SIS Internazionale<\/h2>\n\n\n\n<p><a href=\"https:\/\/www.sisinternational.com\/it\/\">SIS Internazionale<\/a> offre ricerca quantitativa, qualitativa e strategica. Forniamo dati, strumenti, strategie, report e approfondimenti per il processo decisionale. Conduciamo anche interviste, sondaggi, focus group e altri metodi e approcci di ricerca di mercato.<a href=\"https:\/\/www.sisinternational.com\/it\/sulla-sua-ricerca-internazionale\/contact-sis-international-market-research\/\"> Contattaci<\/a> per il tuo prossimo progetto di ricerca di mercato.<\/p>","protected":false},"excerpt":{"rendered":"<p>Focus Groups on Alcohol: Alcoholic and Non-Alcoholic Beverages&nbsp; As preferences and trends shift, brands need to stay attuned to what their customers want \u2013 and focus groups on alcohol provide a powerful tool to gain in-depth insights into consumer preferences, motivations, and perceptions. Through these discussions, alcohol brands can better understand their target audience, explore &#8230; <a title=\"Focus Group sull&#039;alcol: bevande alcoliche e analcoliche\u00a0\" class=\"read-more\" href=\"https:\/\/www.sisinternational.com\/it\/soluzioni\/focus-group\/focus-group-sullalcol\/\" aria-label=\"Per saperne di pi\u00f9 su Focus Groups on Alcohol: Alcoholic and Non-Alcoholic Beverages\u00a0\">Leggi tutto<\/a><\/p>","protected":false},"author":1,"featured_media":63246,"parent":16287,"menu_order":5,"comment_status":"closed","ping_status":"closed","template":"","meta":{"footnotes":""},"class_list":["post-53727","page","type-page","status-publish","has-post-thumbnail"],"_links":{"self":[{"href":"https:\/\/www.sisinternational.com\/it\/wp-json\/wp\/v2\/pages\/53727","targetHints":{"allow":["GET"]}}],"collection":[{"href":"https:\/\/www.sisinternational.com\/it\/wp-json\/wp\/v2\/pages"}],"about":[{"href":"https:\/\/www.sisinternational.com\/it\/wp-json\/wp\/v2\/types\/page"}],"author":[{"embeddable":true,"href":"https:\/\/www.sisinternational.com\/it\/wp-json\/wp\/v2\/users\/1"}],"replies":[{"embeddable":true,"href":"https:\/\/www.sisinternational.com\/it\/wp-json\/wp\/v2\/comments?post=53727"}],"version-history":[{"count":9,"href":"https:\/\/www.sisinternational.com\/it\/wp-json\/wp\/v2\/pages\/53727\/revisions"}],"predecessor-version":[{"id":79531,"href":"https:\/\/www.sisinternational.com\/it\/wp-json\/wp\/v2\/pages\/53727\/revisions\/79531"}],"up":[{"embeddable":true,"href":"https:\/\/www.sisinternational.com\/it\/wp-json\/wp\/v2\/pages\/16287"}],"wp:featuredmedia":[{"embeddable":true,"href":"https:\/\/www.sisinternational.com\/it\/wp-json\/wp\/v2\/media\/63246"}],"wp:attachment":[{"href":"https:\/\/www.sisinternational.com\/it\/wp-json\/wp\/v2\/media?parent=53727"}],"curies":[{"name":"wp","href":"https:\/\/api.w.org\/{rel}","templated":true}]}}