{"id":48146,"date":"2024-05-08T15:58:54","date_gmt":"2024-05-08T19:58:54","guid":{"rendered":"https:\/\/www.sisinternational.com\/?page_id=48146"},"modified":"2026-01-24T18:33:40","modified_gmt":"2026-01-24T23:33:40","slug":"consulenza-per-lo-sviluppo-turistico","status":"publish","type":"page","link":"https:\/\/www.sisinternational.com\/it\/soluzioni\/consulenza-per-lospitalita-turistica-turistica\/consulenza-per-lo-sviluppo-turistico\/","title":{"rendered":"Consulenza per lo sviluppo turistico"},"content":{"rendered":"<h1 class=\"wp-block-heading\">Consulenza per lo sviluppo turistico<\/h1>\n\n\n\n<figure class=\"gb-block-image gb-block-image-a05948e6\"><img loading=\"lazy\" decoding=\"async\" width=\"1456\" height=\"816\" class=\"gb-image gb-image-a05948e6\" src=\"https:\/\/www.sisinternational.com\/wp-content\/uploads\/2025\/08\/Strategy-consulting-25.jpg\" alt=\"Ricerca e strategia di mercato internazionale SIS\" title=\"Strategy consulting (25)\" srcset=\"https:\/\/www.sisinternational.com\/wp-content\/uploads\/2025\/08\/Strategy-consulting-25.jpg 1456w, https:\/\/www.sisinternational.com\/wp-content\/uploads\/2025\/08\/Strategy-consulting-25-300x168.jpg 300w, https:\/\/www.sisinternational.com\/wp-content\/uploads\/2025\/08\/Strategy-consulting-25-1024x574.jpg 1024w, https:\/\/www.sisinternational.com\/wp-content\/uploads\/2025\/08\/Strategy-consulting-25-768x430.jpg 768w, https:\/\/www.sisinternational.com\/wp-content\/uploads\/2025\/08\/Strategy-consulting-25-18x10.jpg 18w\" sizes=\"auto, (max-width: 1456px) 100vw, 1456px\"><\/figure>\n\n\n\n<p><\/p>\n\n\n\n<hr class=\"wp-block-separator has-alpha-channel-opacity is-style-dots\"\/>\n\n\n\n<p>Consulenza per lo sviluppo del turismo, esplorando come le aziende possono sfruttare questa esperienza per prosperare nel panorama turistico competitivo e contribuire alla crescita sostenibile delle destinazioni in tutto il mondo.<\/p>\n\n\n\n<p>Il turismo non riguarda solo il viaggio; si tratta di creare esperienze che lasciano un impatto duraturo. Nel mercato dinamico di oggi, in cui i viaggiatori cercano esperienze autentiche e significative, la consulenza per lo sviluppo turistico \u00e8 diventata pi\u00f9 importante che mai... Ma cos&#039;\u00e8 esattamente la consulenza per lo sviluppo turistico e perch\u00e9 le aziende ne hanno bisogno?<\/p>\n\n\n\n<h2 class=\"wp-block-heading\">Che cos&#039;\u00e8 la consulenza per lo sviluppo turistico?<\/h2>\n\n\n\n<p><a href=\"https:\/\/sisaisolutions.com\/application-of-ai-in-tourism\/\" target=\"_blank\" rel=\"noopener\">Tourism development consulting<\/a> involves the strategic planning, management, and implementation of initiatives to enhance tourism offerings and experiences. This includes destination branding, marketing, infrastructure development, and community engagement. The goal is to create sustainable tourism ecosystems that benefit visitors and local communities.<\/p>\n\n\n\n<h2 class=\"wp-block-heading\">Perch\u00e9 le aziende hanno bisogno di consulenza per lo sviluppo turistico?<\/h2>\n\n\n\n<p class=\"p2\">La consulenza per lo sviluppo turistico aiuta le aziende a creare una tabella di marcia per la crescita, identificando mercati, tendenze e opportunit\u00e0 chiave. Fornisce alle aziende informazioni preziose sul comportamento e sulle preferenze dei consumatori, consentendo loro di personalizzare di conseguenza le proprie offerte.<\/p>\n\n\n\n<p class=\"p2\">Consulting services also help businesses identify and mitigate risks, such as changes in consumer preferences, economic downturns, or natural disasters, that could impact their operations. By staying ahead of <a href=\"https:\/\/www.sisinternational.com\/it\/soluzioni\/ricerca-di-consulenza-strategica-fintech\/consulenza-strategica-per-ricerche-di-mercato-sui-consumatori-non-bancarie\/\" title=\"Ricerche di mercato dei consumatori non bancari e consulenza strategica\" data-wpil-monitor-id=\"10525\">market trends and consumer<\/a> demands, businesses can gain a competitive edge in the tourism industry.<\/p>\n\n\n\n<p class=\"p2\">Inoltre, questa consulenza si concentra sulla sostenibilit\u00e0 a lungo termine, garantendo che le imprese crescano in modo da avvantaggiare sia l\u2019ambiente che le comunit\u00e0 locali. Tuttavia, offre alcuni altri vantaggi, tra cui:<\/p>\n\n\n\n<ul class=\"wp-block-list\">\n<li><b>Rischio ridotto<\/b>: La consulenza per lo sviluppo turistico aiuta le aziende a identificare potenziali rischi e a sviluppare strategie per mitigarli, riducendo la probabilit\u00e0 di errori costosi.<\/li>\n\n\n\n<li><b>Aumento delle entrate<\/b>: Comprendendo le tendenze del mercato e le preferenze dei consumatori, le aziende possono sviluppare strategie mirate per attirare pi\u00f9 visitatori e aumentare le entrate.<\/li>\n\n\n\n<li><b>Risparmi<\/b>: La consulenza per lo sviluppo turistico aiuta le aziende a prendere decisioni informate, evitando spese inutili.<\/li>\n\n\n\n<li><b>Efficienza temporale<\/b>: Fornendo approfondimenti tempestivi, i servizi di consulenza consentono alle aziende di agire rapidamente e cogliere le opportunit\u00e0.<\/li>\n\n\n\n<li><b>Crescita accelerata e innovazione<\/b>: <a href=\"https:\/\/www.sisinternational.com\/it\/soluzioni\/ricerche-di-mercato-sui-prodotti-di-bellezza\/\" title=\"Consulenza sull&#039;innovazione della bellezza e ricerche di mercato nel settore della bellezza\" data-wpil-monitor-id=\"10526\">Consulting services help businesses develop innovative<\/a> products, services, and experiences that drive growth.<\/li>\n\n\n\n<li><b>ROI potenziato<\/b>: La consulenza garantisce che gli investimenti producano rendimenti elevati, massimizzando il ROI aziendale.<\/li>\n<\/ul>\n\n\n\n<h2 class=\"wp-block-heading\">Quando condurre una consulenza per lo sviluppo turistico<\/h2>\n\n\n\n<p class=\"p2\">La consulenza per lo sviluppo turistico \u00e8 pi\u00f9 efficace se condotta nelle fasi chiave della crescita di un&#039;azienda o di una destinazione:<\/p>\n\n\n\n<ul class=\"wp-block-list\">\n<li><b>Pre-sviluppo<\/b>: Prima di intraprendere un nuovo progetto turistico, i servizi di consulenza possono aiutare le aziende a valutare la fattibilit\u00e0 e sviluppare un piano strategico.<\/li>\n\n\n\n<li><b>Durante lo sviluppo<\/b>: I servizi di consulenza possono fornire supporto continuo durante la fase di sviluppo, garantendo che il progetto rimanga sulla buona strada e raggiunga i suoi obiettivi.<\/li>\n\n\n\n<li><b>Post-sviluppo<\/b>: Anche dopo il completamento di un progetto, i servizi di consulenza possono fornire preziosi spunti per la gestione e il miglioramento continui.<\/li>\n<\/ul>\n\n\n\n<h2 class=\"wp-block-heading\">Domande da porre prima di condurre una consulenza per lo sviluppo turistico<\/h2>\n\n\n\n<p class=\"p2\">Prima di intraprendere una consulenza per lo sviluppo turistico, le aziende dovrebbero considerare quanto segue:<\/p>\n\n\n\n<ul class=\"wp-block-list\">\n<li><b>What are our goals and objectives for <a href=\"https:\/\/www.sisinternational.com\/it\/soluzioni\/consulenza-per-lospitalita-turistica-turistica\/consulenza-sul-turismo-culturale\/\" title=\"Consulenza sul turismo culturale\" data-wpil-monitor-id=\"4670\">tourism development?<\/a> <\/b>Chiarire gli obiettivi aiuta a garantire che i servizi di consulenza siano allineati con i risultati desiderati.<\/li>\n\n\n\n<li><b>Chi sono i nostri clienti target e quali sono le loro preferenze? <\/b>Understanding the target <a href=\"https:\/\/www.sisinternational.com\/it\/what-to-expect-in-your-first-year-entering-a-new-market-5-essential-strategies\/\" title=\"What to Expect in Your First Year Entering a New Market: 5 Essential Strategies\" data-wpil-monitor-id=\"10522\">market is essential for developing tailored strategies<\/a>.<\/li>\n\n\n\n<li><b>Quali sono i punti di forza unici della nostra destinazione o attivit\u00e0? <\/b>Evidenziare aspetti unici aiuta a differenziarsi dalla concorrenza.<\/li>\n\n\n\n<li><b>Quali sono i potenziali rischi e le sfide che potremmo dover affrontare? <\/b>L\u2019identificazione precoce dei rischi consente strategie di mitigazione proattive.<\/li>\n\n\n\n<li><b>Come misureremo il successo dei nostri sforzi di sviluppo turistico? <\/b>La definizione di parametri aiuta a tenere traccia dei progressi e ad adattare le strategie secondo necessit\u00e0.<\/li>\n<\/ul>\n\n\n\n<h2 class=\"wp-block-heading\">Risultati attesi dalla consulenza per lo sviluppo turistico di SIS International<\/h2>\n\n\n\n<p class=\"p2\">Le aziende possono aspettarsi i seguenti risultati dal coinvolgimento di SIS International per la consulenza sullo sviluppo turistico:<\/p>\n\n\n\n<ul class=\"wp-block-list\">\n<li><b>Approfondimenti completi sul mercato<\/b>: SIS provides in-depth <a href=\"https:\/\/www.sisinternational.com\/it\/soluzioni\/soluzioni-di-ricerca-quantitativa-qualitativa\/ricerca-di-mercato-analisi-chaid\/\" title=\"Ricerche di mercato sull&#039;analisi CHAID\" data-wpil-monitor-id=\"10520\">ricerche e analisi di mercato<\/a>, offering valuable insights into consumer behavior and market trends.<\/li>\n\n\n\n<li><b>Strategie su misura<\/b>: SIS <a href=\"https:\/\/www.sisinternational.com\/it\/sviluppo-di-database-di-informazioni-internazionali-il-mio-articolo-del-1990\/\" title=\"Sviluppo di database di informazioni internazionali: Ruth Stanat nel 1990\" data-wpil-monitor-id=\"2209\">International develops customized strategies<\/a> based on each client&#8217;s unique needs and goals, ensuring practical and sustainable solutions.<\/li>\n\n\n\n<li><b>Mitigazione del rischio<\/b>: Il nostro team aiuta le aziende a identificare e mitigare i rischi, minimizzando le potenziali sfide e massimizzando le opportunit\u00e0 di successo.<\/li>\n\n\n\n<li><b>Maggiore coinvolgimento delle parti interessate<\/b>: SIS International facilita il coinvolgimento delle parti interessate, promuovendo la collaborazione e il sostegno alle iniziative di sviluppo del turismo.<\/li>\n\n\n\n<li><b>Migliore competitivit\u00e0<\/b>: Stando al passo con le tendenze del mercato e le preferenze dei consumatori, le aziende possono ottenere un vantaggio competitivo nel settore del turismo.<\/li>\n\n\n\n<li><b>Crescita sostenibile<\/b>: I nostri servizi di consulenza si concentrano sulla sostenibilit\u00e0 a lungo termine, garantendo che le aziende crescano in modo da apportare benefici sia all&#039;ambiente che alle comunit\u00e0 locali.<\/li>\n<\/ul>\n\n\n\n<h2 class=\"wp-block-heading\">Pubblico target chiave<\/h2>\n\n\n\n<p class=\"p2\">Il pubblico target chiave per la consulenza sullo sviluppo turistico include:<\/p>\n\n\n\n<ul class=\"wp-block-list\">\n<li><b>Imprese turistiche<\/b>: hotel, resort, tour operator e altre attivit\u00e0 legate al turismo che desiderano migliorare la propria offerta e attirare pi\u00f9 visitatori.<\/li>\n\n\n\n<li><b>Organizzazioni di gestione delle destinazioni<\/b>: organizzazioni responsabili della promozione e della gestione delle destinazioni turistiche, alla ricerca di strategie per attrarre turisti e migliorare le esperienze dei visitatori.<\/li>\n\n\n\n<li><b>Agenzie governative<\/b>: enti governativi responsabili dello sviluppo turistico, alla ricerca di una guida esperta sullo sviluppo delle politiche e sulla pianificazione delle infrastrutture.<\/li>\n\n\n\n<li><b>Investitori<\/b>: Investitori interessati a finanziare progetti turistici, alla ricerca di spunti per prendere decisioni di investimento informate.<\/li>\n<\/ul>\n\n\n\n<h2 class=\"wp-block-heading\">Driver di mercato<\/h2>\n\n\n\n<p class=\"p2\">Several vital drivers are fueling growth in the <a href=\"https:\/\/www.sisinternational.com\/it\/competenza\/industrie\/turismo-di-viaggio\/\" title=\"Ricerche di mercato sui viaggi e sul turismo\" data-wpil-monitor-id=\"10527\">tourism development market<\/a>:<\/p>\n\n\n\n<ul class=\"wp-block-list\">\n<li><b>Reddito disponibile in crescita<\/b>: Con l\u2019aumento dei redditi disponibili in tutto il mondo, sempre pi\u00f9 persone possono permettersi di viaggiare, stimolando la domanda di servizi turistici.<\/li>\n\n\n\n<li><b>Mercati emergenti<\/b>: I mercati emergenti, in particolare in Asia e America Latina, stanno vivendo una rapida crescita economica, che porta ad un aumento del turismo in uscita.<\/li>\n\n\n\n<li><b>Scambio culturale<\/b>: Il crescente interesse per lo scambio culturale e il viaggio esperienziale spinge la domanda di esperienze turistiche autentiche e coinvolgenti.<\/li>\n<\/ul>\n\n\n\n<h2 class=\"wp-block-heading\">Restrizioni del mercato<\/h2>\n\n\n\n<p class=\"p2\">Nonostante le opportunit\u00e0 di crescita, il mercato dello sviluppo turistico deve affrontare diverse sfide:<\/p>\n\n\n\n<ul class=\"wp-block-list\">\n<li><b>Instabilit\u00e0 politica<\/b>: I disordini politici in alcune regioni possono scoraggiare i turisti e avere un impatto sulle imprese.<\/li>\n\n\n\n<li><b>Disastri naturali<\/b>: i disastri naturali come uragani, terremoti o pandemie possono interrompere le attivit\u00e0 e le infrastrutture turistiche.<\/li>\n\n\n\n<li><b>Stagionalit\u00e0<\/b>: Molte destinazioni turistiche sono soggette a fluttuazioni stagionali, il che comporta difficolt\u00e0 nel mantenere le entrate per tutto l&#039;anno.<\/li>\n<\/ul>\n\n\n\n<h2 class=\"wp-block-heading\">Attrattivit\u00e0 del settore: analisi delle cinque forze di Porter del mercato dello sviluppo turistico<\/h2>\n\n\n\n<p class=\"p2\">L&#039;analisi delle cinque forze di Porter \u00e8 uno strumento prezioso per valutare l&#039;attrattiva e la competitivit\u00e0 di un settore. Nel contesto del mercato dello sviluppo turistico, questa analisi fornisce informazioni sulle dinamiche che modellano il panorama competitivo del settore.<\/p>\n\n\n\n<ul class=\"wp-block-list\">\n<li><b>Minaccia dei nuovi arrivati<\/b>: \u00e8 relativamente facile entrare nel settore del turismo, ma i nuovi operatori devono affrontare sfide quali la costruzione del riconoscimento del marchio e la creazione di una base di clienti.<\/li>\n\n\n\n<li><b>Potere contrattuale dei fornitori<\/b>: i fornitori del settore turistico, come le compagnie aeree e gli hotel, hanno un potere contrattuale significativo, che pu\u00f2 incidere sulla redditivit\u00e0 delle imprese turistiche.<\/li>\n\n\n\n<li><b>Potere contrattuale degli acquirenti<\/b>: Anche gli acquirenti del settore turistico, come i turisti e le agenzie di viaggio, hanno un notevole potere contrattuale, che influisce sui prezzi e sui margini di profitto.<\/li>\n\n\n\n<li><b>Minaccia di prodotti o servizi sostitutivi<\/b>: L&#039;industria del turismo deve far fronte alla concorrenza di prodotti o servizi sostitutivi, come altre attivit\u00e0 di intrattenimento o di svago.<\/li>\n\n\n\n<li><b>Intensit\u00e0 della rivalit\u00e0 competitiva<\/b>: The tourism industry is highly competitive, with many <a href=\"https:\/\/www.sisinternational.com\/it\/soluzioni\/ricerche-di-mercato-sui-consumatori\/\" title=\"Consumer Market Research Services for Smarter Business Decisions\" data-wpil-monitor-id=\"10524\">businesses vying for market share and consumer<\/a> attention, leading to price wars and intense competition.<\/li>\n<\/ul>\n\n\n\n<h2 class=\"wp-block-heading\">Attrattiva del settore: analisi SWOT del mercato dello sviluppo turistico<\/h2>\n\n\n\n<figure class=\"gb-block-image gb-block-image-bd472f6a\"><img loading=\"lazy\" decoding=\"async\" width=\"1456\" height=\"816\" class=\"gb-image gb-image-bd472f6a\" src=\"https:\/\/www.sisinternational.com\/wp-content\/uploads\/2025\/08\/Strategy-consulting-18.jpg\" alt=\"Ricerca e strategia di mercato internazionale SIS\" title=\"Strategy consulting (18)\" srcset=\"https:\/\/www.sisinternational.com\/wp-content\/uploads\/2025\/08\/Strategy-consulting-18.jpg 1456w, https:\/\/www.sisinternational.com\/wp-content\/uploads\/2025\/08\/Strategy-consulting-18-300x168.jpg 300w, https:\/\/www.sisinternational.com\/wp-content\/uploads\/2025\/08\/Strategy-consulting-18-1024x574.jpg 1024w, https:\/\/www.sisinternational.com\/wp-content\/uploads\/2025\/08\/Strategy-consulting-18-768x430.jpg 768w, https:\/\/www.sisinternational.com\/wp-content\/uploads\/2025\/08\/Strategy-consulting-18-18x10.jpg 18w\" sizes=\"auto, (max-width: 1456px) 100vw, 1456px\"><\/figure>\n\n\n\n<p><\/p>\n\n\n\n<p class=\"p2\">Un&#039;analisi SWOT \u00e8 uno strumento di pianificazione strategica che valuta i punti di forza, di debolezza, di opportunit\u00e0 e di minacce di un&#039;azienda o di un settore. Nel contesto del mercato dello sviluppo del turismo, un&#039;analisi SWOT fornisce preziose informazioni sui fattori interni ed esterni che possono influire sulla crescita e sulla competitivit\u00e0 del settore. Analizziamo ciascun componente:<\/p>\n\n\n\n<p class=\"p2\"><strong>Punti di forza<\/strong><\/p>\n\n\n\n<ul class=\"wp-block-list\">\n<li><b>Diverse destinazioni:<\/b> Il mercato dello sviluppo turistico offre varie destinazioni, dai siti del patrimonio culturale alle meraviglie naturali, attirando turisti diversi.<\/li>\n\n\n\n<li><b>Domanda crescente:<\/b> L\u2019industria del turismo continua a registrare una crescita, guidata da fattori quali l\u2019aumento del reddito disponibile e l\u2019aumento del tempo libero.<\/li>\n\n\n\n<li><b>Progressi tecnologici:<\/b> La tecnologia ha trasformato il modo in cui i turisti pianificano e prenotano i propri viaggi, offrendo nuove opportunit\u00e0 di business per raggiungere un pubblico pi\u00f9 ampio.<\/li>\n\n\n\n<li><b>Iniziative di sostenibilit\u00e0:<\/b> C\u2019\u00e8 una crescente attenzione alle pratiche di turismo sostenibile, creando opportunit\u00e0 per le imprese che danno priorit\u00e0 alla responsabilit\u00e0 ambientale e sociale.<\/li>\n<\/ul>\n\n\n\n<p class=\"p3\"><strong>Punti deboli<\/strong><\/p>\n\n\n\n<ul class=\"wp-block-list\">\n<li><b>Stagionalit\u00e0:<\/b> Molte destinazioni turistiche sono influenzate dalla stagionalit\u00e0, che porta a numeri di visitatori e fluttuazioni delle entrate.<\/li>\n\n\n\n<li><b>Sfide infrastrutturali:<\/b> Infrastrutture inadeguate, come trasporti e alloggi, possono ostacolare lo sviluppo del turismo in alcune regioni.<\/li>\n\n\n\n<li><b>Panorama competitivo:<\/b> L\u2019industria del turismo \u00e8 altamente competitiva, con le imprese in lizza per la quota di mercato e l\u2019attenzione dei consumatori.<\/li>\n<\/ul>\n\n\n\n<p class=\"p3\"><strong>Opportunit\u00e0<\/strong><\/p>\n\n\n\n<ul class=\"wp-block-list\">\n<li><b>Mercati emergenti:<\/b> I mercati emergenti, in particolare in Asia e America Latina, presentano nuove opportunit\u00e0 per lo sviluppo del turismo.<\/li>\n\n\n\n<li><b>Innovazione tecnologica:<\/b> I progressi tecnologici, come la realt\u00e0 virtuale e l\u2019intelligenza artificiale, possono migliorare l\u2019esperienza turistica e attirare pi\u00f9 visitatori.<\/li>\n\n\n\n<li><b>Scambio culturale:<\/b> Il crescente interesse per gli scambi culturali e i viaggi esperienziali crea opportunit\u00e0 per le aziende di offrire esperienze uniche e autentiche.<\/li>\n<\/ul>\n\n\n\n<p class=\"p3\"><strong>Minacce<\/strong><\/p>\n\n\n\n<ul class=\"wp-block-list\">\n<li><b>Instabilit\u00e0 politica:<\/b> I disordini politici in alcune regioni possono scoraggiare i turisti e avere un impatto sulle imprese.<\/li>\n\n\n\n<li><b>Disastri naturali:<\/b> I disastri naturali come uragani, terremoti o pandemie possono interrompere le attivit\u00e0 e le infrastrutture turistiche.<\/li>\n\n\n\n<li><b>Overtourism:<\/b> Le destinazioni pi\u00f9 popolari potrebbero aver bisogno di pi\u00f9 overtourism, con conseguente sovraffollamento, danni ambientali e pressione sulle risorse locali.<\/li>\n<\/ul>\n\n\n\n<h2 class=\"wp-block-heading\">In che modo la consulenza per lo sviluppo turistico di SIS International aiuta le imprese<\/h2>\n\n\n\n<p class=\"p2\">I servizi di consulenza di SIS International forniscono alle aziende un vantaggio strategico, aiutandole a ridurre i rischi, aumentare le entrate, risparmiare denaro, risparmiare tempo, accelerare la crescita e l&#039;innovazione e aumentare il ROI. Nello specifico, i servizi di consulenza di SIS International offrono i seguenti vantaggi:<\/p>\n\n\n\n<ul class=\"wp-block-list\">\n<li><b>Rischio ridotto<\/b>: SIS helps businesses identify and mitigate potential risks by providing comprehensive <a href=\"https:\/\/www.sisinternational.com\/it\/soluzioni\/consulenza-strategica\/ricerca-di-valutazione-del-mercato\/\" title=\"Ricerca sulla valutazione del mercato\" data-wpil-monitor-id=\"10528\">market insights and risk assessments<\/a>.<\/li>\n\n\n\n<li><b>Entrate aumentate<\/b>: Attraverso la pianificazione strategica e le ricerche di mercato, SIS International aiuta le aziende ad attirare pi\u00f9 visitatori e ad aumentare i flussi di entrate.<\/li>\n\n\n\n<li><b>Risparmi<\/b>: I servizi di consulenza di SIS International aiutano le aziende a prendere decisioni informate, evitando errori costosi e spese inutili.<\/li>\n\n\n\n<li><b>Efficienza temporale<\/b>: Il nostro team aiuta le aziende ad agire rapidamente e a sfruttare le opportunit\u00e0 fornendo approfondimenti e supporto tempestivi.<\/li>\n\n\n\n<li><b>Crescita accelerata e innovazione<\/b>: SIS International&#8217;s consulting services help businesses develop <a href=\"https:\/\/www.sisinternational.com\/it\/sis-lancia-nuove-soluzioni-di-ricerca-digitale\/\" title=\"SIS lancia nuove soluzioni di Ricerca Digitale\" data-wpil-monitor-id=\"10518\">innovative<\/a> products, services, and experiences that drive growth and set them apart from competitors.<\/li>\n\n\n\n<li><b>ROI potenziato<\/b>: SIS International garantisce che gli investimenti siano mirati e producano rendimenti elevati, massimizzando il ROI aziendale.<\/li>\n<\/ul>","protected":false},"excerpt":{"rendered":"<p>La consulenza per lo sviluppo turistico prevede la pianificazione strategica, la gestione e l&#039;implementazione di iniziative per migliorare le esperienze turistiche.<\/p>","protected":false},"author":1,"featured_media":62559,"parent":44644,"menu_order":49,"comment_status":"closed","ping_status":"closed","template":"","meta":{"footnotes":""},"class_list":["post-48146","page","type-page","status-publish","has-post-thumbnail"],"_links":{"self":[{"href":"https:\/\/www.sisinternational.com\/it\/wp-json\/wp\/v2\/pages\/48146","targetHints":{"allow":["GET"]}}],"collection":[{"href":"https:\/\/www.sisinternational.com\/it\/wp-json\/wp\/v2\/pages"}],"about":[{"href":"https:\/\/www.sisinternational.com\/it\/wp-json\/wp\/v2\/types\/page"}],"author":[{"embeddable":true,"href":"https:\/\/www.sisinternational.com\/it\/wp-json\/wp\/v2\/users\/1"}],"replies":[{"embeddable":true,"href":"https:\/\/www.sisinternational.com\/it\/wp-json\/wp\/v2\/comments?post=48146"}],"version-history":[{"count":13,"href":"https:\/\/www.sisinternational.com\/it\/wp-json\/wp\/v2\/pages\/48146\/revisions"}],"predecessor-version":[{"id":81729,"href":"https:\/\/www.sisinternational.com\/it\/wp-json\/wp\/v2\/pages\/48146\/revisions\/81729"}],"up":[{"embeddable":true,"href":"https:\/\/www.sisinternational.com\/it\/wp-json\/wp\/v2\/pages\/44644"}],"wp:featuredmedia":[{"embeddable":true,"href":"https:\/\/www.sisinternational.com\/it\/wp-json\/wp\/v2\/media\/62559"}],"wp:attachment":[{"href":"https:\/\/www.sisinternational.com\/it\/wp-json\/wp\/v2\/media?parent=48146"}],"curies":[{"name":"wp","href":"https:\/\/api.w.org\/{rel}","templated":true}]}}