{"id":47946,"date":"2024-05-06T14:14:31","date_gmt":"2024-05-06T18:14:31","guid":{"rendered":"https:\/\/www.sisinternational.com\/?page_id=47946"},"modified":"2026-01-26T17:06:13","modified_gmt":"2026-01-26T22:06:13","slug":"consulenza-sui-servizi-di-portineria","status":"publish","type":"page","link":"https:\/\/www.sisinternational.com\/it\/soluzioni\/consulenza-per-lospitalita-turistica-turistica\/consulenza-sui-servizi-di-portineria\/","title":{"rendered":"Consulenza sui servizi di portineria"},"content":{"rendered":"<h1 class=\"wp-block-heading\">Consulenza sui servizi di portineria<\/h1>\n\n\n\n<figure class=\"gb-block-image gb-block-image-44f634b9\"><img loading=\"lazy\" decoding=\"async\" width=\"1456\" height=\"816\" class=\"gb-image gb-image-44f634b9\" src=\"https:\/\/www.sisinternational.com\/wp-content\/uploads\/2025\/10\/Concierge-1.jpg\" alt=\"Ricerca e strategia di mercato internazionale SIS\" title=\"Concierge (1)\" srcset=\"https:\/\/www.sisinternational.com\/wp-content\/uploads\/2025\/10\/Concierge-1.jpg 1456w, https:\/\/www.sisinternational.com\/wp-content\/uploads\/2025\/10\/Concierge-1-300x168.jpg 300w, https:\/\/www.sisinternational.com\/wp-content\/uploads\/2025\/10\/Concierge-1-1024x574.jpg 1024w, https:\/\/www.sisinternational.com\/wp-content\/uploads\/2025\/10\/Concierge-1-768x430.jpg 768w, https:\/\/www.sisinternational.com\/wp-content\/uploads\/2025\/10\/Concierge-1-18x10.jpg 18w\" sizes=\"auto, (max-width: 1456px) 100vw, 1456px\"><\/figure>\n\n\n\n<p><\/p>\n\n\n\n<hr class=\"wp-block-separator has-alpha-channel-opacity is-style-dots\"\/>\n\n\n\n<p>Ti sei mai chiesto come le aziende leader superano costantemente le aspettative dei clienti ottimizzando le loro operazioni? La risposta sta in un approccio strategico che fonde il servizio personalizzato con l&#039;efficienza operativa: la consulenza sui servizi di portineria. Questa soluzione dinamica rivoluziona il modo in cui le aziende interagiscono con la propria clientela, alzando il livello dell&#039;eccellenza del servizio.<\/p>\n\n\n\n<h2 class=\"wp-block-heading\">Cos&#039;\u00e8 la consulenza sui servizi di portineria?<\/h2>\n\n\n\n<p>La consulenza sui servizi di portineria implica l&#039;implementazione strategica di soluzioni di servizio clienti personalizzate per migliorare l&#039;esperienza del cliente e semplificare i processi operativi. Offre un&#039;opportunit\u00e0 unica per fornire un punto di contatto personalizzato che abbia una profonda risonanza con i clienti. Sfruttando l&#039;esperienza dei consulenti dei servizi di portineria, le aziende possono semplificare le proprie operazioni, aumentare la soddisfazione dei clienti e ottenere un vantaggio competitivo nei rispettivi settori.<\/p>\n\n\n\n<p>Inoltre, la consulenza sui servizi di portineria offre numerosi vantaggi alle aziende che desiderano migliorare la fornitura dei servizi e ottimizzare l&#039;efficienza operativa:<\/p>\n\n\n\n<ul class=\"wp-block-list\">\n<li><strong>Maggiore soddisfazione del cliente:<\/strong> Fornendo assistenza personalizzata e anticipando le esigenze dei clienti, le aziende possono coltivare rapporti pi\u00f9 solidi con la propria clientela, portando a livelli di soddisfazione pi\u00f9 elevati e ad una maggiore fedelt\u00e0.<\/li>\n\n\n\n<li><strong>Miglioramento dell&#039;efficienza operativa:<\/strong> I servizi di portineria semplificano i processi e ottimizzano i flussi di lavoro, consentendo alle aziende di operare in modo pi\u00f9 efficiente e allocare le risorse in modo efficace.<\/li>\n\n\n\n<li><strong>Differenziazione e fedelt\u00e0 al marchio:<\/strong> Offrendo esperienze uniche e memorabili, le aziende possono differenziarsi dalla concorrenza e costruire una base di clienti fedeli che continua a ritornare.<\/li>\n\n\n\n<li><strong>Maggiori opportunit\u00e0 di guadagno:<\/strong> I clienti soddisfatti tendono a spendere di pi\u00f9 e a consigliare l\u2019azienda ad altri, con conseguente aumento delle vendite e della crescita dei ricavi.<\/li>\n\n\n\n<li><strong>Risparmio di tempo:<\/strong> I servizi di portineria in outsourcing consentono alle aziende di concentrarsi sulle proprie attivit\u00e0 principali lasciando l&#039;aspetto del servizio clienti in mani capaci, risparmiando tempo e risorse.<\/li>\n<\/ul>\n\n\n\n<h2 class=\"wp-block-heading\">Quando condurre una consulenza sui servizi di portineria<\/h2>\n\n\n\n<p>Condurre una consulenza sui servizi di portineria \u00e8 pi\u00f9 vantaggioso quando:<\/p>\n\n\n\n<ul class=\"wp-block-list\">\n<li><strong>Lancio di un nuovo servizio o prodotto:<\/strong> L&#039;introduzione di un nuovo servizio o prodotto offre l&#039;opportunit\u00e0 di creare un&#039;esperienza cliente memorabile e generare entusiasmo tra la clientela.<\/li>\n\n\n\n<li><strong>Espansione in nuovi mercati:<\/strong> L\u2019ingresso in nuovi mercati richiede una profonda comprensione delle preferenze e delle aspettative dei clienti, rendendo la consulenza sui servizi di concierge preziosa per adattare le offerte ai dati demografici locali.<\/li>\n\n\n\n<li><strong>Migliorare la fidelizzazione dei clienti:<\/strong> Concentrarsi sui clienti esistenti \u00e8 essenziale per il successo a lungo termine e la consulenza sui servizi di portineria pu\u00f2 aiutare le aziende a fidelizzare la clientela superando le loro aspettative e costruendo relazioni durature.<\/li>\n<\/ul>\n\n\n\n<p>Tuttavia, prima di intraprendere una consulenza sui servizi di portineria, le aziende dovrebbero considerare le seguenti domande:<\/p>\n\n\n\n<ul class=\"wp-block-list\">\n<li><strong>Quali sono i dati demografici e le preferenze specifici dei nostri clienti?<\/strong>&nbsp;Comprendere il pubblico target \u00e8 fondamentale per adattare i servizi di portineria alle loro esigenze e aspettative.<\/li>\n\n\n\n<li><strong>Quali sono i punti critici nella nostra attuale fornitura di servizi?<\/strong> Identifying areas for improvement allows businesses to address <a href=\"https:\/\/www.sisinternational.com\/it\/migliorare-le-relazioni-con-i-clienti\/\" title=\"Come migliorare la soddisfazione del cliente e soddisfare i clienti insoddisfatti\"  data-wpil-monitor-id=\"8344\">customer concerns and enhance overall satisfaction<\/a>.<\/li>\n\n\n\n<li><strong>In che modo i servizi di portineria possono integrare le nostre offerte esistenti?<\/strong> L&#039;integrazione perfetta dei servizi di portineria nelle operazioni esistenti garantisce un&#039;esperienza cliente coesa e olistica.<\/li>\n<\/ul>\n\n\n\n<h2 class=\"wp-block-heading\">La nostra attuale revisione del mercato e raccomandazioni<\/h2>\n\n\n\n<p>At SIS International, we believe that the concierge services <a href=\"https:\/\/www.sisinternational.com\/it\/soluzioni\/e-la-crescita-globale\/consulenza-sulla-crescita\/\" title=\"Consulenza sulla crescita\"  data-wpil-monitor-id=\"6404\">consulting market is experiencing significant growth<\/a> and evolution driven by several key factors. Firstly, the rising demand for personalized customer experiences across industries has fueled the adoption of concierge services as a strategic differentiator. Businesses increasingly recognize the value of going above and beyond to meet customer needs and preferences, driving the need for specialized consulting services.<\/p>\n\n\n\n<p>Inoltre, il panorama competitivo all\u2019interno del mercato della consulenza sui servizi di portineria si sta espandendo, con nuovi attori che entrano nella mischia e aziende esistenti che diversificano le loro offerte. Questo afflusso di concorrenza spinge le aziende a innovare e differenziarsi offrendo soluzioni uniche su misura per settori e segmenti di clientela specifici.<\/p>\n\n\n\n<h2 class=\"wp-block-heading\">Risultati attesi dalla consulenza sui servizi di portineria di SIS<\/h2>\n\n\n\n<figure class=\"gb-block-image gb-block-image-e29c7a0a\"><img loading=\"lazy\" decoding=\"async\" width=\"1456\" height=\"816\" class=\"gb-image gb-image-e29c7a0a\" src=\"https:\/\/www.sisinternational.com\/wp-content\/uploads\/2025\/10\/Concierge-2.jpg\" srcset=\"https:\/\/www.sisinternational.com\/wp-content\/uploads\/2025\/10\/Concierge-2.jpg 1456w, https:\/\/www.sisinternational.com\/wp-content\/uploads\/2025\/10\/Concierge-2-300x168.jpg 300w, https:\/\/www.sisinternational.com\/wp-content\/uploads\/2025\/10\/Concierge-2-1024x574.jpg 1024w, https:\/\/www.sisinternational.com\/wp-content\/uploads\/2025\/10\/Concierge-2-768x430.jpg 768w, https:\/\/www.sisinternational.com\/wp-content\/uploads\/2025\/10\/Concierge-2-18x10.jpg 18w\" sizes=\"auto, (max-width: 1456px) 100vw, 1456px\" alt=\"Ricerca e strategia di mercato internazionale SIS\"><\/figure>\n\n\n\n<p><\/p>\n\n\n\n<p>In SIS International, prevediamo diversi risultati chiave dai nostri impegni di consulenza sui servizi di portineria:<\/p>\n\n\n\n<ul class=\"wp-block-list\">\n<li><strong>Rischio ridotto:<\/strong> Sfruttando la nostra esperienza e conoscenza del settore, le aziende possono mitigare i potenziali rischi associati all&#039;implementazione dei servizi di concierge, garantendo un&#039;integrazione fluida e di successo nelle loro operazioni.<\/li>\n\n\n\n<li><strong>Entrate aumentate:<\/strong> Il nostro approccio strategico alla consulenza sui servizi di portineria aiuta le aziende a identificare opportunit\u00e0 di generazione di ricavi e a ottimizzare le proprie offerte di servizi per massimizzare la redditivit\u00e0.<\/li>\n\n\n\n<li><strong>Risparmi:<\/strong> Attraverso l&#039;ottimizzazione dei processi e l&#039;allocazione delle risorse, le aziende possono realizzare risparmi sui costi ed efficienze operative, migliorando in definitiva i propri profitti.<\/li>\n\n\n\n<li><strong>Efficienza temporale:<\/strong> Le nostre metodologie ottimizzate e le nostre migliori pratiche consentono alle aziende di risparmiare tempo e risorse, consentendo loro di concentrarsi sulle attivit\u00e0 principali e sulle iniziative strategiche.<\/li>\n\n\n\n<li><strong>Crescita accelerata e innovazione:<\/strong> Adottando approcci innovativi al servizio e all\u2019esperienza del cliente, le aziende possono differenziarsi dalla concorrenza e promuovere la crescita e l\u2019innovazione nei rispettivi settori.<\/li>\n\n\n\n<li><strong>ROI migliorato:<\/strong> I nostri approfondimenti basati sui dati e le nostre raccomandazioni attuabili garantiscono alle aziende di ottenere un ritorno sull&#039;investimento positivo dalle loro iniziative di servizi di concierge, offrendo risultati tangibili e valore a lungo termine.<\/li>\n<\/ul>\n\n\n\n<h2 class=\"wp-block-heading\">Principali attori nel mercato della consulenza sui servizi di portineria<\/h2>\n\n\n\n<p>Nel panorama in rapida evoluzione della consulenza sui servizi di portineria, diversi attori chiave sono emersi come leader nel settore. Questi includono:<\/p>\n\n\n\n<ul class=\"wp-block-list\">\n<li><strong>Per eccellenza:<\/strong> Rinomato per i suoi servizi di concierge di lusso rivolti a privati con patrimoni elevati e clienti aziendali, Quintessentially offre un&#039;ampia gamma di soluzioni personalizzate, dall&#039;organizzazione del viaggio alla pianificazione di eventi.<\/li>\n\n\n\n<li><strong>John Paul:<\/strong> Con una presenza globale e un focus sulla fornitura di esperienze cliente eccezionali, John Paul fornisce servizi di concierge ad aziende di vari settori, tra cui ospitalit\u00e0, finanza e vendita al dettaglio di lusso.<\/li>\n\n\n\n<li><strong>Dieci gruppi di stili di vita:<\/strong> Specializzato nella gestione dello stile di vita e nei servizi di concierge, Ten Lifestyle Group offre soluzioni su misura per le esigenze e le preferenze uniche dei suoi clienti, da esperienze di viaggio personalizzate all&#039;accesso esclusivo a eventi.<\/li>\n\n\n\n<li><strong>Gruppo Les Concierges:<\/strong> Essendo uno dei pionieri nel settore dei servizi di portineria, Les Concierges Group offre servizi di consulenza completi alle aziende che desiderano migliorare la propria offerta di servizi clienti e migliorare l&#039;esperienza complessiva del cliente.<\/li>\n<\/ul>\n\n\n\n<h2 class=\"wp-block-heading\">Driver di mercato<\/h2>\n\n\n\n<p>Diversi fattori stanno guidando la crescita del mercato dei servizi di portineria:<\/p>\n\n\n\n<ul class=\"wp-block-list\">\n<li><strong>Crescente domanda di personalizzazione da parte dei consumatori:<\/strong> Today&#8217;s consumers expect personalized experiences tailored to their preferences and needs. Concierge services enable businesses to meet these demands by offering <a href=\"https:\/\/www.sisinternational.com\/it\/financial-services-consulting\/financial-services-customer-satisfaction\/\" title=\"Financial Services Customer Satisfaction\"  data-wpil-monitor-id=\"8342\">customized solutions that enhance customer satisfaction<\/a> and loyalty.<\/li>\n\n\n\n<li><strong>Concorrenza crescente e necessit\u00e0 di differenziazione:<\/strong> Le aziende cercano costantemente modi per distinguersi in mercati altamente competitivi. I servizi di portineria offrono un&#039;opportunit\u00e0 unica per le aziende di differenziarsi offrendo servizi personalizzati e a valore aggiunto che le distinguono dalla concorrenza.<\/li>\n\n\n\n<li><strong>Progressi tecnologici:<\/strong> Il rapido progresso della tecnologia, tra cui l\u2019intelligenza artificiale, l\u2019apprendimento automatico e l\u2019analisi dei dati, sta trasformando il panorama dei servizi di portineria. Queste innovazioni tecnologiche consentono alle aziende di fornire servizi pi\u00f9 efficienti e personalizzati, stimolando la domanda di servizi di portineria.<\/li>\n\n\n\n<li><strong>Crescita degli individui con patrimoni elevati:<\/strong> Il crescente numero di individui con un patrimonio netto elevato e di consumatori benestanti ha creato una crescente domanda di servizi di concierge di lusso. Le societ\u00e0 di servizi di portineria sono ben posizionate per trarre vantaggio da questa tendenza offrendo servizi specializzati su misura per le esigenze dei clienti facoltosi.<\/li>\n<\/ul>\n\n\n\n<h2 class=\"wp-block-heading\">Restrizioni del mercato<\/h2>\n\n\n\n<p>Despite the growth <a href=\"https:\/\/www.sisinternational.com\/it\/soluzioni\/consulenza-strategica\/ricerca-sulle-opportunita-di-mercato\/\" title=\"Ricerca sulle opportunit\u00e0 di mercato\"  data-wpil-monitor-id=\"8345\">opportunities in the concierge services market<\/a>, several challenges and restraints must be addressed:<\/p>\n\n\n\n<ul class=\"wp-block-list\">\n<li><strong>Preoccupazioni sui costi:<\/strong> L\u2019implementazione dei servizi di concierge pu\u00f2 essere costosa, soprattutto per le piccole e medie imprese con budget limitati. L\u2019investimento iniziale richiesto per servizi di consulenza, infrastrutture tecnologiche e personale pu\u00f2 dissuadere alcune aziende dall\u2019adottare servizi di portineria.<\/li>\n\n\n\n<li><strong>Privacy e sicurezza dei dati:<\/strong> I fornitori di servizi di portineria devono affrontare sfide significative nella gestione delle informazioni sensibili dei clienti e dei dati personali. Garantire la conformit\u00e0 alle normative sulla privacy dei dati e implementare solide misure di sicurezza per proteggere le informazioni dei clienti \u00e8 essenziale, ma pu\u00f2 richiedere un uso intensivo delle risorse.<\/li>\n\n\n\n<li><strong>Consapevolezza del mercato limitata:<\/strong> Nonostante la crescente domanda di servizi personalizzati, alcune aziende potrebbero non essere consapevoli dei vantaggi dei servizi di portineria. Educare i potenziali clienti sulla proposta di valore dei servizi di portineria e dissipare idee sbagliate su costi e complessit\u00e0 \u00e8 fondamentale per la crescita del mercato.<\/li>\n\n\n\n<li><strong>Concorrenza e differenziazione:<\/strong> Man mano che il mercato dei servizi di portineria diventa sempre pi\u00f9 saturo, la concorrenza tra le societ\u00e0 di consulenza si intensifica. Distinguersi dalla concorrenza e differenziare i servizi diventa sempre pi\u00f9 impegnativo e richiede innovazione continua e una profonda comprensione delle esigenze dei clienti.<\/li>\n<\/ul>\n\n\n\n<h2 class=\"wp-block-heading\">Attrattivit\u00e0 del settore: analisi delle cinque forze di Porter del mercato dei servizi di portineria<\/h2>\n\n\n\n<p>L&#039;analisi delle cinque forze di Porter fornisce un quadro per valutare l&#039;attrattiva di un settore esaminando cinque fattori chiave:<\/p>\n\n\n\n<ul class=\"wp-block-list\">\n<li><strong>Minaccia dei nuovi arrivati:<\/strong> La minaccia di nuovi operatori nel mercato dei servizi di portineria \u00e8 relativamente bassa, principalmente a causa delle elevate barriere all\u2019ingresso. Queste barriere includono la necessit\u00e0 di competenze specializzate, reti e relazioni consolidate e significativi investimenti iniziali in tecnologia e infrastrutture. Di conseguenza, le societ\u00e0 di consulenza esistenti beneficiano di un certo grado di vantaggio competitivo e di posizione dominante sul mercato.<\/li>\n\n\n\n<li><strong>Bargaining Power of <a href=\"https:\/\/www.sisinternational.com\/it\/soluzioni\/soluzioni-di-ricerca-quantitativa-qualitativa\/ricerche-di-mercato-sui-buyer-personas\/\" title=\"Soluzioni e metodi per ricerche di mercato sulla Buyer Persona\"  data-wpil-monitor-id=\"8343\">Acquirenti<\/a>:<\/strong> Il potere contrattuale degli acquirenti nel mercato dei servizi di portineria varia a seconda di fattori quali la domanda del settore, la concorrenza e il livello di differenziazione tra le societ\u00e0 di consulenza. Sebbene gli acquirenti possano avere una certa influenza nella negoziazione dei prezzi e dei termini del servizio, la natura altamente personalizzata dei servizi di portineria spesso si traduce in una dinamica di potere pi\u00f9 equilibrata, con le societ\u00e0 di consulenza in grado di imporre prezzi premium per le loro competenze e servizi.<\/li>\n\n\n\n<li><strong>Potere contrattuale dei fornitori:<\/strong> Il potere contrattuale dei fornitori nel mercato dei servizi di portineria \u00e8 relativamente basso, poich\u00e9 le societ\u00e0 di consulenza in genere si affidano a risorse e competenze interne piuttosto che a fornitori esterni. Tuttavia, i fornitori di soluzioni tecnologiche e piattaforme software possono esercitare una certa influenza sulle societ\u00e0 di consulenza, in particolare sui prezzi e sulla qualit\u00e0 del servizio.<\/li>\n\n\n\n<li><strong>Minaccia di sostituti:<\/strong> La minaccia di sostituti nel mercato dei servizi di portineria \u00e8 moderata, poich\u00e9 le aziende possono scegliere di sviluppare capacit\u00e0 interne o fare affidamento su soluzioni alternative come piattaforme self-service o modelli tradizionali di servizio al cliente. Tuttavia, la proposta di valore unica dei servizi di portineria, tra cui assistenza personalizzata, competenza e convenienza, mitiga in una certa misura il rischio di sostituzione.<\/li>\n\n\n\n<li><strong>Rivalit\u00e0 competitiva:<\/strong> La rivalit\u00e0 competitiva nel mercato dei servizi di portineria \u00e8 elevata, guidata da fattori quali la saturazione del mercato, la presenza di operatori affermati e i continui sforzi di innovazione e differenziazione. Le societ\u00e0 di consulenza competono per quote di mercato e clienti offrendo proposte di valore uniche, competenze specializzate e qualit\u00e0 del servizio superiore.<\/li>\n<\/ul>\n\n\n\n<h2 class=\"wp-block-heading\">In che modo i servizi di SIS International aiutano le aziende<\/h2>\n\n\n\n<p>At SIS International, we believe that our consulting goes beyond traditional assistance to offer comprehensive solutions that drive tangible business outcomes. Our <a href=\"https:\/\/www.sisinternational.com\/it\/soluzioni\/ricerca-di-consulenza-strategica-fintech\/consulenza-per-ricerche-di-mercato-di-servizi-finanziari-e-gestione-del-capitale-umano\/\" title=\"Human Capital Management Financial Services Market Research and Consulting\"  data-wpil-monitor-id=\"8340\">market research and consulting services<\/a> are designed to help businesses reduce risk, boost revenue, save money, save time, accelerate growth and innovation, and maximize ROI. Here&#8217;s how our services benefit businesses:<\/p>\n\n\n\n<ul class=\"wp-block-list\">\n<li><strong>Ridurre il rischio:<\/strong> Aiutiamo le aziende a identificare i potenziali rischi e le sfide associati all&#039;implementazione dei servizi di concierge attraverso un&#039;analisi approfondita del mercato e una pianificazione strategica.<\/li>\n\n\n\n<li><strong>Aumentare le entrate:<\/strong> <a href=\"https:\/\/www.sisinternational.com\/it\/la-pasqua-pasquale-e-limmancabile-coniglietto-di-cioccolato\/\" title=\"Ricerche di mercato di Pasqua\"  data-wpil-monitor-id=\"8337\">SIS data-driven insights and market<\/a> intelligence empower businesses to identify new revenue opportunities and optimize their service offerings to meet customer needs and preferences.<\/li>\n\n\n\n<li><strong>Risparmiare soldi:<\/strong> Le nostre soluzioni convenienti e le nostre metodologie efficienti consentono alle aziende di raggiungere i propri obiettivi senza spendere troppo o sprecare risorse.<\/li>\n\n\n\n<li><strong>Risparmio di tempo:<\/strong> Il tempo \u00e8 una risorsa preziosa nel frenetico ambiente aziendale di oggi e i nostri servizi di concierge sono progettati per aiutare le aziende a risparmiare tempo e ad aumentare la produttivit\u00e0.<\/li>\n\n\n\n<li><strong>Accelerating <\/strong><a href=\"https:\/\/www.sisinternational.com\/it\/soluzioni\/ricerche-di-mercato-sulla-crescita-aziendale-internazionale\/\" title=\"Ricerche di mercato sulla crescita aziendale internazionale\"  data-wpil-monitor-id=\"8335\">Growth and Innovation: SIS International&#8217;s<\/a> strategic guidance and innovative solutions empower businesses to drive growth and innovation in their respective industries.<\/li>\n\n\n\n<li><strong>Massimizzare il ROI:<\/strong> Il nostro obiettivo \u00e8 aiutare le aziende a massimizzare il ritorno sull&#039;investimento derivante dalle iniziative di servizi di portineria.<\/li>\n<\/ul>\n\n\n\n<h2 class=\"wp-block-heading\">Informazioni su SIS International Concierge Services Consulting<\/h2>\n\n\n\n<p>SIS International\u2019s Concierge Services Consulting specializes in providing tailored strategic solutions to businesses worldwide. Our expert consultants offer comprehensive advisory services in market entry, business expansion, strategic planning, and organizational development. We partner with clients, from market analysis to implementation support, to drive <a href=\"https:\/\/www.sisinternational.com\/it\/sviluppare-un-vantaggio-competitivo-sostenibile\/\" title=\"Sviluppare un vantaggio competitivo sostenibile\"  data-wpil-monitor-id=\"8341\">sustainable growth and competitive advantage<\/a>. Contact us to explore how our consulting expertise can empower your business.<\/p>\n\n\n\n<p><\/p>","protected":false},"excerpt":{"rendered":"<p>Consulenza sui servizi di portineria Implementa soluzioni personalizzate di servizio clienti per migliorare le esperienze e semplificare i processi.<\/p>","protected":false},"author":1,"featured_media":70897,"parent":44644,"menu_order":36,"comment_status":"closed","ping_status":"closed","template":"","meta":{"footnotes":""},"class_list":["post-47946","page","type-page","status-publish","has-post-thumbnail"],"_links":{"self":[{"href":"https:\/\/www.sisinternational.com\/it\/wp-json\/wp\/v2\/pages\/47946","targetHints":{"allow":["GET"]}}],"collection":[{"href":"https:\/\/www.sisinternational.com\/it\/wp-json\/wp\/v2\/pages"}],"about":[{"href":"https:\/\/www.sisinternational.com\/it\/wp-json\/wp\/v2\/types\/page"}],"author":[{"embeddable":true,"href":"https:\/\/www.sisinternational.com\/it\/wp-json\/wp\/v2\/users\/1"}],"replies":[{"embeddable":true,"href":"https:\/\/www.sisinternational.com\/it\/wp-json\/wp\/v2\/comments?post=47946"}],"version-history":[{"count":12,"href":"https:\/\/www.sisinternational.com\/it\/wp-json\/wp\/v2\/pages\/47946\/revisions"}],"predecessor-version":[{"id":81397,"href":"https:\/\/www.sisinternational.com\/it\/wp-json\/wp\/v2\/pages\/47946\/revisions\/81397"}],"up":[{"embeddable":true,"href":"https:\/\/www.sisinternational.com\/it\/wp-json\/wp\/v2\/pages\/44644"}],"wp:featuredmedia":[{"embeddable":true,"href":"https:\/\/www.sisinternational.com\/it\/wp-json\/wp\/v2\/media\/70897"}],"wp:attachment":[{"href":"https:\/\/www.sisinternational.com\/it\/wp-json\/wp\/v2\/media?parent=47946"}],"curies":[{"name":"wp","href":"https:\/\/api.w.org\/{rel}","templated":true}]}}