{"id":47876,"date":"2024-05-04T12:32:43","date_gmt":"2024-05-04T16:32:43","guid":{"rendered":"https:\/\/www.sisinternational.com\/?page_id=47876"},"modified":"2026-01-26T18:57:29","modified_gmt":"2026-01-26T23:57:29","slug":"ricerche-di-mercato-sulle-calzature","status":"publish","type":"page","link":"https:\/\/www.sisinternational.com\/it\/competenza\/ricerche-di-mercato-sulle-calzature\/","title":{"rendered":"Ricerche di mercato sulle calzature"},"content":{"rendered":"<h1 class=\"wp-block-heading\">Ricerche di mercato sulle calzature<\/h1>\n\n\n\n<figure class=\"gb-block-image gb-block-image-e84185cc\"><img loading=\"lazy\" decoding=\"async\" width=\"1456\" height=\"816\" class=\"gb-image gb-image-e84185cc\" src=\"https:\/\/www.sisinternational.com\/wp-content\/uploads\/2025\/08\/Sneakers-shoe-6.jpg\" alt=\"Ricerca e strategia di mercato internazionale SIS\" title=\"Sneakers shoe (6)\" srcset=\"https:\/\/www.sisinternational.com\/wp-content\/uploads\/2025\/08\/Sneakers-shoe-6.jpg 1456w, https:\/\/www.sisinternational.com\/wp-content\/uploads\/2025\/08\/Sneakers-shoe-6-300x168.jpg 300w, https:\/\/www.sisinternational.com\/wp-content\/uploads\/2025\/08\/Sneakers-shoe-6-1024x574.jpg 1024w, https:\/\/www.sisinternational.com\/wp-content\/uploads\/2025\/08\/Sneakers-shoe-6-768x430.jpg 768w, https:\/\/www.sisinternational.com\/wp-content\/uploads\/2025\/08\/Sneakers-shoe-6-18x10.jpg 18w\" sizes=\"auto, (max-width: 1456px) 100vw, 1456px\"><\/figure>\n\n\n\n<p><\/p>\n\n\n\n<hr class=\"wp-block-separator has-alpha-channel-opacity is-style-dots\"\/>\n\n\n\n<p>L&#039;industria calzaturiera \u00e8 una pietra miliare di stile e utilit\u00e0 in un mondo in cui la moda incontra la funzionalit\u00e0. Dalle scarpe da ginnastica ai sandali, dagli stivali alle ballerine, la domanda globale di calzature continua a crescere, modellando le tendenze e guidando l&#039;innovazione nel design e nella tecnologia... Ma cosa guida l&#039;evoluzione di questo mercato dinamico? In che modo le aziende sfruttano la ricerca di mercato delle calzature per superare la complessit\u00e0 delle preferenze dei consumatori, delle tendenze di mercato e dei panorami competitivi e rimanere al passo con i tempi?<\/p>\n\n\n\n<h2 class=\"wp-block-heading\">What Is Footwear Market Research?<\/h2>\n\n\n\n<p>La ricerca di mercato delle calzature analizza la produzione, la distribuzione e il consumo di prodotti calzaturieri. Comprende varie metodologie di ricerca, tra cui sondaggi sui consumatori, audit sulla vendita al dettaglio, analisi delle tendenze e intelligence competitiva, per fornire approfondimenti sulle dinamiche di mercato, sul comportamento dei consumatori e sulle tendenze del settore.<\/p>\n\n\n\n<h2 class=\"wp-block-heading\">Perch\u00e9 \u00e8 importante?<\/h2>\n\n\n\n<p>Le ricerche di mercato delle calzature aiutano le aziende a ottenere informazioni dettagliate sulle preferenze, i gusti e i comportamenti di acquisto dei consumatori. Le aziende possono personalizzare la propria offerta di prodotti per soddisfare le esigenze e i desideri in evoluzione del proprio pubblico target analizzando i dati demografici dei consumatori, le tendenze dello stile di vita e le preferenze della moda.<\/p>\n\n\n\n<p>Additionally, market <a href=\"https:\/\/www.sisinternational.com\/it\/competenza\/industrie\/ricerche-di-mercato-sulla-movimentazione-dei-materiali\/\" title=\"Ricerche di mercato sulla movimentazione dei materiali\"  data-wpil-monitor-id=\"6050\">ricerca<\/a> enables businesses to stay abreast of emerging trends and innovations in materials, designs, and manufacturing processes. Footwear market research also allows businesses to assess their competitors&#8217; strengths, weaknesses, strategies, and market positioning.<\/p>\n\n\n\n<p>Tuttavia, la ricerca di mercato delle calzature offre numerosi vantaggi aggiuntivi alle aziende che desiderano prosperare in un panorama di mercato competitivo, tra cui:<\/p>\n\n\n\n<ul class=\"wp-block-list\">\n<li><strong>Identificazione delle opportunit\u00e0 di crescita:<\/strong> Le ricerche di mercato delle calzature aiutano le aziende a identificare segmenti di mercato non sfruttati, tendenze emergenti e opportunit\u00e0 di crescita di nicchia.<\/li>\n\n\n\n<li><strong>Vantaggio competitivo:<\/strong> Le ricerche di mercato delle calzature consentono alle aziende di valutare i punti di forza e di debolezza dei concorrenti, identificare le lacune nel mercato e differenziare efficacemente le proprie offerte.<\/li>\n\n\n\n<li><strong>Maggiore soddisfazione del cliente:<\/strong> Questa ricerca di mercato consente alle aziende di raccogliere feedback dai clienti, identificare aree di miglioramento e personalizzare le proprie offerte per soddisfare le aspettative dei clienti.<\/li>\n\n\n\n<li><strong>Mitigazione del rischio:<\/strong> Le ricerche di mercato delle calzature aiutano le aziende a mitigare i rischi fornendo approfondimenti sulle tendenze del mercato, sul comportamento dei consumatori e sulle dinamiche competitive. Conducendo analisi di mercato approfondite, le aziende possono anticipare le sfide, identificare le minacce e sviluppare piani di emergenza per mitigare i rischi in modo efficace.<\/li>\n<\/ul>\n\n\n\n<h2 class=\"wp-block-heading\">Questions Before Conducting Footwear Market Research<\/h2>\n\n\n\n<p>Prima di intraprendere una ricerca di mercato sulle calzature, \u00e8 essenziale porre le domande giuste per garantire che gli obiettivi della ricerca siano in linea con gli scopi e gli obiettivi aziendali. Ecco alcune domande chiave da considerare:<\/p>\n\n\n\n<ul class=\"wp-block-list\">\n<li><strong>Quali sono gli obiettivi specifici della ricerca?<\/strong> Definire chiaramente gli obiettivi della ricerca \u00e8 essenziale per orientare la direzione dello studio. La definizione di obiettivi di ricerca chiari aiuter\u00e0 a concentrare gli sforzi di ricerca e a garantire che i risultati siano attuabili e rilevanti per il processo decisionale aziendale.<\/li>\n\n\n\n<li><strong>Quali metodi di raccolta dati verranno utilizzati?<\/strong> Sono disponibili vari metodi di raccolta dati per le ricerche di mercato delle calzature, tra cui sondaggi, interviste, focus group, studi osservazionali e analisi dei dati secondari. Valutare i pro e i contro di ciascun metodo e selezionare quelli pi\u00f9 appropriati in base agli obiettivi di ricerca, al pubblico target e ai vincoli di budget garantir\u00e0 che la ricerca produca approfondimenti affidabili e utilizzabili.<\/li>\n\n\n\n<li><strong>Qual \u00e8 la tempistica e il budget per la ricerca?<\/strong> Stabilire una tempistica e un budget chiari per la ricerca \u00e8 essenziale per gestire le risorse in modo efficace e garantire che la ricerca rimanga sulla buona strada. Stabilire scadenze realistiche e allocare le risorse in modo appropriato aiuter\u00e0 a prevenire ritardi e garantire che gli obiettivi di ricerca siano raggiunti entro i tempi e i vincoli di budget specificati.<\/li>\n\n\n\n<li><strong>Quali sono le potenziali sfide e limitazioni?<\/strong> Anticipare in anticipo potenziali sfide e limitazioni aiuter\u00e0 a mitigare i rischi e a garantire il successo del progetto di ricerca. Affrontare le potenziali sfide in modo proattivo aiuter\u00e0 a minimizzare il loro impatto sui risultati e sulle conclusioni della ricerca.<\/li>\n<\/ul>\n\n\n\n<h2 class=\"wp-block-heading\">Potential Outcomes<\/h2>\n\n\n\n<p>Rivolgersi a SIS International per i servizi di ricerca di mercato delle calzature pu\u00f2 fornire una serie di informazioni e risultati preziosi per le aziende che operano nel settore calzaturiero:<\/p>\n\n\n\n<ul class=\"wp-block-list\">\n<li><strong>Analisi di mercato completa:<\/strong> SIS International conducts in-depth <a href=\"https:\/\/www.sisinternational.com\/it\/soluzioni\/soluzioni-di-ricerca-quantitativa-qualitativa\/ricerche-di-mercato-basate-sullanalisi-dei-cluster\/\" title=\"Ricerche di mercato sull&#039;analisi dei cluster\"  data-wpil-monitor-id=\"7029\">ricerche di mercato sulle calzature<\/a> to provide businesses with a comprehensive understanding of the market landscape. We analyze market trends, consumer preferences, competitive dynamics, and industry performance to inform strategic decision-making and drive business growth.<\/li>\n\n\n\n<li><strong>Informazioni e tendenze sui consumatori:<\/strong> Il SIS fornisce informazioni preziose sulle preferenze, i comportamenti e le tendenze dei consumatori che modellano il mercato delle calzature. Attraverso sondaggi, interviste e studi osservazionali, le aziende acquisiscono una profonda comprensione delle esigenze, dei desideri e dei punti critici dei consumatori, consentendo loro di sviluppare prodotti e strategie di marketing in grado di entrare in risonanza con il pubblico target e promuovere la fedelt\u00e0 al marchio.<\/li>\n\n\n\n<li><strong>Intelligenza competitiva:<\/strong> SIS International conduce un&#039;analisi competitiva approfondita per aiutare le aziende a rimanere al passo. Valutando i punti di forza, di debolezza, le strategie e il posizionamento sul mercato dei concorrenti, le aziende possono identificare opportunit\u00e0 di differenziazione, sfruttare le lacune del mercato e sviluppare strategie efficaci per ottenere un vantaggio competitivo nel mercato delle calzature.<\/li>\n\n\n\n<li><strong>Strategie di ingresso e di espansione nel mercato:<\/strong> Il nostro team assiste le aziende nell\u2019identificazione di opportunit\u00e0 di ingresso nel mercato e di espansione nei mercati nazionali e internazionali. Valutando il potenziale di mercato, il contesto normativo, i canali di distribuzione e le preferenze dei consumatori, le aziende possono prendere decisioni informate sull&#039;ingresso in nuovi mercati, sull&#039;espansione delle linee di prodotti o sul targeting di dati demografici specifici per stimolare la crescita e la redditivit\u00e0.<\/li>\n<\/ul>\n\n\n\n<h2 class=\"wp-block-heading\">Giocatori chiave<\/h2>\n\n\n\n<p>Nel settore calzaturiero, diversi attori chiave dominano il mercato, ciascuno dei quali contribuisce al suo panorama dinamico e competitivo. Ecco alcuni dei principali attori:<\/p>\n\n\n\n<ul class=\"wp-block-list\">\n<li><strong>Nike, Inc.:<\/strong> Nike is a global athletic footwear and apparel leader. With a diverse product portfolio spanning running, basketball, soccer, and lifestyle categories, Nike maintains a strong presence in the footwear <a href=\"https:\/\/www.sisinternational.com\/it\/competenza\/industrie\/ricerche-di-mercato-della-moda\/\" title=\"Ricerche di mercato nel settore della moda e dell&#039;abbigliamento\"  data-wpil-monitor-id=\"7114\">market&#8217;s performance and fashion<\/a> segments.<\/li>\n\n\n\n<li><strong>Adidas AG:<\/strong> Adidas \u00e8 un altro importante attore nel settore delle calzature e dell&#039;abbigliamento sportivo, rinomato per la sua enfasi su prestazioni, stile e sostenibilit\u00e0. Le partnership di Adidas con atleti, celebrit\u00e0 e stilisti contribuiscono alla forte immagine del marchio e all&#039;attrattiva globale.<\/li>\n\n\n\n<li><strong>Puma SE:<\/strong> Puma \u00e8 un marchio leader di calzature sportive e lifestyle riconosciuto per il suo design innovativo, i prodotti orientati alle prestazioni e il marchio distintivo. Concentrandosi su sport come calcio, corsa e sport motoristici, Puma si rivolge ad atleti e appassionati che cercano calzature ad alte prestazioni con un&#039;estetica alla moda.<\/li>\n\n\n\n<li><strong>VF Corporation (Vans, Timberland):<\/strong> VF Corporation \u00e8 un conglomerato globale di abbigliamento e calzature che possiede diversi marchi iconici di calzature, tra cui Vans e Timberland.<\/li>\n\n\n\n<li><strong>New Balance Atletica Leggera, Inc.:<\/strong> New Balance \u00e8 un rinomato marchio di calzature focalizzato su prestazioni, innovazione e artigianalit\u00e0. Specializzata in calzature da corsa, camminata e lifestyle, New Balance si rivolge ad atleti e appassionati di fitness che cercano calzature di supporto e di alta qualit\u00e0 su misura per le loro esigenze.<\/li>\n<\/ul>\n\n\n\n<h2 class=\"wp-block-heading\">Approfondimenti regionali<\/h2>\n\n\n\n<p>Il mercato delle calzature mostra variazioni regionali influenzate dalle preferenze dei consumatori, dalle tendenze culturali, dalle condizioni economiche e dal contesto normativo. Ecco alcuni approfondimenti regionali sul mercato delle calzature:<\/p>\n\n\n\n<ul class=\"wp-block-list\">\n<li><strong>Nord America:<\/strong> Il Nord America \u00e8 un mercato maturo per le calzature, caratterizzato da elevati livelli di reddito disponibile, consumatori attenti alla moda e una vasta gamma di preferenze in materia di calzature. Scarpe da ginnastica, scarpe da ginnastica e calzature casual sono popolari tra i consumatori nordamericani, spinti dalle tendenze dello stile di vita, dall&#039;approvazione delle celebrit\u00e0 e dalla cultura sportiva. Importanti player come Nike, Adidas e Skechers dominano il mercato, competendo sulla base dell\u2019innovazione del prodotto, del branding e delle strategie di marketing.<\/li>\n\n\n\n<li><strong>Europa:<\/strong> I paesi dell\u2019Europa occidentale come il Regno Unito, la Germania e la Francia hanno industrie calzaturiere ben consolidate, che enfatizzano fortemente la qualit\u00e0, l\u2019artigianato e i marchi storici. Negli ultimi anni, l\u2019athleisure e la sostenibilit\u00e0 sono emersi come tendenze chiave che guidano la domanda dei consumatori per calzature comode ed ecologiche. Inoltre, i paesi dell\u2019Europa orientale come Polonia e Romania sono diventati centri di produzione di calzature, beneficiando di costi di manodopera inferiori e vicinanza ai principali mercati.<\/li>\n\n\n\n<li><strong>Asia-Pacifico:<\/strong> L\u2019Asia-Pacifico \u00e8 un mercato dinamico e in rapida crescita per le calzature, alimentato dall\u2019aumento del reddito disponibile, dall\u2019urbanizzazione e dal cambiamento degli stili di vita dei consumatori. Paesi come Cina, India e Giappone contribuiscono in modo significativo al mercato calzaturiero della regione, con una fiorente classe media che guida la domanda di calzature funzionali e alla moda. Scarpe da ginnastica, scarpe sportive e calzature casual sono di tendenza tra i giovani consumatori, influenzati dalla cultura dello streetwear, dalle sponsorizzazioni delle celebrit\u00e0 e dalle tendenze dei social media.<\/li>\n<\/ul>\n\n\n\n<h2 class=\"wp-block-heading\">Growing Segments<\/h2>\n\n\n\n<p>Identificare i segmenti in maggiore crescita nel mercato delle calzature \u00e8 essenziale affinch\u00e9 le aziende possano trarre vantaggio dalle tendenze e dalle opportunit\u00e0 emergenti. Ecco alcuni dei segmenti critici che stanno registrando una crescita significativa secondo la ricerca di mercato delle calzature:<\/p>\n\n\n\n<ul class=\"wp-block-list\">\n<li><strong>Calzature sportive:<\/strong> Il segmento delle calzature sportive continua a registrare una crescita robusta, guidata dalla crescente consapevolezza della salute e del fitness tra i consumatori, dalla crescente partecipazione ad attivit\u00e0 sportive e ricreative e dalla crescente popolarit\u00e0 dell\u2019abbigliamento athleisure. Sneaker, scarpe da corsa e altre categorie di calzature sportive sono molto richieste, alimentate da innovazioni nella tecnologia delle prestazioni, sponsorizzazioni di celebrit\u00e0 e tendenze di stile di vita. Marchi come Nike, Adidas e Under Armour dominano questo segmento, sfruttando le loro prestazioni sportive e la loro esperienza nella moda per attirare una base di consumatori diversificata.<\/li>\n\n\n\n<li><strong>Calzature casual e lifestyle:<\/strong> Le categorie di calzature casual e lifestyle stanno assistendo a una crescita costante, guidata dalle mutevoli preferenze dei consumatori per opzioni di calzature comode e versatili. Scarpe da ginnastica, mocassini, slip-on e sandali sono popolari tra i consumatori che cercano calzature che bilanciano stile e funzionalit\u00e0 da indossare ogni giorno. Marchi come Vans, Converse e Skechers eccellono in questo segmento, offrendo una vasta gamma di stili di calzature trendy e convenienti che si rivolgono a diversi gruppi demografici.<\/li>\n\n\n\n<li><strong>Calzature di moda e di lusso:<\/strong> Il segmento delle calzature di moda e di lusso rimane un driver di crescita significativo, guidato dalla domanda da parte dei consumatori benestanti di marchi di calzature premium e firmati. Case di moda di fascia alta, etichette di lusso e marchi di scarpe firmate si rivolgono a consumatori esigenti che cercano calzature esclusive e di alta qualit\u00e0 che riflettano il loro stile e status. Marchi iconici come Gucci, Louis Vuitton e Christian Louboutin impongono prezzi premium e mantengono un&#039;immagine forte del marchio attraverso design innovativi, artigianalit\u00e0 e marketing ambizioso.<\/li>\n<\/ul>\n\n\n\n<h2 class=\"wp-block-heading\">Driver di mercato<\/h2>\n\n\n\n<p>Comprendere i principali fattori trainanti del mercato \u00e8 essenziale per orientarsi nelle complessit\u00e0 del settore calzaturiero e identificare opportunit\u00e0 di crescita e innovazione. Ecco alcuni dei principali fattori di mercato che influenzano il settore calzaturiero:<\/p>\n\n\n\n<ul class=\"wp-block-list\">\n<li><strong>Innovazione e Tecnologia:<\/strong> L\u2019innovazione e la tecnologia guidano lo sviluppo e la differenziazione dei prodotti nel settore calzaturiero. I progressi nella scienza dei materiali, nelle tecniche di produzione e nelle tecnologie prestazionali consentono ai marchi di creare calzature che offrono comfort, prestazioni e stile superiori.<\/li>\n\n\n\n<li><strong>Globalizzazione ed espansione del mercato:<\/strong> La globalizzazione ha alimentato l\u2019espansione del mercato delle calzature, aprendo nuove opportunit\u00e0 ai marchi per entrare nei mercati emergenti ed espandere la propria presenza internazionale. La rapida urbanizzazione, l\u2019aumento del reddito disponibile e la crescente consapevolezza del marchio guidano la domanda di calzature nelle economie emergenti, in particolare nell\u2019Asia-Pacifico, in America Latina e nel Medio Oriente.<\/li>\n\n\n\n<li><strong>Sostenibilit\u00e0 e Consumo Etico:<\/strong> Sustainability and ethical consumption have emerged as significant market drivers in the footwear industry, reflecting consumers&#8217; growing concerns about environmental conservation, social responsibility, and ethical sourcing practices. Brands increasingly adopt sustainable materials, eco-friendly manufacturing processes, and transparent supply chains to meet consumer expectations for environmentally friendly and ethically produced footwear.<\/li>\n<\/ul>\n\n\n\n<h2 class=\"wp-block-heading\">Opportunit\u00e0<\/h2>\n\n\n\n<p>Sebbene il settore calzaturiero offra numerose opportunit\u00e0 di crescita e innovazione, deve anche affrontare diverse restrizioni di mercato che possono ostacolare il progresso e la redditivit\u00e0. Comprendere queste sfide \u00e8 essenziale affinch\u00e9 le aziende possano sviluppare strategie efficaci e mitigare i rischi. Ecco alcune delle restrizioni critiche del mercato che interessano il settore calzaturiero:<\/p>\n\n\n\n<ul class=\"wp-block-list\">\n<li><strong>Pressioni sui costi e concorrenza sui prezzi:<\/strong> Le pressioni sui costi, tra cui l\u2019aumento del costo del lavoro, dei prezzi delle materie prime e delle spese di produzione, pongono sfide significative per i marchi e i produttori di calzature. La concorrenza sui prezzi si intensifica man mano che i marchi competono per quote di mercato, portando a sfide di compressione dei margini e redditivit\u00e0.<\/li>\n\n\n\n<li><strong>Contraffazione e violazione della propriet\u00e0 intellettuale:<\/strong> La contraffazione e la violazione della propriet\u00e0 intellettuale rappresentano una minaccia significativa per il settore calzaturiero, minando l\u2019integrit\u00e0 del marchio, i ricavi e la fiducia dei consumatori. Le calzature contraffatte erodono la quota di mercato dei marchi legittimi e mettono a rischio la sicurezza dei consumatori e la qualit\u00e0 dei prodotti.<\/li>\n\n\n\n<li><strong>Conformit\u00e0 normativa e standard di sostenibilit\u00e0:<\/strong> La conformit\u00e0 ai requisiti normativi e agli standard di sostenibilit\u00e0 rappresenta una sfida per le aziende calzaturiere, in particolare per quanto riguarda la sicurezza dei prodotti, le normative ambientali e le pratiche di lavoro. La conformit\u00e0 normativa implica l\u2019adesione a una complessa rete di normative che regolano l\u2019etichettatura dei prodotti, il contenuto chimico e i processi di produzione, che possono variare a seconda dei diversi mercati e giurisdizioni.<\/li>\n<\/ul>\n\n\n\n<h2 class=\"wp-block-heading\">Porter&#8217;s Five Forces<\/h2>\n\n\n\n<p>Il quadro delle Cinque Forze di Porter fornisce un&#039;analisi completa delle dinamiche competitive e dell&#039;attrattiva del mercato delle calzature. Le aziende possono acquisire preziose informazioni sulla struttura del mercato e su considerazioni strategiche esaminando le cinque forze che modellano la concorrenza del settore.<\/p>\n\n\n\n<ul class=\"wp-block-list\">\n<li><strong>Minaccia dei nuovi arrivati:<\/strong> La minaccia di nuovi operatori nel mercato delle calzature \u00e8 relativamente moderata, principalmente a causa delle elevate barriere all\u2019ingresso. I marchi consolidati beneficiano di economie di scala, di un forte riconoscimento del marchio e di estese reti di distribuzione, rendendo difficile per i nuovi concorrenti competere in modo efficace. Sono inoltre necessari investimenti di capitale significativi per la ricerca e lo sviluppo, gli impianti di produzione e le attivit\u00e0 di marketing, il che scoraggia ulteriormente i potenziali concorrenti.<br><strong>Potere contrattuale degli acquirenti:<\/strong><a href=\"https:\/\/www.sisinternational.com\/it\/competenza\/industrie\/ricerca-di-mercato-sullintenzione-dellacquirente\/\" title=\"Ricerche di mercato sulle intenzioni dell&#039;acquirente\"  data-wpil-monitor-id=\"7166\"> Buyers&#8217; bargaining power in the footwear market<\/a> varies depending on factors such as brand loyalty, product differentiation, and price sensitivity. While buyers have access to a wide range of footwear options and can easily compare prices and features online, strong brand loyalty and perceived quality can mitigate their bargaining power.<\/li>\n\n\n\n<li><strong>Potere contrattuale dei fornitori:<\/strong> Il potere contrattuale dei fornitori nel settore calzaturiero \u00e8 moderato, con diversi fattori chiave che influenzano la loro leva finanziaria. Mentre i fornitori di materie prime come pelle, gomma e tessuti sintetici detengono un certo potere contrattuale grazie al loro controllo sugli input, la presenza di pi\u00f9 fornitori e la disponibilit\u00e0 di materiali alternativi possono mitigare la loro influenza.<\/li>\n\n\n\n<li><strong>Minaccia di prodotti sostitutivi:<\/strong> La minaccia di prodotti sostitutivi nel mercato delle calzature \u00e8 significativa, guidata dalla disponibilit\u00e0 di opzioni di calzature alternative e dall\u2019evoluzione delle preferenze dei consumatori. Sostituti come sandali, stivali e calzature sportive competono per la spesa discrezionale dei consumatori, offrendo stili, funzionalit\u00e0 e prezzi diversi.<\/li>\n\n\n\n<li><strong>Intensit\u00e0 della rivalit\u00e0 competitiva:<\/strong> Il mercato delle calzature \u00e8 caratterizzato da un&#039;intensa rivalit\u00e0 competitiva tra i player esistenti, alimentata dalla proliferazione dei marchi, dall&#039;innovazione dei prodotti e dalla concorrenza sui prezzi. I marchi di calzature affermati competono per la quota di mercato attraverso campagne di marketing aggressive, sponsorizzazioni di celebrit\u00e0 e lanci di prodotti, intensificando la concorrenza e guidando il consolidamento del settore.<\/li>\n<\/ul>\n\n\n\n<h2 class=\"wp-block-heading\">The SIS Advantage<\/h2>\n\n\n\n<p>SIS International offers comprehensive footwear market research and consulting services tailored to the specific needs and challenges of businesses operating in the footwear industry. <\/p>\n\n\n\n<ul class=\"wp-block-list\">\n<li><strong>Valutazione delle opportunit\u00e0 di mercato:<\/strong> Attraverso rigorose analisi di mercato, benchmarking della concorrenza e studi di segmentazione dei consumatori, SIS International fornisce informazioni utili che consentono alle aziende di trarre vantaggio dalle tendenze emergenti, indirizzare segmenti di mercato redditizi e ottenere un vantaggio competitivo.<\/li>\n\n\n\n<li><strong>Informazioni sui consumatori e analisi delle tendenze:<\/strong> By conducting qualitative and quantitative research, including focus groups, surveys, and trend forecasting, SIS uncovers actionable insights into consumers&#8217; lifestyle preferences, fashion trends, and brand perceptions. <\/li>\n\n\n\n<li><strong>Posizionamento del marchio e intelligence competitiva:<\/strong> SIS International helps businesses identify their unique value propositions, assess competitive strengths and weaknesses, and develop strategies to enhance brand equity and market share. <\/li>\n\n\n\n<li><strong>Sviluppo e innovazione del prodotto:<\/strong> Our team helps businesses refine product designs, optimize features, and validate market acceptance before launching new footwear products. <\/li>\n\n\n\n<li><strong>Strategie di ingresso e di espansione nel mercato:<\/strong> SIS helps businesses assess market entry barriers, identify distribution channels, and formulate market penetration strategies. <\/li>\n<\/ul>\n\n\n\n<p><\/p>","protected":false},"excerpt":{"rendered":"<p>Le ricerche di mercato delle calzature studiano la produzione, la distribuzione e il consumo per comprendere le dinamiche del mercato, i consumatori e le tendenze del settore.<\/p>","protected":false},"author":1,"featured_media":63865,"parent":14514,"menu_order":463,"comment_status":"closed","ping_status":"closed","template":"","meta":{"footnotes":""},"class_list":["post-47876","page","type-page","status-publish","has-post-thumbnail"],"_links":{"self":[{"href":"https:\/\/www.sisinternational.com\/it\/wp-json\/wp\/v2\/pages\/47876","targetHints":{"allow":["GET"]}}],"collection":[{"href":"https:\/\/www.sisinternational.com\/it\/wp-json\/wp\/v2\/pages"}],"about":[{"href":"https:\/\/www.sisinternational.com\/it\/wp-json\/wp\/v2\/types\/page"}],"author":[{"embeddable":true,"href":"https:\/\/www.sisinternational.com\/it\/wp-json\/wp\/v2\/users\/1"}],"replies":[{"embeddable":true,"href":"https:\/\/www.sisinternational.com\/it\/wp-json\/wp\/v2\/comments?post=47876"}],"version-history":[{"count":13,"href":"https:\/\/www.sisinternational.com\/it\/wp-json\/wp\/v2\/pages\/47876\/revisions"}],"predecessor-version":[{"id":80729,"href":"https:\/\/www.sisinternational.com\/it\/wp-json\/wp\/v2\/pages\/47876\/revisions\/80729"}],"up":[{"embeddable":true,"href":"https:\/\/www.sisinternational.com\/it\/wp-json\/wp\/v2\/pages\/14514"}],"wp:featuredmedia":[{"embeddable":true,"href":"https:\/\/www.sisinternational.com\/it\/wp-json\/wp\/v2\/media\/63865"}],"wp:attachment":[{"href":"https:\/\/www.sisinternational.com\/it\/wp-json\/wp\/v2\/media?parent=47876"}],"curies":[{"name":"wp","href":"https:\/\/api.w.org\/{rel}","templated":true}]}}