{"id":47728,"date":"2024-04-20T17:17:44","date_gmt":"2024-04-20T21:17:44","guid":{"rendered":"https:\/\/www.sisinternational.com\/?page_id=47728"},"modified":"2026-01-24T18:55:08","modified_gmt":"2026-01-24T23:55:08","slug":"ricerche-di-mercato-sullabbigliamento-antipioggia","status":"publish","type":"page","link":"https:\/\/www.sisinternational.com\/it\/competenza\/ricerche-di-mercato-sullabbigliamento-antipioggia\/","title":{"rendered":"Ricerche di mercato sull\u2019abbigliamento antipioggia"},"content":{"rendered":"<h1 class=\"wp-block-heading\">Ricerche di mercato sull\u2019abbigliamento antipioggia<\/h1>\n\n\n\n<figure class=\"gb-block-image gb-block-image-53a2688e\"><img loading=\"lazy\" decoding=\"async\" width=\"1456\" height=\"816\" class=\"gb-image gb-image-53a2688e\" src=\"https:\/\/www.sisinternational.com\/wp-content\/uploads\/2025\/08\/Rainwear-2.jpg\" alt=\"Ricerca e strategia di mercato internazionale SIS\" title=\"Rainwear (2)\" srcset=\"https:\/\/www.sisinternational.com\/wp-content\/uploads\/2025\/08\/Rainwear-2.jpg 1456w, https:\/\/www.sisinternational.com\/wp-content\/uploads\/2025\/08\/Rainwear-2-300x168.jpg 300w, https:\/\/www.sisinternational.com\/wp-content\/uploads\/2025\/08\/Rainwear-2-1024x574.jpg 1024w, https:\/\/www.sisinternational.com\/wp-content\/uploads\/2025\/08\/Rainwear-2-768x430.jpg 768w, https:\/\/www.sisinternational.com\/wp-content\/uploads\/2025\/08\/Rainwear-2-18x10.jpg 18w\" sizes=\"auto, (max-width: 1456px) 100vw, 1456px\"><\/figure>\n\n\n\n<p><\/p>\n\n\n\n<hr class=\"wp-block-separator has-alpha-channel-opacity is-style-dots\"\/>\n\n\n\n<p>Rainwear market research is a valuable tool for apparel industry stakeholders to understand market dynamics, identify growth opportunities, and develop strategies for competing effectively in the rainwear market.<\/p>\n\n\n\n<h2 class=\"wp-block-heading\">What Is Rainwear Apparel Market Research?<\/h2>\n\n\n\n<p>Poich\u00e9 il cambiamento climatico porta a modelli meteorologici pi\u00f9 imprevedibili, la domanda di indumenti antipioggia di alta qualit\u00e0 \u00e8 in aumento. La ricerca di mercato sull\u2019abbigliamento antipioggia fornisce approfondimenti sulle tecnologie dei tessuti, sulle preferenze di design e sui panorami competitivi, consentendo alle aziende di sviluppare soluzioni di abbigliamento antipioggia innovative ed eleganti che soddisfano le esigenze in evoluzione dei consumatori.<\/p>\n\n\n\n<p>Rainwear <a href=\"https:\/\/www.sisinternational.com\/it\/competenza\/industrie\/ricerche-di-mercato-della-moda\/\" title=\"Ricerche di mercato nel settore della moda e dell&#039;abbigliamento\"  data-wpil-monitor-id=\"6938\">apparel market research<\/a> studies the global rainwear industry, focusing on market trends, consumer preferences, competitive landscape, and technological advancements. This research is essential for manufacturers, retailers, and other stakeholders in the apparel industry looking to understand market dynamics and develop strategies to meet consumer needs.<\/p>\n\n\n\n<h2 class=\"wp-block-heading\">Perch\u00e9 \u00e8 importante?<\/h2>\n\n\n\n<p>Rainwear apparel market research provides valuable insights that can help companies develop innovative products, optimize pricing strategies, and create targeted marketing campaigns that effectively reach their target audience. <\/p>\n\n\n\n<p>Inoltre, questa ricerca di mercato aiuta le aziende a comprendere il panorama competitivo. Le aziende possono identificare i propri punti di forza unici e differenziarsi sul mercato, il che \u00e8 fondamentale per sviluppare strategie di marketing efficaci che mettano in risalto i punti di forza dei loro prodotti e attirino i clienti.<\/p>\n\n\n\n<h2 class=\"wp-block-heading\">Critical factors<\/h2>\n\n\n\n<p>Un&#039;efficace ricerca di mercato sull&#039;abbigliamento antipioggia richiede attenzione a diversi fattori critici di successo che contribuiscono ad analisi approfondite e raccomandazioni attuabili. Questi fattori includono:<\/p>\n\n\n\n<ul class=\"wp-block-list\">\n<li><strong>Intuizioni dei consumatori:<\/strong> Comprendere le preferenze, i comportamenti e i fattori di acquisto dei consumatori \u00e8 essenziale per una ricerca di mercato sull&#039;abbigliamento antipioggia di successo. I marchi devono raccogliere informazioni complete sui consumatori attraverso sondaggi, focus group e studi osservazionali per scoprire le preferenze relative a design, funzionalit\u00e0, preferenze sui materiali e sensibilit\u00e0 ai prezzi.<\/li>\n\n\n\n<li><strong>Analisi competitiva:<\/strong> Condurre un&#039;analisi approfondita dei concorrenti nel mercato dell&#039;abbigliamento antipioggia fornisce preziose informazioni sulle offerte di prodotti, sulle strategie di prezzo, sui canali di distribuzione e sulle tattiche di marketing. Confrontandosi con la concorrenza, i marchi possono identificare le lacune del mercato, differenziare le proprie offerte e sviluppare proposte di valore convincenti per attirare i clienti.<\/li>\n\n\n\n<li><strong>Identificazione della tendenza:<\/strong> Staying attuned to fashion trends, technological advancements, and sustainability initiatives is critical for successful <a href=\"https:\/\/www.sisinternational.com\/it\/agricoltura-sostenibile\/\" title=\"Ricerche di mercato sull\u2019agricoltura sostenibile\"  data-wpil-monitor-id=\"2433\">ricerche di mercato sull&#039;abbigliamento antipioggia<\/a>. Brands must monitor trends in color palettes, fabric innovations, eco-friendly materials, and design aesthetics to align their product offerings with evolving consumer preferences and market demands.<\/li>\n\n\n\n<li><strong>Ottimizzazione della catena di fornitura:<\/strong> L\u2019ottimizzazione della catena di fornitura \u00e8 essenziale per garantire la consegna tempestiva dei prodotti di abbigliamento antipioggia ai consumatori. I marchi devono collaborare strettamente con fornitori, produttori e partner logistici per semplificare i processi di produzione, ridurre al minimo i tempi di consegna e migliorare la qualit\u00e0 e la coerenza dei prodotti.<\/li>\n\n\n\n<li><strong>Gestione della reputazione del marchio:<\/strong> Mantenere una reputazione positiva del marchio \u00e8 fondamentale nel competitivo mercato dell\u2019abbigliamento antipioggia. I marchi devono dare priorit\u00e0 alla qualit\u00e0 del prodotto, all\u2019eccellenza del servizio clienti e alle pratiche commerciali etiche per creare fiducia e lealt\u00e0 tra i consumatori. Affrontare in modo proattivo il feedback dei clienti, risolvere tempestivamente i problemi e comunicare in modo trasparente contribuiscono a promuovere una forte reputazione del marchio.<\/li>\n<\/ul>\n\n\n\n<h2 class=\"wp-block-heading\">The Results You Can Expect from SIS International<\/h2>\n\n\n\n<p>Il coinvolgimento di SIS International per una ricerca di mercato sull\u2019abbigliamento antipioggia produce numerosi risultati attesi, consentendo ai marchi di prendere decisioni informate e promuovere la crescita del business.<\/p>\n\n\n\n<figure class=\"gb-block-image gb-block-image-142614f7\"><img loading=\"lazy\" decoding=\"async\" width=\"1456\" height=\"816\" class=\"gb-image gb-image-142614f7\" src=\"https:\/\/www.sisinternational.com\/wp-content\/uploads\/2025\/08\/Rainwear-6.jpg\" alt=\"Ricerca e strategia di mercato internazionale SIS\" title=\"Rainwear 6\" srcset=\"https:\/\/www.sisinternational.com\/wp-content\/uploads\/2025\/08\/Rainwear-6.jpg 1456w, https:\/\/www.sisinternational.com\/wp-content\/uploads\/2025\/08\/Rainwear-6-300x168.jpg 300w, https:\/\/www.sisinternational.com\/wp-content\/uploads\/2025\/08\/Rainwear-6-1024x574.jpg 1024w, https:\/\/www.sisinternational.com\/wp-content\/uploads\/2025\/08\/Rainwear-6-768x430.jpg 768w, https:\/\/www.sisinternational.com\/wp-content\/uploads\/2025\/08\/Rainwear-6-18x10.jpg 18w\" sizes=\"auto, (max-width: 1456px) 100vw, 1456px\"><\/figure>\n\n\n\n<ul class=\"wp-block-list\">\n<li><strong>Approfondimenti completi sul mercato:<\/strong> SIS fornisce approfondimenti di mercato completi sulle preferenze dei consumatori, sulle tendenze del mercato, sul panorama competitivo e sulle opportunit\u00e0 emergenti nel mercato dell\u2019abbigliamento antipioggia. Attraverso una rigorosa raccolta e analisi dei dati, forniamo ai clienti una profonda comprensione delle dinamiche di mercato e raccomandazioni attuabili per la pianificazione strategica.<\/li>\n\n\n\n<li><strong>Identificazione dei segmenti di nicchia:<\/strong> SIS International identifica segmenti di nicchia nel mercato dell&#039;abbigliamento antipioggia, consentendo ai marchi di rivolgersi a specifici dati demografici, preferenze ed esigenze non soddisfatte dei consumatori. Scoprendo opportunit\u00e0 di nicchia, i marchi possono personalizzare le proprie offerte di prodotti, messaggi di marketing e canali di distribuzione per raggiungere e interagire in modo efficace con segmenti di consumatori di nicchia.<\/li>\n\n\n\n<li><strong>Guida allo sviluppo del prodotto:<\/strong> Sfruttando le informazioni sui consumatori e le tendenze del mercato, gli esperti SIS offrono indicazioni sullo sviluppo del prodotto per aiutare i marchi a concettualizzare, progettare e lanciare prodotti innovativi di abbigliamento antipioggia. Dalla selezione dei materiali all&#039;estetica del design, forniamo consigli che risuonano con i consumatori target e differenziano i marchi sul mercato.<\/li>\n\n\n\n<li><strong>Benchmarking competitivo:<\/strong> SIS conduce analisi di benchmarking competitivo per valutare le prestazioni dei marchi rispetto ai concorrenti nel mercato dell&#039;abbigliamento antipioggia. Confrontando le offerte di prodotti, le strategie di prezzo, le iniziative di marketing e le esperienze dei clienti, SIS aiuta i marchi a identificare le aree di miglioramento, a sfruttare i punti di forza e a ottenere un vantaggio competitivo.<\/li>\n\n\n\n<li><strong>Strategie di ingresso nel mercato:<\/strong> Per i marchi che desiderano entrare o espandere la propria presenza nel mercato dell&#039;abbigliamento antipioggia, SIS International offre una guida strategica sulle strategie di ingresso nel mercato, compreso il posizionamento sul mercato, la selezione del canale di distribuzione e le tattiche promozionali.<\/li>\n<\/ul>\n\n\n\n<h2 class=\"wp-block-heading\">Giocatori chiave<\/h2>\n\n\n\n<p>Nel panorama competitivo del mercato dell\u2019abbigliamento antipioggia, diversi attori chiave dominano con i loro prodotti innovativi, una forte presenza del marchio e ampie reti di distribuzione.<\/p>\n\n\n\n<ul class=\"wp-block-list\">\n<li><strong>La parete nord:<\/strong> Rinomato per l&#039;abbigliamento e le attrezzature per l&#039;outdoor, The North Face offre una vasta gamma di abbigliamento antipioggia progettato sia per gli appassionati di outdoor che per gli avventurieri urbani. Con particolare attenzione alle prestazioni, alla durata e allo stile,<\/li>\n\n\n\n<li><strong>Abbigliamento sportivo Columbia:<\/strong> Columbia Sportswear \u00e8 un marchio leader a livello mondiale specializzato in abbigliamento outdoor, tra cui giacche antipioggia, pantaloni antipioggia e stivali da pioggia. Con un impegno per qualit\u00e0, funzionalit\u00e0 e sostenibilit\u00e0, Columbia Sportswear si rivolge a varie attivit\u00e0 all&#039;aperto e condizioni meteorologiche, guadagnandosi la fiducia degli appassionati di outdoor in tutto il mondo.<\/li>\n\n\n\n<li><strong>Patagonia:<\/strong> Patagonia \u00e8 rinomata per il suo approccio rispettoso dell&#039;ambiente all&#039;abbigliamento e alle attrezzature per l&#039;outdoor. Il marchio offre una selezione di abbigliamento antipioggia realizzato con materiali riciclati e prodotto utilizzando pratiche di produzione sostenibili. Con particolare attenzione alla durabilit\u00e0, alle prestazioni e all&#039;approvvigionamento etico, Patagonia si rivolge ai consumatori attenti all&#039;ambiente che cercano soluzioni di abbigliamento antipioggia di alta qualit\u00e0.<\/li>\n<\/ul>\n\n\n\n<h2 class=\"wp-block-heading\">Opportunit\u00e0<\/h2>\n\n\n\n<p>Nonostante le sfide poste dal cambiamento delle preferenze dei consumatori e dalle dinamiche del mercato, esistono diverse opportunit\u00e0 per le aziende che operano nel mercato dell\u2019abbigliamento antipioggia. Queste opportunit\u00e0 includono:<\/p>\n\n\n\n<ul class=\"wp-block-list\">\n<li><strong>Espansione in segmenti di nicchia:<\/strong> Businesses can capitalize on niche segments within the rainwear apparel market by targeting specific demographics, geographic regions, or consumer preferences. <\/li>\n\n\n\n<li><strong>Innovazione nel design e nella tecnologia:<\/strong> Le opportunit\u00e0 per le aziende abbondano di innovare nel design e nella tecnologia per creare abbigliamento antipioggia differenziato che soddisfi le esigenze e le preferenze dei consumatori in evoluzione. Investire in ricerca e sviluppo per sviluppare tecnologie proprietarie, materiali sostenibili e design funzionali pu\u00f2 posizionare le aziende come leader di mercato e attrarre consumatori esigenti alla ricerca di soluzioni innovative.<\/li>\n\n\n\n<li><strong>Personalizzazione e personalizzazione:<\/strong> Le aziende possono sfruttare strategie di personalizzazione e personalizzazione per migliorare il coinvolgimento e la fedelt\u00e0 dei clienti nel mercato dell&#039;abbigliamento antipioggia. L&#039;offerta di opzioni personalizzabili, come la scelta dei colori, la regolazione delle taglie o il ricamo personalizzato, consente ai consumatori di creare capi impermeabili unici e su misura che riflettono i loro stili e preferenze individuali.<\/li>\n\n\n\n<li><strong>Collaborazioni e Partenariati:<\/strong> La collaborazione con altri marchi, designer o influencer offre alle aziende l\u2019opportunit\u00e0 di migliorare la visibilit\u00e0 del marchio, raggiungere nuovi segmenti di clienti e stimolare la domanda di abbigliamento antipioggia. Le partnership strategiche con appassionati di outdoor, atleti o sostenitori della sostenibilit\u00e0 possono generare buzz, credibilit\u00e0 e affinit\u00e0 con il marchio tra il pubblico target.<\/li>\n<\/ul>\n\n\n\n<h2 class=\"wp-block-heading\">The SIS Advantage<\/h2>\n\n\n\n<p>SIS International conduce ricerche e analisi di mercato approfondite per fornire alle aziende informazioni utili sulle preferenze dei consumatori, sulle tendenze del mercato, sul panorama competitivo e sulle opportunit\u00e0 emergenti nel mercato dell&#039;abbigliamento antipioggia. Sfruttando una combinazione di metodologie di ricerca qualitativa e quantitativa, forniamo solide informazioni basate sui dati che informano il processo decisionale strategico e guidano la crescita del business.<\/p>\n\n\n\n<ul class=\"wp-block-list\">\n<li><strong>Pianificazione strategica e consulenza:<\/strong> SIS offers strategic planning and consulting services to assist businesses in developing and executing effective <a href=\"https:\/\/www.sisinternational.com\/it\/guerriglia-marketing\/\" title=\"Cos\u2019\u00e8 il Guerrilla Marketing?\"  data-wpil-monitor-id=\"1831\">strategies for success in the rainwear apparel<\/a> market. From market entry strategies to product development roadmaps, our experts provide strategic guidance tailored to each client&#8217;s unique goals, challenges, and market dynamics.<\/li>\n\n\n\n<li><strong>Intelligenza competitiva:<\/strong> SIS International conducts competitive intelligence assessments to help businesses gain a deep understanding of their competitors&#8217; strengths, weaknesses, strategies, and market positioning. <\/li>\n\n\n\n<li><strong>Supporto per l&#039;espansione internazionale:<\/strong> Per le aziende che desiderano espandere la propria presenza sui mercati internazionali, SIS International fornisce un supporto completo, comprese valutazioni di ingresso nel mercato, strategie di localizzazione, linee guida sulla conformit\u00e0 normativa e identificazione dei partner. Grazie alla nostra rete globale di esperti e alla nostra conoscenza del mercato locale, facilitiamo un\u2019espansione internazionale senza soluzione di continuit\u00e0.<\/li>\n<\/ul>\n\n\n\n<p><\/p>","protected":false},"excerpt":{"rendered":"<p>La ricerca di mercato sull\u2019abbigliamento antipioggia studia il settore globale dell\u2019abbigliamento antipioggia, concentrandosi su tendenze, preferenze e progressi tecnologici.<\/p>","protected":false},"author":1,"featured_media":64847,"parent":14514,"menu_order":455,"comment_status":"closed","ping_status":"closed","template":"","meta":{"footnotes":""},"class_list":["post-47728","page","type-page","status-publish","has-post-thumbnail"],"_links":{"self":[{"href":"https:\/\/www.sisinternational.com\/it\/wp-json\/wp\/v2\/pages\/47728","targetHints":{"allow":["GET"]}}],"collection":[{"href":"https:\/\/www.sisinternational.com\/it\/wp-json\/wp\/v2\/pages"}],"about":[{"href":"https:\/\/www.sisinternational.com\/it\/wp-json\/wp\/v2\/types\/page"}],"author":[{"embeddable":true,"href":"https:\/\/www.sisinternational.com\/it\/wp-json\/wp\/v2\/users\/1"}],"replies":[{"embeddable":true,"href":"https:\/\/www.sisinternational.com\/it\/wp-json\/wp\/v2\/comments?post=47728"}],"version-history":[{"count":10,"href":"https:\/\/www.sisinternational.com\/it\/wp-json\/wp\/v2\/pages\/47728\/revisions"}],"predecessor-version":[{"id":80504,"href":"https:\/\/www.sisinternational.com\/it\/wp-json\/wp\/v2\/pages\/47728\/revisions\/80504"}],"up":[{"embeddable":true,"href":"https:\/\/www.sisinternational.com\/it\/wp-json\/wp\/v2\/pages\/14514"}],"wp:featuredmedia":[{"embeddable":true,"href":"https:\/\/www.sisinternational.com\/it\/wp-json\/wp\/v2\/media\/64847"}],"wp:attachment":[{"href":"https:\/\/www.sisinternational.com\/it\/wp-json\/wp\/v2\/media?parent=47728"}],"curies":[{"name":"wp","href":"https:\/\/api.w.org\/{rel}","templated":true}]}}