{"id":47641,"date":"2024-04-18T23:02:21","date_gmt":"2024-04-19T03:02:21","guid":{"rendered":"https:\/\/www.sisinternational.com\/?page_id=47641"},"modified":"2025-10-09T02:04:37","modified_gmt":"2025-10-09T06:04:37","slug":"ai-come-servizio-di-consulenza","status":"publish","type":"page","link":"https:\/\/www.sisinternational.com\/it\/soluzioni\/ai-ricerche-di-mercato-e-consulenza-strategica\/ai-come-servizio-di-consulenza\/","title":{"rendered":"Consulenza sull&#039;intelligenza artificiale come servizio"},"content":{"rendered":"<h1 class=\"wp-block-heading\">Consulenza sull&#039;intelligenza artificiale come servizio<\/h1>\n\n\n\n<figure class=\"gb-block-image gb-block-image-821ddc4c\"><img loading=\"lazy\" decoding=\"async\" width=\"1456\" height=\"816\" class=\"gb-image gb-image-821ddc4c\" src=\"https:\/\/www.sisinternational.com\/wp-content\/uploads\/2025\/08\/AI-12.jpg\" alt=\"Ricerca e strategia di mercato internazionale SIS\" title=\"AI (12)\" srcset=\"https:\/\/www.sisinternational.com\/wp-content\/uploads\/2025\/08\/AI-12.jpg 1456w, https:\/\/www.sisinternational.com\/wp-content\/uploads\/2025\/08\/AI-12-300x168.jpg 300w, https:\/\/www.sisinternational.com\/wp-content\/uploads\/2025\/08\/AI-12-1024x574.jpg 1024w, https:\/\/www.sisinternational.com\/wp-content\/uploads\/2025\/08\/AI-12-768x430.jpg 768w, https:\/\/www.sisinternational.com\/wp-content\/uploads\/2025\/08\/AI-12-18x10.jpg 18w\" sizes=\"auto, (max-width: 1456px) 100vw, 1456px\"><\/figure>\n\n\n\n<h1 class=\"wp-block-heading p1\"><\/h1>\n\n\n\n<h3 class=\"wp-block-heading p1\">La consulenza AI-as-a-service (AIaaS) \u00e8 un potente servizio per le aziende che desiderano sfruttare la potenza dell&#039;intelligenza artificiale per promuovere l&#039;innovazione e la crescita. Oltre a fornire accesso a tecnologie e competenze AI, la consulenza AIaaS aiuta le aziende a sviluppare soluzioni AI che offrono valore aziendale tangibile e vantaggio competitivo.<\/h3>\n\n\n\n<p class=\"p1\">Are you ready to revolutionize your business with AI but need help figuring out where to start? AI-as-a-service consulting emerges as a beacon of innovation, offering companies access to cutting-edge artificial intelligence technologies without the complexities of in-house development.&nbsp;<\/p>\n\n\n\n<h2 class=\"wp-block-heading\">Che cos&#039;\u00e8 la consulenza AI-as-a-Service?<\/h2>\n\n\n\n<p>AIaaS <a href=\"https:\/\/www.sisinternational.com\/it\/soluzioni\/consulenza-per-lospitalita-turistica-turistica\/consulenza-tecnologica-per-hotel-intelligenti\/\" title=\"Consulenza tecnologica per hotel intelligenti\"  data-wpil-monitor-id=\"10397\">consulting provides access to AI technologies<\/a> and expertise on a subscription or pay-as-you-go basis. This type of consulting helps companies leverage AI capabilities without the need for large upfront investments in infrastructure or hiring specialized AI talent.<\/p>\n\n\n\n<p>It helps businesses identify opportunities to use AI to improve their operations, products, or services. So, consultants work closely with clients to understand their business challenges and objectives, and then develop AI solutions that address these needs. This could include using machine learning algorithms to analyze data, <a href=\"https:\/\/www.sisinternational.com\/it\/soluzioni\/ai-ricerche-di-mercato-e-consulenza-strategica\/elaborazione-del-linguaggio-naturale-e-ricerche-di-mercato\/\" title=\"Ricerca di mercato sull\u2019intelligenza artificiale per l\u2019elaborazione del linguaggio naturale\"  data-wpil-monitor-id=\"10378\">natural language processing<\/a> to automate customer interactions, or computer vision to improve visual recognition tasks.<\/p>\n\n\n\n<p>Con la consulenza AI-as-a-Service, le aziende possono ottenere informazioni dettagliate sulle specifiche applicazioni AI in linea con i loro obiettivi, consentendo loro di prendere decisioni informate sull&#039;implementazione. Inoltre, poich\u00e9 l\u2019intelligenza artificiale continua a rivoluzionare i settori, per rimanere competitivi \u00e8 necessario che le aziende siano sempre all\u2019avanguardia. La consulenza AI-as-a-Service offre alle aziende le conoscenze e le competenze necessarie per adottare soluzioni AI che danno loro un vantaggio competitivo.<\/p>\n\n\n\n<h2 class=\"wp-block-heading\">Who Uses This Kind&nbsp; of Consulting<\/h2>\n\n\n\n<figure class=\"gb-block-image gb-block-image-e62a1c01\"><img loading=\"lazy\" decoding=\"async\" width=\"1456\" height=\"816\" class=\"gb-image gb-image-e62a1c01\" src=\"https:\/\/www.sisinternational.com\/wp-content\/uploads\/2025\/08\/AI-2-1.jpg\" alt=\"Ricerca e strategia di mercato internazionale SIS\" title=\"AI 2 (1)\" srcset=\"https:\/\/www.sisinternational.com\/wp-content\/uploads\/2025\/08\/AI-2-1.jpg 1456w, https:\/\/www.sisinternational.com\/wp-content\/uploads\/2025\/08\/AI-2-1-300x168.jpg 300w, https:\/\/www.sisinternational.com\/wp-content\/uploads\/2025\/08\/AI-2-1-1024x574.jpg 1024w, https:\/\/www.sisinternational.com\/wp-content\/uploads\/2025\/08\/AI-2-1-768x430.jpg 768w, https:\/\/www.sisinternational.com\/wp-content\/uploads\/2025\/08\/AI-2-1-18x10.jpg 18w\" sizes=\"auto, (max-width: 1456px) 100vw, 1456px\"><\/figure>\n\n\n\n<p><\/p>\n\n\n\n<p><strong>IT and technology departments<\/strong> within these businesses use these consulting services to understand the technical requirements of AI implementation, evaluate different AI technologies, and develop a roadmap for successful AI integration.<\/p>\n\n\n\n<p><strong>Data scientists and AI <\/strong><a href=\"https:\/\/www.sisinternational.com\/it\/soluzioni\/ricerca-di-consulenza-strategica-fintech\/consulenza-sui-servizi-finanziari-di-ingegneria-delle-vendite\/\" title=\"Ingegneria delle vendite Consulenza per servizi finanziari\"  data-wpil-monitor-id=\"10384\">engineers are key users of consulting services<\/a>, as they work closely with AI consultants to develop and deploy AI solutions.<\/p>\n\n\n\n<p><strong>Executives and decision-makers<\/strong> rely on AI-as-a-Service consulting to understand AI&#8217;s potential impact on their business operations, identify opportunities for AI adoption, and develop strategies for successful AI implementation.<\/p>\n\n\n\n<p><strong>Startup e piccole imprese<\/strong> often lack the resources and expertise to develop AI solutions internally, making them prime users of AI consulting services.<\/p>\n\n\n\n<h2 class=\"wp-block-heading\">Challenges when Conducting AI-as-a-Service Consulting<\/h2>\n\n\n\n<p>Navigare tra le complessit\u00e0 della consulenza AI-as-a-service richiede un&#039;attenzione particolare a diversi fattori critici di successo, ciascuno dei quali contribuisce all&#039;efficacia complessiva e al risultato del coinvolgimento:<\/p>\n\n\n\n<ul class=\"wp-block-list\">\n<li><strong>Obiettivi aziendali chiari:<\/strong> Stabilire obiettivi aziendali chiari e raggiungibili \u00e8 fondamentale per il successo di un impegno di consulenza AI-as-a-service. Senza una comprensione precisa di ci\u00f2 che l\u2019organizzazione intende ottenere attraverso l\u2019integrazione dell\u2019intelligenza artificiale, allineare le soluzioni di intelligenza artificiale con gli obiettivi strategici e misurarne l\u2019impatto in modo efficace diventa difficile.<\/li>\n\n\n\n<li><strong>Solida strategia dei dati:<\/strong> Una solida strategia sui dati costituisce la base per implementazioni di intelligenza artificiale di successo. Ci\u00f2 include garantire la qualit\u00e0, l\u2019accessibilit\u00e0 e la pertinenza dei dati e implementare solide pratiche di governance dei dati per mantenere l\u2019integrit\u00e0 e la conformit\u00e0 dei dati.<\/li>\n\n\n\n<li><strong>Competenza nel dominio:<\/strong> \u00c8 essenziale collaborare con consulenti di AI-as-a-service con competenze di settore rilevanti per il settore e il contesto aziendale dell&#039;organizzazione. Gli esperti di dominio possono fornire informazioni preziose sulle sfide specifiche del settore, sui requisiti normativi e sulle migliori pratiche, consentendo soluzioni IA pi\u00f9 mirate ed efficaci.<\/li>\n\n\n\n<li><strong>Gestione agile del progetto:<\/strong> L\u2019adozione di metodologie agili di gestione dei progetti consente alle organizzazioni di adattarsi rapidamente ai requisiti in evoluzione, dare priorit\u00e0 alle iniziative in base al valore aziendale e fornire soluzioni di intelligenza artificiale in modo iterativo per soddisfare esigenze e feedback in evoluzione.<\/li>\n\n\n\n<li><strong>Valutazione e ottimizzazione continue:<\/strong> Continuous evaluation and optimization of AI models and solutions are essential to ensure their ongoing relevance, effectiveness, and alignment with evolving <a href=\"https:\/\/www.sisinternational.com\/it\/pubblicazioni\/ricerche-di-mercato-per-un-business-scalabile-7-modi-per-costruire-un-business-scalabile\/\" title=\"Ricerche di mercato per aziende scalabili: 7 modi per costruire un business scalabile\"  data-wpil-monitor-id=\"10389\">business objectives and market<\/a> dynamics.<\/li>\n<\/ul>\n\n\n\n<h2 class=\"wp-block-heading\">The benefits of working with SIS International<\/h2>\n\n\n\n<figure class=\"gb-block-image gb-block-image-063f531b\"><img loading=\"lazy\" decoding=\"async\" width=\"1456\" height=\"816\" class=\"gb-image gb-image-063f531b\" src=\"https:\/\/www.sisinternational.com\/wp-content\/uploads\/2025\/08\/AI-10.jpg\" alt=\"Ricerca e strategia di mercato internazionale SIS\" title=\"AI (10)\" srcset=\"https:\/\/www.sisinternational.com\/wp-content\/uploads\/2025\/08\/AI-10.jpg 1456w, https:\/\/www.sisinternational.com\/wp-content\/uploads\/2025\/08\/AI-10-300x168.jpg 300w, https:\/\/www.sisinternational.com\/wp-content\/uploads\/2025\/08\/AI-10-1024x574.jpg 1024w, https:\/\/www.sisinternational.com\/wp-content\/uploads\/2025\/08\/AI-10-768x430.jpg 768w, https:\/\/www.sisinternational.com\/wp-content\/uploads\/2025\/08\/AI-10-18x10.jpg 18w\" sizes=\"auto, (max-width: 1456px) 100vw, 1456px\"><\/figure>\n\n\n\n<h2 class=\"wp-block-heading\"><figure><span style=\"font-family: inherit; font-style: inherit; background-color: rgb(255, 255, 255);\">\u00a0<\/span><\/figure><\/h2>\n\n\n\n<p>SIS offre soluzioni su misura per affrontare le esigenze e le sfide specifiche delle aziende in vari settori. Impegnandosi con SIS International, le organizzazioni possono aspettarsi di ottenere diversi risultati chiave:<\/p>\n\n\n\n<ul class=\"wp-block-list\">\n<li><strong>Maggiore efficienza operativa:<\/strong> SIS International&#8217;s expertise in developing custom AI algorithms and predictive analytics models enables organizations to optimize resource allocation, minimize waste, and improve productivity.<\/li>\n\n\n\n<li><strong>Processo decisionale basato sui dati:<\/strong> SIS International consente alle organizzazioni di sfruttare la potenza dei dati per un processo decisionale informato attraverso analisi avanzate e approfondimenti predittivi. Le tecnologie AI aiutano le aziende a ottenere una visibilit\u00e0 pi\u00f9 approfondita sulle tendenze del mercato, sui comportamenti dei clienti e sulle dinamiche competitive, consentendo loro di prendere decisioni strategiche con sicurezza e agilit\u00e0.<\/li>\n\n\n\n<li><strong>Mitigazione del rischio e conformit\u00e0:<\/strong> SIS International helps organizations mitigate risks and ensure compliance with regulatory requirements through AI-powered risk assessment, fraud detection, and compliance monitoring solutions.<\/li>\n\n\n\n<li><strong>Innovazione e vantaggio competitivo:<\/strong> By partnering with SIS International, organizations gain access to cutting-edge AI technologies and expertise, enabling them to innovate faster, stay ahead of competitors, and seize new market opportunities.<\/li>\n\n\n\n<li><strong>Impatto aziendale misurabile:<\/strong> SIS si impegna a fornire risultati aziendali tangibili e un ROI misurabile per i propri clienti. Attraverso un monitoraggio, un monitoraggio e una valutazione rigorosi delle prestazioni, garantiamo che le soluzioni di intelligenza artificiale siano allineate con gli obiettivi aziendali e forniscano un valore quantificabile in termini di risparmio sui costi, crescita dei ricavi ed eccellenza operativa.<\/li>\n<\/ul>\n\n\n\n<h2 class=\"wp-block-heading\">Technologies Used in AI-as-a-Service Consulting<\/h2>\n\n\n\n<p>Nella consulenza AI-as-a-service, molte tecnologie e strumenti all\u2019avanguardia consentono alle organizzazioni di sfruttare in modo efficace le capacit\u00e0 dell\u2019intelligenza artificiale. Ecco alcune tecnologie e strumenti chiave utilizzati nel settore:<\/p>\n\n\n\n<p><strong>Framework di apprendimento automatico:<\/strong> I framework di machine learning come TensorFlow o PyTorch forniscono le basi per lo sviluppo e l&#039;implementazione di modelli di intelligenza artificiale. Questi framework offrono librerie e API per la creazione di algoritmi di machine learning, dall&#039;apprendimento supervisionato e non supervisionato all&#039;apprendimento per rinforzo.<\/p>\n\n\n\n<p><strong>Strumenti di visualizzazione dei dati:<\/strong> Data visualization tools such as Tableau and Power BI enable organizations to explore and communicate insights derived from AI models effectively. By <a href=\"https:\/\/www.sisinternational.com\/it\/competenza\/industrie\/consulenza-sulla-visualizzazione-dei-dati\/\" title=\"Consulenza sulla visualizzazione dei dati\"  data-wpil-monitor-id=\"10394\">visualizing complex data<\/a> sets in intuitive formats, these tools facilitate decision-making and enhance data-driven storytelling.<\/p>\n\n\n\n<p><strong>API AI-as-a-Service:<\/strong> Le API AI-as-a-service offrono funzionalit\u00e0 AI predefinite che possono essere facilmente integrate nelle applicazioni e nei flussi di lavoro esistenti. API come l&#039;API Google Cloud Vision e i servizi cognitivi di Microsoft Azure forniscono funzionalit\u00e0 come il riconoscimento delle immagini, la conversione da voce a testo e la traduzione linguistica, accelerando l&#039;adozione e l&#039;innovazione dell&#039;intelligenza artificiale.<\/p>\n\n\n\n<h2 class=\"wp-block-heading\">Opportunit\u00e0 di consulenza AI-as-a-service<\/h2>\n\n\n\n<figure class=\"wp-block-image\"><img decoding=\"async\" src=\"https:\/\/www.sisinternational.com\/wp-content\/uploads\/2019\/11\/Artificial-Intelligence-Market-Research.jpg\" alt=\"Ricerche di mercato sull&#039;intelligenza artificiale\" class=\"wp-image-33887\"\/><\/figure>\n\n\n\n<p><\/p>\n\n\n\n<p>L&#039;adozione della consulenza AI-as-a-service offre alle aziende di tutti i settori numerose opportunit\u00e0 per innovare, ottimizzare le operazioni e ottenere un vantaggio competitivo. Alcune opportunit\u00e0 chiave includono:<\/p>\n\n\n\n<ul class=\"wp-block-list\">\n<li><strong>Maggiore efficienza e produttivit\u00e0:<\/strong> AI-driven automation and optimization solutions streamline processes, reduce manual effort, and improve operational efficiency. Through the automation of repetitive tasks, analyzing complex data sets, and optimizing resource allocation, businesses can enhance productivity, minimize costs, and focus on value-added activities.<\/li>\n\n\n\n<li><strong>Mitigazione del rischio e conformit\u00e0:<\/strong> La consulenza AI-as-a-service offre alle aziende funzionalit\u00e0 avanzate di valutazione del rischio, rilevamento delle frodi e monitoraggio della conformit\u00e0. Sfruttando le tecnologie di intelligenza artificiale come l\u2019apprendimento automatico e il rilevamento delle anomalie, le organizzazioni possono identificare potenziali rischi, rilevare attivit\u00e0 fraudolente e garantire la conformit\u00e0 ai requisiti normativi, salvaguardando la propria reputazione e integrit\u00e0 finanziaria.<\/li>\n\n\n\n<li><strong>Innovazione e differenziazione:<\/strong> AI enables businesses to innovate faster, experiment with new ideas, and <a href=\"https:\/\/www.sisinternational.com\/it\/soluzioni\/soluzioni-di-branding-e-ricerca-clienti\/ricerche-di-mercato-sulla-differenziazione-del-marchio\/\" title=\"Ricerche di mercato sulla differenziazione del marchio\"  data-wpil-monitor-id=\"10396\">differentiate themselves in the market<\/a>. With this consulting, organizations can explore novel AI applications, develop custom solutions, and stay ahead of competitors by delivering unique <a href=\"https:\/\/www.sisinternational.com\/it\/what-is-a-value-proposition-canvas-the-game-changing-framework-that-prevents-product-failures\/\" title=\"What Is a Value Proposition Canvas? &#091;The Game-Changing Framework That Prevents Product Failures&#093;\"  data-wpil-monitor-id=\"10386\">value propositions and innovative products<\/a> and services.<\/li>\n<\/ul>\n\n\n\n<h2 class=\"wp-block-heading\"><strong>In che modo la consulenza AI-as-a-service di SIS International aiuta le aziende&nbsp;<\/strong><\/h2>\n\n\n\n<p>SIS International offre soluzioni complete AI-as-a-service progettate per affrontare le sfide delle aziende nell&#039;adozione e nell&#039;utilizzo efficace delle tecnologie AI. Ecco come le soluzioni di SIS International aiutano le aziende a superare le sfide principali:<\/p>\n\n\n\n<ul class=\"wp-block-list\">\n<li><strong>Garanzia della qualit\u00e0 dei dati:<\/strong> <a href=\"https:\/\/www.linkedin.com\/company\/sisinternationalresearch\/\" target=\"_blank\" rel=\"noopener\">SIS<\/a> provides data quality assurance services to ensure the accuracy, completeness, and reliability of data used for AI model training. Through data cleansing, normalization, and validation techniques, we help businesses improve data quality and accessibility, enhancing the effectiveness of AI solutions.<\/li>\n\n\n\n<li><strong>Aumento del talento:<\/strong> SIS augments businesses&#8217; talent pool with skilled AI experts and data scientists with domain expertise and experience developing and deploying AI solutions. When you partner with SIS International, you can access on-demand AI talent and expertise, overcoming the talent gap and accelerating AI adoption.<\/li>\n\n\n\n<li><strong>Sicurezza e conformit\u00e0:<\/strong> SIS International implementa solide misure di sicurezza e quadri di conformit\u00e0 per proteggere i dati sensibili delle aziende e mitigare i rischi per la sicurezza associati all&#039;implementazione dell&#039;intelligenza artificiale. Attraverso la crittografia, i controlli di accesso e i controlli di sicurezza regolari, SIS International aiuta le aziende a proteggersi dalle violazioni dei dati e dalle minacce informatiche.<\/li>\n\n\n\n<li><strong>Strategie di mitigazione dei pregiudizi:<\/strong> SIS International employs bias mitigation strategies and fairness-aware algorithms to address algorithmic bias and fairness issues in AI models. We help businesses ensure equitable outcomes and mitigate risks related to discrimination and bias.<\/li>\n<\/ul>\n\n\n\n<div class=\"is-root-container is-desktop-preview is-layout-flow wp-block-post-content block-editor-block-list__layout\" spellcheck=\"false\">\n<div id=\"block-8365776f-985b-4c8b-a275-40df748019a6\" class=\"block-editor-block-list__block wp-block is-selected wp-block-freeform\" tabindex=\"0\" role=\"document\" aria-label=\"Blocco: Classico\" data-block=\"8365776f-985b-4c8b-a275-40df748019a6\" data-type=\"core\/freeform\" data-title=\"Classic\">\n<div id=\"editor-8365776f-985b-4c8b-a275-40df748019a6\" class=\"wp-block-freeform block-library-rich-text__tinymce mce-content-body html5-captions mce-edit-focus\" contenteditable=\"true\">\n<h2>La nostra sede a New York<\/h2>\n<p><iframe loading=\"lazy\" src=\"https:\/\/www.google.com\/maps\/embed?pb=!1m18!1m12!1m3!1d3022.976188376966!2d-73.99130312499956!3d40.740549471389315!2m3!1f0!2f0!3f0!3m2!1i1024!2i768!4f13.1!3m3!1m2!1s0x89c259a15798c731%3A0xd695d09bdd495f25!2s11%20E%2022nd%20St%20FL%202%2C%20New%20York%2C%20NY%2010010%2C%20USA!5e0!3m2!1sen!2spe!4v1726171763526!5m2!1sen!2spe\" width=\"600\" height=\"450\" allowfullscreen=\"allowfullscreen\" data-mce-fragment=\"1\"><\/iframe><\/p>\n<h3 class=\"wp-block-heading\">11 E 22nd Street, piano 2, New York, NY 10010 T: +1(212) 505-6805<\/h3>\n<hr>\n<h2><span style=\"font-weight: 400;\">A proposito di SIS Internazionale<\/span><\/h2>\n<p><a href=\"https:\/\/www.sisinternational.com\/it\/\"><span style=\"font-weight: 400;\">SIS Internazionale<\/span><\/a><span style=\"font-weight: 400;\">&nbsp;offers Quantitative, Qualitative, and Strategy Research. We provide data, tools, strategies, reports, and insights for decision-making. We also conduct interviews, surveys, focus groups, and other <a href=\"https:\/\/www.sisinternational.com\/it\/quantitative-market-research-methods-and-techniques\/\" title=\"Quantitative Market Research Methods and Techniques\" data-wpil-monitor-id=\"10373\">Market Research methods<\/a> and approaches.<\/span><a href=\"https:\/\/www.sisinternational.com\/it\/sulla-sua-ricerca-internazionale\/contact-sis-international-market-research\/\"><span style=\"font-weight: 400;\">&nbsp;Contattaci<\/span><\/a><span style=\"font-weight: 400;\">&nbsp;per il tuo prossimo progetto di ricerca di mercato.<\/span><\/p>\n<hr><\/div>\n<\/div>\n<\/div>\n\n\n\n<div data-grammarly-part=\"highlights\">\n<div>\n<div>\n<div>\n<div class=\"Jupcl lUmQf inSdx GpjRg\" data-key=\"1000295-3|0-0\" data-grammarly-part=\"highlight\" data-highlight-format=\"enclosing\" data-highlight-color-name=\"blue\">&nbsp;<\/div>\n<\/div>\n<\/div>\n<\/div>\n<\/div>\n\n\n\n<p><\/p>","protected":false},"excerpt":{"rendered":"<p>La consulenza AIaaS offre alle aziende l&#039;accesso alle tecnologie e alle competenze dell&#039;intelligenza artificiale tramite abbonamento o pagamento in base al consumo.<\/p>","protected":false},"author":1,"featured_media":62604,"parent":44406,"menu_order":79,"comment_status":"closed","ping_status":"closed","template":"","meta":{"footnotes":""},"class_list":["post-47641","page","type-page","status-publish","has-post-thumbnail"],"_links":{"self":[{"href":"https:\/\/www.sisinternational.com\/it\/wp-json\/wp\/v2\/pages\/47641","targetHints":{"allow":["GET"]}}],"collection":[{"href":"https:\/\/www.sisinternational.com\/it\/wp-json\/wp\/v2\/pages"}],"about":[{"href":"https:\/\/www.sisinternational.com\/it\/wp-json\/wp\/v2\/types\/page"}],"author":[{"embeddable":true,"href":"https:\/\/www.sisinternational.com\/it\/wp-json\/wp\/v2\/users\/1"}],"replies":[{"embeddable":true,"href":"https:\/\/www.sisinternational.com\/it\/wp-json\/wp\/v2\/comments?post=47641"}],"version-history":[{"count":12,"href":"https:\/\/www.sisinternational.com\/it\/wp-json\/wp\/v2\/pages\/47641\/revisions"}],"predecessor-version":[{"id":81713,"href":"https:\/\/www.sisinternational.com\/it\/wp-json\/wp\/v2\/pages\/47641\/revisions\/81713"}],"up":[{"embeddable":true,"href":"https:\/\/www.sisinternational.com\/it\/wp-json\/wp\/v2\/pages\/44406"}],"wp:featuredmedia":[{"embeddable":true,"href":"https:\/\/www.sisinternational.com\/it\/wp-json\/wp\/v2\/media\/62604"}],"wp:attachment":[{"href":"https:\/\/www.sisinternational.com\/it\/wp-json\/wp\/v2\/media?parent=47641"}],"curies":[{"name":"wp","href":"https:\/\/api.w.org\/{rel}","templated":true}]}}