{"id":47532,"date":"2024-04-15T15:21:21","date_gmt":"2024-04-15T19:21:21","guid":{"rendered":"https:\/\/www.sisinternational.com\/?page_id=47532"},"modified":"2026-01-26T18:57:31","modified_gmt":"2026-01-26T23:57:31","slug":"ricerche-di-mercato-sul-vuoto","status":"publish","type":"page","link":"https:\/\/www.sisinternational.com\/it\/competenza\/ricerche-di-mercato-sul-vuoto\/","title":{"rendered":"Ricerche di mercato sul vuoto"},"content":{"rendered":"<h1 class=\"wp-block-heading\">Ricerche di mercato sul vuoto<\/h1>\n\n\n\n<figure class=\"gb-block-image gb-block-image-01a9fb9f\"><img loading=\"lazy\" decoding=\"async\" width=\"1456\" height=\"816\" class=\"gb-image gb-image-01a9fb9f\" src=\"https:\/\/www.sisinternational.com\/wp-content\/uploads\/2025\/08\/Vacuum-3.jpg\" alt=\"Ricerca e strategia di mercato internazionale SIS\" title=\"Vacuum (3)\" srcset=\"https:\/\/www.sisinternational.com\/wp-content\/uploads\/2025\/08\/Vacuum-3.jpg 1456w, https:\/\/www.sisinternational.com\/wp-content\/uploads\/2025\/08\/Vacuum-3-300x168.jpg 300w, https:\/\/www.sisinternational.com\/wp-content\/uploads\/2025\/08\/Vacuum-3-1024x574.jpg 1024w, https:\/\/www.sisinternational.com\/wp-content\/uploads\/2025\/08\/Vacuum-3-768x430.jpg 768w, https:\/\/www.sisinternational.com\/wp-content\/uploads\/2025\/08\/Vacuum-3-18x10.jpg 18w\" sizes=\"auto, (max-width: 1456px) 100vw, 1456px\"><\/figure>\n\n\n\n<hr class=\"wp-block-separator has-alpha-channel-opacity is-style-dots\"\/>\n\n\n\n<p>Con la crescita della domanda di soluzioni di pulizia efficienti e sostenibili, sfruttare la ricerca di mercato del vuoto diventa essenziale per le parti interessate che mirano a soddisfare le richieste del mercato, ottenere un vantaggio competitivo e contribuire a un futuro pi\u00f9 pulito e pi\u00f9 sano.<\/p>\n\n\n\n<p>Comprendere cosa guida l\u2019evoluzione delle tecnologie del vuoto in risposta alle mutevoli preferenze dei consumatori e alle richieste del settore \u00e8 fondamentale e, sfruttando le conoscenze del mercato, le parti interessate possono stare al passo con i tempi e utilizzare la ricerca di mercato del vuoto come una tabella di marcia pratica per l\u2019innovazione e l\u2019adattamento in un contesto in rapido cambiamento. paesaggio.<\/p>\n\n\n\n<h2 class=\"wp-block-heading\">What Is Vacuum market research?<\/h2>\n\n\n\n<p>La ricerca di mercato del vuoto esamina le tendenze del mercato, le preferenze dei consumatori, le innovazioni tecnologiche, i quadri normativi e le dinamiche competitive all\u2019interno del settore. Conducendo una ricerca approfondita, le aziende ottengono preziose informazioni sul panorama in evoluzione del mercato del vuoto, consentendo loro di prendere decisioni informate riguardo allo sviluppo del prodotto, alle strategie di marketing e alle iniziative di espansione del mercato.<\/p>\n\n\n\n<h2 class=\"wp-block-heading\">Perch\u00e9 \u00e8 importante?<\/h2>\n\n\n\n<p>Vacuum <a href=\"https:\/\/www.sisinternational.com\/it\/competenza\/industrie\/ricerche-di-mercato-sul-deep-learning\/\" title=\"Ricerche di mercato sul deep learning\"  data-wpil-monitor-id=\"6115\">market research gives businesses a deep<\/a> understanding of market dynamics, including consumer behavior, purchasing patterns, and preferences. <\/p>\n\n\n\n<p><a href=\"https:\/\/www.sisinternational.com\/it\/la-pubblicita-televisiva-e-stampata-lascia-il-posto-ai-video-virali-e-ai-social-media-emergenti\/\" title=\"Ricerche di mercato sui video virali\"  data-wpil-monitor-id=\"1826\">Research also helps businesses identify market<\/a> gaps and innovation opportunities. Whether developing more efficient cleaning technologies, enhancing user experience, or creating eco-friendly vacuum solutions, market research guides product development efforts, ensuring that new offerings align with customer needs and preferences.<\/p>\n\n\n\n<p>Through competitive analysis, businesses can identify key players, assess their strengths and weaknesses, and uncover opportunities for differentiation and market positioning. Vacuum market research offers numerous benefits to businesses aiming to thrive in the competitive landscape:<\/p>\n\n\n\n<ul class=\"wp-block-list\">\n<li><strong>Processo decisionale informato:<\/strong> Le ricerche di mercato sul vuoto consentono alle aziende di prendere decisioni informate sullo sviluppo del prodotto, sulle strategie di marketing e sull&#039;allocazione delle risorse fornendo informazioni utili sulle preferenze dei consumatori, sulle tendenze del mercato e sulle dinamiche competitive.<\/li>\n\n\n\n<li><strong>Riduzione dei costi:<\/strong> Condurre ricerche aiuta le aziende a evitare errori costosi identificando tempestivamente potenziali rischi e opportunit\u00e0. Comprendendo la domanda del mercato e le esigenze dei consumatori, le aziende possono allocare le risorse in modo pi\u00f9 efficiente, riducendo gli sprechi e massimizzando il ROI.<\/li>\n\n\n\n<li><strong>Vantaggio competitivo:<\/strong> Con un\u2019analisi completa del mercato, le aziende possono ottenere un vantaggio competitivo rispetto ai rivali offrendo prodotti innovativi, mirando a segmenti di mercato di nicchia e offrendo ai clienti esperienze superiori.<\/li>\n\n\n\n<li><strong>Maggiore efficacia del marketing:<\/strong> Le ricerche di mercato consentono alle aziende di adattare efficacemente i propri sforzi di marketing per entrare in risonanza con il pubblico target. Le aziende possono sviluppare campagne di marketing mirate che generano coinvolgimento e tassi di conversione pi\u00f9 elevati comprendendo le preferenze dei consumatori, i punti critici e i fattori di acquisto.<\/li>\n\n\n\n<li><strong>Adattabilit\u00e0 e agilit\u00e0:<\/strong> In today&#8217;s rapidly evolving business landscape, adaptability is key to success. Vacuum <a href=\"https:\/\/www.sisinternational.com\/it\/soluzioni\/innovazione\/ricerca-di-mercato-agile\/\" title=\"Ricerche di mercato agili\"  data-wpil-monitor-id=\"6114\">market research empowers businesses to stay agile<\/a> by anticipating market shifts, adapting their strategies accordingly, and seizing emerging opportunities.<\/li>\n\n\n\n<li><strong>Soddisfazione del cliente:<\/strong> Le aziende possono migliorare la soddisfazione e la fidelizzazione dei clienti allineando le proprie offerte alle esigenze e alle preferenze dei clienti. Le ricerche di mercato aiutano le aziende a identificare le aree di miglioramento, perfezionare la propria offerta di prodotti e offrire un valore superiore ai clienti.<\/li>\n<\/ul>\n\n\n\n<h2 class=\"wp-block-heading\">Who Uses Vacuum market research?<\/h2>\n\n\n\n<p>Vacuum market research is essential for manufacturers looking to understand market demand, identify emerging trends, and innovate their product offerings. <\/p>\n\n\n\n<p>I rivenditori utilizzano le ricerche di mercato del vuoto per ottimizzare gli assortimenti di prodotti, le strategie di prezzo e le attivit\u00e0 promozionali. Con una conoscenza approfondita delle dinamiche del mercato e del comportamento dei consumatori, i rivenditori possono indirizzare in modo efficace i propri sforzi di marketing, ottimizzare la gestione dell&#039;inventario e migliorare la soddisfazione del cliente.<\/p>\n\n\n\n<p>Gli investitori utilizzano le ricerche di mercato del vuoto per valutare l&#039;attrattiva delle opportunit\u00e0 di investimento nel settore del vuoto. Gli investitori possono prendere decisioni informate su dove allocare il capitale e massimizzare i rendimenti analizzando le tendenze del mercato, i panorami competitivi e le prospettive di crescita.<\/p>\n\n\n\n<h2 class=\"wp-block-heading\">Driver di mercato<\/h2>\n\n\n\n<figure class=\"gb-block-image gb-block-image-f1edef31\"><img loading=\"lazy\" decoding=\"async\" width=\"1456\" height=\"816\" class=\"gb-image gb-image-f1edef31\" src=\"https:\/\/www.sisinternational.com\/wp-content\/uploads\/2025\/08\/Vacuum-2.jpg\" alt=\"Ricerca e strategia di mercato internazionale SIS\" title=\"Vacuum (2)\" srcset=\"https:\/\/www.sisinternational.com\/wp-content\/uploads\/2025\/08\/Vacuum-2.jpg 1456w, https:\/\/www.sisinternational.com\/wp-content\/uploads\/2025\/08\/Vacuum-2-300x168.jpg 300w, https:\/\/www.sisinternational.com\/wp-content\/uploads\/2025\/08\/Vacuum-2-1024x574.jpg 1024w, https:\/\/www.sisinternational.com\/wp-content\/uploads\/2025\/08\/Vacuum-2-768x430.jpg 768w, https:\/\/www.sisinternational.com\/wp-content\/uploads\/2025\/08\/Vacuum-2-18x10.jpg 18w\" sizes=\"auto, (max-width: 1456px) 100vw, 1456px\"><\/figure>\n\n\n\n<p><\/p>\n\n\n\n<p>Numerosi fattori e tendenze chiave influenzano il settore del vuoto, modellando le dinamiche del mercato e guidando l\u2019innovazione. Comprendere questi fattori \u00e8 fondamentale affinch\u00e9 le aziende possano identificare le opportunit\u00e0 e affrontare le sfide in modo efficace.<\/p>\n\n\n\n<ul class=\"wp-block-list\">\n<li><strong>Progressi tecnologici:<\/strong> I continui progressi nella tecnologia del vuoto, tra cui una migliore potenza di aspirazione, sistemi di filtraggio e funzionalit\u00e0 intelligenti, stanno guidando la crescita del mercato.<\/li>\n\n\n\n<li><strong>Crescente consapevolezza della qualit\u00e0 dell\u2019aria interna:<\/strong> The increasing awareness of indoor air quality and its impact on health has driven demand for high-performance vacuum cleaners with advanced filtration systems.<\/li>\n\n\n\n<li><strong>Passaggio verso soluzioni sostenibili:<\/strong> C\u2019\u00e8 una tendenza crescente verso gli aspirapolvere ecologici ed efficienti dal punto di vista energetico poich\u00e9 i consumatori danno priorit\u00e0 alla sostenibilit\u00e0 e alla responsabilit\u00e0 ambientale.<\/li>\n\n\n\n<li><strong>Aumento dell\u2019integrazione della casa intelligente:<\/strong> L\u2019integrazione degli aspirapolvere con ecosistemi domestici intelligenti e assistenti a comando vocale sta guadagnando terreno. Gli aspirapolvere intelligenti con connettivit\u00e0 Wi-Fi e comandi vocali offrono maggiore comodit\u00e0 e automazione, attirando i consumatori esperti di tecnologia che cercano soluzioni domestiche interconnesse.<\/li>\n\n\n\n<li><strong>Espansione del mercato nelle economie emergenti:<\/strong> L\u2019industria del vuoto sta assistendo a una crescita significativa nelle economie emergenti, guidata dall\u2019aumento dei redditi disponibili, dall\u2019urbanizzazione e dai cambiamenti dello stile di vita.<\/li>\n<\/ul>\n\n\n\n<h2 class=\"wp-block-heading\">The Benefits of Working with SIS<\/h2>\n\n\n\n<p>SIS International offre servizi di consulenza completi su misura per le esigenze e le sfide specifiche delle aziende che operano nel mercato del vuoto. Sfruttando la propria esperienza nel settore, le capacit\u00e0 di ricerca di mercato e le intuizioni strategiche, SIS mira a fornire risultati tangibili e promuovere la crescita del business per i propri clienti. Ecco alcuni risultati attesi dai servizi di consulenza di SIS International nel mercato del vuoto:<\/p>\n\n\n\n<ul class=\"wp-block-list\">\n<li><strong>Approfondimenti e analisi di mercato:<\/strong> We conduct in-depth market research and analysis to provide clients with valuable insights into market trends, consumer behavior, the competitive landscape, and emerging opportunities within the vacuum industry. <\/li>\n\n\n\n<li><strong>Pianificazione strategica e posizionamento:<\/strong> Il nostro team assiste i clienti nello sviluppo di piani strategici e strategie di posizionamento per migliorare il loro vantaggio competitivo e rafforzare la loro presenza sul mercato. Sia che si tratti di entrare in nuovi segmenti di mercato, di espandersi in nuove regioni geografiche o di diversificare l&#039;offerta di prodotti.<\/li>\n\n\n\n<li><strong>Sviluppo e innovazione del prodotto:<\/strong> SIS International collabora con i clienti per promuovere iniziative di sviluppo e innovazione dei prodotti che soddisfino le esigenze e le preferenze dei consumatori in evoluzione. Aiutiamo i clienti a identificare opportunit\u00e0 di miglioramento dei prodotti, lancio di nuovi prodotti e strategie di differenziazione per stare al passo con la concorrenza.<\/li>\n\n\n\n<li><strong>Intelligenza competitiva e benchmarking:<\/strong> SIS conducts competitive intelligence and benchmarking analyses to help clients benchmark their performance against industry peers, identify competitive threats, and capitalize on competitive advantages. <\/li>\n\n\n\n<li><strong>Segmentazione e targeting del mercato:<\/strong> SIS International assiste i clienti nell&#039;identificazione e nel targeting di segmenti di mercato chiave con strategie di marketing e messaggi su misura. I nostri esperti aiutano i clienti a perfezionare il loro pubblico target, ottimizzare le campagne di marketing e allocare le risorse in modo pi\u00f9 efficace per favorire l&#039;acquisizione e la fidelizzazione dei clienti.<\/li>\n\n\n\n<li><strong>Minaccia dei nuovi arrivati:<\/strong> Il mercato dell\u2019aspirapolvere presenta una moderata minaccia di nuovi entranti. Mentre le barriere all\u2019ingresso, come il riconoscimento del marchio, i canali di distribuzione e le economie di scala, possono scoraggiare nuovi attori, i progressi nella tecnologia e nei processi produttivi possono abbassare queste barriere. Inoltre, mercati o segmenti di nicchia all\u2019interno del settore del vuoto possono attrarre nuovi operatori che cercano di trarre vantaggio dalle esigenze specializzate dei consumatori.<\/li>\n\n\n\n<li><strong>Potere contrattuale dei fornitori:<\/strong> I fornitori nel mercato del vuoto detengono un potere contrattuale da moderato ad elevato. Alcuni produttori possono fornire componenti e materiali chiave utilizzati nella produzione del vuoto, come motori, filtri e plastica. Di conseguenza, i fornitori possono esercitare un\u2019influenza su prezzi, qualit\u00e0 e tempi di consegna.<\/li>\n\n\n\n<li><strong>Potere contrattuale degli acquirenti:<\/strong> <a href=\"https:\/\/www.sisinternational.com\/it\/competenza\/industrie\/ricerca-di-mercato-sullintenzione-dellacquirente\/\" title=\"Ricerche di mercato sulle intenzioni dell&#039;acquirente\"  data-wpil-monitor-id=\"7174\">Buyers in the vacuum market<\/a> have moderate bargaining power. While individual consumers may have limited bargaining power due to the availability of substitutes and price competition among brands, bulk buyers such as retailers and distributors may negotiate favorable terms and discounts based on order volumes.<\/li>\n\n\n\n<li><strong>Minaccia di sostituti:<\/strong> La minaccia di sostituti nel mercato del vuoto \u00e8 moderata. Soluzioni di pulizia alternative, come scope, spazzoloni e aspirapolvere robotici, minacciano gli aspirapolvere tradizionali. Tuttavia, la comodit\u00e0, l\u2019efficienza e le prestazioni offerte dagli aspirapolvere, soprattutto in applicazioni specializzate come la pulizia dei tappeti o la rimozione dei peli degli animali domestici, mitigano la minaccia dei sostituti.<\/li>\n\n\n\n<li><strong>Intensit\u00e0 della rivalit\u00e0 competitiva:<\/strong> La rivalit\u00e0 competitiva nel mercato del vuoto \u00e8 elevata. Numerosi marchi affermati ed emergenti competono per quote di mercato attraverso la differenziazione dei prodotti, strategie di prezzo e campagne di marketing. L\u2019intensa competizione spinge all\u2019innovazione e allo sviluppo dei prodotti, ma mette anche pressione sui margini di profitto.<\/li>\n<\/ul>\n\n\n\n<p><\/p>","protected":false},"excerpt":{"rendered":"<p>La ricerca di mercato del vuoto analizza le tendenze e la concorrenza del settore, comprese le preferenze dei consumatori, la tecnologia e le normative.<\/p>","protected":false},"author":1,"featured_media":63614,"parent":14514,"menu_order":446,"comment_status":"closed","ping_status":"closed","template":"","meta":{"footnotes":""},"class_list":["post-47532","page","type-page","status-publish","has-post-thumbnail"],"_links":{"self":[{"href":"https:\/\/www.sisinternational.com\/it\/wp-json\/wp\/v2\/pages\/47532","targetHints":{"allow":["GET"]}}],"collection":[{"href":"https:\/\/www.sisinternational.com\/it\/wp-json\/wp\/v2\/pages"}],"about":[{"href":"https:\/\/www.sisinternational.com\/it\/wp-json\/wp\/v2\/types\/page"}],"author":[{"embeddable":true,"href":"https:\/\/www.sisinternational.com\/it\/wp-json\/wp\/v2\/users\/1"}],"replies":[{"embeddable":true,"href":"https:\/\/www.sisinternational.com\/it\/wp-json\/wp\/v2\/comments?post=47532"}],"version-history":[{"count":10,"href":"https:\/\/www.sisinternational.com\/it\/wp-json\/wp\/v2\/pages\/47532\/revisions"}],"predecessor-version":[{"id":80737,"href":"https:\/\/www.sisinternational.com\/it\/wp-json\/wp\/v2\/pages\/47532\/revisions\/80737"}],"up":[{"embeddable":true,"href":"https:\/\/www.sisinternational.com\/it\/wp-json\/wp\/v2\/pages\/14514"}],"wp:featuredmedia":[{"embeddable":true,"href":"https:\/\/www.sisinternational.com\/it\/wp-json\/wp\/v2\/media\/63614"}],"wp:attachment":[{"href":"https:\/\/www.sisinternational.com\/it\/wp-json\/wp\/v2\/media?parent=47532"}],"curies":[{"name":"wp","href":"https:\/\/api.w.org\/{rel}","templated":true}]}}