{"id":47523,"date":"2024-04-15T15:08:36","date_gmt":"2024-04-15T19:08:36","guid":{"rendered":"https:\/\/www.sisinternational.com\/?page_id=47523"},"modified":"2026-01-26T17:06:15","modified_gmt":"2026-01-26T22:06:15","slug":"consulenza-sui-pagamenti-in-asia","status":"publish","type":"page","link":"https:\/\/www.sisinternational.com\/it\/copertura\/ricerche-di-mercato-asiatiche\/consulenza-sui-pagamenti-in-asia\/","title":{"rendered":"Consulenza sui pagamenti in Asia"},"content":{"rendered":"<h1 class=\"wp-block-heading\">Consulenza sui pagamenti in Asia<\/h1>\n\n\n\n<figure class=\"gb-block-image gb-block-image-46320632\"><img loading=\"lazy\" decoding=\"async\" width=\"1456\" height=\"816\" class=\"gb-image gb-image-46320632\" src=\"https:\/\/www.sisinternational.com\/wp-content\/uploads\/2025\/08\/Multicultural-Advertising-Services-for-a-Famous-Peer-to-Peer-Payments-Technology-Company.jpg\" alt=\"Ricerca e strategia di mercato internazionale SIS\" title=\"Servizi pubblicitari multiculturali per una famosa azienda tecnologica di pagamenti peer-to-peer\" srcset=\"https:\/\/www.sisinternational.com\/wp-content\/uploads\/2025\/08\/Multicultural-Advertising-Services-for-a-Famous-Peer-to-Peer-Payments-Technology-Company.jpg 1456w, https:\/\/www.sisinternational.com\/wp-content\/uploads\/2025\/08\/Multicultural-Advertising-Services-for-a-Famous-Peer-to-Peer-Payments-Technology-Company-300x168.jpg 300w, https:\/\/www.sisinternational.com\/wp-content\/uploads\/2025\/08\/Multicultural-Advertising-Services-for-a-Famous-Peer-to-Peer-Payments-Technology-Company-1024x574.jpg 1024w, https:\/\/www.sisinternational.com\/wp-content\/uploads\/2025\/08\/Multicultural-Advertising-Services-for-a-Famous-Peer-to-Peer-Payments-Technology-Company-768x430.jpg 768w, https:\/\/www.sisinternational.com\/wp-content\/uploads\/2025\/08\/Multicultural-Advertising-Services-for-a-Famous-Peer-to-Peer-Payments-Technology-Company-18x10.jpg 18w\" sizes=\"auto, (max-width: 1456px) 100vw, 1456px\"><\/figure>\n\n\n\n<hr class=\"wp-block-separator has-alpha-channel-opacity is-style-dots\"\/>\n\n\n\n<h3 class=\"wp-block-heading\">With the right guidance, companies can navigate the diverse financial landscape, align their offerings with consumer needs, and capitalize on emerging payment technologies that are reshaping the industry.<\/h3>\n\n\n\n<p>Con una profonda esperienza nei mercati locali, nel panorama normativo e nei progressi tecnologici, la nostra consulenza sui pagamenti in Asia consente alle organizzazioni di ottimizzare le strategie di pagamento, migliorare l&#039;esperienza dei clienti e sbloccare tutto il potenziale del panorama dei pagamenti asiatico, dinamico e in rapida evoluzione.<\/p>\n\n\n\n<h2 class=\"wp-block-heading\">What Is Asia Payments Consulting?<\/h2>\n\n\n\n<p>Asia Payments Consulting helps businesses understand and adapt to the evolving payments landscape in Asia. It includes insights into digital payment systems, consumer preferences, and regulatory environments across different countries in the region.<\/p>\n\n\n\n<h2 class=\"wp-block-heading\">Why Is Asia Payments Consulting Important Today?<\/h2>\n\n\n\n<p><a href=\"https:\/\/www.sisinternational.com\/it\/copertura\/ricerche-di-mercato-asiatiche\/consulenza-e-commerce-in-asia\/\" title=\"Consulenza sull&#039;e-commerce in Asia\"  data-wpil-monitor-id=\"3912\">Asia payments consulting<\/a> stands at the forefront of this transformative landscape, offering strategic guidance and tailored solutions to businesses navigating the complexities of payment ecosystems across the region.<\/p>\n\n\n\n<p>Dai pagamenti mobili e la tecnologia blockchain all\u2019intelligenza artificiale e alla biometria, per rimanere competitivi \u00e8 necessario abbracciare e sfruttare questi progressi. Le societ\u00e0 di consulenza sui pagamenti asiatiche forniscono approfondimenti sulle tendenze e sulle tecnologie emergenti, aiutando le aziende a rimanere al passo con i tempi e a sfruttare nuove opportunit\u00e0.<\/p>\n\n\n\n<p>Furthermore, Asia payments consulting firms offer localized expertise and market insights, enabling businesses to tailor their strategies to specific markets and effectively penetrate new territories. This consulting specializes in identifying inefficiencies, implementing best practices, and leveraging technology to improve operational performance. By optimizing payment processes, businesses can reduce costs, minimize errors, and enhance scalability.<\/p>\n\n\n\n<p>Tuttavia, apporta molti altri vantaggi, tra cui:<\/p>\n\n\n\n<ul class=\"wp-block-list\">\n<li><strong>Guida strategica:<\/strong> La consulenza sui pagamenti in Asia fornisce una guida strategica su misura per le esigenze e gli obiettivi specifici di ciascun cliente.<\/li>\n\n\n\n<li><strong>Conformit\u00e0 normativa:<\/strong> Questa consulenza aiuta i clienti a conformarsi alle normative pertinenti, garantendo che operino nel rispetto della legge ed evitino sanzioni costose.<\/li>\n\n\n\n<li><strong>Integrazione tecnologica:<\/strong> Consulting helps businesses stay ahead by guiding the adoption and integration of cutting-edge technologies that drive innovation and enhance customer experiences.<\/li>\n\n\n\n<li><strong>Efficienza operativa:<\/strong> L\u2019ottimizzazione dei processi di pagamento e il miglioramento dell\u2019efficienza operativa sono priorit\u00e0 fondamentali per le aziende che cercano un vantaggio competitivo. Le societ\u00e0 di consulenza sui pagamenti asiatiche identificano le inefficienze, semplificano i flussi di lavoro e implementano le migliori pratiche per migliorare le prestazioni operative e favorire risparmi sui costi.<\/li>\n<\/ul>\n\n\n\n<h2 class=\"wp-block-heading\">Who Uses Our Asia Payments Consulting Services<\/h2>\n\n\n\n<p>Financial Institutions rely on this consulting to navigate regulatory requirements, optimize operational processes, and capitalize on emerging trends and technologies in the payment industry. Fintech Startups also turn to <a href=\"https:\/\/www.sisinternational.com\/it\/soluzioni\/ricerca-di-consulenza-strategica-fintech\/fintech-vai-alla-consulenza-di-mercato\/\" title=\"Consulenza Go-To-Market FinTech\"  data-wpil-monitor-id=\"5877\">Asia payments consulting<\/a> for strategic guidance on market entry strategies, product development, and technology adoption. These firms help fintech startups navigate regulatory hurdles, forge strategic partnerships, and gain a competitive edge in the rapidly evolving landscape.<\/p>\n\n\n\n<p>Inoltre, le aziende di e-commerce necessitano di competenze specializzate per migliorare le proprie capacit\u00e0 di pagamento, migliorare l&#039;esperienza dei clienti e aumentare i tassi di conversione. Le societ\u00e0 di consulenza sui pagamenti asiatiche forniscono approfondimenti sulle tendenze dei pagamenti, sulle strategie di prevenzione delle frodi e sulle soluzioni di pagamento transfrontaliere su misura per il settore dell\u2019e-commerce.<\/p>\n\n\n\n<p>Inoltre, rivenditori e commercianti sfruttano la consulenza sui pagamenti in Asia per ottimizzare i processi di pagamento, ridurre i costi di transazione e migliorare la soddisfazione del cliente. Queste aziende aiutano i rivenditori a implementare soluzioni di pagamento omnicanale, programmi fedelt\u00e0 e opzioni di pagamento mobile per rimanere competitivi nell\u2019era digitale.<\/p>\n\n\n\n<h2 class=\"wp-block-heading\">Expected Results of Our Asia Payments Consulting Services<\/h2>\n\n\n\n<p>I servizi di consulenza sui pagamenti asiatici di SIS International forniscono una serie di risultati attesi alle aziende della regione. Ecco uno sguardo pi\u00f9 da vicino ai fattori chiave:<\/p>\n\n\n\n<ul class=\"wp-block-list\">\n<li><strong>Conformit\u00e0 normativa migliorata:<\/strong> L&#039;esperienza di SIS International nell&#039;affrontare il complesso panorama normativo asiatico garantisce che i clienti rimangano conformi alle normative pertinenti, riducendo al minimo il rischio di multe e sanzioni e promuovendo al tempo stesso fiducia e credibilit\u00e0 nei confronti delle autorit\u00e0 di regolamentazione.<\/li>\n\n\n\n<li><strong>Migliore penetrazione nel mercato:<\/strong> Fornendo informazioni utili sul mercato e una guida strategica, SIS consente ai clienti di penetrare in nuovi mercati in modo efficace, identificare opportunit\u00e0 di crescita e ottenere un vantaggio competitivo rispetto ai rivali.<\/li>\n\n\n\n<li><strong>Maggiore efficienza operativa:<\/strong> Attraverso l&#039;ottimizzazione dei processi e l&#039;integrazione della tecnologia, aiutiamo i clienti a semplificare le operazioni di pagamento, ridurre i costi e migliorare l&#039;efficienza complessiva, migliorando la redditivit\u00e0 e la scalabilit\u00e0.<\/li>\n\n\n\n<li><strong>Migliori esperienze dei clienti:<\/strong> L&#039;attenzione di SIS International nel miglioramento dell&#039;esperienza del cliente garantisce che i clienti offrano esperienze di pagamento fluide e senza attriti che promuovano la soddisfazione, la fedelt\u00e0 e la fidelizzazione del cliente.<\/li>\n\n\n\n<li><strong>Soluzioni innovative:<\/strong> Sfruttando tecnologie all&#039;avanguardia e migliori pratiche, SIS International sviluppa soluzioni di pagamento innovative che soddisfano le esigenze e le preferenze in continua evoluzione dei consumatori, posizionando i clienti come leader nel panorama dei pagamenti in rapida evoluzione.<\/li>\n<\/ul>\n\n\n\n<h2 class=\"wp-block-heading\">Opportunit\u00e0<\/h2>\n\n\n\n<figure class=\"wp-block-image\"><img decoding=\"async\" src=\"https:\/\/www.sisinternational.com\/wp-content\/uploads\/2018\/11\/Payment-Technology-Market-Research.jpg\" alt=\"Ricerca e strategia di mercato internazionale SIS\" class=\"wp-image-28331\"><\/figure>\n\n\n\n<p><\/p>\n\n\n\n<p>Il panorama asiatico della consulenza sui pagamenti presenta molte opportunit\u00e0 per le aziende che desiderano prosperare nel mercato dinamico della regione. Alcuni dei fattori chiave che guidano queste opportunit\u00e0 includono:<\/p>\n\n\n\n<ul class=\"wp-block-list\">\n<li><strong>Mercato dell\u2019e-commerce in espansione:<\/strong> Il fiorente mercato dell\u2019e-commerce in Asia offre alle aziende significative opportunit\u00e0 per migliorare le proprie capacit\u00e0 di pagamento e acquisire una quota maggiore di transazioni online.<\/li>\n\n\n\n<li><strong>Espansione transfrontaliera:<\/strong> As businesses globalize, there is a growing demand for <a href=\"https:\/\/www.sisinternational.com\/it\/soluzioni\/ricerca-di-consulenza-strategica-fintech\/consulenza-sul-caveau-dei-pagamenti\/\" title=\"Consulenza sul caveau dei pagamenti\"  data-wpil-monitor-id=\"4804\">consulting services that support cross-border payment<\/a> operations and expansion into new markets.<\/li>\n\n\n\n<li><strong>Esperienza cliente migliorata:<\/strong> In un mercato sempre pi\u00f9 competitivo, le aziende migliorano l\u2019esperienza dei clienti per incentivare la fidelizzazione e la fidelizzazione.<\/li>\n<\/ul>\n\n\n\n<h2 class=\"wp-block-heading\">Sfide<\/h2>\n\n\n\n<p>Sebbene il settore asiatico della consulenza sui pagamenti offra numerose opportunit\u00e0 di business, presenta anche sfide che devono essere affrontate in modo efficace. Alcune sfide chiave includono:<\/p>\n\n\n\n<ul class=\"wp-block-list\">\n<li><strong>Complessit\u00e0 normativa:<\/strong> Il panorama normativo asiatico \u00e8 altamente frammentato, con le normative di ciascun paese che regolano il settore dei pagamenti. Muoversi in questo complesso contesto normativo pu\u00f2 essere difficile per le aziende che operano in pi\u00f9 giurisdizioni.<\/li>\n\n\n\n<li><strong>Problemi di sicurezza:<\/strong> Con la crescente prevalenza di minacce informatiche e violazioni dei dati, la sicurezza \u00e8 una preoccupazione significativa per le aziende che operano nel settore dei pagamenti. Garantire la sicurezza e l\u2019integrit\u00e0 delle transazioni di pagamento richiede solide misure di sicurezza informatica, conformit\u00e0 agli standard di settore come PCI DSS, monitoraggio continuo e valutazione dei rischi.<\/li>\n\n\n\n<li><strong>Frammentazione del mercato:<\/strong> <a href=\"https:\/\/www.sisinternational.com\/it\/la-voce-dei-consumatori-indiani\/\" title=\"La voce dei consumatori indiani\"  data-wpil-monitor-id=\"2438\">Asia&#8217;s<\/a> diverse markets present unique challenges for businesses seeking to expand their regional payment operations regarding consumer preferences, cultural norms, and infrastructure development, which can complicate market entry and localization efforts.<\/li>\n<\/ul>\n\n\n\n<h2 class=\"wp-block-heading\">Analisi SWOT<\/h2>\n\n\n\n<figure class=\"wp-block-image\"><img decoding=\"async\" src=\"https:\/\/www.sisinternational.com\/wp-content\/uploads\/2019\/03\/China-Payment-Tech-Market-Research-FinTech.jpg\" alt=\"Ricerche di mercato sulla tecnologia dei pagamenti in Cina FinTech\" class=\"wp-image-31110\"\/><\/figure>\n\n\n\n<p><\/p>\n\n\n\n<p>Un&#039;analisi SWOT fornisce una panoramica completa dei punti di forza, di debolezza, delle opportunit\u00e0 e delle minacce di un settore nel settore della consulenza sui pagamenti in Asia:<\/p>\n\n\n\n<h3 class=\"wp-block-heading\"><strong>Punti di forza<\/strong><\/h3>\n\n\n\n<ul class=\"wp-block-list\">\n<li><strong>Domanda crescente:<\/strong> La regione Asia-Pacifico sta vivendo una rapida crescita economica, determinando una maggiore domanda di servizi di consulenza in vari settori, compresi i pagamenti.<\/li>\n\n\n\n<li><strong>Innovazione tecnologica:<\/strong> La regione \u00e8 un focolaio di innovazione tecnologica e offre opportunit\u00e0 alle societ\u00e0 di consulenza sui pagamenti di sfruttare tecnologie all\u2019avanguardia per promuovere l\u2019innovazione e l\u2019efficienza.<\/li>\n\n\n\n<li><strong>Posizione strategica:<\/strong> L\u2019Asia \u00e8 un hub per le operazioni commerciali globali, fornendo alle societ\u00e0 di consulenza l\u2019accesso a una vasta gamma di clienti e mercati.<\/li>\n<\/ul>\n\n\n\n<h3 class=\"wp-block-heading\"><strong>Punti deboli<\/strong><\/h3>\n\n\n\n<ul class=\"wp-block-list\">\n<li><strong>Complessit\u00e0 normativa:<\/strong> Il contesto normativo frammentato in Asia pone sfide alle societ\u00e0 di consulenza sui pagamenti, richiedendo risorse e competenze significative per garantire la conformit\u00e0 in pi\u00f9 giurisdizioni.<\/li>\n\n\n\n<li><strong>Competizione intensa:<\/strong> Il settore della consulenza sui pagamenti in Asia \u00e8 altamente competitivo, con numerosi attori in lizza per quote di mercato. Differenziarsi in un mercato cos\u00ec affollato pu\u00f2 essere difficile.<\/li>\n\n\n\n<li><strong>Acquisizione di talenti:<\/strong> Acquisire e trattenere i migliori talenti con le competenze necessarie nei pagamenti e nella tecnologia pu\u00f2 essere difficile per le societ\u00e0 di consulenza in Asia, in particolare in un contesto di crescente concorrenza per professionisti qualificati.<\/li>\n<\/ul>\n\n\n\n<h3 class=\"wp-block-heading\"><strong>Opportunit\u00e0<\/strong><\/h3>\n\n\n\n<ul class=\"wp-block-list\">\n<li><strong>Trasformazione digitale:<\/strong> La trasformazione digitale delle imprese e delle economie in Asia presenta opportunit\u00e0 significative per le societ\u00e0 di consulenza sui pagamenti per assistere i clienti nell\u2019adozione di soluzioni di pagamento digitali e nel miglioramento delle loro capacit\u00e0 digitali.<\/li>\n\n\n\n<li><strong>Crescita dell\u2019e-commerce:<\/strong> The booming e-commerce market in <a href=\"https:\/\/www.sisinternational.com\/it\/soluzioni\/e-la-crescita-globale\/consulenza-sulla-crescita\/\" title=\"Consulenza sulla crescita\"  data-wpil-monitor-id=\"6401\">Asia offers opportunities for payments consulting<\/a> firms to provide specialized services to online retailers, including payment gateway integration, fraud prevention, and cross-border payment solutions.<\/li>\n\n\n\n<li><strong>Mercati emergenti:<\/strong> La rapida crescita dei mercati asiatici emergenti come India, Indonesia e Vietnam offre opportunit\u00e0 non sfruttate per le societ\u00e0 di consulenza sui pagamenti per espandere la propria base di clienti e stabilire una presenza in nuovi mercati.<\/li>\n<\/ul>\n\n\n\n<h3 class=\"wp-block-heading\"><strong>Minacce<\/strong><\/h3>\n\n\n\n<ul class=\"wp-block-list\">\n<li><strong>Rischi normativi:<\/strong> I cambiamenti nelle normative o nei requisiti di conformit\u00e0 potrebbero comportare rischi per le societ\u00e0 di consulenza sui pagamenti, richiedendo loro di adattarsi rapidamente per garantire la conformit\u00e0 continua e ridurre al minimo potenziali interruzioni delle loro operazioni.<\/li>\n\n\n\n<li><strong>Minacce alla sicurezza informatica:<\/strong> La crescente prevalenza di minacce informatiche e violazioni dei dati pone rischi alle societ\u00e0 di consulenza sui pagamenti e ai loro clienti, evidenziando l\u2019importanza di solide misure di sicurezza informatica e pratiche di gestione del rischio.<\/li>\n\n\n\n<li><strong>Tecnologia distruttiva:<\/strong> Tecnologie dirompenti come blockchain e criptovaluta hanno il potenziale per rimodellare il panorama dei pagamenti in Asia, ponendo sia opportunit\u00e0 che minacce ai metodi di pagamento tradizionali e alle societ\u00e0 di consulenza che operano nel settore.<\/li>\n<\/ul>\n\n\n\n<h2 class=\"wp-block-heading\">How SIS International Asia Payments Consulting Helps Businesses<\/h2>\n\n\n\n<p>I servizi di consulenza sui pagamenti asiatici di SIS International sono progettati per affrontare le sfide e le opportunit\u00e0 uniche che devono affrontare le aziende che operano nel panorama dinamico dei pagamenti della regione. Ecco come il SIS pu\u00f2 aiutare le aziende:<\/p>\n\n\n\n<ul class=\"wp-block-list\">\n<li><strong>Consulenza strategica:<\/strong> <a href=\"https:\/\/medium.com\/@sisinternational\/sis-international-c17160da8fac\" target=\"_blank\" rel=\"noopener\"><span style=\"font-weight: 400;\">SIS<\/span><\/a> provides strategic advisory services tailored to each client&#8217;s needs and objectives. We help businesses develop and execute effective strategies to drive growth, innovation, and competitive advantage in the Asia-Pacific payment market by drawing on deep industry expertise and market insights.<\/li>\n\n\n\n<li><strong>Conformit\u00e0 normativa:<\/strong> Con una conoscenza approfondita del panorama normativo asiatico, SIS International aiuta le aziende a orientarsi tra requisiti normativi complessi e garantire la conformit\u00e0 alle leggi e agli standard pertinenti. Dalle valutazioni normative agli audit di conformit\u00e0 e alle strategie di gestione del rischio, SIS International assiste i clienti nella mitigazione dei rischi normativi e nel mantenimento della fiducia e della credibilit\u00e0 con le autorit\u00e0 di regolamentazione.<\/li>\n\n\n\n<li><strong>Integrazione tecnologica:<\/strong> Il SIS aiuta le aziende a sfruttare tecnologie all&#039;avanguardia per migliorare le capacit\u00e0 di pagamento e promuovere l&#039;innovazione. Che si tratti di implementare soluzioni di pagamento mobile, adottare la tecnologia blockchain o migliorare le misure di sicurezza informatica, il nostro team fornisce guida e supporto esperti per aiutare i clienti a rimanere al passo con i tempi.<\/li>\n\n\n\n<li><strong>Informazioni sul mercato:<\/strong> SIS International offre preziose informazioni e approfondimenti sul mercato per aiutare le aziende a prendere decisioni informate e a sfruttare le opportunit\u00e0 emergenti nel mercato dei pagamenti dell&#039;Asia-Pacifico. Dall&#039;analisi del comportamento dei consumatori al benchmarking della concorrenza e alla previsione delle tendenze, SIS fornisce ai clienti le conoscenze e gli strumenti di cui hanno bisogno per avere successo in un panorama in rapida evoluzione.<\/li>\n\n\n\n<li><strong>Ottimizzazione operativa:<\/strong>&nbsp;<a href=\"https:\/\/www.linkedin.com\/company\/sisinternationalresearch\/\" target=\"_blank\" rel=\"noopener\"><span style=\"font-weight: 400;\">SIS Internazionale<\/span><\/a> assists businesses in optimizing their payment processes and enhancing operational efficiency. We help clients reduce costs, minimize errors, and improve performance by identifying inefficiencies, streamlining workflows, and implementing best practices.<\/li>\n<\/ul>\n\n\n\n<h2 class=\"wp-block-heading\">Informazioni sulla consulenza sui pagamenti SIS International Asia<\/h2>\n\n\n\n<p>SIS International Asia Payments Consulting specializes in providing tailored strategic solutions to businesses worldwide. Our expert consultants offer comprehensive advisory services in market entry, business expansion, strategic planning, and organizational development. We partner with clients, from market analysis to implementation support, to drive sustainable growth and competitive advantage. <a href=\"https:\/\/www.sisinternational.com\/it\/sulla-sua-ricerca-internazionale\/contact-sis-international-market-research\/\"><span style=\"font-weight: 400;\">Contattaci<\/span><\/a> to explore how our consulting expertise can empower your business.<\/p>\n\n\n\n<p><\/p>","protected":false},"excerpt":{"rendered":"<p>Le societ\u00e0 di consulenza sui pagamenti asiatiche forniscono approfondimenti sulle tendenze e sulle tecnologie emergenti per aiutare le aziende a rimanere al passo con i tempi.<\/p>","protected":false},"author":1,"featured_media":64890,"parent":14508,"menu_order":95,"comment_status":"closed","ping_status":"closed","template":"","meta":{"_uag_custom_page_level_css":"","footnotes":""},"class_list":["post-47523","page","type-page","status-publish","has-post-thumbnail"],"uagb_featured_image_src":{"full":["https:\/\/www.sisinternational.com\/wp-content\/uploads\/2025\/08\/Multicultural-Advertising-Services-for-a-Famous-Peer-to-Peer-Payments-Technology-Company.jpg",1456,816,false],"thumbnail":["https:\/\/www.sisinternational.com\/wp-content\/uploads\/2025\/08\/Multicultural-Advertising-Services-for-a-Famous-Peer-to-Peer-Payments-Technology-Company-150x150.jpg",150,150,true],"medium":["https:\/\/www.sisinternational.com\/wp-content\/uploads\/2025\/08\/Multicultural-Advertising-Services-for-a-Famous-Peer-to-Peer-Payments-Technology-Company-300x168.jpg",300,168,true],"medium_large":["https:\/\/www.sisinternational.com\/wp-content\/uploads\/2025\/08\/Multicultural-Advertising-Services-for-a-Famous-Peer-to-Peer-Payments-Technology-Company-768x430.jpg",768,430,true],"large":["https:\/\/www.sisinternational.com\/wp-content\/uploads\/2025\/08\/Multicultural-Advertising-Services-for-a-Famous-Peer-to-Peer-Payments-Technology-Company-1024x574.jpg",1024,574,true],"1536x1536":["https:\/\/www.sisinternational.com\/wp-content\/uploads\/2025\/08\/Multicultural-Advertising-Services-for-a-Famous-Peer-to-Peer-Payments-Technology-Company.jpg",1456,816,false],"2048x2048":["https:\/\/www.sisinternational.com\/wp-content\/uploads\/2025\/08\/Multicultural-Advertising-Services-for-a-Famous-Peer-to-Peer-Payments-Technology-Company.jpg",1456,816,false],"trp-custom-language-flag":["https:\/\/www.sisinternational.com\/wp-content\/uploads\/2025\/08\/Multicultural-Advertising-Services-for-a-Famous-Peer-to-Peer-Payments-Technology-Company-18x10.jpg",18,10,true]},"uagb_author_info":{"display_name":"Ruth Stanat","author_link":"https:\/\/www.sisinternational.com\/it\/author\/expert\/"},"uagb_comment_info":0,"uagb_excerpt":"Asia payments consulting firms provide insights on emerging trends and technologies to help businesses stay ahead of the game.","_links":{"self":[{"href":"https:\/\/www.sisinternational.com\/it\/wp-json\/wp\/v2\/pages\/47523","targetHints":{"allow":["GET"]}}],"collection":[{"href":"https:\/\/www.sisinternational.com\/it\/wp-json\/wp\/v2\/pages"}],"about":[{"href":"https:\/\/www.sisinternational.com\/it\/wp-json\/wp\/v2\/types\/page"}],"author":[{"embeddable":true,"href":"https:\/\/www.sisinternational.com\/it\/wp-json\/wp\/v2\/users\/1"}],"replies":[{"embeddable":true,"href":"https:\/\/www.sisinternational.com\/it\/wp-json\/wp\/v2\/comments?post=47523"}],"version-history":[{"count":16,"href":"https:\/\/www.sisinternational.com\/it\/wp-json\/wp\/v2\/pages\/47523\/revisions"}],"predecessor-version":[{"id":79984,"href":"https:\/\/www.sisinternational.com\/it\/wp-json\/wp\/v2\/pages\/47523\/revisions\/79984"}],"up":[{"embeddable":true,"href":"https:\/\/www.sisinternational.com\/it\/wp-json\/wp\/v2\/pages\/14508"}],"wp:featuredmedia":[{"embeddable":true,"href":"https:\/\/www.sisinternational.com\/it\/wp-json\/wp\/v2\/media\/64890"}],"wp:attachment":[{"href":"https:\/\/www.sisinternational.com\/it\/wp-json\/wp\/v2\/media?parent=47523"}],"curies":[{"name":"wp","href":"https:\/\/api.w.org\/{rel}","templated":true}]}}