{"id":47332,"date":"2024-04-10T19:41:31","date_gmt":"2024-04-10T23:41:31","guid":{"rendered":"https:\/\/www.sisinternational.com\/?page_id=47332"},"modified":"2026-01-25T18:06:37","modified_gmt":"2026-01-25T23:06:37","slug":"ricerche-di-mercato-sul-petcoke","status":"publish","type":"page","link":"https:\/\/www.sisinternational.com\/it\/competenza\/ricerche-di-mercato-sul-petcoke\/","title":{"rendered":"Ricerche di mercato sul coke di petrolio"},"content":{"rendered":"<h1 class=\"wp-block-heading\">Ricerche di mercato sul coke di petrolio<\/h1>\n\n\n\n<figure class=\"gb-block-image gb-block-image-45c41b6c\"><img loading=\"lazy\" decoding=\"async\" width=\"1456\" height=\"816\" class=\"gb-image gb-image-45c41b6c\" src=\"https:\/\/www.sisinternational.com\/wp-content\/uploads\/2025\/08\/Petcoke-4.jpg\" alt=\"Ricerca e strategia di mercato internazionale SIS\" title=\"Petcoke (4)\" srcset=\"https:\/\/www.sisinternational.com\/wp-content\/uploads\/2025\/08\/Petcoke-4.jpg 1456w, https:\/\/www.sisinternational.com\/wp-content\/uploads\/2025\/08\/Petcoke-4-300x168.jpg 300w, https:\/\/www.sisinternational.com\/wp-content\/uploads\/2025\/08\/Petcoke-4-1024x574.jpg 1024w, https:\/\/www.sisinternational.com\/wp-content\/uploads\/2025\/08\/Petcoke-4-768x430.jpg 768w, https:\/\/www.sisinternational.com\/wp-content\/uploads\/2025\/08\/Petcoke-4-18x10.jpg 18w\" sizes=\"auto, (max-width: 1456px) 100vw, 1456px\"><\/figure>\n\n\n\n<hr class=\"wp-block-separator has-alpha-channel-opacity is-style-dots\"\/>\n\n\n\n<p>Esaminando le dinamiche della domanda-offerta, le tendenze del mercato e i paesaggi competitivi, la ricerca di mercato del petcoke consente alle parti interessate di prendere decisioni informate riguardanti le strategie di investimento, l\u2019ottimizzazione operativa e la gestione del rischio nel mercato del petcoke.<\/p>\n\n\n\n<h2 class=\"wp-block-heading\">What is Petcoke market research?<\/h2>\n\n\n\n<p>La ricerca di mercato di Petcoke prevede l\u2019analisi completa di tendenze, dinamiche e fattori che influenzano la produzione, il consumo e il commercio di coke di petrolio (petcoke). Il petcoke, sottoprodotto del processo di raffinazione, \u00e8 un solido carbonioso derivato dalla distillazione del petrolio greggio.<\/p>\n\n\n\n<p>Fornisce alle parti interessate informazioni utili per affrontare le complessit\u00e0 del settore in modo efficace. Fa luce su vari aspetti dell\u2019industria del petcoke, comprese le sue applicazioni in diversi settori come la produzione di cemento, la produzione di energia, la produzione di alluminio e la produzione di acciaio.<\/p>\n\n\n\n<h2 class=\"wp-block-heading\">Perch\u00e9 \u00e8 importante?<\/h2>\n\n\n\n<p>La ricerca di mercato di Petcoke fornisce alle aziende informazioni sulle tendenze del mercato, sulle dinamiche della domanda-offerta e sulle fluttuazioni dei prezzi. Riconoscere e comprendere le dinamiche del mercato consente alle aziende di adattare di conseguenza le proprie strategie, ottimizzare i livelli di produzione e sfruttare le opportunit\u00e0 emergenti.<\/p>\n\n\n\n<p>Inoltre, questa ricerca di mercato aiuta le aziende a rimanere informate sui cambiamenti normativi, sui requisiti di conformit\u00e0 e sui potenziali impatti sulle operazioni. Stando al passo con gli sviluppi normativi, le aziende possono mitigare i rischi di conformit\u00e0 ed evitare sanzioni costose.<\/p>\n\n\n\n<p>Allo stesso modo, la ricerca di mercato scopre opportunit\u00e0 di crescita all\u2019interno del settore, come mercati emergenti, progressi tecnologici e innovazioni di prodotto. Identificando opportunit\u00e0 di crescita, le aziende possono diversificare i propri flussi di entrate, espandersi in nuovi mercati e stare al passo con le tendenze del settore. Tuttavia, presenta molti altri vantaggi per le aziende, tra cui:<\/p>\n\n\n\n<ul class=\"wp-block-list\">\n<li><strong>Approfondimenti sulle tendenze del mercato:<\/strong> Conducendo questa ricerca di mercato, le aziende ottengono preziose informazioni sulle tendenze del mercato, comprese le fluttuazioni della domanda, i movimenti dei prezzi e i modelli di consumo emergenti.<\/li>\n\n\n\n<li><strong>Mitigazione del rischio:<\/strong> Le ricerche di mercato aiutano le aziende a identificare e valutare i rischi legati alla produzione, al trasporto e al consumo di petcoke.<\/li>\n\n\n\n<li><strong>Intelligenza competitiva:<\/strong> La ricerca di mercato di Petcoke fornisce alle aziende informazioni sulla concorrenza, consentendo loro di analizzare le attivit\u00e0 della concorrenza, il posizionamento sul mercato e le offerte di prodotti.<\/li>\n\n\n\n<li><strong>Processo decisionale ottimizzato:<\/strong> Con approfondimenti basati sui dati provenienti dalle ricerche di mercato del petcoke, le aziende possono prendere decisioni informate riguardo ai livelli di produzione, alle strategie di prezzo e alle priorit\u00e0 di investimento.<\/li>\n\n\n\n<li><strong>Pianificazione strategica:<\/strong> La ricerca di mercato \u00e8 la base per la pianificazione strategica e lo sviluppo aziendale a lungo termine.<\/li>\n<\/ul>\n\n\n\n<h2 class=\"wp-block-heading\">Who Uses Petcoke market research<\/h2>\n\n\n\n<p>Le raffinerie di petrolio sono i principali produttori di petcoke, il che le rende utenti critici delle ricerche di mercato del petcoke. Si affidano alle ricerche di mercato per ottimizzare i processi di produzione, valutare le tendenze della domanda e prendere decisioni informate sull&#039;utilizzo del petcoke e sulle strategie di prezzo.<\/p>\n\n\n\n<ul class=\"wp-block-list\">\n<li>I produttori di cemento sono importanti consumatori di petcoke, che lo utilizzano come fonte di combustibile nei cementifici. La ricerca di mercato del petcoke aiuta i produttori di cemento a comprendere le dinamiche dei prezzi, la disponibilit\u00e0 delle forniture e i vincoli normativi che influiscono sull\u2019utilizzo del petcoke. Ci\u00f2 consente loro di prendere decisioni strategiche riguardanti l\u2019approvvigionamento di carburante e la gestione dei costi.<\/li>\n\n\n\n<li>Power Generation Companies utilize petcoke as a fuel source in coal-fired power plants, particularly in regions where petcoke is abundant and cost-effective. Petcoke <a href=\"https:\/\/www.sisinternational.com\/it\/soluzioni\/ai-ricerche-di-mercato-e-consulenza-strategica\/ricerche-di-mercato-sullintelligenza-artificiale-generativa\/\" title=\"Ricerche di mercato sull\u2019intelligenza artificiale generativa\"  data-wpil-monitor-id=\"2036\">market research assists power generation<\/a> companies in evaluating the feasibility of petcoke utilization, assessing environmental impacts, and complying with emissions regulations.<\/li>\n\n\n\n<li>I produttori di alluminio utilizzano il petcoke come fonte di carbonio e agente riducente nel processo di fusione. Questa ricerca di mercato aiuta i produttori di alluminio a monitorare i prezzi, la disponibilit\u00e0 e gli standard di qualit\u00e0 del petcoke, consentendo loro di ottimizzare i processi di produzione e gestire i costi in modo efficace.<\/li>\n\n\n\n<li>I produttori di acciaio fanno affidamento sul petcoke come fonte di combustibile negli altiforni e nei forni elettrici ad arco, che contribuiscono a ridurre il minerale di ferro. L\u2019analisi di mercato aiuta i produttori di acciaio a comprendere le tendenze del mercato, le opzioni di approvvigionamento e i requisiti normativi relativi all\u2019utilizzo di petcoke, facilitando il processo decisionale strategico e la pianificazione operativa.<\/li>\n<\/ul>\n\n\n\n<h2 class=\"wp-block-heading\">The Benefits SIS Brings to Your Company<\/h2>\n\n\n\n<figure class=\"gb-block-image gb-block-image-b2229b0f\"><img loading=\"lazy\" decoding=\"async\" width=\"1456\" height=\"816\" class=\"gb-image gb-image-b2229b0f\" src=\"https:\/\/www.sisinternational.com\/wp-content\/uploads\/2025\/08\/Petcoke-3.jpg\" alt=\"Ricerca e strategia di mercato internazionale SIS\" title=\"Petcoke (3)\" srcset=\"https:\/\/www.sisinternational.com\/wp-content\/uploads\/2025\/08\/Petcoke-3.jpg 1456w, https:\/\/www.sisinternational.com\/wp-content\/uploads\/2025\/08\/Petcoke-3-300x168.jpg 300w, https:\/\/www.sisinternational.com\/wp-content\/uploads\/2025\/08\/Petcoke-3-1024x574.jpg 1024w, https:\/\/www.sisinternational.com\/wp-content\/uploads\/2025\/08\/Petcoke-3-768x430.jpg 768w, https:\/\/www.sisinternational.com\/wp-content\/uploads\/2025\/08\/Petcoke-3-18x10.jpg 18w\" sizes=\"auto, (max-width: 1456px) 100vw, 1456px\"><\/figure>\n\n\n\n<p><\/p>\n\n\n\n<p>I servizi di ricerche di mercato del petcoke di SIS International forniscono ai clienti approfondimenti completi e raccomandazioni attuabili. Ecco i risultati attesi dal coinvolgimento di SIS International:<\/p>\n\n\n\n<ul class=\"wp-block-list\">\n<li><strong>Analisi di mercato approfondita:<\/strong> SIS International conduce analisi di mercato approfondite, fornendo ai clienti una profonda comprensione delle dinamiche della domanda-offerta di petcoke, delle tendenze dei prezzi e del panorama normativo. Analizzando i driver, i vincoli e le opportunit\u00e0 del mercato, SIS International fornisce approfondimenti che informano il processo decisionale strategico e guidano la crescita del business.<\/li>\n\n\n\n<li><strong>Intelligenza competitiva:<\/strong> La ricerca di SIS International include intelligence competitiva, consentendo ai clienti di ottenere informazioni dettagliate sulle attivit\u00e0 della concorrenza, sul posizionamento sul mercato e sulle strategie di prezzo. Confrontandosi con i concorrenti e identificando le lacune del mercato, i clienti possono sviluppare offerte differenziate, migliorare il proprio vantaggio competitivo e acquisire quote di mercato in modo efficace.<\/li>\n\n\n\n<li><strong>Guida alla conformit\u00e0 normativa:<\/strong> Grazie alla sua esperienza nel panorama normativo e negli standard ambientali, SIS fornisce ai clienti indicazioni sulla conformit\u00e0 normativa, garantendo il rispetto delle normative e degli standard applicabili. Restando al passo con gli sviluppi normativi e i requisiti di conformit\u00e0, i clienti possono mitigare i rischi normativi, evitare sanzioni costose e mantenere una reputazione favorevole nel settore.<\/li>\n\n\n\n<li><a href=\"https:\/\/www.sisinternational.com\/it\/la-pubblicita-televisiva-e-stampata-lascia-il-posto-ai-video-virali-e-ai-social-media-emergenti\/\" title=\"Ricerche di mercato sui video virali\"  data-wpil-monitor-id=\"1833\">Market Expansion Opportunities: SIS International&#8217;s research<\/a> identifies market expansion opportunities, enabling clients to assess market demand, evaluate entry barriers, and develop market entry strategies. By identifying untapped markets, assessing competitive landscapes, and understanding consumer preferences, clients can expand their presence in new markets, diversify revenue streams, and drive business growth.<\/li>\n<\/ul>\n\n\n\n<h2 class=\"wp-block-heading\">key Players<\/h2>\n\n\n\n<p>Diverse aziende svolgono un ruolo significativo nel mercato del petcoke, tra cui:<\/p>\n\n\n\n<ul class=\"wp-block-list\">\n<li><strong>ExxonMobil:<\/strong> ExxonMobil \u00e8 una delle pi\u00f9 grandi societ\u00e0 di raffinazione del petrolio a livello globale, con una presenza sostanziale nella produzione di petcoke. Le raffinerie dell&#039;azienda producono petcoke come sottoprodotto del processo di raffinazione, che viene poi utilizzato per varie applicazioni industriali.<\/li>\n\n\n\n<li><strong>Aramco saudita:<\/strong> Saudi Aramco, la compagnia petrolifera nazionale dell&#039;Arabia Saudita, gestisce alcune delle raffinerie pi\u00f9 grandi del mondo, producendo quantit\u00e0 significative di petcoke. L&#039;azienda svolge un ruolo cruciale nel mercato globale del petcoke, fornendo petcoke a varie industrie in tutto il mondo.<\/li>\n\n\n\n<li><strong>Indian Oil Corporation Limited (IOCL):<\/strong> IOCL \u00e8 la pi\u00f9 grande societ\u00e0 indiana di raffinazione e commercializzazione del petrolio, con ampie capacit\u00e0 di produzione di petcoke. Le raffinerie dell&#039;azienda producono petcoke per le industrie nazionali, tra cui la produzione di cemento, la produzione di energia e la produzione di alluminio.<\/li>\n<\/ul>\n\n\n\n<h2 class=\"wp-block-heading\">Opportunit\u00e0<\/h2>\n\n\n\n<p>Le aziende che operano nel mercato del petcoke possono sfruttare varie opportunit\u00e0 per promuovere la crescita e l\u2019innovazione. Alcune opportunit\u00e0 chiave includono:<\/p>\n\n\n\n<ul class=\"wp-block-list\">\n<li><strong>Espansione nei mercati emergenti:<\/strong> I mercati emergenti presentano significative opportunit\u00e0 di crescita per i produttori e i consumatori di petcoke. La rapida industrializzazione, urbanizzazione e sviluppo delle infrastrutture nell\u2019Asia-Pacifico, in America Latina e in Africa spingono la domanda di petcoke nella produzione di cemento, nella produzione di energia e nella produzione di acciaio.<\/li>\n\n\n\n<li><strong>Diversificazione dell&#039;offerta di prodotti:<\/strong> I produttori di Petcoke possono esplorare opportunit\u00e0 per diversificare la propria offerta ed espandersi in prodotti a valore aggiunto. Ad esempio, i produttori di petcoke possono investire in tecnologie di gassificazione del petcoke per produrre idrogeno e altri sottoprodotti preziosi da utilizzare nella produzione chimica, nella raffinazione e in altre industrie.<\/li>\n\n\n\n<li><strong>Investimenti in tecnologie pulite:<\/strong> Le crescenti preoccupazioni sulla qualit\u00e0 dell\u2019aria, sulle emissioni di carbonio e sulla sostenibilit\u00e0 ambientale spingono la domanda di alternative pi\u00f9 pulite e sostenibili ai combustibili fossili come il petcoke. Le aziende possono trarre vantaggio da questa tendenza investendo in tecnologie pulite, come la cattura e lo stoccaggio del carbonio (CCS), le energie rinnovabili e le soluzioni di efficienza energetica.<\/li>\n\n\n\n<li><strong>Partenariati e collaborazioni strategiche:<\/strong> La collaborazione e le partnership offrono alle aziende l\u2019opportunit\u00e0 di sfruttare punti di forza, competenze e risorse complementari per promuovere l\u2019innovazione e la crescita nel mercato del petcoke. Ad esempio, i produttori di petcoke possono collaborare con aziende tecnologiche, istituti di ricerca e agenzie governative per sviluppare soluzioni innovative per l\u2019utilizzo del petcoke, la riduzione delle emissioni e la tutela ambientale.<\/li>\n\n\n\n<li><strong>Differenziazione del mercato e branding:<\/strong> La differenziazione e il branding svolgono un ruolo cruciale nel determinare il successo di mercato e il vantaggio competitivo nel mercato del petcoke. Le aziende possono differenziare i propri prodotti concentrandosi su qualit\u00e0, coerenza e prestazioni ambientali.<\/li>\n<\/ul>\n\n\n\n<h2 class=\"wp-block-heading\">The SIS Advantage<\/h2>\n\n\n\n<p>I servizi di ricerche di mercato del petcoke di SIS International forniscono alle aziende le informazioni e la guida strategica necessarie per affrontare in modo efficace le complessit\u00e0 del mercato del petcoke. Ecco come l&#039;esperienza di SIS International pu\u00f2 apportare vantaggi alle aziende:<\/p>\n\n\n\n<ul class=\"wp-block-list\">\n<li><strong>Analisi di mercato completa:<\/strong> SIS International conduce analisi di mercato complete, sfruttando metodi di ricerca quantitativi e qualitativi per raccogliere dati sulle dinamiche della domanda-offerta di petcoke, sulle tendenze dei prezzi, sul panorama normativo e sulle dinamiche competitive.<\/li>\n\n\n\n<li><strong>Soluzioni di ricerca personalizzate:<\/strong> SIS International offers customized research solutions tailored to clients&#8217; needs and objectives. We design research methodologies that align with clients&#8217; goals and deliver actionable insights to address their unique challenges and opportunities in the <a href=\"https:\/\/www.sisinternational.com\/it\/competenza\/industrie\/ricerche-di-mercato-di-gastronomia\/\" title=\"Ricerche di mercato di gastronomia\"  data-wpil-monitor-id=\"4612\">petcoke<\/a> market.<\/li>\n\n\n\n<li><strong>Competenza e conoscenza del settore:<\/strong> SIS&#8217;s team of experienced researchers and industry experts possess deep knowledge and expertise in the <a href=\"https:\/\/www.sisinternational.com\/it\/copertura\/le-americhe\/ricerche-di-mercato-canadesi\/ricerche-di-mercato-nuova-scozia-canada\/\" title=\"Ricerche di mercato in Nuova Scozia\"  data-wpil-monitor-id=\"4626\">petcoke<\/a> market. With a thorough understanding of market trends, regulatory requirements, and technological advancements, SIS International delivers insights and strategic recommendations that enable businesses to stay ahead of the curve and capitalize on emerging opportunities in the petcoke market.<\/li>\n\n\n\n<li><strong>Raccomandazioni strategiche e approfondimenti attuabili:<\/strong> Sulla base dei risultati della ricerca, SIS fornisce ai clienti raccomandazioni strategiche e approfondimenti attuabili su misura per i loro obiettivi aziendali e le dinamiche di mercato. Sia che i clienti cerchino di ottimizzare i processi di produzione, diversificare l\u2019offerta di prodotti o espandersi in nuovi mercati, SIS International offre indicazioni pratiche e raccomandazioni per aiutare le aziende a raggiungere i propri obiettivi e promuovere una crescita sostenibile nel mercato del petcoke.<\/li>\n<\/ul>","protected":false},"excerpt":{"rendered":"<p>L\u2019analisi delle ricerche di mercato di Petcoke comporta lo studio delle tendenze e dei fattori commerciali, della produzione, del consumo e del commercio.<\/p>","protected":false},"author":1,"featured_media":64316,"parent":14514,"menu_order":440,"comment_status":"closed","ping_status":"closed","template":"","meta":{"footnotes":""},"class_list":["post-47332","page","type-page","status-publish","has-post-thumbnail"],"_links":{"self":[{"href":"https:\/\/www.sisinternational.com\/it\/wp-json\/wp\/v2\/pages\/47332","targetHints":{"allow":["GET"]}}],"collection":[{"href":"https:\/\/www.sisinternational.com\/it\/wp-json\/wp\/v2\/pages"}],"about":[{"href":"https:\/\/www.sisinternational.com\/it\/wp-json\/wp\/v2\/types\/page"}],"author":[{"embeddable":true,"href":"https:\/\/www.sisinternational.com\/it\/wp-json\/wp\/v2\/users\/1"}],"replies":[{"embeddable":true,"href":"https:\/\/www.sisinternational.com\/it\/wp-json\/wp\/v2\/comments?post=47332"}],"version-history":[{"count":12,"href":"https:\/\/www.sisinternational.com\/it\/wp-json\/wp\/v2\/pages\/47332\/revisions"}],"predecessor-version":[{"id":78618,"href":"https:\/\/www.sisinternational.com\/it\/wp-json\/wp\/v2\/pages\/47332\/revisions\/78618"}],"up":[{"embeddable":true,"href":"https:\/\/www.sisinternational.com\/it\/wp-json\/wp\/v2\/pages\/14514"}],"wp:featuredmedia":[{"embeddable":true,"href":"https:\/\/www.sisinternational.com\/it\/wp-json\/wp\/v2\/media\/64316"}],"wp:attachment":[{"href":"https:\/\/www.sisinternational.com\/it\/wp-json\/wp\/v2\/media?parent=47332"}],"curies":[{"name":"wp","href":"https:\/\/api.w.org\/{rel}","templated":true}]}}