{"id":47316,"date":"2024-04-10T20:29:02","date_gmt":"2024-04-11T00:29:02","guid":{"rendered":"https:\/\/www.sisinternational.com\/?page_id=47316"},"modified":"2026-01-24T16:48:12","modified_gmt":"2026-01-24T21:48:12","slug":"consulenza-sulla-roadmap-strategica","status":"publish","type":"page","link":"https:\/\/www.sisinternational.com\/it\/soluzioni\/consulenza-strategica\/consulenza-sulla-roadmap-strategica\/","title":{"rendered":"Consulenza sulla roadmap strategica"},"content":{"rendered":"<h1 class=\"wp-block-heading\">Consulenza sulla roadmap strategica<\/h1>\n\n\n\n<figure class=\"gb-block-image gb-block-image-4708480d\"><img loading=\"lazy\" decoding=\"async\" width=\"1456\" height=\"816\" class=\"gb-image gb-image-4708480d\" src=\"https:\/\/www.sisinternational.com\/wp-content\/uploads\/2025\/08\/Strategy-consulting-2.jpg\" alt=\"Ricerca e strategia di mercato internazionale SIS\" title=\"Strategy consulting (2)\" srcset=\"https:\/\/www.sisinternational.com\/wp-content\/uploads\/2025\/08\/Strategy-consulting-2.jpg 1456w, https:\/\/www.sisinternational.com\/wp-content\/uploads\/2025\/08\/Strategy-consulting-2-300x168.jpg 300w, https:\/\/www.sisinternational.com\/wp-content\/uploads\/2025\/08\/Strategy-consulting-2-1024x574.jpg 1024w, https:\/\/www.sisinternational.com\/wp-content\/uploads\/2025\/08\/Strategy-consulting-2-768x430.jpg 768w, https:\/\/www.sisinternational.com\/wp-content\/uploads\/2025\/08\/Strategy-consulting-2-18x10.jpg 18w\" sizes=\"auto, (max-width: 1456px) 100vw, 1456px\"><\/figure>\n\n\n\n<hr class=\"wp-block-separator has-alpha-channel-opacity is-style-dots\"\/>\n\n\n\n<p>Nel panorama aziendale in continua evoluzione, stare al passo con i tempi richiede molto pi\u00f9 che reagire ai cambiamenti del mercato; richiede un approccio proattivo e strategico. Ecco perch\u00e9 la consulenza sulla roadmap strategica \u00e8 uno strumento potente che consente alle aziende di affrontare la complessit\u00e0, cogliere le opportunit\u00e0 e raggiungere i propri obiettivi a lungo termine con chiarezza e sicurezza.<\/p>\n\n\n\n<h2 class=\"wp-block-heading\">Che cos&#039;\u00e8 la consulenza sulla roadmap strategica?<\/h2>\n\n\n\n<p>La consulenza sulla roadmap strategica prevede lo sviluppo di una roadmap chiara e attuabile per guidare il viaggio di un&#039;organizzazione dallo stato attuale allo stato futuro desiderato. Comprende una serie di iniziative strategiche, tappe fondamentali e indicatori chiave di prestazione (KPI) progettati per allinearsi agli scopi e agli obiettivi generali dell&#039;organizzazione.<\/p>\n\n\n\n<p>Attraverso un processo collaborativo e iterativo, la consulenza aiuta le aziende a stabilire le priorit\u00e0 delle iniziative, ad allocare le risorse in modo efficace e ad adattarsi alle mutevoli dinamiche del mercato per promuovere una crescita sostenibile e un vantaggio competitivo.<\/p>\n\n\n\n<h2 class=\"wp-block-heading\">Perch\u00e9 le aziende hanno bisogno di consulenza sulla roadmap strategica?<\/h2>\n\n\n\n<p><a href=\"https:\/\/www.sisinternational.com\/it\/soluzioni\/consulenza-strategica\/risorsa-strategica\/\" title=\"Consulenza sull&#039;approvvigionamento strategico\"  data-wpil-monitor-id=\"6542\">Strategic roadmap consulting<\/a> provides businesses with a clear direction and focus by defining their long-term vision and outlining the steps needed to achieve it. This way, businesses can ensure alignment across teams and departments, fostering a collective sense of purpose and direction.<\/p>\n\n\n\n<p>Inoltre, questa consulenza aiuta le aziende ad anticipare e mitigare i rischi identificando potenziali ostacoli e sviluppando piani di emergenza per affrontarli in modo proattivo. Valutando sistematicamente rischi e incertezze, le aziende possono superare gli ostacoli in modo pi\u00f9 efficace e ridurre al minimo le interruzioni delle loro operazioni.<\/p>\n\n\n\n<p>Inoltre, questa consulenza aiuta le aziende a ottimizzare l&#039;allocazione delle risorse dando priorit\u00e0 alle iniziative in base al loro potenziale impatto e all&#039;importanza strategica. Le aziende possono prendere decisioni informate sull&#039;allocazione delle risorse, garantendo che le risorse siano assegnate a iniziative che offrono il massimo ritorno sull&#039;investimento. Tuttavia, apporta altri vantaggi aggiuntivi, tra cui:<\/p>\n\n\n\n<ul class=\"wp-block-list\">\n<li><strong>Visione chiara e allineamento:<\/strong> Una roadmap strategica ben sviluppata fornisce alle aziende una visione chiara della loro direzione e dei loro obiettivi futuri.<\/li>\n\n\n\n<li><strong>Priorit\u00e0 e focus:<\/strong> La consulenza aiuta le aziende a stabilire le priorit\u00e0 delle iniziative e ad allocare le risorse in modo efficace.<\/li>\n\n\n\n<li><strong>Gestione e mitigazione del rischio:<\/strong> By conducting thorough risk assessments and scenario planning, <a href=\"https:\/\/www.sisinternational.com\/it\/venezuela-oil-mining-industry-potential-strategic-forecast-2026-2036\/\" title=\"Venezuela Oil &amp; Mining Industry Potential: Strategic Forecast 2026-2036\"  data-wpil-monitor-id=\"1303\">consulenza sulla roadmap strategica<\/a> enables businesses to identify potential risks and develop mitigation strategies.<\/li>\n\n\n\n<li><strong>Miglioramento del processo decisionale:<\/strong> Questa consulenza fornisce alle aziende i dati e gli approfondimenti di cui hanno bisogno per prendere decisioni informate.<\/li>\n\n\n\n<li><strong>Esecuzione e responsabilit\u00e0 migliorate:<\/strong> Una tabella di marcia strategica ben definita comprende traguardi, scadenze e misure di responsabilit\u00e0 chiare, facilitando l\u2019esecuzione efficace e il monitoraggio dei progressi.<\/li>\n<\/ul>\n\n\n\n<h2 class=\"wp-block-heading\">Chi utilizza questa consulenza?<\/h2>\n\n\n\n<p>Le grandi aziende spesso si impegnano in questa consulenza per tracciare il loro percorso verso la crescita, l&#039;innovazione e l&#039;espansione del mercato. Queste organizzazioni possono promuovere l\u2019efficienza operativa, migliorare la competitivit\u00e0 e cogliere nuove opportunit\u00e0 sul mercato.<\/p>\n\n\n\n<p>Startup e scaleup beneficiano di questa consulenza mentre affrontano le sfide della crescita e della scalabilit\u00e0. Sviluppando una chiara tabella di marcia per lo sviluppo del prodotto, l\u2019ingresso nel mercato e l\u2019acquisizione di clienti, queste aziende possono accelerare il proprio percorso di crescita, attrarre investimenti e stabilire una solida base per il successo a lungo termine.<\/p>\n\n\n\n<p>Le organizzazioni no-profit sfruttano anche la consulenza per raggiungere i propri obiettivi sociali e mission-driven. Possono massimizzare il loro impatto, ottimizzare l\u2019allocazione delle risorse e promuovere cambiamenti significativi nelle loro comunit\u00e0.<\/p>\n\n\n\n<p>Le agenzie governative utilizzano la consulenza per affrontare sfide sociali complesse, promuovere lo sviluppo economico e migliorare i servizi pubblici. Attraverso lo sviluppo di piani strategici che diano priorit\u00e0 ai bisogni dei cittadini, agli obiettivi politici e ai vincoli di bilancio, queste organizzazioni possono fornire servizi pi\u00f9 efficaci ed efficienti al pubblico.<\/p>\n\n\n\n<h2 class=\"wp-block-heading\">Quando condurre una consulenza sulla roadmap strategica<\/h2>\n\n\n\n<figure class=\"gb-block-image gb-block-image-4b7489b3\"><img loading=\"lazy\" decoding=\"async\" width=\"1456\" height=\"816\" class=\"gb-image gb-image-4b7489b3\" src=\"https:\/\/www.sisinternational.com\/wp-content\/uploads\/2025\/08\/Strategy-consulting-6.jpg\" alt=\"Ricerca e strategia di mercato internazionale SIS\" title=\"Strategy consulting (6)\" srcset=\"https:\/\/www.sisinternational.com\/wp-content\/uploads\/2025\/08\/Strategy-consulting-6.jpg 1456w, https:\/\/www.sisinternational.com\/wp-content\/uploads\/2025\/08\/Strategy-consulting-6-300x168.jpg 300w, https:\/\/www.sisinternational.com\/wp-content\/uploads\/2025\/08\/Strategy-consulting-6-1024x574.jpg 1024w, https:\/\/www.sisinternational.com\/wp-content\/uploads\/2025\/08\/Strategy-consulting-6-768x430.jpg 768w, https:\/\/www.sisinternational.com\/wp-content\/uploads\/2025\/08\/Strategy-consulting-6-18x10.jpg 18w\" sizes=\"auto, (max-width: 1456px) 100vw, 1456px\"><\/figure>\n\n\n\n<p><\/p>\n\n\n\n<p>Determinare il momento ideale per la consulenza sulla roadmap strategica \u00e8 fondamentale per massimizzarne l\u2019efficacia e l\u2019impatto. Ecco alcune considerazioni chiave:<\/p>\n\n\n\n<ul class=\"wp-block-list\">\n<li><strong>Punti di inflessione strategici:<\/strong> Le aziende dovrebbero prendere in considerazione la possibilit\u00e0 di condurre consulenze sulla roadmap strategica durante i punti di flessione strategici, come grandi cambiamenti nel panorama del mercato, tecnologie dirompenti o cambiamenti negli ambienti normativi. Questi punti di flessione spesso presentano sia opportunit\u00e0 che minacce, rendendo essenziale per le aziende rivalutare le proprie strategie e adattarsi di conseguenza.<\/li>\n\n\n\n<li><strong>Fasi del ciclo di vita aziendale:<\/strong> Diverse fasi del ciclo di vita aziendale possono richiedere consulenza. Ad esempio, le startup possono impegnarsi in una pianificazione strategica per definire le proprie strategie di crescita e garantire finanziamenti, mentre le aziende mature possono condurre revisioni periodiche per riallineare le proprie strategie alle mutevoli condizioni di mercato e alle priorit\u00e0 aziendali.<\/li>\n\n\n\n<li><strong>Disturbi o incertezza del mercato:<\/strong> Durante le interruzioni del mercato, l&#039;incertezza economica o gli sconvolgimenti del settore, le aziende possono trarre vantaggio dalla consulenza sulla roadmap strategica per affrontare le sfide, identificare le opportunit\u00e0 emergenti e posizionarsi per il successo a lungo termine. La pianificazione proattiva durante i periodi turbolenti pu\u00f2 aiutare le aziende a mitigare i rischi e a sfruttare i cambiamenti del mercato.<\/li>\n\n\n\n<li><strong>Lancio di prodotti o servizi:<\/strong> Le aziende che intendono introdurre nuovi prodotti, servizi o offerte di mercato possono trarre vantaggio dalla consulenza per garantire lanci di successo. Sviluppando strategie complete di go-to-market, roadmap di prodotto e piani di acquisizione dei clienti, le aziende possono massimizzare l&#039;impatto delle loro nuove offerte e ottenere un vantaggio competitivo sul mercato.<\/li>\n\n\n\n<li><strong>Transizioni o ristrutturazioni organizzative:<\/strong> Durante i periodi di transizione organizzativa, come fusioni, acquisizioni o cambiamenti di leadership, la consulenza pu\u00f2 aiutare le aziende a riallineare le proprie strategie, integrare sistemi e culture disparate e stabilire una direzione chiara per l&#039;entit\u00e0 combinata.<\/li>\n<\/ul>\n\n\n\n<h2 class=\"wp-block-heading\">Risultati attesi dalla consulenza sulla roadmap strategica di SIS International<\/h2>\n\n\n\n<p>Coinvolgere SIS International per la consulenza sulla roadmap strategica pu\u00f2 produrre diversi risultati attesi:<\/p>\n\n\n\n<ul class=\"wp-block-list\">\n<li><strong>Chiara direzione e allineamento:<\/strong> SIS International lavora a stretto contatto con i clienti per sviluppare una chiara direzione strategica e garantire l&#039;allineamento all&#039;interno dell&#039;organizzazione. Facilitando workshop strategici, conducendo interviste alle parti interessate e analizzando le tendenze del mercato, SIS International aiuta le aziende ad articolare la propria visione, definire i propri obiettivi e stabilire una tabella di marcia coerente che guida il processo decisionale e guida l&#039;allineamento organizzativo.<\/li>\n\n\n\n<li><strong>Processo decisionale informato:<\/strong> Il SIS fornisce ai clienti informazioni utili e raccomandazioni basate sui dati per informare il processo decisionale strategico. Attraverso consulenza completa, analisi competitiva e benchmarking del settore, SIS International fornisce alle aziende le informazioni di cui hanno bisogno per identificare opportunit\u00e0 di crescita, mitigare i rischi e fare scelte informate che supportano i loro obiettivi a lungo termine.<\/li>\n\n\n\n<li><strong>Agilit\u00e0 e adattabilit\u00e0 migliorate:<\/strong> Con la guida di SIS International, le aziende possono diventare pi\u00f9 agili e adattabili in risposta alle mutevoli dinamiche del mercato e alle pressioni competitive. Abbracciando metodologie agili, processi di pianificazione iterativi e tecniche di pianificazione degli scenari, SIS International aiuta i clienti ad anticipare il cambiamento, a superare l&#039;incertezza e a orientare le proprie strategie in modo efficace per rimanere al passo con i tempi.<\/li>\n\n\n\n<li><strong>Allocazione ottimizzata delle risorse:<\/strong> SIS International assiste i clienti nell&#039;ottimizzazione dell&#039;allocazione delle risorse e nella definizione delle priorit\u00e0 delle iniziative strategiche per massimizzare il ritorno sull&#039;investimento (ROI). Attraverso una rigorosa analisi finanziaria, modelli di ottimizzazione delle risorse e tecniche di gestione del portafoglio, SIS International aiuta le aziende ad allocare le risorse in modo strategico, ridurre al minimo gli sprechi e garantire che le risorse siano distribuite in modo efficiente per supportare le priorit\u00e0 strategiche chiave.<\/li>\n<\/ul>\n\n\n\n<h2 class=\"wp-block-heading\">Opportunit\u00e0 nella consulenza sulla roadmap strategica<\/h2>\n\n\n\n<p>Impegnarsi nella consulenza sulla roadmap strategica offre numerose opportunit\u00e0 alle aziende per prosperare e raggiungere i propri obiettivi:<\/p>\n\n\n\n<ul class=\"wp-block-list\">\n<li><strong>Allocazione ottimizzata delle risorse:<\/strong> Questa consulenza aiuta le aziende a ottimizzare l&#039;allocazione delle risorse, sia finanziarie che umane.<\/li>\n\n\n\n<li><strong>Migliore allineamento delle parti interessate:<\/strong> Una consulenza efficace favorisce l\u2019allineamento e la collaborazione tra le parti interessate dell\u2019organizzazione.<\/li>\n\n\n\n<li><strong>Agilit\u00e0 e adattabilit\u00e0:<\/strong> La consulenza sulla roadmap strategica consente alle aziende di diventare pi\u00f9 agili e adattabili in risposta alle mutevoli condizioni del mercato e alle esigenze dei clienti.<\/li>\n\n\n\n<li><strong>Risultati misurabili e responsabilit\u00e0:<\/strong> Attraverso la consulenza, le aziende possono stabilire metriche e KPI chiari per misurare il successo delle loro iniziative strategiche.<\/li>\n<\/ul>\n\n\n\n<h2 class=\"wp-block-heading\">In che modo la consulenza sulla roadmap strategica di SIS International aiuta le aziende<\/h2>\n\n\n\n<p>SIS International offre servizi completi di consulenza sulla roadmap strategica progettati per consentire alle aziende di raggiungere con sicurezza i propri obiettivi a lungo termine e di navigare in scenari di mercato complessi. Ecco come la nostra esperienza pu\u00f2 apportare vantaggi alla tua organizzazione:<\/p>\n\n\n\n<ul class=\"wp-block-list\">\n<li><strong>Approccio su misura:<\/strong> Noi di SIS International comprendiamo che ogni azienda \u00e8 unica, con le proprie sfide, opportunit\u00e0 e obiettivi. I nostri servizi di consulenza sono personalizzati per soddisfare le esigenze e gli obiettivi specifici di ciascun cliente, garantendo che le nostre raccomandazioni siano in linea con la visione, la missione e i valori della vostra organizzazione.<\/li>\n\n\n\n<li><strong>Approfondimenti basati sui dati:<\/strong> Our team of experienced <a href=\"https:\/\/www.sisinternational.com\/it\/b2b\/\" title=\"Cost-Effective and Actionable Insights to Drive Your Next Strategic Move\"  data-wpil-monitor-id=\"1497\">consultants<\/a> leverages a data-driven approach to strategic planning, drawing insights from market research, industry analysis, and competitive intelligence to inform decision-making. By combining qualitative and quantitative data, we provide actionable insights that enable businesses to make informed strategic decisions and stay ahead of the competition.<\/li>\n\n\n\n<li><strong>Processo collaborativo:<\/strong> Crediamo nella promozione della collaborazione e della partnership con i nostri clienti durante tutto il processo di pianificazione strategica. I nostri consulenti lavorano a stretto contatto con le principali parti interessate dell&#039;organizzazione per raccogliere input, sollecitare feedback e garantire l&#039;allineamento su priorit\u00e0 e obiettivi strategici.<\/li>\n\n\n\n<li><strong>Metodologie agili:<\/strong> In today&#8217;s rapidly evolving business environment, agility is essential for success. Our <a href=\"https:\/\/www.sisinternational.com\/it\/soluzioni\/e-la-crescita-globale\/consulenza-sulla-pianificazione-strategica\/\" title=\"Consulenza sulla pianificazione strategica\"  data-wpil-monitor-id=\"6373\">consulenza sulla roadmap strategica<\/a> services incorporate agile methodologies and iterative planning processes to enable businesses to adapt quickly to changing market conditions, customer preferences, and competitive pressures.<\/li>\n\n\n\n<li><strong>Risultati misurabili:<\/strong> Noi di SIS International crediamo nella fornitura di risultati misurabili e tangibili per i nostri clienti. Lavoriamo a stretto contatto con le aziende per definire obiettivi chiari, stabilire indicatori chiave di prestazione (KPI) e sviluppare sistemi di misurazione delle prestazioni per monitorare i progressi e valutare il successo.<\/li>\n<\/ul>\n\n\n\n<p><\/p>","protected":false},"excerpt":{"rendered":"<p>Strategic roadmap consulting involves creating a roadmap for an organization&#8217;s journey from present to future state.<\/p>","protected":false},"author":1,"featured_media":62545,"parent":14567,"menu_order":48,"comment_status":"closed","ping_status":"closed","template":"","meta":{"footnotes":""},"class_list":["post-47316","page","type-page","status-publish","has-post-thumbnail"],"_links":{"self":[{"href":"https:\/\/www.sisinternational.com\/it\/wp-json\/wp\/v2\/pages\/47316","targetHints":{"allow":["GET"]}}],"collection":[{"href":"https:\/\/www.sisinternational.com\/it\/wp-json\/wp\/v2\/pages"}],"about":[{"href":"https:\/\/www.sisinternational.com\/it\/wp-json\/wp\/v2\/types\/page"}],"author":[{"embeddable":true,"href":"https:\/\/www.sisinternational.com\/it\/wp-json\/wp\/v2\/users\/1"}],"replies":[{"embeddable":true,"href":"https:\/\/www.sisinternational.com\/it\/wp-json\/wp\/v2\/comments?post=47316"}],"version-history":[{"count":11,"href":"https:\/\/www.sisinternational.com\/it\/wp-json\/wp\/v2\/pages\/47316\/revisions"}],"predecessor-version":[{"id":80124,"href":"https:\/\/www.sisinternational.com\/it\/wp-json\/wp\/v2\/pages\/47316\/revisions\/80124"}],"up":[{"embeddable":true,"href":"https:\/\/www.sisinternational.com\/it\/wp-json\/wp\/v2\/pages\/14567"}],"wp:featuredmedia":[{"embeddable":true,"href":"https:\/\/www.sisinternational.com\/it\/wp-json\/wp\/v2\/media\/62545"}],"wp:attachment":[{"href":"https:\/\/www.sisinternational.com\/it\/wp-json\/wp\/v2\/media?parent=47316"}],"curies":[{"name":"wp","href":"https:\/\/api.w.org\/{rel}","templated":true}]}}