{"id":47298,"date":"2024-04-09T11:20:46","date_gmt":"2024-04-09T15:20:46","guid":{"rendered":"https:\/\/www.sisinternational.com\/?page_id=47298"},"modified":"2026-01-26T19:01:43","modified_gmt":"2026-01-27T00:01:43","slug":"ricerche-di-mercato-sullacqua-in-bottiglia","status":"publish","type":"page","link":"https:\/\/www.sisinternational.com\/it\/competenza\/ricerche-di-mercato-sullacqua-in-bottiglia\/","title":{"rendered":"Ricerche di mercato sull\u2019acqua in bottiglia"},"content":{"rendered":"<h1 class=\"wp-block-heading\">Ricerche di mercato sull\u2019acqua in bottiglia<\/h1>\n\n\n\n<figure class=\"gb-block-image gb-block-image-913ae9c0\"><img loading=\"lazy\" decoding=\"async\" width=\"1456\" height=\"816\" class=\"gb-image gb-image-913ae9c0\" src=\"https:\/\/www.sisinternational.com\/wp-content\/uploads\/2025\/08\/Bottled-water-2.jpg\" alt=\"Ricerca e strategia di mercato internazionale SIS\" title=\"Bottled water (2)\" srcset=\"https:\/\/www.sisinternational.com\/wp-content\/uploads\/2025\/08\/Bottled-water-2.jpg 1456w, https:\/\/www.sisinternational.com\/wp-content\/uploads\/2025\/08\/Bottled-water-2-300x168.jpg 300w, https:\/\/www.sisinternational.com\/wp-content\/uploads\/2025\/08\/Bottled-water-2-1024x574.jpg 1024w, https:\/\/www.sisinternational.com\/wp-content\/uploads\/2025\/08\/Bottled-water-2-768x430.jpg 768w, https:\/\/www.sisinternational.com\/wp-content\/uploads\/2025\/08\/Bottled-water-2-18x10.jpg 18w\" sizes=\"auto, (max-width: 1456px) 100vw, 1456px\"><\/figure>\n\n\n\n<hr class=\"wp-block-separator has-alpha-channel-opacity is-style-dots\"\/>\n\n\n\n<p>Attraverso meticolose ricerche di mercato sull&#039;acqua in bottiglia, i ricercatori forniscono alle parti interessate informazioni utili per ottimizzare lo sviluppo del prodotto, le iniziative di marketing e le prestazioni aziendali complessive all&#039;interno del settore.<\/p>\n\n\n\n<h2 class=\"wp-block-heading\">What Is Bottled water market research?<\/h2>\n\n\n\n<p>Bottled water market research analyzes the global bottled water industry, including various aspects such as market trends, consumer behavior, competitive landscape, and regulatory environment. This research involves gathering and analyzing data to uncover valuable insights that can guide business strategies and decision-making processes within the bottled water sector.<\/p>\n\n\n\n<h2 class=\"wp-block-heading\">Perch\u00e9 \u00e8 importante?<\/h2>\n\n\n\n<p>Businesses in the bottled <a href=\"https:\/\/www.sisinternational.com\/it\/competenza\/industrie\/ricerche-di-mercato-sulla-tecnologia-dellacqua\/\" title=\"Ricerche di mercato sulla tecnologia dell&#039;acqua\"  data-wpil-monitor-id=\"4668\">water industry require market research<\/a> to stay ahead of the curve. It helps them understand shifting consumer demands and tailor their product offerings to effectively meet specific needs and preferences. Moreover, comprehensive market research enables businesses to identify emerging trends and capitalize on new opportunities within the bottled water market.<\/p>\n\n\n\n<p>Inoltre, le ricerche di mercato forniscono informazioni preziose sul panorama competitivo, consentendo alle aziende di valutare la propria posizione rispetto ai concorrenti e di ideare strategie per ottenere un vantaggio competitivo.<\/p>\n\n\n\n<p>In ogni caso, condurre ricerche di mercato approfondite sull\u2019acqua in bottiglia offre numerosi vantaggi aggiuntivi per le aziende che operano nel settore, tra cui:<\/p>\n\n\n\n<ul class=\"wp-block-list\">\n<li><strong>Approfondimento sulle preferenze dei consumatori:<\/strong> Le ricerche di mercato aiutano le aziende a comprendere le preferenze in continua evoluzione dei consumatori, consentendo loro di sviluppare prodotti strettamente allineati alle richieste del mercato.<\/li>\n\n\n\n<li><strong>Analisi competitiva:<\/strong> Attraverso le ricerche di mercato, le aziende ottengono preziose informazioni sulle strategie e sulle tattiche utilizzate dai concorrenti.<\/li>\n\n\n\n<li><strong>Identificazione delle opportunit\u00e0 di crescita:<\/strong> L\u2019analisi di mercato aiuta le aziende a identificare le tendenze emergenti e i segmenti di mercato non sfruttati nel settore dell\u2019acqua in bottiglia.<\/li>\n\n\n\n<li><strong>Mitigazione del rischio:<\/strong> Conducendo approfondite ricerche di mercato sull&#039;acqua in bottiglia, le aziende possono mitigare i rischi associati al lancio di prodotti, campagne di marketing e iniziative strategiche.<\/li>\n<\/ul>\n\n\n\n<h2 class=\"wp-block-heading\">Who Uses Bottled water market research<\/h2>\n\n\n\n<ul class=\"wp-block-list\">\n<li>Bottled Water Manufacturers rely on market research to understand consumer preferences, assess competitive dynamics, and identify growth opportunities. <\/li>\n\n\n\n<li>I rivenditori utilizzano le ricerche di mercato per comprendere le tendenze del mercato, i modelli di domanda e le preferenze dei consumatori. Ci\u00f2 consente loro di ottimizzare gli assortimenti di prodotti, le strategie di prezzo e le attivit\u00e0 promozionali per incrementare le vendite e aumentare la soddisfazione dei clienti.<\/li>\n\n\n\n<li>Gli investitori e le istituzioni finanziarie si impegnano in ricerche di mercato per valutare la fattibilit\u00e0 finanziaria e il potenziale di crescita delle aziende che operano nel settore dell&#039;acqua in bottiglia. Attraverso l\u2019analisi delle tendenze di mercato, delle dinamiche competitive e degli sviluppi normativi, gli investitori possono prendere decisioni informate in merito a opportunit\u00e0 di investimento, fusioni, acquisizioni e accordi di finanziamento all\u2019interno del settore.<\/li>\n\n\n\n<li>Government Agencies and Regulatory Bodies use <a href=\"https:\/\/www.sisinternational.com\/it\/competenza\/industrie\/ricerche-di-mercato-del-governo-federale\/\" title=\"Ricerche di mercato del governo federale\"  data-wpil-monitor-id=\"7197\">ricerca di mercato<\/a> to monitor industry trends, assess compliance with regulatory requirements, and safeguard public health and safety. <\/li>\n<\/ul>\n\n\n\n<h2 class=\"wp-block-heading\">When to Conduct Bottled Water Market Research<\/h2>\n\n\n\n<p>Market research in the bottled water industry should be conducted strategically at various stages of business development and in response to specific market conditions. Here are key instances when conducting <a href=\"https:\/\/www.sisinternational.com\/it\/copertura\/le-americhe\/copertura-degli-stati-uniti\/ricerca-di-mercato-nel-key-west-florida\/\" title=\"Ricerche di mercato a Key West Florida\"  data-wpil-monitor-id=\"7175\">ricerche di mercato sull&#039;acqua in bottiglia<\/a> is particularly advantageous:<\/p>\n\n\n\n<ul class=\"wp-block-list\">\n<li><strong>Sviluppo del prodotto:<\/strong> Prima di lanciare un nuovo prodotto di acqua in bottiglia o introdurre variazioni alle offerte esistenti, \u00e8 essenziale condurre ricerche di mercato per valutare le preferenze dei consumatori, valutare la domanda e identificare potenziali ostacoli all&#039;adozione. Comprendere le tendenze del mercato e le preferenze dei consumatori nelle prime fasi del processo di sviluppo del prodotto pu\u00f2 aiutare le aziende a perfezionare le caratteristiche del prodotto, il design del packaging e le strategie di branding per massimizzare l&#039;accettazione e la competitivit\u00e0 del mercato.<\/li>\n\n\n\n<li><strong>Ingresso o espansione nel mercato:<\/strong> When considering entering new geographic markets or expanding product lines, companies should conduct market research to assess market size, competitive dynamics, regulatory requirements, and consumer preferences in the target markets. <\/li>\n\n\n\n<li><strong>Benchmarking competitivo:<\/strong> Monitorare e analizzare regolarmente le attivit\u00e0 della concorrenza \u00e8 essenziale per rimanere competitivi nel settore dell\u2019acqua in bottiglia. Condurre benchmarking competitivo attraverso ricerche di mercato aiuta le aziende a comprendere le strategie della concorrenza, le offerte di prodotti, le tattiche di prezzo, i canali di distribuzione e le iniziative di marketing.<\/li>\n\n\n\n<li><strong>Conformit\u00e0 normativa:<\/strong> La conformit\u00e0 ai requisiti normativi \u00e8 essenziale per garantire la sicurezza, la qualit\u00e0 e la conformit\u00e0 legale dei prodotti nel settore dell&#039;acqua in bottiglia. Condurre ricerche normative e monitorare i cambiamenti nelle normative, negli standard e nei requisiti di etichettatura aiuta le aziende a rimanere informate sull&#039;evoluzione degli obblighi di conformit\u00e0 e ad affrontare in modo proattivo le sfide normative.<\/li>\n<\/ul>\n\n\n\n<h2 class=\"wp-block-heading\">Giocatori chiave<\/h2>\n\n\n\n<p>All\u2019interno del mercato dell\u2019acqua in bottiglia, diversi attori chiave dominano il panorama del settore, ciascuno contribuendo alla crescita e alla competitivit\u00e0 del mercato. Alcuni marchi, aziende e prodotti importanti includono:<\/p>\n\n\n\n<ul class=\"wp-block-list\">\n<li><strong>Acque Nestl\u00e9:<\/strong> Essendo una delle aziende leader a livello mondiale nel settore dell&#039;acqua in bottiglia, Nestl\u00e9 Waters offre un portafoglio diversificato di marchi, tra cui Perrier, Poland Spring e Pure Life.<\/li>\n\n\n\n<li><strong>La Coca-Cola Company:<\/strong> Attraverso i suoi marchi sussidiari, come Dasani e Smartwater, Coca-Cola \u00e8 uno dei principali attori nel mercato dell&#039;acqua in bottiglia.<\/li>\n\n\n\n<li><strong>PepsiCo:<\/strong> Il marchio Aquafina di PepsiCo \u00e8 un attore di spicco nel mercato dell&#039;acqua in bottiglia, noto per le sue offerte di acqua purificata. Con particolare attenzione alla sostenibilit\u00e0 e all\u2019innovazione dei prodotti, PepsiCo compete vigorosamente nel segmento dell\u2019acqua in bottiglia per conquistare quote di mercato e soddisfare la domanda dei consumatori per opzioni di idratazione di qualit\u00e0.<\/li>\n\n\n\n<li><strong>Danone:<\/strong> La divisione acqua in bottiglia di Danone, che comprende marchi come Evian e Volvic, detiene una quota di mercato significativa nel mercato globale dell&#039;acqua in bottiglia.<\/li>\n\n\n\n<li><strong>Bevande e cibo Suntory:<\/strong> Essendo una delle aziende leader nel settore delle bevande in Giappone, Suntory Beverage &amp; Food produce una gamma di marchi di acqua in bottiglia, tra cui Suntory Tennensui e Iyemon.<\/li>\n<\/ul>\n\n\n\n<h2 class=\"wp-block-heading\">Opportunit\u00e0<\/h2>\n\n\n\n<figure class=\"gb-block-image gb-block-image-31f82528\"><img loading=\"lazy\" decoding=\"async\" width=\"1456\" height=\"816\" class=\"gb-image gb-image-31f82528\" src=\"https:\/\/www.sisinternational.com\/wp-content\/uploads\/2025\/08\/Bottled-water-6.jpg\" alt=\"Ricerca e strategia di mercato internazionale SIS\" title=\"Bottled water (6)\" srcset=\"https:\/\/www.sisinternational.com\/wp-content\/uploads\/2025\/08\/Bottled-water-6.jpg 1456w, https:\/\/www.sisinternational.com\/wp-content\/uploads\/2025\/08\/Bottled-water-6-300x168.jpg 300w, https:\/\/www.sisinternational.com\/wp-content\/uploads\/2025\/08\/Bottled-water-6-1024x574.jpg 1024w, https:\/\/www.sisinternational.com\/wp-content\/uploads\/2025\/08\/Bottled-water-6-768x430.jpg 768w, https:\/\/www.sisinternational.com\/wp-content\/uploads\/2025\/08\/Bottled-water-6-18x10.jpg 18w\" sizes=\"auto, (max-width: 1456px) 100vw, 1456px\"><\/figure>\n\n\n\n<p><\/p>\n\n\n\n<p>Nel panorama dinamico del mercato dell\u2019acqua in bottiglia, esistono diverse opportunit\u00e0 chiave per le aziende per trarre vantaggio dalle tendenze del mercato, dalle preferenze dei consumatori e dalle opportunit\u00e0 emergenti. Alcune opportunit\u00e0 principali includono:<\/p>\n\n\n\n<ul class=\"wp-block-list\">\n<li><strong>Tendenze di salute e benessere:<\/strong> Con una crescente enfasi sulla salute e sul benessere, vi \u00e8 una crescente domanda di prodotti a base di acqua in bottiglia che offrano vantaggi funzionali come una migliore idratazione, il rifornimento di elettroliti e l\u2019aggiunta di vitamine o minerali. Le aziende possono trarre vantaggio da questa tendenza sviluppando formulazioni innovative che soddisfano specifiche esigenze di salute o preferenze di stile di vita, come acqua alcalina, acqua aromatizzata o acqua infusa con ingredienti naturali.<\/li>\n\n\n\n<li><strong>Iniziative di sostenibilit\u00e0:<\/strong> Man mano che le preoccupazioni ambientali diventano pi\u00f9 pronunciate, vi \u00e8 una crescente domanda di prodotti sostenibili per l\u2019acqua in bottiglia che riducano al minimo l\u2019impatto ambientale durante l\u2019intero ciclo di vita del prodotto. Le aziende possono cogliere le opportunit\u00e0 adottando soluzioni di imballaggio ecocompatibili, implementando pratiche di gestione responsabile dell\u2019acqua e sostenendo iniziative di riciclaggio e conservazione.<\/li>\n\n\n\n<li><strong>Premiumizzazione e differenziazione:<\/strong> Il mercato dell\u2019acqua in bottiglia offre alle aziende l\u2019opportunit\u00e0 di differenziare i propri prodotti attraverso strategie di premiumizzazione, come l\u2019offerta di prodotti d\u2019acqua artigianali o di lusso provenienti da posizioni geologiche uniche o caratterizzati da design di imballaggio distintivi.<\/li>\n\n\n\n<li><strong>Acque Funzionali e Aromatizzate:<\/strong> The growing popularity of functional beverages and flavored waters presents opportunities for businesses to innovate and diversify their product portfolios. <\/li>\n<\/ul>\n\n\n\n<h2 class=\"wp-block-heading\">The SIS Advantage<\/h2>\n\n\n\n<p>I servizi di ricerche di mercato sull&#039;acqua in bottiglia di SIS International sono personalizzati per rispondere alle esigenze e alle sfide specifiche affrontate dalle aziende che operano nel dinamico settore dell&#039;acqua in bottiglia. Ecco come l&#039;esperienza di SIS International pu\u00f2 apportare vantaggi alle aziende:<\/p>\n\n\n\n<ul class=\"wp-block-list\">\n<li><strong>Approfondimenti completi sul mercato:<\/strong> SIS International conducts in-depth market research to provide businesses with comprehensive insights into market trends, consumer preferences, and competitive dynamics within the bottled water industry. <\/li>\n\n\n\n<li><strong>Portata globale e competenza:<\/strong> Con una rete globale di professionisti della ricerca ed esperti del settore, offriamo alle aziende l&#039;accesso a informazioni di mercato localizzate e competenze di settore in diverse regioni geografiche.<\/li>\n\n\n\n<li><strong>Processo decisionale basato sui dati:<\/strong> SIS empowers businesses with data-driven decision-making tools and analytical frameworks that facilitate strategic planning and performance optimization. <\/li>\n\n\n\n<li><strong>Raccomandazioni attuabili:<\/strong> SIS International fornisce raccomandazioni attuabili e approfondimenti strategici derivati dai risultati della ricerca, consentendo alle aziende di tradurre le intuizioni in risultati aziendali tangibili.<\/li>\n<\/ul>\n\n\n\n<p><\/p>","protected":false},"excerpt":{"rendered":"<p>La ricerca di mercato dell\u2019acqua in bottiglia analizza il settore dell\u2019acqua in bottiglia a livello globale, comprese tendenze, comportamento dei consumatori, concorrenza e normative.<\/p>","protected":false},"author":1,"featured_media":63904,"parent":14514,"menu_order":439,"comment_status":"closed","ping_status":"closed","template":"","meta":{"footnotes":""},"class_list":["post-47298","page","type-page","status-publish","has-post-thumbnail"],"_links":{"self":[{"href":"https:\/\/www.sisinternational.com\/it\/wp-json\/wp\/v2\/pages\/47298","targetHints":{"allow":["GET"]}}],"collection":[{"href":"https:\/\/www.sisinternational.com\/it\/wp-json\/wp\/v2\/pages"}],"about":[{"href":"https:\/\/www.sisinternational.com\/it\/wp-json\/wp\/v2\/types\/page"}],"author":[{"embeddable":true,"href":"https:\/\/www.sisinternational.com\/it\/wp-json\/wp\/v2\/users\/1"}],"replies":[{"embeddable":true,"href":"https:\/\/www.sisinternational.com\/it\/wp-json\/wp\/v2\/comments?post=47298"}],"version-history":[{"count":12,"href":"https:\/\/www.sisinternational.com\/it\/wp-json\/wp\/v2\/pages\/47298\/revisions"}],"predecessor-version":[{"id":80760,"href":"https:\/\/www.sisinternational.com\/it\/wp-json\/wp\/v2\/pages\/47298\/revisions\/80760"}],"up":[{"embeddable":true,"href":"https:\/\/www.sisinternational.com\/it\/wp-json\/wp\/v2\/pages\/14514"}],"wp:featuredmedia":[{"embeddable":true,"href":"https:\/\/www.sisinternational.com\/it\/wp-json\/wp\/v2\/media\/63904"}],"wp:attachment":[{"href":"https:\/\/www.sisinternational.com\/it\/wp-json\/wp\/v2\/media?parent=47298"}],"curies":[{"name":"wp","href":"https:\/\/api.w.org\/{rel}","templated":true}]}}