{"id":47259,"date":"2024-04-09T10:32:57","date_gmt":"2024-04-09T14:32:57","guid":{"rendered":"https:\/\/www.sisinternational.com\/?page_id=47259"},"modified":"2026-01-24T21:02:07","modified_gmt":"2026-01-25T02:02:07","slug":"ricerche-di-mercato-alimentare-in-arabia-saudita","status":"publish","type":"page","link":"https:\/\/www.sisinternational.com\/it\/copertura\/ricerche-di-mercato-medio-oriente\/ricerche-di-mercato-alimentare-in-arabia-saudita\/","title":{"rendered":"Ricerche sul mercato alimentare in Arabia Saudita"},"content":{"rendered":"<h1 class=\"wp-block-heading\">Ricerche sul mercato alimentare in Arabia Saudita<\/h1>\n\n\n\n<figure class=\"gb-block-image gb-block-image-03fe48f1\"><img loading=\"lazy\" decoding=\"async\" width=\"1456\" height=\"816\" class=\"gb-image gb-image-03fe48f1\" src=\"https:\/\/www.sisinternational.com\/wp-content\/uploads\/2025\/08\/Saudi-Arabia-33-30.jpg\" alt=\"Ricerca e strategia di mercato internazionale SIS\" title=\"Saudi Arabia 33 (30)\" srcset=\"https:\/\/www.sisinternational.com\/wp-content\/uploads\/2025\/08\/Saudi-Arabia-33-30.jpg 1456w, https:\/\/www.sisinternational.com\/wp-content\/uploads\/2025\/08\/Saudi-Arabia-33-30-300x168.jpg 300w, https:\/\/www.sisinternational.com\/wp-content\/uploads\/2025\/08\/Saudi-Arabia-33-30-1024x574.jpg 1024w, https:\/\/www.sisinternational.com\/wp-content\/uploads\/2025\/08\/Saudi-Arabia-33-30-768x430.jpg 768w, https:\/\/www.sisinternational.com\/wp-content\/uploads\/2025\/08\/Saudi-Arabia-33-30-18x10.jpg 18w\" sizes=\"auto, (max-width: 1456px) 100vw, 1456px\"><\/figure>\n\n\n\n<p><\/p>\n\n\n\n<hr class=\"wp-block-separator has-alpha-channel-opacity is-style-dots\"\/>\n\n\n\n<h3 class=\"wp-block-heading\">Le ricerche di mercato alimentare in Arabia Saudita aiutano le aziende a identificare tendenze e opportunit\u00e0 emergenti, consentendo loro di stare al passo con la concorrenza e trarre vantaggio da nuovi segmenti di mercato.<\/h3>\n\n\n\n<p>Il mercato alimentare in Arabia Saudita ha un enorme potenziale di crescita e innovazione. Ecco perch\u00e9 la ricerca sul mercato alimentare in Arabia Saudita esplora il panorama attuale, le tendenze chiave e le prospettive per scoprire le opportunit\u00e0 e le sfide che le aziende devono affrontare in questo fiorente mercato.<\/p>\n\n\n\n<h2 class=\"wp-block-heading\">What Is Food Market Research in Saudi Arabia?<\/h2>\n\n\n\n<p><a href=\"https:\/\/sisaisolutions.com\/ai-in-food-and-beverage\/\" target=\"_blank\" rel=\"noopener\">Food market research<\/a> in Saudi Arabia gathers data about the country&#8217;s food industry. Studying factors such as consumer preferences, purchasing habits, and industry regulations, it provides insights into market trends, consumer behavior, and competitive landscapes.<\/p>\n\n\n\n<h2 class=\"wp-block-heading\">Perch\u00e9 \u00e8 importante?<\/h2>\n\n\n\n<p>Le ricerche di mercato forniscono alle aziende informazioni preziose sulle preferenze dei consumatori, sul comportamento di acquisto e sulle tendenze del mercato alimentare in Arabia Saudita. Aiuta le aziende a sviluppare prodotti e strategie di marketing in sintonia con il loro pubblico target.<\/p>\n\n\n\n<p>Cibo <a class=\"wpil_keyword_link\" href=\"https:\/\/www.sisinternational.com\/it\/copertura\/ricerche-di-mercato-medio-oriente\/ricerche-di-mercato-in-arabia-saudita\/\" title=\"Ricerche di mercato in Arabia Saudita\" data-wpil-keyword-link=\"linked\" data-wpil-monitor-id=\"268\">market research in Saudi Arabia<\/a> also enables businesses to understand their competitors&#8217; strategies, market positioning, and offerings. Likewise, this market research helps businesses identify potential risks and challenges in the Saudi Arabian food market, such as regulatory changes or shifting consumer preferences.<\/p>\n\n\n\n<p>Tuttavia, le ricerche di mercato offrono numerosi vantaggi chiave per le aziende che operano nel mercato alimentare in Arabia Saudita, tra cui:<\/p>\n\n\n\n<ul class=\"wp-block-list\">\n<li><strong>Sviluppo del prodotto:<\/strong> L&#039;analisi delle esigenze e delle preferenze dei consumatori dell&#039;Arabia Saudita pu\u00f2 aiutare le aziende a sviluppare nuovi prodotti alimentari.<\/li>\n\n\n\n<li><strong>Marketing mirato:<\/strong> Le ricerche di mercato aiutano le aziende a personalizzare le proprie strategie di marketing per raggiungere in modo efficace il pubblico target in Arabia Saudita, con conseguente aumento della consapevolezza del marchio e del coinvolgimento dei clienti.<\/li>\n\n\n\n<li><strong>Vantaggio competitivo:<\/strong> Rimanendo informate sulle strategie e sulle offerte dei concorrenti, le aziende possono identificare opportunit\u00e0 per differenziarsi e ottenere un vantaggio competitivo nel mercato alimentare dell&#039;Arabia Saudita.<\/li>\n\n\n\n<li><strong>Mitigazione del rischio:<\/strong> Aiuta le aziende a identificare potenziali rischi e sfide nel mercato alimentare dell\u2019Arabia Saudita, consentendo loro di sviluppare strategie per mitigare questi rischi e proteggere i propri interessi commerciali.<\/li>\n\n\n\n<li><strong>Identificazione delle opportunit\u00e0:<\/strong> Le ricerche di mercato aiutano le aziende a identificare nuove opportunit\u00e0 e nicchie di mercato in Arabia Saudita, consentendo loro di trarre vantaggio dalle tendenze emergenti e dalle preferenze dei consumatori.<\/li>\n<\/ul>\n\n\n\n<h2 class=\"wp-block-heading\">When to Conduct Food Market Research in Saudi Arabia<\/h2>\n\n\n\n<figure class=\"gb-block-image gb-block-image-e3090f6a\"><img loading=\"lazy\" decoding=\"async\" width=\"1456\" height=\"816\" class=\"gb-image gb-image-e3090f6a\" src=\"https:\/\/www.sisinternational.com\/wp-content\/uploads\/2025\/08\/Saudi-Arabia-33-27.jpg\" alt=\"Ricerca e strategia di mercato internazionale SIS\" title=\"Saudi Arabia 33 (27)\" srcset=\"https:\/\/www.sisinternational.com\/wp-content\/uploads\/2025\/08\/Saudi-Arabia-33-27.jpg 1456w, https:\/\/www.sisinternational.com\/wp-content\/uploads\/2025\/08\/Saudi-Arabia-33-27-300x168.jpg 300w, https:\/\/www.sisinternational.com\/wp-content\/uploads\/2025\/08\/Saudi-Arabia-33-27-1024x574.jpg 1024w, https:\/\/www.sisinternational.com\/wp-content\/uploads\/2025\/08\/Saudi-Arabia-33-27-768x430.jpg 768w, https:\/\/www.sisinternational.com\/wp-content\/uploads\/2025\/08\/Saudi-Arabia-33-27-18x10.jpg 18w\" sizes=\"auto, (max-width: 1456px) 100vw, 1456px\"><\/figure>\n\n\n\n<p><\/p>\n\n\n\n<p><a href=\"https:\/\/www.sisinternational.com\/it\/soluzioni\/qsr-ricerche-di-mercato-alimentare\/\" title=\"Ricerche di mercato alimentare QSR\" data-wpil-monitor-id=\"2302\">Food market research<\/a> in Saudi Arabia should be conducted at various stages of a business&#8217;s growth and development:<\/p>\n\n\n\n<ul class=\"wp-block-list\">\n<li><strong>Ingresso nel mercato:<\/strong> Prima di entrare nel mercato dell\u2019Arabia Saudita, le aziende dovrebbero condurre ricerche di mercato per comprendere le preferenze dei consumatori, le tendenze del mercato e il panorama competitivo.<\/li>\n\n\n\n<li><strong>Sviluppo del prodotto:<\/strong> La ricerca di mercato \u00e8 essenziale durante la fase di sviluppo del prodotto per garantire che i nuovi prodotti alimentari soddisfino le esigenze e le preferenze dei consumatori dell\u2019Arabia Saudita.<\/li>\n\n\n\n<li><strong>Campagne di marketing:<\/strong> Le ricerche di mercato possono aiutare le aziende a sviluppare campagne di marketing mirate che siano in sintonia con il loro pubblico target in Arabia Saudita.<\/li>\n\n\n\n<li><strong>Analisi competitiva:<\/strong> Ricerche di mercato regolari aiutano le aziende a rimanere informate sulle strategie e sulle offerte dei loro concorrenti in Arabia Saudita.<\/li>\n\n\n\n<li><strong>Conformit\u00e0 normativa:<\/strong> Mercato <a href=\"https:\/\/www.sisinternational.com\/it\/competenza\/industrie\/ricerche-di-mercato-sulla-sicurezza-stradale\/\" title=\"Ricerche di mercato sulla sicurezza stradale\" data-wpil-monitor-id=\"7151\">ricerca<\/a> can help businesses understand and comply with Saudi Arabia&#8217;s food safety and quality regulations.<\/li>\n\n\n\n<li><strong>Pianificazione strategica:<\/strong> Le ricerche di mercato forniscono preziose informazioni alle aziende per sviluppare piani strategici di crescita ed espansione in Arabia Saudita.<\/li>\n<\/ul>\n\n\n\n<h2 class=\"wp-block-heading\">Expected Results from Food Market Research in Saudi Arabia<\/h2>\n\n\n\n<p>From SIS International&#8217;s <a href=\"https:\/\/www.sisinternational.com\/it\/competenza\/industrie\/ricerche-di-mercato-sugli-alimenti-surgelati\/\" title=\"Ricerche di mercato sugli alimenti surgelati\" data-wpil-monitor-id=\"3111\">food market research<\/a> in Saudi Arabia, businesses can expect a comprehensive analysis that provides valuable insights and actionable recommendations for the Saudi Arabian food market. Some expected results from the research might include:<\/p>\n\n\n\n<ul class=\"wp-block-list\">\n<li><strong>Analisi del panorama competitivo:<\/strong> Una panoramica dei principali attori del mercato alimentare dell\u2019Arabia Saudita, delle loro quote di mercato, dei punti di forza, di debolezza e delle strategie competitive, che consente alle aziende di confrontare le proprie prestazioni e identificare opportunit\u00e0 di differenziazione.<\/li>\n\n\n\n<li><strong>Approfondimenti sul canale di distribuzione:<\/strong> An analysis of the distribution channels for food products in Saudi Arabia, including supermarkets, hypermarkets, online platforms, and food service channels, to help businesses optimize their distribution strategy.<\/li>\n\n\n\n<li><strong>Analisi dei prezzi:<\/strong> Informazioni sulle strategie di prezzo e sui prezzi nel mercato alimentare dell&#039;Arabia Saudita, aiutando le aziende a stabilire prezzi competitivi che massimizzano la redditivit\u00e0 attraendo al tempo stesso i consumatori locali.<\/li>\n\n\n\n<li><strong>Requisiti normativi e di conformit\u00e0:<\/strong> Una panoramica del panorama normativo che interessa il mercato alimentare in Arabia Saudita, comprese le normative sulla sicurezza alimentare, sull&#039;etichettatura e sull&#039;importazione, per garantire la conformit\u00e0 e mitigare i rischi.<\/li>\n\n\n\n<li><strong>Considerazioni culturali e religiose:<\/strong> Approfondimenti sui fattori culturali e religiosi che influenzano il consumo alimentare in Arabia Saudita, come la certificazione halal e le restrizioni dietetiche durante il Ramadan, per aiutare le aziende a personalizzare i propri prodotti e le strategie di marketing.<\/li>\n\n\n\n<li><strong>Opportunit\u00e0 e sfide:<\/strong> Identificazione di potenziali opportunit\u00e0 di crescita ed espansione, nonch\u00e9 delle sfide che le aziende potrebbero dover affrontare nel mercato alimentare dell\u2019Arabia Saudita, come il cambiamento delle preferenze dei consumatori o gli ostacoli normativi.<\/li>\n\n\n\n<li><strong>Raccomandazioni e approfondimenti strategici:<\/strong> Sulla base dei risultati della ricerca, SIS International pu\u00f2 fornire raccomandazioni strategiche per aiutare le aziende a sfruttare le opportunit\u00e0, superare le sfide e raggiungere i propri obiettivi nel mercato alimentare dell\u2019Arabia Saudita.<\/li>\n<\/ul>\n\n\n\n<h2 class=\"wp-block-heading\">Giocatori chiave<\/h2>\n\n\n\n<p>Il mercato alimentare in Arabia Saudita \u00e8 un settore dinamico e in crescita, con diversi attori chiave che operano in vari segmenti come latticini, carne, bevande e alimenti confezionati. Alcuni attori principali nel mercato alimentare dell&#039;Arabia Saudita includono:<\/p>\n\n\n\n<ul class=\"wp-block-list\">\n<li><strong>Azienda Almarai:<\/strong> Almarai \u00e8 una delle pi\u00f9 grandi aziende lattiero-casearie del Medio Oriente, nota per la sua vasta gamma di latticini, succhi e prodotti da forno.<\/li>\n\n\n\n<li><strong>Gruppo Savola:<\/strong> Savola is a leading food company in Saudi Arabia, interested in edible oils, sugar, pasta, and retail (through its subsidiary Panda Retail Company).<\/li>\n\n\n\n<li><strong>Saudi Dairy &amp; Foodstuff Company (SADAFCO):<\/strong> SADAFCO \u00e8 un produttore leader di prodotti lattiero-caseari, tra cui latte, yogurt e gelato, nonch\u00e9 concentrato di pomodoro e snack.<\/li>\n\n\n\n<li><strong>Societ\u00e0 nazionale per lo sviluppo agricolo (NADEC):<\/strong> NADEC \u00e8 un&#039;importante azienda agricola e di trasformazione alimentare, con prodotti che vanno dai latticini e succhi all&#039;olio d&#039;oliva e prodotti da forno.<\/li>\n\n\n\n<li><strong>Al Safi Danone:<\/strong> Una joint venture tra Al Safi e Danone, questa azienda \u00e8 nota per i suoi prodotti lattiero-caseari, in particolare yogurt e altri prodotti fermentati.<\/li>\n<\/ul>\n\n\n\n<h2 class=\"wp-block-heading\">Opportunit\u00e0<\/h2>\n\n\n\n<figure class=\"gb-block-image gb-block-image-3c54c0ee\"><img loading=\"lazy\" decoding=\"async\" width=\"1456\" height=\"816\" class=\"gb-image gb-image-3c54c0ee\" src=\"https:\/\/www.sisinternational.com\/wp-content\/uploads\/2025\/08\/Saudi-Arabia-33-26.jpg\" alt=\"Ricerca e strategia di mercato internazionale SIS\" title=\"Saudi Arabia 33 (26)\" srcset=\"https:\/\/www.sisinternational.com\/wp-content\/uploads\/2025\/08\/Saudi-Arabia-33-26.jpg 1456w, https:\/\/www.sisinternational.com\/wp-content\/uploads\/2025\/08\/Saudi-Arabia-33-26-300x168.jpg 300w, https:\/\/www.sisinternational.com\/wp-content\/uploads\/2025\/08\/Saudi-Arabia-33-26-1024x574.jpg 1024w, https:\/\/www.sisinternational.com\/wp-content\/uploads\/2025\/08\/Saudi-Arabia-33-26-768x430.jpg 768w, https:\/\/www.sisinternational.com\/wp-content\/uploads\/2025\/08\/Saudi-Arabia-33-26-18x10.jpg 18w\" sizes=\"auto, (max-width: 1456px) 100vw, 1456px\"><\/figure>\n\n\n\n<p><\/p>\n\n\n\n<p>The food market in <a href=\"https:\/\/www.sisinternational.com\/it\/entrare-nel-mercato-dellamerica-latina\/\" title=\"Entrare nel mercato latinoamericano\" data-wpil-monitor-id=\"7542\">Arabia Saudita<\/a> offers several opportunities for businesses looking to enter or expand in the market:<\/p>\n\n\n\n<ul class=\"wp-block-list\">\n<li><strong>Popolazione in crescita:<\/strong> La popolazione dell\u2019Arabia Saudita \u00e8 in rapida crescita, stimolando la domanda di prodotti alimentari e creando opportunit\u00e0 per le imprese di espandere la propria presenza sul mercato.<\/li>\n\n\n\n<li><strong>Modifica delle preferenze del consumatore:<\/strong> In Arabia Saudita, le preferenze dei consumatori si stanno spostando verso opzioni alimentari pi\u00f9 sane e convenienti, creando opportunit\u00e0 per le aziende di introdurre nuovi prodotti che soddisfino queste preferenze.<\/li>\n\n\n\n<li><strong>Diversificazione economica:<\/strong> L\u2019Arabia Saudita sta affrontando sforzi di diversificazione economica, che portano a maggiori investimenti nel settore alimentare e delle bevande e creano opportunit\u00e0 per le imprese di entrare nel mercato.<\/li>\n\n\n\n<li><strong>Commercio elettronico:<\/strong> L\u2019ascesa dell\u2019e-commerce in Arabia Saudita ha creato nuovi canali di distribuzione per i prodotti alimentari, consentendo alle aziende di raggiungere un pubblico pi\u00f9 ampio e aumentare le vendite.<\/li>\n\n\n\n<li><strong>Iniziative governative:<\/strong> Il governo saudita sta implementando varie iniziative a sostegno dell\u2019industria alimentare, come programmi di sicurezza alimentare e incentivi agli investimenti, che creano opportunit\u00e0 per le imprese sul mercato.<\/li>\n<\/ul>\n\n\n\n<h2 class=\"wp-block-heading\">What Makes SIS International a Top Food Market Research in Saudi Arabia<\/h2>\n\n\n\n<p><a href=\"https:\/\/www.linkedin.com\/company\/sisinternationalresearch\/\" target=\"_blank\" rel=\"noopener\">SIS Internazionale<\/a> is a global market research and strategic consulting firm that provides various services to help businesses in the food market in Saudi Arabia. Here&#8217;s how their services can be beneficial:<\/p>\n\n\n\n<ul class=\"wp-block-list\">\n<li><strong>Strategia di ingresso nel mercato:<\/strong> SIS International pu\u00f2 assistere le aziende del mercato alimentare nello sviluppo di strategie efficaci di ingresso nel mercato per l&#039;Arabia Saudita, inclusa l&#039;identificazione di segmenti target, la comprensione delle preferenze dei consumatori e l&#039;orientamento ai requisiti normativi.<\/li>\n\n\n\n<li><strong>Ricerca sui consumatori:<\/strong> We conduct consumer research to gather insights into Saudi Arabian consumers&#8217; eating habits, preferences, and attitudes toward different food products. This information can help businesses tailor their offerings to meet local tastes and demands.<\/li>\n\n\n\n<li><strong>Analisi competitiva:<\/strong> Il SIS fornisce un&#039;analisi approfondita dei concorrenti nel mercato alimentare dell&#039;Arabia Saudita, comprese le loro strategie, punti di forza, di debolezza e quote di mercato, consentendo alle aziende di posizionarsi in modo efficace.<\/li>\n\n\n\n<li><strong>Analisi della catena di fornitura:<\/strong> I nostri esperti aiutano le aziende a comprendere le dinamiche della catena di approvvigionamento nel mercato alimentare saudita, comprese le sfide di approvvigionamento, distribuzione e logistica, per ottimizzare le proprie operazioni e ridurre i costi.<\/li>\n\n\n\n<li><strong>Sviluppo della strategia del marchio:<\/strong> SIS International sviluppa strategie di marchio in sintonia con i consumatori sauditi, tra cui strategie di posizionamento, messaggistica e comunicazione del marchio.<\/li>\n\n\n\n<li><strong>Sviluppo e innovazione del prodotto:<\/strong> SIS fornisce approfondimenti sulle tendenze alimentari emergenti e sulle preferenze dei consumatori in Arabia Saudita, aiutando le aziende a innovare e sviluppare nuovi prodotti che soddisfano i gusti locali.<\/li>\n\n\n\n<li><strong>Studi di fattibilit\u00e0 degli investimenti:<\/strong> SIS International pu\u00f2 condurre studi di fattibilit\u00e0 per valutare la fattibilit\u00e0 dei progetti di investimento e identificare potenziali rischi e opportunit\u00e0 per le aziende che desiderano investire nel mercato alimentare dell&#039;Arabia Saudita.<\/li>\n<\/ul>\n\n\n\n<h2 class=\"wp-block-heading\">La nostra sede a New York<\/h2>\n\n\n\n<p>\n\n\n\n<iframe loading=\"lazy\" src=\"https:\/\/www.google.com\/maps\/embed?pb=!1m18!1m12!1m3!1d3022.976188376966!2d-73.99130312499956!3d40.740549471389315!2m3!1f0!2f0!3f0!3m2!1i1024!2i768!4f13.1!3m3!1m2!1s0x89c259a15798c731%3A0xd695d09bdd495f25!2s11%20E%2022nd%20St%20FL%202%2C%20New%20York%2C%20NY%2010010%2C%20USA!5e0!3m2!1sen!2spe!4v1726171763526!5m2!1sen!2spe\" width=\"600\" height=\"450\" allowfullscreen=\"allowfullscreen\" data-mce-fragment=\"1\"><\/iframe>\n\n\n\n<\/p>\n\n\n\n<h3 class=\"wp-block-heading\">11 E 22nd Street, piano 2, New York, NY 10010 T: +1(212) 505-6805<\/h3>\n\n\n\n<h2 class=\"wp-block-heading\"><span style=\"font-weight: 400;\">A proposito di SIS Internazionale<\/span><\/h2>\n\n\n\n<p><a href=\"https:\/\/www.sisinternational.com\/it\/\"><span style=\"font-weight: 400;\">SIS Internazionale<\/span><\/a><span style=\"font-weight: 400;\"> offre ricerca quantitativa, qualitativa e strategica. Forniamo dati, strumenti, strategie, report e approfondimenti per il processo decisionale. Conduciamo anche interviste, sondaggi, focus group e altri metodi e approcci di ricerca di mercato.<\/span><a href=\"https:\/\/www.sisinternational.com\/it\/sulla-sua-ricerca-internazionale\/contact-sis-international-market-research\/\"><span style=\"font-weight: 400;\"> Contattaci<\/span><\/a><span style=\"font-weight: 400;\"> per il tuo prossimo progetto di ricerca di mercato.<\/span><\/p>\n\n\n\n<p><\/p>","protected":false},"excerpt":{"rendered":"<p>Food market research in Saudi Arabia involves the gathering, analysis, and interpretation of data related to the country&#8217;s food industry.<\/p>","protected":false},"author":1,"featured_media":65112,"parent":36619,"menu_order":20,"comment_status":"closed","ping_status":"closed","template":"","meta":{"footnotes":""},"class_list":["post-47259","page","type-page","status-publish","has-post-thumbnail"],"_links":{"self":[{"href":"https:\/\/www.sisinternational.com\/it\/wp-json\/wp\/v2\/pages\/47259","targetHints":{"allow":["GET"]}}],"collection":[{"href":"https:\/\/www.sisinternational.com\/it\/wp-json\/wp\/v2\/pages"}],"about":[{"href":"https:\/\/www.sisinternational.com\/it\/wp-json\/wp\/v2\/types\/page"}],"author":[{"embeddable":true,"href":"https:\/\/www.sisinternational.com\/it\/wp-json\/wp\/v2\/users\/1"}],"replies":[{"embeddable":true,"href":"https:\/\/www.sisinternational.com\/it\/wp-json\/wp\/v2\/comments?post=47259"}],"version-history":[{"count":16,"href":"https:\/\/www.sisinternational.com\/it\/wp-json\/wp\/v2\/pages\/47259\/revisions"}],"predecessor-version":[{"id":81169,"href":"https:\/\/www.sisinternational.com\/it\/wp-json\/wp\/v2\/pages\/47259\/revisions\/81169"}],"up":[{"embeddable":true,"href":"https:\/\/www.sisinternational.com\/it\/wp-json\/wp\/v2\/pages\/36619"}],"wp:featuredmedia":[{"embeddable":true,"href":"https:\/\/www.sisinternational.com\/it\/wp-json\/wp\/v2\/media\/65112"}],"wp:attachment":[{"href":"https:\/\/www.sisinternational.com\/it\/wp-json\/wp\/v2\/media?parent=47259"}],"curies":[{"name":"wp","href":"https:\/\/api.w.org\/{rel}","templated":true}]}}