{"id":47074,"date":"2024-03-21T12:04:27","date_gmt":"2024-03-21T16:04:27","guid":{"rendered":"https:\/\/www.sisinternational.com\/?page_id=47074"},"modified":"2026-01-19T22:12:46","modified_gmt":"2026-01-20T03:12:46","slug":"consulenza-alteryx","status":"publish","type":"page","link":"https:\/\/www.sisinternational.com\/it\/competenza\/consulenza-alteryx\/","title":{"rendered":"Consulenza Alteryx"},"content":{"rendered":"<h1 class=\"wp-block-heading\">Consulenza Alteryx<\/h1>\n\n\n\n<figure class=\"gb-block-image gb-block-image-fa700491\"><img loading=\"lazy\" decoding=\"async\" width=\"1456\" height=\"816\" class=\"gb-image gb-image-fa700491\" src=\"https:\/\/www.sisinternational.com\/wp-content\/uploads\/2025\/08\/Strategy-consulting-6.jpg\" alt=\"Ricerca e strategia di mercato internazionale SIS\" title=\"Strategy consulting (6)\" srcset=\"https:\/\/www.sisinternational.com\/wp-content\/uploads\/2025\/08\/Strategy-consulting-6.jpg 1456w, https:\/\/www.sisinternational.com\/wp-content\/uploads\/2025\/08\/Strategy-consulting-6-300x168.jpg 300w, https:\/\/www.sisinternational.com\/wp-content\/uploads\/2025\/08\/Strategy-consulting-6-1024x574.jpg 1024w, https:\/\/www.sisinternational.com\/wp-content\/uploads\/2025\/08\/Strategy-consulting-6-768x430.jpg 768w, https:\/\/www.sisinternational.com\/wp-content\/uploads\/2025\/08\/Strategy-consulting-6-18x10.jpg 18w\" sizes=\"auto, (max-width: 1456px) 100vw, 1456px\"><\/figure>\n\n\n\n<hr class=\"wp-block-separator has-alpha-channel-opacity is-style-dots\"\/>\n\n\n\n<p>Grazie alle sue robuste funzionalit\u00e0 e all&#039;interfaccia intuitiva, Alteryx consente alle aziende di ricavare informazioni preziose dai propri dati, facilitando strategie pi\u00f9 innovative e operazioni pi\u00f9 agili. Ecco perch\u00e9 la consulenza Alteryx emerge come una forza trasformatrice, rivoluzionando il modo in cui le organizzazioni sfruttano il potere dei dati per guidare un processo decisionale informato.<\/p>\n\n\n\n<h2 class=\"wp-block-heading\">Cos&#039;\u00e8 Alteryx Consulting?<\/h2>\n\n\n\n<p>La consulenza Alteryx ruota attorno all&#039;utilizzo della piattaforma Alteryx per fornire alle aziende funzionalit\u00e0 di analisi avanzata, preparazione dei dati e automazione. Fondamentalmente, Alteryx consente alle organizzazioni di ottimizzare i flussi di lavoro dei dati, dall&#039;acquisizione e pulizia dei dati all&#039;analisi e visualizzazione, all&#039;interno di una piattaforma intuitiva.<\/p>\n\n\n\n<p>I servizi di assistenza Alteryx comprendono una serie di attivit\u00e0, tra cui implementazione, personalizzazione, formazione e supporto continuo. I consulenti lavorano a stretto contatto con le organizzazioni per comprenderne i requisiti aziendali specifici, le sfide relative ai dati e gli obiettivi strategici.<\/p>\n\n\n\n<h2 class=\"wp-block-heading\">Perch\u00e9 le aziende hanno bisogno della consulenza Alteryx?<\/h2>\n\n\n\n<p>Alteryx consente alle aziende di integrare perfettamente dati provenienti da fonti disparate e di prepararli per l&#039;analisi. Con la sua intuitiva interfaccia drag-and-drop e le potenti funzionalit\u00e0 di fusione dei dati, Alteryx semplifica il processo di preparazione dei dati, facendo risparmiare tempo e fatica alle aziende. Per questo motivo, i consulenti forniscono competenze nell\u2019ottimizzazione dei flussi di lavoro dei dati, garantendo la qualit\u00e0 dei dati e automatizzando le attivit\u00e0 ripetitive, consentendo alle aziende di concentrarsi sull\u2019estrazione di informazioni approfondite anzich\u00e9 sulla discussione dei dati.<\/p>\n\n\n\n<p>Additionally, these consulting <a href=\"https:\/\/www.sisinternational.com\/it\/competenza\/industrie\/selezionare-il-servizio-di-ricerca-di-mercato-alberghiero\/\" title=\"Seleziona Servizio Ricerche di mercato per hotel\"  data-wpil-monitor-id=\"8979\">services guide businesses on model selection<\/a>, parameter tuning, and validation techniques, helping them derive actionable insights and make informed decisions. It also helps businesses identify opportunities for automation, design efficient workflows, and implement automation solutions that drive productivity and cost savings.<\/p>\n\n\n\n<h2 class=\"wp-block-heading\">Tuttavia, questo servizio di consulenza porta molti altri vantaggi, tra cui:<\/h2>\n\n\n\n<ul class=\"wp-block-list\">\n<li><strong>Processi dati semplificati:<\/strong> La consulenza aiuta le aziende a ottimizzare i processi relativi ai dati, dall&#039;integrazione e preparazione dei dati all&#039;analisi e al reporting. I consulenti ottimizzano i flussi di lavoro dei dati, automatizzano le attivit\u00e0 ripetitive e garantiscono la qualit\u00e0 dei dati, ottenendo processi di dati pi\u00f9 efficienti e affidabili.<\/li>\n\n\n\n<li><strong>Funzionalit\u00e0 analitiche avanzate:<\/strong> Con la consulenza, le aziende ottengono l&#039;accesso a funzionalit\u00e0 di analisi avanzate che consentono loro di ricavare informazioni preziose dai propri dati. I consulenti forniscono competenze nella modellazione predittiva, nell&#039;analisi spaziale e nell&#039;apprendimento automatico, consentendo alle aziende di prendere decisioni basate sui dati e ottenere un vantaggio competitivo.<\/li>\n\n\n\n<li><strong>Miglioramento del processo decisionale:<\/strong> Consulting helps businesses identify trends, patterns, and opportunities in their data, enabling them to optimize operations, mitigate risks, and <a href=\"https:\/\/www.sisinternational.com\/it\/soluzioni\/ricerca-di-consulenza-strategica-fintech\/ricerche-di-mercato-sui-mercati-dei-capitali\/\" title=\"Ricerche di mercato sui mercati dei capitali\"  data-wpil-monitor-id=\"8976\">capitalize on market<\/a> opportunities.<\/li>\n\n\n\n<li><strong>Risparmi:<\/strong> L&#039;analisi Alteryx consente alle aziende di ottimizzare i processi relativi ai dati e di semplificare le operazioni, con conseguente risparmio sui costi. Le aziende possono ridurre i costi operativi e allocare le risorse in modo pi\u00f9 efficace automatizzando le attivit\u00e0 manuali, riducendo gli errori e migliorando l&#039;efficienza.<\/li>\n\n\n\n<li><strong>Produttivit\u00e0 migliorata:<\/strong> Le aziende possono migliorare la produttivit\u00e0 automatizzando le attivit\u00e0 ripetitive e liberando tempo prezioso affinch\u00e9 i dipendenti possano concentrarsi su attivit\u00e0 di maggior valore.<\/li>\n<\/ul>\n\n\n\n<h2 class=\"wp-block-heading\">Chi utilizza Alteryx Consulting<\/h2>\n\n\n\n<p>Le grandi aziende di vari settori, tra cui finanza, vendita al dettaglio, sanit\u00e0 e produzione, utilizzano la consulenza per ottimizzare i processi di dati e ottenere informazioni utili dai propri dati. Grazie alla sua scalabilit\u00e0 e flessibilit\u00e0, Alteryx soddisfa le complesse esigenze di analisi delle organizzazioni di livello aziendale, consentendo loro di prendere decisioni informate e promuovere la crescita del business.<\/p>\n\n\n\n<p>Le agenzie governative sfruttano la consulenza Alteryx per sfruttare la potenza dei dati per affrontare sfide complesse e fornire servizi pubblici in modo pi\u00f9 efficiente. Dall&#039;analisi delle tendenze demografiche all&#039;ottimizzazione dell&#039;allocazione delle risorse, Alteryx consente alle agenzie governative di prendere decisioni basate sui dati a vantaggio dei cittadini e delle comunit\u00e0.<\/p>\n\n\n\n<p>Le organizzazioni no-profit si affidano all&#039;analisi dei dati per generare impatto, ottimizzare le operazioni e massimizzare l&#039;efficacia dei propri programmi e servizi. I servizi di consulenza Alteryx aiutano le organizzazioni non profit a sfruttare le proprie risorse di dati per comprendere meglio i propri beneficiari, migliorare gli sforzi di raccolta fondi e raggiungere i propri obiettivi di missione.<\/p>\n\n\n\n<p>Educational Institutions utilize this consulting to support academic research, teach data analytics skills, and empower students with hands-on experience in data analysis. Alteryx provides educators a powerful <a href=\"https:\/\/www.sisinternational.com\/it\/sis-presenta-la-piattaforma-di-data-science-e-analisi-quantitativa\/\" title=\"SIS presenta la piattaforma di scienza dei dati e analisi quantitativa\"  data-wpil-monitor-id=\"8973\">platform for teaching data analytics<\/a> concepts and techniques, preparing students for careers in data-driven fields.<\/p>\n\n\n\n<h2 class=\"wp-block-heading\">Quando condurre la consulenza Alteryx<\/h2>\n\n\n\n<p>Determinare il momento ottimale per impegnarsi nella consulenza Alteryx dipende da diversi fattori, tra cui le esigenze specifiche, gli obiettivi e la disponibilit\u00e0 dell&#039;organizzazione a sfruttare l&#039;analisi dei dati. Ecco le considerazioni chiave su quando condurre le valutazioni Alteryx:<\/p>\n\n\n\n<ul class=\"wp-block-list\">\n<li><strong><a href=\"https:\/\/www.sisinternational.com\/it\/soluzioni\/e-la-crescita-globale\/consulenza-sulla-pianificazione-strategica\/\" title=\"Consulenza sulla pianificazione strategica\"  data-wpil-monitor-id=\"8975\">Pianificazione strategica<\/a> Phase:<\/strong> Le organizzazioni dovrebbero prendere in considerazione l&#039;idea di impegnarsi in questo tipo di consulenza durante la fase di pianificazione strategica di un&#039;iniziativa di analisi dei dati. Ci\u00f2 consente ai consulenti di lavorare a stretto contatto con le parti interessate per comprendere gli obiettivi, le sfide e i requisiti dell&#039;organizzazione, gettando le basi per un&#039;implementazione di analisi di successo.<\/li>\n\n\n\n<li><a href=\"https:\/\/www.sisinternational.com\/it\/soluzioni\/consulenza-strategica\/analisi-dei-dati\/\" title=\"Societ\u00e0 di analisi dei dati\"  data-wpil-monitor-id=\"8977\">Data Assessment Stage: Before diving into analytics<\/a> implementation, organizations should comprehensively assess their data assets. Alteryx experts can help organizations evaluate the quality, completeness, and accessibility of their data, identifying any gaps or issues that need to be addressed before proceeding with analytics projects.<\/li>\n\n\n\n<li><strong>Preparazione dell&#039;implementazione:<\/strong> Mentre le organizzazioni si preparano a implementare Alteryx o a espandere l&#039;utilizzo esistente, i servizi di consulenza possono fornire un prezioso supporto nell&#039;impostazione della piattaforma, nella configurazione dei flussi di lavoro e nell&#039;integrazione con altri sistemi. I consulenti collaborano con i team IT e gli utenti aziendali per garantire un processo di implementazione regolare e massimizzare l&#039;efficacia della piattaforma.<\/li>\n<\/ul>\n\n\n\n<h2 class=\"wp-block-heading\">Risultati attesi da Alteryx Consulting di SIS<\/h2>\n\n\n\n<p>Impegnarsi nella consulenza Alteryx con SIS International pu\u00f2 produrre diversi risultati attesi per le aziende:<\/p>\n\n\n\n<ul class=\"wp-block-list\">\n<li><strong>Miglioramento dell&#039;efficienza dell&#039;analisi dei dati:<\/strong> I servizi di consulenza Alteryx di SIS International semplificano i processi di analisi dei dati, consentendo alle aziende di analizzare grandi volumi di dati in modo pi\u00f9 efficiente. Automatizzando le attivit\u00e0 manuali e ottimizzando i flussi di lavoro, le aziende possono ridurre il tempo e l&#039;impegno necessari per l&#039;analisi dei dati, liberando risorse per altre attivit\u00e0 strategiche.<\/li>\n\n\n\n<li><strong>Processo decisionale migliorato:<\/strong> Con i servizi di supporto Alteryx di SIS International, le aziende ottengono l&#039;accesso a funzionalit\u00e0 di analisi avanzate che consentono loro di prendere decisioni pi\u00f9 informate e basate sui dati. Sfruttando la modellazione predittiva e gli strumenti di machine learning di Alteryx, le aziende possono ricavare informazioni preziose dai propri dati, consentendo loro di identificare con sicurezza tendenze, prevedere risultati e prendere decisioni strategiche.<\/li>\n\n\n\n<li><strong>Risparmio sui costi e ottimizzazione delle risorse:<\/strong> I servizi di ottimizzazione Alteryx di SIS aiutano le aziende a semplificare i processi relativi ai dati e a migliorare l&#039;efficienza operativa, con conseguente risparmio sui costi. Automatizzando le attivit\u00e0 ripetitive, riducendo gli errori e migliorando la produttivit\u00e0, le aziende possono ridurre i costi operativi e allocare le risorse in modo pi\u00f9 efficace, massimizzando il ROI.<\/li>\n\n\n\n<li><strong>Maggiore vantaggio competitivo:<\/strong> Sfruttando i servizi di consulenza Alteryx di SIS International, le aziende ottengono un vantaggio competitivo nei rispettivi mercati. Sfruttando la potenza dell\u2019analisi dei dati, le aziende possono acquisire informazioni dettagliate sulle tendenze del mercato, sul comportamento dei clienti e sulle dinamiche competitive, consentendo loro di identificare opportunit\u00e0 e differenziarsi dalla concorrenza.<\/li>\n\n\n\n<li><strong>Scalabilit\u00e0 e flessibilit\u00e0:<\/strong> SIS International&#8217;s consulting services provide businesses with scalability and flexibility to adapt to changing business needs and evolving data requirements. Whether businesses analyze large volumes of data or expand into new markets, SIS International&#8217;s consultants help businesses scale their analytics capabilities and ensure they remain <a href=\"https:\/\/www.sisinternational.com\/it\/soluzioni\/innovazione\/ricerca-di-mercato-agile\/\" title=\"Ricerche di mercato agili\"  data-wpil-monitor-id=\"8969\">agile and responsive to market<\/a> demands.<\/li>\n<\/ul>\n\n\n\n<h2 class=\"wp-block-heading\">Opportunit\u00e0<\/h2>\n\n\n\n<p>Le aziende possono sfruttare diverse opportunit\u00e0 sfruttando i servizi di consulenza Alteryx. Queste opportunit\u00e0 includono:<\/p>\n\n\n\n<ul class=\"wp-block-list\">\n<li><strong>Ottimizzazione e automazione dei processi:<\/strong> La consulenza aiuta le aziende a ottimizzare i processi relativi ai dati e ad automatizzare le attivit\u00e0 ripetitive, migliorando l&#039;efficienza e la produttivit\u00e0. Le aziende possono risparmiare tempo e risorse automatizzando i flussi di lavoro di preparazione, analisi e reporting dei dati, consentendo ai dipendenti di concentrarsi su iniziative pi\u00f9 strategiche.<\/li>\n\n\n\n<li><strong>Efficienza operativa e risparmio sui costi:<\/strong> La consulenza Alteryx aiuta le aziende a migliorare l&#039;efficienza operativa e a ridurre i costi semplificando i processi relativi ai dati e automatizzando le attivit\u00e0 manuali. L&#039;ottimizzazione dei flussi di lavoro e l&#039;eliminazione delle inefficienze possono ridurre i costi operativi, aumentare la produttivit\u00e0 e migliorare le prestazioni aziendali complessive.<\/li>\n\n\n\n<li><strong>Vantaggio competitivo e innovazione:<\/strong> By leveraging consulting services, businesses can gain a competitive advantage in their respective <a href=\"https:\/\/www.sisinternational.com\/it\/competenza\/industrie\/ricerche-di-mercato-sullenergia-dal-carbone\/\" title=\"Ricerche di mercato sull\u2019energia dal carbone\"  data-wpil-monitor-id=\"8978\">markets by harnessing the power<\/a> of data analytics to drive innovation and differentiation. By adopting advanced analytics techniques and staying ahead of emerging trends, businesses can innovate new products and services, enter new markets, and outperform competitors.<\/li>\n<\/ul>\n\n\n\n<h2 class=\"wp-block-heading\">Come la consulenza di SIS International aiuta le imprese<\/h2>\n\n\n\n<p>SIS International offre servizi di consulenza Alteryx completi su misura per soddisfare le esigenze e gli obiettivi specifici delle aziende in vari settori. Ecco come i servizi di consulenza Alteryx di SIS International possono aiutare le aziende:<\/p>\n\n\n\n<ul class=\"wp-block-list\">\n<li><strong>Competenza ed esperienza:<\/strong> SIS International&#8217;s team of experienced <a href=\"https:\/\/www.sisinternational.com\/it\/competenza\/industrie\/consulenza-in-analisi-di-scienza-dei-dati\/\" title=\"Consulenza in materia di scienza e analisi dei dati\"  data-wpil-monitor-id=\"8971\">consultants brings deep expertise in data analytics<\/a>, business intelligence, and Alteryx platform to help businesses leverage advanced analytics capabilities effectively. With extensive experience across industries and business functions, SIS International consultants provide valuable insights and best practices to guide businesses through the analytics lifecycle.<\/li>\n\n\n\n<li><strong>Soluzioni personalizzate:<\/strong> SIS lavora a stretto contatto con le aziende per comprenderne obiettivi, sfide e requisiti specifici, sviluppando soluzioni personalizzate su misura per le loro esigenze specifiche. Sia che le aziende stiano cercando di ottimizzare i processi di dati, eseguire analisi avanzate o automatizzare i flussi di lavoro, i nostri consulenti progettano soluzioni che affrontano i loro casi d&#039;uso specifici e forniscono risultati misurabili.<\/li>\n\n\n\n<li><strong>Supporto end-to-end:<\/strong> Offriamo supporto end-to-end durante tutto l&#039;impegno di consulenza Alteryx, dalla valutazione iniziale e pianificazione all&#039;implementazione, formazione e supporto continuo. I consulenti lavorano a stretto contatto con le aziende per garantire una transizione senza soluzione di continuit\u00e0 all&#039;utilizzo di Alteryx per l&#039;analisi dei dati, fornendo formazione, guida e assistenza per la risoluzione dei problemi secondo necessit\u00e0.<\/li>\n\n\n\n<li><strong>Collaborazione strategica:<\/strong> SIS International \u00e8 un partner strategico per le aziende, fornendo supporto e guida continui per aiutarle a raggiungere i propri obiettivi di analisi dei dati. I consulenti collaborano a stretto contatto con le parti interessate aziendali per allineare le iniziative di analisi con gli obiettivi strategici, identificare opportunit\u00e0 di miglioramento e promuovere innovazione e ottimizzazione continue.<\/li>\n\n\n\n<li><strong>Approccio orientato ai risultati:<\/strong> SIS adotta un approccio alla consulenza orientato ai risultati, concentrandosi sulla fornitura di risultati tangibili e ROI misurabili per le aziende. I consulenti definiscono obiettivi chiari, stabiliscono KPI e monitorano i progressi durante l&#039;impegno, garantendo che le aziende traggano il massimo valore dal loro investimento nell&#039;analisi dei dati.<\/li>\n<\/ul>\n\n\n\n<p><\/p>","protected":false},"excerpt":{"rendered":"<p>Alteryx Consulting utilizza la piattaforma Alteryx per fornire alle aziende funzionalit\u00e0 di analisi avanzata, preparazione dei dati e automazione.<\/p>","protected":false},"author":1,"featured_media":62549,"parent":14514,"menu_order":432,"comment_status":"closed","ping_status":"closed","template":"","meta":{"footnotes":""},"class_list":["post-47074","page","type-page","status-publish","has-post-thumbnail"],"_links":{"self":[{"href":"https:\/\/www.sisinternational.com\/it\/wp-json\/wp\/v2\/pages\/47074","targetHints":{"allow":["GET"]}}],"collection":[{"href":"https:\/\/www.sisinternational.com\/it\/wp-json\/wp\/v2\/pages"}],"about":[{"href":"https:\/\/www.sisinternational.com\/it\/wp-json\/wp\/v2\/types\/page"}],"author":[{"embeddable":true,"href":"https:\/\/www.sisinternational.com\/it\/wp-json\/wp\/v2\/users\/1"}],"replies":[{"embeddable":true,"href":"https:\/\/www.sisinternational.com\/it\/wp-json\/wp\/v2\/comments?post=47074"}],"version-history":[{"count":6,"href":"https:\/\/www.sisinternational.com\/it\/wp-json\/wp\/v2\/pages\/47074\/revisions"}],"predecessor-version":[{"id":81503,"href":"https:\/\/www.sisinternational.com\/it\/wp-json\/wp\/v2\/pages\/47074\/revisions\/81503"}],"up":[{"embeddable":true,"href":"https:\/\/www.sisinternational.com\/it\/wp-json\/wp\/v2\/pages\/14514"}],"wp:featuredmedia":[{"embeddable":true,"href":"https:\/\/www.sisinternational.com\/it\/wp-json\/wp\/v2\/media\/62549"}],"wp:attachment":[{"href":"https:\/\/www.sisinternational.com\/it\/wp-json\/wp\/v2\/media?parent=47074"}],"curies":[{"name":"wp","href":"https:\/\/api.w.org\/{rel}","templated":true}]}}