{"id":47039,"date":"2024-03-20T22:10:02","date_gmt":"2024-03-21T02:10:02","guid":{"rendered":"https:\/\/www.sisinternational.com\/?page_id=47039"},"modified":"2026-01-27T16:50:35","modified_gmt":"2026-01-27T21:50:35","slug":"ar-consulenza-sullautomazione","status":"publish","type":"page","link":"https:\/\/www.sisinternational.com\/it\/soluzioni\/ai-ricerche-di-mercato-e-consulenza-strategica\/ar-consulenza-sullautomazione\/","title":{"rendered":"Consulenza sull&#039;automazione AR"},"content":{"rendered":"<h1 class=\"wp-block-heading\">Consulenza sull&#039;automazione AR<\/h1>\n\n\n\n<figure class=\"gb-block-image gb-block-image-5421e5fd\"><img loading=\"lazy\" decoding=\"async\" width=\"1456\" height=\"816\" class=\"gb-image gb-image-5421e5fd\" src=\"https:\/\/www.sisinternational.com\/wp-content\/uploads\/2025\/08\/Medical-dewvice-2.jpg\" alt=\"Ricerca e strategia di mercato internazionale SIS\" title=\"Medical dewvice (2)\" srcset=\"https:\/\/www.sisinternational.com\/wp-content\/uploads\/2025\/08\/Medical-dewvice-2.jpg 1456w, https:\/\/www.sisinternational.com\/wp-content\/uploads\/2025\/08\/Medical-dewvice-2-300x168.jpg 300w, https:\/\/www.sisinternational.com\/wp-content\/uploads\/2025\/08\/Medical-dewvice-2-1024x574.jpg 1024w, https:\/\/www.sisinternational.com\/wp-content\/uploads\/2025\/08\/Medical-dewvice-2-768x430.jpg 768w, https:\/\/www.sisinternational.com\/wp-content\/uploads\/2025\/08\/Medical-dewvice-2-18x10.jpg 18w\" sizes=\"auto, (max-width: 1456px) 100vw, 1456px\"><\/figure>\n\n\n\n<hr class=\"wp-block-separator has-alpha-channel-opacity is-style-dots\"\/>\n\n\n\n<p><span style=\"font-size: inherit;\">Il passaggio dai tradizionali processi AR manuali ai sistemi automatizzati richiede un approccio attento alla formazione dei dipendenti, alla riprogettazione del flusso di lavoro e alla comunicazione con le parti interessate \u2013 e la consulenza sull\u2019automazione AR garantisce interruzioni minime e massimizza l\u2019adozione da parte degli utenti.<\/span><\/p>\n\n\n\n<p>How can companies streamline their operations to ensure efficiency, accuracy, and scalability? Enter AR automation consulting is a transformative approach that revolutionizes accounts receivable processes, propelling businesses into the future of financial management. This consulting simplifies the receivables process and unlocks new avenues for growth, resilience, and competitive advantage in an increasingly digital world.<\/p>\n\n\n\n<h2 class=\"wp-block-heading\">What Is AR automation consulting?<\/h2>\n\n\n\n<p>AR automation consulting involves strategically implementing software solutions designed to automate and optimize the accounts receivable process, from invoice generation to payment collection. This field is driven by improving cash flow, reducing manual errors, and enhancing operational efficiency.<\/p>\n\n\n\n<p>Moreover, the role of AR automation consulting extends beyond the mere selection of software. Consultants comprehensively assess a company&#8217;s current AR processes, identifying bottlenecks, inefficiencies, and error-prone areas.<\/p>\n\n\n\n<h2 class=\"wp-block-heading\">Perch\u00e9 \u00e8 importante?&nbsp;<\/h2>\n\n\n\n<figure class=\"gb-block-image gb-block-image-dfe777d2\"><img loading=\"lazy\" decoding=\"async\" width=\"1456\" height=\"816\" class=\"gb-image gb-image-dfe777d2\" src=\"https:\/\/www.sisinternational.com\/wp-content\/uploads\/2025\/08\/Virtual-nurse-1.jpg\" alt=\"Ricerca e strategia di mercato internazionale SIS\" title=\"Virtual nurse (1)\" srcset=\"https:\/\/www.sisinternational.com\/wp-content\/uploads\/2025\/08\/Virtual-nurse-1.jpg 1456w, https:\/\/www.sisinternational.com\/wp-content\/uploads\/2025\/08\/Virtual-nurse-1-300x168.jpg 300w, https:\/\/www.sisinternational.com\/wp-content\/uploads\/2025\/08\/Virtual-nurse-1-1024x574.jpg 1024w, https:\/\/www.sisinternational.com\/wp-content\/uploads\/2025\/08\/Virtual-nurse-1-768x430.jpg 768w, https:\/\/www.sisinternational.com\/wp-content\/uploads\/2025\/08\/Virtual-nurse-1-18x10.jpg 18w\" sizes=\"auto, (max-width: 1456px) 100vw, 1456px\"><\/figure>\n\n\n\n<p><\/p>\n\n\n\n<p>Questa analisi informa la personalizzazione delle soluzioni di automazione che si allineano alle strategie finanziarie dell&#039;azienda, alle politiche di coinvolgimento dei clienti e agli obiettivi di crescita a lungo termine. L\u2019accento \u00e8 posto sulla creazione di un sistema scalabile e flessibile in grado di adattarsi all\u2019evoluzione dei modelli di business e delle richieste del mercato.<\/p>\n\n\n\n<p>One of the primary reasons businesses seek AR automation <a href=\"https:\/\/www.sisinternational.com\/it\/soluzioni\/ai-ricerche-di-mercato-e-consulenza-strategica\/consulenza-sullintelligenza-artificiale-per-lautomazione-della-gestione-del-cambiamento\/\" title=\"Automazione della gestione del cambiamento e consulenza sull&#039;intelligenza artificiale\"  data-wpil-monitor-id=\"7617\">consulenza<\/a> is the drive to improve cash flow management. Slow and error-prone manual invoicing and collections can significantly delay payments, affecting a company&#8217;s liquidity and financial stability. AR automation introduces efficiencies that speed up the billing cycle, reduce errors, and ensure faster payment processing.<\/p>\n\n\n\n<p>Inoltre, la consulenza sull&#039;automazione AR aiuta le aziende a sfruttare i dati finanziari per ottenere informazioni dettagliate sul comportamento dei clienti, sulle tendenze di pagamento e sui potenziali rischi finanziari. I sistemi AR automatizzati possono fornire analisi e reporting in tempo reale, consentendo alle aziende di prendere decisioni informate, prevedere il flusso di cassa in modo pi\u00f9 accurato e personalizzare le proprie politiche creditizie per mitigare il rischio. Questo utilizzo strategico dei dati migliora la pianificazione finanziaria e la gestione delle relazioni con i clienti.<\/p>\n\n\n\n<h2 class=\"wp-block-heading\">What Are the Benefits of Conducting AR Automation Consulting?<\/h2>\n\n\n\n<p>L\u2019implementazione dell\u2019automazione AR offre molteplici vantaggi alle aziende che mirano a modernizzare le proprie operazioni finanziarie. Questi vantaggi semplificano i processi di contabilit\u00e0 clienti e contribuiscono a obiettivi strategici pi\u00f9 ampi, migliorando le prestazioni aziendali complessive. Ecco uno sguardo ai principali vantaggi:<\/p>\n\n\n\n<ul class=\"wp-block-list\">\n<li><strong>Flusso di cassa migliorato:<\/strong> By accelerating invoice processing and payments, AR automation reduces days sales outstanding (DSO), enhancing a business&#8217;s liquidity and cash flow.<\/li>\n\n\n\n<li><strong>Efficienza migliorata:<\/strong> L&#039;automazione delle attivit\u00e0 di routine consente ai membri del team finanziario di concentrarsi su attivit\u00e0 pi\u00f9 strategiche. Questo cambiamento aumenta la produttivit\u00e0 e contribuisce alla soddisfazione dei dipendenti alleviando il peso del lavoro manuale ripetitivo.<\/li>\n\n\n\n<li><strong>Scalabilit\u00e0:<\/strong> Le soluzioni di automazione AR possono facilmente adattarsi ai crescenti volumi di transazioni e alle esigenze aziendali in evoluzione. Questa scalabilit\u00e0 garantisce che le aziende possano espandersi senza essere vincolate dalla propria infrastruttura per le operazioni finanziarie.<\/li>\n\n\n\n<li><strong>Maggiore soddisfazione del cliente:<\/strong> I sistemi automatizzati forniscono una fatturazione pi\u00f9 tempestiva e accurata, nonch\u00e9 opzioni di pagamento flessibili, migliorando l\u2019esperienza complessiva del cliente. Inoltre, con dati pi\u00f9 accurati, le aziende possono offrire servizi e supporto personalizzati, migliorando ulteriormente le relazioni con i clienti.<\/li>\n\n\n\n<li><strong>Approfondimenti basati sui dati:<\/strong> Gli strumenti di automazione AR offrono funzionalit\u00e0 avanzate di analisi e reporting, fornendo alle aziende informazioni preziose sui modelli di pagamento, sul comportamento dei clienti e sui rischi finanziari.<\/li>\n<\/ul>\n\n\n\n<h2 class=\"wp-block-heading\">When to Conduct AR Automation Consulting?<\/h2>\n\n\n\n<figure class=\"gb-block-image gb-block-image-7f7d6c0b\"><img loading=\"lazy\" decoding=\"async\" width=\"1456\" height=\"816\" class=\"gb-image gb-image-7f7d6c0b\" src=\"https:\/\/www.sisinternational.com\/wp-content\/uploads\/2025\/08\/Medical-dewvice-4.jpg\" alt=\"Ricerca e strategia di mercato internazionale SIS\" title=\"Medical dewvice (4)\" srcset=\"https:\/\/www.sisinternational.com\/wp-content\/uploads\/2025\/08\/Medical-dewvice-4.jpg 1456w, https:\/\/www.sisinternational.com\/wp-content\/uploads\/2025\/08\/Medical-dewvice-4-300x168.jpg 300w, https:\/\/www.sisinternational.com\/wp-content\/uploads\/2025\/08\/Medical-dewvice-4-1024x574.jpg 1024w, https:\/\/www.sisinternational.com\/wp-content\/uploads\/2025\/08\/Medical-dewvice-4-768x430.jpg 768w, https:\/\/www.sisinternational.com\/wp-content\/uploads\/2025\/08\/Medical-dewvice-4-18x10.jpg 18w\" sizes=\"auto, (max-width: 1456px) 100vw, 1456px\"><\/figure>\n\n\n\n<p><\/p>\n\n\n\n<p>Deciding when to engage in AR automation consulting is crucial for businesses aiming to optimize their financial operations effectively. The transition to an automated accounts receivable process should be timely, aligning with the organization&#8217;s growth trajectory and operational needs.<\/p>\n\n\n\n<p>Here are several key indicators that signal the need for AR automation consulting:<\/p>\n\n\n\n<ul class=\"wp-block-list\">\n<li><strong>Aumento dei volumi delle transazioni:<\/strong> Man mano che un\u2019azienda cresce, la gestione manuale del crescente numero di transazioni diventa inefficiente e soggetta a errori. Quando il volume di fatture e pagamenti travolge il team finanziario, \u00e8 tempo di considerare l&#039;automazione.<\/li>\n\n\n\n<li><strong>Preoccupazioni sul flusso di cassa:<\/strong> If managing cash flow becomes a challenge, with payment delays affecting the business&#8217;s overall financial health, AR automation can provide a solution by streamlining billing and collections processes.<\/li>\n\n\n\n<li><strong>Operazioni di ridimensionamento:<\/strong> Le aziende che intendono espandersi offrendo nuovi prodotti o servizi dovrebbero prendere in considerazione l\u2019automazione dell\u2019AR per garantire che le loro operazioni finanziarie possano supportare questa crescita senza diventare un collo di bottiglia.<\/li>\n\n\n\n<li><strong>Problemi di soddisfazione del cliente:<\/strong> Se errori di fatturazione o ritardi nell\u2019elaborazione dei pagamenti portano all\u2019insoddisfazione del cliente, l\u2019automazione AR pu\u00f2 affrontare questi problemi garantendo accuratezza ed efficienza nell\u2019elaborazione della fatturazione e dei pagamenti.<\/li>\n\n\n\n<li><strong>Necessit\u00e0 di migliori informazioni finanziarie:<\/strong> Le aziende che cercano informazioni pi\u00f9 approfondite sulle proprie operazioni finanziarie, sui comportamenti di pagamento dei clienti o sulla gestione del rischio trarranno vantaggio dalle funzionalit\u00e0 di analisi dei dati fornite dalle soluzioni di automazione AR.<\/li>\n<\/ul>\n\n\n\n<h2 class=\"wp-block-heading\">Critical Factors<\/h2>\n\n\n\n<p>Affinch\u00e9 un\u2019implementazione dell\u2019automazione AR abbia successo, alcuni fattori critici di successo devono essere attentamente considerati e affrontati. Questi fattori sono fondamentali per garantire una transizione graduale verso processi automatizzati, ottenere i risultati desiderati e realizzare vantaggi a lungo termine. Ecco una panoramica di questi elementi essenziali:<\/p>\n\n\n\n<ul class=\"wp-block-list\">\n<li><strong>Obiettivi e aspettative chiari:<\/strong> Before embarking on AR automation, businesses must define clear goals for what they aim to achieve through automation.<\/li>\n\n\n\n<li><strong>Sponsorizzazione esecutiva e partecipazione degli stakeholder:<\/strong> Un\u2019implementazione di successo richiede un forte sostegno da parte del senior management e il consenso di tutte le parti interessate coinvolte nel processo AR. La sponsorizzazione esecutiva garantisce che il progetto riceva le risorse e l&#039;attenzione necessarie, mentre il consenso degli stakeholder facilita l&#039;adozione da parte degli utenti e l&#039;integrazione operativa.<\/li>\n\n\n\n<li><strong>Selezione della giusta soluzione tecnologica:<\/strong> La scelta del software di automazione AR appropriato \u00e8 fondamentale. La soluzione selezionata dovrebbe allinearsi alle esigenze specifiche dell&#039;azienda, integrarsi perfettamente con i sistemi finanziari esistenti e offrire scalabilit\u00e0 per la crescita futura.<\/li>\n\n\n\n<li><strong>Qualit\u00e0 e integrit\u00e0 dei dati:<\/strong> Il successo dell&#039;automazione AR dipende dalla qualit\u00e0 e dall&#039;accuratezza dei dati immessi nel sistema. Garantire l\u2019integrit\u00e0 dei dati e affrontare i problemi di qualit\u00e0 dei dati prima dell\u2019implementazione \u00e8 fondamentale per un\u2019automazione efficace.<\/li>\n\n\n\n<li><strong>Monitoraggio regolare e miglioramento continuo:<\/strong> After implementation, monitoring the system\u2019s performance against set objectives is necessary. Continuous improvement efforts should be made based on feedback and performance data to optimize the AR process further.<\/li>\n<\/ul>\n\n\n\n<h2 class=\"wp-block-heading\">The Benefits of Working with SIS AR Automation Consulting<\/h2>\n\n\n\n<p>Engaging with SIS for AR automation consulting positions businesses to achieve significant and measurable outcomes from their automation initiatives. SIS\u2019s comprehensive approach ensures <a class=\"wpil_keyword_link\" href=\"https:\/\/www.sisinternational.com\/it\/competenza\/clienti\/\"   title=\"I nostri clienti\" data-wpil-keyword-link=\"linked\"  data-wpil-monitor-id=\"554\">clienti<\/a> implement the right solutions and align their AR processes with strategic business objectives.<\/p>\n\n\n\n<p>Ecco i risultati attesi:<\/p>\n\n\n\n<ul class=\"wp-block-list\">\n<li><strong>Giorni di vendita ridotti in sospeso (DSO):<\/strong> Una notevole diminuzione del DSO \u00e8 un risultato primario di una consulenza efficace. Questo miglioramento significa una conversione pi\u00f9 rapida dei crediti in contanti, migliorando la liquidit\u00e0 e la salute finanziaria dell&#039;azienda.<\/li>\n\n\n\n<li><strong>Maggiore soddisfazione del cliente:<\/strong> I sistemi automatizzati di fatturazione e pagamento offrono ai clienti un\u2019esperienza pi\u00f9 snella e user-friendly. La fatturazione tempestiva e accurata e le opzioni di pagamento flessibili contribuiscono a migliorare la soddisfazione e la fidelizzazione dei clienti.<\/li>\n\n\n\n<li><strong>Approfondimenti basati sui dati per il processo decisionale strategico:<\/strong> Le soluzioni di automazione AR forniscono accesso a dati finanziari e analisi in tempo reale. Le aziende possono sfruttare queste informazioni per migliorare le previsioni, la gestione del rischio e la pianificazione strategica, supportando un processo decisionale informato.<\/li>\n\n\n\n<li><strong>Scalabilit\u00e0 per la crescita futura:<\/strong> La consulenza sull&#039;automazione AR di SIS garantisce che le soluzioni implementate siano scalabili e possano soddisfare la futura crescita aziendale senza richiedere investimenti aggiuntivi significativi o revisione del processo AR.<\/li>\n<\/ul>\n\n\n\n<h2 class=\"wp-block-heading\">Industrie<\/h2>\n\n\n\n<figure class=\"wp-block-image\"><img decoding=\"async\" src=\"https:\/\/www.sisinternational.com\/wp-content\/uploads\/2025\/06\/AI-37.jpg\" alt=\"Ricerca e strategia di mercato internazionale SIS\" class=\"wp-image-60054\"><\/figure>\n\n\n\n<p><\/p>\n\n\n\n<p>La consulenza sull\u2019automazione AR non si limita ad un settore specifico; si estende a vari settori, ciascuno con sfide e opportunit\u00e0 uniche. L\u2019implementazione di soluzioni di automazione AR su misura per le esigenze specifiche di questi settori pu\u00f2 portare miglioramenti significativi in termini di efficienza, flusso di cassa e relazioni con i clienti. Ecco i settori chiave in cui la consulenza sull\u2019automazione AR svolge un ruolo fondamentale:<\/p>\n\n\n\n<ul class=\"wp-block-list\">\n<li><strong>Produzione:<\/strong> Nel settore manifatturiero, l\u2019automazione AR pu\u00f2 semplificare i processi, ridurre gli errori e migliorare la gestione del flusso di cassa. Aziende come General Electric e Siemens traggono vantaggio dall&#039;automazione AR garantendo una fatturazione accurata e cicli di pagamento pi\u00f9 rapidi, fondamentali per mantenere l&#039;efficienza operativa e gli investimenti nell&#039;innovazione.<\/li>\n\n\n\n<li><strong>Vedere al dettaglio:<\/strong> For retail giants such as Walmart and Amazon, managing a high volume of transactions efficiently is essential. AR automation <a href=\"https:\/\/www.sisinternational.com\/it\/soluzioni\/ricerca-di-consulenza-strategica-fintech\/consulenza-sul-caveau-dei-pagamenti\/\" title=\"Consulenza sul caveau dei pagamenti\"  data-wpil-monitor-id=\"4813\">consulting helps these companies to process payments<\/a> swiftly, manage returns and credits effectively, and provide superior customer service, enhancing customer loyalty and driving sales.<\/li>\n\n\n\n<li><strong>Assistenza sanitaria:<\/strong> Gli operatori sanitari, inclusi ospedali e aziende farmaceutiche come Johnson &amp; Johnson e Pfizer, si trovano ad affrontare sfide uniche nella fatturazione e nell&#039;elaborazione delle richieste di indennizzo assicurativo. Questa consulenza consente a queste entit\u00e0 di gestire la fatturazione dei pazienti in modo pi\u00f9 efficiente, ridurre i rifiuti di richieste di risarcimento e garantire la conformit\u00e0 alle complesse normative sanitarie.<\/li>\n\n\n\n<li><strong>Tecnologia e software:<\/strong> Per le aziende tecnologiche e gli sviluppatori di software come Microsoft e Adobe, i modelli basati su abbonamento e le vendite internazionali introducono complessit\u00e0 nella fatturazione e nel riconoscimento dei ricavi. La consulenza assiste queste aziende nella gestione della fatturazione ricorrente, nella gestione di pi\u00f9 valute e nella fornitura di fatture chiare e tempestive ai clienti, favorendo solide relazioni con i clienti e flussi di entrate prevedibili.<\/li>\n<\/ul>\n\n\n\n<h2 class=\"wp-block-heading\">Why SIS AR Automation Consulting<\/h2>\n\n\n\n<p>SIS International\u2019s AR <a href=\"https:\/\/www.sisinternational.com\/it\/soluzioni\/ai-ricerche-di-mercato-e-consulenza-strategica\/automazione-dei-servizi-di-beni-di-consumo-e-consulenza\/\" title=\"Automazione di beni e servizi di consumo e consulenza sull&#039;intelligenza artificiale\"  data-wpil-monitor-id=\"3882\">automation consulting services<\/a> empower businesses across various industries to revolutionize their accounts receivable processes. SIS International helps clients achieve operational efficiency, financial optimization, and strategic growth. Here&#8217;s how our consulting services bring <a class=\"wpil_keyword_link\" href=\"https:\/\/www.sisinternational.com\/it\/sulla-sua-ricerca-internazionale\/\"   title=\"Chi siamo\" data-wpil-keyword-link=\"linked\"  data-wpil-monitor-id=\"552\">about<\/a> transformational change:<\/p>\n\n\n\n<ul class=\"wp-block-list\">\n<li><strong>Progettazione di soluzioni su misura:<\/strong> SIS International recognizes that each business has unique challenges and objectives. Its consultants meticulously assess the client&#8217;s current AR processes, identify inefficiencies, and design automation solutions that are precisely tailored to meet those specific needs.<\/li>\n\n\n\n<li><strong>Supporto all&#039;implementazione strategica:<\/strong> Transitioning to an automated AR system can be complex. SIS provides comprehensive support throughout the implementation phase, ensuring minimal disruption to daily operations.&nbsp;<\/li>\n\n\n\n<li><strong>Formazione e gestione del cambiamento:<\/strong> A key aspect of <a href=\"https:\/\/www.linkedin.com\/company\/sisinternationalresearch\/\" target=\"_blank\" rel=\"noopener\">SIS Internazionale<\/a>\u2019s services is its focus on training and change management. Recognizing that the success of AR automation depends on user adoption, SIS offers extensive staff training, ensuring they are proficient in using the new system.<\/li>\n\n\n\n<li><strong>Analisi dei dati e approfondimenti:<\/strong> With AR automation, businesses access valuable data that can drive strategic decision-making. SIS International helps clients leverage this data, offering analytics services that provide insights into payment patterns, customer behavior, and financial trends.&nbsp;<\/li>\n<\/ul>\n\n\n\n<div class=\"is-root-container is-desktop-preview is-layout-flow wp-block-post-content block-editor-block-list__layout\" spellcheck=\"false\">\n<div id=\"block-37fdf129-2515-4c97-9c3a-bd8432dd582f\" class=\"block-editor-block-list__block wp-block is-selected wp-block-freeform\" tabindex=\"0\" role=\"document\" aria-label=\"Blocco: Classico\" data-block=\"37fdf129-2515-4c97-9c3a-bd8432dd582f\" data-type=\"core\/freeform\" data-title=\"Classic\">\n<div id=\"editor-37fdf129-2515-4c97-9c3a-bd8432dd582f\" class=\"wp-block-freeform block-library-rich-text__tinymce mce-content-body html5-captions mce-edit-focus\" style=\"position: relative;\" contenteditable=\"true\">\n<h2>La nostra sede a New York<\/h2>\n<p>\n\n\n\n<iframe loading=\"lazy\" src=\"https:\/\/www.google.com\/maps\/embed?pb=!1m18!1m12!1m3!1d3022.976188376966!2d-73.99130312499956!3d40.740549471389315!2m3!1f0!2f0!3f0!3m2!1i1024!2i768!4f13.1!3m3!1m2!1s0x89c259a15798c731%3A0xd695d09bdd495f25!2s11%20E%2022nd%20St%20FL%202%2C%20New%20York%2C%20NY%2010010%2C%20USA!5e0!3m2!1sen!2spe!4v1726171763526!5m2!1sen!2spe\" width=\"600\" height=\"450\" allowfullscreen=\"allowfullscreen\" data-mce-fragment=\"1\"><\/iframe>\n\n\n\n<\/p>\n<h3 class=\"wp-block-heading\">11 E 22nd Street, piano 2, New York, NY 10010 T: +1(212) 505-6805<\/h3>\n<hr>\n<h2><span style=\"font-weight: 400;\">A proposito di SIS Internazionale<\/span><\/h2>\n<p><a href=\"https:\/\/www.sisinternational.com\/it\/\"><span style=\"font-weight: 400;\">SIS Internazionale<\/span><\/a><span style=\"font-weight: 400;\"> offers Quantitative, Qualitative, and Strategy Research. We provide data, tools, strategies, reports, and insights for decision-making. We also conduct interviews, surveys, focus groups, and other <a class=\"wpil_keyword_link\" href=\"https:\/\/www.sisinternational.com\/it\/casi-studio\/\" title=\"Casi studio\" data-wpil-keyword-link=\"linked\" data-wpil-monitor-id=\"553\">Ricerca di mercato<\/a> methods and approaches.<\/span><a href=\"https:\/\/www.sisinternational.com\/it\/sulla-sua-ricerca-internazionale\/contact-sis-international-market-research\/\"><span style=\"font-weight: 400;\"> Contattaci<\/span><\/a><span style=\"font-weight: 400;\"> per il tuo prossimo progetto di ricerca di mercato.<\/span><\/p>\n<hr><\/div>\n<\/div>\n<\/div>","protected":false},"excerpt":{"rendered":"<p>La consulenza sull&#039;automazione AR implementa strategicamente soluzioni software progettate per automatizzare e ottimizzare il processo di contabilit\u00e0 clienti.<\/p>","protected":false},"author":1,"featured_media":63845,"parent":44406,"menu_order":77,"comment_status":"closed","ping_status":"closed","template":"","meta":{"footnotes":""},"class_list":["post-47039","page","type-page","status-publish","has-post-thumbnail"],"_links":{"self":[{"href":"https:\/\/www.sisinternational.com\/it\/wp-json\/wp\/v2\/pages\/47039","targetHints":{"allow":["GET"]}}],"collection":[{"href":"https:\/\/www.sisinternational.com\/it\/wp-json\/wp\/v2\/pages"}],"about":[{"href":"https:\/\/www.sisinternational.com\/it\/wp-json\/wp\/v2\/types\/page"}],"author":[{"embeddable":true,"href":"https:\/\/www.sisinternational.com\/it\/wp-json\/wp\/v2\/users\/1"}],"replies":[{"embeddable":true,"href":"https:\/\/www.sisinternational.com\/it\/wp-json\/wp\/v2\/comments?post=47039"}],"version-history":[{"count":13,"href":"https:\/\/www.sisinternational.com\/it\/wp-json\/wp\/v2\/pages\/47039\/revisions"}],"predecessor-version":[{"id":81240,"href":"https:\/\/www.sisinternational.com\/it\/wp-json\/wp\/v2\/pages\/47039\/revisions\/81240"}],"up":[{"embeddable":true,"href":"https:\/\/www.sisinternational.com\/it\/wp-json\/wp\/v2\/pages\/44406"}],"wp:featuredmedia":[{"embeddable":true,"href":"https:\/\/www.sisinternational.com\/it\/wp-json\/wp\/v2\/media\/63845"}],"wp:attachment":[{"href":"https:\/\/www.sisinternational.com\/it\/wp-json\/wp\/v2\/media?parent=47039"}],"curies":[{"name":"wp","href":"https:\/\/api.w.org\/{rel}","templated":true}]}}