{"id":46997,"date":"2024-03-20T00:28:49","date_gmt":"2024-03-20T04:28:49","guid":{"rendered":"https:\/\/www.sisinternational.com\/?page_id=46997"},"modified":"2026-03-25T20:19:14","modified_gmt":"2026-03-26T00:19:14","slug":"ricerca-di-due-diligence-su-fusioni-e-acquisizioni","status":"publish","type":"page","link":"https:\/\/www.sisinternational.com\/it\/soluzioni\/ricerca-di-due-diligence-su-fusioni-e-acquisizioni\/","title":{"rendered":"Ricerca di due diligence su fusioni e acquisizioni"},"content":{"rendered":"<h1 class=\"wp-block-heading\">Ricerca di due diligence su fusioni e acquisizioni<\/h1>\n\n\n\n<figure class=\"gb-block-image gb-block-image-7420f231\"><img loading=\"lazy\" decoding=\"async\" width=\"1456\" height=\"816\" class=\"gb-image gb-image-7420f231\" src=\"https:\/\/www.sisinternational.com\/wp-content\/uploads\/2025\/08\/B2B-2-5.jpg\" alt=\"Ricerca e strategia di mercato internazionale SIS\" title=\"B2B 2 (5)\" srcset=\"https:\/\/www.sisinternational.com\/wp-content\/uploads\/2025\/08\/B2B-2-5.jpg 1456w, https:\/\/www.sisinternational.com\/wp-content\/uploads\/2025\/08\/B2B-2-5-300x168.jpg 300w, https:\/\/www.sisinternational.com\/wp-content\/uploads\/2025\/08\/B2B-2-5-1024x574.jpg 1024w, https:\/\/www.sisinternational.com\/wp-content\/uploads\/2025\/08\/B2B-2-5-768x430.jpg 768w, https:\/\/www.sisinternational.com\/wp-content\/uploads\/2025\/08\/B2B-2-5-18x10.jpg 18w\" sizes=\"auto, (max-width: 1456px) 100vw, 1456px\"><\/figure>\n\n\n\n<p><\/p>\n\n\n\n<hr class=\"wp-block-separator has-alpha-channel-opacity is-style-dots\"\/>\n\n\n\n<p>In un\u2019era in cui le alleanze strategiche e le espansioni aziendali sono all\u2019ordine del giorno, la ricerca di due diligence su fusioni e acquisizioni getta le basi per fusioni e acquisizioni di successo\u2026 Ma qual \u00e8 esattamente il ruolo di questa ricerca e perch\u00e9 \u00e8 fondamentale per le aziende?<\/p>\n\n\n\n<h2 class=\"wp-block-heading\">Comprendere la ricerca sulla due diligence su fusioni e acquisizioni<\/h2>\n\n\n\n<p>La ricerca di due diligence su fusioni e acquisizioni \u00e8 un processo di valutazione completo che precede qualsiasi fusione o acquisizione aziendale. Questa ricerca approfondisce gli aspetti operativi, finanziari, legali e strategici della societ\u00e0 target, con l&#039;obiettivo di scoprire eventuali rischi o passivit\u00e0 che potrebbero influire sul successo dell&#039;operazione. La natura meticolosa di questa ricerca garantisce che le aziende acquirenti siano pienamente informate sui loro potenziali investimenti, consentendo loro di prendere decisioni ben fondate.<\/p>\n\n\n\n<p>The process involves thoroughly examining the target company&#8217;s financial statements, legal contracts, operational processes, and market positioning. <a href=\"https:\/\/www.sisinternational.com\/it\/soluzioni\/consulenza-strategica\/identificazione-degli-obiettivi-di-fusioni-e-acquisizioni\/\" title=\"Ricerca su fusioni e acquisizioni\"  data-wpil-monitor-id=\"6945\">Mergers and acquisitions due diligence research<\/a> not only assesses the current health and viability of the business but also projects its future performance within the context of the acquiring company&#8217;s strategic goals.<\/p>\n\n\n\n<h2 class=\"wp-block-heading\">Perch\u00e9 le aziende hanno bisogno di una ricerca di due diligence su fusioni e acquisizioni?<\/h2>\n\n\n\n<p>La ricerca di due diligence su fusioni e acquisizioni mitiga il rischio. Svelando le dimensioni finanziarie, legali, operative e strategiche della societ\u00e0 target, le aziende possono identificare potenziali segnali di allarme o interruzioni degli accordi che potrebbero mettere a repentaglio il successo della transazione.<\/p>\n\n\n\n<p>Inoltre, questa ricerca facilita un processo di integrazione post-acquisizione pi\u00f9 agevole. Comprendere le sfumature culturali, operative e strategiche dell&#039;azienda target consente alle aziende acquirenti di sviluppare piani di integrazione completi che riducono al minimo le interruzioni e accelerano la realizzazione delle sinergie. Questo lavoro preparatorio \u00e8 fondamentale per mantenere la continuit\u00e0 aziendale, il morale dei dipendenti e la soddisfazione dei clienti durante il periodo di transizione.<\/p>\n\n\n\n<p>Inoltre, consente alle aziende di valutare accuratamente il proprio target. Analizzando la salute finanziaria, le prospettive di crescita e il posizionamento di mercato dell\u2019azienda, gli acquirenti possono determinare una valutazione equa e realistica che riflette sia il valore attuale che il potenziale futuro. Questa visione finanziaria \u00e8 fondamentale per strutturare un accordo che offra un valore equo a entrambe le parti e supporti il successo a lungo termine dell\u2019entit\u00e0 risultante dalla fusione.<\/p>\n\n\n\n<h2 class=\"wp-block-heading\">Chi utilizza la ricerca di due diligence su fusioni e acquisizioni<\/h2>\n\n\n\n<p>I dirigenti aziendali si affidano alla ricerca di due diligence per prendere decisioni informate in merito a potenziali fusioni o acquisizioni. Questa ricerca fornisce loro una comprensione completa della salute finanziaria, dell&#039;efficienza operativa e del posizionamento strategico della societ\u00e0 target. Consente loro di valutare in che misura il potenziale accordo si allinea con la strategia aziendale e gli obiettivi di crescita.<\/p>\n\n\n\n<p>Anche i banchieri d&#039;investimento utilizzano questa ricerca come pietra angolare dei loro servizi di consulenza. Sia che rappresentino l&#039;acquirente o il venditore, i banchieri d&#039;investimento analizzano i risultati della due diligence per fornire consulenza sulla strutturazione degli affari, sulla valutazione e sulle strategie di negoziazione, garantendo che i loro clienti prendano decisioni di investimento ben informate.<\/p>\n\n\n\n<p>Gli investitori di private equity sono un altro gruppo significativo di utenti. Data la loro attenzione alla massimizzazione del ritorno sull\u2019investimento, questi investitori dipendono da un\u2019accurata due diligence per scoprire il vero valore dei potenziali obiettivi di acquisizione. Questa ricerca li aiuta a identificare opportunit\u00e0 di creazione di valore, valutare i rischi e determinare il potenziale di miglioramenti operativi e di crescita strategica post-acquisizione.<\/p>\n\n\n\n<p>Inoltre, i consulenti legali sfruttano la ricerca di due diligence su fusioni e acquisizioni per identificare eventuali passivit\u00e0 legali, obblighi contrattuali o questioni normative associate alla societ\u00e0 target. Queste informazioni sono fondamentali per valutare i rischi legali, garantire la conformit\u00e0 alle leggi e ai regolamenti pertinenti e consigliare i clienti sugli aspetti legali della transazione.<\/p>\n\n\n\n<h2 class=\"wp-block-heading\">Risultati attesi dalla ricerca di due diligence su fusioni e acquisizioni di SIS<\/h2>\n\n\n\n<figure class=\"gb-block-image gb-block-image-f1a6353b\"><img loading=\"lazy\" decoding=\"async\" width=\"1456\" height=\"816\" class=\"gb-image gb-image-f1a6353b\" src=\"https:\/\/www.sisinternational.com\/wp-content\/uploads\/2025\/08\/Global-4.jpg\" alt=\"Ricerca e strategia di mercato internazionale SIS\" title=\"Global (4)\" srcset=\"https:\/\/www.sisinternational.com\/wp-content\/uploads\/2025\/08\/Global-4.jpg 1456w, https:\/\/www.sisinternational.com\/wp-content\/uploads\/2025\/08\/Global-4-300x168.jpg 300w, https:\/\/www.sisinternational.com\/wp-content\/uploads\/2025\/08\/Global-4-1024x574.jpg 1024w, https:\/\/www.sisinternational.com\/wp-content\/uploads\/2025\/08\/Global-4-768x430.jpg 768w, https:\/\/www.sisinternational.com\/wp-content\/uploads\/2025\/08\/Global-4-18x10.jpg 18w\" sizes=\"auto, (max-width: 1456px) 100vw, 1456px\"><\/figure>\n\n\n\n<p><\/p>\n\n\n\n<p>Quando interagiscono con SIS International per ricerche di due diligence su fusioni e acquisizioni, i clienti possono anticipare una serie completa di risultati che mettono in luce la natura sfaccettata delle potenziali transazioni di M&amp;A. L&#039;approccio di SIS garantisce che le aziende siano dotate delle conoscenze approfondite necessarie per affrontare le complessit\u00e0 di fusioni e acquisizioni, guidando in definitiva le decisioni strategiche e facilitando integrazioni di successo.<\/p>\n\n\n\n<ul class=\"wp-block-list\">\n<li><strong>Analisi finanziaria completa:<\/strong> Un esame dettagliato della salute finanziaria della societ\u00e0 target \u00e8 al centro della due diligence di SIS. I clienti possono aspettarsi informazioni dettagliate sui flussi di entrate, sulla redditivit\u00e0, sulla stabilit\u00e0 del flusso di cassa e sulle passivit\u00e0 finanziarie dell&#039;azienda. Questa analisi rivela la solidit\u00e0 finanziaria dell&#039;obiettivo, evidenziando eventuali aree di preoccupazione che potrebbero influenzare il valore della transazione.<\/li>\n\n\n\n<li><strong>Revisione dell&#039;efficacia operativa:<\/strong> Il SIS approfondisce gli aspetti operativi dell&#039;azienda target, valutandone l&#039;efficienza, la scalabilit\u00e0 e l&#039;infrastruttura tecnologica. Questa revisione identifica i punti di forza e di debolezza operativi, mostrando chiaramente la capacit\u00e0 dell&#039;azienda di integrazione e crescita all&#039;interno delle attivit\u00e0 dell&#039;entit\u00e0 acquirente.<\/li>\n\n\n\n<li><strong>Valutazione della conformit\u00e0 legale e normativa:<\/strong> Comprendere il panorama legale \u00e8 fondamentale nelle transazioni di M&amp;A. La ricerca di SIS valuta approfonditamente la conformit\u00e0 della societ\u00e0 target alle leggi e ai regolamenti pertinenti, ai diritti di propriet\u00e0 intellettuale, agli obblighi contrattuali e ai potenziali rischi di contenzioso. Ci\u00f2 garantisce che i clienti siano a conoscenza delle considerazioni legali che potrebbero influire sull\u2019accordo.<\/li>\n\n\n\n<li><strong>Analisi dell&#039;adattamento strategico e del potenziale di sinergia:<\/strong> Al di l\u00e0 dei parametri finanziari e operativi, SIS valuta quanto bene l&#039;azienda target si allinea con gli obiettivi strategici del cliente e identifica potenziali sinergie. Questa analisi offre una tabella di marcia per integrare la societ\u00e0 target e massimizzare il valore dell&#039;entit\u00e0 combinata.<\/li>\n\n\n\n<li><strong>Panoramica del mercato e del panorama competitivo:<\/strong> Il SIS offre uno sguardo approfondito al posizionamento di mercato del target, all&#039;ambiente competitivo e alle tendenze del settore. Questa prospettiva di mercato pi\u00f9 ampia aiuta i clienti a comprendere il potenziale di crescita e il vantaggio competitivo dell&#039;azienda target nel panorama industriale pi\u00f9 ampio.<\/li>\n<\/ul>\n\n\n\n<h2 class=\"wp-block-heading\">Opportunit\u00e0<\/h2>\n\n\n\n<p>Mergers and acquisitions due diligence <a class=\"wpil_keyword_link\" href=\"https:\/\/www.sisinternational.com\/it\/soluzioni\/\"   title=\"Soluzioni\" data-wpil-keyword-link=\"linked\"  data-wpil-monitor-id=\"558\">ricerca di mercato<\/a> offers several opportunities for businesses, including:<\/p>\n\n\n\n<ul class=\"wp-block-list\">\n<li><strong>Identificazione del valore:<\/strong> La ricerca di due diligence pu\u00f2 scoprire valore nascosto nell\u2019azienda target, come risorse sottoutilizzate, mercati non sfruttati o tecnologie innovative. Ci\u00f2 pu\u00f2 aiutare la societ\u00e0 acquirente a identificare sinergie e opportunit\u00e0 di crescita che potrebbero non essere immediatamente evidenti.<\/li>\n\n\n\n<li><strong>Allineamento strategico:<\/strong> La ricerca degli obiettivi strategici, della cultura e delle pratiche operative dell&#039;azienda target pu\u00f2 aiutare a valutare la compatibilit\u00e0 tra le due societ\u00e0. Ci\u00f2 \u00e8 fondamentale per garantire un\u2019integrazione di successo e raggiungere obiettivi strategici a lungo termine.<\/li>\n\n\n\n<li><strong>Conformit\u00e0 normativa:<\/strong> La due diligence implica la verifica della conformit\u00e0 alle normative pertinenti e agli standard di settore. Ci\u00f2 \u00e8 essenziale per evitare problemi legali e normativi che potrebbero sorgere dopo l\u2019acquisizione.<\/li>\n\n\n\n<li><a href=\"https:\/\/www.sisinternational.com\/it\/copertura\/ricerche-di-mercato-asiatiche\/ricerche-di-mercato-a-taiwan\/\" title=\"Ricerche di mercato a Taiwan\"  data-wpil-monitor-id=\"5644\">Market Positioning: Researching<\/a> the target company&#8217;s market position, competitive landscape, and industry trends can provide insights into how the acquisition will impact the acquirer&#8217;s market standing.<\/li>\n\n\n\n<li><strong>Tecnologia e propriet\u00e0 intellettuale:<\/strong> La valutazione delle risorse tecnologiche e della propriet\u00e0 intellettuale dell&#039;azienda target pu\u00f2 rivelare opportunit\u00e0 di innovazione e differenziazione. Ci\u00f2 \u00e8 particolarmente importante nei settori basati sulla tecnologia in cui la propriet\u00e0 intellettuale pu\u00f2 rappresentare un fattore chiave di valore.<\/li>\n<\/ul>\n\n\n\n<h2 class=\"wp-block-heading\">Sfide<\/h2>\n\n\n\n<p>La ricerca sulla due diligence su fusioni e acquisizioni presenta diverse sfide per le aziende. Ecco alcuni problemi comuni:<\/p>\n\n\n\n<ul class=\"wp-block-list\">\n<li><strong>Asimmetria informativa:<\/strong> La societ\u00e0 target potrebbe nascondere informazioni o fornire dati incompleti, portando a una comprensione imprecisa del suo valore, dei rischi e delle opportunit\u00e0. Garantire la trasparenza e l\u2019accesso alle informazioni pertinenti rappresenta una sfida importante.<\/li>\n\n\n\n<li><strong>Complessit\u00e0 della societ\u00e0 target:<\/strong> Le aziende target pi\u00f9 grandi o pi\u00f9 complesse possono presentare sfide significative nella due diligence. Comprendere strutture finanziarie complesse, diverse unit\u00e0 aziendali e operazioni globali richiede competenze e risorse.<\/li>\n\n\n\n<li><strong>Discrepanze di valutazione:<\/strong> La stima del valore equo della societ\u00e0 target implica ipotesi e giudizi che possono portare a discrepanze tra il valore percepito e il valore effettivo. Ci\u00f2 pu\u00f2 avere un impatto sul processo di negoziazione e sul successo dell\u2019acquisizione.<\/li>\n\n\n\n<li><strong>Rischi per la sicurezza informatica:<\/strong> Nell&#039;era digitale di oggi, valutare il livello di sicurezza informatica dell&#039;azienda target \u00e8 fondamentale. Identificare le vulnerabilit\u00e0 e le potenziali responsabilit\u00e0 legate alle violazioni dei dati o alle minacce informatiche \u00e8 una sfida crescente.<\/li>\n\n\n\n<li><strong>Questioni ambientali e sociali:<\/strong> Le responsabilit\u00e0 ambientali e le preoccupazioni in materia di responsabilit\u00e0 sociale possono avere implicazioni finanziarie e reputazionali significative. La due diligence deve comprendere questi aspetti per garantire pratiche commerciali sostenibili e responsabili.<\/li>\n<\/ul>\n\n\n\n<h2 class=\"wp-block-heading\">In che modo la ricerca di due diligence su fusioni e acquisizioni di SIS International aiuta le aziende<\/h2>\n\n\n\n<p>La ricerca di due diligence su fusioni e acquisizioni di SIS International offre alle aziende un vantaggio fondamentale nella gestione delle transazioni di M&amp;A. Sfruttando una vasta esperienza, una rete globale di risorse e un approccio multidisciplinare, SIS fornisce ai clienti le informazioni complete e la guida strategica necessarie per prendere decisioni informate e ottenere risultati di successo. Ecco come l&#039;esperienza di SIS International nella ricerca di due diligence avvantaggia le aziende che intraprendono attivit\u00e0 di M&amp;A.<\/p>\n\n\n\n<ul class=\"wp-block-list\">\n<li><strong>Analisi finanziaria approfondita e approfondimenti sulla valutazione:<\/strong> La meticolosa analisi finanziaria di SIS International svela la vera salute finanziaria della societ\u00e0 target, rivelando rischi e opportunit\u00e0 sottostanti che influiscono sulla valutazione e sulla strutturazione dell&#039;operazione. Questo accurato controllo finanziario garantisce che le aziende paghino un prezzo equo per le loro acquisizioni, mitigando il rischio di sopravvalutazione e di conseguente sottoperformance finanziaria.<\/li>\n\n\n\n<li><strong>Efficienza operativa e identificazione delle sinergie:<\/strong> Attraverso la due diligence operativa, SIS International identifica le aree in cui \u00e8 possibile realizzare efficienze e sinergie operative, fornendo una chiara tabella di marcia per l\u2019integrazione e la creazione di valore dopo la fusione. Questa analisi aiuta le aziende a capire come unire al meglio le operazioni, semplificare i processi e ottenere risparmi sui costi, favorendo la redditivit\u00e0 e la crescita.<\/li>\n\n\n\n<li><strong>Gestione e mitigazione del rischio:<\/strong> L&#039;identificazione dei rischi potenziali, siano essi finanziari, legali, operativi o strategici, \u00e8 una pietra miliare dei servizi di due diligence di SIS International. Al di l\u00e0 della semplice identificazione, il SIS fornisce strategie attuabili per la mitigazione del rischio, consentendo alle aziende di affrontare potenziali problemi prima che diventino problematici, salvaguardando il successo della transazione.<\/li>\n\n\n\n<li><strong>Adattamento strategico e posizionamento sul mercato:<\/strong> SIS International valuta la corrispondenza strategica tra la societ\u00e0 acquirente e l&#039;azienda target, garantendo l&#039;allineamento con gli obiettivi strategici a lungo termine. Inoltre, le capacit\u00e0 di ricerca di mercato dell&#039;azienda offrono approfondimenti sulle tendenze del mercato, sul posizionamento competitivo e sulle opportunit\u00e0 di crescita, informando le decisioni strategiche e le strategie di integrazione post-fusione.<\/li>\n<\/ul>\n\n\n\n<h2 class=\"wp-block-heading\">La nostra sede a New York<\/h2>\n\n\n\n<p>\n\n\n\n<iframe loading=\"lazy\" src=\"https:\/\/www.google.com\/maps\/embed?pb=!1m18!1m12!1m3!1d3022.976188376966!2d-73.99130312499956!3d40.740549471389315!2m3!1f0!2f0!3f0!3m2!1i1024!2i768!4f13.1!3m3!1m2!1s0x89c259a15798c731%3A0xd695d09bdd495f25!2s11%20E%2022nd%20St%20FL%202%2C%20New%20York%2C%20NY%2010010%2C%20USA!5e0!3m2!1sen!2spe!4v1726171763526!5m2!1sen!2spe\" width=\"600\" height=\"450\" allowfullscreen=\"allowfullscreen\" data-mce-fragment=\"1\"><\/iframe>\n\n\n\n<\/p>\n\n\n\n<h3 class=\"wp-block-heading\">11 E 22nd Street, piano 2, New York, NY 10010 T: +1(212) 505-6805<\/h3>\n\n\n\n<hr class=\"wp-block-separator has-alpha-channel-opacity\"\/>\n\n\n\n<h2 class=\"wp-block-heading\"><span style=\"font-weight: 400;\">A proposito di SIS Internazionale<\/span><\/h2>\n\n\n\n<p><a href=\"https:\/\/www.sisinternational.com\/it\/\"><span style=\"font-weight: 400;\">SIS Internazionale<\/span><\/a><span style=\"font-weight: 400;\"> offre ricerca quantitativa, qualitativa e strategica. Forniamo dati, strumenti, strategie, report e approfondimenti per il processo decisionale. Conduciamo anche interviste, sondaggi, focus group e altri metodi e approcci di ricerca di mercato.<\/span><a href=\"https:\/\/www.sisinternational.com\/it\/sulla-sua-ricerca-internazionale\/contact-sis-international-market-research\/\"><span style=\"font-weight: 400;\"> Contattaci<\/span><\/a><span style=\"font-weight: 400;\"> per il tuo prossimo progetto di ricerca di mercato.<\/span><\/p>\n\n\n\n<p><\/p>\n\n\n\n<p>&nbsp;<\/p>\n\n\n\n<p>&nbsp;<\/p>","protected":false},"excerpt":{"rendered":"<p>La ricerca di due diligence su fusioni e acquisizioni mira a identificare potenziali rischi e passivit\u00e0 che potrebbero influenzare il successo dell&#039;operazione.<\/p>","protected":false},"author":1,"featured_media":62376,"parent":14457,"menu_order":33,"comment_status":"closed","ping_status":"closed","template":"","meta":{"footnotes":""},"class_list":["post-46997","page","type-page","status-publish","has-post-thumbnail"],"_links":{"self":[{"href":"https:\/\/www.sisinternational.com\/it\/wp-json\/wp\/v2\/pages\/46997","targetHints":{"allow":["GET"]}}],"collection":[{"href":"https:\/\/www.sisinternational.com\/it\/wp-json\/wp\/v2\/pages"}],"about":[{"href":"https:\/\/www.sisinternational.com\/it\/wp-json\/wp\/v2\/types\/page"}],"author":[{"embeddable":true,"href":"https:\/\/www.sisinternational.com\/it\/wp-json\/wp\/v2\/users\/1"}],"replies":[{"embeddable":true,"href":"https:\/\/www.sisinternational.com\/it\/wp-json\/wp\/v2\/comments?post=46997"}],"version-history":[{"count":18,"href":"https:\/\/www.sisinternational.com\/it\/wp-json\/wp\/v2\/pages\/46997\/revisions"}],"predecessor-version":[{"id":85103,"href":"https:\/\/www.sisinternational.com\/it\/wp-json\/wp\/v2\/pages\/46997\/revisions\/85103"}],"up":[{"embeddable":true,"href":"https:\/\/www.sisinternational.com\/it\/wp-json\/wp\/v2\/pages\/14457"}],"wp:featuredmedia":[{"embeddable":true,"href":"https:\/\/www.sisinternational.com\/it\/wp-json\/wp\/v2\/media\/62376"}],"wp:attachment":[{"href":"https:\/\/www.sisinternational.com\/it\/wp-json\/wp\/v2\/media?parent=46997"}],"curies":[{"name":"wp","href":"https:\/\/api.w.org\/{rel}","templated":true}]}}