{"id":46975,"date":"2024-03-19T16:23:45","date_gmt":"2024-03-19T20:23:45","guid":{"rendered":"https:\/\/www.sisinternational.com\/?page_id=46975"},"modified":"2025-10-15T20:29:33","modified_gmt":"2025-10-16T00:29:33","slug":"ricerca-di-mercato-sullabbandono-del-carrello","status":"publish","type":"page","link":"https:\/\/www.sisinternational.com\/it\/competenza\/ricerca-di-mercato-sullabbandono-del-carrello\/","title":{"rendered":"Ricerca di mercato sull\u2019abbandono del carrello"},"content":{"rendered":"<h1 class=\"wp-block-heading\">Ricerca di mercato sull\u2019abbandono del carrello<\/h1>\n\n\n\n<figure class=\"gb-block-image gb-block-image-291a06d8\"><img loading=\"lazy\" decoding=\"async\" width=\"1456\" height=\"816\" class=\"gb-image gb-image-291a06d8\" src=\"https:\/\/www.sisinternational.com\/wp-content\/uploads\/2025\/08\/Cart-abandonment-1.jpg\" alt=\"Ricerca e strategia di mercato internazionale SIS\" title=\"Cart abandonment (1)\" srcset=\"https:\/\/www.sisinternational.com\/wp-content\/uploads\/2025\/08\/Cart-abandonment-1.jpg 1456w, https:\/\/www.sisinternational.com\/wp-content\/uploads\/2025\/08\/Cart-abandonment-1-300x168.jpg 300w, https:\/\/www.sisinternational.com\/wp-content\/uploads\/2025\/08\/Cart-abandonment-1-1024x574.jpg 1024w, https:\/\/www.sisinternational.com\/wp-content\/uploads\/2025\/08\/Cart-abandonment-1-768x430.jpg 768w, https:\/\/www.sisinternational.com\/wp-content\/uploads\/2025\/08\/Cart-abandonment-1-18x10.jpg 18w\" sizes=\"auto, (max-width: 1456px) 100vw, 1456px\"><\/figure>\n\n\n\n<hr class=\"wp-block-separator has-alpha-channel-opacity is-style-dots\"\/>\n\n\n\n<p>La ricerca di mercato sull&#039;abbandono del carrello fornisce alle aziende di e-commerce le informazioni necessarie per migliorare l&#039;esperienza di acquisto online, ridurre i tassi di abbandono e aumentare i tassi di conversione complessivi.<\/p>\n\n\n\n<p>Perch\u00e9 cos\u00ec tanti consumatori abbandonano il carrello senza completare gli acquisti e cosa possono fare le aziende per affrontare questa sfida? La ricerca di mercato sull&#039;abbandono del carrello \u00e8 un&#039;area specializzata che cerca di svelare le complessit\u00e0 dietro i processi decisionali dei consumatori e di ideare strategie per migliorare i tassi di conversione.<\/p>\n\n\n\n<h2 class=\"wp-block-heading\">Che cos\u2019\u00e8 la ricerca di mercato sull\u2019abbandono del carrello?<\/h2>\n\n\n\n<p>La ricerca di mercato sull&#039;abbandono del carrello mira a capire perch\u00e9 gli acquirenti aggiungono articoli ai carrelli degli acquisti online ma poi lasciano il sito senza completare l&#039;acquisto. Questa ricerca approfondisce vari aspetti dell&#039;esperienza di acquisto online, dalla navigazione del sito web e il processo di pagamento alla trasparenza dei prezzi e alle opzioni di pagamento, per identificare le barriere che portano all&#039;abbandono del carrello.<\/p>\n\n\n\n<p>Un aspetto chiave della ricerca di mercato sull\u2019abbandono dei carrelli \u00e8 l\u2019identificazione di modelli e tendenze che contribuiscono a tassi di abbandono pi\u00f9 elevati. Fattori come costi di spedizione imprevisti, processi di pagamento complicati e preoccupazioni sulla sicurezza dei pagamenti sono spesso citati come motivi di abbandono.<\/p>\n\n\n\n<h2 class=\"wp-block-heading\">Perch\u00e9 le aziende hanno bisogno di ricerche di mercato sull\u2019abbandono del carrello?<\/h2>\n\n\n\n<p>L\u2019abbandono del carrello rappresenta una perdita diretta di potenziali entrate per le aziende. Ogni carrello abbandonato rappresenta un&#039;opportunit\u00e0 mancata di vendita e, se messe insieme, queste opportunit\u00e0 mancate possono comportare un impatto finanziario significativo. Analizzando in modo completo le ragioni dell\u2019abbandono del carrello, le aziende possono implementare interventi mirati per recuperare le vendite perse, aumentando cos\u00ec i profitti.<\/p>\n\n\n\n<p>In secondo luogo, tassi di abbandono elevati possono indicare problemi di fondo con la piattaforma di e-commerce o con l\u2019esperienza di acquisto. La ricerca di mercato sull&#039;abbandono del carrello consente alle aziende di identificare e affrontare questi punti critici, migliorando l&#039;esperienza dell&#039;utente e favorendo la fidelizzazione degli acquirenti.<\/p>\n\n\n\n<p>Inoltre, le informazioni derivate da questa ricerca consentono alle aziende di personalizzare le proprie strategie di marketing e retargeting in modo pi\u00f9 efficace. Comprendere i fattori specifici che portano all&#039;abbandono del carrello consente alle aziende di creare comunicazioni personalizzate per incoraggiare i clienti a tornare e completare i propri acquisti. Questo approccio mirato migliora i tassi di conversione e rafforza l&#039;impegno del marchio nel soddisfare le esigenze dei clienti.<\/p>\n\n\n\n<h2 class=\"wp-block-heading\">Vantaggi della ricerca di mercato sull\u2019abbandono del carrello<\/h2>\n\n\n\n<p>Intraprendere una ricerca di mercato sull&#039;abbandono del carrello offre alle aziende di e-commerce numerosi vantaggi per migliorare l&#039;esperienza di acquisto online e aumentare i tassi di conversione delle vendite. Approfondendo il motivo per cui i potenziali clienti se ne vanno senza completare gli acquisti, le aziende possono ottenere informazioni utili che portano a miglioramenti strategici attraverso le loro piattaforme digitali.<\/p>\n\n\n\n<ul class=\"wp-block-list\">\n<li><strong>Processo di pagamento migliorato:<\/strong> Uno dei principali vantaggi derivanti dalla conduzione di ricerche di mercato sull&#039;abbandono dei carrelli \u00e8 l&#039;identificazione e la correzione dei problemi durante il processo di pagamento. Ostacoli comuni come una navigazione complicata, campi modulo eccessivi o costi di spedizione poco chiari possono dissuadere i clienti dall&#039;ostacolo finale.<\/li>\n\n\n\n<li><strong>Esperienza cliente migliorata:<\/strong> Every aspect is scrutinized for potential improvements from website design and <a href=\"https:\/\/www.sisinternational.com\/it\/soluzioni\/prova-del-gusto\/servizi-di-test-di-prodotto-a-new-york\/\" title=\"Servizi di test di prodotto a New York\"  data-wpil-monitor-id=\"8945\">Prodotto<\/a> presentation to payment security and customer service. Businesses can use these insights to create a more engaging and user-friendly e-commerce environment that retains customers and attracts new ones through positive word-of-mouth.<\/li>\n\n\n\n<li><strong>Strategie di recupero efficaci:<\/strong> Campagne e-mail personalizzate, promemoria tempestivi e offerte speciali rivolte alle persone che hanno abbandonato il carrello possono incoraggiarle a rivisitare e completare l&#039;acquisto. Le ricerche di mercato forniscono i dati necessari per personalizzare questi interventi, rendendoli pi\u00f9 rilevanti e attraenti per i clienti.<\/li>\n\n\n\n<li><strong>Aumento dei tassi di conversione:<\/strong> Le aziende possono aumentare in modo significativo i propri tassi di conversione implementando modifiche basate sui risultati delle ricerche di mercato. Ci\u00f2 influisce direttamente sulle entrate e migliora l&#039;efficienza complessiva degli sforzi di marketing e vendita, garantendo che il traffico verso il sito abbia maggiori probabilit\u00e0 di portare a vendite completate.<\/li>\n\n\n\n<li><strong>Vantaggio competitivo:<\/strong> Questa ricerca fornisce alle aziende le conoscenze necessarie per offrire un&#039;esperienza di acquisto superiore che si distingue. Affrontando le esigenze specifiche e i punti critici dei propri clienti, le aziende possono costruire una base di clienti fedeli e una forte reputazione del marchio, che sono componenti chiave del successo a lungo termine.<\/li>\n<\/ul>\n\n\n\n<h2 class=\"wp-block-heading\">Chi utilizza le ricerche di mercato sull&#039;abbandono del carrello<\/h2>\n\n\n\n<p>In prima linea ci sono le attivit\u00e0 di e-commerce, che abbracciano un\u2019ampia gamma di settori, dalla vendita al dettaglio ai servizi. Queste aziende sono direttamente influenzate dai tassi di abbandono dei carrelli e quindi hanno tutto l\u2019interesse a comprenderne le cause sottostanti. All&#039;interno di queste entit\u00e0 di e-commerce, i team di marketing utilizzano la ricerca sull&#039;abbandono del carrello per mettere a punto le proprie strategie. Gli approfondimenti sul motivo per cui i clienti abbandonano i carrelli guidano lo sviluppo di campagne di marketing mirate, tra cui retargeting via e-mail, offerte personalizzate e migliori consigli sui prodotti per restituire ai clienti la possibilit\u00e0 di completare i loro acquisti.<\/p>\n\n\n\n<p>Inoltre, i progettisti UX\/UI si affidano alla ricerca per creare ambienti di shopping online pi\u00f9 intuitivi e coinvolgenti. Comprendere il percorso dell&#039;utente e i punti di attrito lungo il percorso consente ai progettisti di creare siti Web e app che facilitino un percorso agevole verso l&#039;acquisto, riducendo al minimo i motivi di abbandono.<\/p>\n\n\n\n<p>Likewise, specialists focused on customer experience use this research to <a href=\"https:\/\/www.sisinternational.com\/it\/soluzioni\/soluzioni-di-branding-e-ricerca-clienti\/mappatura-del-percorso-del-cliente\/\" title=\"Mappatura del percorso del cliente\"  data-wpil-monitor-id=\"8947\">map out the entire customer journey<\/a>, identifying not just points of friction but also opportunities to delight customers. Insights from cart abandonment studies can inform strategies to enhance customer support, improve product information, and ensure transparency in pricing and shipping\u2014factors that significantly influence the buying decision.<\/p>\n\n\n\n<p>Additionally, e-commerce platform developers use <a href=\"https:\/\/www.sisinternational.com\/it\/soluzioni\/soluzioni-di-branding-e-ricerca-clienti\/test-di-usabilita-ricerca-sullesperienza-utente\/\" title=\"Ricerche di mercato sugli utenti e test di usabilit\u00e0\"  data-wpil-monitor-id=\"8949\">market research to build better user<\/a> tools and features. This includes integrated analytics, optimized checkout modules, and enhanced security features that address common reasons for cart abandonment. By incorporating these insights into their platform development, they can offer more robust solutions to e-commerce businesses.<\/p>\n\n\n\n<h2 class=\"wp-block-heading\">Quando condurre ricerche di mercato sull\u2019abbandono del carrello<\/h2>\n\n\n\n<p>Determinare il momento ottimale per condurre ricerche di mercato sull\u2019abbandono del carrello \u00e8 fondamentale per le aziende di e-commerce che mirano a massimizzarne i vantaggi e ad affrontare strategicamente le questioni che incidono sui tassi di conversione. Alcuni indicatori sono:<\/p>\n\n\n\n<ul class=\"wp-block-list\">\n<li><strong>A seguito degli aggiornamenti del sito Web o della piattaforma:<\/strong> Dopo aver implementato modifiche o aggiornamenti significativi ai siti Web o alle piattaforme di e-commerce, \u00e8 essenziale valutare l&#039;impatto sul comportamento dei clienti e sui tassi di abbandono del carrello. Questi aggiornamenti potrebbero includere revisioni del processo di pagamento, riprogettazione del sito o l&#039;introduzione di nuove opzioni di pagamento.<\/li>\n\n\n\n<li><strong>Picchi stagionali o promozionali:<\/strong> Le aziende di e-commerce spesso sperimentano fluttuazioni del traffico e del volume delle vendite durante i picchi stagionali o i periodi promozionali. Questi tempi sono ideali per studiare l\u2019abbandono del carrello, poich\u00e9 il maggiore volume di attivit\u00e0 pu\u00f2 fornire una grande quantit\u00e0 di dati su come diversi fattori influenzano il processo decisionale dei consumatori in condizioni diverse. Le informazioni acquisite possono informare le strategie per ottimizzare le prestazioni durante i futuri periodi di punta.<\/li>\n\n\n\n<li><strong>Tassi di abbandono superiori alla media:<\/strong> Se le analisi indicano che i tassi di abbandono del carrello sono in aumento o significativamente pi\u00f9 alti rispetto ai parametri di riferimento del settore, \u00e8 un chiaro segnale da indagare. Le ricerche di mercato possono scoprire i problemi specifici che portano a questa tendenza, siano essi legati all&#039;esperienza dell&#039;utente, alle strategie di prezzo o a fattori esterni.<\/li>\n\n\n\n<li><strong>Recensioni regolari delle prestazioni:<\/strong> Al di l\u00e0 di questi scenari specifici, \u00e8 vantaggioso per le aziende condurre regolarmente ricerche di mercato sull&#039;abbandono del carrello, ad esempio semestralmente o annualmente. Questo impegno costante aiuta le aziende a tenere il passo con il cambiamento dei comportamenti dei consumatori, i progressi tecnologici e le dinamiche competitive, garantendo che rimangano proattive nell\u2019ottimizzazione delle loro strategie di e-commerce.<\/li>\n<\/ul>\n\n\n\n<h2 class=\"wp-block-heading\">Fattori critici di successo<\/h2>\n\n\n\n<figure class=\"gb-block-image gb-block-image-25ac8c42\"><img loading=\"lazy\" decoding=\"async\" width=\"1456\" height=\"816\" class=\"gb-image gb-image-25ac8c42\" src=\"https:\/\/www.sisinternational.com\/wp-content\/uploads\/2025\/08\/Cart-abandonment-4.jpg\" alt=\"Ricerca e strategia di mercato internazionale SIS\" title=\"Cart abandonment (4)\" srcset=\"https:\/\/www.sisinternational.com\/wp-content\/uploads\/2025\/08\/Cart-abandonment-4.jpg 1456w, https:\/\/www.sisinternational.com\/wp-content\/uploads\/2025\/08\/Cart-abandonment-4-300x168.jpg 300w, https:\/\/www.sisinternational.com\/wp-content\/uploads\/2025\/08\/Cart-abandonment-4-1024x574.jpg 1024w, https:\/\/www.sisinternational.com\/wp-content\/uploads\/2025\/08\/Cart-abandonment-4-768x430.jpg 768w, https:\/\/www.sisinternational.com\/wp-content\/uploads\/2025\/08\/Cart-abandonment-4-18x10.jpg 18w\" sizes=\"auto, (max-width: 1456px) 100vw, 1456px\"><\/figure>\n\n\n\n<p><\/p>\n\n\n\n<p>Affinch\u00e9 la ricerca di mercato sull\u2019abbandono del carrello possa davvero avvantaggiare un\u2019attivit\u00e0 di e-commerce, \u00e8 necessario osservare meticolosamente alcuni fattori critici di successo. Questi fattori garantiscono che la ricerca sia approfondita e attuabile, migliorando l\u2019esperienza del cliente e i tassi di conversione.<\/p>\n\n\n\n<ul class=\"wp-block-list\">\n<li><strong>Comprehensive <\/strong><a href=\"https:\/\/www.sisinternational.com\/it\/competenza\/industrie\/ricerche-di-mercato-sulla-raccolta-dati\/\" title=\"Ricerche di mercato sulla raccolta dati\"  data-wpil-monitor-id=\"8942\">Data Collection: Successful market research<\/a> begins with comprehensive data covering shopping journeys. This includes quantitative data from analytics tools on when and where cart abandonment occurs and qualitative insights from customer surveys and feedback to understand the &#8216;why&#8217; behind the behavior.<\/li>\n\n\n\n<li><strong>Segmentazione e personalizzazione:<\/strong> Non tutti i clienti sono uguali e le ragioni dell\u2019abbandono del carrello variano notevolmente. Segmentare il pubblico in base a dati demografici, comportamento o cronologia degli acquisti pu\u00f2 fornire informazioni pi\u00f9 dettagliate sui gruppi di clienti.<\/li>\n\n\n\n<li><strong>Ottimizzazione dell&#039;esperienza utente (UX):<\/strong> La ricerca dovrebbe informare direttamente i miglioramenti della UX, concentrandosi sulla semplificazione del processo di pagamento, sul miglioramento della navigazione del sito Web e sulla garanzia che le informazioni sui prezzi e sulla spedizione siano chiare e trasparenti.<\/li>\n\n\n\n<li><strong>Test e iterazione:<\/strong> L\u2019implementazione dei cambiamenti basati sui risultati delle ricerche di mercato \u00e8 solo l\u2019inizio. Testare continuamente questi cambiamenti, misurare il loro impatto sui tassi di abbandono del carrello e ripetere in base ai risultati \u00e8 fondamentale per il successo a lungo termine.<\/li>\n<\/ul>\n\n\n\n<h2 class=\"wp-block-heading\">Risultati attesi dalla ricerca di mercato sull&#039;abbandono dei carrelli condotta da SIS<\/h2>\n\n\n\n<p>L&#039;applicazione strategica delle informazioni emerse da questa ricerca ha portato a numerosi risultati significativi, migliorando le prestazioni aziendali complessive e la soddisfazione dei clienti. Ecco cosa possono aspettarsi le aziende:<\/p>\n\n\n\n<ul class=\"wp-block-list\">\n<li><strong>Tassi di abbandono del carrello ridotti:<\/strong> Affrontando le problematiche e gli ostacoli specifici individuati attraverso la ricerca, le aziende possono semplificare i processi di acquisto e pagamento, rendendo pi\u00f9 semplice e allettante per i clienti completare i propri acquisti.<\/li>\n\n\n\n<li><strong>Aumento dei tassi di conversione:<\/strong> Come conseguenza diretta della riduzione dell\u2019abbandono del carrello, le aziende possono aspettarsi un aumento dei tassi di conversione. I miglioramenti apportati all&#039;esperienza utente basati sugli approfondimenti della ricerca contribuiscono direttamente a convertire pi\u00f9 browser in acquirenti, ad aumentare le vendite e a migliorare il ritorno sull&#039;investimento per le attivit\u00e0 di marketing e di sviluppo del sito web.<\/li>\n\n\n\n<li><strong>Esperienza cliente migliorata:<\/strong> L&#039;implementazione di modifiche basate sulla ricerca di mercato sull&#039;abbandono del carrello porta a un&#039;esperienza di acquisto pi\u00f9 intuitiva, fluida e soddisfacente. Ci\u00f2 influisce sulle vendite immediate e rafforza la fedelt\u00e0 dei clienti a lungo termine, poich\u00e9 \u00e8 pi\u00f9 probabile che gli acquirenti ritornino su un sito che offre un processo di acquisto piacevole e senza problemi.<\/li>\n\n\n\n<li><strong>Vantaggio competitivo:<\/strong> Le aziende possono ottenere un vantaggio competitivo nell\u2019affollato panorama dell\u2019e-commerce affrontando in modo efficace l\u2019abbandono del carrello. Un processo di pagamento pi\u00f9 fluido, esperienze di acquisto personalizzate e strategie proattive di coinvolgimento dei clienti possono differenziare un&#039;azienda dalla concorrenza, attirando pi\u00f9 clienti e favorendo la fedelt\u00e0 al marchio.<\/li>\n\n\n\n<li><strong>Crescita e stabilit\u00e0 finanziaria:<\/strong> L\u2019effetto cumulativo della lotta all\u2019abbandono del carrello \u00e8 la crescita e la stabilit\u00e0 finanziaria. Recuperando le vendite perse, ottimizzando le spese di marketing e promuovendo la fidelizzazione dei clienti, le aziende possono godere di maggiori entrate, migliore salute finanziaria e una posizione pi\u00f9 forte per la crescita e l\u2019espansione futura.<\/li>\n<\/ul>\n\n\n\n<h2 class=\"wp-block-heading\">Principali attori nel mercato Soluzioni per l\u2019abbandono del carrello<\/h2>\n\n\n\n<p>Il mercato delle soluzioni per l\u2019abbandono del carrello \u00e8 dinamico e presenta una serie di attori che forniscono diverse strategie e tecnologie per mitigare il problema dell\u2019abbandono del carrello. Questi attori chiave variano da fornitori di software specializzati a piattaforme di e-commerce complete, ognuna delle quali offre strumenti e approfondimenti unici progettati per migliorare l&#039;esperienza di acquisto online e migliorare i tassi di conversione. Ecco una panoramica dei tipi di attori importanti in questo mercato:<\/p>\n\n\n\n<ul class=\"wp-block-list\">\n<li><strong>Fornitori di piattaforme di e-commerce:<\/strong> Giganti come Shopify, Magento e BigCommerce offrono funzionalit\u00e0 integrate o componenti aggiuntivi progettati specificamente per affrontare l&#039;abbandono del carrello. Queste piattaforme forniscono alle aziende l\u2019infrastruttura per i negozi online insieme a strumenti per il recupero del carrello come promemoria e-mail automatizzati e offerte di sconti mirati per invogliare gli acquirenti a tornare.<\/li>\n\n\n\n<li><strong>Aziende di software di email marketing:<\/strong> Fornitori come Mailchimp e Klaviyo offrono solide soluzioni di email marketing, comprese campagne di recupero dell&#039;abbandono del carrello. Questi strumenti consentono alle aziende di inviare automaticamente e-mail personalizzate ai clienti che hanno lasciato articoli nel carrello, sfruttando modelli e analisi per ottimizzare i tempi e i contenuti dei messaggi per ottenere il massimo impatto.<\/li>\n\n\n\n<li><strong>Piattaforme di personalizzazione e coinvolgimento del cliente:<\/strong> Aziende come OptinMonster e Crazy Egg sono specializzate nella creazione di esperienze web personalizzate per ridurre i tassi di abbandono del carrello. Queste piattaforme offrono soluzioni come popup di intento di uscita, retargeting sul sito e analisi del comportamento degli utenti per coinvolgere i clienti nei momenti critici e incoraggiarli a completare i loro acquisti.<\/li>\n\n\n\n<li><strong>Strumenti di analisi ed esperienza utente (UX):<\/strong> Google Analytics, Hotjar e VWO sono fondamentali per comprendere il percorso dell&#039;utente e individuare dove e perch\u00e9 si verifica l&#039;abbandono del carrello. Forniscono analisi dettagliate sulle interazioni degli utenti, mappe di calore e analisi della canalizzazione di conversione, aiutando le aziende a identificare i punti di attrito e a ottimizzare il checkout.<\/li>\n\n\n\n<li><strong>Fornitori di soluzioni di pagamento:<\/strong> Poich\u00e9 l&#039;abbandono del carrello \u00e8 spesso legato a problemi di pagamento, aziende come PayPal, Stripe e Square svolgono un ruolo fondamentale nel fornire esperienze di pagamento senza interruzioni.<\/li>\n<\/ul>\n\n\n\n<h2 class=\"wp-block-heading\">How SIS International\u2019s Cart Abandonment Market Research Helps Businesses<\/h2>\n\n\n\n<p><a href=\"https:\/\/www.sisinternational.com\/it\/la-pasqua-pasquale-e-limmancabile-coniglietto-di-cioccolato\/\" title=\"Ricerche di mercato di Pasqua\"  data-wpil-monitor-id=\"8935\">SIS&#8217;s market research<\/a> offers e-commerce businesses a strategic edge by providing deep insights into the reasons behind cart abandonment and identifying effective strategies for mitigating this challenge. By leveraging SIS International\u2019s expertise, businesses can harness the power of data-driven decisions to optimize their online shopping experiences, <a href=\"https:\/\/www.sisinternational.com\/it\/migliorare-le-relazioni-con-i-clienti\/\" title=\"Come migliorare la soddisfazione del cliente e soddisfare i clienti insoddisfatti\"  data-wpil-monitor-id=\"8936\">improve customer satisfaction<\/a>, and boost conversion rates. Here&#8217;s how SIS International&#8217;s market research can help businesses utilize cart abandonment <a href=\"https:\/\/www.sisinternational.com\/it\/ricerche-di-mercato-sulla-casa-intelligente\/\" title=\"Ricerche di mercato per la casa intelligente\"  data-wpil-monitor-id=\"8937\">soluzioni<\/a> effectively:<\/p>\n\n\n\n<ul class=\"wp-block-list\">\n<li><strong>Sviluppo di strategie su misura:<\/strong> We help businesses develop targeted strategies to tackle cart abandonment by identifying the most significant factors leading to abandonment on their specific platforms. <\/li>\n\n\n\n<li><strong>Ottimizzazione del percorso del cliente:<\/strong> Attraverso un&#039;analisi dettagliata del comportamento e del feedback dei clienti, gli esperti di SIS forniscono approfondimenti sul percorso del cliente, individuando le aree di attrito e di abbandono. Le aziende possono utilizzare queste informazioni per semplificare il processo di pagamento, semplificare la navigazione e garantire un&#039;esperienza di acquisto fluida che mantenga i clienti coinvolti fino al completamento dell&#039;acquisto.<\/li>\n\n\n\n<li><strong>Personalizzazione e coinvolgimento migliorati:<\/strong> Le aziende possono elaborare strategie di recupero pi\u00f9 personalizzate e coinvolgenti comprendendo le diverse ragioni alla base dell&#039;abbandono del carrello. La ricerca di SIS supporta lo sviluppo di campagne e-mail mirate, offerte personalizzate e contenuti dinamici che entrano in risonanza con i clienti, incoraggiandoli a rivisitare i loro carrelli e completare i loro acquisti.<\/li>\n\n\n\n<li><strong>Benchmarking e analisi competitiva:<\/strong> Our consultants offer benchmarking services that allow businesses to compare cart abandonment rates and recovery <a href=\"https:\/\/www.sisinternational.com\/it\/la-necessita-di-intelligenza-competitiva-in-questa-recessione\/\" title=\"La necessit\u00e0 di intelligence competitiva in una recessione\"  data-wpil-monitor-id=\"8940\">strategies<\/a> against industry standards and competitors. This comparative analysis helps companies identify areas for improvement and adopt best practices to enhance their competitive stance.<\/li>\n<\/ul>\n\n\n\n<p><\/p>","protected":false},"excerpt":{"rendered":"<p>La ricerca di mercato sull&#039;abbandono del carrello analizza il motivo per cui gli acquirenti abbandonano i carrelli della spesa online senza completare l&#039;acquisto.<\/p>","protected":false},"author":1,"featured_media":63941,"parent":14514,"menu_order":425,"comment_status":"closed","ping_status":"closed","template":"","meta":{"footnotes":""},"class_list":["post-46975","page","type-page","status-publish","has-post-thumbnail"],"_links":{"self":[{"href":"https:\/\/www.sisinternational.com\/it\/wp-json\/wp\/v2\/pages\/46975","targetHints":{"allow":["GET"]}}],"collection":[{"href":"https:\/\/www.sisinternational.com\/it\/wp-json\/wp\/v2\/pages"}],"about":[{"href":"https:\/\/www.sisinternational.com\/it\/wp-json\/wp\/v2\/types\/page"}],"author":[{"embeddable":true,"href":"https:\/\/www.sisinternational.com\/it\/wp-json\/wp\/v2\/users\/1"}],"replies":[{"embeddable":true,"href":"https:\/\/www.sisinternational.com\/it\/wp-json\/wp\/v2\/comments?post=46975"}],"version-history":[{"count":8,"href":"https:\/\/www.sisinternational.com\/it\/wp-json\/wp\/v2\/pages\/46975\/revisions"}],"predecessor-version":[{"id":81500,"href":"https:\/\/www.sisinternational.com\/it\/wp-json\/wp\/v2\/pages\/46975\/revisions\/81500"}],"up":[{"embeddable":true,"href":"https:\/\/www.sisinternational.com\/it\/wp-json\/wp\/v2\/pages\/14514"}],"wp:featuredmedia":[{"embeddable":true,"href":"https:\/\/www.sisinternational.com\/it\/wp-json\/wp\/v2\/media\/63941"}],"wp:attachment":[{"href":"https:\/\/www.sisinternational.com\/it\/wp-json\/wp\/v2\/media?parent=46975"}],"curies":[{"name":"wp","href":"https:\/\/api.w.org\/{rel}","templated":true}]}}