{"id":46962,"date":"2024-03-19T16:25:16","date_gmt":"2024-03-19T20:25:16","guid":{"rendered":"https:\/\/www.sisinternational.com\/?page_id=46962"},"modified":"2026-01-26T17:00:33","modified_gmt":"2026-01-26T22:00:33","slug":"ricerche-di-mercato-sui-contratti-intelligenti","status":"publish","type":"page","link":"https:\/\/www.sisinternational.com\/it\/competenza\/ricerche-di-mercato-sui-contratti-intelligenti\/","title":{"rendered":"Ricerche di mercato sui contratti intelligenti"},"content":{"rendered":"<h1 class=\"wp-block-heading\">Ricerche di mercato sui contratti intelligenti<\/h1>\n\n\n\n<figure class=\"gb-block-image gb-block-image-d1b56a26\"><img loading=\"lazy\" decoding=\"async\" width=\"1456\" height=\"816\" class=\"gb-image gb-image-d1b56a26\" src=\"https:\/\/www.sisinternational.com\/wp-content\/uploads\/2025\/08\/Digital-Customer-Experience-2.jpg\" alt=\"Ricerca e strategia di mercato internazionale SIS\" title=\"Digital Customer Experience (2)\" srcset=\"https:\/\/www.sisinternational.com\/wp-content\/uploads\/2025\/08\/Digital-Customer-Experience-2.jpg 1456w, https:\/\/www.sisinternational.com\/wp-content\/uploads\/2025\/08\/Digital-Customer-Experience-2-300x168.jpg 300w, https:\/\/www.sisinternational.com\/wp-content\/uploads\/2025\/08\/Digital-Customer-Experience-2-1024x574.jpg 1024w, https:\/\/www.sisinternational.com\/wp-content\/uploads\/2025\/08\/Digital-Customer-Experience-2-768x430.jpg 768w, https:\/\/www.sisinternational.com\/wp-content\/uploads\/2025\/08\/Digital-Customer-Experience-2-18x10.jpg 18w\" sizes=\"auto, (max-width: 1456px) 100vw, 1456px\"><\/figure>\n\n\n\n<hr class=\"wp-block-separator has-alpha-channel-opacity is-style-dots\"\/>\n\n\n\n<p>I contratti intelligenti, basati sulla tecnologia blockchain, offrono una soluzione sicura e automatizzata per eseguire accordi senza intermediari, riducendo i costi e minimizzando il rischio di frodi e controversie.<\/p>\n\n\n\n<h2 class=\"wp-block-heading\">What Is Smart Contracts Market Research?<\/h2>\n\n\n\n<p>The concept of smart contracts is revolutionizing the way businesses operate&#8230; But what exactly are smart contracts, and why are they becoming increasingly indispensable in the modern business world? Smart contracts <a class=\"wpil_keyword_link\" href=\"https:\/\/www.sisinternational.com\/it\/soluzioni\/\"   title=\"Soluzioni\" data-wpil-keyword-link=\"linked\"  data-wpil-monitor-id=\"582\">ricerca di mercato<\/a> shows that these automated, self-executing agreements are not just futuristic ideas but necessary for enhancing efficiency, security, and transparency in various industries.<\/p>\n\n\n\n<h2 class=\"wp-block-heading\">Why Is Smart Contracts Market Research Important? <\/h2>\n\n\n\n<p><a href=\"https:\/\/www.sisinternational.com\/it\/ricerche-di-mercato-intelligenti-al-dettaglio\/\" title=\"Ricerche di mercato sulla vendita al dettaglio intelligente\"  data-wpil-monitor-id=\"2531\">Smart contracts market research<\/a> analyzes the smart contracts industry, encompassing the study of market trends, technologies, applications, and the competitive landscape. It seeks to understand the adoption rate of smart contracts, their impact on various sectors, and the potential challenges and opportunities they present.<\/p>\n\n\n\n<p>Smart <a href=\"https:\/\/www.sisinternational.com\/it\/ricerche-di-mercato-sulla-mobilita-intelligente\/\" title=\"Ricerche di mercato sulla mobilit\u00e0 intelligente\"  data-wpil-monitor-id=\"1908\">contracts market research offers a compelling solution<\/a> to the digital transformation challenges, providing a secure and automated way to execute agreements. <\/p>\n\n\n\n<p>Another significant advantage of <a href=\"https:\/\/www.sisinternational.com\/it\/competenza\/industrie\/ricerche-di-mercato-sulle-citta-intelligenti\/\" title=\"Ricerche di mercato sulle citt\u00e0 intelligenti\"  data-wpil-monitor-id=\"3389\">ricerche di mercato sui contratti intelligenti<\/a> is its ability to reduce transaction costs. This cost-effectiveness, combined with the speed and accuracy of smart contracts, makes them an attractive option for a wide range of industries, from finance and real estate to supply chain management and healthcare.<\/p>\n\n\n\n<p>Ma porta molti altri vantaggi, tra cui:<\/p>\n\n\n\n<ul class=\"wp-block-list\">\n<li><strong>Identifying <\/strong><a href=\"https:\/\/www.sisinternational.com\/it\/trasporto-in-ambulanza\/\" title=\"Ricerche di mercato sul trasporto in ambulanza\"  data-wpil-monitor-id=\"2093\">Market Opportunities: Research<\/a> can help identify industries and sectors where smart contracts can be most effectively applied, such as finance, real estate, supply chain management, and healthcare.<\/li>\n\n\n\n<li><strong>Comprendere le esigenze dei consumatori:<\/strong> Pu\u00f2 fornire approfondimenti sulle esigenze e sulle preferenze dei potenziali utenti dei contratti intelligenti, aiutando le aziende a personalizzare le proprie offerte per soddisfare la domanda del mercato.<\/li>\n\n\n\n<li><strong>Analisi competitiva:<\/strong> La ricerca pu\u00f2 aiutare le aziende a comprendere il panorama competitivo, compresi gli attori chiave, le strategie e il posizionamento sul mercato, consentendo loro di differenziare la propria offerta e ottenere un vantaggio competitivo.<\/li>\n\n\n\n<li><strong>Tendenze tecnologiche:<\/strong> Stare al passo con i progressi tecnologici \u00e8 fondamentale nello spazio blockchain in rapida evoluzione. Le ricerche di mercato possono fornire approfondimenti sulle tendenze emergenti e sulle innovazioni nello sviluppo dei contratti intelligenti.<\/li>\n\n\n\n<li><strong>Approfondimenti normativi:<\/strong> Comprendere il contesto normativo \u00e8 fondamentale per l\u2019adozione dei contratti intelligenti. Le ricerche di mercato possono fornire informazioni sulle normative attuali e sui potenziali cambiamenti futuri che potrebbero avere un impatto sul mercato.<\/li>\n\n\n\n<li><strong>Opportunit\u00e0 di investimento:<\/strong> Per gli investitori, la ricerca di mercato pu\u00f2 identificare startup e tecnologie promettenti nello spazio dei contratti intelligenti, aiutandoli a prendere decisioni di investimento informate.<\/li>\n\n\n\n<li><strong>Previsioni di mercato:<\/strong> Le ricerche di mercato possono fornire previsioni per la crescita e l\u2019adozione di contratti intelligenti, aiutando le aziende e gli investitori a pianificare il futuro.<\/li>\n<\/ul>\n\n\n\n<h2 class=\"wp-block-heading\">risultati aspettati<\/h2>\n\n\n\n<p>SIS Internazionale <a href=\"https:\/\/www.sisinternational.com\/it\/ricerche-di-mercato-sulla-produzione-intelligente\/\" title=\"Ricerche di mercato sulla produzione intelligente\"  data-wpil-monitor-id=\"3612\">ricerche di mercato sui contratti intelligenti<\/a> provides businesses with actionable insights and a comprehensive understanding of the smart contracts landscape. Here are some expected results from their research:<\/p>\n\n\n\n<ul class=\"wp-block-list\">\n<li><a href=\"https:\/\/www.sisinternational.com\/it\/competenza\/ricerca-di-mercato-sui-prodotti-chimici-sfusi\/\" title=\"Ricerche di mercato sui prodotti chimici sfusi\"  data-wpil-monitor-id=\"2125\">Market Trends and Forecasts: The research<\/a> will identify current trends in the smart contracts market and provide forecasts for its future growth. This information helps businesses make informed decisions about adopting and investing in smart contracts.<\/li>\n\n\n\n<li><strong>Applicazioni specifiche del settore:<\/strong> I risultati metteranno in evidenza il modo in cui diversi settori utilizzano i contratti intelligenti, mostrando casi d\u2019uso di successo e potenziali aree di implementazione.<\/li>\n\n\n\n<li><strong>Analisi competitiva:<\/strong> SIS\u2019s research offers a detailed analysis of key players in the <a href=\"https:\/\/www.sisinternational.com\/it\/soluzioni\/ricerche-di-mercato-b2b2c\/\" title=\"Ricerche di mercato B2B2C\"  data-wpil-monitor-id=\"2139\">smart contracts<\/a> market, their strategies, and their market share. This helps businesses understand the competitive landscape and identify potential partnerships or opportunities.<\/li>\n\n\n\n<li><strong>Panorama normativo:<\/strong> La ricerca fornisce approfondimenti sul contesto normativo che circonda i contratti intelligenti, comprese eventuali sfide legali o requisiti di conformit\u00e0. Ci\u00f2 \u00e8 fondamentale per le aziende per affrontare gli aspetti legali dell\u2019implementazione dei contratti intelligenti.<\/li>\n\n\n\n<li><strong>Opportunit\u00e0 di investimento:<\/strong> The research identifies investment opportunities within the <a href=\"https:\/\/www.sisinternational.com\/it\/soluzioni\/ricerca-di-mercato-con-balanced-scorecard\/\" title=\"Ricerche di mercato sulla Balanced Scorecard\"  data-wpil-monitor-id=\"2256\">smart contracts<\/a> market, helping businesses and investors capitalize on the growth potential of this technology.<\/li>\n<\/ul>\n\n\n\n<h2 class=\"wp-block-heading\">Giocatori chiave<\/h2>\n\n\n\n<p>Il mercato dei contratti intelligenti \u00e8 caratterizzato da una gamma diversificata di attori come:<\/p>\n\n\n\n<ul class=\"wp-block-list\">\n<li><strong>Ethereum:<\/strong> Ethereum \u00e8 una piattaforma blockchain leader che ha aperto la strada ai contratti intelligenti. Fornisce una piattaforma decentralizzata che consente agli sviluppatori di creare e implementare contratti intelligenti, rendendolo un attore chiave nel mercato.<\/li>\n\n\n\n<li><strong>Registro ipertestuale:<\/strong> Hyperledger \u00e8 uno sforzo collaborativo open source creato per far avanzare le tecnologie blockchain intersettoriali. Fornisce vari strumenti e strutture per lo sviluppo e l\u2019implementazione di contratti intelligenti in vari contesti aziendali.<\/li>\n\n\n\n<li><strong>Maglia:<\/strong> Chainlink \u00e8 una rete oracolare decentralizzata che fornisce dati del mondo reale ai contratti intelligenti sulla blockchain. Garantisce che i contratti intelligenti possano interagire in modo sicuro e affidabile con fonti di dati esterne.<\/li>\n\n\n\n<li><strong>Microsoft:<\/strong> Il servizio Azure Blockchain di Microsoft offre una piattaforma per la creazione e la gestione di applicazioni blockchain, inclusi i contratti intelligenti. L&#039;attenzione dell&#039;azienda sull&#039;integrazione della tecnologia blockchain con i suoi servizi cloud la posiziona come un attore significativo nel mercato.<\/li>\n<\/ul>\n\n\n\n<h2 class=\"wp-block-heading\">Opportunit\u00e0<\/h2>\n\n\n\n<p>Le opportunit\u00e0 nella ricerca di mercato dei contratti intelligenti sono vaste poich\u00e9 la tecnologia continua ad evolversi e a trovare nuove applicazioni in vari settori. Ecco alcune opportunit\u00e0 chiave:<\/p>\n\n\n\n<ul class=\"wp-block-list\">\n<li><strong>Settore energetico:<\/strong> These contracts can facilitate peer-to-peer energy trading, manage renewable energy certificates, and automate utility billing. <a href=\"https:\/\/www.sisinternational.com\/it\/salute-intelligente\/\" title=\"Ricerche di mercato sulla salute intelligente\"  data-wpil-monitor-id=\"1942\">Market research can identify opportunities for innovation<\/a> in energy distribution and consumption.<\/li>\n\n\n\n<li><strong>Intrattenimento e media:<\/strong> I contratti intelligenti possono automatizzare i pagamenti delle royalty, gestire i diritti digitali e semplificare la distribuzione dei contenuti. Le ricerche di mercato possono rivelare opportunit\u00e0 di innovazione nel settore dell\u2019intrattenimento.<\/li>\n\n\n\n<li><strong>Mercati emergenti:<\/strong> i contratti possono offrire opportunit\u00e0 di inclusione finanziaria e accesso ai servizi nei mercati emergenti, dove l&#039;infrastruttura tradizionale potrebbe essere carente. La ricerca di mercato pu\u00f2 identificare opportunit\u00e0 per l&#039;implementazione di contratti intelligenti in queste regioni.<\/li>\n<\/ul>\n\n\n\n<h2 class=\"wp-block-heading\">Prospettive future<\/h2>\n\n\n\n<p>Le prospettive future delle ricerche di mercato sui contratti intelligenti sono ottimistiche poich\u00e9 l\u2019adozione della tecnologia blockchain continua a crescere in vari settori. Ecco alcune potenziali prospettive per il futuro di questo mercato:<\/p>\n\n\n\n<ul class=\"wp-block-list\">\n<li><strong>Maggiore adozione nella finanza:<\/strong> \u00c8 probabile che il settore finanziario vedr\u00e0 una maggiore adozione di contratti intelligenti per automatizzare le transazioni, ridurre le frodi e migliorare l\u2019efficienza in processi quali transazioni, negoziazione e conformit\u00e0.<\/li>\n\n\n\n<li><strong>Espansione nel settore sanitario:<\/strong> I contratti intelligenti potrebbero rivoluzionare l\u2019assistenza sanitaria semplificando la gestione delle cartelle cliniche dei pazienti, garantendo la privacy dei dati e automatizzando l\u2019elaborazione delle richieste di indennizzo assicurativo.<\/li>\n\n\n\n<li><strong>Crescita nella gestione della catena di fornitura:<\/strong> Si prevede che l\u2019uso dei contratti intelligenti nella gestione della catena di fornitura aumenter\u00e0, garantendo trasparenza, tracciabilit\u00e0 ed efficienza nel tracciare la circolazione delle merci.<\/li>\n\n\n\n<li><strong>Applicazioni immobiliari:<\/strong> Il settore immobiliare potrebbe adottare sempre pi\u00f9 contratti intelligenti per transazioni immobiliari, gestione dei titoli e processi di locazione, riducendo la necessit\u00e0 di intermediari e pratiche burocratiche.<\/li>\n\n\n\n<li><strong>Integrazione con l&#039;IoT:<\/strong> Integrating smart contracts with the <a href=\"https:\/\/www.sisinternational.com\/it\/soluzioni\/sis-consulenza-blockchain\/blockchain-internet-delle-cose\/\" title=\"Blockchain e Internet delle cose\"  data-wpil-monitor-id=\"6342\">Internet of Things<\/a> (IoT) could lead to innovative applications in various sectors, including energy management, smart homes, and automated manufacturing.<\/li>\n\n\n\n<li><strong>Sviluppi legali e normativi:<\/strong> Con l\u2019evoluzione del quadro giuridico e normativo relativo alla blockchain e ai contratti intelligenti, la ricerca deve affrontare questi cambiamenti e identificare nuove opportunit\u00e0.<\/li>\n\n\n\n<li><strong>Progressi nella tecnologia Blockchain:<\/strong> I continui progressi nella tecnologia blockchain, come soluzioni di scalabilit\u00e0 e interoperabilit\u00e0 tra diverse piattaforme blockchain, amplieranno le possibilit\u00e0 per i contratti intelligenti.<\/li>\n<\/ul>\n\n\n\n<h2 class=\"wp-block-heading\">The SIS Advantage<\/h2>\n\n\n\n<p>Le ricerche di mercato sui contratti intelligenti di SIS forniscono alle aziende preziose informazioni e indicazioni strategiche per orientarsi nel complesso panorama dei contratti intelligenti. Ecco come la loro ricerca pu\u00f2 apportare vantaggi alle aziende:<\/p>\n\n\n\n<ul class=\"wp-block-list\">\n<li><strong>Processo decisionale informato:<\/strong> SIS\u2019s <a href=\"https:\/\/www.sisinternational.com\/it\/ricerche-di-mercato-a-hong-kong\/\" title=\"Ricerche di mercato a Hong Kong\"  data-wpil-monitor-id=\"2451\">research delivers comprehensive data on market<\/a> trends, competitive analysis, and industry best practices. <\/li>\n\n\n\n<li><strong>Individuazione delle opportunit\u00e0:<\/strong> La ricerca aiuta le aziende a identificare opportunit\u00e0 per sfruttare i contratti intelligenti nelle loro operazioni. Le aziende possono scoprire nuovi modi per migliorare l&#039;efficienza, la sicurezza e la trasparenza comprendendone le potenziali applicazioni e i vantaggi.<\/li>\n\n\n\n<li><strong>Gestione del rischio:<\/strong> La ricerca di SIS analizza le sfide e i rischi associati ai contratti intelligenti. Le aziende possono utilizzare queste informazioni per sviluppare strategie per mitigare i rischi e garantire il successo dell\u2019implementazione dei contratti intelligenti.<\/li>\n\n\n\n<li><strong>Soluzioni personalizzate:<\/strong> SIS International offre servizi di ricerca su misura per soddisfare le esigenze specifiche delle singole imprese. Questo approccio personalizzato garantisce che le aziende ricevano approfondimenti pertinenti in linea con i loro obiettivi e sfide unici.<\/li>\n\n\n\n<li><strong>Pianificazione strategica:<\/strong> Le informazioni acquisite dalla ricerca di mercato sui contratti intelligenti di SIS possono informare la pianificazione strategica, aiutando le aziende a sviluppare strategie a lungo termine per integrare i contratti intelligenti nelle loro operazioni.<\/li>\n<\/ul>\n\n\n\n<p><\/p>","protected":false},"excerpt":{"rendered":"<p>La ricerca di mercato dei contratti intelligenti analizza le tendenze del mercato, le tecnologie, le applicazioni e il panorama competitivo del settore.<\/p>","protected":false},"author":1,"featured_media":64779,"parent":14514,"menu_order":426,"comment_status":"closed","ping_status":"closed","template":"","meta":{"footnotes":""},"class_list":["post-46962","page","type-page","status-publish","has-post-thumbnail"],"_links":{"self":[{"href":"https:\/\/www.sisinternational.com\/it\/wp-json\/wp\/v2\/pages\/46962","targetHints":{"allow":["GET"]}}],"collection":[{"href":"https:\/\/www.sisinternational.com\/it\/wp-json\/wp\/v2\/pages"}],"about":[{"href":"https:\/\/www.sisinternational.com\/it\/wp-json\/wp\/v2\/types\/page"}],"author":[{"embeddable":true,"href":"https:\/\/www.sisinternational.com\/it\/wp-json\/wp\/v2\/users\/1"}],"replies":[{"embeddable":true,"href":"https:\/\/www.sisinternational.com\/it\/wp-json\/wp\/v2\/comments?post=46962"}],"version-history":[{"count":19,"href":"https:\/\/www.sisinternational.com\/it\/wp-json\/wp\/v2\/pages\/46962\/revisions"}],"predecessor-version":[{"id":79926,"href":"https:\/\/www.sisinternational.com\/it\/wp-json\/wp\/v2\/pages\/46962\/revisions\/79926"}],"up":[{"embeddable":true,"href":"https:\/\/www.sisinternational.com\/it\/wp-json\/wp\/v2\/pages\/14514"}],"wp:featuredmedia":[{"embeddable":true,"href":"https:\/\/www.sisinternational.com\/it\/wp-json\/wp\/v2\/media\/64779"}],"wp:attachment":[{"href":"https:\/\/www.sisinternational.com\/it\/wp-json\/wp\/v2\/media?parent=46962"}],"curies":[{"name":"wp","href":"https:\/\/api.w.org\/{rel}","templated":true}]}}