{"id":46881,"date":"2024-03-17T00:51:25","date_gmt":"2024-03-17T04:51:25","guid":{"rendered":"https:\/\/www.sisinternational.com\/?page_id=46881"},"modified":"2026-03-12T22:37:13","modified_gmt":"2026-03-13T02:37:13","slug":"ricerche-di-mercato-sul-granito","status":"publish","type":"page","link":"https:\/\/www.sisinternational.com\/it\/construction-market-research-solutions\/ricerche-di-mercato-sul-granito\/","title":{"rendered":"Ricerche di mercato sul granito"},"content":{"rendered":"<h1 class=\"wp-block-heading\">Ricerche di mercato sul granito<\/h1>\n\n\n\n<figure class=\"gb-block-image gb-block-image-3344142a\"><img loading=\"lazy\" decoding=\"async\" width=\"1456\" height=\"816\" class=\"gb-image gb-image-3344142a\" src=\"https:\/\/www.sisinternational.com\/wp-content\/uploads\/2025\/08\/Marble-granite-3.jpg\" alt=\"Ricerca e strategia di mercato internazionale SIS\" title=\"Marble granite (3)\" srcset=\"https:\/\/www.sisinternational.com\/wp-content\/uploads\/2025\/08\/Marble-granite-3.jpg 1456w, https:\/\/www.sisinternational.com\/wp-content\/uploads\/2025\/08\/Marble-granite-3-300x168.jpg 300w, https:\/\/www.sisinternational.com\/wp-content\/uploads\/2025\/08\/Marble-granite-3-1024x574.jpg 1024w, https:\/\/www.sisinternational.com\/wp-content\/uploads\/2025\/08\/Marble-granite-3-768x430.jpg 768w, https:\/\/www.sisinternational.com\/wp-content\/uploads\/2025\/08\/Marble-granite-3-18x10.jpg 18w\" sizes=\"auto, (max-width: 1456px) 100vw, 1456px\"><\/figure>\n\n\n\n<p><\/p>\n\n\n\n<p>In un mondo in cui la ricerca di materiali da costruzione durevoli e visivamente gradevoli non si ferma mai, il granito si distingue come simbolo di forza e bellezza\u2026 Ma vi siete mai chiesti quali siano le intricate dinamiche che governano il mercato globale del granito? La ricerca di mercato del granito approfondisce queste complessit\u00e0, offrendo approfondimenti cruciali per le parti interessate che desiderano orientarsi in questo robusto settore.<\/p>\n\n\n\n<h2 class=\"wp-block-heading\">What Is Granite market research?<\/h2>\n\n\n\n<p>La ricerca di mercato del granito mira a comprendere i vari aspetti dell\u2019industria del granito, dalla produzione globale e dalle catene di fornitura alle tendenze del mercato e alle preferenze dei consumatori. Questa ricerca comprende un esame dettagliato dei fattori che influenzano la domanda, l&#039;offerta, i prezzi e la distribuzione del granito in tutto il mondo.<\/p>\n\n\n\n<p>Fondamentalmente, la ricerca di mercato del granito cerca di decodificare le preferenze e i comportamenti degli utenti finali, esaminando allo stesso tempo il panorama competitivo. Ci\u00f2 comporta l\u2019analisi delle strategie dei principali fornitori, produttori e distributori di granito e l\u2019esame dell\u2019impatto dei progressi tecnologici e dei quadri normativi sul settore.<\/p>\n\n\n\n<h2 class=\"wp-block-heading\">Perch\u00e9 \u00e8 importante?<\/h2>\n\n\n\n<p>La ricerca di mercato sul granito fornisce un&#039;analisi dettagliata di queste preferenze, evidenziando le tendenze che stanno guadagnando popolarit\u00e0 in termini di design, colore, finitura e applicazione. Questa conoscenza consente alle aziende di personalizzare la propria offerta di prodotti per soddisfare le richieste del mercato, migliorando la soddisfazione e la fedelt\u00e0 dei clienti.<\/p>\n\n\n\n<p>Moreover, market research equips businesses with the foresight to navigate these fluctuations, ensuring they can adjust their supply chain and production strategies swiftly and efficiently. Additionally, through comprehensive market research, companies understand their competitors&#8217; strategies, strengths, and weaknesses. <\/p>\n\n\n\n<p>Intraprendere una ricerca di mercato sul granito offre una moltitudine di vantaggi strategici per le aziende nei settori dell\u2019edilizia e del design \u2013 ed ecco i vantaggi pi\u00f9 importanti:<\/p>\n\n\n\n<ul class=\"wp-block-list\">\n<li><strong>Processo decisionale informato:<\/strong> Le ricerche di mercato forniscono dati e approfondimenti critici sulle tendenze del mercato, sulle preferenze dei consumatori e sul panorama competitivo. Questa ricchezza di informazioni supporta un processo decisionale informato, consentendo alle aziende di definire strategie in modo preciso e sicuro.<\/li>\n\n\n\n<li><strong>Posizionamento e segmentazione del mercato:<\/strong> Le ricerche di mercato di Granite aiutano le aziende a posizionarsi vantaggiosamente in un mercato affollato, rivolgendosi ai segmenti giusti con offerte personalizzate.<\/li>\n\n\n\n<li><strong>Vantaggio competitivo:<\/strong> Approfondimenti sulle strategie, sui punti di forza e di debolezza dei concorrenti offrono un vantaggio competitivo. Le aziende possono sfruttare queste informazioni per differenziarsi, innovare e acquisire una quota di mercato pi\u00f9 ampia.<\/li>\n\n\n\n<li><strong>Identificazione delle opportunit\u00e0:<\/strong> Le ricerche di mercato scoprono opportunit\u00e0 emergenti, dalle nuove applicazioni per i prodotti in granito ai mercati non sfruttati. Le aziende possono cogliere queste opportunit\u00e0 per diversificare la propria offerta ed esplorare nuovi flussi di entrate.<\/li>\n\n\n\n<li><strong>Guida agli investimenti:<\/strong> Per le aziende che intendono investire in nuove tecnologie, strutture o mercati, le ricerche di mercato del granito forniscono una solida base per queste decisioni. Gli approfondimenti sulle dinamiche di mercato, sul potenziale di crescita e sul ritorno sull&#039;investimento aiutano a guidare gli investimenti strategici.<\/li>\n<\/ul>\n\n\n\n<h2 class=\"wp-block-heading\">Who Uses Granite Market Research<\/h2>\n\n\n\n<figure class=\"gb-block-image gb-block-image-5b8d5aa1\"><img loading=\"lazy\" decoding=\"async\" width=\"1456\" height=\"816\" class=\"gb-image gb-image-5b8d5aa1\" src=\"https:\/\/www.sisinternational.com\/wp-content\/uploads\/2025\/08\/Marble-granite-2.jpg\" alt=\"Ricerca e strategia di mercato internazionale SIS\" title=\"Marble granite (2)\" srcset=\"https:\/\/www.sisinternational.com\/wp-content\/uploads\/2025\/08\/Marble-granite-2.jpg 1456w, https:\/\/www.sisinternational.com\/wp-content\/uploads\/2025\/08\/Marble-granite-2-300x168.jpg 300w, https:\/\/www.sisinternational.com\/wp-content\/uploads\/2025\/08\/Marble-granite-2-1024x574.jpg 1024w, https:\/\/www.sisinternational.com\/wp-content\/uploads\/2025\/08\/Marble-granite-2-768x430.jpg 768w, https:\/\/www.sisinternational.com\/wp-content\/uploads\/2025\/08\/Marble-granite-2-18x10.jpg 18w\" sizes=\"auto, (max-width: 1456px) 100vw, 1456px\"><\/figure>\n\n\n\n<p><\/p>\n\n\n\n<p>Manufacturers and <a href=\"https:\/\/www.sisinternational.com\/it\/competenza\/industrie\/ricerche-di-mercato-sulla-diversita-dei-fornitori\/\" title=\"Ricerca di mercato sulla diversit\u00e0 dei fornitori\"  data-wpil-monitor-id=\"5801\">Suppliers rely on market research<\/a> to understand current market demands and forecast future trends. This information helps adjust production levels, explore new color and design preferences, and make strategic inventory and distribution decisions.<\/p>\n\n\n\n<p>Architects and Interior <a href=\"https:\/\/www.sisinternational.com\/it\/soluzioni\/innovazione\/pensiero-progettuale\/\" title=\"Ricerche di mercato sul Design Thinking\"  data-wpil-monitor-id=\"7009\">Designers also utilize this market research<\/a> to stay ahead of aesthetic and functional trends in building materials. Understanding the preferences of homeowners, commercial developers, and public sector projects enables them to propose contemporary designs that are likely to satisfy their clients&#8217; tastes and requirements.<\/p>\n\n\n\n<p>Furthermore, Construction Companies and Contractors depend on <a href=\"https:\/\/www.sisinternational.com\/it\/competenza\/industrie\/ricerche-di-mercato-sulla-movimentazione-dei-materiali\/\" title=\"Ricerche di mercato sulla movimentazione dei materiali\"  data-wpil-monitor-id=\"6038\">market research to source materials<\/a> that meet both their projects&#8217; quality standards and budget constraints. Insights into pricing trends, availability, and emerging granite alternatives can significantly impact their bidding strategies and project planning.<\/p>\n\n\n\n<p>Allo stesso modo, gli investitori e gli analisti finanziari utilizzano analisi di mercato granitiche per valutare la salute del mercato, identificare opportunit\u00e0 di crescita e prendere decisioni di investimento informate. Comprendere i fattori che guidano la domanda di granito aiuta a valutare il potenziale delle aziende all\u2019interno di questa catena di fornitura.<\/p>\n\n\n\n<h2 class=\"wp-block-heading\">Critical Factors<\/h2>\n\n\n\n<p>For granite <a href=\"https:\/\/www.sisinternational.com\/it\/soluzioni\/ai-ricerche-di-mercato-e-consulenza-strategica\/ricerche-di-mercato-sullintelligenza-artificiale-generativa\/\" title=\"Ricerche di mercato sull\u2019intelligenza artificiale generativa\"  data-wpil-monitor-id=\"2040\">market research to generate<\/a> actionable insights and drive strategic decisions, certain critical success factors must be meticulously observed. These factors ensure the research is comprehensive and aligned with the business&#8217;s specific needs and objectives.<\/p>\n\n\n\n<ul class=\"wp-block-list\">\n<li><strong>Obiettivi e ambito chiari:<\/strong> Defining clear research objectives and establishing the scope of the study are foundational to successful <a href=\"https:\/\/www.sisinternational.com\/it\/competenza\/industrie\/ricerche-di-mercato\/\" title=\"Ricerche di mercato sull&#039;mRNA\"  data-wpil-monitor-id=\"4650\">granite<\/a> market research. This clarity guides the research process, ensuring it remains focused on answering the most pertinent questions for the business, whether they relate to consumer preferences, market trends, competitive analysis, or regulatory impacts.<\/li>\n\n\n\n<li><strong>Metodologia robusta:<\/strong> Employing a robust methodology that combines both primary and secondary research techniques ensures a comprehensive understanding of the market. Surveys, interviews, and focus groups can provide direct insights from consumers and industry players, while analysis of industry reports, trade <a class=\"wpil_keyword_link\" href=\"https:\/\/www.sisinternational.com\/it\/pubblicazioni\/\"   title=\"Pubblicazioni\" data-wpil-keyword-link=\"linked\"  data-wpil-monitor-id=\"585\">pubblicazioni<\/a>, and market data offers broader market trends and patterns.<\/li>\n\n\n\n<li><strong>Coinvolgimento delle parti interessate:<\/strong> Il coinvolgimento delle principali parti interessate durante tutto il processo di ricerca aumenta la pertinenza e l\u2019utilit\u00e0 dei risultati. Il feedback di team interni, partner e clienti pu\u00f2 aiutare a perfezionare il focus della ricerca e garantire che i risultati rispondano alle domande strategiche pi\u00f9 critiche.<\/li>\n\n\n\n<li><strong>Qualit\u00e0 e integrit\u00e0 dei dati:<\/strong> La validit\u00e0 dei risultati delle ricerche di mercato dipende dalla qualit\u00e0 e dall\u2019integrit\u00e0 dei dati raccolti. L\u2019utilizzo di standard rigorosi di raccolta e analisi dei dati, la garanzia della conformit\u00e0 alla privacy dei dati e la convalida delle fonti sono essenziali per produrre informazioni affidabili.<\/li>\n\n\n\n<li><strong>Informazioni utili:<\/strong> In definitiva, il successo di una ricerca di mercato \u00e8 misurato dalla fattibilit\u00e0 delle sue intuizioni. La ricerca dovrebbe culminare in raccomandazioni chiare e strategiche in grado di guidare le decisioni aziendali, dallo sviluppo del prodotto e dalle strategie di ingresso nel mercato al posizionamento competitivo e alle priorit\u00e0 di investimento.<\/li>\n<\/ul>\n\n\n\n<h2 class=\"wp-block-heading\">Industrie<\/h2>\n\n\n\n<p>La ricerca di mercato del granito svolge un ruolo fondamentale in vari settori, supportando le decisioni strategiche con approfondimenti critici su offerta, domanda, tendenze e preferenze. La versatilit\u00e0, la durabilit\u00e0 e il fascino estetico della pietra naturale ne fanno un materiale ricercato in diversi settori chiave:<\/p>\n\n\n\n<ul class=\"wp-block-list\">\n<li><strong>Edilizia ed edilizia:<\/strong> Il settore edile \u00e8 il principale consumatore di granito, utilizzandolo sia in progetti residenziali che commerciali per pavimentazioni, rivestimenti di pareti, controsoffitti e paesaggistica esterna. Le ricerche di mercato sul granito aiutano a identificare le tendenze edilizie emergenti, le potenzialit\u00e0 del mercato regionale e le preferenze dei clienti, guidando fornitori e appaltatori nelle loro offerte di progetto e nelle strategie di approvvigionamento dei materiali.<\/li>\n\n\n\n<li><strong>Design degli interni e miglioramento della casa:<\/strong> Interior designers and <a href=\"https:\/\/www.sisinternational.com\/it\/competenza\/industrie\/ricerche-di-mercato-sui-negozi-di-ferramenta\/\" title=\"Ricerche di mercato su negozi di ferramenta e bricolage\"  data-wpil-monitor-id=\"5932\">home improvement retailers rely on market research<\/a> to stay ahead of home d\u00e9cor trends. Insights into popular granite colors, finishes, and applications inform product offerings and marketing strategies, catering to homeowners looking to upgrade their living spaces.<\/li>\n\n\n\n<li><strong>Monumento e arte commemorativa:<\/strong> L&#039;utilizzo del granito nei monumenti e nei memoriali testimonia la qualit\u00e0 duratura del materiale. La ricerca di mercato in questa nicchia si concentra sui modelli di domanda, sulle tendenze del design e sulle preferenze dei consumatori, assistendo artigiani e fornitori nella realizzazione di pezzi che siano in sintonia con i sentimenti dei loro clienti.<\/li>\n\n\n\n<li><strong>Applicazioni architettoniche e decorative:<\/strong> Architetti e decoratori sfruttano il granito per il suo fascino estetico nella creazione di pezzi, facciate ed elementi decorativi. La ricerca aiuta a identificare usi innovativi del granito, influenzando le decisioni di progettazione e le tendenze architettoniche.<\/li>\n\n\n\n<li><strong>Usi industriali:<\/strong> Beyond its aesthetic applications, granite is used in industrial settings for its physical properties, such as in precision machinery for its stability and resistance to wear. <\/li>\n<\/ul>\n\n\n\n<h2 class=\"wp-block-heading\">Opportunit\u00e0<\/h2>\n\n\n\n<figure class=\"gb-block-image gb-block-image-8d6adf98\"><img loading=\"lazy\" decoding=\"async\" width=\"1456\" height=\"816\" class=\"gb-image gb-image-8d6adf98\" src=\"https:\/\/www.sisinternational.com\/wp-content\/uploads\/2025\/08\/Marble-granite-4.jpg\" alt=\"Ricerca e strategia di mercato internazionale SIS\" title=\"Marble granite (4)\" srcset=\"https:\/\/www.sisinternational.com\/wp-content\/uploads\/2025\/08\/Marble-granite-4.jpg 1456w, https:\/\/www.sisinternational.com\/wp-content\/uploads\/2025\/08\/Marble-granite-4-300x168.jpg 300w, https:\/\/www.sisinternational.com\/wp-content\/uploads\/2025\/08\/Marble-granite-4-1024x574.jpg 1024w, https:\/\/www.sisinternational.com\/wp-content\/uploads\/2025\/08\/Marble-granite-4-768x430.jpg 768w, https:\/\/www.sisinternational.com\/wp-content\/uploads\/2025\/08\/Marble-granite-4-18x10.jpg 18w\" sizes=\"auto, (max-width: 1456px) 100vw, 1456px\"><\/figure>\n\n\n\n<p><\/p>\n\n\n\n<p>Le ricerche di mercato sul granito aprono molte opportunit\u00e0 per le aziende che operano all&#039;interno e intorno all&#039;industria del granito. Fornendo un approfondimento sulle dinamiche di mercato, sulle preferenze dei consumatori e sui panorami competitivi, questa ricerca illumina percorsi di crescita, innovazione e vantaggio strategico. Ecco un&#039;esplorazione delle principali opportunit\u00e0 che la ricerca di mercato del granito svela per le aziende:<\/p>\n\n\n\n<ul class=\"wp-block-list\">\n<li><strong>Portata di mercato in espansione:<\/strong> Granite <a href=\"https:\/\/www.sisinternational.com\/it\/considerando-il-medio-oriente-per-le-ricerche-di-mercato\/\" title=\"Ricerca sull\u2019ingresso nel mercato del Medio Oriente\"  data-wpil-monitor-id=\"1432\">market research identifies emerging<\/a> markets and untapped segments, offering businesses the chance to expand their reach. Insights into regional demand patterns, economic indicators, and consumer preferences guide strategic market entry and product positioning efforts.<\/li>\n\n\n\n<li><strong>Innovazione e diversificazione del prodotto:<\/strong> Comprendere i cambiamenti nelle preferenze dei consumatori e i progressi tecnologici consente alle aziende di innovare e diversificare la propria offerta di prodotti. La ricerca pu\u00f2 evidenziare opportunit\u00e0 per l\u2019introduzione di nuove finiture, colori o applicazioni del granito che soddisfano le richieste del mercato in evoluzione.<\/li>\n\n\n\n<li><strong>Miglioramento della strategia competitiva:<\/strong> L\u2019analisi completa del panorama competitivo fornisce alle aziende l\u2019intelligence necessaria per affinare le proprie strategie competitive. Identificare i punti di forza e di debolezza dei concorrenti, la quota di mercato e le mosse strategiche consente di sviluppare offerte differenziate e strategie di marketing mirate.<\/li>\n\n\n\n<li><strong>Ottimizzazione della catena di fornitura:<\/strong> Insights into the supply dynamics of the granite industry, including sourcing, production, and distribution challenges, enable businesses to optimize their supply chains. <\/li>\n\n\n\n<li><strong>Opportunit\u00e0 di investimento e partnership:<\/strong> Le ricerche di mercato possono scoprire opportunit\u00e0 per investimenti strategici e partnership che rafforzano la crescita del business. Ci\u00f2 potrebbe includere collaborazioni con fornitori di tecnologia, fusioni con aziende complementari o investimenti in tecniche innovative di estrazione e lavorazione.<\/li>\n<\/ul>\n\n\n\n<h2 class=\"wp-block-heading\">Sfide<\/h2>\n\n\n\n<p>Sebbene le ricerche di mercato granitiche offrano informazioni preziose per le aziende, la navigazione in questo terreno complesso comporta delle sfide. Questi ostacoli possono influire sull\u2019accuratezza dei risultati della ricerca e, di conseguenza, sulle decisioni strategiche prese sulla base di queste informazioni.<\/p>\n\n\n\n<ul class=\"wp-block-list\">\n<li><strong>Accesso a dati affidabili:<\/strong> Una delle sfide principali \u00e8 raccogliere dati affidabili e aggiornati da tutto il mercato globale del granito. La vastit\u00e0 del settore e i numerosi mercati non regolamentati possono rendere difficile la raccolta dei dati, portando potenzialmente a lacune nella comprensione del mercato.<\/li>\n\n\n\n<li><strong>Analisi delle tendenze del mercato:<\/strong> Il mercato del granito \u00e8 influenzato da vari fattori, tra cui fluttuazioni economiche, cambiamenti nelle preferenze dei consumatori e progressi tecnologici. Districare queste influenze per identificare chiare tendenze di mercato richiede competenze e strumenti analitici sofisticati, il che rappresenta una sfida per molte aziende.<\/li>\n\n\n\n<li><strong>Adattamento alle variazioni regionali:<\/strong> La ricerca di mercato deve tenere conto delle significative variazioni regionali della domanda, dell\u2019offerta, degli ambienti normativi e dei panorami competitivi. Adattare le metodologie di ricerca per catturare queste sfumature pu\u00f2 essere impegnativo, ma \u00e8 essenziale per un\u2019analisi di mercato accurata.<\/li>\n\n\n\n<li><strong>Previsione della domanda futura:<\/strong> Prevedere la futura domanda di mercato del granito comporta una notevole incertezza. Fattori come i cambiamenti nel settore edile, le normative ambientali e le condizioni economiche globali possono influenzare notevolmente le proiezioni della domanda, rendendo le previsioni accurate un\u2019impresa impegnativa.<\/li>\n\n\n\n<li><strong>Stare al passo con i rapidi cambiamenti:<\/strong> L\u2019industria del granito \u00e8 soggetta a rapidi cambiamenti, guidati dalle innovazioni nella tecnologia di lavorazione, dalle tendenze del design e dai cambiamenti nelle politiche commerciali globali. Mantenere i risultati della ricerca attuali e pertinenti in un ambiente cos\u00ec dinamico richiede monitoraggio e analisi continui.<\/li>\n<\/ul>\n\n\n\n<h2 class=\"wp-block-heading\">The SIS Advantage<\/h2>\n\n\n\n<p>In the competitive landscape of <a href=\"https:\/\/www.sisinternational.com\/it\/avviare-unimpresa-in-turchia\/\" title=\"Avviare un&#039;impresa in Turchia\"  data-wpil-monitor-id=\"3885\">ricerche di mercato sul granito<\/a>, SIS distinguishes itself through a unique blend of expertise, methodology, and client-focused solutions \u2013 and here\u2019s what sets SIS granite market research apart in delivering value to businesses within the granite industry:<\/p>\n\n\n\n<ul class=\"wp-block-list\">\n<li><strong>Approccio completo e personalizzato:<\/strong> SIS adotta un approccio globale all&#039;analisi del granito, garantendo che ogni aspetto del mercato venga analizzato, dalle sfumature della catena di fornitura alle preferenze dei consumatori e alle dinamiche competitive. A differenza degli studi di mercato generici, SIS personalizza la propria metodologia di ricerca per allinearla agli obiettivi e alle sfide specifici di ciascun cliente, garantendo che le informazioni siano direttamente applicabili alle sue esigenze strategiche.<\/li>\n\n\n\n<li><strong>Capacit\u00e0 analitiche avanzate:<\/strong> At the core of SIS&#8217;s differentiation is its advanced analytical capabilities. Utilizing cutting-edge data analytics, AI, and machine learning technologies, SIS can dissect complex market data, uncover hidden trends, and predict future market movements with a high degree of accuracy. <\/li>\n\n\n\n<li><strong>Approfondimenti globali con rilevanza locale:<\/strong> Recognizing the global nature of the granite market, SIS provides insights that span key markets worldwide. However, what distinguishes SIS is its ability to <a href=\"https:\/\/www.sisinternational.com\/it\/competenza\/industrie\/ricerche-di-mercato-relative-alla-perforazione\/\" title=\"Ricerche di mercato per la perforazione\"  data-wpil-monitor-id=\"5659\">drill down into local market<\/a> dynamics, offering clients a global perspective that is deeply informed by local market realities and opportunities.<\/li>\n\n\n\n<li><strong>Ricerca dinamica e continua:<\/strong> The granite market is dynamic, with trends, consumer preferences, and competitive landscapes evolving continuously. SIS\u2019s approach to granite market research is similarly dynamic, offering ongoing research and updates. <\/li>\n\n\n\n<li><strong>Collaborazione strategica:<\/strong> SIS considera il proprio ruolo quello di fornitore di ricerche di mercato e di partner strategico per i propri clienti. Questo approccio di partnership significa che SIS lavora a stretto contatto con i clienti per comprenderne gli obiettivi strategici, le sfide e le opportunit\u00e0, garantendo che la ricerca fornita sia approfondita, attuabile e allineata con la visione strategica del cliente.<\/li>\n\n\n\n<li><strong>Ethical and Transparent <\/strong><a href=\"https:\/\/www.sisinternational.com\/it\/trasporto-in-ambulanza\/\" title=\"Ricerche di mercato sul trasporto in ambulanza\"  data-wpil-monitor-id=\"2101\">Research Practices: In conducting granite market<\/a> research, SIS adheres to the highest standards of ethics and transparency. This commitment ensures that all research findings are credible, reliable, and gathered through ethical means, reinforcing the trust clients place in SIS insights.<\/li>\n<\/ul>\n\n\n\n<p><\/p>","protected":false},"excerpt":{"rendered":"<p>La ricerca di mercato del granito esplora la produzione globale dell&#039;industria del granito, le catene di fornitura, le tendenze del mercato e le preferenze dei consumatori.<\/p>","protected":false},"author":1,"featured_media":63712,"parent":84498,"menu_order":422,"comment_status":"closed","ping_status":"closed","template":"","meta":{"footnotes":""},"class_list":["post-46881","page","type-page","status-publish","has-post-thumbnail"],"_links":{"self":[{"href":"https:\/\/www.sisinternational.com\/it\/wp-json\/wp\/v2\/pages\/46881","targetHints":{"allow":["GET"]}}],"collection":[{"href":"https:\/\/www.sisinternational.com\/it\/wp-json\/wp\/v2\/pages"}],"about":[{"href":"https:\/\/www.sisinternational.com\/it\/wp-json\/wp\/v2\/types\/page"}],"author":[{"embeddable":true,"href":"https:\/\/www.sisinternational.com\/it\/wp-json\/wp\/v2\/users\/1"}],"replies":[{"embeddable":true,"href":"https:\/\/www.sisinternational.com\/it\/wp-json\/wp\/v2\/comments?post=46881"}],"version-history":[{"count":18,"href":"https:\/\/www.sisinternational.com\/it\/wp-json\/wp\/v2\/pages\/46881\/revisions"}],"predecessor-version":[{"id":80577,"href":"https:\/\/www.sisinternational.com\/it\/wp-json\/wp\/v2\/pages\/46881\/revisions\/80577"}],"up":[{"embeddable":true,"href":"https:\/\/www.sisinternational.com\/it\/wp-json\/wp\/v2\/pages\/84498"}],"wp:featuredmedia":[{"embeddable":true,"href":"https:\/\/www.sisinternational.com\/it\/wp-json\/wp\/v2\/media\/63712"}],"wp:attachment":[{"href":"https:\/\/www.sisinternational.com\/it\/wp-json\/wp\/v2\/media?parent=46881"}],"curies":[{"name":"wp","href":"https:\/\/api.w.org\/{rel}","templated":true}]}}