{"id":46852,"date":"2024-03-14T16:50:59","date_gmt":"2024-03-14T20:50:59","guid":{"rendered":"https:\/\/www.sisinternational.com\/?page_id=46852"},"modified":"2026-01-27T16:34:38","modified_gmt":"2026-01-27T21:34:38","slug":"ricerche-di-mercato-sul-toolkit-di-marketing-del-marchio","status":"publish","type":"page","link":"https:\/\/www.sisinternational.com\/it\/soluzioni\/ricerche-di-mercato-sul-toolkit-di-marketing-del-marchio\/","title":{"rendered":"Ricerche di mercato sul kit di strumenti per il marketing del marchio"},"content":{"rendered":"<h1 class=\"gb-headline gb-headline-3679b421 gb-headline-text\">Ricerche di mercato sul kit di strumenti per il marketing del marchio<\/h1>\n\n\n\n<figure class=\"gb-block-image gb-block-image-cd310f57\"><img loading=\"lazy\" decoding=\"async\" width=\"1456\" height=\"816\" class=\"gb-image gb-image-cd310f57\" src=\"https:\/\/www.sisinternational.com\/wp-content\/uploads\/2025\/09\/Branding-1.jpg\" alt=\"Ricerca e strategia di mercato internazionale SIS\" title=\"Branding (1)\" srcset=\"https:\/\/www.sisinternational.com\/wp-content\/uploads\/2025\/09\/Branding-1.jpg 1456w, https:\/\/www.sisinternational.com\/wp-content\/uploads\/2025\/09\/Branding-1-300x168.jpg 300w, https:\/\/www.sisinternational.com\/wp-content\/uploads\/2025\/09\/Branding-1-1024x574.jpg 1024w, https:\/\/www.sisinternational.com\/wp-content\/uploads\/2025\/09\/Branding-1-768x430.jpg 768w, https:\/\/www.sisinternational.com\/wp-content\/uploads\/2025\/09\/Branding-1-18x10.jpg 18w\" sizes=\"auto, (max-width: 1456px) 100vw, 1456px\"><\/figure>\n\n\n\n<p><\/p>\n\n\n\n<hr class=\"wp-block-separator has-alpha-channel-opacity is-style-dots\"\/>\n\n\n\n<p class=\"p1\">Nel panorama in continua evoluzione del marketing del marchio, avere gli strumenti giusti a propria disposizione pu\u00f2 fare la differenza tra successo e stagnazione... Ma come possono le aziende assicurarsi di avere gli strumenti giusti per commercializzare il proprio marchio in modo efficace nell&#039;ambiente competitivo di oggi? Il regno della ricerca di mercato del toolkit di marketing del marchio svela approfondimenti e strategie cruciali per le aziende che mirano ad amplificare la presenza e il coinvolgimento del proprio marchio.<\/p>\n\n\n\n<h2 class=\"wp-block-heading\">Comprendere le ricerche di mercato del kit di strumenti per il marketing del marchio<\/h2>\n\n\n\n<p>Brand marketing toolkit market research involves a comprehensive analysis of businesses&#8217; tools, strategies, and tactics to promote their brand effectively.&nbsp;This research explores how different tools and strategies within the toolkit complement each other and contribute to overarching brand objectives.<\/p>\n\n\n\n<p>Particularly, it identifies emerging trends, innovative technologies, and best practices in brand marketing, helping businesses stay ahead of the curve and adapt their toolkit to evolving consumer behaviors and market dynamics.<\/p>\n\n\n\n<h2 class=\"wp-block-heading\">Importanza della ricerca di mercato del kit di strumenti per il marketing del marchio<\/h2>\n\n\n\n<figure class=\"gb-block-image gb-block-image-af9dc150\"><img loading=\"lazy\" decoding=\"async\" width=\"1456\" height=\"816\" class=\"gb-image gb-image-af9dc150\" src=\"https:\/\/www.sisinternational.com\/wp-content\/uploads\/2025\/09\/Branding-3.jpg\" alt=\"Ricerca e strategia di mercato internazionale SIS\" title=\"Branding (3)\" srcset=\"https:\/\/www.sisinternational.com\/wp-content\/uploads\/2025\/09\/Branding-3.jpg 1456w, https:\/\/www.sisinternational.com\/wp-content\/uploads\/2025\/09\/Branding-3-300x168.jpg 300w, https:\/\/www.sisinternational.com\/wp-content\/uploads\/2025\/09\/Branding-3-1024x574.jpg 1024w, https:\/\/www.sisinternational.com\/wp-content\/uploads\/2025\/09\/Branding-3-768x430.jpg 768w, https:\/\/www.sisinternational.com\/wp-content\/uploads\/2025\/09\/Branding-3-18x10.jpg 18w\" sizes=\"auto, (max-width: 1456px) 100vw, 1456px\"><\/figure>\n\n\n\n<p><\/p>\n\n\n\n<p>This market research provides valuable insights into consumer preferences, market trends, and competitor strategies, enabling businesses to make informed decisions about their brand marketing toolkit.&nbsp;Moreover, <a href=\"https:\/\/www.sisinternational.com\/it\/garantire-che-i-clienti-ricordino-il-tuo-messaggio\/\" title=\"Ricerche di mercato sull&#039;attivazione del marchio\"  data-wpil-monitor-id=\"2275\">ricerche di mercato sul toolkit di marketing del marchio<\/a> helps businesses identify the most cost-effective and high-impact tools and channels for reaching their target audience.&nbsp;<\/p>\n\n\n\n<p>Allo stesso modo, aiuta le aziende a identificare le tendenze emergenti, le tecnologie e le migliori pratiche nel marketing del marchio, consentendo loro di stare al passo con i tempi e differenziarsi dalla concorrenza. Tuttavia, questa ricerca di mercato apporta molti altri vantaggi alle aziende, tra cui:<\/p>\n\n\n\n<ul class=\"wp-block-list\">\n<li><strong>Processo decisionale informato:<\/strong> <a href=\"https:\/\/www.sisinternational.com\/it\/sis-ricerca-del-marchio-e-fidelizzazione-del-cliente\/\" title=\"Ricerche di mercato sui marchi e fidelizzazione dei clienti\"  data-wpil-monitor-id=\"2512\">Brand marketing toolkit market research<\/a> provides businesses with actionable insights into consumer preferences, market trends, and competitor strategies, enabling them to make informed decisions about their brand marketing toolkit.<\/li>\n\n\n\n<li><strong>Allocazione ottimizzata delle risorse:<\/strong> Identificando gli strumenti e i canali pi\u00f9 convenienti e ad alto impatto per raggiungere il pubblico target, le aziende possono ottimizzare il budget di marketing e ottenere risultati migliori con minori investimenti.<\/li>\n\n\n\n<li><strong>Enhanced <\/strong><a href=\"https:\/\/www.sisinternational.com\/it\/fette-sottili-nel-marketing-di-una-recensione-di-blink\/\" title=\"Thin-Slicing in Marketing: Book Review of &#8220;Blink&#8221;\"  data-wpil-monitor-id=\"1631\">Brand Visibility and Engagement: Market<\/a> research helps businesses understand which tools and channels are most effective at reaching and engaging their audience, allowing them to tailor their toolkit to maximize brand exposure and interaction.<\/li>\n\n\n\n<li><strong>Risultati misurabili:<\/strong> Fornisce alle aziende dati e approfondimenti preziosi per misurare e monitorare le prestazioni dei loro sforzi di marketing del marchio. Monitorando parametri chiave come la notoriet\u00e0 del marchio, il coinvolgimento dei clienti e i tassi di conversione, le aziende possono valutare l&#039;efficacia del proprio toolkit e apportare le modifiche necessarie per ottimizzare le prestazioni.<\/li>\n<\/ul>\n\n\n\n<h2 class=\"wp-block-heading\">Chi utilizza Brand Marketing Toolkit Ricerche di mercato<\/h2>\n\n\n\n<p><strong>Marketing Professionals<\/strong> are central in leveraging <a href=\"https:\/\/www.sisinternational.com\/it\/mercato-della-pubblicita-digitale\/\" title=\"Marketing e pubblicit\u00e0 nell&#039;era digitale\"  data-wpil-monitor-id=\"1829\">brand<\/a> marketing toolkit market research to develop and execute effective marketing strategies. By understanding consumer preferences, market trends, and competitor strategies, marketing professionals can tailor their toolkit to maximize brand visibility, engagement, and conversion.<\/p>\n\n\n\n<p>Allo stesso modo, <strong>Brand Managers<\/strong> provide brand managers with insights into the most effective tools and strategies for promoting their brand, allowing them to make informed decisions about brand messaging, creative assets, and marketing channels.<\/p>\n\n\n\n<p>Inoltre, <strong>Advertising Agencies<\/strong> leverage market research to deepen consumer preferences, market dynamics, and competitor strategies, enabling them to develop compelling campaigns that drive brand awareness, engagement, and loyalty. <strong>Product Managers<\/strong> also use <a href=\"https:\/\/www.sisinternational.com\/it\/soluzioni\/soluzioni-di-branding-e-ricerca-clienti\/ricerche-di-mercato-sulla-differenziazione-del-marchio\/\" title=\"Ricerche di mercato sulla differenziazione del marchio\"  data-wpil-monitor-id=\"2846\">ricerche di mercato sul toolkit di marketing del marchio<\/a> to identify the most effective tools and strategies for promoting their products, enabling them to optimize product positioning, messaging, and distribution channels to maximize sales and market share.<\/p>\n\n\n\n<h2 class=\"wp-block-heading\">Risultati attesi dalla ricerca di mercato del Brand Marketing Toolkit di SIS<\/h2>\n\n\n\n<figure class=\"gb-block-image gb-block-image-2b862c5a\"><img loading=\"lazy\" decoding=\"async\" width=\"1456\" height=\"816\" class=\"gb-image gb-image-2b862c5a\" src=\"https:\/\/www.sisinternational.com\/wp-content\/uploads\/2025\/09\/Branding-4.jpg\" alt=\"Ricerca e strategia di mercato internazionale SIS\" title=\"Branding (4)\" srcset=\"https:\/\/www.sisinternational.com\/wp-content\/uploads\/2025\/09\/Branding-4.jpg 1456w, https:\/\/www.sisinternational.com\/wp-content\/uploads\/2025\/09\/Branding-4-300x168.jpg 300w, https:\/\/www.sisinternational.com\/wp-content\/uploads\/2025\/09\/Branding-4-1024x574.jpg 1024w, https:\/\/www.sisinternational.com\/wp-content\/uploads\/2025\/09\/Branding-4-768x430.jpg 768w, https:\/\/www.sisinternational.com\/wp-content\/uploads\/2025\/09\/Branding-4-18x10.jpg 18w\" sizes=\"auto, (max-width: 1456px) 100vw, 1456px\"><\/figure>\n\n\n\n<p><\/p>\n\n\n\n<p>Implementing a comprehensive <a href=\"https:\/\/www.sisinternational.com\/it\/competenza\/industrie\/ricerche-di-mercato-per-marchi-in-invecchiamento\/\" title=\"Ricerche di mercato per marchi invecchiati\"  data-wpil-monitor-id=\"3702\">ricerche di mercato sul toolkit di marketing del marchio<\/a> can lead to a range of positive outcomes for businesses \u2013 and here are some expected results that businesses can anticipate from utilizing our brand marketing toolkit:<\/p>\n\n\n\n<ul class=\"wp-block-list\">\n<li><strong>Migliore coinvolgimento del cliente:<\/strong> Tattiche di marketing coinvolgenti e contenuti accattivanti possono favorire connessioni pi\u00f9 profonde con i clienti, portando a un maggiore coinvolgimento. Campagne interattive, messaggi personalizzati e iniziative di creazione di comunit\u00e0 possono incoraggiare i clienti a interagire con il marchio, partecipare a conversazioni e condividere le proprie esperienze con gli altri, rafforzando in definitiva la fedelt\u00e0 e il sostegno al marchio.<\/li>\n\n\n\n<li><strong>Percezione del marchio migliorata:<\/strong> Un kit di strumenti di marketing del marchio ben eseguito pu\u00f2 modellare la percezione del marchio da parte dei consumatori, posizionandolo come una scelta rispettabile, affidabile e desiderabile all&#039;interno del mercato. Un branding coerente, uno storytelling avvincente ed esperienze positive del marchio possono contribuire a un\u2019immagine di marca favorevole, alla differenziazione dalla concorrenza e ad un aumento del valore percepito dai clienti.<\/li>\n\n\n\n<li><strong>Maggiore acquisizione di clienti:<\/strong> Strategie di marketing efficaci e campagne mirate possono attirare nuovi clienti verso il marchio, ampliandone la base clienti e favorendo la crescita dei ricavi. Identificando e raggiungendo potenziali clienti attraverso vari canali di marketing, le aziende possono generare contatti, coltivare relazioni e convertire i potenziali clienti in clienti paganti, aumentando in definitiva le vendite e la quota di mercato.<\/li>\n\n\n\n<li><strong>Maggiore fidelizzazione dei clienti:<\/strong> Building strong relationships with existing customers is essential for fostering loyalty and maximizing customer lifetime value. A comprehensive <a href=\"https:\/\/www.sisinternational.com\/it\/marketing-fedelta\/\" title=\"Ricerche di mercato sulla fidelizzazione\"  data-wpil-monitor-id=\"2007\">ricerche di mercato sul toolkit di marketing del marchio<\/a> can include retention strategies such as loyalty programs, personalized communication, and exceptional customer service, which can help businesses retain customers, reduce churn, and encourage repeat purchases over time.<\/li>\n<\/ul>\n\n\n\n<h2 class=\"wp-block-heading\">Opportunit\u00e0<\/h2>\n\n\n\n<p>Engaging in <a href=\"https:\/\/www.sisinternational.com\/it\/competenza\/industrie\/ricerca-di-mercato-del-marchio\/\" title=\"Ricerche di mercato sui marchi\"  data-wpil-monitor-id=\"6730\">brand<\/a> marketing toolkit market research presents several opportunities for businesses to enhance their marketing strategies and achieve their brand objectives:<\/p>\n\n\n\n<ul class=\"wp-block-list\">\n<li><strong>Ottimizzazione dei canali di marketing:<\/strong> Through market research, businesses can determine which marketing channels and tactics are most effective at reaching their target audience.&nbsp;<\/li>\n\n\n\n<li><strong>Migliorare il posizionamento del prodotto:<\/strong> This market research can help businesses understand how their products are perceived in the market and identify opportunities for improvement.&nbsp;<\/li>\n\n\n\n<li><strong>Espansione in nuovi mercati:<\/strong> Market research enables businesses to assess the feasibility of expanding into new geographic regions or target demographics.&nbsp;<\/li>\n<\/ul>\n\n\n\n<h2 class=\"wp-block-heading\">Sfide<\/h2>\n\n\n\n<figure class=\"gb-block-image gb-block-image-32d273f5\"><img loading=\"lazy\" decoding=\"async\" width=\"1456\" height=\"816\" class=\"gb-image gb-image-32d273f5\" src=\"https:\/\/www.sisinternational.com\/wp-content\/uploads\/2025\/09\/Branding-5.jpg\" alt=\"Ricerca e strategia di mercato internazionale SIS\" title=\"Branding (5)\" srcset=\"https:\/\/www.sisinternational.com\/wp-content\/uploads\/2025\/09\/Branding-5.jpg 1456w, https:\/\/www.sisinternational.com\/wp-content\/uploads\/2025\/09\/Branding-5-300x168.jpg 300w, https:\/\/www.sisinternational.com\/wp-content\/uploads\/2025\/09\/Branding-5-1024x574.jpg 1024w, https:\/\/www.sisinternational.com\/wp-content\/uploads\/2025\/09\/Branding-5-768x430.jpg 768w, https:\/\/www.sisinternational.com\/wp-content\/uploads\/2025\/09\/Branding-5-18x10.jpg 18w\" sizes=\"auto, (max-width: 1456px) 100vw, 1456px\"><\/figure>\n\n\n\n<p><\/p>\n\n\n\n<p>Mentre <a href=\"https:\/\/www.sisinternational.com\/it\/cosa-sono-le-pubbliche-relazioni\/\" title=\"Pubbliche relazioni e ricerche di mercato\"  data-wpil-monitor-id=\"7411\">ricerche di mercato sul toolkit di marketing del marchio<\/a> offers numerous benefits, businesses may also encounter several challenges along the way, including:<\/p>\n\n\n\n<ul class=\"wp-block-list\">\n<li><strong>Sovraccarico di dati:<\/strong> Con l\u2019abbondanza di dati provenienti da varie fonti, le aziende potrebbero avere difficolt\u00e0 a vagliare il rumore ed estrarre informazioni utili. La gestione e l&#039;analisi di grandi volumi di dati pu\u00f2 richiedere molto tempo e molte risorse e richiede competenze e strumenti analitici avanzati.<\/li>\n\n\n\n<li><strong>Cambiare il comportamento dei consumatori:<\/strong> Il comportamento dei consumatori si evolve costantemente, guidato dai progressi tecnologici, dai cambiamenti culturali e dai cambiamenti economici. Stare al passo con questi cambiamenti e comprenderne le implicazioni per il marketing del marchio pu\u00f2 essere impegnativo, poich\u00e9 richiede alle aziende di monitorare continuamente le tendenze e adattare le proprie strategie.<\/li>\n\n\n\n<li><strong>Integrazione e coordinamento:<\/strong> Un kit di strumenti di marketing di successo richiede coordinamento e integrazione tra i vari dipartimenti e funzioni organizzativi. Garantire l&#039;allineamento tra marketing, vendite, sviluppo prodotto e altri team pu\u00f2 essere difficile, in particolare nelle organizzazioni pi\u00f9 grandi con strutture complesse e priorit\u00e0 concorrenti.<\/li>\n<\/ul>\n\n\n\n<h2 class=\"wp-block-heading\">In che modo le ricerche di mercato del kit di strumenti per il marketing del marchio di SIS International aiutano le aziende<\/h2>\n\n\n\n<p>A <a href=\"https:\/\/www.linkedin.com\/company\/sisinternationalresearch\/\" target=\"_blank\" rel=\"noopener\">SIS Internazionale<\/a>, we distinguish ourselves in brand marketing toolkit market research through our commitment to delivering actionable insights, customized solutions, and exceptional client service. Here are some key factors that set us apart:<\/p>\n\n\n\n<ul class=\"wp-block-list\">\n<li><strong>Approccio strategico:<\/strong> We take a strategic approach to brand marketing toolkit market research, focusing on understanding our clients&#8217; business objectives, target audience, and competitive landscape.&nbsp;<\/li>\n\n\n\n<li><strong>Soluzioni personalizzate:<\/strong> Comprendiamo che ogni azienda \u00e8 unica e che sono necessarie pi\u00f9 soluzioni adatte a tutti. Ecco perch\u00e9 adattiamo le nostre metodologie di ricerca, strumenti e risultati finali per soddisfare le esigenze e gli obiettivi specifici di ciascun cliente.<\/li>\n\n\n\n<li><strong>Competenza ed esperienza:<\/strong> Con decenni di esperienza nelle ricerche di mercato e nella consulenza strategica, il nostro team di esperti apporta un patrimonio di conoscenze e competenze ad ogni progetto. Dai veterani del settore agli specialisti in materia, i membri del nostro team possiedono le competenze e le conoscenze per affrontare anche le sfide di ricerca pi\u00f9 complesse e fornire risultati di grande impatto.<\/li>\n\n\n\n<li><strong>Portata globale:<\/strong> With a global network of offices and partners spanning six continents, we have the reach and capabilities to conduct <a href=\"https:\/\/www.sisinternational.com\/it\/competenza\/ricerca-di-mercato-sui-prodotti-chimici-sfusi\/\" title=\"Ricerche di mercato sui prodotti chimici sfusi\" data-wpil-monitor-id=\"2132\">research in markets<\/a> worldwide.&nbsp;<\/li>\n\n\n\n<li><strong>Analitica avanzata:<\/strong> Sfruttiamo strumenti e metodologie di analisi avanzate per estrarre informazioni significative da set di dati complessi. Dalla modellazione predittiva e analisi di segmentazione all&#039;analisi del sentiment e alla visualizzazione dei dati, utilizziamo tecniche all&#039;avanguardia per scoprire modelli, tendenze e correlazioni nascoste che guidano il processo decisionale strategico.<\/li>\n<\/ul>\n\n\n\n<h2 class=\"wp-block-heading\">La nostra sede a New York<\/h2>\n\n\n\n<p>\n\n\n\n<iframe loading=\"lazy\" src=\"https:\/\/www.google.com\/maps\/embed?pb=!1m18!1m12!1m3!1d3022.976188376966!2d-73.99130312499956!3d40.740549471389315!2m3!1f0!2f0!3f0!3m2!1i1024!2i768!4f13.1!3m3!1m2!1s0x89c259a15798c731%3A0xd695d09bdd495f25!2s11%20E%2022nd%20St%20FL%202%2C%20New%20York%2C%20NY%2010010%2C%20USA!5e0!3m2!1sen!2spe!4v1726171763526!5m2!1sen!2spe\" width=\"600\" height=\"450\" allowfullscreen=\"allowfullscreen\" data-mce-fragment=\"1\"><\/iframe>\n\n\n\n<\/p>\n\n\n\n<h3 class=\"wp-block-heading\">11 E 22nd Street, piano 2, New York, NY 10010 T: +1(212) 505-6805<\/h3>\n\n\n\n<hr class=\"wp-block-separator has-alpha-channel-opacity\"\/>\n\n\n\n<h2 class=\"wp-block-heading\"><span style=\"font-weight: 400;\">A proposito di SIS Internazionale<\/span><\/h2>\n\n\n\n<p><a href=\"https:\/\/www.sisinternational.com\/it\/\"><span style=\"font-weight: 400;\">SIS Internazionale<\/span><\/a><span style=\"font-weight: 400;\"> offre ricerca quantitativa, qualitativa e strategica. Forniamo dati, strumenti, strategie, report e approfondimenti per il processo decisionale. Conduciamo anche interviste, sondaggi, focus group e altri metodi e approcci di ricerca di mercato.<\/span><a href=\"https:\/\/www.sisinternational.com\/it\/sulla-sua-ricerca-internazionale\/contact-sis-international-market-research\/\"><span style=\"font-weight: 400;\"> Contattaci<\/span><\/a><span style=\"font-weight: 400;\"> per il tuo prossimo progetto di ricerca di mercato.<\/span><\/p>\n\n\n\n<p><\/p>","protected":false},"excerpt":{"rendered":"<p>La ricerca di mercato del toolkit di marketing del marchio prevede l&#039;analisi di strumenti, strategie e tattiche per promuovere il marchio in modo efficace.<\/p>","protected":false},"author":1,"featured_media":69130,"parent":14457,"menu_order":30,"comment_status":"closed","ping_status":"closed","template":"","meta":{"_uag_custom_page_level_css":"","footnotes":""},"class_list":["post-46852","page","type-page","status-publish","has-post-thumbnail"],"uagb_featured_image_src":{"full":["https:\/\/www.sisinternational.com\/wp-content\/uploads\/2025\/09\/Branding-1.jpg",1456,816,false],"thumbnail":["https:\/\/www.sisinternational.com\/wp-content\/uploads\/2025\/09\/Branding-1-150x150.jpg",150,150,true],"medium":["https:\/\/www.sisinternational.com\/wp-content\/uploads\/2025\/09\/Branding-1-300x168.jpg",300,168,true],"medium_large":["https:\/\/www.sisinternational.com\/wp-content\/uploads\/2025\/09\/Branding-1-768x430.jpg",768,430,true],"large":["https:\/\/www.sisinternational.com\/wp-content\/uploads\/2025\/09\/Branding-1-1024x574.jpg",1024,574,true],"1536x1536":["https:\/\/www.sisinternational.com\/wp-content\/uploads\/2025\/09\/Branding-1.jpg",1456,816,false],"2048x2048":["https:\/\/www.sisinternational.com\/wp-content\/uploads\/2025\/09\/Branding-1.jpg",1456,816,false],"trp-custom-language-flag":["https:\/\/www.sisinternational.com\/wp-content\/uploads\/2025\/09\/Branding-1-18x10.jpg",18,10,true]},"uagb_author_info":{"display_name":"Ruth Stanat","author_link":"https:\/\/www.sisinternational.com\/it\/author\/expert\/"},"uagb_comment_info":0,"uagb_excerpt":"Brand marketing toolkit market research involves analyzing tools, strategies, and tactics to promote the brand effectively.","_links":{"self":[{"href":"https:\/\/www.sisinternational.com\/it\/wp-json\/wp\/v2\/pages\/46852","targetHints":{"allow":["GET"]}}],"collection":[{"href":"https:\/\/www.sisinternational.com\/it\/wp-json\/wp\/v2\/pages"}],"about":[{"href":"https:\/\/www.sisinternational.com\/it\/wp-json\/wp\/v2\/types\/page"}],"author":[{"embeddable":true,"href":"https:\/\/www.sisinternational.com\/it\/wp-json\/wp\/v2\/users\/1"}],"replies":[{"embeddable":true,"href":"https:\/\/www.sisinternational.com\/it\/wp-json\/wp\/v2\/comments?post=46852"}],"version-history":[{"count":23,"href":"https:\/\/www.sisinternational.com\/it\/wp-json\/wp\/v2\/pages\/46852\/revisions"}],"predecessor-version":[{"id":81054,"href":"https:\/\/www.sisinternational.com\/it\/wp-json\/wp\/v2\/pages\/46852\/revisions\/81054"}],"up":[{"embeddable":true,"href":"https:\/\/www.sisinternational.com\/it\/wp-json\/wp\/v2\/pages\/14457"}],"wp:featuredmedia":[{"embeddable":true,"href":"https:\/\/www.sisinternational.com\/it\/wp-json\/wp\/v2\/media\/69130"}],"wp:attachment":[{"href":"https:\/\/www.sisinternational.com\/it\/wp-json\/wp\/v2\/media?parent=46852"}],"curies":[{"name":"wp","href":"https:\/\/api.w.org\/{rel}","templated":true}]}}