{"id":46834,"date":"2024-03-14T16:54:14","date_gmt":"2024-03-14T20:54:14","guid":{"rendered":"https:\/\/www.sisinternational.com\/?page_id=46834"},"modified":"2026-01-26T18:00:00","modified_gmt":"2026-01-26T23:00:00","slug":"ricerche-di-mercato-sulla-trasformazione-aziendale","status":"publish","type":"page","link":"https:\/\/www.sisinternational.com\/it\/soluzioni\/ricerche-di-mercato-sulla-trasformazione-aziendale\/","title":{"rendered":"Ricerche di mercato sulla trasformazione aziendale"},"content":{"rendered":"<h1 class=\"wp-block-heading p1\">Ricerche di mercato sulla trasformazione aziendale<\/h1>\n\n\n\n<figure class=\"gb-block-image gb-block-image-3771b415\"><img loading=\"lazy\" decoding=\"async\" width=\"1024\" height=\"574\" class=\"gb-image gb-image-3771b415\" src=\"https:\/\/www.sisinternational.com\/wp-content\/uploads\/2025\/08\/Global-1-2-1024x574.jpg\" alt=\"Ricerca e strategia di mercato internazionale SIS\" title=\"Global 1 (2)\" srcset=\"https:\/\/www.sisinternational.com\/wp-content\/uploads\/2025\/08\/Global-1-2-1024x574.jpg 1024w, https:\/\/www.sisinternational.com\/wp-content\/uploads\/2025\/08\/Global-1-2-300x168.jpg 300w, https:\/\/www.sisinternational.com\/wp-content\/uploads\/2025\/08\/Global-1-2-768x430.jpg 768w, https:\/\/www.sisinternational.com\/wp-content\/uploads\/2025\/08\/Global-1-2-18x10.jpg 18w, https:\/\/www.sisinternational.com\/wp-content\/uploads\/2025\/08\/Global-1-2.jpg 1456w\" sizes=\"auto, (max-width: 1024px) 100vw, 1024px\"><\/figure>\n\n\n\n<p><\/p>\n\n\n\n<hr class=\"wp-block-separator has-alpha-channel-opacity is-style-dots\"\/>\n\n\n\n<p>In un panorama aziendale in rapida evoluzione, l\u2019adattamento \u00e8 un requisito cruciale per la sopravvivenza \u2013 e la ricerca di mercato sulla trasformazione aziendale aiuta le aziende a prosperare in mezzo al cambiamento\u2026 Quindi, come possono le organizzazioni sfruttare la potenza dei dati e degli insight per guidare trasformazioni di successo ed emergere come leader di settore? Il viaggio inizia con la comprensione dell&#039;essenza della ricerca di mercato sulla trasformazione aziendale.<\/p>\n\n\n\n<h2 class=\"wp-block-heading\">Cos\u2019\u00e8 la ricerca di mercato sulla trasformazione aziendale?\u201d<\/h2>\n\n\n\n<p>Business transformation market research systematically examines market dynamics, industry trends, and organizational capabilities to drive strategic change initiatives. It involves gathering comprehensive data and insights to inform decision-making processes to reshape business models, processes, and strategies. This <a href=\"https:\/\/www.sisinternational.com\/it\/competenza\/ricerca-di-mercato-sui-prodotti-chimici-sfusi\/\" title=\"Ricerche di mercato sui prodotti chimici sfusi\"  data-wpil-monitor-id=\"2133\">research goes beyond traditional market<\/a> analysis, focusing on the holistic transformation of an organization to adapt to changing market conditions, technological advancements, and customer expectations.<\/p>\n\n\n\n<h2 class=\"wp-block-heading\">Importanza delle ricerche di mercato sulla trasformazione aziendale<\/h2>\n\n\n\n<p><a href=\"https:\/\/www.sisinternational.com\/it\/san-valentino-come-la-tua-azienda-puo-sentire-lamore\/\" title=\"Valentine&#8217;s Day Market Research:  How Your Business Can Feel The Love\"  data-wpil-monitor-id=\"3574\">Business transformation market research<\/a> enables organizations to anticipate market shifts, technological advancements, and emerging trends, empowering them to adapt proactively and stay ahead of the curve. <\/p>\n\n\n\n<p>Inoltre, questa ricerca di mercato aiuta le organizzazioni a identificare tempestivamente potenziali rischi e sfide, consentendo loro di sviluppare piani di emergenza e mitigare potenziali insidie. Allo stesso modo, la ricerca di mercato fornisce le basi per l\u2019innovazione, consentendo alle organizzazioni di creare proposte di valore uniche e mantenere un vantaggio competitivo sul mercato.<\/p>\n\n\n\n<p>Tuttavia, presenta molti altri vantaggi per le aziende, tra cui:<\/p>\n\n\n\n<ul class=\"wp-block-list\">\n<li><strong>Processo decisionale informato:<\/strong> <a href=\"https:\/\/www.sisinternational.com\/it\/resilienza-aziendale-al-coronavirus\/\" title=\"Ricerche di mercato sulla resilienza aziendale durante il Covid\"  data-wpil-monitor-id=\"3624\">Business transformation market research<\/a> provides organizations with valuable insights into market trends, customer preferences, and competitive landscapes.<\/li>\n\n\n\n<li><strong>Enhanced <\/strong><a href=\"https:\/\/www.sisinternational.com\/it\/soluzioni\/innovazione\/ricerca-di-mercato-agile\/\" title=\"Ricerche di mercato agili\"  data-wpil-monitor-id=\"6135\">Agility and Adaptability: Through continuous market research<\/a>, organizations can stay agile and adaptable in response to changing market conditions and emerging opportunities.<\/li>\n\n\n\n<li><strong>Allocazione ottimizzata delle risorse:<\/strong> Una trasformazione aziendale efficace richiede un\u2019allocazione strategica delle risorse, tra cui capitale finanziario, capitale umano e infrastrutture tecnologiche.<\/li>\n\n\n\n<li><strong>Esperienza del cliente migliorata:<\/strong> Questa ricerca di mercato consente alle organizzazioni di comprendere le esigenze, le preferenze e i punti critici dei clienti.<\/li>\n\n\n\n<li><strong><a class=\"wpil_keyword_link\" href=\"https:\/\/www.sisinternational.com\/it\/sviluppare-un-vantaggio-competitivo-sostenibile\/\"   title=\"Sviluppare un vantaggio competitivo sostenibile\" data-wpil-keyword-link=\"linked\"  data-wpil-monitor-id=\"590\">Sustainable Competitive Advantage<\/a>:<\/strong> Le iniziative di trasformazione aziendale alimentate dalle conoscenze del mercato consentono alle aziende di differenziarsi dalla concorrenza, innovare in modo pi\u00f9 efficace e acquisire quote di mercato.<\/li>\n<\/ul>\n\n\n\n<h2 class=\"wp-block-heading\">Chi utilizza le ricerche di mercato sulla trasformazione aziendale<\/h2>\n\n\n\n<figure class=\"gb-block-image gb-block-image-9680f9da\"><img loading=\"lazy\" decoding=\"async\" width=\"1456\" height=\"816\" class=\"gb-image gb-image-9680f9da\" src=\"https:\/\/www.sisinternational.com\/wp-content\/uploads\/2025\/08\/Global-7.jpg\" alt=\"Ricerca e strategia di mercato internazionale SIS\" title=\"Global (7)\" srcset=\"https:\/\/www.sisinternational.com\/wp-content\/uploads\/2025\/08\/Global-7.jpg 1456w, https:\/\/www.sisinternational.com\/wp-content\/uploads\/2025\/08\/Global-7-300x168.jpg 300w, https:\/\/www.sisinternational.com\/wp-content\/uploads\/2025\/08\/Global-7-1024x574.jpg 1024w, https:\/\/www.sisinternational.com\/wp-content\/uploads\/2025\/08\/Global-7-768x430.jpg 768w, https:\/\/www.sisinternational.com\/wp-content\/uploads\/2025\/08\/Global-7-18x10.jpg 18w\" sizes=\"auto, (max-width: 1456px) 100vw, 1456px\"><\/figure>\n\n\n\n<p><\/p>\n\n\n\n<p>La leadership senior e i dirigenti si affidano alle ricerche di mercato per stabilire la direzione strategica, definire gli obiettivi aziendali e dare priorit\u00e0 alle iniziative di trasformazione. I leader possono prendere decisioni informate che guidano la crescita organizzativa e la competitivit\u00e0 comprendendo le tendenze del mercato, le dinamiche competitive e le esigenze dei clienti.<\/p>\n\n\n\n<p>Inoltre, gli analisti e gli strateghi aziendali sfruttano le ricerche di mercato sulla trasformazione aziendale per identificare opportunit\u00e0 di crescita, innovazione e miglioramento operativo, fornendo preziose informazioni per informare la pianificazione strategica e i processi decisionali.<\/p>\n\n\n\n<p>Anche i team di marketing e sviluppo prodotto utilizzano queste ricerche di mercato per identificare le esigenze, le preferenze e i punti critici dei clienti. Comprendendo le tendenze del mercato e il comportamento dei consumatori, questi team possono sviluppare e lanciare prodotti e servizi che incontrano il pubblico target, favorendo la crescita dei ricavi e l&#039;espansione della quota di mercato.<\/p>\n\n\n\n<p>Similarly, Human Resources and Organizational Development Teams utilize <a href=\"https:\/\/www.sisinternational.com\/it\/competenza\/industrie\/ricerche-di-mercato-sulle-risorse-naturali\/\" title=\"Ricerche di mercato sulle risorse naturali\"  data-wpil-monitor-id=\"4740\">ricerche di mercato sulla trasformazione aziendale<\/a> to drive cultural change, talent development, and employee engagement initiatives.<\/p>\n\n\n\n<h2 class=\"wp-block-heading\">Quando condurre ricerche di mercato sulla trasformazione aziendale<\/h2>\n\n\n\n<p>Determinare il momento ottimale per condurre questa ricerca \u00e8 fondamentale per massimizzarne l\u2019efficacia e l\u2019impatto \u2013 e qui ci sono diversi fattori da considerare:<\/p>\n\n\n\n<ul class=\"wp-block-list\">\n<li><strong>Eventi trigger:<\/strong> Eventi scatenanti come fusioni, acquisizioni, cambiamenti di leadership o cambiamenti nelle normative di settore possono richiedere ricerche di mercato. Questi eventi possono offrire opportunit\u00e0 di riallineamento organizzativo, innovazione o crescita, rendendo imperativo condurre ricerche e informare il processo decisionale strategico.<\/li>\n\n\n\n<li><strong>Interruzioni del mercato:<\/strong> Rapid market conditions, technological advancements, or competitive landscapes may necessitate market research. Organizations should monitor <a href=\"https:\/\/www.sisinternational.com\/it\/soluzioni\/ricerche-di-mercato-b2b2c\/\" title=\"Ricerche di mercato B2B2C\"  data-wpil-monitor-id=\"2147\">market disruptions closely and conduct research<\/a> to assess the potential impact on their business models, processes, and strategies.<\/li>\n\n\n\n<li><strong>Recensioni delle prestazioni:<\/strong> Conducting business transformation market research as part of regular performance reviews enables organizations to evaluate the effectiveness of existing <a href=\"https:\/\/www.sisinternational.com\/it\/come-far-crescere-la-tua-attivita\/\" title=\"Come far crescere la tua attivit\u00e0\"  data-wpil-monitor-id=\"1960\">strategies<\/a> and identify areas for improvement. By analyzing market trends, competitive dynamics, and customer feedback, organizations can identify opportunities to enhance performance and drive continuous improvement.<\/li>\n<\/ul>\n\n\n\n<h2 class=\"wp-block-heading\">Risultati attesi dalla nostra ricerca di mercato<\/h2>\n\n\n\n<p>Intraprendere una ricerca di mercato sulla trasformazione aziendale porta risultati positivi per le organizzazioni che desiderano promuovere il cambiamento strategico e l&#039;innovazione. Ecco alcuni risultati attesi:<\/p>\n\n\n\n<ul class=\"wp-block-list\">\n<li><strong>Identificazione delle opportunit\u00e0 di crescita:<\/strong> La ricerca di mercato sulla trasformazione aziendale consente alle organizzazioni di identificare nuove opportunit\u00e0 di mercato, tendenze emergenti e segmenti di clienti non sfruttati.<\/li>\n\n\n\n<li><strong>Maggiore efficienza operativa:<\/strong> Attraverso le ricerche di mercato, le organizzazioni possono identificare inefficienze, colli di bottiglia e aree di miglioramento nelle loro operazioni. Le organizzazioni possono migliorare l&#039;efficienza operativa, ridurre i costi e migliorare le prestazioni complessive ottimizzando i processi, semplificando i flussi di lavoro e sfruttando soluzioni tecnologiche.<\/li>\n\n\n\n<li><strong>Vantaggio competitivo rafforzato:<\/strong> Sfruttando le informazioni ricavate da queste ricerche di mercato, le organizzazioni possono differenziarsi dalla concorrenza e migliorare il proprio vantaggio competitivo. Ci\u00f2 pu\u00f2 comportare lo sviluppo di proposte di valore uniche, il miglioramento dell\u2019esperienza del cliente o lo sfruttamento della tecnologia per sconvolgere i modelli di business tradizionali.<\/li>\n<\/ul>\n\n\n\n<h2 class=\"wp-block-heading\">Tecnologie e strumenti nelle ricerche di mercato per la trasformazione aziendale<\/h2>\n\n\n\n<p>Nelle ricerche di mercato sulla trasformazione aziendale, sfruttare tecnologie e strumenti avanzati \u00e8 essenziale per estrarre informazioni utili e guidare un processo decisionale informato. Ecco alcune tecnologie e strumenti chiave che aiutiamo le aziende a implementare:<\/p>\n\n\n\n<ul class=\"wp-block-list\">\n<li><strong>Piattaforme di analisi dei Big Data:<\/strong> Le piattaforme di analisi dei big data come Amazon Web Services (AWS) consentono alle organizzazioni di elaborare e analizzare grandi quantit\u00e0 di dati provenienti da varie fonti.<\/li>\n\n\n\n<li><strong>Strumenti di Business Intelligence (BI):<\/strong> Gli strumenti di business intelligence come Tableau e Microsoft Power BI consentono alle organizzazioni di visualizzare ed esplorare i dati, trasformando i dati grezzi in informazioni fruibili. Questi strumenti forniscono dashboard interattivi, report e funzionalit\u00e0 di visualizzazione dei dati, consentendo agli utenti di ottenere informazioni pi\u00f9 approfondite sulle tendenze del mercato, sul comportamento dei clienti e sul panorama competitivo.<\/li>\n\n\n\n<li><strong>Sistemi di gestione delle relazioni con i clienti (CRM):<\/strong> CRM systems such as Salesforce, Microsoft Dynamics 365, and HubSpot offer organizations a centralized platform for managing customer interactions and relationships. These systems provide valuable insights into customer preferences, purchasing behavior, and engagement patterns, enabling organizations to effectively tailor their <a href=\"https:\/\/www.sisinternational.com\/it\/analysis-b2b\/\" title=\"What Business Leaders Need to Know Right Now\"  data-wpil-monitor-id=\"838\">business transformation strategies to meet customer needs<\/a>.<\/li>\n\n\n\n<li><strong>Mercato <a href=\"https:\/\/www.sisinternational.com\/it\/competenza\/ricerca-personalizzata-primaria-2\/\" title=\"Ricerche di mercato primarie\"  data-wpil-monitor-id=\"6713\">Ricerca<\/a> Tools:<\/strong> Gli strumenti di ricerca di mercato come Qualtrics facilitano la raccolta e l&#039;analisi dei dati primari delle ricerche di mercato. Questi strumenti consentono alle organizzazioni di raccogliere feedback dai clienti, condurre sondaggi e interviste e raccogliere informazioni su tendenze, preferenze e percezioni del mercato.<\/li>\n<\/ul>\n\n\n\n<h2 class=\"wp-block-heading\">In che modo le ricerche di mercato sulla trasformazione aziendale di SIS International aiutano le aziende<\/h2>\n\n\n\n<figure class=\"gb-block-image gb-block-image-2b2fc145\"><img loading=\"lazy\" decoding=\"async\" width=\"1456\" height=\"816\" class=\"gb-image gb-image-2b2fc145\" src=\"https:\/\/www.sisinternational.com\/wp-content\/uploads\/2025\/08\/Global-5.jpg\" alt=\"Ricerca e strategia di mercato internazionale SIS\" title=\"Global (5)\" srcset=\"https:\/\/www.sisinternational.com\/wp-content\/uploads\/2025\/08\/Global-5.jpg 1456w, https:\/\/www.sisinternational.com\/wp-content\/uploads\/2025\/08\/Global-5-300x168.jpg 300w, https:\/\/www.sisinternational.com\/wp-content\/uploads\/2025\/08\/Global-5-1024x574.jpg 1024w, https:\/\/www.sisinternational.com\/wp-content\/uploads\/2025\/08\/Global-5-768x430.jpg 768w, https:\/\/www.sisinternational.com\/wp-content\/uploads\/2025\/08\/Global-5-18x10.jpg 18w\" sizes=\"auto, (max-width: 1456px) 100vw, 1456px\"><\/figure>\n\n\n\n<p><\/p>\n\n\n\n<p>The SIS approach to business transformation <a href=\"https:\/\/www.sisinternational.com\/it\/competenza\/industrie\/ricerche-di-mercato-sui-cablaggi-strutturati\/\" title=\"Ricerche di mercato sui cablaggi strutturati\"  data-wpil-monitor-id=\"5746\">market research emphasizes a comprehensive and structured<\/a> methodology for driving successful transformation initiatives. Here&#8217;s how each component of the SIS contributes to effective market research:<\/p>\n\n\n\n<ul class=\"wp-block-list\">\n<li><strong>Strategico:<\/strong> L\u2019aspetto strategico dell\u2019approccio SIS prevede l\u2019allineamento degli sforzi di ricerca di mercato con scopi e obiettivi aziendali generali. Aiutiamo le organizzazioni a definire le priorit\u00e0 strategiche per le loro iniziative di trasformazione, garantendo che gli sforzi di ricerca affrontino le principali sfide, opportunit\u00e0 e dinamiche di mercato.<\/li>\n\n\n\n<li><strong>Perspicace:<\/strong> La componente approfondita dell\u2019approccio SIS sottolinea l\u2019importanza di estrarre informazioni utili dai dati delle ricerche di mercato. Sfruttando tecniche di analisi avanzate, le organizzazioni possono scoprire modelli, tendenze e correlazioni significative all&#039;interno dei propri set di dati, consentendo loro di prendere decisioni informate e guidare iniziative di trasformazione strategica.<\/li>\n\n\n\n<li><strong>Sistematico:<\/strong> L&#039;approccio sistematico alla metodologia SIS prevede l&#039;implementazione di processi e flussi di lavoro strutturati per condurre ricerche di mercato. I nostri esperti assistono le organizzazioni nello stabilire ruoli, responsabilit\u00e0 e tempistiche chiare per le attivit\u00e0 di ricerca, garantendo che la raccolta, l&#039;analisi e l&#039;implementazione dei dati siano eseguite in modo sistematico ed efficiente.<\/li>\n<\/ul>\n\n\n\n<h2 class=\"wp-block-heading\">Opportunit\u00e0<\/h2>\n\n\n\n<p>La ricerca di mercato sulla trasformazione aziendale offre alle organizzazioni numerose opportunit\u00e0 per promuovere il cambiamento strategico, l\u2019innovazione e la crescita. Ecco alcune opportunit\u00e0 chiave:<\/p>\n\n\n\n<ul class=\"wp-block-list\">\n<li><strong>Identificazione delle tendenze del mercato:<\/strong> Consente alle organizzazioni di identificare le tendenze dei mercati emergenti, i progressi tecnologici e le preferenze dei clienti.<\/li>\n\n\n\n<li><strong>Ottimizzazione dei processi aziendali:<\/strong> Attraverso le ricerche di mercato, le organizzazioni possono ottenere informazioni dettagliate su inefficienze, colli di bottiglia e aree di miglioramento all&#039;interno dei propri processi aziendali.<\/li>\n\n\n\n<li><strong>Innovazione e differenziazione:<\/strong> La ricerca di mercato facilita l\u2019innovazione e la differenziazione offrendo alle organizzazioni una comprensione pi\u00f9 profonda delle lacune del mercato, dei bisogni insoddisfatti e delle tendenze emergenti.<\/li>\n<\/ul>\n\n\n\n<h2 class=\"wp-block-heading\">Sfide<\/h2>\n\n\n\n<figure class=\"gb-block-image gb-block-image-9e2257b9\"><img decoding=\"async\" class=\"gb-image gb-image-9e2257b9\" src=\"https:\/\/www.sisinternational.com\/wp-content\/uploads\/2025\/07\/AI-and-global-research-41.jpg\" alt=\"Ricerca e strategia di mercato internazionale SIS\" title=\"AI and global research (41)\"><\/figure>\n\n\n\n<p><\/p>\n\n\n\n<p>Nonostante le numerose opportunit\u00e0 di questa ricerca di mercato, le organizzazioni possono incontrare diverse sfide nella sua implementazione ed esecuzione. Ecco alcune sfide chiave:<\/p>\n\n\n\n<ul class=\"wp-block-list\">\n<li><strong>Complessit\u00e0 e qualit\u00e0 dei dati:<\/strong> Gestire e analizzare grandi volumi di dati provenienti da fonti disparate pu\u00f2 essere impegnativo. La qualit\u00e0, l&#039;accuratezza e l&#039;integrit\u00e0 dei dati sono essenziali per ottenere approfondimenti significativi nelle ricerche di mercato. Le organizzazioni potrebbero aver bisogno di aiuto con i processi di governance, integrazione e pulizia dei dati, il che porta a potenziali imprecisioni e distorsioni nell&#039;analisi.<\/li>\n\n\n\n<li><strong>Limitazioni nelle risorse:<\/strong> Condurre ricerche di mercato complete richiede investimenti significativi in tempo, denaro e risorse umane. Le organizzazioni di piccole e medie dimensioni, in particolare, potrebbero aver bisogno di maggiori risorse e competenze per eseguire solide iniziative di ricerca di mercato. Budget, personale e infrastrutture tecnologiche limitati possono ostacolare l\u2019efficacia degli sforzi di ricerca di mercato.<\/li>\n\n\n\n<li><strong>Velocit\u00e0 di cambiamento:<\/strong> The pace of change in today&#8217;s business environment is rapid and relentless. Market dynamics, consumer preferences, and competitive landscapes evolve quickly, making it challenging for organizations to keep pace. <a href=\"https:\/\/www.sisinternational.com\/it\/leffetto-della-cultura-del-mercato-nigeriano-sugli-affari\/\" title=\"Il mercato nigeriano: l&#039;effetto della cultura sul business\"  data-wpil-monitor-id=\"4368\">Ricerche di mercato sulla trasformazione aziendale<\/a> must be conducted in real-time or near-real-time to effectively capture and respond to shifting market trends.<\/li>\n\n\n\n<li><strong>Resistenza al cambiamento:<\/strong> La resistenza organizzativa al cambiamento pu\u00f2 rappresentare un ostacolo significativo a efficaci ricerche di mercato e iniziative di trasformazione aziendale. I dipendenti possono essere riluttanti ad abbracciare nuove tecnologie, processi o metodi di lavoro, temendo l\u2019insicurezza del lavoro o l\u2019interruzione delle routine stabilite. Superare la resistenza al cambiamento richiede strategie efficaci di gestione del cambiamento e un forte impegno da parte della leadership.<\/li>\n\n\n\n<li><strong>Problemi relativi alla privacy e alla sicurezza dei dati:<\/strong> La raccolta e l&#039;analisi dei dati dei clienti solleva problemi di privacy e sicurezza, soprattutto alla luce di rigorosi requisiti normativi come GDPR e CCPA. Le organizzazioni devono garantire la conformit\u00e0 alle normative sulla protezione dei dati e implementare solide misure di sicurezza per salvaguardare le informazioni dei clienti e mantenere la fiducia.<\/li>\n<\/ul>\n\n\n<h2>La nostra sede a New York<\/h2>\n<p><!-- \/wp:post-content --> <!-- wp:html --> <iframe loading=\"lazy\" src=\"https:\/\/www.google.com\/maps\/embed?pb=!1m18!1m12!1m3!1d3022.976188376966!2d-73.99130312499956!3d40.740549471389315!2m3!1f0!2f0!3f0!3m2!1i1024!2i768!4f13.1!3m3!1m2!1s0x89c259a15798c731%3A0xd695d09bdd495f25!2s11%20E%2022nd%20St%20FL%202%2C%20New%20York%2C%20NY%2010010%2C%20USA!5e0!3m2!1sen!2spe!4v1726171763526!5m2!1sen!2spe\" width=\"600\" height=\"450\" allowfullscreen=\"allowfullscreen\" data-mce-fragment=\"1\"><\/iframe> <!-- \/wp:html --> <!-- wp:paragraph --><\/p>\n<h3 class=\"wp-block-heading\">11 E 22nd Street, Piano 2, New York, NY 10010 T: +1(212) 505-6805<\/h3>\n<hr \/>\n<h2><span style=\"font-weight: 400;\">A proposito di SIS Internazionale<\/span><\/h2>\n<p><a href=\"https:\/\/www.sisinternational.com\/it\/\"><span style=\"font-weight: 400;\">SIS Internazionale<\/span><\/a><span style=\"font-weight: 400;\"> offre ricerca quantitativa, qualitativa e strategica. Forniamo dati, strumenti, strategie, report e approfondimenti per il processo decisionale. Conduciamo anche interviste, sondaggi, focus group e altri metodi e approcci di ricerca di mercato.<\/span><a href=\"https:\/\/www.sisinternational.com\/it\/sulla-sua-ricerca-internazionale\/contact-sis-international-market-research\/\"><span style=\"font-weight: 400;\"> Contattaci<\/span><\/a><span style=\"font-weight: 400;\"> per il tuo prossimo progetto di ricerca di mercato.<\/span><\/p>\n<\/p>","protected":false},"excerpt":{"rendered":"<p>La ricerca di mercato sulla trasformazione aziendale analizza le tendenze del mercato e le capacit\u00e0 organizzative per guidare il cambiamento strategico.<\/p>","protected":false},"author":1,"featured_media":62408,"parent":14457,"menu_order":31,"comment_status":"closed","ping_status":"closed","template":"","meta":{"footnotes":""},"class_list":["post-46834","page","type-page","status-publish","has-post-thumbnail"],"_links":{"self":[{"href":"https:\/\/www.sisinternational.com\/it\/wp-json\/wp\/v2\/pages\/46834","targetHints":{"allow":["GET"]}}],"collection":[{"href":"https:\/\/www.sisinternational.com\/it\/wp-json\/wp\/v2\/pages"}],"about":[{"href":"https:\/\/www.sisinternational.com\/it\/wp-json\/wp\/v2\/types\/page"}],"author":[{"embeddable":true,"href":"https:\/\/www.sisinternational.com\/it\/wp-json\/wp\/v2\/users\/1"}],"replies":[{"embeddable":true,"href":"https:\/\/www.sisinternational.com\/it\/wp-json\/wp\/v2\/comments?post=46834"}],"version-history":[{"count":21,"href":"https:\/\/www.sisinternational.com\/it\/wp-json\/wp\/v2\/pages\/46834\/revisions"}],"predecessor-version":[{"id":80293,"href":"https:\/\/www.sisinternational.com\/it\/wp-json\/wp\/v2\/pages\/46834\/revisions\/80293"}],"up":[{"embeddable":true,"href":"https:\/\/www.sisinternational.com\/it\/wp-json\/wp\/v2\/pages\/14457"}],"wp:featuredmedia":[{"embeddable":true,"href":"https:\/\/www.sisinternational.com\/it\/wp-json\/wp\/v2\/media\/62408"}],"wp:attachment":[{"href":"https:\/\/www.sisinternational.com\/it\/wp-json\/wp\/v2\/media?parent=46834"}],"curies":[{"name":"wp","href":"https:\/\/api.w.org\/{rel}","templated":true}]}}