{"id":46767,"date":"2024-03-12T20:40:47","date_gmt":"2024-03-13T00:40:47","guid":{"rendered":"https:\/\/www.sisinternational.com\/?page_id=46767"},"modified":"2026-01-25T19:39:05","modified_gmt":"2026-01-26T00:39:05","slug":"consulenza-di-marketing-ai","status":"publish","type":"page","link":"https:\/\/www.sisinternational.com\/it\/soluzioni\/ai-ricerche-di-mercato-e-consulenza-strategica\/consulenza-di-marketing-ai\/","title":{"rendered":"Consulenza di marketing sull&#039;intelligenza artificiale"},"content":{"rendered":"<h1 class=\"gb-headline gb-headline-5e6ffd60 gb-headline-text\">Consulenza di marketing sull&#039;intelligenza artificiale<\/h1>\n\n\n\n<figure class=\"gb-block-image gb-block-image-05d646b0\"><img loading=\"lazy\" decoding=\"async\" width=\"1456\" height=\"816\" class=\"gb-image gb-image-05d646b0\" src=\"https:\/\/www.sisinternational.com\/wp-content\/uploads\/2025\/08\/Optimizing-Multi-Channel-Marketing-Strategies-1.jpg\" alt=\"Ricerca e strategia di mercato internazionale SIS\" title=\"Optimizing Multi-Channel Marketing Strategies (1)\" srcset=\"https:\/\/www.sisinternational.com\/wp-content\/uploads\/2025\/08\/Optimizing-Multi-Channel-Marketing-Strategies-1.jpg 1456w, https:\/\/www.sisinternational.com\/wp-content\/uploads\/2025\/08\/Optimizing-Multi-Channel-Marketing-Strategies-1-300x168.jpg 300w, https:\/\/www.sisinternational.com\/wp-content\/uploads\/2025\/08\/Optimizing-Multi-Channel-Marketing-Strategies-1-1024x574.jpg 1024w, https:\/\/www.sisinternational.com\/wp-content\/uploads\/2025\/08\/Optimizing-Multi-Channel-Marketing-Strategies-1-768x430.jpg 768w, https:\/\/www.sisinternational.com\/wp-content\/uploads\/2025\/08\/Optimizing-Multi-Channel-Marketing-Strategies-1-18x10.jpg 18w\" sizes=\"auto, (max-width: 1456px) 100vw, 1456px\"><\/figure>\n\n\n\n<hr class=\"wp-block-separator has-alpha-channel-opacity is-style-dots\"\/>\n\n\n\n<p>Quanto velocemente le aziende possono integrare l&#039;intelligenza artificiale nelle loro strategie di marketing? La consulenza di marketing basata sull\u2019intelligenza artificiale emerge come il faro che guida le aziende attraverso le complessit\u00e0 della trasformazione digitale, garantendo che sfruttino le informazioni basate sui dati per prendere decisioni informate e promuovere relazioni significative con i clienti.<\/p>\n\n\n\n<h2 class=\"wp-block-heading\">What Is AI Marketing Consulting? Why Is It Important?<\/h2>\n\n\n\n<p><a href=\"https:\/\/sisaisolutions.com\/application-of-ai-in-market-research\/\" target=\"_blank\" rel=\"noopener\">AI marketing consulting<\/a> leverages machine learning algorithms, data analytics, and AI tools to analyze consumer behavior, predict market trends, and automate marketing decisions. This approach amplifies the effectiveness of marketing campaigns and enables businesses to deliver personalized customer experiences at scale.<\/p>\n\n\n\n<p>AI&#8217;s predictive capabilities enable businesses to anticipate customer behaviors and preferences, allowing for the creation of targeted marketing campaigns that speak directly to the consumer&#8217;s desires and pain points. <\/p>\n\n\n\n<p>In ogni caso, porta molti altri vantaggi per le imprese, tra cui:<\/p>\n\n\n\n<ul class=\"wp-block-list\">\n<li><strong>Personalizzazione avanzata:<\/strong> It delivers highly personalized marketing messages and experiences to customers. AI enables businesses to tailor their marketing efforts to the individual level, significantly increasing engagement and conversion rates.<\/li>\n\n\n\n<li><strong>Analisi predittiva:<\/strong> This allows companies to anticipate future consumer behaviors and market trends, enabling them to adjust their strategies proactively.&nbsp;<\/li>\n\n\n\n<li><strong>Efficienza operativa:<\/strong> L&#039;intelligenza artificiale automatizza le attivit\u00e0 ripetitive e ad alta intensit\u00e0 di lavoro associate ai processi di marketing, dall&#039;analisi dei dati alla distribuzione dei contenuti.<\/li>\n\n\n\n<li><strong>Scalabilit\u00e0:<\/strong> AI marketing consulting offers scalable solutions that adapt to changing market dynamics and business sizes, ensuring that marketing efforts are effective regardless of scale.<\/li>\n<\/ul>\n\n\n\n<h2 class=\"wp-block-heading\">Critical Sucess Factors<\/h2>\n\n\n\n<figure class=\"gb-block-image gb-block-image-c145a134\"><img loading=\"lazy\" decoding=\"async\" width=\"1456\" height=\"816\" class=\"gb-image gb-image-c145a134\" src=\"https:\/\/www.sisinternational.com\/wp-content\/uploads\/2025\/09\/FinTech-Terch-technology-AI-artificial-intelligence-16.jpg\" alt=\"Ricerca e strategia di mercato internazionale SIS\" title=\"FinTech Terch technology AI artificial intelligence (16)\" srcset=\"https:\/\/www.sisinternational.com\/wp-content\/uploads\/2025\/09\/FinTech-Terch-technology-AI-artificial-intelligence-16.jpg 1456w, https:\/\/www.sisinternational.com\/wp-content\/uploads\/2025\/09\/FinTech-Terch-technology-AI-artificial-intelligence-16-300x168.jpg 300w, https:\/\/www.sisinternational.com\/wp-content\/uploads\/2025\/09\/FinTech-Terch-technology-AI-artificial-intelligence-16-1024x574.jpg 1024w, https:\/\/www.sisinternational.com\/wp-content\/uploads\/2025\/09\/FinTech-Terch-technology-AI-artificial-intelligence-16-768x430.jpg 768w, https:\/\/www.sisinternational.com\/wp-content\/uploads\/2025\/09\/FinTech-Terch-technology-AI-artificial-intelligence-16-18x10.jpg 18w\" sizes=\"auto, (max-width: 1456px) 100vw, 1456px\"><\/figure>\n\n\n\n<p><\/p>\n\n\n\n<p>AI marketing consulting must have Several critical success factors to deliver its promise. These factors go beyond the mere adoption of technology, encompassing strategic, organizational, and operational dimensions essential for realizing AI&#8217;s full potential in marketing.<\/p>\n\n\n\n<ul class=\"wp-block-list\">\n<li><strong>Qualit\u00e0 e accessibilit\u00e0 dei dati:<\/strong> Businesses must invest in systems and processes that ensure data is accurate, comprehensive, and readily available for analysis. <\/li>\n\n\n\n<li><strong>Infrastruttura tecnologica:<\/strong> A robust technological infrastructure is essential to support AI&#8217;s complex algorithms and data processing requirements. <\/li>\n\n\n\n<li><strong>Approccio incentrato sul cliente:<\/strong> L\u2019obiettivo finale della consulenza di marketing con intelligenza artificiale \u00e8 migliorare il coinvolgimento e la soddisfazione dei clienti. Ci\u00f2 richiede un approccio incentrato sul cliente in cui le strategie sono progettate per le esigenze e le preferenze del cliente. Personalizzazione, pertinenza e valore dovrebbero essere i principi guida nello sviluppo di iniziative di marketing basate sull\u2019intelligenza artificiale.<\/li>\n\n\n\n<li><strong>Apprendimento e adattamento continui:<\/strong> La consulenza di marketing basata sull&#039;intelligenza artificiale non \u00e8 una strategia &quot;imposta e dimentica&quot;. Richiede apprendimento e adattamento continui man mano che le condizioni del mercato, i comportamenti dei clienti e le tecnologie evolvono. Le aziende devono essere pronte a ripetere e perfezionare continuamente i propri modelli e strategie di intelligenza artificiale sulla base di feedback e analisi in tempo reale.<\/li>\n<\/ul>\n\n\n\n<h2 class=\"wp-block-heading\">Expected Results of AI Marketing Consulting<\/h2>\n\n\n\n<p>Le aziende impegnate nella consulenza di marketing sull&#039;intelligenza artificiale possono anticipare una serie di risultati trasformativi. Questi risultati si riflettono nel miglioramento dei parametri di marketing e in un impatto pi\u00f9 ampio sulle relazioni con i clienti e sulla crescita del business.<\/p>\n\n\n\n<ul class=\"wp-block-list\">\n<li><strong>Maggiore coinvolgimento del cliente:<\/strong> Le strategie di marketing basate sull&#039;intelligenza artificiale sono adattate alle preferenze e ai comportamenti dei clienti, portando a tassi di coinvolgimento significativamente pi\u00f9 elevati.<\/li>\n\n\n\n<li><strong>Tassi di conversione pi\u00f9 elevati:<\/strong> La precisione della consulenza consente una targetizzazione e tempistica pi\u00f9 efficace delle campagne di marketing, con conseguenti tassi di conversione pi\u00f9 elevati. \u00c8 pi\u00f9 probabile che i clienti rispondano a offerte e messaggi pertinenti alle loro esigenze e li consegnino immediatamente, aumentando le vendite e i ricavi.<\/li>\n\n\n\n<li><strong>Efficienza e risparmio sui costi:<\/strong> L&#039;automazione delle attivit\u00e0 di marketing di routine e l&#039;ottimizzazione delle campagne di marketing portano ad una maggiore efficienza operativa e al risparmio sui costi. Le aziende possono allocare le proprie risorse in modo pi\u00f9 efficace, concentrandosi su iniziative strategiche che guidano la crescita riducendo allo stesso tempo gli sprechi di sforzi di marketing inefficaci.<\/li>\n\n\n\n<li><strong>Approfondimenti basati sui dati:<\/strong> Attraverso l&#039;analisi di grandi quantit\u00e0 di dati, la consulenza fornisce alle aziende informazioni approfondite sul comportamento dei clienti, sulle tendenze del mercato e sull&#039;efficacia delle strategie di marketing. Queste informazioni consentono un processo decisionale informato, consentendo alle aziende di adattare e perfezionare i propri approcci in tempo reale.<\/li>\n\n\n\n<li><strong>Maggiore soddisfazione del cliente:<\/strong> Comprendendo e soddisfacendo le esigenze dei propri clienti in modo pi\u00f9 efficace, le aziende possono migliorare la soddisfazione complessiva del cliente. La personalizzazione e la reattivit\u00e0 basate sull&#039;intelligenza artificiale dimostrano l&#039;impegno verso l&#039;assistenza al cliente, la creazione di fiducia e una reputazione positiva del marchio.<\/li>\n<\/ul>\n\n\n\n<h2 class=\"wp-block-heading\">Opportunit\u00e0<\/h2>\n\n\n\n<figure class=\"gb-block-image gb-block-image-7bd1f52a\"><img loading=\"lazy\" decoding=\"async\" width=\"1456\" height=\"816\" class=\"gb-image gb-image-7bd1f52a\" src=\"https:\/\/www.sisinternational.com\/wp-content\/uploads\/2025\/08\/AI-2.jpg\" alt=\"Ricerca e strategia di mercato internazionale SIS\" title=\"AI (2)\" srcset=\"https:\/\/www.sisinternational.com\/wp-content\/uploads\/2025\/08\/AI-2.jpg 1456w, https:\/\/www.sisinternational.com\/wp-content\/uploads\/2025\/08\/AI-2-300x168.jpg 300w, https:\/\/www.sisinternational.com\/wp-content\/uploads\/2025\/08\/AI-2-1024x574.jpg 1024w, https:\/\/www.sisinternational.com\/wp-content\/uploads\/2025\/08\/AI-2-768x430.jpg 768w, https:\/\/www.sisinternational.com\/wp-content\/uploads\/2025\/08\/AI-2-18x10.jpg 18w\" sizes=\"auto, (max-width: 1456px) 100vw, 1456px\"><\/figure>\n\n\n\n<p><\/p>\n\n\n\n<p>L\u2019integrazione dell\u2019intelligenza artificiale nella consulenza di marketing apre opportunit\u00e0 per le aziende, consentendo loro di affrontare le complessit\u00e0 dei moderni scenari di marketing con maggiore precisione e intuizione. Ecco uno sguardo alle opportunit\u00e0 cruciali offerte dalla consulenza di marketing basata sull&#039;intelligenza artificiale:<\/p>\n\n\n\n<ul class=\"wp-block-list\">\n<li><strong>Iperpersonalizzazione:<\/strong> La consulenza consente alle aziende di raggiungere una personalizzazione senza precedenti nei loro sforzi di marketing. Analizzando i dati dei clienti in tempo reale, l&#039;intelligenza artificiale pu\u00f2 fornire contenuti personalizzati, consigli sui prodotti e offerte su misura per le preferenze e il comportamento di ciascun individuo, migliorando significativamente la soddisfazione e la fedelt\u00e0 dei clienti.<\/li>\n\n\n\n<li><strong>Informazioni migliorate sui clienti:<\/strong> AI\u2019s ability to process and analyze vast amounts of data gives businesses deep insights into customer behavior, preferences, and needs. <\/li>\n\n\n\n<li><strong>ROI migliorato:<\/strong> La consulenza migliora significativamente il ritorno sull&#039;investimento ottimizzando le campagne di marketing e riducendo le strategie inefficaci. Le aziende possono ottenere risultati migliori con la stessa spesa o con una riduzione, rendendo gli sforzi di marketing pi\u00f9 redditizi e sostenibili nel lungo termine.<\/li>\n\n\n\n<li><strong>Espansione del mercato:<\/strong> La guida al marketing basata sull&#039;intelligenza artificiale fornisce alle aziende gli strumenti e gli approfondimenti per esplorare nuovi mercati e segmenti di clientela. Analizzando i dati di mercato e identificando le opportunit\u00e0 non sfruttate, le aziende possono espandere con sicurezza la propria portata e far crescere la propria base di clienti.<\/li>\n<\/ul>\n\n\n\n<h2 class=\"wp-block-heading\">Sfide<\/h2>\n\n\n\n<p>Sebbene la consulenza di marketing basata sull\u2019intelligenza artificiale offra numerose opportunit\u00e0 alle aziende per migliorare le proprie strategie di marketing e l\u2019efficienza operativa, presenta anche diverse sfide. Affrontare queste sfide \u00e8 fondamentale per le aziende che mirano a sfruttare appieno l&#039;intelligenza artificiale nelle proprie attivit\u00e0 di marketing. Ecco una panoramica dei principali ostacoli che le aziende potrebbero dover affrontare:<\/p>\n\n\n\n<ul class=\"wp-block-list\">\n<li><strong>Lacune di competenze e acquisizione di talenti:<\/strong> L&#039;implementazione di successo della consulenza richiede una combinazione di competenze, tra cui scienza dei dati, programmazione AI e competenze di marketing digitale. Tuttavia, esiste un notevole divario di competenze nel mercato, che rende difficile per le aziende trovare e trattenere i giusti talenti. Investire nella formazione e nello sviluppo e cercare partenariati esterni possono essere strategie essenziali.<\/li>\n\n\n\n<li><strong>Uso etico dell\u2019intelligenza artificiale:<\/strong> Man mano che le aziende adottano l\u2019intelligenza artificiale nel marketing, emergono considerazioni etiche sull\u2019utilizzo dei dati dei clienti e degli algoritmi di intelligenza artificiale. \u00c8 fondamentale garantire che i modelli di intelligenza artificiale siano esenti da pregiudizi e che le pratiche di marketing rispettino l\u2019autonomia e il consenso dei clienti.<\/li>\n\n\n\n<li><strong>Stare al passo con i progressi tecnologici:<\/strong> Il rapido ritmo dei progressi tecnologici nell\u2019intelligenza artificiale e nel marketing digitale implica che le aziende debbano aggiornare continuamente le proprie conoscenze e i propri strumenti per rimanere competitive. Ci\u00f2 pu\u00f2 richiedere un uso intensivo delle risorse e richiedere investimenti continui nella tecnologia e nello sviluppo delle competenze.<\/li>\n\n\n\n<li><strong>Misurazione del ROI:<\/strong> Quantificare il ritorno sull&#039;investimento per le iniziative di consulenza pu\u00f2 essere complesso. Sebbene l\u2019intelligenza artificiale possa apportare miglioramenti significativi nell\u2019efficienza del marketing e nel coinvolgimento dei clienti, l\u2019attribuzione dei risultati direttamente agli interventi dell\u2019intelligenza artificiale richiede sofisticati quadri di analisi e misurazione.<\/li>\n<\/ul>\n\n\n\n<h2 class=\"wp-block-heading\">Future Trends of AI Marketing Consulting<\/h2>\n\n\n\n<p><\/p>\n\n\n\n<p>As businesses increasingly recognize the value of integrating AI into their marketing strategies, we can anticipate several key trends shaping the landscape in the coming years. Here&#8217;s what the future may hold:<\/p>\n\n\n\n<ul class=\"wp-block-list\">\n<li><strong>Maggiore personalizzazione ed esperienza del cliente:<\/strong> AI will continue to refine businesses&#8217; ability to offer hyper-personalized experiences to customers. Advanced machine learning algorithms will enable even more precise targeting, unprecedentedly predicting customer needs and behaviors. <\/li>\n\n\n\n<li><strong>Maggiore adozione della ricerca vocale e visiva:<\/strong> Man mano che i dispositivi ad assistenza vocale e le tecnologie di ricerca visiva diventano pi\u00f9 diffuse, questa consulenza si adatter\u00e0 a queste nuove modalit\u00e0 di ricerca. Le aziende sfrutteranno l\u2019intelligenza artificiale per ottimizzare la ricerca vocale e visiva, garantendo che i loro prodotti e servizi siano facilmente individuabili attraverso questi canali emergenti.<\/li>\n\n\n\n<li><strong>Marketing di Realt\u00e0 Aumentata (AR) e Realt\u00e0 Virtuale (VR):<\/strong> L\u2019intelligenza artificiale offrir\u00e0 esperienze di marketing coinvolgenti e interattive insieme ad AR e VR. I marchi utilizzeranno queste tecnologie per creare esperienze virtuali coinvolgenti, dalle prove virtuali ai mondi di marca coinvolgenti, approfondendo il coinvolgimento dei clienti e migliorando l\u2019esperienza di acquisto.<\/li>\n\n\n\n<li><strong>IA etica e trasparenza:<\/strong> As consumers become more aware of privacy considerations, businesses will prioritize AI&#8217;s transparent and ethical use in marketing. <\/li>\n<\/ul>\n\n\n\n<h2 class=\"wp-block-heading\">Why Is SIS International a Top AI Marketing Consulting Company?<\/h2>\n\n\n\n<p>A <a href=\"https:\/\/www.linkedin.com\/company\/sisinternationalresearch\/\" target=\"_blank\" rel=\"noopener\">SIS<\/a>, our approach to AI marketing consulting is rooted in a deep understanding of artificial intelligence&#8217;s transformative potential and the unique challenges and objectives of our clients&#8217; businesses. We blend strategic insight, technological expertise, and a commitment to data-driven results to deliver comprehensive AI marketing solutions that drive growth and enhance customer engagement. Here\u2019s how we differentiate our approach:<\/p>\n\n\n\n<ul class=\"wp-block-list\">\n<li><strong>Sviluppo di strategie AI personalizzate:<\/strong> Recognizing that no two businesses are alike, we begin with a thorough analysis of each client&#8217;s market position, competitive landscape, and customer insights. <\/li>\n\n\n\n<li><strong>Eccellenza e integrit\u00e0 dei dati:<\/strong> An unwavering commitment to data quality and integrity is at the core of our <a href=\"https:\/\/www.sisinternational.com\/it\/competenza\/industrie\/consulenza-sulla-visualizzazione-dei-dati\/\" title=\"Consulenza sulla visualizzazione dei dati\" data-wpil-monitor-id=\"5829\">AI marketing consulting<\/a> services. We implement rigorous data management practices to ensure that the insights driving our strategies are accurate and actionable. <\/li>\n\n\n\n<li><strong>Integrazione tecnologica avanzata:<\/strong> Leveraging the latest AI technology and tools, we integrate sophisticated machine learning algorithms, analytics platforms, and automation tools into our clients&#8217; marketing strategies. <\/li>\n\n\n\n<li><strong>Competenza e apprendimento continuo:<\/strong> Our team comprises industry-leading experts in AI, data science, and digital marketing. Their deep knowledge and continuous learning ensure that our strategies remain at the forefront of innovation. We invest in ongoing training and development to keep pace with the rapidly evolving AI landscape, ensuring that our clients always benefit from the latest advancements.<\/li>\n<\/ul>\n\n\n\n<div class=\"is-root-container is-desktop-preview is-layout-flow wp-block-post-content block-editor-block-list__layout\" spellcheck=\"false\">\n<div id=\"block-37fdf129-2515-4c97-9c3a-bd8432dd582f\" class=\"block-editor-block-list__block wp-block is-selected wp-block-freeform is-hovered\" tabindex=\"0\" role=\"document\" aria-label=\"Blocco: Classico\" data-block=\"37fdf129-2515-4c97-9c3a-bd8432dd582f\" data-type=\"core\/freeform\" data-title=\"Classic\">\n<div id=\"editor-37fdf129-2515-4c97-9c3a-bd8432dd582f\" class=\"wp-block-freeform block-library-rich-text__tinymce mce-content-body html5-captions mce-edit-focus\" style=\"position: relative;\" contenteditable=\"true\">\n<h2>La nostra sede a New York<\/h2>\n<p>\n\n\n\n<iframe loading=\"lazy\" src=\"https:\/\/www.google.com\/maps\/embed?pb=!1m18!1m12!1m3!1d3022.976188376966!2d-73.99130312499956!3d40.740549471389315!2m3!1f0!2f0!3f0!3m2!1i1024!2i768!4f13.1!3m3!1m2!1s0x89c259a15798c731%3A0xd695d09bdd495f25!2s11%20E%2022nd%20St%20FL%202%2C%20New%20York%2C%20NY%2010010%2C%20USA!5e0!3m2!1sen!2spe!4v1726171763526!5m2!1sen!2spe\" width=\"600\" height=\"450\" allowfullscreen=\"allowfullscreen\" data-mce-fragment=\"1\"><\/iframe>\n\n\n\n<\/p>\n<h3 class=\"wp-block-heading\">11 E 22nd Street, piano 2, New York, NY 10010 T: +1(212) 505-6805<\/h3>\n<hr>\n<h2><span style=\"font-weight: 400;\">A proposito di SIS Internazionale<\/span><\/h2>\n<p><a href=\"https:\/\/www.sisinternational.com\/it\/\"><span style=\"font-weight: 400;\">SIS Internazionale<\/span><\/a><span style=\"font-weight: 400;\"> offre ricerca quantitativa, qualitativa e strategica. Forniamo dati, strumenti, strategie, report e approfondimenti per il processo decisionale. Conduciamo anche interviste, sondaggi, focus group e altri metodi e approcci di ricerca di mercato.<\/span><a href=\"https:\/\/www.sisinternational.com\/it\/sulla-sua-ricerca-internazionale\/contact-sis-international-market-research\/\"><span style=\"font-weight: 400;\"> Contattaci<\/span><\/a><span style=\"font-weight: 400;\"> per il tuo prossimo progetto di ricerca di mercato.<\/span><\/p>\n<hr><\/div>\n<\/div>\n<\/div>\n\n\n\n<h2 class=\"wp-block-heading\">&nbsp;<\/h2>","protected":false},"excerpt":{"rendered":"<p>La consulenza di marketing basata sull&#039;intelligenza artificiale utilizza l&#039;intelligenza artificiale per analizzare il comportamento dei consumatori, prevedere le tendenze e automatizzare le decisioni di marketing.<\/p>","protected":false},"author":1,"featured_media":64894,"parent":44406,"menu_order":72,"comment_status":"closed","ping_status":"closed","template":"","meta":{"footnotes":""},"class_list":["post-46767","page","type-page","status-publish","has-post-thumbnail"],"_links":{"self":[{"href":"https:\/\/www.sisinternational.com\/it\/wp-json\/wp\/v2\/pages\/46767","targetHints":{"allow":["GET"]}}],"collection":[{"href":"https:\/\/www.sisinternational.com\/it\/wp-json\/wp\/v2\/pages"}],"about":[{"href":"https:\/\/www.sisinternational.com\/it\/wp-json\/wp\/v2\/types\/page"}],"author":[{"embeddable":true,"href":"https:\/\/www.sisinternational.com\/it\/wp-json\/wp\/v2\/users\/1"}],"replies":[{"embeddable":true,"href":"https:\/\/www.sisinternational.com\/it\/wp-json\/wp\/v2\/comments?post=46767"}],"version-history":[{"count":12,"href":"https:\/\/www.sisinternational.com\/it\/wp-json\/wp\/v2\/pages\/46767\/revisions"}],"predecessor-version":[{"id":79511,"href":"https:\/\/www.sisinternational.com\/it\/wp-json\/wp\/v2\/pages\/46767\/revisions\/79511"}],"up":[{"embeddable":true,"href":"https:\/\/www.sisinternational.com\/it\/wp-json\/wp\/v2\/pages\/44406"}],"wp:featuredmedia":[{"embeddable":true,"href":"https:\/\/www.sisinternational.com\/it\/wp-json\/wp\/v2\/media\/64894"}],"wp:attachment":[{"href":"https:\/\/www.sisinternational.com\/it\/wp-json\/wp\/v2\/media?parent=46767"}],"curies":[{"name":"wp","href":"https:\/\/api.w.org\/{rel}","templated":true}]}}