{"id":46763,"date":"2024-03-12T21:01:10","date_gmt":"2024-03-13T01:01:10","guid":{"rendered":"https:\/\/www.sisinternational.com\/?page_id=46763"},"modified":"2026-01-25T18:22:04","modified_gmt":"2026-01-25T23:22:04","slug":"consulenza-sulla-supply-chain-e-sullautomazione","status":"publish","type":"page","link":"https:\/\/www.sisinternational.com\/it\/soluzioni\/ai-ricerche-di-mercato-e-consulenza-strategica\/consulenza-sulla-supply-chain-e-sullautomazione\/","title":{"rendered":"Consulenza sull&#039;automazione dell&#039;intelligenza artificiale della catena di fornitura"},"content":{"rendered":"<h1 class=\"wp-block-heading\">Consulenza sull&#039;automazione dell&#039;intelligenza artificiale della catena di fornitura<\/h1>\n\n\n\n<figure class=\"gb-block-image gb-block-image-0b42d04a\"><img loading=\"lazy\" decoding=\"async\" width=\"1456\" height=\"816\" class=\"gb-image gb-image-0b42d04a\" src=\"https:\/\/www.sisinternational.com\/wp-content\/uploads\/2025\/08\/Logisticv-5.jpg\" alt=\"Ricerca e strategia di mercato internazionale SIS\" title=\"Logisticv (5)\" srcset=\"https:\/\/www.sisinternational.com\/wp-content\/uploads\/2025\/08\/Logisticv-5.jpg 1456w, https:\/\/www.sisinternational.com\/wp-content\/uploads\/2025\/08\/Logisticv-5-300x168.jpg 300w, https:\/\/www.sisinternational.com\/wp-content\/uploads\/2025\/08\/Logisticv-5-1024x574.jpg 1024w, https:\/\/www.sisinternational.com\/wp-content\/uploads\/2025\/08\/Logisticv-5-768x430.jpg 768w, https:\/\/www.sisinternational.com\/wp-content\/uploads\/2025\/08\/Logisticv-5-18x10.jpg 18w\" sizes=\"auto, (max-width: 1456px) 100vw, 1456px\"><\/figure>\n\n\n\n<hr class=\"wp-block-separator has-alpha-channel-opacity is-style-dots\"\/>\n\n\n\n<p>Nel panorama aziendale in rapida evoluzione di oggi, rimanere all&#039;avanguardia non richiede solo efficienza: richiede innovazione strategica. Per questo motivo, la consulenza sull\u2019automazione dell\u2019intelligenza artificiale della supply chain \u00e8 in prima linea in questa evoluzione, rivoluzionando il modo in cui le aziende gestiscono le proprie operazioni.<\/p>\n\n\n\n<h2 class=\"wp-block-heading\">What Is Supply chain AI automation consulting?<\/h2>\n\n\n\n<p>La consulenza sull&#039;automazione dell&#039;intelligenza artificiale della catena di fornitura sfrutta l&#039;intelligenza artificiale (AI) e le tecnologie di automazione per migliorare l&#039;efficienza e l&#039;efficacia delle operazioni della catena di fornitura. Comprende una gamma di soluzioni, tra cui analisi predittiva, automazione dei processi robotici (RPA) e machine learning, per ottimizzare vari aspetti della catena di fornitura, come la gestione delle scorte, la previsione della domanda e la logistica.<\/p>\n\n\n\n<h2 class=\"wp-block-heading\">Perch\u00e9 \u00e8 importante?<\/h2>\n\n\n\n<p>Uno dei principali vantaggi della consulenza sull&#039;automazione dell&#039;intelligenza artificiale della supply chain \u00e8 la sua capacit\u00e0 di migliorare il processo decisionale attraverso approfondimenti basati sui dati. Analizzando grandi quantit\u00e0 di dati in tempo reale, gli algoritmi di intelligenza artificiale possono identificare modelli e tendenze che gli esseri umani potrebbero non cogliere, consentendo alle aziende di prendere decisioni pi\u00f9 informate e tempestive.<\/p>\n\n\n\n<p>Furthermore, AI automation can significantly improve operational efficiency by automating repetitive tasks and processes, freeing human resources to focus on more strategic activities. Another compelling reason businesses invest in supply chain AI automation consulting is its potential to drive innovation. <\/p>\n\n\n\n<p>La consulenza sull&#039;automazione dell&#039;intelligenza artificiale della catena di fornitura dovrebbe essere condotta quando un&#039;azienda desidera ottenere quanto segue:<\/p>\n\n\n\n<ul class=\"wp-block-list\">\n<li><strong>Ottimizzazione dei processi:<\/strong> L\u2019implementazione dell\u2019automazione dell\u2019intelligenza artificiale pu\u00f2 aiutare a semplificare e ottimizzare i processi della catena di fornitura, riducendo le inefficienze e migliorando le prestazioni complessive.<\/li>\n\n\n\n<li><strong>Riduzione dei costi:<\/strong> L\u2019automazione dell\u2019intelligenza artificiale pu\u00f2 aiutare a ridurre i costi di manodopera, minimizzare gli errori e migliorare l\u2019utilizzo delle risorse, portando a notevoli risparmi sui costi.<\/li>\n\n\n\n<li><strong>Miglioramento del processo decisionale:<\/strong> L\u2019automazione dell\u2019intelligenza artificiale pu\u00f2 aiutare le aziende a prendere decisioni pi\u00f9 informate e basate sui dati, riducendo i rischi e migliorando i risultati.<\/li>\n\n\n\n<li><strong>Esperienza cliente migliorata:<\/strong> L&#039;automazione dell&#039;intelligenza artificiale pu\u00f2 aiutare le aziende a migliorare la disponibilit\u00e0 dei prodotti, i tempi di consegna e la soddisfazione complessiva del cliente, garantendo una migliore esperienza del cliente.<\/li>\n\n\n\n<li><strong>Vantaggio competitivo:<\/strong> L\u2019implementazione dell\u2019automazione dell\u2019intelligenza artificiale pu\u00f2 aiutare le aziende a stare al passo con la concorrenza consentendo loro di rispondere pi\u00f9 rapidamente alle mutevoli condizioni del mercato e alle richieste dei clienti.<\/li>\n<\/ul>\n\n\n\n<h2 class=\"wp-block-heading\">Settori chiave nella consulenza sull&#039;automazione dell&#039;intelligenza artificiale della supply chain<\/h2>\n\n\n\n<p>Produzione: i produttori possono utilizzare l\u2019automazione dell\u2019intelligenza artificiale per ottimizzare i processi di produzione, migliorare il controllo di qualit\u00e0 e ridurre i costi.<\/p>\n\n\n\n<ul class=\"wp-block-list\">\n<li><strong>Vedere al dettaglio:<\/strong> I rivenditori possono sfruttare l\u2019automazione dell\u2019intelligenza artificiale per migliorare la gestione dell\u2019inventario, ottimizzare le strategie di prezzo e personalizzare l\u2019esperienza del cliente.<\/li>\n\n\n\n<li><strong>Logistica e Trasporti:<\/strong> <a href=\"https:\/\/www.sisinternational.com\/it\/soluzioni\/ai-ricerche-di-mercato-e-consulenza-strategica\/consulenza-sullautomazione-della-logistica-delle-spedizioni-e-sulla-consulenza\/\" title=\"Automazione delle spedizioni e della logistica e consulenza sull&#039;intelligenza artificiale\"  data-wpil-monitor-id=\"4403\">Logistics companies can use AI automation<\/a> to optimize route planning, reduce fuel costs, and improve delivery times.<\/li>\n\n\n\n<li><strong>Assistenza sanitaria:<\/strong> Gli operatori sanitari possono utilizzare l\u2019automazione dell\u2019intelligenza artificiale per semplificare i processi amministrativi, migliorare l\u2019assistenza ai pazienti e potenziare la ricerca medica.<\/li>\n\n\n\n<li><strong>Finanza:<\/strong> Gli istituti finanziari possono utilizzare l\u2019automazione dell\u2019intelligenza artificiale per automatizzare le attivit\u00e0 di routine, migliorare la gestione del rischio e potenziare il servizio clienti.<\/li>\n\n\n\n<li><strong>Telecomunicazioni:<\/strong> Le aziende possono utilizzare l\u2019automazione dell\u2019intelligenza artificiale per ottimizzare le operazioni di rete, migliorare il servizio clienti e sviluppare nuovi servizi.<br><strong>Energia<\/strong>: <a href=\"https:\/\/www.sisinternational.com\/it\/sistemi-di-automazione-dei-processi-negli-stati-uniti\/\" title=\"Consulenza sulla strategia di automazione\"  data-wpil-monitor-id=\"2706\">Energy companies can use AI automation<\/a> to optimize energy production and distribution, reduce costs, and improve environmental sustainability.<\/li>\n<\/ul>\n\n\n\n<h2 class=\"wp-block-heading\">Principali attori della supply chain AI Automation<\/h2>\n\n\n\n<p>Il panorama dell\u2019automazione dell\u2019intelligenza artificiale della supply chain \u00e8 dinamico e in rapida evoluzione, con numerosi attori che vanno dalle startup ai giganti tecnologici affermati. Queste aziende stanno ampliando i confini del modo in cui l\u2019intelligenza artificiale pu\u00f2 semplificare le operazioni, migliorare l\u2019efficienza e ridurre i costi all\u2019interno della catena di fornitura.<\/p>\n\n\n\n<ul class=\"wp-block-list\">\n<li><strong>IBM:<\/strong> Con la sua piattaforma Watson, IBM offre soluzioni AI che migliorano la gestione della supply chain, tra cui analisi predittive, previsione della domanda e ottimizzazione delle scorte.<\/li>\n\n\n\n<li><strong>LINFA:<\/strong> SAP&#8217;s Integrated Business Planning (IBP) for Supply Chain uses AI and machine learning to improve planning processes, including demand sensing, response, and supply planning, and inventory optimization.<\/li>\n\n\n\n<li><strong>GrigioArancione:<\/strong> GreyOrange offre soluzioni di robotica basate sull&#039;intelligenza artificiale per l&#039;automazione degli evadi, migliorando le operazioni di magazzino con robot mobili autonomi e sistemi decisionali in tempo reale.<\/li>\n\n\n\n<li><strong>Progetto44:<\/strong> Specializzato nella visibilit\u00e0 della supply chain, Project44 utilizza l&#039;intelligenza artificiale per offrire monitoraggio in tempo reale e analisi predittive delle spedizioni, aiutando le aziende a mitigare i rischi e gestire le eccezioni.<\/li>\n<\/ul>\n\n\n\n<h2 class=\"wp-block-heading\">Opportunit\u00e0 e sfide nella consulenza sull&#039;automazione dell&#039;intelligenza artificiale della supply chain<\/h2>\n\n\n\n<figure class=\"gb-block-image gb-block-image-f795b6ff\"><img loading=\"lazy\" decoding=\"async\" width=\"1456\" height=\"816\" class=\"gb-image gb-image-f795b6ff\" src=\"https:\/\/www.sisinternational.com\/wp-content\/uploads\/2025\/08\/Logisticv-2.jpg\" alt=\"Ricerca e strategia di mercato internazionale SIS\" title=\"Logisticv (2)\" srcset=\"https:\/\/www.sisinternational.com\/wp-content\/uploads\/2025\/08\/Logisticv-2.jpg 1456w, https:\/\/www.sisinternational.com\/wp-content\/uploads\/2025\/08\/Logisticv-2-300x168.jpg 300w, https:\/\/www.sisinternational.com\/wp-content\/uploads\/2025\/08\/Logisticv-2-1024x574.jpg 1024w, https:\/\/www.sisinternational.com\/wp-content\/uploads\/2025\/08\/Logisticv-2-768x430.jpg 768w, https:\/\/www.sisinternational.com\/wp-content\/uploads\/2025\/08\/Logisticv-2-18x10.jpg 18w\" sizes=\"auto, (max-width: 1456px) 100vw, 1456px\"><\/figure>\n\n\n\n<p><\/p>\n\n\n\n<p>The integration of AI in supply chain operations has opened a vast landscape of opportunities and challenges for <a href=\"https:\/\/www.sisinternational.com\/it\/soluzioni\/ai-ricerche-di-mercato-e-consulenza-strategica\/automazione-dei-servizi-di-beni-di-consumo-e-consulenza\/\" title=\"Automazione di beni e servizi di consumo e consulenza sull&#039;intelligenza artificiale\"  data-wpil-monitor-id=\"3886\">consulting services specializing in AI automation<\/a>. Let&#8217;s explore the opportunities and challenges in this rapidly evolving field.<\/p>\n\n\n\n<h3 class=\"wp-block-heading\">Opportunit\u00e0<\/h3>\n\n\n\n<p><strong>Consulenza sulla trasformazione digitale:<\/strong> Mentre le aziende cercano di digitalizzare le proprie catene di fornitura, i consulenti possono offrire preziosi spunti sull\u2019applicazione strategica dell\u2019intelligenza artificiale per migliorare l\u2019efficienza, la visibilit\u00e0 e la resilienza. Ci\u00f2 comprende tutto, dall\u2019analisi predittiva per la previsione della domanda alla robotica nella gestione del magazzino.<\/p>\n\n\n\n<p><strong>Custom <a href=\"https:\/\/www.sisinternational.com\/it\/carta-bianca-che-viene-prima-dalla-domanda-o-dallofferta\/\" title=\"Libro bianco: cosa viene prima: domanda o offerta?\"  data-wpil-monitor-id=\"4793\">AI<\/a> Solution Development:<\/strong> Esiste una crescente domanda di soluzioni di intelligenza artificiale su misura che affrontino sfide specifiche all\u2019interno della catena di fornitura di un\u2019azienda.<br>Servizi di integrazione: un\u2019opportunit\u00e0 chiave risiede nell\u2019aiutare le aziende a integrare le tecnologie di intelligenza artificiale con l\u2019infrastruttura IT e i sistemi di catena di fornitura esistenti.<\/p>\n\n\n\n<p><strong>Sostenibilit\u00e0 e filiere etiche:<\/strong> L\u2019intelligenza artificiale pu\u00f2 rendere le catene di approvvigionamento significativamente pi\u00f9 sostenibili ed etiche ottimizzando i percorsi per ridurre le emissioni di carbonio o monitorando i fornitori per verificarne il rispetto degli standard lavorativi e ambientali. I consulenti possono guidare le aziende a sfruttare l\u2019intelligenza artificiale per questi scopi.<\/p>\n\n\n\n<h3 class=\"wp-block-heading\">Sfide<\/h3>\n\n\n\n<ul class=\"wp-block-list\">\n<li><strong>Complessit\u00e0 delle reti della catena di fornitura:<\/strong> Le catene di fornitura possono essere incredibilmente complesse, estendersi su pi\u00f9 paesi e coinvolgere numerose parti interessate. Progettare soluzioni di intelligenza artificiale per affrontare questa complessit\u00e0 e offrire vantaggi tangibili \u00e8 una sfida significativa.<\/li>\n\n\n\n<li><strong>Qualit\u00e0 e disponibilit\u00e0 dei dati:<\/strong> I modelli di intelligenza artificiale e apprendimento automatico richiedono grandi volumi di dati di alta qualit\u00e0. In molte catene di approvvigionamento, i dati sono isolati, obsoleti o di scarsa qualit\u00e0, il che rappresenta una sfida per un\u2019implementazione efficace dell\u2019intelligenza artificiale.<\/li>\n\n\n\n<li><strong>Divario di competenze:<\/strong> Esiste un notevole divario di competenze nel mercato, con una carenza di professionisti che possiedono competenze nella catena di approvvigionamento e una profonda conoscenza delle tecnologie di intelligenza artificiale. Le societ\u00e0 di consulenza potrebbero aver bisogno di aiuto per reclutare e trattenere talenti in grado di colmare questo divario.<\/li>\n\n\n\n<li><strong>Scalabilit\u00e0 e flessibilit\u00e0:<\/strong> Le catene di fornitura sono dinamiche, con modelli di domanda, reti di fornitura e ambienti normativi in continua evoluzione. Sviluppare soluzioni di intelligenza artificiale sufficientemente scalabili e flessibili da adattarsi a questi cambiamenti \u00e8 impegnativo.<\/li>\n\n\n\n<li><strong>Problemi di sicurezza e privacy:<\/strong> L\u2019uso dell\u2019intelligenza artificiale nelle catene di approvvigionamento solleva notevoli preoccupazioni in termini di sicurezza e privacy, in particolare per quanto riguarda i dati sensibili. I consulenti devono affrontare questi problemi con attenzione, garantendo la conformit\u00e0 a normative come il GDPR e la tutela dalle minacce informatiche.<\/li>\n<\/ul>\n\n\n\n<h2 class=\"wp-block-heading\">Prospettive future della consulenza sull&#039;automazione dell&#039;intelligenza artificiale della supply chain per le aziende<\/h2>\n\n\n\n<p>The future of supply chain AI automation consulting looks promising, with continued technological advancements and increasing adoption by businesses. Some key trends and developments expected to shape the future of <a href=\"https:\/\/www.sisinternational.com\/it\/soluzioni\/consulenza-per-lospitalita-turistica-turistica\/consulenza-per-lo-sviluppo-turistico\/\" title=\"Consulenza per lo sviluppo turistico\"  data-wpil-monitor-id=\"3807\">supply chain AI automation consulting<\/a> includere:<\/p>\n\n\n\n<ul class=\"wp-block-list\">\n<li><strong>Integrazione IoT:<\/strong> L\u2019integrazione dei dispositivi IoT con l\u2019automazione dell\u2019intelligenza artificiale consentir\u00e0 alle aziende di raccogliere dati in tempo reale da vari punti della catena di fornitura, migliorando la visibilit\u00e0 e consentendo un processo decisionale proattivo.<\/li>\n\n\n\n<li><strong>Blockchain per la trasparenza della catena di fornitura:<\/strong> La tecnologia blockchain fornir\u00e0 sempre pi\u00f9 trasparenza e tracciabilit\u00e0 nelle catene di approvvigionamento, garantendo l\u2019autenticit\u00e0 e l\u2019integrit\u00e0 delle transazioni e dei registri.<\/li>\n\n\n\n<li><strong>Espansione dell&#039;automazione robotica dei processi (RPA):<\/strong> RPA continuer\u00e0 ad espandere la propria presenza nelle operazioni della catena di fornitura, automatizzando le attivit\u00e0 ripetitive e migliorando l&#039;efficienza operativa.<\/li>\n\n\n\n<li><strong>Focus sulla sostenibilit\u00e0:<\/strong> L\u2019automazione dell\u2019intelligenza artificiale consentir\u00e0 alle aziende di ottimizzare le proprie catene di approvvigionamento per la sostenibilit\u00e0, riducendo gli sprechi e minimizzando l\u2019impatto ambientale.<\/li>\n<\/ul>\n\n\n\n<h2 class=\"wp-block-heading\">In che modo la consulenza sull&#039;automazione dell&#039;intelligenza artificiale della supply chain di SIS International aiuta le aziende<\/h2>\n\n\n\n<p>SIS International&#8217;s supply chain AI automation consulting services help businesses navigate the complexities of implementing AI within their supply chain operations. <\/p>\n\n\n\n<ul class=\"wp-block-list\">\n<li><strong>Sviluppo di strategie IA personalizzate:<\/strong> SIS International pu\u00f2 aiutare le aziende a formulare una strategia di intelligenza artificiale su misura che si allinei alle sfide e agli obiettivi specifici della catena di fornitura. Questa roadmap strategica identifica le aree chiave per l\u2019integrazione dell\u2019intelligenza artificiale, come la previsione della domanda, la gestione delle scorte e l\u2019ottimizzazione della logistica.<\/li>\n\n\n\n<li><strong>Integrazione e distribuzione della tecnologia:<\/strong> I nostri consulenti forniscono competenze nella selezione e nell\u2019integrazione perfetta delle tecnologie AI con i sistemi esistenti. Ci\u00f2 include l\u2019assistenza nell\u2019implementazione della robotica nei magazzini, nell\u2019implementazione dell\u2019intelligenza artificiale per l\u2019analisi predittiva e nell\u2019utilizzo dei dispositivi IoT per il monitoraggio in tempo reale.<\/li>\n\n\n\n<li><strong>Approfondimenti basati sui dati:<\/strong> Sfruttando la potenza dell&#039;intelligenza artificiale per l&#039;analisi dei dati, SIS International fornisce alle aziende informazioni utili. Ci\u00f2 consente un migliore processo decisionale in merito alla previsione della domanda, alla pianificazione della catena di fornitura e alla gestione del rischio.<\/li>\n\n\n\n<li><strong>Analisi predittiva:<\/strong> I servizi di consulenza SIS sfruttano l&#039;intelligenza artificiale per l&#039;analisi predittiva, consentendo alle aziende di anticipare le tendenze del mercato, le fluttuazioni della domanda e le potenziali interruzioni della catena di fornitura. Questa lungimiranza supporta un processo decisionale proattivo piuttosto che reattivo.<\/li>\n\n\n\n<li><strong>Formazione del personale e gestione del cambiamento:<\/strong> L\u2019implementazione dell\u2019intelligenza artificiale nelle operazioni della catena di fornitura spesso richiede un cambiamento culturale all\u2019interno dell\u2019organizzazione. SIS International fornisce formazione e supporto per garantire che il personale a tutti i livelli comprenda e adotti le nuove tecnologie.<\/li>\n<\/ul>\n\n\n\n<p><\/p>","protected":false},"excerpt":{"rendered":"<p>La consulenza sull&#039;automazione dell&#039;intelligenza artificiale della catena di fornitura sfrutta l&#039;intelligenza artificiale e l&#039;automazione per migliorare e potenziare le operazioni della catena di fornitura.<\/p>","protected":false},"author":1,"featured_media":63704,"parent":44406,"menu_order":73,"comment_status":"closed","ping_status":"closed","template":"","meta":{"footnotes":""},"class_list":["post-46763","page","type-page","status-publish","has-post-thumbnail"],"_links":{"self":[{"href":"https:\/\/www.sisinternational.com\/it\/wp-json\/wp\/v2\/pages\/46763","targetHints":{"allow":["GET"]}}],"collection":[{"href":"https:\/\/www.sisinternational.com\/it\/wp-json\/wp\/v2\/pages"}],"about":[{"href":"https:\/\/www.sisinternational.com\/it\/wp-json\/wp\/v2\/types\/page"}],"author":[{"embeddable":true,"href":"https:\/\/www.sisinternational.com\/it\/wp-json\/wp\/v2\/users\/1"}],"replies":[{"embeddable":true,"href":"https:\/\/www.sisinternational.com\/it\/wp-json\/wp\/v2\/comments?post=46763"}],"version-history":[{"count":12,"href":"https:\/\/www.sisinternational.com\/it\/wp-json\/wp\/v2\/pages\/46763\/revisions"}],"predecessor-version":[{"id":78752,"href":"https:\/\/www.sisinternational.com\/it\/wp-json\/wp\/v2\/pages\/46763\/revisions\/78752"}],"up":[{"embeddable":true,"href":"https:\/\/www.sisinternational.com\/it\/wp-json\/wp\/v2\/pages\/44406"}],"wp:featuredmedia":[{"embeddable":true,"href":"https:\/\/www.sisinternational.com\/it\/wp-json\/wp\/v2\/media\/63704"}],"wp:attachment":[{"href":"https:\/\/www.sisinternational.com\/it\/wp-json\/wp\/v2\/media?parent=46763"}],"curies":[{"name":"wp","href":"https:\/\/api.w.org\/{rel}","templated":true}]}}