{"id":46678,"date":"2024-03-01T20:22:18","date_gmt":"2024-03-02T01:22:18","guid":{"rendered":"https:\/\/www.sisinternational.com\/?page_id=46678"},"modified":"2026-01-27T16:48:50","modified_gmt":"2026-01-27T21:48:50","slug":"consulenza-sulla-strategia-di-ricerca-di-mercato-assicurativo-per-la-costruzione","status":"publish","type":"page","link":"https:\/\/www.sisinternational.com\/it\/competenza\/consulenza-sulla-strategia-di-ricerca-di-mercato-assicurativo-per-la-costruzione\/","title":{"rendered":"Building Insurance Market Research"},"content":{"rendered":"<h1 class=\"wp-block-heading\">Building Insurance Market Research <\/h1>\n\n\n\n<figure class=\"gb-block-image gb-block-image-2033a3a8\"><img loading=\"lazy\" decoding=\"async\" width=\"1456\" height=\"816\" class=\"gb-image gb-image-2033a3a8\" src=\"https:\/\/www.sisinternational.com\/wp-content\/uploads\/2025\/08\/Building-3-1.jpg\" alt=\"Ricerca e strategia di mercato internazionale SIS\" title=\"Building (3)\" srcset=\"https:\/\/www.sisinternational.com\/wp-content\/uploads\/2025\/08\/Building-3-1.jpg 1456w, https:\/\/www.sisinternational.com\/wp-content\/uploads\/2025\/08\/Building-3-1-300x168.jpg 300w, https:\/\/www.sisinternational.com\/wp-content\/uploads\/2025\/08\/Building-3-1-1024x574.jpg 1024w, https:\/\/www.sisinternational.com\/wp-content\/uploads\/2025\/08\/Building-3-1-768x430.jpg 768w, https:\/\/www.sisinternational.com\/wp-content\/uploads\/2025\/08\/Building-3-1-18x10.jpg 18w\" sizes=\"auto, (max-width: 1456px) 100vw, 1456px\"><\/figure>\n\n\n\n<p><\/p>\n\n\n\n<p>Man mano che le strutture diventano pi\u00f9 sofisticate e le minacce che devono affrontare, dai disastri naturali ai rischi tecnologici, crescono in complessit\u00e0, approfondire la creazione di ricerche di mercato assicurativo e consulenza strategica \u00e8 diventato non solo vantaggioso ma essenziale. Questo campo specializzato offre una base di conoscenze e intuizioni strategiche, cruciali per navigare nell&#039;intricato mondo delle assicurazioni edili con lungimiranza e acume.<\/p>\n\n\n\n<h2 class=\"wp-block-heading\">Che cos&#039;\u00e8 la creazione di ricerche di mercato assicurative e consulenza strategica?<\/h2>\n\n\n\n<p>Le ricerche di mercato e la consulenza strategica sulle assicurazioni edili analizzano il settore delle assicurazioni edili per aiutare gli assicuratori, gli sviluppatori immobiliari, le societ\u00e0 di gestione immobiliare e altre parti interessate a districarsi nelle complessit\u00e0 dell&#039;assicurazione delle propriet\u00e0. Questa disciplina combina un\u2019analisi approfondita del mercato con servizi di consulenza strategica, fornendo approfondimenti sulle esigenze dei consumatori, sulle tendenze del settore, sui fattori di rischio e sulle dinamiche competitive. L\u2019obiettivo \u00e8 consentire alle imprese di prendere decisioni informate, sviluppare prodotti assicurativi efficaci e implementare strategie che migliorino la loro competitivit\u00e0 e soddisfino le richieste in evoluzione di proprietari e gestori di immobili.<\/p>\n\n\n\n<h2 class=\"wp-block-heading\">Importanza delle ricerche di mercato e della consulenza strategica nel settore delle assicurazioni edilizie<\/h2>\n\n\n\n<p><a href=\"https:\/\/www.sisinternational.com\/it\/competenza\/industrie\/ricerche-di-mercato-sui-materiali-da-costruzione-ecologici\/\" title=\"Ricerche di mercato sui materiali da costruzione ecologici\"  data-wpil-monitor-id=\"3334\">Building insurance market research<\/a> and strategy consulting provides businesses with invaluable insights into market trends, customer preferences, and competitor strategies. By staying abreast of market developments, businesses can identify emerging opportunities and anticipate potential threats, enabling them to adapt their strategies accordingly.<\/p>\n\n\n\n<p>Inoltre, le ricerche di mercato e la consulenza strategica aiutano le aziende a destreggiarsi tra le complessit\u00e0 dei quadri normativi, garantendo la conformit\u00e0 massimizzando al tempo stesso l\u2019efficienza operativa e minimizzando i rischi legali.<\/p>\n\n\n\n<p>Inoltre, le ricerche di mercato e la consulenza strategica consentono alle aziende di ottimizzare la propria offerta di prodotti e servizi per soddisfare le esigenze in continua evoluzione dei clienti. Comprendendo le preferenze dei clienti, i punti critici e il comportamento di acquisto, le aziende possono personalizzare le proprie offerte per fornire il massimo valore, migliorando la soddisfazione e la fedelt\u00e0 dei clienti.<\/p>\n\n\n\n<h2 class=\"wp-block-heading\">Quali sono i vantaggi delle ricerche di mercato e della consulenza strategica sulle assicurazioni edilizie?<\/h2>\n\n\n\n<p>Building <a href=\"https:\/\/www.sisinternational.com\/it\/competenza\/industrie\/ricerche-di-mercato-sulle-assicurazioni-contro-i-danni-alla-proprieta\/\" title=\"Ricerche di mercato sulle assicurazioni contro danni e danni\"  data-wpil-monitor-id=\"5194\">insurance market research<\/a> and strategy consulting offer several benefits to businesses operating in the sector. Here&#8217;s a brief overview of how these services can positively impact your organization:<\/p>\n\n\n\n<ul class=\"wp-block-list\">\n<li><strong>Processo decisionale informato:<\/strong> Sfruttando ricerche di mercato e approfondimenti strategici, le aziende possono prendere decisioni basate sui dati e fondate su una profonda comprensione delle dinamiche di mercato, delle esigenze dei clienti e delle forze competitive.<\/li>\n\n\n\n<li><strong>Mitigazione del rischio:<\/strong> Attraverso un\u2019analisi approfondita delle tendenze del mercato e dei cambiamenti normativi, le aziende possono identificare e mitigare i potenziali rischi, salvaguardando le proprie operazioni e investimenti da sfide impreviste.<\/li>\n\n\n\n<li><strong>Vantaggio competitivo:<\/strong> Acquisendo informazioni dettagliate sulle strategie della concorrenza, sul posizionamento sul mercato e sulle preferenze dei clienti, le aziende possono differenziarsi sul mercato e ritagliarsi un vantaggio competitivo.<\/li>\n\n\n\n<li><strong>Identificazione delle opportunit\u00e0:<\/strong> Le ricerche di mercato e la consulenza strategica consentono alle aziende di identificare e sfruttare le opportunit\u00e0 emergenti, sia che si tratti di entrare in nuovi mercati, lanciare prodotti innovativi o prendere di mira segmenti di clienti poco serviti.<\/li>\n\n\n\n<li><strong>Efficienza migliorata:<\/strong> Semplificando i processi, ottimizzando l&#039;allocazione delle risorse e identificando le aree di miglioramento, le aziende possono migliorare l&#039;efficienza operativa e favorire il risparmio sui costi.<\/li>\n<\/ul>\n\n\n\n<h2 class=\"wp-block-heading\">Quando condurre ricerche di mercato e consulenza strategica sulle assicurazioni edilizie<\/h2>\n\n\n\n<figure class=\"gb-block-image gb-block-image-29a9f42e\"><img loading=\"lazy\" decoding=\"async\" width=\"1456\" height=\"816\" class=\"gb-image gb-image-29a9f42e\" src=\"https:\/\/www.sisinternational.com\/wp-content\/uploads\/2025\/08\/Building-8-1.jpg\" alt=\"Ricerca e strategia di mercato internazionale SIS\" title=\"Building (8)\" srcset=\"https:\/\/www.sisinternational.com\/wp-content\/uploads\/2025\/08\/Building-8-1.jpg 1456w, https:\/\/www.sisinternational.com\/wp-content\/uploads\/2025\/08\/Building-8-1-300x168.jpg 300w, https:\/\/www.sisinternational.com\/wp-content\/uploads\/2025\/08\/Building-8-1-1024x574.jpg 1024w, https:\/\/www.sisinternational.com\/wp-content\/uploads\/2025\/08\/Building-8-1-768x430.jpg 768w, https:\/\/www.sisinternational.com\/wp-content\/uploads\/2025\/08\/Building-8-1-18x10.jpg 18w\" sizes=\"auto, (max-width: 1456px) 100vw, 1456px\"><\/figure>\n\n\n\n<p><\/p>\n\n\n\n<p>Determining the optimal timing for conducting <a href=\"https:\/\/www.sisinternational.com\/it\/ottimizzazione-dei-siti-web-aziendali-per-il-roi\/\" title=\"Ottimizzazione dei siti Web aziendali per il ROI\"  data-wpil-monitor-id=\"7590\">building insurance market research and strategy<\/a> consulting is crucial for maximizing the effectiveness of these initiatives. Here are several factors to consider:<\/p>\n\n\n\n<ul class=\"wp-block-list\">\n<li><strong>Ingresso o espansione nel mercato:<\/strong> Quando si entra in un nuovo mercato o ci si espande in nuove regioni geografiche, condurre ricerche di mercato complete e consulenza strategica pu\u00f2 fornire informazioni preziose sulle dinamiche di mercato, sulle preferenze dei clienti e sul panorama competitivo.<\/li>\n\n\n\n<li><strong>Lancio di prodotto o servizio: <\/strong>Prima di lanciare un nuovo prodotto o servizio assicurativo nel settore delle assicurazioni edili, \u00e8 essenziale condurre ricerche di mercato per valutare la domanda del mercato, identificare potenziali barriere all\u2019ingresso e comprendere le preferenze dei clienti. La consulenza strategica pu\u00f2 aiutare le aziende a sviluppare tattiche di go-to-market, prezzi e promozionali per massimizzare il successo del lancio.<\/li>\n\n\n\n<li><strong>Modifiche normative:<\/strong> I cambiamenti normativi nel settore delle assicurazioni edili possono avere un impatto significativo sulle imprese. Pertanto, le ricerche di mercato e la consulenza strategica consentono alle aziende di rimanere al passo con gli sviluppi normativi, comprenderne l&#039;impatto sulle operazioni e garantire la conformit\u00e0 alle leggi e ai regolamenti pertinenti.<\/li>\n\n\n\n<li><strong>Analisi competitiva: <\/strong>Un\u2019analisi competitiva regolare \u00e8 essenziale per stare al passo con i concorrenti nel settore delle assicurazioni edili. Conducendo continue ricerche di mercato e consulenza strategica, le aziende possono monitorare le attivit\u00e0 della concorrenza, valutarne i punti di forza e di debolezza e identificare opportunit\u00e0 di differenziazione e vantaggio competitivo.<\/li>\n\n\n\n<li><strong>Pianificazione strategica:<\/strong> Le ricerche di mercato e la consulenza strategica sono parte integrante della pianificazione strategica. Che si tratti dello sviluppo di strategie di crescita a lungo termine, dell&#039;ottimizzazione dell&#039;efficienza operativa o dell&#039;identificazione di nuovi flussi di entrate, questi servizi forniscono le informazioni e le indicazioni necessarie per informare il processo decisionale strategico.<\/li>\n<\/ul>\n\n\n\n<h2 class=\"wp-block-heading\">Risultati attesi dalle nostre ricerche di mercato e consulenza strategica sulle assicurazioni edilizie<\/h2>\n\n\n\n<p>Businesses can anticipate several key outcomes from <a href=\"https:\/\/www.sisinternational.com\/it\/come-far-crescere-la-tua-attivita\/\" title=\"Come far crescere la tua attivit\u00e0\"  data-wpil-monitor-id=\"7270\">building insurance market research and strategy<\/a> consulting:<\/p>\n\n\n\n<ul class=\"wp-block-list\">\n<li><strong>Maggiore vantaggio competitivo:<\/strong> Attraverso l\u2019analisi competitiva e la pianificazione strategica, le aziende possono identificare opportunit\u00e0 di differenziazione e ottenere un vantaggio competitivo sul mercato. Ci\u00f2 pu\u00f2 comportare lo sviluppo di proposte di valore uniche, il miglioramento dell\u2019offerta di servizi ai clienti o lo sfruttamento delle tecnologie emergenti per soddisfare le esigenze dei clienti in modo pi\u00f9 efficace rispetto alla concorrenza.<\/li>\n\n\n\n<li><strong>Migliore posizionamento sul mercato:<\/strong> La realizzazione di ricerche di mercato assicurative e di consulenza strategica consente alle aziende di comprendere meglio il proprio mercato di riferimento e di personalizzare le proprie offerte per soddisfare le esigenze dei clienti in modo pi\u00f9 efficace. Ci\u00f2 porta a un migliore posizionamento sul mercato, al riconoscimento del marchio e alla fidelizzazione dei clienti.<\/li>\n\n\n\n<li><strong>Opportunit\u00e0 di crescita strategica:<\/strong> La realizzazione di ricerche di mercato assicurative e di consulenza strategica svela anche opportunit\u00e0 di crescita strategica per le aziende, come l&#039;ingresso in nuovi segmenti di mercato, l&#039;espansione in nuove regioni geografiche o la diversificazione dell&#039;offerta di prodotti. Sfruttando queste opportunit\u00e0, le aziende possono favorire la crescita sostenibile e il successo a lungo termine nel settore.<\/li>\n<\/ul>\n\n\n\n<h2 class=\"wp-block-heading\">L&#039;approccio SIS alla creazione di ricerche di mercato assicurative e consulenza strategica<\/h2>\n\n\n\n<p>In SIS International, il nostro approccio alla creazione di ricerche di mercato assicurativo e di consulenza strategica \u00e8 finalizzato a fornire informazioni utilizzabili e risultati tangibili per i nostri clienti. Ecco come affrontiamo queste iniziative:<\/p>\n\n\n\n<ul class=\"wp-block-list\">\n<li><strong>Metodologie di ricerca complete:<\/strong> We employ a diverse range of research methodologies, including quantitative surveys, qualitative interviews, focus groups, and <a class=\"wpil_keyword_link\" href=\"https:\/\/www.sisinternational.com\/it\/the-impact-of-desk-research-on-strategic-decision-making\/\"   title=\"The Impact of Desk Research on Strategic Decision-Making\" data-wpil-keyword-link=\"linked\"  data-wpil-monitor-id=\"279\">ricerca a tavolino<\/a>, to gather comprehensive data and insights into the building insurance market. Our rigorous approach ensures we capture a nuanced understanding of market dynamics, customer preferences, and competitive landscape.<\/li>\n\n\n\n<li><strong>Soluzioni personalizzate:<\/strong> Comprendiamo che ogni cliente ha obiettivi, sfide e opportunit\u00e0 unici. Ecco perch\u00e9 personalizziamo le nostre soluzioni per soddisfare le esigenze di ciascun cliente, considerando fattori quali la posizione geografica, i dati demografici del mercato target, il contesto normativo e il panorama competitivo. Il nostro approccio personalizzato garantisce che i clienti ricevano approfondimenti e strategie su misura che portano a risultati misurabili.<\/li>\n\n\n\n<li><strong>Approfondimenti e raccomandazioni strategici:<\/strong> Andiamo oltre la semplice fornitura di dati e approfondimenti; offriamo raccomandazioni strategiche e approfondimenti attuabili che consentono ai nostri clienti di prendere decisioni informate e far avanzare le loro attivit\u00e0.<\/li>\n\n\n\n<li><strong>Partenariato di collaborazione:<\/strong> Le nostre relazioni con i clienti sono vere e proprie partnership basate sulla fiducia, sulla collaborazione e sul rispetto reciproco. Lavoriamo a stretto contatto con i nostri clienti durante tutto il processo di ricerca, dalla pianificazione ed esecuzione del progetto all&#039;analisi e implementazione, garantendo che le loro esigenze e obiettivi specifici siano soddisfatti in ogni fase.<\/li>\n\n\n\n<li><strong>Apprendimento e adattamento continui:<\/strong> Il mercato delle assicurazioni edilizie \u00e8 in continua evoluzione, con nuove tendenze, tecnologie e cambiamenti normativi che modellano il panorama. Rimaniamo al passo con questi sviluppi attraverso l\u2019apprendimento e l\u2019adattamento continui, garantendo che le nostre intuizioni e raccomandazioni rimangano pertinenti e di impatto in un ambiente in rapida evoluzione.<\/li>\n<\/ul>\n\n\n\n<h2 class=\"wp-block-heading\">Opportunit\u00e0 per le imprese<\/h2>\n\n\n\n<p>Le aziende nel settore delle assicurazioni edili possono ottenere numerose opportunit\u00e0 sfruttando le ricerche di mercato delle assicurazioni edili e i servizi di consulenza strategica. Ecco alcune opportunit\u00e0 chiave:<\/p>\n\n\n\n<ul class=\"wp-block-list\">\n<li><strong>Espansione del mercato:<\/strong> Attraverso approfondite ricerche di mercato e consulenza strategica, le aziende possono identificare nuovi segmenti di mercato e regioni geografiche con un potenziale di crescita non ancora sfruttato. Espandendo la propria portata in queste aree, le aziende possono diversificare i propri flussi di entrate e sfruttare le opportunit\u00e0 emergenti.<\/li>\n\n\n\n<li><strong>Innovazione del prodotto:<\/strong> Le ricerche di mercato aiutano le aziende a comprendere l\u2019evoluzione delle esigenze e delle preferenze dei clienti, consentendo loro di sviluppare prodotti assicurativi innovativi su misura per soddisfare le specifiche richieste del mercato. La consulenza strategica facilita ulteriormente l&#039;implementazione di strategie di sviluppo prodotto efficaci per stare al passo con la concorrenza e soddisfare le tendenze in evoluzione del mercato.<\/li>\n\n\n\n<li><strong>Marketing e distribuzione ottimizzati:<\/strong> Comprendere le preferenze e il comportamento dei clienti \u00e8 essenziale per sviluppare strategie di marketing e distribuzione efficaci. Le ricerche di mercato e la consulenza strategica forniscono approfondimenti sui dati demografici, sulle preferenze e sul comportamento di acquisto dei clienti, consentendo alle aziende di personalizzare i propri sforzi di marketing e i canali di distribuzione per il massimo impatto ed efficienza.<\/li>\n<\/ul>","protected":false},"excerpt":{"rendered":"<p>Costruire ricerche di mercato assicurative e consulenza strategica analizza il settore assicurativo per aiutare le parti interessate con l&#039;assicurazione sulla propriet\u00e0.<\/p>","protected":false},"author":1,"featured_media":63039,"parent":14514,"menu_order":417,"comment_status":"closed","ping_status":"closed","template":"","meta":{"footnotes":""},"class_list":["post-46678","page","type-page","status-publish","has-post-thumbnail"],"_links":{"self":[{"href":"https:\/\/www.sisinternational.com\/it\/wp-json\/wp\/v2\/pages\/46678","targetHints":{"allow":["GET"]}}],"collection":[{"href":"https:\/\/www.sisinternational.com\/it\/wp-json\/wp\/v2\/pages"}],"about":[{"href":"https:\/\/www.sisinternational.com\/it\/wp-json\/wp\/v2\/types\/page"}],"author":[{"embeddable":true,"href":"https:\/\/www.sisinternational.com\/it\/wp-json\/wp\/v2\/users\/1"}],"replies":[{"embeddable":true,"href":"https:\/\/www.sisinternational.com\/it\/wp-json\/wp\/v2\/comments?post=46678"}],"version-history":[{"count":13,"href":"https:\/\/www.sisinternational.com\/it\/wp-json\/wp\/v2\/pages\/46678\/revisions"}],"predecessor-version":[{"id":81213,"href":"https:\/\/www.sisinternational.com\/it\/wp-json\/wp\/v2\/pages\/46678\/revisions\/81213"}],"up":[{"embeddable":true,"href":"https:\/\/www.sisinternational.com\/it\/wp-json\/wp\/v2\/pages\/14514"}],"wp:featuredmedia":[{"embeddable":true,"href":"https:\/\/www.sisinternational.com\/it\/wp-json\/wp\/v2\/media\/63039"}],"wp:attachment":[{"href":"https:\/\/www.sisinternational.com\/it\/wp-json\/wp\/v2\/media?parent=46678"}],"curies":[{"name":"wp","href":"https:\/\/api.w.org\/{rel}","templated":true}]}}