{"id":46616,"date":"2024-03-01T11:47:49","date_gmt":"2024-03-01T16:47:49","guid":{"rendered":"https:\/\/www.sisinternational.com\/?page_id=46616"},"modified":"2026-01-22T22:28:26","modified_gmt":"2026-01-23T03:28:26","slug":"dei-communications-consulting","status":"publish","type":"page","link":"https:\/\/www.sisinternational.com\/it\/expertise\/dei-communications-consulting\/","title":{"rendered":"Consulenza in comunicazione DEI"},"content":{"rendered":"<h1 class=\"wp-block-heading\">Consulenza in comunicazione DEI<\/h1>\n\n\n\n<figure class=\"gb-block-image gb-block-image-a5d62075\"><img loading=\"lazy\" decoding=\"async\" width=\"1456\" height=\"816\" class=\"gb-image gb-image-a5d62075\" src=\"https:\/\/www.sisinternational.com\/wp-content\/uploads\/2025\/10\/DEI-Communications-2.jpg\" alt=\"SIS International Market Research &amp; Strategy\" title=\"DEI Communications (2)\" srcset=\"https:\/\/www.sisinternational.com\/wp-content\/uploads\/2025\/10\/DEI-Communications-2.jpg 1456w, https:\/\/www.sisinternational.com\/wp-content\/uploads\/2025\/10\/DEI-Communications-2-300x168.jpg 300w, https:\/\/www.sisinternational.com\/wp-content\/uploads\/2025\/10\/DEI-Communications-2-1024x574.jpg 1024w, https:\/\/www.sisinternational.com\/wp-content\/uploads\/2025\/10\/DEI-Communications-2-768x430.jpg 768w, https:\/\/www.sisinternational.com\/wp-content\/uploads\/2025\/10\/DEI-Communications-2-18x10.jpg 18w\" sizes=\"auto, (max-width: 1456px) 100vw, 1456px\"><\/figure>\n\n\n\n<p><\/p>\n\n\n\n<p>La tua organizzazione parla il linguaggio della diversit\u00e0, equit\u00e0 e inclusione (DEI)? La consulenza in comunicazione del DEI aiuta ad articolare l&#039;impegno di un&#039;azienda nei confronti del DEI, garantendo che questo impegno si rifletta su tutti i canali di comunicazione, in risonanza con dipendenti, clienti e stakeholder. Attraverso la guida di esperti, le aziende possono trasformare le proprie aspirazioni DEI in narrazioni tangibili, promuovendo una cultura di inclusivit\u00e0 che eleva il proprio marchio e si allinea ai valori di un pubblico sempre pi\u00f9 diversificato e consapevole.<\/p>\n\n\n\n<h2 class=\"wp-block-heading\">Cos&#039;\u00e8 la consulenza in comunicazione dei DEI?<\/h2>\n\n\n\n<p>La consulenza in comunicazione del DEI guida le organizzazioni a comunicare in modo efficace le loro iniziative e i loro impegni in materia di diversit\u00e0, equit\u00e0 e inclusione al pubblico interno ed esterno.<\/p>\n\n\n\n<p>Inoltre, la consulenza in materia di comunicazione del DEI prevede ascolto, feedback e adattamento continui. Riconosce la natura dinamica del lavoro del DEI e l\u2019importanza dell\u2019evoluzione delle comunicazioni per riflettere l\u2019apprendimento, le sfide e i risultati continui nello spazio DEI. In tal modo, aiuta le organizzazioni a costruire credibilit\u00e0 e fiducia tra le parti interessate, dimostrando un impegno genuino nella promozione di un ambiente inclusivo ed equo.<\/p>\n\n\n\n<h2 class=\"wp-block-heading\">Perch\u00e9 le aziende hanno bisogno della consulenza in materia di comunicazione dei DEI?<\/h2>\n\n\n\n<p>Per molte organizzazioni esiste un divario tra i valori DEI dichiarati e la realt\u00e0 delle loro pratiche e comunicazioni. La consulenza in comunicazione del DEI aiuta a colmare questo divario, garantendo che l&#039;impegno di un&#039;organizzazione verso la diversit\u00e0, l&#039;equit\u00e0 e l&#039;inclusione sia chiaramente articolato e riflesso nelle sue operazioni e comunicazioni. Una comunicazione efficace del DEI crea fiducia e credibilit\u00e0 dimostrando trasparenza e responsabilit\u00e0, dimostrando che un\u2019azienda sta attivamente apportando cambiamenti sostanziali.<\/p>\n\n\n\n<p>Inoltre, la consulenza in comunicazione del DEI aiuta le aziende a comunicare i risultati e le iniziative del DEI in un modo che risuoni e coinvolga un pubblico diversificato, posizionando l&#039;azienda come leader nella responsabilit\u00e0 aziendale. Gli sforzi del DEI scarsamente comunicati possono portare a incomprensioni, reazioni negative o accuse di alleanza performativa.<\/p>\n\n\n\n<p>La consulenza in comunicazione del DEI pu\u00f2 anche aiutare le aziende a mostrare la propria cultura di inclusivit\u00e0, rendendole un datore di lavoro preferito per le persone che cercano un ambiente di lavoro favorevole ed equo. Tuttavia, presenta molti altri vantaggi per le aziende, tra cui:<\/p>\n\n\n\n<ul class=\"wp-block-list\">\n<li><strong>Maggiore fiducia e lealt\u00e0 degli stakeholder:<\/strong> By communicating DEI initiatives and achievements transparently and authentically, organizations can <a href=\"https:\/\/www.sisinternational.com\/it\/b2b-customer-experience-the-ultimate-guide-to-building-loyalty-that-lasts\/\" title=\"B2B Customer Experience: The Ultimate Guide to Building Loyalty That Lasts\"  data-wpil-monitor-id=\"8987\">build trust and loyalty<\/a> among stakeholders, including employees, customers, and the wider community. This trust is foundational for long-term relationships and sustained brand support.<\/li>\n\n\n\n<li><strong>Maggiore coinvolgimento e soddisfazione dei dipendenti:<\/strong> La consulenza in materia di comunicazioni del DEI pu\u00f2 aiutare le organizzazioni a trasmettere meglio le politiche e i programmi del DEI all&#039;interno, con conseguente aumento del coinvolgimento dei dipendenti e della soddisfazione sul lavoro.<\/li>\n\n\n\n<li><strong>Attrarre e trattenere talenti diversi:<\/strong> Una narrazione del DEI chiara e avvincente pu\u00f2 rendere un\u2019organizzazione pi\u00f9 attraente per un pool di talenti diversificato. Una comunicazione efficace di una cultura inclusiva e di pari opportunit\u00e0 pu\u00f2 aiutare ad attrarre e trattenere dipendenti con prospettive e competenze diverse.<\/li>\n\n\n\n<li><strong>Mitigare i rischi di cattiva comunicazione e di contraccolpi:<\/strong> Con la guida di esperti, le organizzazioni possono affrontare le complessit\u00e0 della comunicazione DEI, riducendo i rischi di problemi di comunicazione, incomprensioni e potenziali reazioni negative. Ci\u00f2 garantisce che gli sforzi del DEI siano accolti positivamente e contribuiscano alla reputazione dell&#039;organizzazione.<\/li>\n\n\n\n<li><strong>Promuovere il cambiamento reale e l\u2019impatto sociale:<\/strong> Al di l\u00e0 dei vantaggi organizzativi immediati, un\u2019efficace consulenza in materia di comunicazione del DEI contribuisce a un cambiamento sociale pi\u00f9 ampio. Impegnandosi pubblicamente e comunicando sul DEI, le organizzazioni possono influenzare i propri settori, mercati e comunit\u00e0, promuovendo l\u2019inclusivit\u00e0 e l\u2019equit\u00e0 su scala pi\u00f9 ampia.<\/li>\n<\/ul>\n\n\n\n<h2 class=\"wp-block-heading\">Chi utilizza la consulenza sulle comunicazioni DEI?<\/h2>\n\n\n\n<figure class=\"gb-block-image gb-block-image-a8d055cc\"><img loading=\"lazy\" decoding=\"async\" width=\"1456\" height=\"816\" class=\"gb-image gb-image-a8d055cc\" src=\"https:\/\/www.sisinternational.com\/wp-content\/uploads\/2025\/10\/DEI-Communications-3.jpg\" alt=\"SIS International Market Research &amp; Strategy\" title=\"DEI Communications (3)\" srcset=\"https:\/\/www.sisinternational.com\/wp-content\/uploads\/2025\/10\/DEI-Communications-3.jpg 1456w, https:\/\/www.sisinternational.com\/wp-content\/uploads\/2025\/10\/DEI-Communications-3-300x168.jpg 300w, https:\/\/www.sisinternational.com\/wp-content\/uploads\/2025\/10\/DEI-Communications-3-1024x574.jpg 1024w, https:\/\/www.sisinternational.com\/wp-content\/uploads\/2025\/10\/DEI-Communications-3-768x430.jpg 768w, https:\/\/www.sisinternational.com\/wp-content\/uploads\/2025\/10\/DEI-Communications-3-18x10.jpg 18w\" sizes=\"auto, (max-width: 1456px) 100vw, 1456px\"><\/figure>\n\n\n\n<p><\/p>\n\n\n\n<p>Molte grandi aziende e imprese di tutti i settori si avvalgono di consulenti di comunicazione del DEI per aiutarli ad articolare e amplificare le loro iniziative DEI. Queste organizzazioni hanno spesso strutture complesse e presenze globali, che richiedono strategie sofisticate per garantire che i loro messaggi DEI risuonino in culture e regioni diverse.<\/p>\n\n\n\n<p>Le piccole e medie imprese sono ugualmente impegnate a mostrare i propri sforzi nei confronti del DEI. La consulenza in comunicazione del DEI pu\u00f2 aiutare queste aziende a sviluppare narrazioni DEI di grande impatto in linea con i valori del marchio e in risonanza con le parti interessate, comprese le comunit\u00e0 locali, i clienti e i dipendenti.<\/p>\n\n\n\n<p>Inoltre, le organizzazioni senza scopo di lucro focalizzate sulla giustizia sociale, sullo sviluppo della comunit\u00e0 e su altre cause utilizzano spesso la consulenza in comunicazione del DEI per trasmettere in modo efficace le loro missioni e i principi del DEI su cui si basa il loro lavoro. Comunicazioni chiare e convincenti del DEI possono aumentare la credibilit\u00e0 di queste organizzazioni, attrarre sostegno e mobilitare l&#039;azione.<\/p>\n\n\n\n<p>Le istituzioni educative coinvolgono anche consulenti di comunicazione del DEI per comunicare il loro impegno nella creazione di ambienti educativi inclusivi. Comunicazioni efficaci del DEI possono aiutare ad attrarre un corpo studentesco, docenti e personale diversificati, promuovendo al contempo una cultura inclusiva.<\/p>\n\n\n\n<p>Additionally, Government Agencies use DEI communications consulting to ensure their policies, programs, and <a href=\"https:\/\/www.sisinternational.com\/it\/expertise\/industries\/communication-services-market-research\/\" title=\"Ricerche di mercato sui servizi di comunicazione\"  data-wpil-monitor-id=\"8983\">services are communicated<\/a> to reflect their commitment to equity and inclusion. This is crucial for building trust within diverse communities and ensuring public initiatives are accessible and equitable.<\/p>\n\n\n\n<h2 class=\"wp-block-heading\">Fattori critici di successo per una consulenza di comunicazione del DEI di successo<\/h2>\n\n\n\n<p>Affinch\u00e9 la consulenza in comunicazione del DEI abbia successo e fornisca risultati significativi, alcuni fattori critici di successo devono essere considerati e integrati nel processo di consulenza. Questi fattori garantiscono che le strategie di comunicazione del DEI trasmettano efficacemente l&#039;impegno di un&#039;organizzazione verso la diversit\u00e0, l&#039;equit\u00e0 e l&#039;inclusione, promuovendo una cultura che incarni questi valori.<\/p>\n\n\n\n<ul class=\"wp-block-list\">\n<li><strong>Autenticit\u00e0 nella messaggistica:<\/strong> Le organizzazioni devono garantire che i loro messaggi DEI riflettano realmente i loro valori, iniziative e progressi. Ci\u00f2 richiede un profondo impegno nei confronti del DEI oltre le comunicazioni a livello superficiale, con azioni e politiche che sostanziano i messaggi comunicati.<\/li>\n\n\n\n<li><strong>Trasparenza e responsabilit\u00e0:<\/strong> Le organizzazioni devono essere trasparenti riguardo ai propri obiettivi, risultati e aree di miglioramento del DEI. Questa apertura favorisce la fiducia e la responsabilit\u00e0, consentendo alle parti interessate di vedere l&#039;impegno dell&#039;organizzazione nel realizzare progressi tangibili nel DEI.<\/li>\n\n\n\n<li><strong>Competenza culturale:<\/strong> Comprendere e rispettare le diverse culture all\u2019interno e all\u2019esterno dell\u2019organizzazione \u00e8 fondamentale. Le comunicazioni del DEI dovrebbero essere culturalmente competenti, riconoscendo e valorizzando le diverse prospettive ed esperienze di tutti gli individui. Ci\u00f2 richiede una formazione continua e una sensibilit\u00e0 alle sfumature culturali nella comunicazione.<\/li>\n\n\n\n<li><strong>Coerenza tra i canali:<\/strong> I messaggi del DEI dovrebbero essere coerenti in tutti i canali di comunicazione, comprese le comunicazioni interne, i materiali di marketing, i social media e gli sforzi di pubbliche relazioni. La coerenza rafforza l&#039;impegno dell&#039;organizzazione nei confronti del DEI e garantisce che tutte le parti interessate ricevano lo stesso messaggio.<\/li>\n\n\n\n<li><strong>Adattabilit\u00e0 e reattivit\u00e0:<\/strong> Il campo del DEI \u00e8 dinamico, con una comprensione in evoluzione di ci\u00f2 che costituisce le migliori pratiche. Una consulenza di comunicazione di successo del DEI richiede adattabilit\u00e0 e reattivit\u00e0 alle nuove informazioni, ai cambiamenti sociali e al feedback delle parti interessate, garantendo che le strategie del DEI rimangano pertinenti ed efficaci.<\/li>\n<\/ul>\n\n\n\n<h2 class=\"wp-block-heading\">L&#039;approccio SIS alla consulenza in comunicazione dei DEI<\/h2>\n\n\n\n<figure class=\"gb-block-image gb-block-image-b0adb794\"><img loading=\"lazy\" decoding=\"async\" width=\"1456\" height=\"816\" class=\"gb-image gb-image-b0adb794\" src=\"https:\/\/www.sisinternational.com\/wp-content\/uploads\/2025\/10\/DEI-Communications-4.jpg\" alt=\"SIS International Market Research &amp; Strategy\" title=\"DEI Communications (4)\" srcset=\"https:\/\/www.sisinternational.com\/wp-content\/uploads\/2025\/10\/DEI-Communications-4.jpg 1456w, https:\/\/www.sisinternational.com\/wp-content\/uploads\/2025\/10\/DEI-Communications-4-300x168.jpg 300w, https:\/\/www.sisinternational.com\/wp-content\/uploads\/2025\/10\/DEI-Communications-4-1024x574.jpg 1024w, https:\/\/www.sisinternational.com\/wp-content\/uploads\/2025\/10\/DEI-Communications-4-768x430.jpg 768w, https:\/\/www.sisinternational.com\/wp-content\/uploads\/2025\/10\/DEI-Communications-4-18x10.jpg 18w\" sizes=\"auto, (max-width: 1456px) 100vw, 1456px\"><\/figure>\n\n\n\n<p><\/p>\n\n\n\n<p>L&#039;approccio SIS alla consulenza in materia di comunicazioni del DEI \u00e8 completo, strategico ed empatico. Il SIS \u00e8 consapevole che comunicazioni efficaci del DEI promuovono una cultura di inclusivit\u00e0 e rispetto.<\/p>\n\n\n\n<ul class=\"wp-block-list\">\n<li><strong>Holistic <\/strong><a href=\"https:\/\/www.sisinternational.com\/it\/sis-strategy-consulting-2\/\" title=\"SIS Strategy Consulting\u00a0\"  data-wpil-monitor-id=\"8986\">Strategy Development: SIS<\/a> begins with a holistic assessment of an organization&#8217;s current DEI stance, communications practices, and culture. This involves understanding the organization\u2019s DEI goals, the diversity of its workforce, and the needs of its stakeholders. From there, SIS <a href=\"https:\/\/www.sisinternational.com\/it\/solutions\/strategy-consulting\/strategy-development-execution-consulting\/\" title=\"Consulenza per lo sviluppo e l&#039;esecuzione della strategia\"  data-wpil-monitor-id=\"8985\">develops a comprehensive DEI communications strategy<\/a> that aligns with the organization&#8217;s overall mission and objectives.<\/li>\n\n\n\n<li><strong>Comunicazioni incentrate sugli stakeholder:<\/strong> Riconoscendo l\u2019importanza di coinvolgere vari gruppi di stakeholder, SIS d\u00e0 priorit\u00e0 allo sviluppo di piani di comunicazione specifici per stakeholder. Ci\u00f2 garantisce che i messaggi abbiano risonanza e siano accessibili a tutti i destinatari, inclusi dipendenti, clienti, partner e comunit\u00e0.<\/li>\n\n\n\n<li><strong>Messaggistica autentica e trasparente:<\/strong> Il SIS guida le organizzazioni nella creazione di messaggi DEI autentici e trasparenti. Ci\u00f2 implica evidenziare i risultati reali, riconoscere le aree di miglioramento e delineare i passi concreti che l\u2019organizzazione sta intraprendendo per portare avanti i suoi obiettivi DEI. Autenticit\u00e0 e trasparenza sono fondamentali per costruire fiducia e credibilit\u00e0.<\/li>\n\n\n\n<li><strong>Ascolto continuo e feedback:<\/strong> L\u2019approccio SIS incorpora meccanismi di ascolto e feedback continui delle parti interessate. Questo ciclo di feedback consente di adattare le strategie di comunicazione dei DEI in base alle risposte delle parti interessate, garantendo che le comunicazioni rimangano pertinenti e di impatto.<\/li>\n\n\n\n<li><strong>Coinvolgimento e formazione della leadership:<\/strong> Il SIS sottolinea il ruolo critico della leadership nelle comunicazioni del DEI. Ci\u00f2 include la formazione dei leader su strategie di comunicazione e coinvolgimento efficaci del DEI e la garanzia che la leadership sia visibilmente impegnata e coinvolta attivamente negli sforzi del DEI.<\/li>\n\n\n\n<li><strong>Misurazione e reporting:<\/strong> Il SIS stabilisce parametri e parametri di riferimento chiari per misurare l&#039;efficacia delle comunicazioni DEI. Ci\u00f2 consente alle organizzazioni di monitorare i progressi, riferire sui risultati e apportare modifiche basate sui dati alle loro strategie di comunicazione DEI.<\/li>\n\n\n\n<li><strong>Impegno per l\u2019inclusione e la competenza culturale:<\/strong> Il SIS dimostra un profondo impegno per l\u2019inclusione e la competenza culturale. I consulenti apportano una vasta esperienza nell&#039;esplorazione delle sfumature e delle sensibilit\u00e0 culturali, garantendo che le comunicazioni del DEI siano rispettose e inclusive delle diverse prospettive.<\/li>\n\n\n\n<li><strong>Partnership e supporto a lungo termine:<\/strong> Infine, SIS considera i propri servizi di consulenza come l&#039;inizio di una partnership a lungo termine. Il SIS fornisce supporto e guida continui alle organizzazioni mentre implementano le loro strategie di comunicazione DEI, si adattano alle nuove sfide e sviluppano i loro sforzi DEI.<\/li>\n<\/ul>\n\n\n\n<h2 class=\"wp-block-heading\">Opportunit\u00e0 nella consulenza in comunicazione del DEI per le imprese<\/h2>\n\n\n\n<p>L&#039;impegno nella consulenza in comunicazione del DEI apre molteplici opportunit\u00e0 alle aziende per rafforzare la propria cultura organizzativa, migliorare la reputazione del proprio marchio e creare un ambiente pi\u00f9 inclusivo. Ecco alcune opportunit\u00e0 chiave che la consulenza in comunicazione del DEI offre alle imprese:<\/p>\n\n\n\n<ul class=\"wp-block-list\">\n<li><strong>Dimostrare la leadership nel DEI:<\/strong> Attraverso comunicazioni efficaci del DEI, le aziende possono posizionarsi come leader nella diversit\u00e0, nell\u2019equit\u00e0 e nell\u2019inclusione. Questa leadership pu\u00f2 stabilire uno standard nel proprio settore, influenzando colleghi e concorrenti a dare priorit\u00e0 al DEI nelle loro operazioni e comunicazioni.<\/li>\n\n\n\n<li><strong>Attrarre talenti diversi:<\/strong> Le aziende possono attrarre candidati diversi articolando chiaramente il proprio impegno nei confronti del DEI. Un forte marchio DEI si rivolge ai potenziali dipendenti che cercano luoghi di lavoro inclusivi che valorizzino la diversit\u00e0 e offrano eque opportunit\u00e0 di crescita e sviluppo.<\/li>\n\n\n\n<li><strong>Migliorare il coinvolgimento dei dipendenti:<\/strong> Comunicazioni efficaci del DEI possono aumentare significativamente il coinvolgimento dei dipendenti. I dipendenti che vedono la propria identit\u00e0 e i propri valori riflessi negli sforzi e nelle comunicazioni del DEI della propria azienda hanno maggiori probabilit\u00e0 di sentirsi apprezzati e impegnati nella propria organizzazione.<\/li>\n\n\n\n<li><strong>Costruire la fiducia con gli investitori:<\/strong> Investors increasingly seek businesses aligning with their values, including a commitment to DEI. By effectively communicating DEI initiatives and successes, businesses can build trust and loyalty with investors, <a href=\"https:\/\/www.sisinternational.com\/it\/solutions\/branding-and-customer-research-solutions\/brand-differentiation-market-research\/\" title=\"Ricerche di mercato sulla differenziazione del marchio\"  data-wpil-monitor-id=\"8984\">differentiating themselves in the market<\/a>.<\/li>\n\n\n\n<li><strong>Expanding <\/strong><a href=\"https:\/\/www.sisinternational.com\/it\/publications\/scalable-business-market-research-7-ways-to-build-a-scalable-business\/\" title=\"Ricerche di mercato per aziende scalabili: 7 modi per costruire un business scalabile\"  data-wpil-monitor-id=\"8980\">Market Reach: Businesses<\/a> that effectively communicate their DEI efforts can appeal to broader, more diverse markets. <a href=\"https:\/\/www.sisinternational.com\/it\/expertise\/industries\/diversity-equity-inclusion-market-research\/\" title=\"Ricerche di mercato su diversit\u00e0, equit\u00e0 e inclusione\"  data-wpil-monitor-id=\"8982\">Inclusivity in communications ensures that marketing<\/a> messages resonate with a wide range of demographics, expanding the business\u2019s reach and potential customer base.<\/li>\n\n\n\n<li><strong>Migliorare la gestione del rischio:<\/strong> DEI communications consulting helps businesses navigate the complexities of discussing diversity and inclusion topics, reducing the risk of missteps that could lead to reputational damage. Effective <a href=\"https:\/\/www.sisinternational.com\/it\/solutions\/strategy-consulting\/\" title=\"Consulenza strategica\"  data-wpil-monitor-id=\"8981\">consulting provides the tools and strategies<\/a> to communicate with sensitivity and awareness, mitigating potential risks.<\/li>\n<\/ul>\n\n\n\n<h2 class=\"wp-block-heading\">Le sfide della consulenza in comunicazione del DEI per le imprese<\/h2>\n\n\n\n<figure class=\"gb-block-image gb-block-image-6aacaf47\"><img loading=\"lazy\" decoding=\"async\" width=\"1456\" height=\"816\" class=\"gb-image gb-image-6aacaf47\" src=\"https:\/\/www.sisinternational.com\/wp-content\/uploads\/2025\/10\/DEI-Communications-1.jpg\" alt=\"SIS International Market Research &amp; Strategy\" title=\"DEI Communications (1)\" srcset=\"https:\/\/www.sisinternational.com\/wp-content\/uploads\/2025\/10\/DEI-Communications-1.jpg 1456w, https:\/\/www.sisinternational.com\/wp-content\/uploads\/2025\/10\/DEI-Communications-1-300x168.jpg 300w, https:\/\/www.sisinternational.com\/wp-content\/uploads\/2025\/10\/DEI-Communications-1-1024x574.jpg 1024w, https:\/\/www.sisinternational.com\/wp-content\/uploads\/2025\/10\/DEI-Communications-1-768x430.jpg 768w, https:\/\/www.sisinternational.com\/wp-content\/uploads\/2025\/10\/DEI-Communications-1-18x10.jpg 18w\" sizes=\"auto, (max-width: 1456px) 100vw, 1456px\"><\/figure>\n\n\n\n<p><\/p>\n\n\n\n<p>Sebbene la consulenza in comunicazione del DEI offra opportunit\u00e0 significative alle aziende per migliorare i propri sforzi in materia di diversit\u00e0, equit\u00e0 e inclusione, possono sorgere diverse sfide. Affrontare queste sfide in modo efficace garantisce che le strategie di comunicazione del DEI siano autentiche, di impatto e contribuiscano a un cambiamento significativo.<\/p>\n\n\n\n<ul class=\"wp-block-list\">\n<li><strong>Garantire l&#039;autenticit\u00e0:<\/strong> Una delle sfide principali \u00e8 garantire che le comunicazioni del DEI siano autentiche e riflettano un impegno e un\u2019azione genuini. Le aziende devono evitare dichiarazioni performative prive di un supporto sostanziale, poich\u00e9 queste possono erodere la fiducia e danneggiare la reputazione.<\/li>\n\n\n\n<li><strong>Bilanciare l\u2019interesse generale con la specificit\u00e0:<\/strong> Creare messaggi che risuonino con un pubblico diversificato affrontando questioni e obiettivi specifici del DEI pu\u00f2 essere complesso. Le aziende devono trovare un equilibrio tra l&#039;attrattiva generale e il riconoscimento delle esperienze e delle esigenze uniche dei diversi gruppi.<\/li>\n\n\n\n<li><strong>Superare la resistenza interna:<\/strong> L\u2019avvio e il mantenimento degli sforzi del DEI, comprese le comunicazioni, possono talvolta incontrare resistenze organizzative. Superare lo scetticismo o la resistenza richiede impegno da parte della leadership, formazione e dimostrazione del valore della DEI a tutte le parti interessate.<\/li>\n\n\n\n<li><strong>Tenere il passo con le conversazioni in evoluzione:<\/strong> Il discorso sul DEI \u00e8 dinamico, con le concezioni sociali e il linguaggio in rapida evoluzione. Le aziende devono rimanere informate e adattabili per garantire che le loro comunicazioni DEI rimangano pertinenti e rispettose.<\/li>\n\n\n\n<li><strong>Misurazione dell&#039;impatto:<\/strong> Quantificare l\u2019impatto degli sforzi di comunicazione del DEI pu\u00f2 essere difficile. Le aziende devono sviluppare metriche e metodi chiari per valutare l\u2019efficacia delle loro comunicazioni nel raggiungimento degli obiettivi DEI e apportare le modifiche necessarie.<\/li>\n\n\n\n<li><strong>Sensibilit\u00e0 di navigazione:<\/strong> Gli argomenti del DEI possono essere delicati e i passi falsi nella comunicazione possono portare a incomprensioni o reazioni negative. \u00c8 essenziale garantire che le comunicazioni siano ponderate, ben informate e tengano conto delle diverse prospettive.<\/li>\n<\/ul>\n\n\n\n<p><\/p>","protected":false},"excerpt":{"rendered":"<p>La consulenza in comunicazione del DEI guida efficacemente le organizzazioni nelle loro iniziative e impegni in materia di diversit\u00e0, equit\u00e0 e inclusione.<\/p>","protected":false},"author":1,"featured_media":71936,"parent":14514,"menu_order":416,"comment_status":"closed","ping_status":"closed","template":"","meta":{"footnotes":""},"class_list":["post-46616","page","type-page","status-publish","has-post-thumbnail"],"_links":{"self":[{"href":"https:\/\/www.sisinternational.com\/it\/wp-json\/wp\/v2\/pages\/46616","targetHints":{"allow":["GET"]}}],"collection":[{"href":"https:\/\/www.sisinternational.com\/it\/wp-json\/wp\/v2\/pages"}],"about":[{"href":"https:\/\/www.sisinternational.com\/it\/wp-json\/wp\/v2\/types\/page"}],"author":[{"embeddable":true,"href":"https:\/\/www.sisinternational.com\/it\/wp-json\/wp\/v2\/users\/1"}],"replies":[{"embeddable":true,"href":"https:\/\/www.sisinternational.com\/it\/wp-json\/wp\/v2\/comments?post=46616"}],"version-history":[{"count":7,"href":"https:\/\/www.sisinternational.com\/it\/wp-json\/wp\/v2\/pages\/46616\/revisions"}],"predecessor-version":[{"id":81506,"href":"https:\/\/www.sisinternational.com\/it\/wp-json\/wp\/v2\/pages\/46616\/revisions\/81506"}],"up":[{"embeddable":true,"href":"https:\/\/www.sisinternational.com\/it\/wp-json\/wp\/v2\/pages\/14514"}],"wp:featuredmedia":[{"embeddable":true,"href":"https:\/\/www.sisinternational.com\/it\/wp-json\/wp\/v2\/media\/71936"}],"wp:attachment":[{"href":"https:\/\/www.sisinternational.com\/it\/wp-json\/wp\/v2\/media?parent=46616"}],"curies":[{"name":"wp","href":"https:\/\/api.w.org\/{rel}","templated":true}]}}