{"id":46559,"date":"2024-02-28T18:12:29","date_gmt":"2024-02-28T23:12:29","guid":{"rendered":"https:\/\/www.sisinternational.com\/?page_id=46559"},"modified":"2026-01-27T16:38:52","modified_gmt":"2026-01-27T21:38:52","slug":"consulenza-in-materia-di-governo-societario","status":"publish","type":"page","link":"https:\/\/www.sisinternational.com\/it\/soluzioni\/consulenza-strategica\/consulenza-in-materia-di-governo-societario\/","title":{"rendered":"Consulenza in materia di governo societario"},"content":{"rendered":"<h1 class=\"wp-block-heading\">Consulenza in materia di governo societario<\/h1>\n\n\n\n<figure class=\"gb-block-image gb-block-image-cb8dd27f\"><img loading=\"lazy\" decoding=\"async\" width=\"1456\" height=\"816\" class=\"gb-image gb-image-cb8dd27f\" src=\"https:\/\/www.sisinternational.com\/wp-content\/uploads\/2025\/10\/Corporate-Governance-4.jpg\" alt=\"Ricerca e strategia di mercato internazionale SIS\" title=\"Corporate Governance (4)\" srcset=\"https:\/\/www.sisinternational.com\/wp-content\/uploads\/2025\/10\/Corporate-Governance-4.jpg 1456w, https:\/\/www.sisinternational.com\/wp-content\/uploads\/2025\/10\/Corporate-Governance-4-300x168.jpg 300w, https:\/\/www.sisinternational.com\/wp-content\/uploads\/2025\/10\/Corporate-Governance-4-1024x574.jpg 1024w, https:\/\/www.sisinternational.com\/wp-content\/uploads\/2025\/10\/Corporate-Governance-4-768x430.jpg 768w, https:\/\/www.sisinternational.com\/wp-content\/uploads\/2025\/10\/Corporate-Governance-4-18x10.jpg 18w\" sizes=\"auto, (max-width: 1456px) 100vw, 1456px\"><\/figure>\n\n\n\n<p><\/p>\n\n\n\n<p>La tua azienda sta sfruttando tutto il potere di un\u2019efficace governance aziendale per promuovere il successo e la sostenibilit\u00e0? Nel panorama aziendale globale in continua evoluzione, la consulenza sulla governance aziendale \u00e8 emersa come una pietra miliare per le aziende che mirano a migliorare la propria direzione strategica, l\u2019integrit\u00e0 operativa e la fiducia degli stakeholder. Questo servizio di consulenza specializzata offre le competenze e gli approfondimenti necessari per affrontare le complessit\u00e0 della governance, garantendo che le organizzazioni rispettino i requisiti normativi ed eccellano nella leadership e nella responsabilit\u00e0 aziendale.<\/p>\n\n\n\n<p>Che cos&#039;\u00e8 la consulenza sulla governance aziendale? La consulenza sulla governance aziendale assiste le organizzazioni nello sviluppo, nell&#039;implementazione e nel miglioramento delle loro strutture e pratiche di governance per garantire che i loro quadri di governance siano in linea con le migliori pratiche e supportino i loro obiettivi strategici.<\/p>\n\n\n\n<p>Si concentra sui meccanismi, i processi e le relazioni attraverso i quali le aziende sono controllate e dirette. Ci\u00f2 include consulenza sulla composizione e struttura del consiglio, remunerazione dei dirigenti, impegno degli azionisti e conformit\u00e0 agli standard di governance nazionali e internazionali. I consulenti in questo campo lavorano a stretto contatto con il senior management e i membri del consiglio per identificare i punti deboli della governance, sviluppare strategie per affrontare questi problemi e implementare strutture che promuovono la trasparenza, la responsabilit\u00e0 e un processo decisionale efficace.<\/p>\n\n\n\n<h2 class=\"wp-block-heading\">Importanza della consulenza sulla governance aziendale<\/h2>\n\n\n\n<p>La consulenza sulla governance aziendale offre approfondimenti sugli standard di governance locali e internazionali, aiutando le aziende a garantire la conformit\u00e0 ed evitare potenziali ripercussioni legali e finanziarie. Ci\u00f2 \u00e8 particolarmente importante per le aziende che operano in pi\u00f9 giurisdizioni, dove la complessit\u00e0 dei requisiti normativi pu\u00f2 porre sfide significative.<\/p>\n\n\n\n<p>Inoltre, <a href=\"https:\/\/www.sisinternational.com\/it\/soluzioni\/e-la-crescita-globale\/gestione-globale-del-progetto\/\" title=\"Consulenza sulla gestione globale dei progetti\"  data-wpil-monitor-id=\"10611\">consulting is crucial in risk management<\/a>. By evaluating and enhancing governance structures and practices, consultants help businesses identify and mitigate a wide range of risks, from financial and operational to reputational and strategic.<\/p>\n\n\n\n<p>Inoltre, questa consulenza promuove pratiche commerciali etiche e responsabilit\u00e0. I consulenti assistono le organizzazioni nella definizione di codici di condotta, politiche etiche e meccanismi di responsabilit\u00e0 in linea con i valori dell&#039;azienda e le aspettative delle parti interessate. Ci\u00f2 migliora la reputazione dell&#039;organizzazione e contribuisce a una cultura aziendale che d\u00e0 priorit\u00e0 all&#039;integrit\u00e0 e al processo decisionale etico.<\/p>\n\n\n\n<h2 class=\"wp-block-heading\">Quali sono i vantaggi della consulenza sulla governance aziendale?<\/h2>\n\n\n\n<figure class=\"gb-block-image gb-block-image-815810a1\"><img loading=\"lazy\" decoding=\"async\" width=\"1456\" height=\"816\" class=\"gb-image gb-image-815810a1\" src=\"https:\/\/www.sisinternational.com\/wp-content\/uploads\/2025\/10\/Corporate-Governance-2.jpg\" alt=\"Ricerca e strategia di mercato internazionale SIS\" title=\"Corporate Governance (2)\" srcset=\"https:\/\/www.sisinternational.com\/wp-content\/uploads\/2025\/10\/Corporate-Governance-2.jpg 1456w, https:\/\/www.sisinternational.com\/wp-content\/uploads\/2025\/10\/Corporate-Governance-2-300x168.jpg 300w, https:\/\/www.sisinternational.com\/wp-content\/uploads\/2025\/10\/Corporate-Governance-2-1024x574.jpg 1024w, https:\/\/www.sisinternational.com\/wp-content\/uploads\/2025\/10\/Corporate-Governance-2-768x430.jpg 768w, https:\/\/www.sisinternational.com\/wp-content\/uploads\/2025\/10\/Corporate-Governance-2-18x10.jpg 18w\" sizes=\"auto, (max-width: 1456px) 100vw, 1456px\"><\/figure>\n\n\n\n<p><\/p>\n\n\n\n<p>Impegnarsi nella consulenza sulla governance aziendale offre numerosi vantaggi che possono migliorare in modo significativo l&#039;integrit\u00e0 operativa, la reputazione sul mercato e il successo strategico di un&#039;azienda. Ecco alcuni dei principali vantaggi:<\/p>\n\n\n\n<ul class=\"wp-block-list\">\n<li><strong>Gestione del rischio migliorata:<\/strong> <a href=\"https:\/\/www.sisinternational.com\/it\/soluzioni\/consulenza-strategica\/\" title=\"Consulenza strategica\"  data-wpil-monitor-id=\"10610\">Consultants provide the tools and strategies<\/a> needed to strengthen risk management frameworks, safeguarding the organization&#8217;s assets and reputation.<\/li>\n\n\n\n<li><strong>Maggiore trasparenza e responsabilit\u00e0:<\/strong> I servizi di consulenza aiutano a stabilire strutture e processi di governance chiari che promuovano la trasparenza e la responsabilit\u00e0.<\/li>\n\n\n\n<li><a href=\"https:\/\/www.sisinternational.com\/it\/soluzioni\/e-la-crescita-globale\/consulenza-sulla-pianificazione-strategica\/\" title=\"Consulenza sulla pianificazione strategica\"  data-wpil-monitor-id=\"10621\">Strategic Alignment and Performance: This consulting<\/a> ensures that corporate governance frameworks support the organization&#8217;s strategic objectives.<\/li>\n\n\n\n<li><strong>Promuovere la cultura aziendale etica:<\/strong> I consulenti aiutano a incorporare principi etici e una cultura di integrit\u00e0 in tutta l&#039;organizzazione. Questa cultura \u00e8 fondamentale per attrarre e trattenere i talenti, mantenere la fedelt\u00e0 dei clienti e proteggere il marchio.<\/li>\n\n\n\n<li><strong>Miglioramento delle relazioni con le parti interessate:<\/strong> Migliorando i meccanismi di comunicazione e coinvolgimento, questa consulenza favorisce relazioni pi\u00f9 forti con tutte le parti interessate, inclusi investitori, clienti, dipendenti e la comunit\u00e0.<\/li>\n<\/ul>\n\n\n\n<h2 class=\"wp-block-heading\">Chi utilizza la consulenza sulla governance aziendale<\/h2>\n\n\n\n<p>I servizi di consulenza sulla governance aziendale sono ricercati da una vasta gamma di entit\u00e0, ciascuna delle quali riconosce il ruolo fondamentale che una governance efficace gioca nel raggiungimento degli obiettivi strategici, nel garantire la conformit\u00e0 e nel mantenere una reputazione aziendale positiva. Ecco una panoramica di chi in genere si occupa di consulenza sulla governance aziendale e perch\u00e9:<\/p>\n\n\n\n<ul class=\"wp-block-list\">\n<li><strong>Societ\u00e0 quotate in borsa:<\/strong> La consulenza li aiuta a orientarsi in contesti normativi complessi, a soddisfare i requisiti di informativa e a implementare le migliori pratiche nella gestione del consiglio di amministrazione e nella comunicazione con gli azionisti, garantendo trasparenza e responsabilit\u00e0.<\/li>\n\n\n\n<li><strong>Enti privati:<\/strong> Private <a href=\"https:\/\/www.sisinternational.com\/it\/copertura\/le-americhe\/ricerche-di-mercato-nei-caraibi\/societa-di-consulenza-strategica-caraibica\/\" title=\"Societ\u00e0 di consulenza strategica per i Caraibi\"  data-wpil-monitor-id=\"10615\">companies also benefit from consulting<\/a> to streamline operations, manage risks, and prepare for potential public offerings or other significant corporate events.<\/li>\n\n\n\n<li><strong>Imprese a conduzione familiare:<\/strong> Sfide uniche come la pianificazione della successione, le dinamiche familiari e la transizione dei ruoli di leadership rendono la consulenza sulla governance aziendale preziosa per le aziende a conduzione familiare.<\/li>\n\n\n\n<li><strong>Organizzazione no profit:<\/strong> Good governance is crucial for non-profits to maintain donor trust, comply with regulatory requirements, and achieve their mission effectively. Governance <a href=\"https:\/\/www.sisinternational.com\/it\/soluzioni\/consulenza-strategica\/consulenza-per-lo-sviluppo-di-partnership\/\" title=\"Consulenza per lo sviluppo di partnership\"  data-wpil-monitor-id=\"10616\">consultants assist with board development<\/a>, ethical fundraising practices, and strategic planning.<\/li>\n\n\n\n<li><strong>Startup e scale-up:<\/strong> Le imprese emergenti spesso si avvalgono di consulenti in materia di governance aziendale per stabilire solidi quadri di governance fin dall\u2019inizio. Questo investimento iniziale nella governance aiuta ad attrarre investitori, gestire una crescita rapida e gettare le basi per il successo futuro.<\/li>\n\n\n\n<li><strong>Enti governativi e organizzazioni del settore pubblico:<\/strong> Questi gruppi utilizzano la consulenza sulla governance aziendale per migliorare la trasparenza, l\u2019efficienza e la responsabilit\u00e0 nelle loro operazioni, allineandosi alle aspettative pubbliche e agli standard normativi.<\/li>\n\n\n\n<li><strong>Istituzioni finanziarie:<\/strong> Banche, fondi di investimento e compagnie assicurative cercano consulenza sulla governance aziendale per affrontare la conformit\u00e0 normativa, la gestione del rischio e le pratiche di investimento etico, garantendo che soddisfino gli elevati standard previsti nel settore finanziario.<\/li>\n<\/ul>\n\n\n\n<h2 class=\"wp-block-heading\">Quando condurre una consulenza sulla governance aziendale<\/h2>\n\n\n\n<figure class=\"gb-block-image gb-block-image-92bb762b\"><img loading=\"lazy\" decoding=\"async\" width=\"1456\" height=\"816\" class=\"gb-image gb-image-92bb762b\" src=\"https:\/\/www.sisinternational.com\/wp-content\/uploads\/2025\/10\/Corporate-Governance-3.jpg\" alt=\"Ricerca e strategia di mercato internazionale SIS\" title=\"Corporate Governance (3)\" srcset=\"https:\/\/www.sisinternational.com\/wp-content\/uploads\/2025\/10\/Corporate-Governance-3.jpg 1456w, https:\/\/www.sisinternational.com\/wp-content\/uploads\/2025\/10\/Corporate-Governance-3-300x168.jpg 300w, https:\/\/www.sisinternational.com\/wp-content\/uploads\/2025\/10\/Corporate-Governance-3-1024x574.jpg 1024w, https:\/\/www.sisinternational.com\/wp-content\/uploads\/2025\/10\/Corporate-Governance-3-768x430.jpg 768w, https:\/\/www.sisinternational.com\/wp-content\/uploads\/2025\/10\/Corporate-Governance-3-18x10.jpg 18w\" sizes=\"auto, (max-width: 1456px) 100vw, 1456px\"><\/figure>\n\n\n\n<p><\/p>\n\n\n\n<p><a href=\"https:\/\/www.sisinternational.com\/it\/ottimizzazione-dei-siti-web-aziendali-per-il-roi\/\" title=\"Ottimizzazione dei siti Web aziendali per il ROI\"  data-wpil-monitor-id=\"1974\">Corporate governance consulting is a proactive strategy<\/a> organizations should consider under various circumstances to enhance their governance practices and strategic execution. Here are key situations when conducting corporate governance consulting becomes particularly essential:<\/p>\n\n\n\n<ul class=\"wp-block-list\">\n<li><strong>Durante la pianificazione strategica e la ristrutturazione:<\/strong> Quando un&#039;organizzazione sta attraversando una fase di pianificazione o ristrutturazione strategica significativa, la consulenza sulla governance aziendale pu\u00f2 fornire approfondimenti critici per garantire che le strutture di governance supportino la nuova direzione strategica. Ci\u00f2 \u00e8 fondamentale per allineare gli obiettivi organizzativi con le pratiche di governance, garantendo cambiamenti sostenibili ed efficaci.<\/li>\n\n\n\n<li><strong>In risposta alla rapida crescita:<\/strong> Per le aziende in rapida crescita o che pianificano un&#039;espansione, soprattutto in nuovi mercati o regioni, la consulenza sulla governance aziendale aiuta a superare le complessit\u00e0 legate all&#039;espansione. I consulenti possono fornire consulenza sull&#039;adattamento delle strutture di governance per gestire la maggiore complessit\u00e0 e garantire la conformit\u00e0 con diversi ambienti normativi.<\/li>\n\n\n\n<li><strong>A seguito di una fusione o acquisizione:<\/strong> Fusioni e acquisizioni richiedono spesso una revisione approfondita e l&#039;integrazione delle pratiche di governance. La consulenza sulla governance aziendale durante queste transizioni assicura che l&#039;entit\u00e0 combinata adotti le best practice, mantenga la conformit\u00e0 e allinei le strutture di governance con i suoi obiettivi strategici.<\/li>\n\n\n\n<li><strong>Per migliorare l\u2019efficacia del consiglio:<\/strong> Organizations may seek corporate governance consulting to evaluate board composition, roles, and processes, or to implement board development and training programs, enhancing <a href=\"https:\/\/www.sisinternational.com\/it\/the-impact-of-desk-research-on-strategic-decision-making\/\" title=\"The Impact of Desk Research on Strategic Decision-Making\"  data-wpil-monitor-id=\"10618\">strategic oversight and decision-making<\/a>.<\/li>\n\n\n\n<li><strong>In preparazione all\u2019offerta pubblica:<\/strong> La consulenza sulla governance aziendale \u00e8 fondamentale per le aziende private che stanno valutando di quotarsi in borsa, in preparazione alla transizione. I consulenti possono aiutare a stabilire quadri di governance che soddisfino i severi requisiti dei mercati pubblici, rafforzando la fiducia degli investitori e facilitando un&#039;offerta di successo.<\/li>\n<\/ul>\n\n\n\n<h2 class=\"wp-block-heading\">Risultati attesi dalla nostra consulenza sulla governance aziendale<\/h2>\n\n\n\n<p>Investire nella consulenza sulla governance aziendale fornisce le strategie, le strutture e le pratiche necessarie per navigare in modo efficace nel complesso ambiente aziendale di oggi - ed ecco alcuni dei risultati attesi dall&#039;impegno in consulenza sulla governance aziendale di alta qualit\u00e0:<\/p>\n\n\n\n<ul class=\"wp-block-list\">\n<li><strong>Conformit\u00e0 e gestione del rischio migliorate:<\/strong> Framework avanzati di gestione del rischio che identificano, valutano e mitigano in modo proattivo un&#039;ampia gamma di rischi strategici, operativi e reputazionali.<\/li>\n\n\n\n<li><strong>Prestazioni del consiglio di amministrazione rafforzate:<\/strong> Sviluppare e implementare le migliori pratiche nella governance del consiglio, inclusi ruoli e responsabilit\u00e0 chiari, processi di riunione efficaci e formazione e valutazione continue dei membri del consiglio.<\/li>\n\n\n\n<li><strong>Maggiore trasparenza organizzativa:<\/strong> Meccanismi di reporting migliorati che forniscono alle parti interessate informazioni chiare e complete sulle prestazioni dell&#039;azienda, sulle pratiche di governance e sugli sforzi di sostenibilit\u00e0.<\/li>\n\n\n\n<li><strong>Migliore coinvolgimento delle parti interessate:<\/strong> Sviluppo di canali e pratiche di comunicazione che promuovano l\u2019apertura, il dialogo e il rispetto reciproco tra l\u2019organizzazione e i suoi stakeholder.<\/li>\n<\/ul>\n\n\n\n<h2 class=\"wp-block-heading\">L&#039;approccio SIS alla consulenza sulla governance aziendale<\/h2>\n\n\n\n<figure class=\"gb-block-image gb-block-image-b569fe33\"><img loading=\"lazy\" decoding=\"async\" width=\"1456\" height=\"816\" class=\"gb-image gb-image-b569fe33\" src=\"https:\/\/www.sisinternational.com\/wp-content\/uploads\/2025\/10\/Corporate-Governance-1.jpg\" alt=\"Ricerca e strategia di mercato internazionale SIS\" title=\"Corporate Governance (1)\" srcset=\"https:\/\/www.sisinternational.com\/wp-content\/uploads\/2025\/10\/Corporate-Governance-1.jpg 1456w, https:\/\/www.sisinternational.com\/wp-content\/uploads\/2025\/10\/Corporate-Governance-1-300x168.jpg 300w, https:\/\/www.sisinternational.com\/wp-content\/uploads\/2025\/10\/Corporate-Governance-1-1024x574.jpg 1024w, https:\/\/www.sisinternational.com\/wp-content\/uploads\/2025\/10\/Corporate-Governance-1-768x430.jpg 768w, https:\/\/www.sisinternational.com\/wp-content\/uploads\/2025\/10\/Corporate-Governance-1-18x10.jpg 18w\" sizes=\"auto, (max-width: 1456px) 100vw, 1456px\"><\/figure>\n\n\n\n<p><\/p>\n\n\n\n<p>L&#039;approccio SIS alla consulenza sulla governance aziendale si distingue per la sua metodologia completa, su misura e lungimirante. Questo approccio consente alle organizzazioni di raggiungere l\u2019eccellenza nelle pratiche di governance, garantendo che siano ben attrezzate per affrontare le sfide del panorama aziendale moderno e sfruttare le opportunit\u00e0 di crescita e sostenibilit\u00e0. Ecco come si svolge l&#039;approccio SIS:<\/p>\n\n\n\n<ul class=\"wp-block-list\">\n<li><strong>Soluzioni di governance personalizzate:<\/strong> Riconoscendo che ogni organizzazione ha esigenze di governance uniche, gli esperti SIS iniziano con una valutazione approfondita dell&#039;attuale quadro di governance, degli obiettivi strategici e delle aspettative delle parti interessate. Ci\u00f2 consente di allineare direttamente le soluzioni personalizzate agli obiettivi e alle sfide specifici dell&#039;organizzazione.<\/li>\n\n\n\n<li><strong>Framework integrati di rischio e conformit\u00e0:<\/strong> SIS consultants leverage their deep understanding of regulatory landscapes and <a href=\"https:\/\/www.sisinternational.com\/it\/competenza\/industrie\/ricerche-di-mercato-nel-settore-del-design-industriale\/\" title=\"Ricerche di mercato sul design industriale\"  data-wpil-monitor-id=\"10613\">industry best practices to design<\/a> integrated risk management and compliance frameworks. These frameworks ensure that organizations meet current regulatory requirements and are prepared for future changes in the governance landscape.<\/li>\n\n\n\n<li><strong>Sviluppo ed efficacia del consiglio di amministrazione:<\/strong> Uno degli obiettivi principali dell&#039;approccio SIS \u00e8 il miglioramento dell&#039;efficacia del consiglio di amministrazione. Ci\u00f2 include fornire consulenza sulla composizione e la struttura del consiglio, facilitare le valutazioni del consiglio e fornire programmi di formazione e sviluppo per garantire che i membri del consiglio siano pienamente attrezzati per fornire supervisione strategica e leadership.<\/li>\n\n\n\n<li><strong>Governance etica e sostenibile:<\/strong> I consulenti SIS pongono una forte enfasi sulle pratiche di governance etiche e sostenibili. I consulenti lavorano con le organizzazioni per incorporare valori etici e principi di sostenibilit\u00e0 nei loro quadri di governance, promuovendo una cultura di integrit\u00e0 e responsabilit\u00e0 che risuoni con le parti interessate e supporti il successo a lungo termine.<\/li>\n\n\n\n<li><strong>Strategie di coinvolgimento delle parti interessate:<\/strong> Comprendendo l\u2019importanza della fiducia e del coinvolgimento delle parti interessate, l\u2019approccio SIS include lo sviluppo di strategie globali di comunicazione e coinvolgimento delle parti interessate. Queste strategie migliorano la trasparenza, favoriscono il dialogo e costruiscono solide relazioni con azionisti, clienti, dipendenti e la comunit\u00e0 pi\u00f9 ampia.<\/li>\n\n\n\n<li><strong>Supporto e adattamento continui:<\/strong> La governance aziendale richiede un adattamento e un miglioramento continui. Pertanto, SIS fornisce alle organizzazioni supporto, monitoraggio e consulenza continui per garantire che le loro pratiche di governance rimangano efficaci, reattive e allineate con l&#039;evoluzione del business e degli ambienti normativi.<\/li>\n<\/ul>\n\n\n\n<h2 class=\"wp-block-heading\">Opportunit\u00e0 di consulenza in materia di corporate governance per le imprese<\/h2>\n\n\n\n\n\n<p><\/p>\n\n\n\n<p>La consulenza sulla governance aziendale offre diverse opportunit\u00e0 per le aziende che mirano a rafforzare i propri quadri di governance e migliorare la propria performance strategica complessiva. Ecco diverse opportunit\u00e0 che le aziende possono cogliere impegnandosi nella consulenza sulla governance aziendale:<\/p>\n\n\n\n<ul class=\"wp-block-list\">\n<li><strong>Migliorare le competenze e le dinamiche del consiglio di amministrazione:<\/strong> Una delle opportunit\u00e0 chiave risiede nell\u2019ottimizzazione della composizione e della funzionalit\u00e0 del consiglio di amministrazione. I servizi di consulenza possono fornire approfondimenti sulle migliori pratiche per la struttura, la diversit\u00e0 e le dinamiche del consiglio di amministrazione, migliorando significativamente le capacit\u00e0 decisionali e di supervisione.<\/li>\n\n\n\n<li><strong>Promuovere pratiche etiche e sostenibili:<\/strong> As stakeholders increasingly value corporate responsibility and sustainability, businesses have the opportunity to lead in these areas. Corporate governance consulting can guide the integration of ethical considerations and <a href=\"https:\/\/www.sisinternational.com\/it\/strategie-di-sostenibilita-aziendale-un-caso-di-studio-siemens\/\" title=\"Strategie di sostenibilit\u00e0 aziendale: un caso di studio Siemens\"  data-wpil-monitor-id=\"7509\">sustainability goals into corporate strategies<\/a>, enhancing reputation and stakeholder trust.<\/li>\n\n\n\n<li><strong>Prepararsi per le sfide e le opportunit\u00e0 future:<\/strong> Corporate governance consulting can help businesses anticipate and prepare for future challenges and opportunities, ensuring they remain agile and adaptive in a rapidly evolving business environment. This forward-looking approach is vital for <a href=\"https:\/\/www.sisinternational.com\/it\/sviluppare-un-vantaggio-competitivo-sostenibile\/\" title=\"Sviluppare un vantaggio competitivo sostenibile\"  data-wpil-monitor-id=\"10620\">sustaining growth and competitiveness<\/a>.<\/li>\n<\/ul>","protected":false},"excerpt":{"rendered":"<p>La consulenza sulla governance aziendale aiuta le organizzazioni a sviluppare e implementare strutture e pratiche di governance efficaci.<\/p>","protected":false},"author":1,"featured_media":71934,"parent":14567,"menu_order":41,"comment_status":"closed","ping_status":"closed","template":"","meta":{"footnotes":""},"class_list":["post-46559","page","type-page","status-publish","has-post-thumbnail"],"_links":{"self":[{"href":"https:\/\/www.sisinternational.com\/it\/wp-json\/wp\/v2\/pages\/46559","targetHints":{"allow":["GET"]}}],"collection":[{"href":"https:\/\/www.sisinternational.com\/it\/wp-json\/wp\/v2\/pages"}],"about":[{"href":"https:\/\/www.sisinternational.com\/it\/wp-json\/wp\/v2\/types\/page"}],"author":[{"embeddable":true,"href":"https:\/\/www.sisinternational.com\/it\/wp-json\/wp\/v2\/users\/1"}],"replies":[{"embeddable":true,"href":"https:\/\/www.sisinternational.com\/it\/wp-json\/wp\/v2\/comments?post=46559"}],"version-history":[{"count":10,"href":"https:\/\/www.sisinternational.com\/it\/wp-json\/wp\/v2\/pages\/46559\/revisions"}],"predecessor-version":[{"id":81740,"href":"https:\/\/www.sisinternational.com\/it\/wp-json\/wp\/v2\/pages\/46559\/revisions\/81740"}],"up":[{"embeddable":true,"href":"https:\/\/www.sisinternational.com\/it\/wp-json\/wp\/v2\/pages\/14567"}],"wp:featuredmedia":[{"embeddable":true,"href":"https:\/\/www.sisinternational.com\/it\/wp-json\/wp\/v2\/media\/71934"}],"wp:attachment":[{"href":"https:\/\/www.sisinternational.com\/it\/wp-json\/wp\/v2\/media?parent=46559"}],"curies":[{"name":"wp","href":"https:\/\/api.w.org\/{rel}","templated":true}]}}