{"id":46525,"date":"2024-02-28T11:38:31","date_gmt":"2024-02-28T16:38:31","guid":{"rendered":"https:\/\/www.sisinternational.com\/?page_id=46525"},"modified":"2026-01-26T18:50:40","modified_gmt":"2026-01-26T23:50:40","slug":"consulenza-strategica-per-ricerche-di-mercato-in-telemedicina","status":"publish","type":"page","link":"https:\/\/www.sisinternational.com\/it\/soluzioni\/consulenza-strategica\/consulenza-strategica-per-ricerche-di-mercato-in-telemedicina\/","title":{"rendered":"Telehealth Market Consulting"},"content":{"rendered":"<h1 class=\"wp-block-heading\">Telehealth Market Consulting<\/h1>\n\n\n\n<figure class=\"gb-block-image gb-block-image-3b948fc0\"><img loading=\"lazy\" decoding=\"async\" width=\"1456\" height=\"816\" class=\"gb-image gb-image-3b948fc0\" src=\"https:\/\/www.sisinternational.com\/wp-content\/uploads\/2025\/10\/Telehealth-3.jpg\" alt=\"Ricerca e strategia di mercato internazionale SIS\" title=\"Telehealth (3)\" srcset=\"https:\/\/www.sisinternational.com\/wp-content\/uploads\/2025\/10\/Telehealth-3.jpg 1456w, https:\/\/www.sisinternational.com\/wp-content\/uploads\/2025\/10\/Telehealth-3-300x168.jpg 300w, https:\/\/www.sisinternational.com\/wp-content\/uploads\/2025\/10\/Telehealth-3-1024x574.jpg 1024w, https:\/\/www.sisinternational.com\/wp-content\/uploads\/2025\/10\/Telehealth-3-768x430.jpg 768w, https:\/\/www.sisinternational.com\/wp-content\/uploads\/2025\/10\/Telehealth-3-18x10.jpg 18w\" sizes=\"auto, (max-width: 1456px) 100vw, 1456px\"><\/figure>\n\n\n\n<p><\/p>\n\n\n\n<p>In che modo le aziende possono affrontare le complessit\u00e0 della telemedicina in modo efficace per cogliere le opportunit\u00e0 e favorire il successo? Poich\u00e9 la domanda di telemedicina continua a crescere, le aziende possono sfruttare il potere delle ricerche di mercato e della consulenza strategica sulla telemedicina per decifrare le tendenze del mercato e creare strategie su misura in quest\u2019area.<\/p>\n\n\n\n<h2 class=\"wp-block-heading\">Che cos&#039;\u00e8 la ricerca di mercato e la consulenza strategica sulla telemedicina?<\/h2>\n\n\n\n<p>La ricerca di mercato della telemedicina implica un esame meticoloso delle tendenze di mercato del settore della telemedicina, dei comportamenti dei consumatori, del panorama normativo e delle dinamiche competitive. Attraverso analisi basate sui dati e valutazioni di mercato complete, le aziende acquisiscono preziose informazioni sulle opportunit\u00e0 emergenti, sulle potenziali sfide e sul panorama competitivo, consentendo loro di prendere decisioni informate e formulare piani strategici su misura per le loro esigenze e obiettivi specifici.<\/p>\n\n\n\n<p>On the other hand, telehealth strategy <a href=\"https:\/\/www.sisinternational.com\/it\/soluzioni\/consulenza-per-lospitalita-turistica-turistica\/consulenza-marketing-per-ristoranti-sul-tetto\/\" title=\"Consulenza di marketing per ristoranti sul tetto\"  data-wpil-monitor-id=\"4544\">consulting complements market<\/a> research by providing strategic guidance and actionable recommendations to businesses seeking to optimize their telehealth initiatives. Strategy consultants leverage their expertise in telehealth technology, healthcare delivery models, regulatory compliance, and business operations to develop robust strategies that align with clients&#8217; goals, drive sustainable growth, and maintain a competitive edge in the rapidly evolving telehealth market.<\/p>\n\n\n\n<h2 class=\"wp-block-heading\">Importanza delle ricerche di mercato e della consulenza strategica sulla telemedicina<\/h2>\n\n\n\n<p>By conducting thorough telehealth <a href=\"https:\/\/www.sisinternational.com\/it\/soluzioni\/ai-ricerche-di-mercato-e-consulenza-strategica\/consulenza-di-marketing-ai\/\" title=\"Consulenza di marketing sull&#039;intelligenza artificiale\"  data-wpil-monitor-id=\"5044\">market research and strategy consulting<\/a>, businesses gain insights into the evolving telehealth landscape, including emerging trends, competitive dynamics, and regulatory requirements. These insights enable businesses to identify market gaps, assess demand for telehealth services, and understand the needs and preferences of patients and healthcare providers, guiding the development of targeted telehealth strategies that resonate with their target audience.<\/p>\n\n\n\n<p>Secondly, telehealth <a href=\"https:\/\/www.sisinternational.com\/it\/competenza\/industrie\/ricerche-di-mercato-sulla-disabilita\/\" title=\"Disability Market Consulting\"  data-wpil-monitor-id=\"6804\">market research and strategy consulting<\/a> translate market insights into actionable strategies. Strategy consultants collaborate closely with businesses to understand their goals, challenges, and unique circumstances, providing expert guidance and support throughout the strategic planning process. From identifying growth opportunities to mitigating risks and optimizing resource allocation, strategy consulting helps businesses develop robust telehealth strategies aligned with their organizational objectives, regulatory requirements, and market dynamics.<\/p>\n\n\n\n<h2 class=\"wp-block-heading\">In ogni caso, presenta molti altri vantaggi per le imprese, tra cui:<\/h2>\n\n\n\n<figure class=\"gb-block-image gb-block-image-af0458ab\"><img loading=\"lazy\" decoding=\"async\" width=\"1456\" height=\"816\" class=\"gb-image gb-image-af0458ab\" src=\"https:\/\/www.sisinternational.com\/wp-content\/uploads\/2025\/10\/Telehealth-2.jpg\" alt=\"Ricerca e strategia di mercato internazionale SIS\" title=\"Telehealth (2)\" srcset=\"https:\/\/www.sisinternational.com\/wp-content\/uploads\/2025\/10\/Telehealth-2.jpg 1456w, https:\/\/www.sisinternational.com\/wp-content\/uploads\/2025\/10\/Telehealth-2-300x168.jpg 300w, https:\/\/www.sisinternational.com\/wp-content\/uploads\/2025\/10\/Telehealth-2-1024x574.jpg 1024w, https:\/\/www.sisinternational.com\/wp-content\/uploads\/2025\/10\/Telehealth-2-768x430.jpg 768w, https:\/\/www.sisinternational.com\/wp-content\/uploads\/2025\/10\/Telehealth-2-18x10.jpg 18w\" sizes=\"auto, (max-width: 1456px) 100vw, 1456px\"><\/figure>\n\n\n\n<ul class=\"wp-block-list\">\n<li><strong>Pianificazione strategica:<\/strong> <a href=\"https:\/\/www.sisinternational.com\/it\/soluzioni\/consulenza-strategica\/risorsa-strategica\/\" title=\"Consulenza sull&#039;approvvigionamento strategico\"  data-wpil-monitor-id=\"6563\">Telehealth market research and strategy consulting<\/a> provide businesses with expert guidance and support in developing robust telehealth strategies. Consultants collaborate closely with clients to identify growth opportunities, mitigate risks, and optimize resource allocation, ensuring that telehealth initiatives are aligned with organizational objectives and market dynamics.<\/li>\n\n\n\n<li><strong>Vantaggio competitivo:<\/strong> Le aziende possono ottenere un vantaggio competitivo nella telemedicina sfruttando le conoscenze del mercato e le competenze strategiche. Differenziazione strategica, offerte di servizi innovativi e strategie di marketing mirate possono aiutare le aziende a distinguersi dalla concorrenza e ad attrarre pazienti e operatori sanitari.<\/li>\n\n\n\n<li><strong>Conformit\u00e0 normativa:<\/strong> Telehealth <a href=\"https:\/\/www.sisinternational.com\/it\/copertura\/le-americhe\/ricerche-di-mercato-in-america-latina\/consulenza-per-lingresso-nel-mercato-in-brasile\/\" title=\"Consulenza per l&#039;ingresso nel mercato in Brasile\"  data-wpil-monitor-id=\"7074\">market research and strategy consulting<\/a> help businesses navigate the complex regulatory landscape surrounding telehealth, ensuring compliance with applicable laws and regulations. Consultants guide licensure requirements, reimbursement policies, data privacy, and security standards, helping businesses avoid legal pitfalls and mitigate compliance risks.<\/li>\n\n\n\n<li><strong>ROI massimizzato:<\/strong> Le aziende possono massimizzare il ritorno sull&#039;investimento (ROI) delle proprie iniziative di telemedicina investendo in ricerche di mercato e consulenza strategica in materia di telemedicina. La pianificazione strategica, il processo decisionale informato e l&#039;allocazione mirata delle risorse aiutano a ottimizzare l&#039;efficacia e l&#039;efficienza dei programmi di telemedicina, ottenendo risultati positivi e successo a lungo termine.<\/li>\n<\/ul>\n\n\n\n<h2 class=\"wp-block-heading\">Chi utilizza le ricerche di mercato e la consulenza strategica della telemedicina<\/h2>\n\n\n\n<p>Gli operatori sanitari, inclusi ospedali, cliniche e studi privati, sfruttano le ricerche di mercato della telemedicina e la consulenza strategica per espandere la propria offerta di servizi, migliorare l\u2019accesso dei pazienti alle cure e ottimizzare l\u2019efficienza operativa.<\/p>\n\n\n\n<p>Inoltre, le compagnie di assicurazione sanitaria utilizzano ricerche di mercato e consulenza strategica per valutare la fattibilit\u00e0 dei servizi di telemedicina, sviluppare politiche di rimborso e ottimizzare le strategie di gestione della rete. Comprendendo il potenziale risparmio sui costi e i risultati per i pazienti associati alla telemedicina, i contribuenti possono progettare politiche che incentivano l\u2019adozione della telemedicina e migliorino l\u2019accesso alle cure per i propri membri.<\/p>\n\n\n\n<p>Le ricerche di mercato e la consulenza strategica sulla telemedicina sono essenziali per le aziende di tecnologia sanitaria che sviluppano soluzioni di telemedicina. Analizzando le tendenze del mercato e gli scenari competitivi, le aziende tecnologiche possono identificare i bisogni non soddisfatti, sviluppare prodotti innovativi di telemedicina e ottenere un vantaggio competitivo.<\/p>\n\n\n\n<h2 class=\"wp-block-heading\">Fattori critici di successo per una ricerca di mercato e una consulenza strategica di successo nel settore della telemedicina<\/h2>\n\n\n\n<figure class=\"gb-block-image gb-block-image-d1361dbc\"><img loading=\"lazy\" decoding=\"async\" width=\"1456\" height=\"816\" class=\"gb-image gb-image-d1361dbc\" src=\"https:\/\/www.sisinternational.com\/wp-content\/uploads\/2025\/10\/Telehealth-4.jpg\" alt=\"Ricerca e strategia di mercato internazionale SIS\" title=\"Telehealth (4)\" srcset=\"https:\/\/www.sisinternational.com\/wp-content\/uploads\/2025\/10\/Telehealth-4.jpg 1456w, https:\/\/www.sisinternational.com\/wp-content\/uploads\/2025\/10\/Telehealth-4-300x168.jpg 300w, https:\/\/www.sisinternational.com\/wp-content\/uploads\/2025\/10\/Telehealth-4-1024x574.jpg 1024w, https:\/\/www.sisinternational.com\/wp-content\/uploads\/2025\/10\/Telehealth-4-768x430.jpg 768w, https:\/\/www.sisinternational.com\/wp-content\/uploads\/2025\/10\/Telehealth-4-18x10.jpg 18w\" sizes=\"auto, (max-width: 1456px) 100vw, 1456px\"><\/figure>\n\n\n\n<p><\/p>\n\n\n\n<p>Diversi fattori critici di successo contribuiscono all\u2019efficacia e al successo delle ricerche di mercato in telemedicina e delle iniziative di consulenza strategica \u2013 e alcuni dei fattori pi\u00f9 importanti sono i seguenti:<\/p>\n\n\n\n<ul class=\"wp-block-list\">\n<li><strong>Allineamento strategico:<\/strong> Garantire l\u2019allineamento strategico tra le iniziative di telemedicina e gli obiettivi organizzativi \u00e8 fondamentale per il successo. I consulenti strategici lavorano a stretto contatto con i clienti per comprenderne obiettivi, priorit\u00e0 e vincoli, aiutando a sviluppare strategie di telemedicina a sostegno della crescita e della sostenibilit\u00e0 a lungo termine.<\/li>\n\n\n\n<li><strong>Integrazione tecnologica:<\/strong> L\u2019integrazione perfetta delle tecnologie di telemedicina nei sistemi sanitari e nei flussi di lavoro esistenti \u00e8 essenziale per l\u2019adozione e l\u2019usabilit\u00e0. I consulenti tecnologici collaborano con i clienti per valutare le esigenze tecnologiche, selezionare piattaforme appropriate e garantire l&#039;interoperabilit\u00e0 con i sistemi esistenti, ottimizzando l&#039;efficienza e l&#039;efficacia dei programmi di telemedicina.<\/li>\n\n\n\n<li><strong>Valutazione e miglioramento continui:<\/strong> Le iniziative di telemedicina dovrebbero essere regolarmente valutate e perfezionate sulla base di parametri di prestazione, feedback dei pazienti e dinamiche di mercato. Monitorando continuamente i risultati, identificando le aree di miglioramento e adattando le strategie di conseguenza, le aziende possono ottimizzare l\u2019efficacia e l\u2019impatto dei loro programmi di telemedicina nel tempo.<\/li>\n<\/ul>\n\n\n\n<h2 class=\"wp-block-heading\">L&#039;approccio SIS alle ricerche di mercato e alla consulenza strategica della telemedicina<\/h2>\n\n\n\n<p>A <a class=\"wpil_keyword_link\" href=\"https:\/\/www.sisinternational.com\/it\/sis-international-research-celebra-il-30-anniversario\/\"   title=\"La ricerca internazionale SIS celebra il 30\u00b0 anniversario\" data-wpil-keyword-link=\"linked\"  data-wpil-monitor-id=\"610\">Ricerca internazionale SIS<\/a>, our approach to telehealth market research and strategy consulting is committed to delivering actionable insights and strategic guidance that drive tangible results for our clients.<\/p>\n\n\n\n<ul class=\"wp-block-list\">\n<li><strong>Comprensione completa:<\/strong> Iniziamo comprendendo in modo completo gli obiettivi aziendali, le dinamiche di mercato e il panorama competitivo dei nostri clienti. Attraverso consultazioni approfondite e discussioni collaborative, lavoriamo a stretto contatto con i clienti per identificare le loro sfide, opportunit\u00e0 e obiettivi unici nella telemedicina.<\/li>\n\n\n\n<li><strong>Approfondimenti e raccomandazioni strategici:<\/strong> I nostri consulenti e analisti esperti traducono i risultati della ricerca in approfondimenti strategici e raccomandazioni attuabili che guidano le iniziative di telemedicina dei nostri clienti. Che si tratti di identificare opportunit\u00e0 di mercato, ottimizzare le offerte di servizi o sviluppare strategie di go-to-market, forniamo guida pratica e supporto in ogni fase del processo di pianificazione strategica.<\/li>\n\n\n\n<li><strong>Collaborazione continua:<\/strong> Crediamo nella promozione di una partnership collaborativa con i nostri clienti, nel mantenimento di una comunicazione aperta e nel fornire supporto continuo durante tutto il processo di implementazione della strategia di telemedicina. Dal perfezionamento delle strategie basate sull&#039;evoluzione delle dinamiche del mercato al monitoraggio dei parametri di performance e all&#039;adeguamento del percorso secondo necessit\u00e0, rimaniamo pienamente impegnati e impegnati per il successo dei nostri clienti.<\/li>\n\n\n\n<li><strong>Impatto misurabile:<\/strong> Il nostro obiettivo finale \u00e8 fornire un impatto misurabile e risultati tangibili per i nostri clienti. Che si tratti di aumentare il coinvolgimento dei pazienti, migliorare i risultati sanitari o promuovere la crescita dei ricavi, ci impegniamo a fare una differenza significativa nelle iniziative di telemedicina dei nostri clienti e a contribuire al loro successo a lungo termine.<\/li>\n<\/ul>\n\n\n\n<h2 class=\"wp-block-heading\">Opportunit\u00e0 nelle ricerche di mercato della telemedicina e nella consulenza strategica per le imprese<\/h2>\n\n\n\n<figure class=\"gb-block-image gb-block-image-9e55ef27\"><img loading=\"lazy\" decoding=\"async\" width=\"1456\" height=\"816\" class=\"gb-image gb-image-9e55ef27\" src=\"https:\/\/www.sisinternational.com\/wp-content\/uploads\/2025\/10\/Telehealth-1.jpg\" alt=\"Ricerca e strategia di mercato internazionale SIS\" title=\"Telehealth (1)\" srcset=\"https:\/\/www.sisinternational.com\/wp-content\/uploads\/2025\/10\/Telehealth-1.jpg 1456w, https:\/\/www.sisinternational.com\/wp-content\/uploads\/2025\/10\/Telehealth-1-300x168.jpg 300w, https:\/\/www.sisinternational.com\/wp-content\/uploads\/2025\/10\/Telehealth-1-1024x574.jpg 1024w, https:\/\/www.sisinternational.com\/wp-content\/uploads\/2025\/10\/Telehealth-1-768x430.jpg 768w, https:\/\/www.sisinternational.com\/wp-content\/uploads\/2025\/10\/Telehealth-1-18x10.jpg 18w\" sizes=\"auto, (max-width: 1456px) 100vw, 1456px\"><\/figure>\n\n\n\n<p><\/p>\n\n\n\n<p>Le ricerche di mercato e la consulenza strategica sulla telemedicina offrono numerose opportunit\u00e0 per le aziende che desiderano trarre vantaggio dalla crescente domanda di servizi sanitari virtuali.<\/p>\n\n\n\n<ul class=\"wp-block-list\">\n<li><strong>Ampliamento dell&#039;offerta di servizi:<\/strong> Le aziende possono sfruttare la ricerca di mercato della telemedicina per identificare i bisogni insoddisfatti e le tendenze emergenti nel mercato sanitario, consentendo loro di espandere strategicamente la propria offerta di servizi. Comprendendo le preferenze dei pazienti e le dinamiche del mercato, le aziende possono sviluppare soluzioni innovative di telemedicina che colmano le lacune nell\u2019erogazione delle cure e si differenziano dalla concorrenza.<\/li>\n\n\n\n<li><strong>Maggiore coinvolgimento del paziente:<\/strong> La consulenza sulle strategie di telemedicina consente alle aziende di sviluppare strategie di telemedicina incentrate sul paziente che migliorano il coinvolgimento e la soddisfazione dei pazienti. Sfruttando le tecnologie di telemedicina e i canali di comunicazione personalizzati, le aziende possono fornire un comodo accesso alle cure, favorire relazioni continuative tra paziente e fornitore e consentire ai pazienti di gestire attivamente la propria salute.<\/li>\n\n\n\n<li><strong>Risparmi sui costi e miglioramenti dell\u2019efficienza:<\/strong> <a href=\"https:\/\/www.sisinternational.com\/it\/essere-verdi-migliora-la-performance-della-recessione\/\" title=\"Come tagliare i costi nella tua azienda\"  data-wpil-monitor-id=\"7443\">Telehealth market research and strategy consulting<\/a> can help businesses identify opportunities to streamline workflows, reduce overhead costs, and improve operational efficiency. By integrating telehealth into existing care delivery models, businesses can optimize resource utilization, minimize administrative burdens, and achieve cost savings while maintaining high-quality patient care.<\/li>\n<\/ul>\n\n\n\n<p><\/p>","protected":false},"excerpt":{"rendered":"<p>Telehealth market research and Strategy Consulting analyzes the telehealth industry&#8217;s trends, consumers, regulations, and competition.<\/p>","protected":false},"author":1,"featured_media":71995,"parent":14567,"menu_order":38,"comment_status":"closed","ping_status":"closed","template":"","meta":{"footnotes":""},"class_list":["post-46525","page","type-page","status-publish","has-post-thumbnail"],"_links":{"self":[{"href":"https:\/\/www.sisinternational.com\/it\/wp-json\/wp\/v2\/pages\/46525","targetHints":{"allow":["GET"]}}],"collection":[{"href":"https:\/\/www.sisinternational.com\/it\/wp-json\/wp\/v2\/pages"}],"about":[{"href":"https:\/\/www.sisinternational.com\/it\/wp-json\/wp\/v2\/types\/page"}],"author":[{"embeddable":true,"href":"https:\/\/www.sisinternational.com\/it\/wp-json\/wp\/v2\/users\/1"}],"replies":[{"embeddable":true,"href":"https:\/\/www.sisinternational.com\/it\/wp-json\/wp\/v2\/comments?post=46525"}],"version-history":[{"count":14,"href":"https:\/\/www.sisinternational.com\/it\/wp-json\/wp\/v2\/pages\/46525\/revisions"}],"predecessor-version":[{"id":81073,"href":"https:\/\/www.sisinternational.com\/it\/wp-json\/wp\/v2\/pages\/46525\/revisions\/81073"}],"up":[{"embeddable":true,"href":"https:\/\/www.sisinternational.com\/it\/wp-json\/wp\/v2\/pages\/14567"}],"wp:featuredmedia":[{"embeddable":true,"href":"https:\/\/www.sisinternational.com\/it\/wp-json\/wp\/v2\/media\/71995"}],"wp:attachment":[{"href":"https:\/\/www.sisinternational.com\/it\/wp-json\/wp\/v2\/media?parent=46525"}],"curies":[{"name":"wp","href":"https:\/\/api.w.org\/{rel}","templated":true}]}}