{"id":46333,"date":"2024-02-22T19:11:05","date_gmt":"2024-02-23T00:11:05","guid":{"rendered":"https:\/\/www.sisinternational.com\/?page_id=46333"},"modified":"2026-01-26T14:42:05","modified_gmt":"2026-01-26T19:42:05","slug":"ricerche-di-mercato-sul-design-centrato-sullutente","status":"publish","type":"page","link":"https:\/\/www.sisinternational.com\/it\/soluzioni\/consulenza-strategica\/ricerche-di-mercato-sul-design-centrato-sullutente\/","title":{"rendered":"User-Centered Design market Research"},"content":{"rendered":"<h1 class=\"wp-block-heading\">User-Centered Design market Research<\/h1>\n\n\n\n<figure class=\"gb-block-image gb-block-image-74b5cc2f\"><img loading=\"lazy\" decoding=\"async\" width=\"1456\" height=\"816\" class=\"gb-image gb-image-74b5cc2f\" src=\"https:\/\/www.sisinternational.com\/wp-content\/uploads\/2025\/10\/User-Centered-Design-1.jpg\" alt=\"Ricerca e strategia di mercato internazionale SIS\" title=\"User-Centered Design (1)\" srcset=\"https:\/\/www.sisinternational.com\/wp-content\/uploads\/2025\/10\/User-Centered-Design-1.jpg 1456w, https:\/\/www.sisinternational.com\/wp-content\/uploads\/2025\/10\/User-Centered-Design-1-300x168.jpg 300w, https:\/\/www.sisinternational.com\/wp-content\/uploads\/2025\/10\/User-Centered-Design-1-1024x574.jpg 1024w, https:\/\/www.sisinternational.com\/wp-content\/uploads\/2025\/10\/User-Centered-Design-1-768x430.jpg 768w, https:\/\/www.sisinternational.com\/wp-content\/uploads\/2025\/10\/User-Centered-Design-1-18x10.jpg 18w\" sizes=\"auto, (max-width: 1456px) 100vw, 1456px\"><\/figure>\n\n\n\n<p><\/p>\n\n\n\n<p>In un\u2019era in cui l\u2019esperienza dell\u2019utente pu\u00f2 creare o distruggere un prodotto, una domanda \u00e8 fondamentale: quanto conosci i tuoi utenti? La ricerca di mercato sulla progettazione centrata sull&#039;utente (UCD) aiuta a comprendere e affrontare questa domanda, offrendo una tabella di marcia per personalizzare prodotti e servizi che abbiano una profonda risonanza con gli utenti finali.<\/p>\n\n\n\n<h2 class=\"wp-block-heading\">Comprendere le ricerche di mercato sul design centrato sull&#039;utente<\/h2>\n\n\n\n<p>La ricerca di mercato sul design centrato sull&#039;utente si concentra sulla comprensione delle esigenze, dei comportamenti e delle preferenze degli utenti per informare la progettazione e lo sviluppo di prodotti e servizi. Questo tipo di ricerca utilizza una variet\u00e0 di metodologie, tra cui sondaggi, interviste, test di usabilit\u00e0 e osservazioni, per raccogliere informazioni utili sul pubblico di destinazione.<\/p>\n\n\n\n<p>The core objective of user-centered <a href=\"https:\/\/www.sisinternational.com\/it\/competenza\/industrie\/ricerche-di-mercato-nel-settore-del-design-industriale\/\" title=\"Ricerche di mercato sul design industriale\"  data-wpil-monitor-id=\"4145\">design market research<\/a> is to ensure that the end product is functional, intuitive, accessible, and desirable to the user. This way, businesses can create solutions that meet the market&#8217;s demands by prioritizing the user&#8217;s perspective throughout the design process.<\/p>\n\n\n\n<h2 class=\"wp-block-heading\">Importanza delle ricerche di mercato sul design centrato sull&#039;utente<\/h2>\n\n\n\n<p>Le ricerche di mercato UCD forniscono alle aziende informazioni critiche sul mondo degli utenti. Fornisce una comprensione dettagliata dei loro punti critici, delle loro esigenze e del modo in cui interagiscono con i prodotti o servizi esistenti. Questa comprensione \u00e8 fondamentale per identificare opportunit\u00e0 di innovazione e differenziazione in un mercato affollato.<\/p>\n\n\n\n<p>Inoltre, impegnarsi in ricerche di mercato sull\u2019UCD promuove una cultura di empatia all\u2019interno dell\u2019organizzazione. Incoraggia i team ad adottare la prospettiva dell&#039;utente, portando a decisioni di progettazione pi\u00f9 ponderate e inclusive. Questa empatia migliora l&#039;usabilit\u00e0 e l&#039;accessibilit\u00e0 del prodotto, garantendo che si rivolga a un ampio spettro di utenti, compresi quelli con disabilit\u00e0. La natura inclusiva di questa ricerca di mercato contribuisce a creare prodotti che servono un pubblico pi\u00f9 ampio, migliorando la portata e l\u2019impatto del mercato.<\/p>\n\n\n\n<figure class=\"gb-block-image gb-block-image-4681afbb\"><img loading=\"lazy\" decoding=\"async\" width=\"1456\" height=\"816\" class=\"gb-image gb-image-4681afbb\" src=\"https:\/\/www.sisinternational.com\/wp-content\/uploads\/2025\/10\/User-Centered-Design-5.jpg\" alt=\"Ricerca e strategia di mercato internazionale SIS\" title=\"User-Centered Design (5)\" srcset=\"https:\/\/www.sisinternational.com\/wp-content\/uploads\/2025\/10\/User-Centered-Design-5.jpg 1456w, https:\/\/www.sisinternational.com\/wp-content\/uploads\/2025\/10\/User-Centered-Design-5-300x168.jpg 300w, https:\/\/www.sisinternational.com\/wp-content\/uploads\/2025\/10\/User-Centered-Design-5-1024x574.jpg 1024w, https:\/\/www.sisinternational.com\/wp-content\/uploads\/2025\/10\/User-Centered-Design-5-768x430.jpg 768w, https:\/\/www.sisinternational.com\/wp-content\/uploads\/2025\/10\/User-Centered-Design-5-18x10.jpg 18w\" sizes=\"auto, (max-width: 1456px) 100vw, 1456px\"><\/figure>\n\n\n\n<p><\/p>\n\n\n\n<p>Lastly, UCD market research is instrumental in reducing the risk of product failure. By continuously involving users throughout the design and development process, businesses can validate assumptions, refine ideas, and make informed adjustments based on user feedback. This iterative approach minimizes the chances of launching a product that does not meet user expectations, thereby safeguarding investment and resources. However, user-centered <a href=\"https:\/\/www.sisinternational.com\/it\/competenza\/industrie\/ricerche-di-mercato-di-societa-di-design\/\" title=\"Ricerche di mercato per societ\u00e0 di design\"  data-wpil-monitor-id=\"5588\">design market research<\/a> has some other benefits, including:<\/p>\n\n\n\n<ul class=\"wp-block-list\">\n<li><strong>Usabilit\u00e0 del prodotto migliorata:<\/strong> Al centro della ricerca di mercato dell\u2019UCD c\u2019\u00e8 l\u2019obiettivo di migliorare l\u2019usabilit\u00e0 dei prodotti. Comprendendo le esigenze e le sfide specifiche degli utenti, i progettisti possono creare interfacce ed esperienze intuitive e facili da navigare. Questa attenzione all&#039;usabilit\u00e0 aiuta a ridurre la curva di apprendimento dei nuovi utenti e migliora la soddisfazione generale del prodotto.<\/li>\n\n\n\n<li><strong>Maggiore soddisfazione dell&#039;utente:<\/strong> I prodotti progettati con il contributo dell&#039;utente hanno maggiori probabilit\u00e0 di soddisfare o superare le aspettative, portando a livelli pi\u00f9 elevati di soddisfazione dell&#039;utente. Gli utenti soddisfatti sono pi\u00f9 fedeli e hanno maggiori probabilit\u00e0 di diventare sostenitori del prodotto, promuovendolo all\u2019interno delle loro reti. Questo marketing basato sul passaparola pu\u00f2 essere prezioso per la crescita e l\u2019adozione del prodotto.<\/li>\n\n\n\n<li><strong>Costi di sviluppo ridotti:<\/strong> Incorporare la ricerca di mercato UCD nelle prime fasi del processo di sviluppo pu\u00f2 aiutare a identificare in anticipo potenziali problemi e esigenze degli utenti, riducendo la necessit\u00e0 di costose revisioni e riprogettazioni in un secondo momento. Individuando tempestivamente questi problemi, le aziende possono semplificare il processo di sviluppo, risparmiando tempo e risorse.<\/li>\n\n\n\n<li><strong>Vantaggio competitivo:<\/strong> In a crowded marketplace, offering a superior user experience can be a significant differentiator. User-centered <a href=\"https:\/\/www.sisinternational.com\/it\/competenza\/industrie\/ricerche-di-mercato-sulla-progettazione-di-imballaggi\/\" title=\"Ricerche di mercato sulla progettazione di imballaggi\"  data-wpil-monitor-id=\"6180\">design market research<\/a> provides the insights to create products that stand out from the competition by uniquely and effectively addressing user needs.<\/li>\n\n\n\n<li><strong>Accessibilit\u00e0 migliorata:<\/strong> L\u2019attenzione all\u2019UCD incoraggia la progettazione di prodotti accessibili a tutti gli utenti, compresi quelli con disabilit\u00e0. Ci\u00f2 espande la potenziale base di utenti del prodotto e dimostra un impegno verso l&#039;inclusivit\u00e0, che pu\u00f2 migliorare la reputazione e l&#039;attrattiva del marchio.<\/li>\n<\/ul>\n\n\n\n<h2 class=\"wp-block-heading\">Chi utilizza le ricerche di mercato sulla progettazione centrata sull&#039;utente<\/h2>\n\n\n\n<p>User-centered <a href=\"https:\/\/www.sisinternational.com\/it\/soluzioni\/innovazione\/pensiero-progettuale\/\" title=\"Ricerche di mercato sul Design Thinking\"  data-wpil-monitor-id=\"6674\">design market research<\/a> is a versatile tool employed by various stakeholders to inform the development of products, services, and systems that prioritize the user&#8217;s experience. Its main users include:<\/p>\n\n\n\n<ul class=\"wp-block-list\">\n<li><strong>Progettisti e sviluppatori di prodotti:<\/strong> Questi professionisti si affidano alle intuizioni dell&#039;UCD per informare ogni aspetto del processo di progettazione, dal concetto iniziale al prodotto finale. Comprendendo le esigenze, i comportamenti e le preferenze dell&#039;utente, possono creare prodotti che non sono solo funzionali ma anche intuitivi e piacevoli da usare.<\/li>\n\n\n\n<li><strong>Strateghi aziendali:<\/strong> Nelle organizzazioni pi\u00f9 grandi, gli strateghi aziendali utilizzano le ricerche di mercato UCD per guidare le strategie di sviluppo del prodotto, garantendo che le nuove iniziative siano allineate con le esigenze degli utenti e le richieste del mercato. Questa applicazione strategica dell\u2019UCD pu\u00f2 favorire l\u2019innovazione, la differenziazione competitiva e la crescita a lungo termine.<\/li>\n\n\n\n<li><strong>Startup:<\/strong> Le startup, in particolare, trovano un immenso valore nella ricerca di mercato dell\u2019UCD poich\u00e9 consente loro di convalidare idee di business, perfezionare i concetti di prodotto e garantire che le loro risorse limitate siano investite nello sviluppo di soluzioni che soddisfino le reali esigenze degli utenti. Questa attenzione alla progettazione centrata sull&#039;utente pu\u00f2 essere un fattore critico nella capacit\u00e0 di una startup di cambiare rapidamente direzione e trovare un percorso praticabile verso il successo sul mercato.<\/li>\n<\/ul>\n\n\n\n<h2 class=\"wp-block-heading\">L&#039;approccio SIS alle ricerche di mercato sulla progettazione centrata sull&#039;utente<\/h2>\n\n\n\n<figure class=\"gb-block-image gb-block-image-970e202c\"><img loading=\"lazy\" decoding=\"async\" width=\"1456\" height=\"816\" class=\"gb-image gb-image-970e202c\" src=\"https:\/\/www.sisinternational.com\/wp-content\/uploads\/2025\/10\/User-Centered-Design-2.jpg\" alt=\"Ricerca e strategia di mercato internazionale SIS\" title=\"User-Centered Design (2)\" srcset=\"https:\/\/www.sisinternational.com\/wp-content\/uploads\/2025\/10\/User-Centered-Design-2.jpg 1456w, https:\/\/www.sisinternational.com\/wp-content\/uploads\/2025\/10\/User-Centered-Design-2-300x168.jpg 300w, https:\/\/www.sisinternational.com\/wp-content\/uploads\/2025\/10\/User-Centered-Design-2-1024x574.jpg 1024w, https:\/\/www.sisinternational.com\/wp-content\/uploads\/2025\/10\/User-Centered-Design-2-768x430.jpg 768w, https:\/\/www.sisinternational.com\/wp-content\/uploads\/2025\/10\/User-Centered-Design-2-18x10.jpg 18w\" sizes=\"auto, (max-width: 1456px) 100vw, 1456px\"><\/figure>\n\n\n\n<p><\/p>\n\n\n\n<p>The SIS approach to user-centered <a href=\"https:\/\/www.sisinternational.com\/it\/il-ruolo-dello-sviluppo-di-processi-e-sistemi-nel-successo-organizzativo\/\" title=\"Ricerche di mercato sulla progettazione organizzativa\"  data-wpil-monitor-id=\"2924\">design<\/a> market research embodies a comprehensive strategy that prioritizes deep user insights to guide product development and design decisions. This approach is characterized by its meticulous attention to understanding user needs, behaviors, and preferences, ensuring that products and services are innovative and highly aligned with user expectations.<\/p>\n\n\n\n<p>At SIS, we explore the target user&#8217;s environment extensively, employing quantitative and <a class=\"wpil_keyword_link\" href=\"https:\/\/www.sisinternational.com\/it\/soluzioni\/soluzioni-di-ricerca-quantitativa-qualitativa\/\"   title=\"Qualitative &amp; Quantitative Research Solutions\" data-wpil-keyword-link=\"linked\"  data-wpil-monitor-id=\"619\">qualitative research<\/a> methods to gather a broad spectrum of insights. This may include surveys, interviews, focus groups, and ethnographic studies, among other techniques.<\/p>\n\n\n\n<p>Successivamente, gli esperti SIS integrano regolarmente test degli utenti e sessioni di feedback per convalidare ipotesi e perfezionare i progetti. Questo approccio iterativo consente un miglioramento continuo, garantendo che il prodotto finale sia perfettamente calibrato per soddisfare le esigenze degli utenti.<\/p>\n\n\n\n<p>Un altro aspetto chiave dell\u2019approccio SIS \u00e8 il suo focus sulla collaborazione interfunzionale. Riconoscendo che la progettazione centrata sull&#039;utente \u00e8 uno sforzo multidisciplinare, SIS facilita una stretta collaborazione tra designer, sviluppatori, esperti di marketing e strateghi. Questo ambiente collaborativo garantisce che tutte le prospettive siano prese in considerazione e che le opinioni degli utenti siano perfettamente integrate in ogni aspetto del processo di sviluppo del prodotto.<\/p>\n\n\n\n<p>Infine, l\u2019approccio SIS alla ricerca di mercato UCD \u00e8 sostenuto dall\u2019impegno a sfruttare gli strumenti e le tecnologie pi\u00f9 recenti per raccogliere e analizzare i dati degli utenti. Dalle piattaforme di analisi avanzate ai software di test utente all&#039;avanguardia, SIS utilizza una gamma di tecnologie per garantire che le informazioni siano accurate, utilizzabili e in grado di favorire miglioramenti significativi nella progettazione del prodotto.<\/p>\n\n\n\n<h2 class=\"wp-block-heading\">Opportunit\u00e0 nelle ricerche di mercato sulla progettazione centrata sull&#039;utente per le aziende<\/h2>\n\n\n\n<figure class=\"gb-block-image gb-block-image-ca451f7c\"><img loading=\"lazy\" decoding=\"async\" width=\"1456\" height=\"816\" class=\"gb-image gb-image-ca451f7c\" src=\"https:\/\/www.sisinternational.com\/wp-content\/uploads\/2025\/10\/User-Centered-Design-3.jpg\" alt=\"Ricerca e strategia di mercato internazionale SIS\" title=\"User-Centered Design (3)\" srcset=\"https:\/\/www.sisinternational.com\/wp-content\/uploads\/2025\/10\/User-Centered-Design-3.jpg 1456w, https:\/\/www.sisinternational.com\/wp-content\/uploads\/2025\/10\/User-Centered-Design-3-300x168.jpg 300w, https:\/\/www.sisinternational.com\/wp-content\/uploads\/2025\/10\/User-Centered-Design-3-1024x574.jpg 1024w, https:\/\/www.sisinternational.com\/wp-content\/uploads\/2025\/10\/User-Centered-Design-3-768x430.jpg 768w, https:\/\/www.sisinternational.com\/wp-content\/uploads\/2025\/10\/User-Centered-Design-3-18x10.jpg 18w\" sizes=\"auto, (max-width: 1456px) 100vw, 1456px\"><\/figure>\n\n\n\n<p><\/p>\n\n\n\n<p>The integration of user-centered <a href=\"https:\/\/www.sisinternational.com\/it\/competenza\/ricerche-di-mercato-per-designer-di-interni-e-decoratori\/\" title=\"Ricerche di mercato su designer e decoratori di interni\"  data-wpil-monitor-id=\"11450\">design market research<\/a> into business strategies presents many opportunities for organizations across all sectors. This approach enhances product development and user experience and opens new avenues for growth, innovation, and competitive differentiation.<\/p>\n\n\n\n<ul class=\"wp-block-list\">\n<li><strong>Innovazione e differenziazione del prodotto:<\/strong> Comprendendo a fondo le esigenze e i comportamenti degli utenti, le aziende possono identificare i bisogni insoddisfatti e le lacune del mercato, promuovendo l\u2019innovazione e creando prodotti che si distinguono. La ricerca di mercato UCD fornisce le informazioni necessarie per sviluppare caratteristiche o funzionalit\u00e0 uniche che possono fungere da elementi chiave di differenziazione in un mercato affollato.<\/li>\n\n\n\n<li><strong>Maggiore fedelt\u00e0 e fidelizzazione degli utenti:<\/strong> I prodotti progettati con l&#039;utente in prima linea entrano in risonanza pi\u00f9 profonda con il pubblico target, portando a una maggiore soddisfazione e fedelt\u00e0. Questa maggiore soddisfazione degli utenti pu\u00f2 tradursi in tassi di fidelizzazione migliori e in una base clienti pi\u00f9 solida.<\/li>\n\n\n\n<li><strong>Percezione del marchio migliorata:<\/strong> L&#039;impegno verso un approccio di progettazione incentrato sull&#039;utente dimostra la dedizione di un&#039;azienda nel soddisfare e superare le aspettative degli utenti. Questo impegno pu\u00f2 migliorare significativamente la percezione del marchio, affermando l\u2019azienda come attenta, facile da usare e incentrata sul cliente agli occhi sia dei clienti attuali che di quelli potenziali.<\/li>\n\n\n\n<li><strong>Processi di sviluppo semplificati:<\/strong> La ricerca di mercato UCD aiuta a identificare potenziali problemi di progettazione e usabilit\u00e0 nelle prime fasi del processo di sviluppo, consentendo aggiustamenti prima che i costi aumentino. Questo intervento tempestivo pu\u00f2 semplificare i flussi di lavoro di sviluppo, ridurre il time-to-market e ridurre al minimo lo spreco di risorse.<\/li>\n\n\n\n<li><strong>Accesso a nuovi mercati:<\/strong> Progettando prodotti accessibili e attraenti per un pubblico pi\u00f9 ampio, compresi quelli con diverse abilit\u00e0 e provenienti da contesti culturali diversi, le aziende possono attingere a nuovi mercati ed espandere la propria portata. La ricerca di mercato dell&#039;UCD \u00e8 determinante per scoprire le diverse esigenze e preferenze di questi potenziali segmenti di utenti.<\/li>\n<\/ul>","protected":false},"excerpt":{"rendered":"<p>Le ricerche di mercato sul design centrato sull&#039;utente si concentrano sulla progettazione di prodotti e servizi comprendendo le esigenze, i comportamenti e le preferenze degli utenti.<\/p>","protected":false},"author":1,"featured_media":71999,"parent":14567,"menu_order":33,"comment_status":"closed","ping_status":"closed","template":"","meta":{"footnotes":""},"class_list":["post-46333","page","type-page","status-publish","has-post-thumbnail"],"_links":{"self":[{"href":"https:\/\/www.sisinternational.com\/it\/wp-json\/wp\/v2\/pages\/46333","targetHints":{"allow":["GET"]}}],"collection":[{"href":"https:\/\/www.sisinternational.com\/it\/wp-json\/wp\/v2\/pages"}],"about":[{"href":"https:\/\/www.sisinternational.com\/it\/wp-json\/wp\/v2\/types\/page"}],"author":[{"embeddable":true,"href":"https:\/\/www.sisinternational.com\/it\/wp-json\/wp\/v2\/users\/1"}],"replies":[{"embeddable":true,"href":"https:\/\/www.sisinternational.com\/it\/wp-json\/wp\/v2\/comments?post=46333"}],"version-history":[{"count":15,"href":"https:\/\/www.sisinternational.com\/it\/wp-json\/wp\/v2\/pages\/46333\/revisions"}],"predecessor-version":[{"id":85064,"href":"https:\/\/www.sisinternational.com\/it\/wp-json\/wp\/v2\/pages\/46333\/revisions\/85064"}],"up":[{"embeddable":true,"href":"https:\/\/www.sisinternational.com\/it\/wp-json\/wp\/v2\/pages\/14567"}],"wp:featuredmedia":[{"embeddable":true,"href":"https:\/\/www.sisinternational.com\/it\/wp-json\/wp\/v2\/media\/71999"}],"wp:attachment":[{"href":"https:\/\/www.sisinternational.com\/it\/wp-json\/wp\/v2\/media?parent=46333"}],"curies":[{"name":"wp","href":"https:\/\/api.w.org\/{rel}","templated":true}]}}