{"id":46321,"date":"2024-02-23T23:06:13","date_gmt":"2024-02-24T04:06:13","guid":{"rendered":"https:\/\/www.sisinternational.com\/?page_id=46321"},"modified":"2026-01-24T14:24:57","modified_gmt":"2026-01-24T19:24:57","slug":"ricerche-di-mercato-sui-circuiti-elettronici","status":"publish","type":"page","link":"https:\/\/www.sisinternational.com\/it\/competenza\/ricerche-di-mercato-sui-circuiti-elettronici\/","title":{"rendered":"Ricerche di mercato sui circuiti elettronici"},"content":{"rendered":"<h1 class=\"wp-block-heading\">Ricerche di mercato sui circuiti elettronici<\/h1>\n\n\n\n<figure class=\"gb-block-image gb-block-image-186c5a61\"><img loading=\"lazy\" decoding=\"async\" width=\"1456\" height=\"816\" class=\"gb-image gb-image-186c5a61\" src=\"https:\/\/www.sisinternational.com\/wp-content\/uploads\/2025\/08\/Electronic-Circuits-4.jpg\" alt=\"Ricerca e strategia di mercato internazionale SIS\" title=\"Electronic Circuits (4)\" srcset=\"https:\/\/www.sisinternational.com\/wp-content\/uploads\/2025\/08\/Electronic-Circuits-4.jpg 1456w, https:\/\/www.sisinternational.com\/wp-content\/uploads\/2025\/08\/Electronic-Circuits-4-300x168.jpg 300w, https:\/\/www.sisinternational.com\/wp-content\/uploads\/2025\/08\/Electronic-Circuits-4-1024x574.jpg 1024w, https:\/\/www.sisinternational.com\/wp-content\/uploads\/2025\/08\/Electronic-Circuits-4-768x430.jpg 768w, https:\/\/www.sisinternational.com\/wp-content\/uploads\/2025\/08\/Electronic-Circuits-4-18x10.jpg 18w\" sizes=\"auto, (max-width: 1456px) 100vw, 1456px\"><\/figure>\n\n\n\n<p><\/p>\n\n\n\n<p>La ricerca di mercato dei circuiti elettronici fornisce preziose informazioni sulle tendenze dei consumatori, sui progressi tecnologici e sulle dinamiche competitive \u2013 e le parti interessate possono sbloccare le chiavi del processo decisionale strategico, dello sviluppo del prodotto e del posizionamento sul mercato, assicurandosi di tenere il passo e guidare la carica tecnologica.<\/p>\n\n\n\n<h2 class=\"wp-block-heading\">Che cos\u2019\u00e8 la ricerca di mercato sui circuiti elettronici?<\/h2>\n\n\n\n<p>La ricerca di mercato sui circuiti elettronici mira a comprendere tutti gli aspetti dei circuiti elettronici, compresa la loro progettazione, produzione, applicazione e distribuzione. Questa ricerca \u00e8 fondamentale per le aziende che operano nel settore dell\u2019elettronica in rapida evoluzione, poich\u00e9 offre approfondimenti sulle tendenze del mercato, sulle richieste dei consumatori e sui progressi tecnologici.<\/p>\n\n\n\n<p>This market research involves collecting and analyzing data related to the electronic circuits industry. It includes studying various types of circuits, such as integrated circuits (ICs), printed circuit boards (PCBs), and semiconductor devices, and their applications across a wide range of <a href=\"https:\/\/www.sisinternational.com\/it\/competenza\/curriculum-di-esperienza\/curriculum-di-esperienza-nel-settore-automobilistico\/\" title=\"Societ\u00e0 di ricerche di mercato nel settore automobilistico\"  data-wpil-monitor-id=\"8200\">industries from consumer electronics to automotive<\/a> and industrial automation.<\/p>\n\n\n\n<p>Furthermore, electronic circuits market research delves into the competitive landscape, identifying key players in the industry, their market shares, and strategies. This <a href=\"https:\/\/www.sisinternational.com\/it\/copertura\/ricerche-di-mercato-asiatiche\/societa-asiatica-di-intelligence-competitiva\/\" title=\"Societ\u00e0 asiatica di intelligence competitiva\"  data-wpil-monitor-id=\"8202\">competitive intelligence is invaluable for companies<\/a> looking to position their products effectively, identify gaps in the market, and understand the barriers to entry for new products or technologies.<\/p>\n\n\n\n<h2 class=\"wp-block-heading\">Perch\u00e9 le aziende hanno bisogno di ricerche di mercato sui circuiti elettronici?<\/h2>\n\n\n\n<figure class=\"gb-block-image gb-block-image-b00869bc\"><img loading=\"lazy\" decoding=\"async\" width=\"1456\" height=\"816\" class=\"gb-image gb-image-b00869bc\" src=\"https:\/\/www.sisinternational.com\/wp-content\/uploads\/2025\/08\/Electronic-Circuits-1.jpg\" alt=\"Ricerca e strategia di mercato internazionale SIS\" title=\"Electronic Circuits (1)\" srcset=\"https:\/\/www.sisinternational.com\/wp-content\/uploads\/2025\/08\/Electronic-Circuits-1.jpg 1456w, https:\/\/www.sisinternational.com\/wp-content\/uploads\/2025\/08\/Electronic-Circuits-1-300x168.jpg 300w, https:\/\/www.sisinternational.com\/wp-content\/uploads\/2025\/08\/Electronic-Circuits-1-1024x574.jpg 1024w, https:\/\/www.sisinternational.com\/wp-content\/uploads\/2025\/08\/Electronic-Circuits-1-768x430.jpg 768w, https:\/\/www.sisinternational.com\/wp-content\/uploads\/2025\/08\/Electronic-Circuits-1-18x10.jpg 18w\" sizes=\"auto, (max-width: 1456px) 100vw, 1456px\"><\/figure>\n\n\n\n<p><\/p>\n\n\n\n<p>The electronic circuits industry is at the forefront of technological innovation, with new developments continually emerging. Electronic circuits market research helps businesses understand these technological trends, enabling them to innovate effectively and develop <a href=\"https:\/\/www.sisinternational.com\/it\/competenza\/curriculum-di-esperienza\/ricerche-di-mercato-sui-prodotti-per-la-cura-personale\/\" title=\"Ricerche di mercato sui prodotti per la cura personale\"  data-wpil-monitor-id=\"8215\">products that align with future market<\/a> demands.<\/p>\n\n\n\n<p>Inoltre, poich\u00e9 i dispositivi elettronici diventano sempre pi\u00f9 parte integrante della vita quotidiana, comprendere le preferenze e le esigenze dei consumatori diventa cruciale. Le ricerche di mercato sui circuiti elettronici forniscono informazioni sulle esigenze dei consumatori in termini di funzionalit\u00e0, prestazioni e affidabilit\u00e0, consentendo alle aziende di personalizzare i propri prodotti per soddisfare tali esigenze.<\/p>\n\n\n\n<p>Inoltre, la ricerca di mercato offre un&#039;analisi approfondita del panorama competitivo, rivelando i punti di forza, di debolezza e le strategie dei concorrenti. Questa intelligenza \u00e8 fondamentale per sviluppare una proposta di valore unica e identificare nicchie di mercato poco servite.<\/p>\n\n\n\n<h2 class=\"wp-block-heading\">Quali sono i vantaggi delle ricerche di mercato sui circuiti elettronici?<\/h2>\n\n\n\n<p>I vantaggi della ricerca di mercato dei circuiti elettronici sono vasti e toccano vari aspetti della strategia aziendale e dell\u2019efficienza operativa come:<\/p>\n\n\n\n<ul class=\"wp-block-list\">\n<li><strong>Sviluppo prodotto migliorato:<\/strong> Insights into consumer needs and technological advancements enable companies to tailor their <a href=\"https:\/\/www.sisinternational.com\/it\/soluzioni\/consulenza-strategica\/ricerca-di-mercato-minima-del-prodotto-praticabile\/\" title=\"Ricerca di mercato sui prodotti minimi validi\"  data-wpil-monitor-id=\"8218\">product offerings to meet market<\/a> demands. This can lead to the development of innovative products that differentiate businesses from their competitors and meet the evolving needs of end-users.<\/li>\n\n\n\n<li><strong>Vantaggio competitivo:<\/strong> Comprendere il panorama competitivo, compresi gli attori chiave, le quote di mercato e le strategie, consente alle aziende di identificare le proprie proposte di valore uniche.<\/li>\n\n\n\n<li><strong>Mitigazione del rischio:<\/strong> Le ricerche di mercato sui circuiti elettronici aiutano a identificare i potenziali rischi associati alle tendenze del mercato, ai cambiamenti normativi e alle interruzioni tecnologiche. Con queste informazioni, le aziende possono sviluppare strategie per mitigare questi rischi, garantendo sostenibilit\u00e0 e crescita a lungo termine.<\/li>\n\n\n\n<li><strong>Espansione del mercato:<\/strong> Per le aziende che desiderano espandersi geograficamente o in nuove linee di prodotti, la ricerca di mercato offre approfondimenti su potenziali mercati, segmenti di clienti e canali di distribuzione.<\/li>\n\n\n\n<li><strong>Opinioni dei clienti:<\/strong> A deep understanding of customer preferences, purchasing behaviors, and satisfaction drivers allows businesses to <a href=\"https:\/\/www.sisinternational.com\/it\/campagna-di-marketing-multicanale\/\" title=\"Ottimizzazione delle strategie di marketing multicanale per una maggiore penetrazione nel mercato\"  data-wpil-monitor-id=\"8204\">enhance their marketing strategies<\/a>, improve customer engagement, and increase loyalty.<\/li>\n\n\n\n<li><strong>Efficienza operativa:<\/strong> Gli approfondimenti derivanti dalle ricerche di mercato sui circuiti elettronici possono anche evidenziare aree di miglioramento operativo, dall&#039;ottimizzazione della catena di fornitura ai processi di produzione. Ci\u00f2 pu\u00f2 portare a riduzioni dei costi, miglioramento dei margini e miglioramento della qualit\u00e0 del prodotto.<\/li>\n<\/ul>\n\n\n\n<h2 class=\"wp-block-heading\">Chi utilizza le ricerche di mercato dei circuiti elettronici<\/h2>\n\n\n\n<p>La ricerca di mercato sui circuiti elettronici \u00e8 una risorsa vitale per varie parti interessate del settore elettronico. Le sue intuizioni e scoperte sono fondamentali per varie entit\u00e0, che vanno dai produttori e fornitori agli investitori e ai politici, ciascuno dei quali utilizza i dati per informare decisioni, strategie e politiche.<\/p>\n\n\n\n<ul class=\"wp-block-list\">\n<li><strong>Produttori di circuiti e componenti elettronici:<\/strong> I produttori si affidano alle ricerche di mercato dei circuiti elettronici per comprendere le attuali richieste del mercato, le tendenze tecnologiche e i panorami competitivi. Queste informazioni consentono loro di sviluppare nuovi prodotti, migliorare le offerte esistenti e definire strategie di ingresso nel mercato per le innovazioni, garantendo che soddisfino in modo efficace le esigenze degli utenti finali.<\/li>\n\n\n\n<li><strong>Fornitori e Distributori:<\/strong> Fornitori e distributori di circuiti elettronici e relativi componenti utilizzano le ricerche di mercato dei circuiti elettronici per allineare il proprio inventario, le strategie di vendita e le reti di distribuzione alle attuali richieste del mercato.<\/li>\n\n\n\n<li><strong>Sviluppatori e innovatori tecnologici:<\/strong> Le entit\u00e0 focalizzate sullo sviluppo di nuove tecnologie e innovazioni nel settore elettronico si affidano alla ricerca di mercato per guidare i loro sforzi di ricerca e sviluppo. Gli approfondimenti sulle tendenze emergenti, sui bisogni insoddisfatti e sulle potenziali scoperte tecnologiche li aiutano a concentrare i loro progetti di sviluppo sulle aree di impatto e di adozione con il potenziale pi\u00f9 elevato.<\/li>\n\n\n\n<li><strong>Investitori e Analisti Finanziari:<\/strong> Gli investitori e gli analisti finanziari interessati al settore dell&#039;elettronica utilizzano le ricerche di mercato dei circuiti elettronici per identificare opportunit\u00e0 promettenti, valutare la fattibilit\u00e0 degli investimenti e comprendere le dinamiche del mercato.<\/li>\n<\/ul>\n\n\n\n<h2 class=\"wp-block-heading\">Quando condurre ricerche di mercato sui circuiti elettronici<\/h2>\n\n\n\n<figure class=\"gb-block-image gb-block-image-22142b42\"><img loading=\"lazy\" decoding=\"async\" width=\"1456\" height=\"816\" class=\"gb-image gb-image-22142b42\" src=\"https:\/\/www.sisinternational.com\/wp-content\/uploads\/2025\/08\/Electronic-Circuits-3.jpg\" alt=\"Ricerca e strategia di mercato internazionale SIS\" title=\"Electronic Circuits (3)\" srcset=\"https:\/\/www.sisinternational.com\/wp-content\/uploads\/2025\/08\/Electronic-Circuits-3.jpg 1456w, https:\/\/www.sisinternational.com\/wp-content\/uploads\/2025\/08\/Electronic-Circuits-3-300x168.jpg 300w, https:\/\/www.sisinternational.com\/wp-content\/uploads\/2025\/08\/Electronic-Circuits-3-1024x574.jpg 1024w, https:\/\/www.sisinternational.com\/wp-content\/uploads\/2025\/08\/Electronic-Circuits-3-768x430.jpg 768w, https:\/\/www.sisinternational.com\/wp-content\/uploads\/2025\/08\/Electronic-Circuits-3-18x10.jpg 18w\" sizes=\"auto, (max-width: 1456px) 100vw, 1456px\"><\/figure>\n\n\n\n<p><\/p>\n\n\n\n<p>Recognizing the critical <a href=\"https:\/\/www.sisinternational.com\/it\/momenti-della-verita-ricerche-di-mercato\/\" title=\"Ricerca di mercato sui momenti della verit\u00e0\"  data-wpil-monitor-id=\"986\">moments to invest in market research<\/a> can amplify its benefits, guiding product innovation, market-entry, and competitive strategy with timely, actionable insights.<\/p>\n\n\n\n<ul class=\"wp-block-list\">\n<li><strong>Sviluppo pre-prodotto: <\/strong>Prima di sviluppare un nuovo circuito elettronico o una nuova linea di prodotti, condurre ricerche di mercato sui circuiti elettronici pu\u00f2 scoprire esigenze non soddisfatte, tendenze emergenti e progressi tecnologici. Questa intuizione iniziale garantisce che gli sforzi di sviluppo del prodotto siano allineati con le richieste del mercato, massimizzando il potenziale successo.<\/li>\n\n\n\n<li><strong>Prima dell\u2019ingresso o dell\u2019espansione nel mercato: <\/strong>Market research is critical before entering a new market or expanding within an existing one. It provides a comprehensive understanding of local market conditions, consumer preferences, and regulatory landscapes, facilitating successful <a href=\"https:\/\/www.sisinternational.com\/it\/soluzioni\/e-la-crescita-globale\/strategia-di-ingresso-nel-mercato\/\" title=\"Consulenza per l&#039;ingresso nel mercato\"  data-wpil-monitor-id=\"8198\">strategie di ingresso nel mercato<\/a> and minimizing risks.<\/li>\n\n\n\n<li><strong>Durante la pianificazione strategica: <\/strong>Le sessioni di pianificazione strategica traggono grandi vantaggi dalle ricerche di mercato aggiornate sui circuiti elettronici, fornendo una base per la definizione di obiettivi e strategie realistici. Approfondimenti sulle dimensioni del mercato, sulle prospettive di crescita e sulle dinamiche competitive informano la pianificazione a lungo termine e l\u2019allocazione delle risorse.<\/li>\n\n\n\n<li><strong>In risposta ai cambiamenti competitivi: <\/strong>Quando i concorrenti introducono nuovi prodotti, tecnologie o entrano in nuovi mercati, condurre ricerche di mercato sui circuiti elettronici pu\u00f2 aiutare le aziende a comprendere le implicazioni di questi cambiamenti e a elaborare strategie di conseguenza.<\/li>\n<\/ul>\n\n\n\n<h2 class=\"wp-block-heading\">Principali attori nel mercato dei circuiti elettronici<\/h2>\n\n\n\n<p>Il panorama del mercato dei circuiti elettronici \u00e8 modellato da alcuni marchi dominanti che sono riusciti a conquistare quote di mercato significative attraverso l\u2019innovazione continua, il marketing strategico e una profonda comprensione delle esigenze dei consumatori e dell\u2019industria.<\/p>\n\n\n\n<ul class=\"wp-block-list\">\n<li><strong>Intel Corporation:<\/strong> Intel svolge un ruolo fondamentale nel mercato dei circuiti elettronici, in particolare nei segmenti dei computer e dei server. Le innovazioni Intel nella tecnologia dei processori hanno fissato gli standard del settore e continuano a promuovere progressi nelle prestazioni informatiche e nell&#039;efficienza energetica.<\/li>\n\n\n\n<li><strong>Elettronica Samsung:<\/strong> Samsung \u00e8 uno dei principali attori nel mercato dei circuiti elettronici, in particolare nei chip di memoria. L&#039;impegno dell&#039;azienda in ricerca e sviluppo l&#039;ha posizionata come leader nei mercati dello storage e del mobile computing.<\/li>\n\n\n\n<li><strong>Qualcomm incorporata:<\/strong> Specializzata in semiconduttori e apparecchiature per telecomunicazioni, Qualcomm \u00e8 nota soprattutto per i suoi processori Snapdragon e i chip modem, che sono parte integrante del mercato delle comunicazioni mobili. Le innovazioni di Qualcomm nella tecnologia 5G l&#039;hanno affermata come attore chiave nella prossima generazione di reti mobili.<\/li>\n\n\n\n<li><strong>Societ\u00e0 NVIDIA:<\/strong> In qualit\u00e0 di leader nelle unit\u00e0 di elaborazione grafica (GPU), NVIDIA ha ampliato la propria attenzione per includere l&#039;intelligenza artificiale e il deep learning, i veicoli autonomi e le tecnologie dei data center. Le GPU NVIDIA sono fondamentali per le applicazioni di calcolo ad alte prestazioni, favorendo i progressi nei giochi, nella visualizzazione professionale e nell&#039;intelligenza artificiale.<\/li>\n<\/ul>\n\n\n\n<h2 class=\"wp-block-heading\">Opportunit\u00e0 nel mercato dei circuiti elettronici<\/h2>\n\n\n\n<figure class=\"gb-block-image gb-block-image-4bfcfade\"><img loading=\"lazy\" decoding=\"async\" width=\"1456\" height=\"816\" class=\"gb-image gb-image-4bfcfade\" src=\"https:\/\/www.sisinternational.com\/wp-content\/uploads\/2025\/08\/Electronic-Circuits-2.jpg\" alt=\"Ricerca e strategia di mercato internazionale SIS\" title=\"Electronic Circuits (2)\" srcset=\"https:\/\/www.sisinternational.com\/wp-content\/uploads\/2025\/08\/Electronic-Circuits-2.jpg 1456w, https:\/\/www.sisinternational.com\/wp-content\/uploads\/2025\/08\/Electronic-Circuits-2-300x168.jpg 300w, https:\/\/www.sisinternational.com\/wp-content\/uploads\/2025\/08\/Electronic-Circuits-2-1024x574.jpg 1024w, https:\/\/www.sisinternational.com\/wp-content\/uploads\/2025\/08\/Electronic-Circuits-2-768x430.jpg 768w, https:\/\/www.sisinternational.com\/wp-content\/uploads\/2025\/08\/Electronic-Circuits-2-18x10.jpg 18w\" sizes=\"auto, (max-width: 1456px) 100vw, 1456px\"><\/figure>\n\n\n\n<p><\/p>\n\n\n\n<p>Con l\u2019evoluzione delle industrie e delle tecnologie, il mercato dei circuiti elettronici continua a offrire nuove strade per la crescita, l\u2019innovazione e gli investimenti strategici \u2013 e le aziende possono sfruttare queste opportunit\u00e0 per espandere la propria presenza sul mercato e promuovere il progresso tecnologico.<\/p>\n\n\n\n<ul class=\"wp-block-list\">\n<li><strong>Miniaturizzazione e calcolo ad alte prestazioni:<\/strong> La tendenza in corso verso dispositivi pi\u00f9 piccoli e pi\u00f9 potenti nell&#039;elettronica di consumo, nei dispositivi medici e nelle applicazioni aerospaziali determina la necessit\u00e0 di circuiti elettronici miniaturizzati e ad alte prestazioni. Ci\u00f2 offre opportunit\u00e0 per le aziende specializzate in tecniche e materiali di produzione avanzati che consentono la produzione di circuiti compatti e ad alta densit\u00e0.<\/li>\n\n\n\n<li><strong>Internet delle cose (IoT):<\/strong> The expansion of IoT across sectors such as home automation, industrial control, and smart cities increases the demand for electronic circuits capable of processing, sensing, and communicating data efficiently. Businesses developing and supplying circuits with enhanced connectivity and low power consumption are well-positioned to <a href=\"https:\/\/www.sisinternational.com\/it\/soluzioni\/ricerca-di-consulenza-strategica-fintech\/ricerche-di-mercato-sui-mercati-dei-capitali\/\" title=\"Ricerche di mercato sui mercati dei capitali\"  data-wpil-monitor-id=\"8212\">capitalize on this growing market<\/a>.<\/li>\n\n\n\n<li><strong>Tecnologia indossabile:<\/strong> La crescente popolarit\u00e0 dei dispositivi indossabili per il monitoraggio della salute, il monitoraggio del fitness e l\u2019intrattenimento personale apre nuovi mercati per circuiti elettronici flessibili e leggeri.<\/li>\n\n\n\n<li><strong>Elettronica automobilistica:<\/strong> IL <a href=\"https:\/\/www.sisinternational.com\/it\/competenza\/industrie\/ricerche-di-mercato-automobilistiche\/ricerca-sui-consumatori-di-veicoli-elettrici\/\" title=\"Perch\u00e9 la ricerca sui consumatori nel settore automobilistico \u00e8 cos\u00ec importante oggi, con il futuro dei veicoli elettrici\"  data-wpil-monitor-id=\"8206\">automotive industry&#8217;s shift towards electric vehicles<\/a> (EVs) and autonomous driving technologies fuels the demand for advanced electronic circuits. Opportunities exist for businesses developing circuits that support battery management systems, sensor processing, and vehicle-to-everything (V2X) communication.<\/li>\n\n\n\n<li><strong>Sistemi di energia rinnovabile:<\/strong> Mentre l\u2019economia globale si sposta verso fonti di energia rinnovabile, la necessit\u00e0 di circuiti elettronici nei pannelli solari, nelle turbine eoliche e nei sistemi di accumulo dell\u2019energia presenta opportunit\u00e0 significative. Le aziende che offrono soluzioni per la conversione dell\u2019energia, la gestione dell\u2019energia e sistemi di controllo efficienti possono attingere a questo mercato in espansione.<\/li>\n<\/ul>","protected":false},"excerpt":{"rendered":"<p>La ricerca di mercato sui circuiti elettronici mira a comprendere i circuiti elettronici, la loro progettazione, produzione, applicazione e distribuzione.<\/p>","protected":false},"author":1,"featured_media":64799,"parent":14514,"menu_order":411,"comment_status":"closed","ping_status":"closed","template":"","meta":{"footnotes":""},"class_list":["post-46321","page","type-page","status-publish","has-post-thumbnail"],"_links":{"self":[{"href":"https:\/\/www.sisinternational.com\/it\/wp-json\/wp\/v2\/pages\/46321","targetHints":{"allow":["GET"]}}],"collection":[{"href":"https:\/\/www.sisinternational.com\/it\/wp-json\/wp\/v2\/pages"}],"about":[{"href":"https:\/\/www.sisinternational.com\/it\/wp-json\/wp\/v2\/types\/page"}],"author":[{"embeddable":true,"href":"https:\/\/www.sisinternational.com\/it\/wp-json\/wp\/v2\/users\/1"}],"replies":[{"embeddable":true,"href":"https:\/\/www.sisinternational.com\/it\/wp-json\/wp\/v2\/comments?post=46321"}],"version-history":[{"count":9,"href":"https:\/\/www.sisinternational.com\/it\/wp-json\/wp\/v2\/pages\/46321\/revisions"}],"predecessor-version":[{"id":81379,"href":"https:\/\/www.sisinternational.com\/it\/wp-json\/wp\/v2\/pages\/46321\/revisions\/81379"}],"up":[{"embeddable":true,"href":"https:\/\/www.sisinternational.com\/it\/wp-json\/wp\/v2\/pages\/14514"}],"wp:featuredmedia":[{"embeddable":true,"href":"https:\/\/www.sisinternational.com\/it\/wp-json\/wp\/v2\/media\/64799"}],"wp:attachment":[{"href":"https:\/\/www.sisinternational.com\/it\/wp-json\/wp\/v2\/media?parent=46321"}],"curies":[{"name":"wp","href":"https:\/\/api.w.org\/{rel}","templated":true}]}}