{"id":46233,"date":"2024-02-22T14:19:50","date_gmt":"2024-02-22T19:19:50","guid":{"rendered":"https:\/\/www.sisinternational.com\/?page_id=46233"},"modified":"2026-01-26T17:28:50","modified_gmt":"2026-01-26T22:28:50","slug":"ricerche-di-mercato-sui-pagamenti","status":"publish","type":"page","link":"https:\/\/www.sisinternational.com\/it\/soluzioni\/ricerca-di-consulenza-strategica-fintech\/ricerche-di-mercato-sui-pagamenti\/","title":{"rendered":"Ricerche di mercato sui pagamenti"},"content":{"rendered":"<h1 class=\"wp-block-heading\">Ricerche di mercato sui pagamenti<\/h1>\n\n\n\n<figure class=\"gb-block-image gb-block-image-08d38003\"><img loading=\"lazy\" decoding=\"async\" width=\"1456\" height=\"816\" class=\"gb-image gb-image-08d38003\" src=\"https:\/\/www.sisinternational.com\/wp-content\/uploads\/2025\/10\/Peer-to-Peer-Payments-4.jpg\" alt=\"Ricerca e strategia di mercato internazionale SIS\" title=\"Peer-to-Peer Payments (4)\" srcset=\"https:\/\/www.sisinternational.com\/wp-content\/uploads\/2025\/10\/Peer-to-Peer-Payments-4.jpg 1456w, https:\/\/www.sisinternational.com\/wp-content\/uploads\/2025\/10\/Peer-to-Peer-Payments-4-300x168.jpg 300w, https:\/\/www.sisinternational.com\/wp-content\/uploads\/2025\/10\/Peer-to-Peer-Payments-4-1024x574.jpg 1024w, https:\/\/www.sisinternational.com\/wp-content\/uploads\/2025\/10\/Peer-to-Peer-Payments-4-768x430.jpg 768w, https:\/\/www.sisinternational.com\/wp-content\/uploads\/2025\/10\/Peer-to-Peer-Payments-4-18x10.jpg 18w\" sizes=\"auto, (max-width: 1456px) 100vw, 1456px\"><\/figure>\n\n\n\n<p><\/p>\n\n\n\n<hr class=\"wp-block-separator has-alpha-channel-opacity\"\/>\n\n\n\n<p>La ricerca di mercato dei pagamenti esamina il panorama attuale in cui la valuta tradizionale incontra innovazioni fintech futuristiche, creando un ecosistema dinamico di transazioni. Pertanto, mentre aziende e consumatori affrontano le complessit\u00e0 delle tecnologie di pagamento emergenti, comprendere le correnti che guidano questo mercato \u00e8 essenziale per rimanere a galla e prosperare.<\/p>\n\n\n\n<h2 class=\"wp-block-heading\">Cos\u2019\u00e8 la ricerca di mercato sui pagamenti?<\/h2>\n\n\n\n<p>La ricerca di mercato sui pagamenti \u00e8 un&#039;analisi completa di come vengono condotte le transazioni tra acquirenti e venditori, concentrandosi sull&#039;evoluzione dei metodi di pagamento. Questa ricerca \u00e8 fondamentale per le aziende che desiderano affrontare le complessit\u00e0 del settore dei pagamenti, offrendo approfondimenti sulle preferenze dei consumatori, sulle tendenze tecnologiche, sui cambiamenti normativi e sui panorami competitivi.<\/p>\n\n\n\n<h2 class=\"wp-block-heading\">Perch\u00e9 le aziende hanno bisogno di ricerche di mercato sui pagamenti<\/h2>\n\n\n\n<p>Le ricerche di mercato sui pagamenti forniscono informazioni sulle preferenze dei consumatori, aiutando le aziende ad adattare le proprie opzioni di pagamento per soddisfare le richieste dei consumatori e migliorare l&#039;esperienza del cliente. Aiuta inoltre le aziende a rimanere informate sui cambiamenti normativi, garantendo la conformit\u00e0 ed evitando potenziali sanzioni legali e finanziarie.<\/p>\n\n\n\n<p>Inoltre, il rapido ritmo dell\u2019innovazione tecnologica nel settore dei pagamenti offre alle aziende opportunit\u00e0 per migliorare l\u2019efficienza, la sicurezza e la soddisfazione del cliente. Le ricerche di mercato dei pagamenti identificano queste tendenze tecnologiche, dalla blockchain e criptovaluta ai portafogli mobili e ai pagamenti contactless, consentendo alle aziende di integrare tecnologie all\u2019avanguardia nei loro processi di pagamento.<\/p>\n\n\n\n<p>Furthermore, understanding the payment landscape is crucial for businesses looking to expand or enter new markets. Market research provides data on market size, growth projections, and emerging opportunities, guiding strategic planning and investment decisions to capitalize on growth trends in the payments sector.<\/p>\n\n\n\n<h2 class=\"wp-block-heading\">Vantaggi delle ricerche di mercato sui pagamenti<\/h2>\n\n\n\n<figure class=\"gb-block-image gb-block-image-52a64df1\"><img loading=\"lazy\" decoding=\"async\" width=\"1456\" height=\"816\" class=\"gb-image gb-image-52a64df1\" src=\"https:\/\/www.sisinternational.com\/wp-content\/uploads\/2025\/10\/Payments-FinTech-3.jpg\" alt=\"Ricerca e strategia di mercato internazionale SIS\" title=\"Payments FinTech (3)\" srcset=\"https:\/\/www.sisinternational.com\/wp-content\/uploads\/2025\/10\/Payments-FinTech-3.jpg 1456w, https:\/\/www.sisinternational.com\/wp-content\/uploads\/2025\/10\/Payments-FinTech-3-300x168.jpg 300w, https:\/\/www.sisinternational.com\/wp-content\/uploads\/2025\/10\/Payments-FinTech-3-1024x574.jpg 1024w, https:\/\/www.sisinternational.com\/wp-content\/uploads\/2025\/10\/Payments-FinTech-3-768x430.jpg 768w, https:\/\/www.sisinternational.com\/wp-content\/uploads\/2025\/10\/Payments-FinTech-3-18x10.jpg 18w\" sizes=\"auto, (max-width: 1456px) 100vw, 1456px\"><\/figure>\n\n\n\n<p><\/p>\n\n\n\n<p>L\u2019impegno nella ricerca di mercato dei pagamenti fornisce alle aziende le conoscenze necessarie per affrontare le complessit\u00e0 dell\u2019ecosistema dei pagamenti, innovare in modo efficace e migliorare il proprio posizionamento competitivo.<\/p>\n\n\n\n<ul class=\"wp-block-list\">\n<li><strong>Maggiore vantaggio competitivo:<\/strong> Acquisire informazioni dettagliate sul panorama competitivo consente alle aziende di identificare le proprie proposte di valore uniche e sviluppare strategie che sfruttano le lacune del mercato.<\/li>\n\n\n\n<li><strong>Adattamento alle preferenze del consumatore:<\/strong> Gli approfondimenti sulle preferenze di pagamento dei consumatori consentono alle aziende di personalizzare le proprie opzioni di pagamento per soddisfare le aspettative dei clienti.<\/li>\n\n\n\n<li><strong>Mitigazione del rischio:<\/strong> Payments <a href=\"https:\/\/www.sisinternational.com\/it\/competenza\/industrie\/ricerche-di-mercato-sulla-sicurezza\/\" title=\"Ricerche di mercato sulla sicurezza\"  data-wpil-monitor-id=\"6534\">market research identifies potential security<\/a> threats and compliance issues associated with different payment methods.<\/li>\n\n\n\n<li><strong>Efficienza operativa:<\/strong> Comprendere le pi\u00f9 recenti tecnologie e pratiche di elaborazione dei pagamenti pu\u00f2 portare le aziende ad adottare soluzioni pi\u00f9 efficienti ed economicamente vantaggiose.<\/li>\n\n\n\n<li><strong>Opportunit\u00e0 di espansione del mercato:<\/strong> Le ricerche di mercato sui pagamenti forniscono approfondimenti sulle preferenze e sui comportamenti di pagamento in diverse regioni o settori per le aziende che desiderano entrare in nuovi mercati o espandere la propria base di clienti.<\/li>\n<\/ul>\n\n\n\n<h2 class=\"wp-block-heading\">Risultati attesi dalle nostre ricerche di mercato sui pagamenti<\/h2>\n\n\n\n<p>Le aziende possono anticipare diversi risultati trasformativi quando investono in ricerche di mercato complete sui pagamenti. Questi approfondimenti forniscono un\u2019istantanea dell\u2019attuale panorama del mercato e illuminano percorsi di crescita, innovazione e migliore fornitura di servizi nel settore dei pagamenti.<\/p>\n\n\n\n<ul class=\"wp-block-list\">\n<li><strong>Comprensione completa del mercato:<\/strong> Le aziende ottengono una panoramica approfondita del mercato dei pagamenti, comprese le sue dimensioni, i trend di crescita, gli approfondimenti demografici e il contesto normativo.<\/li>\n\n\n\n<li><strong>Approfondimenti sul comportamento dei consumatori:<\/strong> La ricerca di mercato sui pagamenti fornisce approfondimenti dettagliati sulle preferenze, i comportamenti e le aspettative di pagamento dei consumatori. Queste informazioni consentono alle aziende di personalizzare le proprie soluzioni di pagamento per soddisfare le richieste del mercato, migliorando l\u2019esperienza del cliente e aumentando i tassi di conversione delle transazioni.<\/li>\n\n\n\n<li><strong>Identificazione delle opportunit\u00e0 di crescita:<\/strong> Gli approfondimenti sulle tendenze emergenti, sui progressi tecnologici e sui mercati non sfruttati evidenziano potenziali aree di innovazione ed espansione. Le aziende possono sfruttare queste informazioni per introdurre nuove soluzioni di pagamento, entrare in nuovi mercati o espandere la propria offerta di servizi.<\/li>\n\n\n\n<li><strong>Strategie di mitigazione del rischio:<\/strong> By identifying potential challenges and shifts in the payments ecosystem, businesses can develop proactive strategies to mitigate these risks.\u00a0<\/li>\n\n\n\n<li><strong>Miglioramenti dell&#039;efficienza operativa:<\/strong> Le ricerche di mercato sui pagamenti possono individuare le aree nell\u2019ambito dell\u2019elaborazione e della gestione dei pagamenti in cui \u00e8 possibile apportare miglioramenti.<\/li>\n<\/ul>\n\n\n\n<h2 class=\"wp-block-heading\">Principali attori nel mercato dei pagamenti<\/h2>\n\n\n\n<p>Essendo la spina dorsale del commercio globale, il mercato dei pagamenti comprende varie societ\u00e0 e organizzazioni, ognuna delle quali svolge un ruolo cruciale nel facilitare le transazioni finanziarie. Comprendere questi attori principali \u00e8 essenziale per chiunque voglia navigare nel mercato dei pagamenti, sia come fornitore di servizi, investitore o consumatore.<\/p>\n\n\n\n<ul class=\"wp-block-list\">\n<li><strong>Processori e reti di pagamento:<\/strong> Aziende come Visa, Mastercard e American Express gestiscono estese reti di pagamento che elaborano miliardi di transazioni ogni anno. Queste reti facilitano lo scambio di informazioni di pagamento tra commercianti, banche ed emittenti di carte, garantendo la sicurezza e l&#039;efficienza delle transazioni basate su carta.<\/li>\n\n\n\n<li><strong>Aziende fintech:<\/strong> Aziende come PayPal, Square e Stripe sono diventate attori chiave nel mercato dei pagamenti, offrendo portafogli digitali, app di pagamento mobile e servizi di elaborazione dei pagamenti che soddisfano le esigenze in evoluzione di consumatori e commercianti.<\/li>\n\n\n\n<li><strong>Giganti della tecnologia:<\/strong> Le aziende tecnologiche, tra cui Apple, Google e Samsung, sono entrate nello spazio dei pagamenti con il loro portafoglio digitale e soluzioni di pagamento mobile, come Apple Pay, Google Wallet e Samsung Pay.<\/li>\n<\/ul>\n\n\n\n<h2 class=\"wp-block-heading\">Tecnologie e strumenti SIS sfrutta le ricerche di mercato dei pagamenti<\/h2>\n\n\n\n<figure class=\"gb-block-image gb-block-image-90fc2e32\"><img loading=\"lazy\" decoding=\"async\" width=\"1456\" height=\"816\" class=\"gb-image gb-image-90fc2e32\" src=\"https:\/\/www.sisinternational.com\/wp-content\/uploads\/2025\/10\/Payments-Market-Research-2.jpg\" alt=\"Ricerca e strategia di mercato internazionale SIS\" title=\"Payments Market Research (2)\" srcset=\"https:\/\/www.sisinternational.com\/wp-content\/uploads\/2025\/10\/Payments-Market-Research-2.jpg 1456w, https:\/\/www.sisinternational.com\/wp-content\/uploads\/2025\/10\/Payments-Market-Research-2-300x168.jpg 300w, https:\/\/www.sisinternational.com\/wp-content\/uploads\/2025\/10\/Payments-Market-Research-2-1024x574.jpg 1024w, https:\/\/www.sisinternational.com\/wp-content\/uploads\/2025\/10\/Payments-Market-Research-2-768x430.jpg 768w, https:\/\/www.sisinternational.com\/wp-content\/uploads\/2025\/10\/Payments-Market-Research-2-18x10.jpg 18w\" sizes=\"auto, (max-width: 1456px) 100vw, 1456px\"><\/figure>\n\n\n\n<p><\/p>\n\n\n\n<p>Quando conduce ricerche di mercato sui pagamenti, SIS utilizza tecnologie avanzate e strumenti analitici per raccogliere, elaborare e analizzare i dati, garantendo una visione completa dell&#039;ecosistema dei pagamenti. Questi strumenti consentono al SIS di decifrare complesse dinamiche di mercato, comportamenti dei consumatori e tendenze tecnologiche, fornendo ai clienti informazioni utili per il processo decisionale strategico.<\/p>\n\n\n\n<ul class=\"wp-block-list\">\n<li><strong>Intelligenza artificiale e apprendimento automatico:<\/strong> AI and machine learning algorithms process vast amounts of unstructured data from social media, news articles, and financial reports.\u00a0<\/li>\n\n\n\n<li><strong>Strumenti di analisi blockchain:<\/strong> Data la crescente importanza delle criptovalute e della tecnologia blockchain nel mercato dei pagamenti, SIS sfrutta gli strumenti di analisi blockchain per tenere traccia dei volumi delle transazioni, degli indirizzi dei portafogli e dei movimenti dei token. Ci\u00f2 fornisce informazioni sull\u2019adozione e l\u2019utilizzo delle criptovalute come metodo di pagamento.<\/li>\n\n\n\n<li><strong>Strumenti di valutazione della sicurezza informatica:<\/strong> Per valutare il panorama della sicurezza del mercato dei pagamenti, SIS utilizza strumenti di valutazione della sicurezza informatica per analizzare violazioni dei dati, minacce alla sicurezza e conformit\u00e0 agli standard di sicurezza dei dati del settore delle carte di pagamento (PCI DSS).<\/li>\n<\/ul>\n\n\n\n<h2 class=\"wp-block-heading\">L&#039;approccio SIS alle ricerche di mercato dei pagamenti<\/h2>\n\n\n\n<p>A <a href=\"https:\/\/www.linkedin.com\/company\/sisinternationalresearch\/posts\/?feedView=all\" target=\"_blank\" rel=\"noopener\">SIS<\/a>, we leverage our industry expertise and analytical prowess to deliver payments market research that addresses our clients&#8217; unique challenges and opportunities. Our approach is rooted in a commitment to providing strategic value, ensuring our clients can confidently navigate market complexities.<\/p>\n\n\n\n<ul class=\"wp-block-list\">\n<li><strong>Progettazione di ricerca personalizzata:<\/strong> SIS begins with a tailored research design by recognizing each client&#8217;s unique needs and objectives.\u00a0<\/li>\n\n\n\n<li><strong>Raccolta dati completa:<\/strong> SIS employs a holistic data collection strategy, utilizing primary and secondary research methods.\u00a0<\/li>\n\n\n\n<li><strong>Tecniche analitiche avanzate:<\/strong> Utilizzando piattaforme di analisi dei dati e metodi statistici all&#039;avanguardia, analizziamo i dati raccolti per identificare tendenze sottostanti, dinamiche di mercato e preferenze dei consumatori. Il nostro processo analitico \u00e8 progettato per andare oltre le informazioni a livello superficiale, scoprendo le implicazioni strategiche dei movimenti di mercato e dei progressi tecnologici.<\/li>\n\n\n\n<li><strong>Raccomandazioni strategiche:<\/strong> The culmination of our research is a set of strategic recommendations tailored to our clients&#8217; specific context and objectives. These recommendations are actionable, grounded in data, and aimed at guiding decision-making, enhancing market positioning, and driving growth.<\/li>\n\n\n\n<li><strong>Supporto e consulenza continui:<\/strong> We view market research as a continuous process, integral to strategic planning and operational success. SIS provides continuing support and consultation to our clients, helping them adapt to new developments, respond to market shifts, and maintain a competitive edge over time.<\/li>\n<\/ul>\n\n\n\n<h2 class=\"wp-block-heading\">La nostra sede a New York<\/h2>\n\n\n\n<p>  <iframe loading=\"lazy\" src=\"https:\/\/www.google.com\/maps\/embed?pb=!1m18!1m12!1m3!1d3022.976188376966!2d-73.99130312499956!3d40.740549471389315!2m3!1f0!2f0!3f0!3m2!1i1024!2i768!4f13.1!3m3!1m2!1s0x89c259a15798c731%3A0xd695d09bdd495f25!2s11%20E%2022nd%20St%20FL%202%2C%20New%20York%2C%20NY%2010010%2C%20USA!5e0!3m2!1sen!2spe!4v1726171763526!5m2!1sen!2spe\" width=\"600\" height=\"450\" allowfullscreen=\"allowfullscreen\" data-mce-fragment=\"1\"><\/iframe>  <\/p>\n\n\n\n<h3 class=\"wp-block-heading\">11 E 22nd Street, piano 2, New York, NY 10010 T: +1(212) 505-6805<\/h3>\n\n\n\n<hr class=\"wp-block-separator has-alpha-channel-opacity\"\/>\n\n\n\n<h2 class=\"wp-block-heading\"><span style=\"font-weight: 400;\">A proposito di SIS Internazionale<\/span><\/h2>\n\n\n\n<p><a href=\"https:\/\/www.sisinternational.com\/it\/\"><span style=\"font-weight: 400;\">SIS Internazionale<\/span><\/a><span style=\"font-weight: 400;\"> offre ricerca quantitativa, qualitativa e strategica. Forniamo dati, strumenti, strategie, report e approfondimenti per il processo decisionale. Conduciamo anche interviste, sondaggi, focus group e altri metodi e approcci di ricerca di mercato.<\/span><a href=\"https:\/\/www.sisinternational.com\/it\/sulla-sua-ricerca-internazionale\/contact-sis-international-market-research\/\"><span style=\"font-weight: 400;\"> Contattaci<\/span><\/a><span style=\"font-weight: 400;\"> per il tuo prossimo progetto di ricerca di mercato.<\/span><\/p>","protected":false},"excerpt":{"rendered":"<p>La ricerca di mercato sui pagamenti \u00e8 un&#039;analisi completa del modo in cui vengono condotte le transazioni tra acquirenti, venditori e dell&#039;evoluzione dei metodi di pagamento.<\/p>","protected":false},"author":1,"featured_media":71788,"parent":27462,"menu_order":62,"comment_status":"closed","ping_status":"closed","template":"","meta":{"footnotes":""},"class_list":["post-46233","page","type-page","status-publish","has-post-thumbnail"],"_links":{"self":[{"href":"https:\/\/www.sisinternational.com\/it\/wp-json\/wp\/v2\/pages\/46233","targetHints":{"allow":["GET"]}}],"collection":[{"href":"https:\/\/www.sisinternational.com\/it\/wp-json\/wp\/v2\/pages"}],"about":[{"href":"https:\/\/www.sisinternational.com\/it\/wp-json\/wp\/v2\/types\/page"}],"author":[{"embeddable":true,"href":"https:\/\/www.sisinternational.com\/it\/wp-json\/wp\/v2\/users\/1"}],"replies":[{"embeddable":true,"href":"https:\/\/www.sisinternational.com\/it\/wp-json\/wp\/v2\/comments?post=46233"}],"version-history":[{"count":10,"href":"https:\/\/www.sisinternational.com\/it\/wp-json\/wp\/v2\/pages\/46233\/revisions"}],"predecessor-version":[{"id":80117,"href":"https:\/\/www.sisinternational.com\/it\/wp-json\/wp\/v2\/pages\/46233\/revisions\/80117"}],"up":[{"embeddable":true,"href":"https:\/\/www.sisinternational.com\/it\/wp-json\/wp\/v2\/pages\/27462"}],"wp:featuredmedia":[{"embeddable":true,"href":"https:\/\/www.sisinternational.com\/it\/wp-json\/wp\/v2\/media\/71788"}],"wp:attachment":[{"href":"https:\/\/www.sisinternational.com\/it\/wp-json\/wp\/v2\/media?parent=46233"}],"curies":[{"name":"wp","href":"https:\/\/api.w.org\/{rel}","templated":true}]}}