{"id":46213,"date":"2024-02-22T14:18:31","date_gmt":"2024-02-22T19:18:31","guid":{"rendered":"https:\/\/www.sisinternational.com\/?page_id=46213"},"modified":"2026-01-26T17:53:23","modified_gmt":"2026-01-26T22:53:23","slug":"consulenza-fintech-sui-pagamenti","status":"publish","type":"page","link":"https:\/\/www.sisinternational.com\/it\/soluzioni\/ricerca-di-consulenza-strategica-fintech\/consulenza-fintech-sui-pagamenti\/","title":{"rendered":"Consulenza FinTech sui pagamenti"},"content":{"rendered":"<h1 class=\"gb-headline gb-headline-b9275f4e gb-headline-text\">Consulenza FinTech sui pagamenti<\/h1>\n\n\n\n<figure class=\"gb-block-image gb-block-image-ea53cf04\"><img loading=\"lazy\" decoding=\"async\" width=\"1456\" height=\"816\" class=\"gb-image gb-image-ea53cf04\" src=\"https:\/\/www.sisinternational.com\/wp-content\/uploads\/2025\/10\/Payments-FinTech-1.jpg\" alt=\"Ricerca e strategia di mercato internazionale SIS\" title=\"Payments FinTech (1)\" srcset=\"https:\/\/www.sisinternational.com\/wp-content\/uploads\/2025\/10\/Payments-FinTech-1.jpg 1456w, https:\/\/www.sisinternational.com\/wp-content\/uploads\/2025\/10\/Payments-FinTech-1-300x168.jpg 300w, https:\/\/www.sisinternational.com\/wp-content\/uploads\/2025\/10\/Payments-FinTech-1-1024x574.jpg 1024w, https:\/\/www.sisinternational.com\/wp-content\/uploads\/2025\/10\/Payments-FinTech-1-768x430.jpg 768w, https:\/\/www.sisinternational.com\/wp-content\/uploads\/2025\/10\/Payments-FinTech-1-18x10.jpg 18w\" sizes=\"auto, (max-width: 1456px) 100vw, 1456px\"><\/figure>\n\n\n\n<p><\/p>\n\n\n\n<hr class=\"wp-block-separator has-alpha-channel-opacity\"\/>\n\n\n\n<p>Payments FinTech consulting guides businesses through the complexities of digital payments and ensures they leverage the full potential of financial technology. This specialized consulting field doesn&#8217;t merely navigate the present; it anticipates the future, enabling businesses to harness cutting-edge technologies and redefine the consumer payment experience.<\/p>\n\n\n\n<h2 class=\"wp-block-heading\">Comprendere i pagamenti Consulenza FinTech<\/h2>\n\n\n\n<p>Payments FinTech consulting combines financial expertise with technological innovation to transform how businesses manage and process payments. <a href=\"https:\/\/www.sisinternational.com\/it\/soluzioni\/ricerca-di-consulenza-strategica-fintech\/consulenza-sul-caveau-dei-pagamenti\/\" title=\"Consulenza sul caveau dei pagamenti\"  data-wpil-monitor-id=\"4810\">Payments FinTech consulting<\/a> involves analyzing a business\u2019s current payment systems, identifying areas for improvement, and implementing solutions that leverage technologies such as blockchain, mobile payments, and artificial intelligence.<\/p>\n\n\n\n<h2 class=\"wp-block-heading\">Perch\u00e9 le aziende hanno bisogno dei pagamenti Consulenza FinTech<\/h2>\n\n\n\n<p>Payments FinTech consulting helps businesses understand and integrate consumer-preferred payment technologies, ensuring a frictionless transaction experience that enhances customer satisfaction and loyalty. It also provides crucial insights into regulatory requirements, helping businesses secure their payment processes are compliant. This proactive approach to compliance mitigates the risk of financial penalties and protects the company&#8217;s reputation.<\/p>\n\n\n\n<p>Additionally, payments FinTech consulting specializes in implementing advanced security measures such as encryption, tokenization, and fraud detection algorithms powered by AI, to safeguard transaction data and protect the business and its customers.<\/p>\n\n\n\n<p>Inoltre, i consulenti identificano i colli di bottiglia e le inefficienze nei sistemi esistenti e consigliano soluzioni che riducono i tempi e i costi di elaborazione, consentendo alle aziende di allocare le risorse in modo pi\u00f9 efficace. Tuttavia, la consulenza FinTech sui pagamenti offre molti altri vantaggi alle aziende, tra cui:<\/p>\n\n\n\n<ul class=\"wp-block-list\">\n<li><strong>Processi di pagamento semplificati:<\/strong> I servizi di consulenza aiutano le aziende a semplificare le operazioni di pagamento, rendendo le transazioni pi\u00f9 veloci, pi\u00f9 efficienti e meno soggette a errori. Ci\u00f2 porta a risparmi sui costi e a una migliore agilit\u00e0 operativa.<\/li>\n\n\n\n<li><strong>Conformit\u00e0 normativa:<\/strong> I consulenti forniscono una guida esperta sulla conformit\u00e0 alle normative locali e internazionali, aiutando le aziende a evitare sanzioni costose e problemi legali.<\/li>\n\n\n\n<li><strong>Esperienza del cliente migliorata:<\/strong> Businesses can significantly enhance the customer experience by introducing innovative payment solutions that are convenient and user-friendly. These solutions include mobile payments, contactless transactions, and personalized payment options, which cater to the evolving expectations of digital-savvy consumers.<\/li>\n\n\n\n<li><strong>Approfondimenti basati sui dati:<\/strong> Payments FinTech <a href=\"https:\/\/www.sisinternational.com\/it\/fintech-trends-2025\/\" title=\"FinTech Trends\"  data-wpil-monitor-id=\"6654\">consulenza<\/a> leverages data analytics to provide businesses with valuable insights into customer behavior and transaction trends. These insights can inform strategic decisions, optimize marketing efforts, and enhance product offerings.<\/li>\n\n\n\n<li><strong>Accesso al mercato globale:<\/strong> Per le aziende che desiderano espandersi a livello internazionale, i consulenti offrono strategie per gestire in modo efficiente i pagamenti transfrontalieri. Ci\u00f2 include la navigazione nel cambio valuta, la comprensione delle normative internazionali sui pagamenti e la selezione delle giuste piattaforme di pagamento per i diversi mercati.<\/li>\n<\/ul>\n\n\n\n<h2 class=\"wp-block-heading\">Chi utilizza i pagamenti Consulenza FinTech<\/h2>\n\n\n\n<figure class=\"gb-block-image gb-block-image-8e9f8ed7\"><img loading=\"lazy\" decoding=\"async\" width=\"1456\" height=\"816\" class=\"gb-image gb-image-8e9f8ed7\" src=\"https:\/\/www.sisinternational.com\/wp-content\/uploads\/2025\/10\/Payments-FinTech-3.jpg\" alt=\"Ricerca e strategia di mercato internazionale SIS\" title=\"Payments FinTech (3)\" srcset=\"https:\/\/www.sisinternational.com\/wp-content\/uploads\/2025\/10\/Payments-FinTech-3.jpg 1456w, https:\/\/www.sisinternational.com\/wp-content\/uploads\/2025\/10\/Payments-FinTech-3-300x168.jpg 300w, https:\/\/www.sisinternational.com\/wp-content\/uploads\/2025\/10\/Payments-FinTech-3-1024x574.jpg 1024w, https:\/\/www.sisinternational.com\/wp-content\/uploads\/2025\/10\/Payments-FinTech-3-768x430.jpg 768w, https:\/\/www.sisinternational.com\/wp-content\/uploads\/2025\/10\/Payments-FinTech-3-18x10.jpg 18w\" sizes=\"auto, (max-width: 1456px) 100vw, 1456px\"><\/figure>\n\n\n\n<p><\/p>\n\n\n\n<p>I servizi di consulenza FinTech sui pagamenti sono ricercati da una vasta gamma di aziende e organizzazioni del settore finanziario e non solo, ognuna delle quali cerca di affrontare le complessit\u00e0 dei pagamenti digitali e sfruttare le opportunit\u00e0 della tecnologia finanziaria. Ecco uno sguardo pi\u00f9 da vicino a chi in genere utilizza questi servizi di consulenza e perch\u00e9:<\/p>\n\n\n\n<ul class=\"wp-block-list\">\n<li><strong>Banche e Istituzioni Finanziarie:<\/strong> Le banche e gli istituti finanziari tradizionali si rivolgono alla consulenza FinTech sui pagamenti per modernizzare i propri sistemi di pagamento, migliorando l&#039;efficienza e la sicurezza e garantendo al contempo la conformit\u00e0 normativa. La consulenza aiuta queste entit\u00e0 a competere con le agili startup FinTech adottando tecnologie innovative come la blockchain e il rilevamento delle frodi basato sull&#039;intelligenza artificiale.<\/li>\n\n\n\n<li><strong>Piattaforme di commercio elettronico:<\/strong> Le aziende di e-commerce si affidano a processi di pagamento sicuri e senza interruzioni per garantire la soddisfazione e la fiducia dei clienti. La consulenza FinTech sui pagamenti aiuta queste piattaforme a integrare gateway di pagamento avanzati, offrendo diverse opzioni di pagamento e implementando misure di sicurezza per proteggersi da frodi e violazioni dei dati.<\/li>\n\n\n\n<li><strong>Rivenditori e commercianti:<\/strong> Brick-and-mortar retailers and online merchants use consulting services to improve the checkout experience, whether through contactless payments, mobile POS systems, or loyalty-integrated payment solutions. Consultants help tailor these solutions to enhance customer convenience and sales conversion rates.<\/li>\n\n\n\n<li><strong>Startup fintech:<\/strong> Le startup nel settore della tecnologia finanziaria spesso si avvalgono di consulenti esperti nella navigazione nel panorama normativo, nel ridimensionamento delle loro soluzioni e nell\u2019integrazione con gli ecosistemi finanziari esistenti. La consulenza pu\u00f2 accelerare lo sviluppo e l\u2019adozione di soluzioni di pagamento innovative, favorendo la crescita e la penetrazione nel mercato.<\/li>\n\n\n\n<li><strong>Fornitori di tecnologia:<\/strong> Companies that develop payment processing software and infrastructure seek payments FinTech consulting to ensure their solutions meet market needs, comply with regulations, and incorporate the latest technological advancements, staying competitive and relevant.<\/li>\n<\/ul>\n\n\n\n<h2 class=\"wp-block-heading\">Tecnologie e strumenti SIS sfrutta i pagamenti Consulenza FinTech<\/h2>\n\n\n\n<p>SIS International sfrutta una suite di tecnologie e strumenti avanzati per favorire l&#039;innovazione, la sicurezza e l&#039;efficienza per i clienti.<\/p>\n\n\n\n<ul class=\"wp-block-list\">\n<li><strong>Tecnologia Blockchain:<\/strong> Blockchain technology enhances security and transparency in transactions. It enables the creation of decentralized and immutable ledgers, reducing fraud and streamlining cross-border payments.<\/li>\n\n\n\n<li><strong>Intelligenza artificiale e apprendimento automatico:<\/strong> AI and machine learning algorithms are deployed for fraud detection, risk assessment, and personalized customer service. These technologies help analyze vast transaction data to identify patterns, predict trends, and automate decision-making processes.<\/li>\n\n\n\n<li><strong>Analisi dei Big Data:<\/strong> Big data analytics tools are employed to derive actionable insights from transaction data. They assist in understanding customer behavior, optimizing payment processes, and making informed strategic decisions.<\/li>\n\n\n\n<li><strong>Gateway e piattaforme di pagamento:<\/strong> Gateway e piattaforme di pagamento moderni e flessibili che supportano un&#039;ampia gamma di metodi di pagamento, inclusi portafogli digitali, pagamenti mobili e criptovalute, sono integrati per fornire ai clienti opzioni di pagamento convenienti e sicure.<\/li>\n\n\n\n<li><strong>Cloud computing:<\/strong> Cloud-based solutions offer scalability, reliability, and security for payment processing systems. They allow for efficiently handling high transaction volumes and enable businesses to scale their operations as needed.<\/li>\n\n\n\n<li><strong>Soluzioni di sicurezza informatica:<\/strong> Strumenti avanzati di sicurezza informatica, tra cui tecnologie di crittografia, tokenizzazione e autenticazione a pi\u00f9 fattori, vengono implementati per proteggere le informazioni sensibili sui pagamenti e difendersi dalle minacce informatiche.<\/li>\n<\/ul>\n\n\n\n<h2 class=\"wp-block-heading\">L&#039;approccio SIS ai pagamenti Consulenza FinTech<\/h2>\n\n\n\n<figure class=\"gb-block-image gb-block-image-cbd3fabb\"><img loading=\"lazy\" decoding=\"async\" width=\"1456\" height=\"816\" class=\"gb-image gb-image-cbd3fabb\" src=\"https:\/\/www.sisinternational.com\/wp-content\/uploads\/2025\/10\/Payments-FinTech-2.jpg\" alt=\"Ricerca e strategia di mercato internazionale SIS\" title=\"Payments FinTech (2)\" srcset=\"https:\/\/www.sisinternational.com\/wp-content\/uploads\/2025\/10\/Payments-FinTech-2.jpg 1456w, https:\/\/www.sisinternational.com\/wp-content\/uploads\/2025\/10\/Payments-FinTech-2-300x168.jpg 300w, https:\/\/www.sisinternational.com\/wp-content\/uploads\/2025\/10\/Payments-FinTech-2-1024x574.jpg 1024w, https:\/\/www.sisinternational.com\/wp-content\/uploads\/2025\/10\/Payments-FinTech-2-768x430.jpg 768w, https:\/\/www.sisinternational.com\/wp-content\/uploads\/2025\/10\/Payments-FinTech-2-18x10.jpg 18w\" sizes=\"auto, (max-width: 1456px) 100vw, 1456px\"><\/figure>\n\n\n\n<p><\/p>\n\n\n\n<p>L&#039;approccio SIS ai pagamenti La consulenza FinTech si distingue per la sua metodologia strategica, completa e incentrata sul cliente. Questo approccio garantisce che i clienti siano attrezzati per affrontare le complessit\u00e0 del panorama dei pagamenti digitali \u2013 ed ecco come l\u2019approccio SIS si distingue:<\/p>\n\n\n\n<ul class=\"wp-block-list\">\n<li><strong>Valutazione approfondita del mercato e della tecnologia:<\/strong> SIS begins with thoroughly analysing the client&#8217;s current payment systems, market position, and technological infrastructure.\u00a0<\/li>\n\n\n\n<li><strong>Strategie di consulenza personalizzate:<\/strong> Based on this comprehensive analysis, SIS develops customized consulting strategies that align with the client&#8217;s specific objectives, operational needs, and market dynamics.\u00a0<\/li>\n\n\n\n<li><strong>Leveraging Advanced <\/strong><a href=\"https:\/\/www.sisinternational.com\/it\/soluzioni\/ricerca-di-consulenza-strategica-fintech\/fintech-vai-alla-consulenza-di-mercato\/\" title=\"Consulenza Go-To-Market FinTech\"  data-wpil-monitor-id=\"5860\">FinTech Innovations: SIS consultants<\/a> are experts in the latest payments FinTech technologies, from blockchain to artificial intelligence and beyond. They guide clients in integrating these technologies to enhance transaction efficiency, security, and customer engagement.<\/li>\n\n\n\n<li><strong>Robuste misure di sicurezza:<\/strong> SIS prioritizes implementing advanced security protocols and technologies to protect against fraud and cyber threats.<\/li>\n\n\n\n<li><strong>Conformit\u00e0 normativa:<\/strong> With deep knowledge of the regulatory landscape, SIS ensures that clients&#8217; payment systems comply with current laws and are adaptable to future regulatory changes, minimizing legal risks and building customer trust.<\/li>\n\n\n\n<li><strong>Ottimizzazione del percorso del cliente:<\/strong> The SIS approach strongly emphasizes the customer experience, utilizing data analytics and user experience design principles to create seamless, intuitive, and engaging payment processes.<\/li>\n<\/ul>\n\n\n\n<h2 class=\"wp-block-heading\">La nostra sede a New York<\/h2>\n\n\n\n<p>  <iframe loading=\"lazy\" src=\"https:\/\/www.google.com\/maps\/embed?pb=!1m18!1m12!1m3!1d3022.976188376966!2d-73.99130312499956!3d40.740549471389315!2m3!1f0!2f0!3f0!3m2!1i1024!2i768!4f13.1!3m3!1m2!1s0x89c259a15798c731%3A0xd695d09bdd495f25!2s11%20E%2022nd%20St%20FL%202%2C%20New%20York%2C%20NY%2010010%2C%20USA!5e0!3m2!1sen!2spe!4v1726171763526!5m2!1sen!2spe\" width=\"600\" height=\"450\" allowfullscreen=\"allowfullscreen\" data-mce-fragment=\"1\"><\/iframe>  <\/p>\n\n\n\n<h3 class=\"wp-block-heading\">11 E 22nd Street, piano 2, New York, NY 10010 T: +1(212) 505-6805<\/h3>\n\n\n\n<hr class=\"wp-block-separator has-alpha-channel-opacity\"\/>\n\n\n\n<h2 class=\"wp-block-heading\"><span style=\"font-weight: 400;\">A proposito di SIS Internazionale<\/span><\/h2>\n\n\n\n<p><a href=\"https:\/\/www.sisinternational.com\/it\/\"><span style=\"font-weight: 400;\">SIS Internazionale<\/span><\/a><span style=\"font-weight: 400;\"> offre ricerca quantitativa, qualitativa e strategica. Forniamo dati, strumenti, strategie, report e approfondimenti per il processo decisionale. Conduciamo anche interviste, sondaggi, focus group e altri metodi e approcci di ricerca di mercato.<\/span><a href=\"https:\/\/www.sisinternational.com\/it\/sulla-sua-ricerca-internazionale\/contact-sis-international-market-research\/\"><span style=\"font-weight: 400;\"> Contattaci<\/span><\/a><span style=\"font-weight: 400;\"> per il tuo prossimo progetto di ricerca di mercato.<\/span><\/p>","protected":false},"excerpt":{"rendered":"<p>La consulenza Payments FinTech unisce competenze finanziarie e innovazione tecnologica per trasformare i processi di pagamento.<\/p>","protected":false},"author":1,"featured_media":71778,"parent":27462,"menu_order":61,"comment_status":"closed","ping_status":"closed","template":"","meta":{"footnotes":""},"class_list":["post-46213","page","type-page","status-publish","has-post-thumbnail"],"_links":{"self":[{"href":"https:\/\/www.sisinternational.com\/it\/wp-json\/wp\/v2\/pages\/46213","targetHints":{"allow":["GET"]}}],"collection":[{"href":"https:\/\/www.sisinternational.com\/it\/wp-json\/wp\/v2\/pages"}],"about":[{"href":"https:\/\/www.sisinternational.com\/it\/wp-json\/wp\/v2\/types\/page"}],"author":[{"embeddable":true,"href":"https:\/\/www.sisinternational.com\/it\/wp-json\/wp\/v2\/users\/1"}],"replies":[{"embeddable":true,"href":"https:\/\/www.sisinternational.com\/it\/wp-json\/wp\/v2\/comments?post=46213"}],"version-history":[{"count":10,"href":"https:\/\/www.sisinternational.com\/it\/wp-json\/wp\/v2\/pages\/46213\/revisions"}],"predecessor-version":[{"id":80234,"href":"https:\/\/www.sisinternational.com\/it\/wp-json\/wp\/v2\/pages\/46213\/revisions\/80234"}],"up":[{"embeddable":true,"href":"https:\/\/www.sisinternational.com\/it\/wp-json\/wp\/v2\/pages\/27462"}],"wp:featuredmedia":[{"embeddable":true,"href":"https:\/\/www.sisinternational.com\/it\/wp-json\/wp\/v2\/media\/71778"}],"wp:attachment":[{"href":"https:\/\/www.sisinternational.com\/it\/wp-json\/wp\/v2\/media?parent=46213"}],"curies":[{"name":"wp","href":"https:\/\/api.w.org\/{rel}","templated":true}]}}