{"id":46187,"date":"2024-02-22T14:16:53","date_gmt":"2024-02-22T19:16:53","guid":{"rendered":"https:\/\/www.sisinternational.com\/?page_id=46187"},"modified":"2026-02-19T01:22:07","modified_gmt":"2026-02-19T06:22:07","slug":"verniciatura-rivestimento-adesivi-automazione-consulenza-sullintelligenza-artificiale","status":"publish","type":"page","link":"https:\/\/www.sisinternational.com\/it\/soluzioni\/ai-ricerche-di-mercato-e-consulenza-strategica\/verniciatura-rivestimento-adesivi-automazione-consulenza-sullintelligenza-artificiale\/","title":{"rendered":"Consulenza sull&#039;automazione di vernici e adesivi e sull&#039;intelligenza artificiale"},"content":{"rendered":"<h1 class=\"wp-block-heading\">Consulenza sull&#039;automazione e sull&#039;intelligenza artificiale di vernici, rivestimenti e adesivi<\/h1>\n\n\n\n<figure class=\"gb-block-image gb-block-image-68bdbd93\"><img loading=\"lazy\" decoding=\"async\" width=\"1456\" height=\"816\" class=\"gb-image gb-image-68bdbd93\" src=\"https:\/\/www.sisinternational.com\/wp-content\/uploads\/2025\/08\/Automotive-15.jpg\" alt=\"Ricerca e strategia di mercato internazionale SIS\" title=\"Automotive (15)\" srcset=\"https:\/\/www.sisinternational.com\/wp-content\/uploads\/2025\/08\/Automotive-15.jpg 1456w, https:\/\/www.sisinternational.com\/wp-content\/uploads\/2025\/08\/Automotive-15-300x168.jpg 300w, https:\/\/www.sisinternational.com\/wp-content\/uploads\/2025\/08\/Automotive-15-1024x574.jpg 1024w, https:\/\/www.sisinternational.com\/wp-content\/uploads\/2025\/08\/Automotive-15-768x430.jpg 768w, https:\/\/www.sisinternational.com\/wp-content\/uploads\/2025\/08\/Automotive-15-18x10.jpg 18w\" sizes=\"auto, (max-width: 1456px) 100vw, 1456px\"><\/figure>\n\n\n\n<p><\/p>\n\n\n\n<p>Mentre le industrie di tutto il mondo puntano all\u2019efficienza e alla sostenibilit\u00e0, la domanda di automazione di vernici, rivestimenti e adesivi e di consulenza sull\u2019intelligenza artificiale \u00e8 aumentata, offrendo opportunit\u00e0 senza precedenti di innovazione nel settore delle vernici, dei rivestimenti e degli adesivi, dal miglioramento della precisione della corrispondenza dei colori all\u2019ottimizzazione delle formulazioni. per prestazioni migliori e un minore impatto ambientale.<\/p>\n\n\n\n<h2 class=\"wp-block-heading\">Che cos&#039;\u00e8 la consulenza sull&#039;automazione di vernici, rivestimenti e adesivi e sull&#039;intelligenza artificiale?<\/h2>\n\n\n\n<p>Paint, coating, and adhesives automation and artificial intelligence consulting guides businesses in integrating cutting-edge technologies into their manufacturing processes. This <a title=\"Automazione delle spedizioni e della logistica e consulenza sull&#039;intelligenza artificiale\" href=\"https:\/\/www.sisinternational.com\/it\/soluzioni\/ai-ricerche-di-mercato-e-consulenza-strategica\/consulenza-sullautomazione-della-logistica-delle-spedizioni-e-sulla-consulenza\/\" data-wpil-monitor-id=\"4406\">consulting niche leverages automation<\/a> to streamline production and AI to enhance decision-making, quality control, and operational efficiency. The goal is to transform traditional manufacturing environments into smart, efficient, and sustainable operations that respond dynamically to market changes and customer needs.<\/p>\n\n\n\n<h2 class=\"wp-block-heading\">Importanza dell&#039;automazione di vernici, rivestimenti e adesivi e della consulenza sull&#039;intelligenza artificiale<\/h2>\n\n\n\n<p>Paint, coating and adhesives <a title=\"Consulenza sull&#039;automazione degli autotrasporti e sull&#039;intelligenza artificiale\" href=\"https:\/\/www.sisinternational.com\/it\/soluzioni\/ai-ricerche-di-mercato-e-consulenza-strategica\/consulenza-sullintelligenza-artificiale-per-lautomazione-degli-autotrasporti\/\" data-wpil-monitor-id=\"1414\">automation and artificial intelligence consulting<\/a> enables the analysis of vast amounts of data to identify trends and insights that can lead to the development of new products or the improvement of existing ones. Consulting services help businesses leverage these insights to stay ahead of market demands and regulatory changes.<\/p>\n\n\n\n<p>Furthermore, paint, coating and adhesives <a title=\"Consulenza sull&#039;automazione delle vendite e sull&#039;intelligenza artificiale\" href=\"https:\/\/www.sisinternational.com\/it\/soluzioni\/ai-ricerche-di-mercato-e-consulenza-strategica\/consulenza-sullintelligenza-artificiale-per-lautomazione-delle-vendite\/\" data-wpil-monitor-id=\"1693\">automation and artificial intelligence consulting<\/a> services provide expert guidance on selecting and implementing the right technologies that align with the company&#8217;s needs and goals. However, this consulting brings many other benefits, including:<\/p>\n\n\n\n<ul class=\"wp-block-list\">\n<li><strong>Qualit\u00e0 del prodotto migliorata:<\/strong> L&#039;automazione garantisce un&#039;applicazione coerente e un controllo di qualit\u00e0 nella produzione di vernici, rivestimenti e adesivi. L\u2019intelligenza artificiale migliora tutto ci\u00f2 monitorando e adattando in tempo reale, garantendo che i prodotti soddisfino rigorosi standard di qualit\u00e0.<\/li>\n\n\n\n<li><strong>Riduzione dei costi:<\/strong> Implementing automation and AI can save substantial costs by reducing labor costs, minimizing waste, and optimizing resource use. Paint, coating and adhesives <a title=\"Consulenza sull&#039;automazione del gioco online e sull&#039;intelligenza artificiale\" data-wpil-monitor-id=\"1720\" href=\"https:\/\/www.sisinternational.com\/it\/soluzioni\/ai-ricerche-di-mercato-e-consulenza-strategica\/consulenza-sullintelligenza-artificiale-per-lautomazione-del-gioco-online\/\">automation and artificial intelligence consulting<\/a> identifies these opportunities, ensuring that investments in technology deliver a strong return on investment.<\/li>\n\n\n\n<li><strong>Vantaggio competitivo:<\/strong> Le aziende che integrano con successo l\u2019automazione e l\u2019intelligenza artificiale nelle loro operazioni possono ottenere un vantaggio competitivo significativo offrendo prodotti di qualit\u00e0 superiore a costi inferiori, rispondendo pi\u00f9 rapidamente ai cambiamenti del mercato e promuovendo l\u2019innovazione nelle loro offerte.<\/li>\n<\/ul>\n\n\n\n<h2 class=\"wp-block-heading\">Chi utilizza l&#039;automazione di vernici, rivestimenti e adesivi e consulenza sull&#039;intelligenza artificiale<\/h2>\n\n\n\n<p>The utilization of paint, coating and adhesives automation and <a title=\"Consulenza sull&#039;intelligenza artificiale per alimenti e bevande\" href=\"https:\/\/www.sisinternational.com\/it\/soluzioni\/ai-ricerche-di-mercato-e-consulenza-strategica\/consulenza-sullintelligenza-artificiale-delle-bevande-alimentari\/\" data-wpil-monitor-id=\"2008\">artificial intelligence consulting<\/a> spans a diverse range of entities such as:<\/p>\n\n\n\n<ul class=\"wp-block-list\">\n<li><strong>Produttori di vernici e rivestimenti:<\/strong> Queste aziende si impegnano nella consulenza per migliorare i propri processi produttivi, migliorare la qualit\u00e0 del prodotto e ridurre i costi. L&#039;automazione e l&#039;intelligenza artificiale consentono loro di ottenere una miscelazione precisa, un&#039;applicazione coerente e un controllo di qualit\u00e0 in tempo reale, garantendo che i loro prodotti soddisfino gli elevati standard richiesti da vari settori.<\/li>\n\n\n\n<li><strong>Produttori di adesivi:<\/strong> Le entit\u00e0 del settore degli adesivi utilizzano servizi di consulenza per ottimizzare le proprie operazioni di produzione, dalla formulazione al confezionamento. L\u2019automazione aiuta a raggiungere un\u2019elevata precisione nella miscelazione dei componenti, mentre l\u2019intelligenza artificiale pu\u00f2 prevedere le prestazioni delle formulazioni adesive in diverse condizioni, migliorando lo sviluppo del prodotto.<\/li>\n\n\n\n<li><strong>Fornitori dell&#039;industria automobilistica:<\/strong> Suppliers in the automotive industry, where paints and coatings are critical for aesthetics and protection, seek <a title=\"Automazione mineraria e delle risorse naturali e consulenza sull&#039;intelligenza artificiale\" data-wpil-monitor-id=\"5512\" href=\"https:\/\/www.sisinternational.com\/it\/soluzioni\/ai-ricerche-di-mercato-e-consulenza-strategica\/automazione-delle-risorse-naturali-minerarie-consulenza-sullintelligenza-artificiale\/\">consulting to integrate advanced automation<\/a> and AI technologies. <\/li>\n\n\n\n<li><strong>Aziende di costruzioni e materiali da costruzione:<\/strong> Queste aziende utilizzano la consulenza per automatizzare i processi di verniciatura e rivestimento, migliorando l&#039;efficienza e la sostenibilit\u00e0. Gli approfondimenti basati sull\u2019intelligenza artificiale li aiutano a sviluppare prodotti che soddisfano le esigenze in evoluzione del settore edile, come opzioni durevoli e rispettose dell\u2019ambiente.<\/li>\n\n\n\n<li><strong>Appaltatori aerospaziali e della difesa:<\/strong> In sectors where precision and quality are non-negotiable, such as aerospace and defense, consulting services are crucial. Paint, coating and adhesives automation and <a title=\"Consulenza sull&#039;intelligenza artificiale per il go-to-market\" data-wpil-monitor-id=\"2047\" href=\"https:\/\/www.sisinternational.com\/it\/soluzioni\/ai-ricerche-di-mercato-e-consulenza-strategica\/vai-al-mercato-della-consulenza-sullintelligenza-artificiale\/\">artificial intelligence consulting<\/a> ensure the accurate application of coatings.<\/li>\n\n\n\n<li><strong>Strutture di ricerca e sviluppo (R&amp;S):<\/strong> R&amp;D entities focused on developing new materials and formulations for paints, coatings, and adhesives leverage consulting to incorporate automation and AI into their research processes. <\/li>\n<\/ul>\n\n\n\n<h2 class=\"wp-block-heading\">Risultati attesi dalla nostra consulenza sull&#039;automazione di vernici, rivestimenti e adesivi e sull&#039;intelligenza artificiale<\/h2>\n\n\n\n<p><a title=\"Adozione dell\u2019intelligenza artificiale (AI) nelle piccole imprese\" href=\"https:\/\/www.sisinternational.com\/it\/ladozione-dellintelligenza-artificiale-nelle-piccole-imprese\/\" data-wpil-monitor-id=\"2800\">Adopting automation and artificial intelligence<\/a> in the paint, coating, and adhesives industry, with the guidance of specialized consulting, can lead to a range of transformative outcomes \u2013 and here\u2019s what businesses can expect from using paint, coating, and adhesives automation and AI consulting:<\/p>\n\n\n\n<ul class=\"wp-block-list\">\n<li>Aumenti significativi della velocit\u00e0 e dell\u2019efficienza della produzione, con l\u2019automazione che riduce il lavoro manuale e l\u2019intelligenza artificiale che ottimizza i processi per ridurre al minimo tempi di inattivit\u00e0 e sprechi.<\/li>\n\n\n\n<li>Raggiungere livelli pi\u00f9 elevati di qualit\u00e0 e coerenza del prodotto, poich\u00e9 l\u2019automazione garantisce un\u2019applicazione e una miscelazione precise, mentre l\u2019intelligenza artificiale monitora la qualit\u00e0 in tempo reale per mantenere gli standard.<\/li>\n\n\n\n<li>Risparmi sostanziali sui costi grazie alla riduzione del fabbisogno di manodopera, alla riduzione degli sprechi e all&#039;uso ottimizzato delle risorse, con conseguente miglioramento della redditivit\u00e0.<\/li>\n\n\n\n<li>Sviluppo e innovazione accelerati dei prodotti, con approfondimenti basati sull&#039;intelligenza artificiale che consentono la creazione di nuove formulazioni e prodotti che soddisfano le esigenze dei mercati emergenti e i requisiti normativi.<\/li>\n\n\n\n<li>Enhanced sustainability of production processes, as automation and AI contribute to reduced waste and <a title=\"Consulenza sulla strategia di automazione\" data-wpil-monitor-id=\"2711\" href=\"https:\/\/www.sisinternational.com\/it\/sistemi-di-automazione-dei-processi-negli-stati-uniti\/\">energia<\/a> consumption, aligning with environmental goals and consumer expectations.<\/li>\n\n\n\n<li>Maggiore sicurezza sul posto di lavoro e conformit\u00e0 normativa, con l\u2019automazione che assume il controllo delle attivit\u00e0 pericolose e l\u2019intelligenza artificiale che garantisce che i processi rispettino gli standard del settore.<\/li>\n\n\n\n<li>Maggiore reattivit\u00e0 e agilit\u00e0 del mercato, con l\u2019analisi dell\u2019intelligenza artificiale che fornisce approfondimenti sulle tendenze del mercato e sulle preferenze dei consumatori, consentendo un rapido adattamento della produzione e della strategia.<\/li>\n<\/ul>\n\n\n\n<h2 class=\"wp-block-heading\">L&#039;approccio SIS all&#039;automazione di vernici, rivestimenti e adesivi e alla consulenza sull&#039;intelligenza artificiale<\/h2>\n\n\n\n<p>The SIS International approach to paint, coating, and adhesives automation and artificial intelligence consulting has a deeply client-centric methodology. Here\u2019s how SIS sets itself apart in providing paint, coating and adhesives automation and artificial intelligence consulting:<\/p>\n\n\n\n<ul class=\"wp-block-list\">\n<li><strong>Soluzioni personalizzate:<\/strong> SIS begins with an in-depth analysis of the client&#8217;s specific needs, challenges, and strategic goals. <\/li>\n\n\n\n<li><strong>Implementazione della tecnologia avanzata:<\/strong> With expertise in the latest advancements in automation and AI, SIS advises clients on selecting and implementing the most effective technologies for their specific production processes. <\/li>\n\n\n\n<li><strong>Efficienza operativa e gestione ambientale:<\/strong> A key component of the SIS approach is enhancing operational efficiency while promoting sustainability. <\/li>\n\n\n\n<li><strong>Sfruttare i dati per un vantaggio strategico:<\/strong> SIS utilizes data analytics to provide clients with actionable insights into their operations, market trends, and customer preferences. <\/li>\n\n\n\n<li><strong>Mitigazione dei rischi:<\/strong> Recognizing the importance of risk management, especially in highly regulated industries, SIS incorporates comprehensive risk assessment and management strategies into its consulting services. <\/li>\n\n\n\n<li><strong>Supporto continuo e innovazione:<\/strong> Beyond initial implementation, SIS offers ongoing support and advice to clients, fostering a culture of continuous improvement and innovation. <\/li>\n\n\n\n<li><strong>Partenariati strategici con i fornitori:<\/strong> SIS assists clients in selecting the right technology vendors and managing these relationships effectively. <\/li>\n<\/ul>","protected":false},"excerpt":{"rendered":"<p>L&#039;automazione di vernici e adesivi e la consulenza sull&#039;intelligenza artificiale guidano le aziende nell&#039;integrazione di tecnologie IA all&#039;avanguardia.<\/p>","protected":false},"author":1,"featured_media":62620,"parent":44406,"menu_order":70,"comment_status":"closed","ping_status":"closed","template":"","meta":{"footnotes":""},"class_list":["post-46187","page","type-page","status-publish","has-post-thumbnail"],"_links":{"self":[{"href":"https:\/\/www.sisinternational.com\/it\/wp-json\/wp\/v2\/pages\/46187","targetHints":{"allow":["GET"]}}],"collection":[{"href":"https:\/\/www.sisinternational.com\/it\/wp-json\/wp\/v2\/pages"}],"about":[{"href":"https:\/\/www.sisinternational.com\/it\/wp-json\/wp\/v2\/types\/page"}],"author":[{"embeddable":true,"href":"https:\/\/www.sisinternational.com\/it\/wp-json\/wp\/v2\/users\/1"}],"replies":[{"embeddable":true,"href":"https:\/\/www.sisinternational.com\/it\/wp-json\/wp\/v2\/comments?post=46187"}],"version-history":[{"count":23,"href":"https:\/\/www.sisinternational.com\/it\/wp-json\/wp\/v2\/pages\/46187\/revisions"}],"predecessor-version":[{"id":83094,"href":"https:\/\/www.sisinternational.com\/it\/wp-json\/wp\/v2\/pages\/46187\/revisions\/83094"}],"up":[{"embeddable":true,"href":"https:\/\/www.sisinternational.com\/it\/wp-json\/wp\/v2\/pages\/44406"}],"wp:featuredmedia":[{"embeddable":true,"href":"https:\/\/www.sisinternational.com\/it\/wp-json\/wp\/v2\/media\/62620"}],"wp:attachment":[{"href":"https:\/\/www.sisinternational.com\/it\/wp-json\/wp\/v2\/media?parent=46187"}],"curies":[{"name":"wp","href":"https:\/\/api.w.org\/{rel}","templated":true}]}}