{"id":46169,"date":"2024-02-22T14:16:12","date_gmt":"2024-02-22T19:16:12","guid":{"rendered":"https:\/\/www.sisinternational.com\/?page_id=46169"},"modified":"2026-01-25T19:15:01","modified_gmt":"2026-01-26T00:15:01","slug":"consulenza-sullintelligenza-artificiale-per-lautomazione-dei-prodotti-forestali-in-pasta-di-carta","status":"publish","type":"page","link":"https:\/\/www.sisinternational.com\/it\/soluzioni\/ai-ricerche-di-mercato-e-consulenza-strategica\/consulenza-sullintelligenza-artificiale-per-lautomazione-dei-prodotti-forestali-in-pasta-di-carta\/","title":{"rendered":"Consulenza sull&#039;automazione dei prodotti forestali e sull&#039;intelligenza artificiale"},"content":{"rendered":"<h1 class=\"gb-headline gb-headline-3bd493ef gb-headline-text\">Consulenza sull&#039;automazione e sull&#039;intelligenza artificiale di prodotti cartari, di pasta di legno e forestali<\/h1>\n\n\n\n<figure class=\"gb-block-image gb-block-image-4ee5a457\"><img loading=\"lazy\" decoding=\"async\" width=\"1456\" height=\"816\" class=\"gb-image gb-image-4ee5a457\" src=\"https:\/\/www.sisinternational.com\/wp-content\/uploads\/2025\/10\/Forest-Products-Automatio-2.jpg\" alt=\"Ricerca e strategia di mercato internazionale SIS\" title=\"Forest Products Automatio (2)\" srcset=\"https:\/\/www.sisinternational.com\/wp-content\/uploads\/2025\/10\/Forest-Products-Automatio-2.jpg 1456w, https:\/\/www.sisinternational.com\/wp-content\/uploads\/2025\/10\/Forest-Products-Automatio-2-300x168.jpg 300w, https:\/\/www.sisinternational.com\/wp-content\/uploads\/2025\/10\/Forest-Products-Automatio-2-1024x574.jpg 1024w, https:\/\/www.sisinternational.com\/wp-content\/uploads\/2025\/10\/Forest-Products-Automatio-2-768x430.jpg 768w, https:\/\/www.sisinternational.com\/wp-content\/uploads\/2025\/10\/Forest-Products-Automatio-2-18x10.jpg 18w\" sizes=\"auto, (max-width: 1456px) 100vw, 1456px\"><\/figure>\n\n\n\n<p><\/p>\n\n\n\n<hr class=\"wp-block-separator has-alpha-channel-opacity\"\/>\n\n\n\n<p>As AI makes its way onto the horizon, traditional methods of production, processing and management are about to shift \u2013 and paper, pulp, and forest products automation and artificial intelligence consulting offer strategies that blend the age-old wisdom of forestry with the cutting-edge advancements of technology.<\/p>\n\n\n\n<h2 class=\"wp-block-heading\">What Is Paper, pulp, and forest products automation and artificial intelligence consulting?<\/h2>\n\n\n\n<p>L&#039;automazione di carta, pasta di legno e prodotti forestali e la consulenza sull&#039;intelligenza artificiale aiutano le aziende a passare dai metodi convenzionali a operazioni pi\u00f9 efficienti, sostenibili ed economiche basate sull&#039;automazione e sull&#039;intelligenza artificiale.<\/p>\n\n\n\n<p>It involves using technology to perform tasks traditionally done manually, including everything from harvesting and processing raw materials to producing and packaging finished products. Consultants work closely with businesses to identify opportunities where automation and AI can have the most significant impact, develop customized solutions to address specific challenges, and guide navigating the technological, regulatory, and workforce transitions required.<\/p>\n\n\n\n<h2 class=\"wp-block-heading\">Perch\u00e9 \u00e8 importante?<\/h2>\n\n\n\n<p>The global marketplace for paper, pulp, and forest products is highly competitive. Businesses that leverage paper, pulp, and forest products <a href=\"https:\/\/www.sisinternational.com\/it\/soluzioni\/ai-ricerche-di-mercato-e-consulenza-strategica\/consulenza-sullintelligenza-artificiale-per-lautomazione-del-franchising\/\" title=\"Franchising Consulenza in automazione e intelligenza artificiale\"  data-wpil-monitor-id=\"1140\">automation and artificial intelligence consulting<\/a> can significantly enhance their production efficiency, reduce costs, and improve product quality, giving them a distinct competitive edge.<\/p>\n\n\n\n<p>Similarly, with increasing regulatory pressures and consumer demand for sustainable practices, businesses in this sector are under scrutiny to minimize their environmental impact. Paper, pulp, and forest products <a href=\"https:\/\/www.sisinternational.com\/it\/soluzioni\/ai-ricerche-di-mercato-e-consulenza-strategica\/consulenza-sullintelligenza-artificiale-per-lautomazione-degli-autotrasporti\/\" title=\"Consulenza sull&#039;automazione degli autotrasporti e sull&#039;intelligenza artificiale\"  data-wpil-monitor-id=\"1417\">automation and artificial intelligence consulting<\/a> can optimize resource use, reduce waste, and lower energy consumption, aligning operations with sustainability goals.<\/p>\n\n\n\n<p>Furthermore, automating routine and hazardous tasks boosts operational efficiency and significantly enhances workplace safety. Additionally, paper, pulp, and forest products <a href=\"https:\/\/www.sisinternational.com\/it\/soluzioni\/ai-ricerche-di-mercato-e-consulenza-strategica\/consulenza-sullintelligenza-artificiale-per-lautomazione-delle-vendite\/\" title=\"Consulenza sull&#039;automazione delle vendite e sull&#039;intelligenza artificiale\"  data-wpil-monitor-id=\"1697\">automation and artificial intelligence consulting<\/a> can assist in workforce planning and management, optimizing labor use and improving employee satisfaction.<\/p>\n\n\n\n<h2 class=\"wp-block-heading\">The Key Benefits of Paper, pulp, and forest products automation and artificial intelligence consulting<\/h2>\n\n\n\n<figure class=\"gb-block-image gb-block-image-09d91481\"><img loading=\"lazy\" decoding=\"async\" width=\"1456\" height=\"816\" class=\"gb-image gb-image-09d91481\" src=\"https:\/\/www.sisinternational.com\/wp-content\/uploads\/2025\/10\/Forest-Products-Automatio-1.jpg\" alt=\"Ricerca e strategia di mercato internazionale SIS\" title=\"Forest Products Automatio (1)\" srcset=\"https:\/\/www.sisinternational.com\/wp-content\/uploads\/2025\/10\/Forest-Products-Automatio-1.jpg 1456w, https:\/\/www.sisinternational.com\/wp-content\/uploads\/2025\/10\/Forest-Products-Automatio-1-300x168.jpg 300w, https:\/\/www.sisinternational.com\/wp-content\/uploads\/2025\/10\/Forest-Products-Automatio-1-1024x574.jpg 1024w, https:\/\/www.sisinternational.com\/wp-content\/uploads\/2025\/10\/Forest-Products-Automatio-1-768x430.jpg 768w, https:\/\/www.sisinternational.com\/wp-content\/uploads\/2025\/10\/Forest-Products-Automatio-1-18x10.jpg 18w\" sizes=\"auto, (max-width: 1456px) 100vw, 1456px\"><\/figure>\n\n\n\n<p><\/p>\n\n\n\n<p>IL <a href=\"https:\/\/www.sisinternational.com\/it\/ladozione-dellintelligenza-artificiale-nelle-piccole-imprese\/\" title=\"Adozione dell\u2019intelligenza artificiale (AI) nelle piccole imprese\"  data-wpil-monitor-id=\"2804\">adoption of automation and artificial intelligence<\/a> in the paper, pulp, and forest products industry, brings many benefits. These advantages propel businesses toward greater operational efficiency and sustainability and enhance their market competitiveness \u2013 and here are some key benefits:<\/p>\n\n\n\n<ul class=\"wp-block-list\">\n<li><strong>Maggiore efficienza produttiva:<\/strong> Automation technologies streamline manufacturing processes, significantly reducing production times and increasing throughput.\u00a0<\/li>\n\n\n\n<li><strong>Riduzione dei costi:<\/strong> Businesses can achieve substantial cost savings by <a href=\"https:\/\/www.sisinternational.com\/it\/soluzioni\/ai-ricerche-di-mercato-e-consulenza-strategica\/automazione-delle-risorse-naturali-minerarie-consulenza-sullintelligenza-artificiale\/\" title=\"Automazione mineraria e delle risorse naturali e consulenza sull&#039;intelligenza artificiale\"  data-wpil-monitor-id=\"5514\">automating routine tasks and optimizing resource<\/a> use. Reduced waste, lower energy consumption, and optimized supply chain operations contribute to lowering overall operational expenses.<\/li>\n\n\n\n<li><strong>Qualit\u00e0 del prodotto migliorata:<\/strong> L&#039;automazione garantisce una qualit\u00e0 costante del prodotto riducendo al minimo l&#039;errore umano e mantenendo un controllo preciso sui parametri di produzione. L\u2019intelligenza artificiale pu\u00f2 anche aiutare nei processi di controllo della qualit\u00e0, identificando i difetti che l\u2019occhio umano potrebbe trascurare.<\/li>\n\n\n\n<li><strong>Maggiore sostenibilit\u00e0:<\/strong> Paper, pulp, and forest products <a href=\"https:\/\/www.sisinternational.com\/it\/soluzioni\/ai-ricerche-di-mercato-e-consulenza-strategica\/consulenza-sullintelligenza-artificiale-per-lautomazione-del-gioco-online\/\" title=\"Consulenza sull&#039;automazione del gioco online e sull&#039;intelligenza artificiale\"  data-wpil-monitor-id=\"1724\">automation and artificial intelligence consulting<\/a> enable more sustainable practices by optimizing raw materials and energy use.<\/li>\n\n\n\n<li><strong>Innovazione e sviluppo prodotto:<\/strong> L\u2019analisi di mercato basata sull\u2019intelligenza artificiale e l\u2019elaborazione del feedback dei clienti possono stimolare l\u2019innovazione, aiutando le aziende a sviluppare nuovi prodotti o migliorare quelli esistenti per soddisfare le richieste del mercato in evoluzione.<\/li>\n<\/ul>\n\n\n\n<h2 class=\"wp-block-heading\">Expected Results of Paper, pulp, and forest products automation and artificial intelligence consulting<\/h2>\n\n\n\n<p>Implementing automation and AI in the paper, pulp, and forest products industry, lead to significant transformative outcomes. These results reflect operational improvements and strategic advantages that position businesses for long-term success.<\/p>\n\n\n\n<p>Here are the expected results from engaging in paper, pulp, and forest <a href=\"https:\/\/www.sisinternational.com\/it\/soluzioni\/ai-ricerche-di-mercato-e-consulenza-strategica\/automazione-dei-prodotti-per-la-cura-personale-e-consulenza\/\" title=\"Automazione dei prodotti per la cura personale e consulenza sull&#039;intelligenza artificiale\"  data-wpil-monitor-id=\"2477\">products automation and AI consulting<\/a>:<\/p>\n\n\n\n<ul class=\"wp-block-list\">\n<li>Maggiore efficienza operativa e produttivit\u00e0 automatizzando i processi di routine e ad alta intensit\u00e0 di manodopera, con conseguenti tempi di produzione pi\u00f9 rapidi e costi operativi ridotti.<\/li>\n\n\n\n<li>Maggiore qualit\u00e0 e coerenza del prodotto, ottenute sfruttando l\u2019automazione per un controllo preciso sui processi di produzione e l\u2019intelligenza artificiale per il monitoraggio e le regolazioni della qualit\u00e0 in tempo reale.<\/li>\n\n\n\n<li>Significativi miglioramenti in termini di sostenibilit\u00e0, tra cui la riduzione dei rifiuti, l\u2019ottimizzazione dell\u2019uso delle risorse e il minor consumo di energia, contribuiscono alla conservazione ambientale e alla conformit\u00e0 normativa.<\/li>\n\n\n\n<li>Catene di fornitura pi\u00f9 efficienti e resilienti, guidate dall&#039;analisi dell&#039;intelligenza artificiale per la previsione della domanda, la gestione delle scorte e l&#039;ottimizzazione della logistica, con conseguente riduzione dei costi e maggiore soddisfazione del cliente.<\/li>\n\n\n\n<li>Innovazione accelerata e maggiore reattivit\u00e0 del mercato, con approfondimenti basati sull&#039;intelligenza artificiale sulle preferenze dei clienti e sulle tendenze del mercato che informano lo sviluppo del prodotto e il processo decisionale strategico.<\/li>\n\n\n\n<li>Una forza lavoro pi\u00f9 sicura e pi\u00f9 autorizzata, poich\u00e9 l\u2019automazione assume il controllo di compiti pericolosi e i dipendenti vengono ridistribuiti in ruoli di valore pi\u00f9 elevato, migliorando la soddisfazione lavorativa e la produttivit\u00e0.<\/li>\n\n\n\n<li>Un vantaggio competitivo rafforzato sul mercato, poich\u00e9 le aziende che adottano l\u2019automazione e l\u2019intelligenza artificiale sono in una posizione migliore per offrire prodotti innovativi, soddisfare le richieste dei clienti e operare in modo pi\u00f9 sostenibile ed efficiente.<\/li>\n<\/ul>\n\n\n\n<h2 class=\"wp-block-heading\">Technologies We Leverage in This Consulting<\/h2>\n\n\n\n<figure class=\"gb-block-image gb-block-image-48d2750a\"><img loading=\"lazy\" decoding=\"async\" width=\"1456\" height=\"816\" class=\"gb-image gb-image-48d2750a\" src=\"https:\/\/www.sisinternational.com\/wp-content\/uploads\/2025\/10\/Forest-Products-Automatio-3.jpg\" alt=\"Ricerca e strategia di mercato internazionale SIS\" title=\"Forest Products Automatio (3)\" srcset=\"https:\/\/www.sisinternational.com\/wp-content\/uploads\/2025\/10\/Forest-Products-Automatio-3.jpg 1456w, https:\/\/www.sisinternational.com\/wp-content\/uploads\/2025\/10\/Forest-Products-Automatio-3-300x168.jpg 300w, https:\/\/www.sisinternational.com\/wp-content\/uploads\/2025\/10\/Forest-Products-Automatio-3-1024x574.jpg 1024w, https:\/\/www.sisinternational.com\/wp-content\/uploads\/2025\/10\/Forest-Products-Automatio-3-768x430.jpg 768w, https:\/\/www.sisinternational.com\/wp-content\/uploads\/2025\/10\/Forest-Products-Automatio-3-18x10.jpg 18w\" sizes=\"auto, (max-width: 1456px) 100vw, 1456px\"><\/figure>\n\n\n\n<p><\/p>\n\n\n\n<p>In paper, pulp, and forest products automation and <a href=\"https:\/\/www.sisinternational.com\/it\/soluzioni\/ai-ricerche-di-mercato-e-consulenza-strategica\/consulenza-sullintelligenza-artificiale-di-viaggio\/\" title=\"Consulenza sull&#039;intelligenza artificiale di viaggio\"  data-wpil-monitor-id=\"1916\">artificial intelligence consulting<\/a>, SIS harnesses advanced technologies and tools. These are designed to address the industry&#8217;s unique challenges, enhancing operational efficiency, product quality, and environmental sustainability.<\/p>\n\n\n\n<p>Here\u2019s an overview of the technologies and methodologies SIS typically leverages:<\/p>\n\n\n\n<ul class=\"wp-block-list\">\n<li><strong>Sistemi di intelligenza artificiale per il controllo della qualit\u00e0:<\/strong> I sistemi avanzati di intelligenza artificiale monitorano la qualit\u00e0 del prodotto in tempo reale, identificando le deviazioni dagli standard e consentendo correzioni immediate, garantendo una qualit\u00e0 del prodotto costante.<\/li>\n\n\n\n<li><strong>Strumenti di analisi e visualizzazione dei dati:<\/strong> Aggregando e analizzando i dati provenienti da varie fonti, questi strumenti forniscono informazioni utili su prestazioni operative, tendenze di mercato e preferenze dei clienti, supportando un processo decisionale informato.<\/li>\n\n\n\n<li><strong>Sistemi automatizzati di movimentazione dei materiali:<\/strong> La robotica e le tecnologie di automazione migliorano l&#039;efficienza e la sicurezza dei processi di movimentazione dei materiali, dalla raccolta delle materie prime all&#039;imballaggio del prodotto finito.<\/li>\n\n\n\n<li><strong>Blockchain per la trasparenza della catena di fornitura:<\/strong> La tecnologia Blockchain crea registrazioni trasparenti e sicure delle origini, della lavorazione e della distribuzione dei prodotti, migliorando la tracciabilit\u00e0 e la fiducia dei consumatori.<\/li>\n<\/ul>\n\n\n\n<h2 class=\"wp-block-heading\">Why Engage with SIS International&#8217;s Paper, pulp, and forest products automation and artificial intelligence consulting<\/h2>\n\n\n\n<p>IL <a href=\"https:\/\/www.linkedin.com\/company\/sisinternationalresearch\/\" target=\"_blank\" rel=\"noopener\">SIS Internazionale<\/a> approach to paper, pulp, and forest products automation and artificial intelligence consulting has a holistic, strategic, and client-centric methodology. This approach ensures that clients not only navigate the transition toward automation and AI effectively but also harness these technologies to drive innovation, efficiency, and sustainability. Here&#8217;s an in-depth look at the SIS approach:<\/p>\n\n\n\n<ul class=\"wp-block-list\">\n<li><strong>Soluzioni personalizzate:<\/strong> Understanding that each business faces unique challenges and opportunities, SIS begins with a comprehensive assessment of the client&#8217;s current operations, market position, and strategic goals.<\/li>\n\n\n\n<li><strong>Sfruttare le tecnologie avanzate:<\/strong> With expertise in the latest automation and AI technologies, SIS advises clients on the most effective tools and systems to enhance their operations.\u00a0<\/li>\n\n\n\n<li><strong>Pratiche sostenibili:<\/strong> Una componente chiave dell\u2019approccio SIS \u00e8 la sostenibilit\u00e0. Ottimizzando l&#039;uso delle risorse e riducendo gli sprechi attraverso l&#039;automazione e l&#039;intelligenza artificiale, SIS aiuta i clienti a migliorare il proprio impatto ambientale e a raggiungere una maggiore efficienza operativa.<\/li>\n\n\n\n<li><strong>Analisi approfondita:<\/strong> SIS provides clients with actionable insights into their operations, market trends, and customer preferences. It enables more informed decision-making and strategic planning.<\/li>\n\n\n\n<li><strong>Supportare la transizione:<\/strong> Recognizing the impact of automation and AI on the workforce, SIS offers guidance on workforce development and change management.\u00a0<\/li>\n\n\n\n<li><strong>Supporto continuo:<\/strong> Beyond initial implementation, SIS provides continuing support and advice to clients, fostering continuous improvement and innovation.\u00a0<\/li>\n\n\n\n<li><strong>Affrontare le sfide normative:<\/strong> SIS assiste i clienti nell&#039;esplorazione del complesso panorama normativo del settore della carta, della pasta di legno e dei prodotti forestali, garantendo che le iniziative di automazione e intelligenza artificiale siano conformi a tutte le normative e gli standard pertinenti.<\/li>\n<\/ul>\n\n\n\n<div class=\"is-root-container is-desktop-preview is-layout-flow wp-block-post-content block-editor-block-list__layout\" spellcheck=\"false\">\n<div id=\"block-37fdf129-2515-4c97-9c3a-bd8432dd582f\" class=\"block-editor-block-list__block wp-block is-selected wp-block-freeform is-hovered\" tabindex=\"0\" role=\"document\" aria-label=\"Blocco: Classico\" data-block=\"37fdf129-2515-4c97-9c3a-bd8432dd582f\" data-type=\"core\/freeform\" data-title=\"Classic\">\n<div id=\"editor-37fdf129-2515-4c97-9c3a-bd8432dd582f\" class=\"wp-block-freeform block-library-rich-text__tinymce mce-content-body html5-captions mce-edit-focus\" style=\"position: relative;\" contenteditable=\"true\">\n<h2>La nostra sede a New York<\/h2>\n<p>  <iframe loading=\"lazy\" src=\"https:\/\/www.google.com\/maps\/embed?pb=!1m18!1m12!1m3!1d3022.976188376966!2d-73.99130312499956!3d40.740549471389315!2m3!1f0!2f0!3f0!3m2!1i1024!2i768!4f13.1!3m3!1m2!1s0x89c259a15798c731%3A0xd695d09bdd495f25!2s11%20E%2022nd%20St%20FL%202%2C%20New%20York%2C%20NY%2010010%2C%20USA!5e0!3m2!1sen!2spe!4v1726171763526!5m2!1sen!2spe\" width=\"600\" height=\"450\" allowfullscreen=\"allowfullscreen\" data-mce-fragment=\"1\"><\/iframe>  <\/p>\n<h3 class=\"wp-block-heading\">11 E 22nd Street, piano 2, New York, NY 10010 T: +1(212) 505-6805<\/h3>\n<hr>\n<h2><span style=\"font-weight: 400;\">A proposito di SIS Internazionale<\/span><\/h2>\n<p><a href=\"https:\/\/www.sisinternational.com\/it\/\"><span style=\"font-weight: 400;\">SIS Internazionale<\/span><\/a><span style=\"font-weight: 400;\"> offre ricerca quantitativa, qualitativa e strategica. Forniamo dati, strumenti, strategie, report e approfondimenti per il processo decisionale. Conduciamo anche interviste, sondaggi, focus group e altri metodi e approcci di ricerca di mercato.<\/span><a href=\"https:\/\/www.sisinternational.com\/it\/sulla-sua-ricerca-internazionale\/contact-sis-international-market-research\/\"><span style=\"font-weight: 400;\"> Contattaci<\/span><\/a><span style=\"font-weight: 400;\"> per il tuo prossimo progetto di ricerca di mercato.<\/span><\/p>\n<hr><\/div>\n<\/div>\n<\/div>\n\n\n\n<p><\/p>\n\n\n\n<p><\/p>","protected":false},"excerpt":{"rendered":"<p>Automazione dei prodotti forestali e consulenza sull&#039;intelligenza artificiale Aiuta le aziende a passare a operazioni efficienti ed economicamente vantaggiose.<\/p>","protected":false},"author":1,"featured_media":71632,"parent":44406,"menu_order":69,"comment_status":"closed","ping_status":"closed","template":"","meta":{"footnotes":""},"class_list":["post-46169","page","type-page","status-publish","has-post-thumbnail"],"_links":{"self":[{"href":"https:\/\/www.sisinternational.com\/it\/wp-json\/wp\/v2\/pages\/46169","targetHints":{"allow":["GET"]}}],"collection":[{"href":"https:\/\/www.sisinternational.com\/it\/wp-json\/wp\/v2\/pages"}],"about":[{"href":"https:\/\/www.sisinternational.com\/it\/wp-json\/wp\/v2\/types\/page"}],"author":[{"embeddable":true,"href":"https:\/\/www.sisinternational.com\/it\/wp-json\/wp\/v2\/users\/1"}],"replies":[{"embeddable":true,"href":"https:\/\/www.sisinternational.com\/it\/wp-json\/wp\/v2\/comments?post=46169"}],"version-history":[{"count":24,"href":"https:\/\/www.sisinternational.com\/it\/wp-json\/wp\/v2\/pages\/46169\/revisions"}],"predecessor-version":[{"id":79281,"href":"https:\/\/www.sisinternational.com\/it\/wp-json\/wp\/v2\/pages\/46169\/revisions\/79281"}],"up":[{"embeddable":true,"href":"https:\/\/www.sisinternational.com\/it\/wp-json\/wp\/v2\/pages\/44406"}],"wp:featuredmedia":[{"embeddable":true,"href":"https:\/\/www.sisinternational.com\/it\/wp-json\/wp\/v2\/media\/71632"}],"wp:attachment":[{"href":"https:\/\/www.sisinternational.com\/it\/wp-json\/wp\/v2\/media?parent=46169"}],"curies":[{"name":"wp","href":"https:\/\/api.w.org\/{rel}","templated":true}]}}