{"id":46128,"date":"2024-02-19T14:57:00","date_gmt":"2024-02-19T19:57:00","guid":{"rendered":"https:\/\/www.sisinternational.com\/?page_id=46128"},"modified":"2026-01-26T18:52:10","modified_gmt":"2026-01-26T23:52:10","slug":"consulenza-strategica-sullintelligenza-artificiale","status":"publish","type":"page","link":"https:\/\/www.sisinternational.com\/it\/soluzioni\/ai-ricerche-di-mercato-e-consulenza-strategica\/consulenza-strategica-sullintelligenza-artificiale\/","title":{"rendered":"Consulenza strategica sull&#039;intelligenza artificiale"},"content":{"rendered":"<h1 class=\"wp-block-heading\">Consulenza strategica sull&#039;intelligenza artificiale<\/h1>\n\n\n\n<figure class=\"gb-block-image gb-block-image-b5080a15\"><img loading=\"lazy\" decoding=\"async\" width=\"1456\" height=\"816\" class=\"gb-image gb-image-b5080a15\" src=\"https:\/\/www.sisinternational.com\/wp-content\/uploads\/2025\/10\/AI-Strategy-Consulting-2.jpg\" alt=\"Ricerca e strategia di mercato internazionale SIS\" title=\"AI Strategy Consulting (2)\" srcset=\"https:\/\/www.sisinternational.com\/wp-content\/uploads\/2025\/10\/AI-Strategy-Consulting-2.jpg 1456w, https:\/\/www.sisinternational.com\/wp-content\/uploads\/2025\/10\/AI-Strategy-Consulting-2-300x168.jpg 300w, https:\/\/www.sisinternational.com\/wp-content\/uploads\/2025\/10\/AI-Strategy-Consulting-2-1024x574.jpg 1024w, https:\/\/www.sisinternational.com\/wp-content\/uploads\/2025\/10\/AI-Strategy-Consulting-2-768x430.jpg 768w, https:\/\/www.sisinternational.com\/wp-content\/uploads\/2025\/10\/AI-Strategy-Consulting-2-18x10.jpg 18w\" sizes=\"auto, (max-width: 1456px) 100vw, 1456px\"><\/figure>\n\n\n\n<p><\/p>\n\n\n\n<hr class=\"wp-block-separator has-alpha-channel-opacity\"\/>\n\n\n\n<p>In an era where AI is reshaping the competitive landscape, businesses that fail to integrate AI into their strategic planning find themselves at a disadvantage\u2026 So, how can organizations harness AI&#8217;s transformative power to survive and thrive in this new era? AI strategy consulting delivers a roadmap for integrating AI technologies that align with business objectives and drive innovation \u2013 and ensures that AI initiatives are not siloed tech projects but integral elements of a holistic business strategy.<\/p>\n\n\n\n<h2 class=\"wp-block-heading\">What Is AI Strategy Consulting? Why Is It Important?<\/h2>\n\n\n\n<figure class=\"wp-block-image\"><img decoding=\"async\" src=\"https:\/\/www.sisinternational.com\/wp-content\/uploads\/2025\/06\/AI-9.jpg\" alt=\"Ricerca e strategia di mercato internazionale SIS\" class=\"wp-image-60063\"><\/figure>\n\n\n\n<p><\/p>\n\n\n\n<p>AI strategy consulting helps businesses navigate the complexities of AI integration, ensuring that technology investments align with business goals. It&#8217;s about transforming organizational processes, culture, and capabilities to leverage AI&#8217;s full potential. It equips companies with a clear vision and roadmap for AI adoption, ensuring that technological investments are innovative, strategic, and aligned with long-term goals. This foresight is essential in avoiding the common pitfall of investing in AI technologies without clearly understanding their potential impact on the business.<\/p>\n\n\n\n<p>Inoltre, la complessit\u00e0 delle tecnologie di intelligenza artificiale e il ritmo rapido della trasformazione digitale richiedono conoscenze e competenze specializzate. La consulenza strategica sull&#039;intelligenza artificiale offre accesso a esperti in grado di affrontare le sfide tecniche e strategiche dell&#039;integrazione dell&#039;intelligenza artificiale, dalla governance dei dati e lo sviluppo dei modelli alle considerazioni etiche e alla conformit\u00e0 normativa. Questa esperienza \u00e8 preziosa per mitigare i rischi, accelerare l\u2019implementazione e massimizzare il ROI dei progetti di intelligenza artificiale.<\/p>\n\n\n\n<p>La consulenza strategica sull\u2019intelligenza artificiale promuove anche una cultura dell\u2019innovazione all\u2019interno delle organizzazioni. Coinvolgendo team interfunzionali nello sviluppo e nell\u2019esecuzione delle strategie di intelligenza artificiale, le aziende possono incoraggiare la collaborazione, la condivisione delle conoscenze e una mentalit\u00e0 orientata al miglioramento continuo e all\u2019innovazione. In ogni caso, presenta molti altri vantaggi per le imprese, tra cui:<\/p>\n\n\n\n<ul class=\"wp-block-list\">\n<li><strong>Vantaggio competitivo:<\/strong> Le aziende possono ottenere un vantaggio significativo rispetto alla concorrenza sfruttando l\u2019intelligenza artificiale per ottimizzare le operazioni, migliorare l\u2019esperienza dei clienti e innovare prodotti e servizi.<\/li>\n\n\n\n<li><strong>Gestione del rischio:<\/strong> La consulenza strategica sull&#039;intelligenza artificiale aiuta le aziende a superare queste complessit\u00e0, garantendo la conformit\u00e0 alle normative, un utilizzo etico dell&#039;intelligenza artificiale e solide pratiche di governance dei dati.<\/li>\n\n\n\n<li><strong>Innovazione e crescita:<\/strong> La consulenza strategica sull\u2019intelligenza artificiale promuove una cultura dell\u2019innovazione all\u2019interno delle organizzazioni, incoraggiando l\u2019esplorazione di nuove idee e l\u2019adozione di tecnologie all\u2019avanguardia. Questa cultura \u00e8 essenziale per sostenere la crescita, adattarsi ai cambiamenti del mercato e creare nuove proposte di valore che soddisfino le esigenze dei clienti in evoluzione.<\/li>\n\n\n\n<li><strong>Processo decisionale migliorato:<\/strong> Le aziende possono prendere decisioni pi\u00f9 informate e basate sui dati sfruttando la potenza dell&#039;intelligenza artificiale per l&#039;analisi dei dati e l&#039;analisi predittiva. La consulenza strategica sull&#039;intelligenza artificiale guida l&#039;integrazione di strumenti di intelligenza artificiale che forniscono informazioni utili, migliorando il processo decisionale strategico.<\/li>\n\n\n\n<li><strong>Soluzioni personalizzate:<\/strong> La consulenza strategica sull&#039;intelligenza artificiale offre soluzioni su misura che rispondono a esigenze aziendali specifiche, garantendo che le iniziative di intelligenza artificiale siano efficaci e scalabili.<\/li>\n<\/ul>\n\n\n\n<h2 class=\"wp-block-heading\">Who benefits from AI Strategy Consulting<\/h2>\n\n\n\n<figure class=\"gb-block-image gb-block-image-d743a8e3\"><img loading=\"lazy\" decoding=\"async\" width=\"1456\" height=\"816\" class=\"gb-image gb-image-d743a8e3\" src=\"https:\/\/www.sisinternational.com\/wp-content\/uploads\/2025\/10\/AI-Strategy-Consulting-1.jpg\" alt=\"Ricerca e strategia di mercato internazionale SIS\" title=\"AI Strategy Consulting (1)\" srcset=\"https:\/\/www.sisinternational.com\/wp-content\/uploads\/2025\/10\/AI-Strategy-Consulting-1.jpg 1456w, https:\/\/www.sisinternational.com\/wp-content\/uploads\/2025\/10\/AI-Strategy-Consulting-1-300x168.jpg 300w, https:\/\/www.sisinternational.com\/wp-content\/uploads\/2025\/10\/AI-Strategy-Consulting-1-1024x574.jpg 1024w, https:\/\/www.sisinternational.com\/wp-content\/uploads\/2025\/10\/AI-Strategy-Consulting-1-768x430.jpg 768w, https:\/\/www.sisinternational.com\/wp-content\/uploads\/2025\/10\/AI-Strategy-Consulting-1-18x10.jpg 18w\" sizes=\"auto, (max-width: 1456px) 100vw, 1456px\"><\/figure>\n\n\n\n<p><\/p>\n\n\n\n<p>La consulenza strategica sull\u2019intelligenza artificiale non si limita a un settore o un\u2019industria specifica; la sua applicabilit\u00e0 abbraccia un&#039;ampia gamma di aziende, dalle start-up alle multinazionali \u2013 ed ecco uno sguardo pi\u00f9 da vicino a chi utilizza la consulenza strategica sull&#039;intelligenza artificiale e perch\u00e9 \u00e8 diventata una risorsa indispensabile.<\/p>\n\n\n\n<ul class=\"wp-block-list\">\n<li><strong>Grandi imprese:<\/strong> La consulenza strategica sull\u2019intelligenza artificiale aiuta queste organizzazioni a sfruttare l\u2019intelligenza artificiale per automatizzare i processi, migliorare il processo decisionale e creare nuovi modelli di business, garantendo che rimangano agili e competitivi nei mercati in rapida evoluzione.<\/li>\n\n\n\n<li><strong>Startup e scale-up:<\/strong> Agilit\u00e0 e innovazione sono fondamentali per le startup e le scale-up che mirano a sconvolgere i mercati tradizionali o ritagliarsi nuove nicchie. La consulenza strategica sull\u2019intelligenza artificiale consente loro di sfruttare le tecnologie AI fin dall\u2019inizio, incorporando intelligenza ed efficienza nelle loro operazioni, prodotti e servizi, accelerando la crescita e attirando investimenti.<\/li>\n\n\n\n<li><strong>Organizzazioni del settore pubblico:<\/strong> Government agencies and entities are turning to AI strategy consulting to improve service delivery, enhance public welfare programs, and optimize resource management.<\/li>\n\n\n\n<li><strong>Fornitori di servizi sanitari:<\/strong> IL <a href=\"https:\/\/www.sisinternational.com\/it\/soluzioni\/sis-consulenza-blockchain\/blockchain-nella-consulenza-strategica-sanitaria\/\" title=\"Blockchain nella consulenza strategica sanitaria\"  data-wpil-monitor-id=\"6424\">healthcare sector benefits from AI strategy consulting<\/a> by integrating AI into diagnostics, patient care, and operational efficiency. AI can help analyze vast amounts of data for better patient outcomes, personalized treatment plans, and streamlined administrative processes, improving the quality and accessibility of healthcare services.<\/li>\n\n\n\n<li><strong>Servizi finanziari:<\/strong> L\u2019intelligenza artificiale consente a queste aziende di migliorare la gestione del rischio, il rilevamento delle frodi, il servizio clienti e la personalizzazione, garantendo che soddisfino le aspettative in evoluzione dei loro clienti.<\/li>\n\n\n\n<li><strong>Produzione e catena di fornitura:<\/strong> La consulenza strategica sull\u2019intelligenza artificiale \u00e8 fondamentale per ottimizzare i processi di produzione, migliorare il controllo di qualit\u00e0 e migliorare la visibilit\u00e0 della catena di fornitura. Le tecnologie AI consentono la manutenzione predittiva, la previsione della domanda e il processo decisionale in tempo reale, favorendo l\u2019efficienza e la resilienza nelle operazioni.<\/li>\n\n\n\n<li><strong>Vendita al dettaglio ed e-commerce:<\/strong> La consulenza strategica basata sull&#039;intelligenza artificiale aiuta le aziende di vendita al dettaglio e le piattaforme di e-commerce a personalizzare le esperienze dei clienti, ottimizzare la gestione dell&#039;inventario e implementare soluzioni logistiche efficienti.<\/li>\n<\/ul>\n\n\n\n<h2 class=\"wp-block-heading\">When to Engage in AI Strategy Consulting<\/h2>\n\n\n\n<figure class=\"wp-block-image\"><img decoding=\"async\" src=\"https:\/\/www.sisinternational.com\/wp-content\/uploads\/2025\/06\/AI-43.jpg\" alt=\"Ricerca e strategia di mercato internazionale SIS\" class=\"wp-image-60058\"><\/figure>\n\n\n\n<p><\/p>\n\n\n\n<p>La consulenza strategica sull&#039;intelligenza artificiale \u00e8 un processo continuo che si allinea alla natura in evoluzione degli obiettivi aziendali e dei progressi tecnologici. Riconoscere i momenti giusti per investire nella consulenza strategica sull\u2019intelligenza artificiale pu\u00f2 migliorarne significativamente l\u2019efficacia e l\u2019impatto sui risultati aziendali.<\/p>\n\n\n\n<ul class=\"wp-block-list\">\n<li><strong>In vista di importanti investimenti tecnologici:<\/strong> Prima di impegnarsi in investimenti significativi in tecnologia o infrastrutture, consultare gli strateghi dell\u2019IA pu\u00f2 aiutare a identificare le opportunit\u00e0 di intelligenza artificiale pi\u00f9 preziose ed evitare costosi passi falsi. Questo approccio proattivo garantisce che gli investimenti tecnologici siano strategici, mirati e in grado di fornire i risultati desiderati.<\/li>\n\n\n\n<li><strong>In risposta alle pressioni competitive:<\/strong> When competitors gain an edge through AI and technological innovation, AI strategy <a href=\"https:\/\/www.sisinternational.com\/it\/soluzioni\/consulenza-strategica\/pianificazione-dello-scenario\/\" title=\"Consulenza strategica per la pianificazione degli scenari\"  data-wpil-monitor-id=\"7102\">consulenza<\/a> can provide the insights and action plans needed to close the competitive gap and reposition your business as an industry leader.<\/li>\n\n\n\n<li><strong>Di fronte a inefficienze operative:<\/strong> Se colli di bottiglia o inefficienze operative ostacolano la crescita o la soddisfazione del cliente, la consulenza strategica sull\u2019intelligenza artificiale pu\u00f2 identificare i processi maturi per l\u2019automazione o il miglioramento, favorendo l\u2019efficienza e migliorando le prestazioni.<\/li>\n\n\n\n<li><strong>Per sfruttare le nuove opportunit\u00e0 di mercato:<\/strong> Questa consulenza pu\u00f2 scoprire come le tecnologie AI possono aprire nuovi mercati, creare nuove offerte di prodotti o ridefinire l\u2019esperienza dei clienti, garantendo che le aziende rimangano all\u2019avanguardia nei loro settori.<\/li>\n<\/ul>\n\n\n\n<h2 class=\"wp-block-heading\">AI Strategy Consulting with SIS International&nbsp;<\/h2>\n\n\n\n<figure class=\"gb-block-image gb-block-image-7b86b78c\"><img loading=\"lazy\" decoding=\"async\" width=\"1456\" height=\"816\" class=\"gb-image gb-image-7b86b78c\" src=\"https:\/\/www.sisinternational.com\/wp-content\/uploads\/2025\/10\/AI-Strategy-Consulting-3.jpg\" alt=\"Ricerca e strategia di mercato internazionale SIS\" title=\"AI Strategy Consulting (3)\" srcset=\"https:\/\/www.sisinternational.com\/wp-content\/uploads\/2025\/10\/AI-Strategy-Consulting-3.jpg 1456w, https:\/\/www.sisinternational.com\/wp-content\/uploads\/2025\/10\/AI-Strategy-Consulting-3-300x168.jpg 300w, https:\/\/www.sisinternational.com\/wp-content\/uploads\/2025\/10\/AI-Strategy-Consulting-3-1024x574.jpg 1024w, https:\/\/www.sisinternational.com\/wp-content\/uploads\/2025\/10\/AI-Strategy-Consulting-3-768x430.jpg 768w, https:\/\/www.sisinternational.com\/wp-content\/uploads\/2025\/10\/AI-Strategy-Consulting-3-18x10.jpg 18w\" sizes=\"auto, (max-width: 1456px) 100vw, 1456px\"><\/figure>\n\n\n\n<p><\/p>\n\n\n\n<p>A <a href=\"https:\/\/www.linkedin.com\/company\/sisinternationalresearch\/\" target=\"_blank\" rel=\"noopener\">SIS Internazionale<\/a>, AI strategy consulting is more than just a service; it&#8217;s a partnership. We work closely with our clients to understand their unique challenges, opportunities, and objectives. This deep understanding forms the foundation of our approach, enabling us to tailor AI strategies that are not only innovative but also practical and impactful.<\/p>\n\n\n\n<ul class=\"wp-block-list\">\n<li><strong>Analisi approfondita del settore:<\/strong> Il nostro approccio inizia con un&#039;analisi approfondita del settore del cliente, comprese le dinamiche competitive, il contesto normativo e le tendenze emergenti. Ci\u00f2 garantisce che le nostre strategie di intelligenza artificiale siano informate da una profonda comprensione del panorama del mercato e siano progettate per sfruttare opportunit\u00e0 specifiche del settore.<\/li>\n\n\n\n<li><strong>Sviluppo di roadmap IA personalizzate:<\/strong> Sfruttando le informazioni provenienti dall&#039;analisi del settore, collaboriamo con i clienti per sviluppare una roadmap AI personalizzata. Questa tabella di marcia delinea le iniziative, le tempistiche e le tappe fondamentali dell&#039;IA strategica, garantendo un chiaro percorso da seguire per l&#039;integrazione dell&#039;IA in linea con gli obiettivi strategici del cliente.<\/li>\n\n\n\n<li><strong>Coinvolgimento e allineamento delle parti interessate:<\/strong> L\u2019approccio SIS prevede un ampio coinvolgimento delle parti interessate. Lavoriamo per allineare dirigenti, team IT e personale operativo attorno alla strategia AI, promuovendo una cultura di collaborazione e innovazione.<\/li>\n\n\n\n<li><strong>Quadro etico di governance e intelligenza artificiale:<\/strong> Ethical considerations and data governance are at the heart of our <a href=\"https:\/\/www.sisinternational.com\/it\/competenza\/industrie\/consulenza-sulla-visualizzazione-dei-dati\/\" title=\"Consulenza sulla visualizzazione dei dati\" data-wpil-monitor-id=\"5833\">AI strategy consulting<\/a>. We help clients develop frameworks that ensure AI is used responsibly and that data privacy and security are prioritized, aligning with regulatory requirements and ethical standards.<\/li>\n\n\n\n<li><strong>Supporto e scalabilit\u00e0 dell&#039;implementazione:<\/strong> La nostra partnership va oltre lo sviluppo della strategia per supportare l\u2019implementazione e il ridimensionamento delle iniziative di intelligenza artificiale. Forniamo consulenza e competenze continue per garantire che i progetti di intelligenza artificiale vengano eseguiti con successo e possano crescere in linea con la crescita del business.<\/li>\n\n\n\n<li><strong>Misurazione e miglioramento continuo:<\/strong> Il nostro approccio enfatizza la misurazione dei risultati e la promozione del miglioramento continuo. Aiutiamo i clienti a stabilire parametri di successo e a implementare processi per la valutazione continua e il perfezionamento delle iniziative di intelligenza artificiale.<\/li>\n<\/ul>\n\n\n\n<h2 class=\"wp-block-heading\">La nostra sede a New York<\/h2>\n\n\n\n<p>  <iframe loading=\"lazy\" src=\"https:\/\/www.google.com\/maps\/embed?pb=!1m18!1m12!1m3!1d3022.976188376966!2d-73.99130312499956!3d40.740549471389315!2m3!1f0!2f0!3f0!3m2!1i1024!2i768!4f13.1!3m3!1m2!1s0x89c259a15798c731%3A0xd695d09bdd495f25!2s11%20E%2022nd%20St%20FL%202%2C%20New%20York%2C%20NY%2010010%2C%20USA!5e0!3m2!1sen!2spe!4v1726171763526!5m2!1sen!2spe\" width=\"600\" height=\"450\" allowfullscreen=\"allowfullscreen\" data-mce-fragment=\"1\"><\/iframe>  <\/p>\n\n\n\n<h3 class=\"wp-block-heading\">11 E 22nd Street, piano 2, New York, NY 10010 T: +1(212) 505-6805<\/h3>\n\n\n\n<hr class=\"wp-block-separator has-alpha-channel-opacity\"\/>\n\n\n\n<h2 class=\"wp-block-heading\"><span style=\"font-weight: 400;\">A proposito di SIS Internazionale<\/span><\/h2>\n\n\n\n<p><a href=\"https:\/\/www.sisinternational.com\/it\/\"><span style=\"font-weight: 400;\">SIS Internazionale<\/span><\/a><span style=\"font-weight: 400;\"> offre ricerca quantitativa, qualitativa e strategica. Forniamo dati, strumenti, strategie, report e approfondimenti per il processo decisionale. Conduciamo anche interviste, sondaggi, focus group e altri metodi e approcci di ricerca di mercato.<\/span><a href=\"https:\/\/www.sisinternational.com\/it\/sulla-sua-ricerca-internazionale\/contact-sis-international-market-research\/\"><span style=\"font-weight: 400;\"> Contattaci<\/span><\/a><span style=\"font-weight: 400;\"> per il tuo prossimo progetto di ricerca di mercato.<\/span><\/p>\n\n\n\n<hr class=\"wp-block-separator has-alpha-channel-opacity\"\/>\n\n\n\n<h2 class=\"wp-block-heading\">&nbsp;<\/h2>\n\n\n\n<h2 class=\"wp-block-heading\">&nbsp;<\/h2>\n\n\n\n<p><\/p>\n\n\n\n<p><\/p>","protected":false},"excerpt":{"rendered":"<p>La consulenza strategica sull&#039;intelligenza artificiale aiuta le aziende a superare le complessit\u00e0 dell&#039;integrazione dell&#039;intelligenza artificiale in modo che gli investimenti tecnologici siano allineati agli obiettivi aziendali.<\/p>","protected":false},"author":1,"featured_media":71617,"parent":44406,"menu_order":67,"comment_status":"closed","ping_status":"closed","template":"","meta":{"footnotes":""},"class_list":["post-46128","page","type-page","status-publish","has-post-thumbnail"],"_links":{"self":[{"href":"https:\/\/www.sisinternational.com\/it\/wp-json\/wp\/v2\/pages\/46128","targetHints":{"allow":["GET"]}}],"collection":[{"href":"https:\/\/www.sisinternational.com\/it\/wp-json\/wp\/v2\/pages"}],"about":[{"href":"https:\/\/www.sisinternational.com\/it\/wp-json\/wp\/v2\/types\/page"}],"author":[{"embeddable":true,"href":"https:\/\/www.sisinternational.com\/it\/wp-json\/wp\/v2\/users\/1"}],"replies":[{"embeddable":true,"href":"https:\/\/www.sisinternational.com\/it\/wp-json\/wp\/v2\/comments?post=46128"}],"version-history":[{"count":17,"href":"https:\/\/www.sisinternational.com\/it\/wp-json\/wp\/v2\/pages\/46128\/revisions"}],"predecessor-version":[{"id":80666,"href":"https:\/\/www.sisinternational.com\/it\/wp-json\/wp\/v2\/pages\/46128\/revisions\/80666"}],"up":[{"embeddable":true,"href":"https:\/\/www.sisinternational.com\/it\/wp-json\/wp\/v2\/pages\/44406"}],"wp:featuredmedia":[{"embeddable":true,"href":"https:\/\/www.sisinternational.com\/it\/wp-json\/wp\/v2\/media\/71617"}],"wp:attachment":[{"href":"https:\/\/www.sisinternational.com\/it\/wp-json\/wp\/v2\/media?parent=46128"}],"curies":[{"name":"wp","href":"https:\/\/api.w.org\/{rel}","templated":true}]}}