{"id":45883,"date":"2024-02-03T21:13:53","date_gmt":"2024-02-04T02:13:53","guid":{"rendered":"https:\/\/www.sisinternational.com\/?page_id=45883"},"modified":"2026-01-31T17:58:14","modified_gmt":"2026-01-31T22:58:14","slug":"consulenza-alberghiera-sui-social-media","status":"publish","type":"page","link":"https:\/\/www.sisinternational.com\/it\/soluzioni\/consulenza-per-lospitalita-turistica-turistica\/consulenza-alberghiera-sui-social-media\/","title":{"rendered":"Consulenza alberghiera sui social media"},"content":{"rendered":"<h1 class=\"wp-block-heading\">Consulenza alberghiera sui social media<\/h1>\n\n\n\n<figure class=\"gb-block-image gb-block-image-dd7e1acd\"><img loading=\"lazy\" decoding=\"async\" width=\"1456\" height=\"816\" class=\"gb-image gb-image-dd7e1acd\" src=\"https:\/\/www.sisinternational.com\/wp-content\/uploads\/2025\/08\/Social-media-7.jpg\" alt=\"Ricerca e strategia di mercato internazionale SIS\" title=\"Social media (7)\" srcset=\"https:\/\/www.sisinternational.com\/wp-content\/uploads\/2025\/08\/Social-media-7.jpg 1456w, https:\/\/www.sisinternational.com\/wp-content\/uploads\/2025\/08\/Social-media-7-300x168.jpg 300w, https:\/\/www.sisinternational.com\/wp-content\/uploads\/2025\/08\/Social-media-7-1024x574.jpg 1024w, https:\/\/www.sisinternational.com\/wp-content\/uploads\/2025\/08\/Social-media-7-768x430.jpg 768w, https:\/\/www.sisinternational.com\/wp-content\/uploads\/2025\/08\/Social-media-7-18x10.jpg 18w\" sizes=\"auto, (max-width: 1456px) 100vw, 1456px\"><\/figure>\n\n\n\n<p><\/p>\n\n\n\n<hr class=\"wp-block-separator has-alpha-channel-opacity is-style-dots\"\/>\n\n\n\n<p>Padroneggiare l\u2019arte dei social media non \u00e8 pi\u00f9 un optional. \u00c8 una componente fondamentale della strategia di un hotel per affascinare, coinvolgere e fidelizzare gli ospiti. Per questo motivo, la consulenza alberghiera sui social media rappresenta un profondo cambiamento rispetto al marketing tradizionale, offrendo agli hotel una piattaforma dinamica per mostrare la propria personalit\u00e0, connettersi con gli ospiti e costruire una comunit\u00e0 attorno al proprio marchio.<\/p>\n\n\n\n<h2 class=\"wp-block-heading\">Che cos&#039;\u00e8 la consulenza alberghiera sui social media?<\/h2>\n\n\n\n<p><a title=\"Consulenza sull&#039;identit\u00e0 del marchio alberghiero\" href=\"https:\/\/www.sisinternational.com\/it\/soluzioni\/consulenza-per-lospitalita-turistica-turistica\/consulenza-sullidentita-del-marchio-alberghiero\/\" data-wpil-monitor-id=\"2920\">Social media hotel<\/a> consulting focuses on leveraging social media platforms to enhance a hotel&#8217;s brand presence, engage with guests, and drive business growth. It develops a comprehensive social media strategy tailored to a hotel\u2019s unique brand identity and target audience. This strategy encompasses choosing the right platforms \u2013 be it Instagram, Facebook, X, LinkedIn, or TikTok \u2013 and crafting content that resonates with the audience.<\/p>\n\n\n\n<p>Inoltre, la consulenza alberghiera sui social media crea contenuti interattivi, risponde a recensioni e commenti e interagisce con gli utenti per creare una community online fedele. Questa interazione non solo migliora la fedelt\u00e0 al marchio, ma fornisce anche preziose informazioni sulle preferenze e sulle tendenze degli ospiti.<\/p>\n\n\n\n<h2 class=\"wp-block-heading\">Perch\u00e9 le aziende hanno bisogno di consulenza alberghiera sui social media<\/h2>\n\n\n\n<p>Poich\u00e9 la stragrande maggioranza dei viaggiatori utilizza i social media per ispirarsi e pianificare, avere una forte presenza sui social media \u00e8 fondamentale. La consulenza per hotel sui social media aiuta le aziende a creare e mantenere una presenza online accattivante, mostrando esperienze, comfort o servizi unici che li distinguono.<\/p>\n\n\n\n<p>Inoltre, le piattaforme di social media forniscono una linea diretta di comunicazione con gli ospiti attuali e potenziali. Attraverso questi canali, gli hotel possono impegnarsi in conversazioni in tempo reale, rispondere ai feedback e costruire relazioni, il che \u00e8 essenziale per la fidelizzazione e la fidelizzazione dei clienti.<\/p>\n\n\n\n<p>Lastly, social media hotel consulting is vital for crisis management and reputation control. In the event of negative reviews or a PR crisis, a swift and strategic response on social media is crucial. Professional <a title=\"Consulenza tecnologica per hotel intelligenti\" href=\"https:\/\/www.sisinternational.com\/it\/soluzioni\/consulenza-per-lospitalita-turistica-turistica\/consulenza-tecnologica-per-hotel-intelligenti\/\" data-wpil-monitor-id=\"2837\">consultants can guide hotels<\/a> in managing their online reputation effectively.<\/p>\n\n\n\n<h2 class=\"wp-block-heading\">Quali sono i vantaggi della consulenza alberghiera sui social media?<\/h2>\n\n\n\n<p>Impegnarsi nella consulenza alberghiera sui social media offre una moltitudine di vantaggi per gli hotel, che vanno dalla maggiore visibilit\u00e0 del marchio al coinvolgimento pi\u00f9 profondo degli ospiti. Ecco alcuni dei principali vantaggi:<\/p>\n\n\n\n<ul class=\"wp-block-list\">\n<li><strong>Presenza online e visibilit\u00e0 del marchio migliorate:<\/strong> Social media hotel consulting helps hotels craft and maintain a compelling online presence. <\/li>\n\n\n\n<li><strong>Marketing e promozioni mirate:<\/strong> I consulenti utilizzano approcci basati sui dati per raggiungere dati demografici specifici, personalizzare i messaggi in base agli interessi dei potenziali ospiti e massimizzare l&#039;impatto degli sforzi promozionali.<\/li>\n\n\n\n<li><strong>Maggiore coinvolgimento e fedelt\u00e0 degli ospiti:<\/strong> Attraverso la gestione strategica dei social media, gli hotel possono interagire direttamente con il proprio pubblico, costruendo una community attorno al proprio marchio.<\/li>\n\n\n\n<li><strong>Informazioni e analisi preziose:<\/strong> La consulenza sui social media fornisce preziose informazioni sulle preferenze e sul comportamento degli ospiti attraverso l&#039;analisi. Comprendere quali contenuti sono in sintonia con il pubblico pu\u00f2 informare strategie operative e di marketing pi\u00f9 ampie.<\/li>\n\n\n\n<li><strong>Aumento delle prenotazioni dirette:<\/strong> Una forte presenza sui social media pu\u00f2 indirizzare pi\u00f9 traffico verso il sito web di un hotel, aumentando potenzialmente le prenotazioni dirette. Strategie efficaci sui social media possono ridurre la dipendenza da siti di prenotazione di terze parti, risparmiando sui costi delle commissioni.<\/li>\n<\/ul>\n\n\n\n<h2 class=\"wp-block-heading\">Fattori chiave del successo<\/h2>\n\n\n\n<p>For social media hotel consulting to be effective, certain key success factors must be in place. These factors are critical in ensuring that the <a title=\"Strategie di social media per le piccole imprese\" href=\"https:\/\/www.sisinternational.com\/it\/i-social-media-nelle-piccole-imprese\/\" data-wpil-monitor-id=\"2201\">social media strategy aligns with the hotel\u2019s<\/a> brand vision and resonates with its target audience and achieves desired business outcomes.<\/p>\n\n\n\n<ul class=\"wp-block-list\">\n<li><strong>Messaggistica coerente del marchio:<\/strong> \u00c8 fondamentale garantire che tutti i contenuti dei social media siano in linea con il messaggio generale del marchio dell&#039;hotel. La coerenza nel tono, nello stile e nel messaggio aiuta a costruire una forte identit\u00e0 di marca e favorisce il ricordo del marchio.<\/li>\n\n\n\n<li><strong>Comprendere il pubblico target:<\/strong> Una profonda comprensione del pubblico target \u2013 le sue preferenze, comportamenti e abitudini sui social media \u2013 \u00e8 vitale. Personalizzare i contenuti e le campagne per soddisfare gli interessi e le esigenze di questo pubblico pu\u00f2 migliorare significativamente il coinvolgimento.<\/li>\n\n\n\n<li><strong>Coinvolgimento attivo della comunit\u00e0:<\/strong> Regularly interacting with followers, responding to comments, and engaging in conversations helps build a community around the hotel\u2019s brand. <\/li>\n\n\n\n<li><strong>Innovazione e adattabilit\u00e0:<\/strong> Rimanere al passo con le ultime tendenze ed essere disposti a innovare \u00e8 essenziale. Il panorama dei social media \u00e8 dinamico e le strategie di successo spesso implicano la sperimentazione di nuove idee e l\u2019adattamento ai cambiamenti.<\/li>\n<\/ul>\n\n\n\n<h2 class=\"wp-block-heading\">Tendenze attuali nella consulenza alberghiera sui social media<\/h2>\n\n\n\n<p>La consulenza alberghiera sui social media si sta evolvendo e rimanere al passo con queste tendenze \u00e8 fondamentale affinch\u00e9 gli hotel rimangano competitivi e rilevanti. Ecco alcune delle ultime tendenze nella consulenza alberghiera sui social media:<\/p>\n\n\n\n<ul class=\"wp-block-list\">\n<li><strong>Enfasi sulla narrazione:<\/strong> Hotels are increasingly using storytelling techniques on social media to create <a class=\"wpil_keyword_link\" title=\"Costruire connessioni emotive nei cosmetici\" data-wpil-keyword-link=\"linked\" data-wpil-monitor-id=\"629\" href=\"https:\/\/www.sisinternational.com\/it\/costruire-connessioni-emotive-nei-cosmetici-e-nei-risultati-della-nostra-ricerca\/\">emotional connections<\/a> with their audience. <\/li>\n\n\n\n<li><strong>Sfruttare i contenuti generati dagli utenti:<\/strong> Incoraggiare gli ospiti a condividere le loro esperienze e foto e poi presentare questi contenuti generati dagli utenti sui canali dei social media dell&#039;hotel \u00e8 una tendenza in crescita. Non solo fornisce contenuti autentici, ma promuove anche la comunit\u00e0 e il coinvolgimento.<\/li>\n\n\n\n<li><strong>Partnership con influencer:<\/strong> Collaborare con influencer e blogger di viaggio per promuovere l&#039;hotel continua ad essere una tendenza popolare. Queste partnership possono aumentare la portata e la credibilit\u00e0, in particolare tra i dati demografici pi\u00f9 giovani.<\/li>\n\n\n\n<li><strong>Contenuti interattivi:<\/strong> Hotels are creating more interactive content such as polls, quizzes, and contests, to engage their audience actively. <\/li>\n\n\n\n<li><strong>Focus sulle piattaforme visive:<\/strong> Piattaforme altamente visive come Instagram e Pinterest sono sempre pi\u00f9 importanti per gli hotel. \u00c8 fondamentale investire in contenuti fotografici e video di alta qualit\u00e0 che mostrino l&#039;estetica e le esperienze dell&#039;hotel.<\/li>\n<\/ul>\n\n\n\n<h2 class=\"wp-block-heading\">Opportunit\u00e0 nei Social Media Consulenza alberghiera per le aziende<\/h2>\n\n\n\n<ul class=\"wp-block-list\">\n<li><strong>Maggiore esposizione del marchio:<\/strong> Le piattaforme di social media offrono un\u2019opportunit\u00e0 senza precedenti per aumentare la visibilit\u00e0 e l\u2019esposizione del marchio. Con milioni di utenti in tutto il mondo, gli hotel possono raggiungere un vasto pubblico, ben oltre i tradizionali canali di marketing.<\/li>\n\n\n\n<li><strong>Marketing economicamente vantaggioso:<\/strong> Rispetto alla pubblicit\u00e0 tradizionale, il marketing sui social media pu\u00f2 essere pi\u00f9 conveniente, offrendo un ritorno sull\u2019investimento pi\u00f9 elevato. La pubblicit\u00e0 mirata su queste piattaforme pu\u00f2 anche raggiungere dati demografici specifici in modo pi\u00f9 efficiente.<\/li>\n\n\n\n<li><strong>Aumento del traffico web e delle prenotazioni:<\/strong> Una forte presenza sui social media pu\u00f2 indirizzare il traffico verso il sito web di un hotel, aumentando potenzialmente le prenotazioni dirette. Strategie efficaci sui social media possono aiutare a ridurre la dipendenza dalle piattaforme di prenotazione di terze parti e dalle tariffe associate.<\/li>\n\n\n\n<li><strong>Costruire una comunit\u00e0:<\/strong> Gli hotel possono utilizzare i social media per creare una community di follower interessati al loro marchio. Questa comunit\u00e0 pu\u00f2 diventare ambasciatrice del marchio, condividendo le proprie esperienze e consigliando l&#039;hotel ad altri.<\/li>\n<\/ul>\n\n\n\n<h2 class=\"wp-block-heading\">Prospettive future dei social media Consulenza alberghiera per le aziende<\/h2>\n\n\n\n<p>Here are some trends and predictions shaping the future outlook of social media hotel consulting for businesses:<\/p>\n\n\n\n<ul class=\"wp-block-list\">\n<li><strong>Esperienze di realt\u00e0 virtuale e aumentata:<\/strong> Man mano che le tecnologie VR e AR diventano sempre pi\u00f9 diffuse, gli hotel potrebbero utilizzare questi strumenti sui social media per offrire tour virtuali, esperienze coinvolgenti e un\u2019anteprima pi\u00f9 coinvolgente dei loro comfort e servizi.<\/li>\n\n\n\n<li><strong>Sfruttare i Big Data per un marketing su misura:<\/strong> La capacit\u00e0 di analizzare grandi quantit\u00e0 di dati provenienti dalle interazioni sui social media consentir\u00e0 strategie di marketing pi\u00f9 personalizzate ed efficaci. Gli hotel saranno in grado di comprendere le preferenze e i comportamenti dei propri ospiti in modo pi\u00f9 approfondito e personalizzare di conseguenza la propria offerta.<\/li>\n\n\n\n<li><strong>Emersione di nuove piattaforme e tecnologie:<\/strong> Gli hotel dovranno rimanere al passo con le nuove piattaforme e tecnologie dei social media per rimanere rilevanti, soprattutto per il pubblico pi\u00f9 giovane. Rimanere flessibili e adattivi nelle strategie sui social media sar\u00e0 fondamentale.<\/li>\n<\/ul>","protected":false},"excerpt":{"rendered":"<p>La consulenza alberghiera sui social media utilizza piattaforme di social media per migliorare i marchi degli hotel, coinvolgere gli ospiti e favorire la crescita del business. <\/p>","protected":false},"author":1,"featured_media":63099,"parent":44644,"menu_order":21,"comment_status":"closed","ping_status":"closed","template":"","meta":{"footnotes":""},"class_list":["post-45883","page","type-page","status-publish","has-post-thumbnail"],"_links":{"self":[{"href":"https:\/\/www.sisinternational.com\/it\/wp-json\/wp\/v2\/pages\/45883","targetHints":{"allow":["GET"]}}],"collection":[{"href":"https:\/\/www.sisinternational.com\/it\/wp-json\/wp\/v2\/pages"}],"about":[{"href":"https:\/\/www.sisinternational.com\/it\/wp-json\/wp\/v2\/types\/page"}],"author":[{"embeddable":true,"href":"https:\/\/www.sisinternational.com\/it\/wp-json\/wp\/v2\/users\/1"}],"replies":[{"embeddable":true,"href":"https:\/\/www.sisinternational.com\/it\/wp-json\/wp\/v2\/comments?post=45883"}],"version-history":[{"count":12,"href":"https:\/\/www.sisinternational.com\/it\/wp-json\/wp\/v2\/pages\/45883\/revisions"}],"predecessor-version":[{"id":82113,"href":"https:\/\/www.sisinternational.com\/it\/wp-json\/wp\/v2\/pages\/45883\/revisions\/82113"}],"up":[{"embeddable":true,"href":"https:\/\/www.sisinternational.com\/it\/wp-json\/wp\/v2\/pages\/44644"}],"wp:featuredmedia":[{"embeddable":true,"href":"https:\/\/www.sisinternational.com\/it\/wp-json\/wp\/v2\/media\/63099"}],"wp:attachment":[{"href":"https:\/\/www.sisinternational.com\/it\/wp-json\/wp\/v2\/media?parent=45883"}],"curies":[{"name":"wp","href":"https:\/\/api.w.org\/{rel}","templated":true}]}}