{"id":45858,"date":"2024-02-03T13:20:29","date_gmt":"2024-02-03T18:20:29","guid":{"rendered":"https:\/\/www.sisinternational.com\/?page_id=45858"},"modified":"2026-01-31T18:04:53","modified_gmt":"2026-01-31T23:04:53","slug":"consulenza-tecnologica-per-hotel-intelligenti","status":"publish","type":"page","link":"https:\/\/www.sisinternational.com\/it\/soluzioni\/consulenza-per-lospitalita-turistica-turistica\/consulenza-tecnologica-per-hotel-intelligenti\/","title":{"rendered":"Consulenza tecnologica per hotel intelligenti"},"content":{"rendered":"<h1 class=\"wp-block-heading\">Consulenza tecnologica per hotel intelligenti<\/h1>\n\n\n\n<figure class=\"gb-block-image gb-block-image-b7624551\"><img loading=\"lazy\" decoding=\"async\" width=\"1456\" height=\"816\" class=\"gb-image gb-image-b7624551\" src=\"https:\/\/www.sisinternational.com\/wp-content\/uploads\/2025\/08\/Smart-home-5.jpg\" alt=\"Ricerca e strategia di mercato internazionale SIS\" title=\"Smart home (5)\" srcset=\"https:\/\/www.sisinternational.com\/wp-content\/uploads\/2025\/08\/Smart-home-5.jpg 1456w, https:\/\/www.sisinternational.com\/wp-content\/uploads\/2025\/08\/Smart-home-5-300x168.jpg 300w, https:\/\/www.sisinternational.com\/wp-content\/uploads\/2025\/08\/Smart-home-5-1024x574.jpg 1024w, https:\/\/www.sisinternational.com\/wp-content\/uploads\/2025\/08\/Smart-home-5-768x430.jpg 768w, https:\/\/www.sisinternational.com\/wp-content\/uploads\/2025\/08\/Smart-home-5-18x10.jpg 18w\" sizes=\"auto, (max-width: 1456px) 100vw, 1456px\"><\/figure>\n\n\n\n<p><\/p>\n\n\n\n<hr class=\"wp-block-separator has-alpha-channel-opacity is-style-dots\"\/>\n\n\n\n<p>La consulenza tecnologica per hotel intelligenti prevede l&#039;integrazione di tecnologie all&#039;avanguardia come intelligenza artificiale, IoT e analisi dei dati per creare un&#039;esperienza fluida, intuitiva e memorabile per gli ospiti. In realt\u00e0, l\u2019adozione di tecnologie per hotel intelligenti sta rapidamente diventando un punto di riferimento per il successo nel settore dell\u2019ospitalit\u00e0, rendendo imperativo per gli hotel comprendere, implementare e ottimizzare queste tecnologie in modo efficace.<\/p>\n\n\n\n<h2 class=\"wp-block-heading\">Comprendere la consulenza tecnologica per hotel intelligenti<\/h2>\n\n\n\n<p>Smart <a title=\"Consulenza per il riposizionamento alberghiero\" href=\"https:\/\/www.sisinternational.com\/it\/soluzioni\/consulenza-per-lospitalita-turistica-turistica\/consulenza-per-il-riposizionamento-alberghiero\/\" data-wpil-monitor-id=\"2982\">hotel technology consulting<\/a> combines the nuances of hospitality management with the latest technological advancements. It transforms traditional hotel operations into highly efficient, guest-centric, and technologically advanced establishments.<\/p>\n\n\n\n<p>Ci\u00f2 implica la creazione di un viaggio pi\u00f9 personalizzato, coinvolgente e senza soluzione di continuit\u00e0 per ciascun ospite. Dalla personalizzazione delle camere basata sull&#039;intelligenza artificiale al check-in e check-out mobile, la tecnologia viene utilizzata per anticipare e soddisfare le preferenze uniche di ciascun ospite. Inoltre, la tecnologia intelligente pu\u00f2 facilitare una migliore comunicazione tra il personale dell\u2019hotel e gli ospiti, garantendo che le richieste e i feedback vengano affrontati in modo tempestivo ed efficiente.<\/p>\n\n\n\n<p>The adoption of smart hotel technology consulting brings a multitude of benefits to the hospitality sector, including:<\/p>\n\n\n\n<ul class=\"wp-block-list\">\n<li><strong>Approfondimenti basati sui dati:<\/strong> L\u2019uso di tecnologie intelligenti consente agli hotel di raccogliere e analizzare grandi quantit\u00e0 di dati. Queste informazioni sono preziose per comprendere le preferenze degli ospiti, ottimizzare le strategie di prezzo e prendere decisioni informate sulle operazioni e sul marketing dell&#039;hotel.<\/li>\n\n\n\n<li><strong>Maggiori opportunit\u00e0 di guadagno:<\/strong> La tecnologia intelligente apre nuove strade per la generazione di entrate. Ad esempio, l&#039;upselling di servizi personalizzati o l&#039;utilizzo dell&#039;analisi dei dati per campagne di marketing mirate possono aumentare significativamente la redditivit\u00e0 di un hotel.<\/li>\n\n\n\n<li><strong>Miglioramenti della sostenibilit\u00e0:<\/strong> Molte tecnologie intelligenti contribuiscono agli sforzi di sostenibilit\u00e0 come l\u2019illuminazione ad alta efficienza energetica e i sistemi di controllo del clima.<\/li>\n\n\n\n<li><strong>Sicurezza avanzata:<\/strong> Tecnologie intelligenti come chiavi digitali e sistemi di sorveglianza avanzati garantiscono maggiore sicurezza e tranquillit\u00e0 sia agli ospiti che al personale.<\/li>\n<\/ul>\n\n\n\n<h2 class=\"wp-block-heading\">Quando condurre una consulenza tecnologica per gli Smart Hotel<\/h2>\n\n\n\n<p>Here are some key moments to consider smart hotel technology consulting:<\/p>\n\n\n\n<ul class=\"wp-block-list\">\n<li><strong>Adattarsi alle mutevoli aspettative degli ospiti: <\/strong>Quando un hotel nota un divario tra i suoi servizi attuali e le aspettative in evoluzione degli ospiti, soprattutto in termini di tecnologia e personalizzazione, \u00e8 il momento di cercare una consulenza tecnologica per hotel intelligenti. Gli ospiti di oggi spesso cercano esperienze personalizzate e altamente tecnologiche e non riuscire a fornirle pu\u00f2 mettere un hotel in una posizione di svantaggio competitivo.<\/li>\n\n\n\n<li><strong>Le inefficienze operative diventano evidenti: <\/strong>Se un hotel deve affrontare sfide operative quali costi energetici elevati, impiego inefficiente del personale o servizi ritardati, la consulenza tecnologica per hotel intelligenti pu\u00f2 fornire soluzioni. Tecnologie come l\u2019IoT e l\u2019intelligenza artificiale possono semplificare le operazioni, rendendole pi\u00f9 efficienti ed economiche.<\/li>\n\n\n\n<li><strong>Operazioni di espansione: <\/strong>Man mano che un hotel cresce o espande i propri servizi, l\u2019integrazione della tecnologia intelligente diventa cruciale per gestire in modo efficace questa maggiore scala. La consulenza pu\u00f2 aiutare a implementare soluzioni scalabili che consentano la crescita senza compromettere la qualit\u00e0 del servizio.<\/li>\n\n\n\n<li><strong>Rispondere alla pressione competitiva: <\/strong>Se i concorrenti adottano sempre pi\u00f9 tecnologie intelligenti e guadagnano quote di mercato, \u00e8 un segno che un hotel deve modernizzare il proprio approccio. Per rimanere competitivi spesso \u00e8 necessario adottare tecnologie simili per offrire agli ospiti esperienze comparabili o superiori.<\/li>\n\n\n\n<li><strong>Necessit\u00e0 di un processo decisionale basato sui dati: <\/strong>In un\u2019era in cui i dati regnano sovrani, gli hotel privi di informazioni basate sui dati per il processo decisionale dovrebbero prendere in considerazione la consulenza tecnologica per hotel intelligenti. La capacit\u00e0 di analizzare i dati degli ospiti per servizi personalizzati, operazioni efficienti e marketing strategico ha un valore inestimabile.<\/li>\n<\/ul>\n\n\n\n<h2 class=\"wp-block-heading\">Principali attori nel mercato Tecnologia degli hotel intelligenti<\/h2>\n\n\n\n<p>Il mercato della tecnologia per hotel intelligenti \u00e8 caratterizzato da una gamma diversificata di attori, ciascuno dei quali contribuisce con soluzioni innovative e plasma il futuro delle operazioni alberghiere e delle esperienze degli ospiti. Comprendere chi sono questi attori chiave e le loro offerte \u00e8 fondamentale per qualsiasi hotel che intenda intraprendere un viaggio verso la tecnologia intelligente.<\/p>\n\n\n\n<ul class=\"wp-block-list\">\n<li><strong>Giganti tecnologici globali:<\/strong> Aziende come Google, Amazon e Apple sono influenti nello spazio tecnologico degli hotel intelligenti, principalmente attraverso i loro dispositivi ad attivazione vocale e le piattaforme basate sull&#039;intelligenza artificiale.<\/li>\n\n\n\n<li><strong>Fornitori di soluzioni IoT:<\/strong> Aziende come Control4 e Honeywell sono in prima linea nella fornitura di soluzioni Internet of Things (IoT) per gli hotel. Questi includono termostati intelligenti, controlli dell\u2019illuminazione e sistemi di gestione dell\u2019energia che migliorano l\u2019efficienza operativa e il comfort degli ospiti.<\/li>\n\n\n\n<li><strong>Specialisti della sicurezza dei dati e della privacy:<\/strong> Poich\u00e9 gli hotel raccolgono e gestiscono quantit\u00e0 crescenti di dati degli ospiti, le aziende specializzate nella sicurezza e nella privacy dei dati diventano cruciali. Aziende come Symantec e McAfee offrono soluzioni per proteggere gli hotel da violazioni dei dati e minacce informatiche.<\/li>\n\n\n\n<li><strong>Innovatori della sostenibilit\u00e0:<\/strong> Ci sono anche attori focalizzati sulla sostenibilit\u00e0, che offrono soluzioni tecnologiche eco-compatibili. Aziende come Siemens e Schneider Electric forniscono sistemi intelligenti di gestione dell&#039;energia che aiutano gli hotel a ridurre il proprio impatto ambientale.<\/li>\n<\/ul>\n\n\n\n<h2 class=\"wp-block-heading\">Tendenze attuali nella consulenza tecnologica per hotel intelligenti<\/h2>\n\n\n\n<p>Il panorama della tecnologia degli hotel intelligenti \u00e8 in continua evoluzione, con nuove tendenze che emergono mentre gli hotel cercano di migliorare le esperienze degli ospiti e semplificare le operazioni. Stare al passo con queste tendenze \u00e8 essenziale affinch\u00e9 gli hotel rimangano competitivi e rilevanti nel settore dell\u2019ospitalit\u00e0.<\/p>\n\n\n\n<ul class=\"wp-block-list\">\n<li><strong>Personalizzazione attraverso l&#039;intelligenza artificiale:<\/strong> One of the most significant trends is the use of Artificial Intelligence (AI) to personalize guest experiences. <\/li>\n\n\n\n<li><strong>Integrazione mobile:<\/strong> L&#039;integrazione della tecnologia mobile nelle attivit\u00e0 alberghiere continua ad essere una tendenza significativa. Il check-in e il check-out mobile, le chiavi digitali delle camere e la possibilit\u00e0 di controllare le funzionalit\u00e0 della camera tramite un&#039;app per smartphone stanno diventando aspettative standard per i viaggiatori esperti di tecnologia.<\/li>\n\n\n\n<li><strong>Internet delle cose (IoT) per l\u2019efficienza operativa:<\/strong> L\u2019IoT viene sempre pi\u00f9 utilizzato per migliorare l\u2019efficienza operativa negli hotel. I sensori intelligenti per la gestione energetica, la manutenzione predittiva che utilizza i dati IoT e la gestione automatizzata dell&#039;inventario sono esempi di come l&#039;IoT sta trasformando le operazioni alberghiere.<\/li>\n\n\n\n<li><strong>Connettivit\u00e0 migliorata:<\/strong> Internet ad alta velocit\u00e0 e reti Wi-Fi robuste stanno diventando pi\u00f9 importanti che mai. Gli hotel stanno investendo in infrastrutture per garantire una connettivit\u00e0 senza interruzioni, essenziale per i servizi di streaming, il lavoro a distanza e il funzionamento dei dispositivi intelligenti.<\/li>\n<\/ul>\n\n\n\n<h2 class=\"wp-block-heading\">Opportunit\u00e0 di consulenza tecnologica per Smart Hotel per le aziende<\/h2>\n\n\n\n<ul class=\"wp-block-list\">\n<li><strong>Semplificazione delle operazioni:<\/strong> La consulenza tecnologica intelligente pu\u00f2 aiutare gli hotel a semplificare le loro operazioni, rendendole pi\u00f9 efficienti ed economiche. I sistemi automatizzati per il check-in\/check-out, il servizio in camera e la pianificazione delle pulizie possono ridurre i costi operativi e migliorare la produttivit\u00e0 del personale.<\/li>\n\n\n\n<li><strong>Processo decisionale basato sui dati:<\/strong> L\u2019implementazione di tecnologie intelligenti consente agli hotel di raccogliere e analizzare grandi quantit\u00e0 di dati. Questi dati possono essere utilizzati per prendere decisioni informate su strategie di marketing, miglioramenti operativi e servizi per gli ospiti, portando a migliori risultati aziendali.<\/li>\n\n\n\n<li><strong>Migliorare l\u2019efficienza energetica e la sostenibilit\u00e0:<\/strong> La tecnologia degli hotel intelligenti pu\u00f2 migliorare significativamente l\u2019efficienza energetica, portando a risparmi sui costi e a un ridotto impatto ambientale. I sistemi intelligenti di illuminazione, riscaldamento e raffreddamento possono regolarsi automaticamente in base all\u2019occupazione e alle preferenze, riducendo gli sprechi energetici.<\/li>\n<\/ul>","protected":false},"excerpt":{"rendered":"<p>La consulenza tecnologica per hotel intelligenti combina le sfumature della gestione dell&#039;ospitalit\u00e0 con gli ultimi progressi tecnologici. <\/p>","protected":false},"author":1,"featured_media":64962,"parent":44644,"menu_order":18,"comment_status":"closed","ping_status":"closed","template":"","meta":{"footnotes":""},"class_list":["post-45858","page","type-page","status-publish","has-post-thumbnail"],"_links":{"self":[{"href":"https:\/\/www.sisinternational.com\/it\/wp-json\/wp\/v2\/pages\/45858","targetHints":{"allow":["GET"]}}],"collection":[{"href":"https:\/\/www.sisinternational.com\/it\/wp-json\/wp\/v2\/pages"}],"about":[{"href":"https:\/\/www.sisinternational.com\/it\/wp-json\/wp\/v2\/types\/page"}],"author":[{"embeddable":true,"href":"https:\/\/www.sisinternational.com\/it\/wp-json\/wp\/v2\/users\/1"}],"replies":[{"embeddable":true,"href":"https:\/\/www.sisinternational.com\/it\/wp-json\/wp\/v2\/comments?post=45858"}],"version-history":[{"count":9,"href":"https:\/\/www.sisinternational.com\/it\/wp-json\/wp\/v2\/pages\/45858\/revisions"}],"predecessor-version":[{"id":82114,"href":"https:\/\/www.sisinternational.com\/it\/wp-json\/wp\/v2\/pages\/45858\/revisions\/82114"}],"up":[{"embeddable":true,"href":"https:\/\/www.sisinternational.com\/it\/wp-json\/wp\/v2\/pages\/44644"}],"wp:featuredmedia":[{"embeddable":true,"href":"https:\/\/www.sisinternational.com\/it\/wp-json\/wp\/v2\/media\/64962"}],"wp:attachment":[{"href":"https:\/\/www.sisinternational.com\/it\/wp-json\/wp\/v2\/media?parent=45858"}],"curies":[{"name":"wp","href":"https:\/\/api.w.org\/{rel}","templated":true}]}}