{"id":45633,"date":"2024-01-26T16:37:07","date_gmt":"2024-01-26T21:37:07","guid":{"rendered":"https:\/\/www.sisinternational.com\/?page_id=45633"},"modified":"2026-01-30T23:17:30","modified_gmt":"2026-01-31T04:17:30","slug":"eco-tourism-market-research","status":"publish","type":"page","link":"https:\/\/www.sisinternational.com\/it\/solutions\/travel-tourism-hospitality-consulting\/eco-tourism-market-research\/","title":{"rendered":"Ricerche di mercato sull\u2019ecoturismo"},"content":{"rendered":"<h1 class=\"wp-block-heading\">Ricerche di mercato sull\u2019ecoturismo<\/h1>\n\n\n\n<figure class=\"gb-block-image gb-block-image-b445a780\"><img loading=\"lazy\" decoding=\"async\" width=\"1456\" height=\"816\" class=\"gb-image gb-image-b445a780\" src=\"https:\/\/www.sisinternational.com\/wp-content\/uploads\/2025\/08\/Circular-economy-2.jpg\" alt=\"SIS International Market Research &amp; Strategy\" title=\"Circular economy (2)\" srcset=\"https:\/\/www.sisinternational.com\/wp-content\/uploads\/2025\/08\/Circular-economy-2.jpg 1456w, https:\/\/www.sisinternational.com\/wp-content\/uploads\/2025\/08\/Circular-economy-2-300x168.jpg 300w, https:\/\/www.sisinternational.com\/wp-content\/uploads\/2025\/08\/Circular-economy-2-1024x574.jpg 1024w, https:\/\/www.sisinternational.com\/wp-content\/uploads\/2025\/08\/Circular-economy-2-768x430.jpg 768w, https:\/\/www.sisinternational.com\/wp-content\/uploads\/2025\/08\/Circular-economy-2-18x10.jpg 18w\" sizes=\"auto, (max-width: 1456px) 100vw, 1456px\"><\/figure>\n\n\n\n<p><\/p>\n\n\n\n<hr class=\"wp-block-separator has-alpha-channel-opacity is-style-dots\"\/>\n\n\n\n<p>La ricerca di mercato sull\u2019ecoturismo analizza un nuovo cambiamento del settore, in cui la conservazione del patrimonio naturale e culturale \u00e8 importante quanto fornire esperienze di viaggio memorabili. Questo approccio alla ricerca di mercato non significa solo adattarsi alle tendenze attuali; si tratta di dare forma al futuro dei viaggi in un modo che sia sostenibile, etico e profondamente gratificante.<\/p>\n\n\n\n<h2 class=\"wp-block-heading\">Comprendere le ricerche di mercato sull\u2019ecoturismo<\/h2>\n\n\n\n<p>Eco-tourism market research aims to understand the rapidly growing segment of tourism that emphasizes environmental sustainability and cultural respect. This <a title=\"Ricerche di mercato sullo streaming musicale\" href=\"https:\/\/www.sisinternational.com\/it\/music-streaming-market-research\/\" data-wpil-monitor-id=\"2583\">research involves a comprehensive analysis of market<\/a> trends, traveler preferences, and the economic, social, and environmental impacts of eco-tourism. Here, businesses and policymakers gain insights into what drives the eco-conscious traveler \u2013 from the desire for immersive, nature-based experiences to the need to ensure their travel choices contribute positively to conservation efforts and local communities.<\/p>\n\n\n\n<p>Inoltre, la ricerca di mercato sull\u2019ecoturismo valuta il potenziale di mercato e le sfide delle iniziative di ecoturismo. Esamina fattori come la domanda di mercato, l\u2019analisi competitiva, i parametri di sostenibilit\u00e0 e la fattibilit\u00e0 economica dei modelli di ecoturismo.<\/p>\n\n\n\n<h2 class=\"wp-block-heading\">Perch\u00e9 le aziende hanno bisogno di ricerche di mercato sull\u2019ecoturismo<\/h2>\n\n\n\n<p>La ricerca di mercato sull\u2019ecoturismo \u00e8 fondamentale per comprendere le preferenze e i comportamenti unici dei viaggiatori eco-consapevoli \u2013 e queste informazioni consentono alle aziende di personalizzare le proprie offerte, garantendo che soddisfino le aspettative specifiche di questa base di clienti.<\/p>\n\n\n\n<p>In ogni caso, prevede una serie di vantaggi per le imprese che operano (o entrano) nel settore dell\u2019ecoturismo. Questi vantaggi aiutano le aziende ad allinearsi con pratiche sostenibili e a sfruttare la crescente domanda di esperienze di ecoturismo. Ecco alcuni vantaggi chiave:<\/p>\n\n\n\n<ul class=\"wp-block-list\">\n<li><strong>Identificazione delle opportunit\u00e0 di mercato:<\/strong> Le ricerche di mercato sull\u2019ecoturismo aiutano le aziende a identificare nuove opportunit\u00e0 nel settore dell\u2019ecoturismo come destinazioni emergenti, segmenti di clienti non sfruttati o offerte di servizi innovativi. Consente alle aziende di stare al passo con i tempi riconoscendo e rispondendo ai cambiamenti del mercato e alle richieste dei consumatori.<\/li>\n\n\n\n<li><strong>Vantaggio competitivo:<\/strong> Businesses that utilize eco-tourism market research can gain a competitive advantage by offering differentiated and authentic eco-tourism experiences. <\/li>\n\n\n\n<li><strong>Brand Building and <\/strong><a title=\"Ricerche di mercato sulla reputazione\" data-wpil-monitor-id=\"4082\" href=\"https:\/\/www.sisinternational.com\/it\/expertise\/industries\/reputation-market-research\/\">Reputation Management: Eco-tourism market research<\/a> aids in building a strong, credible brand aligned with sustainable values. <\/li>\n<\/ul>\n\n\n\n<h2 class=\"wp-block-heading\">When to Conduct Eco-Tourism Market Research<\/h2>\n\n\n\n<ul class=\"wp-block-list\">\n<li><strong>Quando si rivaluta la strategia aziendale:<\/strong> Se un\u2019azienda sta cercando di rinnovare la propria strategia complessiva, la ricerca di mercato pu\u00f2 fornire le informazioni necessarie per orientare le decisioni strategiche e guidare la direzione dell\u2019azienda.<\/li>\n\n\n\n<li><strong>Durante i piani di espansione:<\/strong> When considering expansion into new markets or regions, market research is vital to understand the local eco-tourism landscape, customer preferences, and regulatory environment. <\/li>\n\n\n\n<li><strong>Rispondere alle tendenze e ai cambiamenti del settore:<\/strong> In risposta ai cambiamenti significativi del settore, come le nuove normative sulla sostenibilit\u00e0, il cambiamento dei comportamenti dei viaggiatori o i progressi tecnologici, la ricerca di mercato sull\u2019ecoturismo pu\u00f2 aiutare le aziende ad adattarsi e rimanere rilevanti.<\/li>\n\n\n\n<li><strong>Benchmarking e analisi competitiva:<\/strong> Per rimanere competitive, le aziende devono confrontare regolarmente le proprie prestazioni rispetto agli standard di settore e alla concorrenza. La ricerca di mercato sull\u2019ecoturismo fornisce informazioni sulla posizione di un\u2019azienda nel settore dell\u2019ecoturismo e sulle misure che possono essere adottate per migliorare la sua posizione sul mercato.<\/li>\n\n\n\n<li><strong>Valutare la soddisfazione e il feedback del cliente:<\/strong> Condurre ricerche di mercato per raccogliere il feedback dei clienti e misurare la soddisfazione \u00e8 importante per il miglioramento continuo delle offerte di ecoturismo e per garantire che siano in linea con le aspettative dei clienti e gli standard di sostenibilit\u00e0.<\/li>\n<\/ul>\n\n\n\n<h2 class=\"wp-block-heading\">Cosa aspettarsi dalle ricerche di mercato sull\u2019ecoturismo<\/h2>\n\n\n\n<p>Quando approfondiscono le ricerche di mercato sull\u2019ecoturismo, le aziende e le parti interessate possono anticipare approfondimenti completi che sono cruciali per navigare in modo efficace in questo settore turistico specializzato. Ecco cosa aspettarsi da questo tipo di ricerca di mercato:<\/p>\n\n\n\n<ul class=\"wp-block-list\">\n<li><strong>Analisi di mercato dettagliata:<\/strong> Market research provides an in-depth analysis of the current market scenario, including size, growth potential, and segmentation. <\/li>\n\n\n\n<li><strong>Valutazione del panorama competitivo:<\/strong> Market research in the eco-tourism sector often includes an assessment of the competitive landscape.<\/li>\n\n\n\n<li><strong>Tendenze e migliori pratiche di sostenibilit\u00e0:<\/strong> Understanding current trends and best practices in sustainability within the eco-tourism industry is another critical aspect. <\/li>\n\n\n\n<li><strong>Ambiente normativo e politico:<\/strong> La ricerca in questo campo copre anche il contesto normativo e politico che influenza l\u2019ecoturismo. La conoscenza di tali normative \u00e8 essenziale per garantire la conformit\u00e0 e per la pianificazione strategica.<\/li>\n\n\n\n<li><strong>Opportunit\u00e0 e sfide del mercato:<\/strong> Eco-tourism market research identifies both opportunities and challenges within the market. <\/li>\n<\/ul>\n\n\n\n<h2 class=\"wp-block-heading\">Innovazione <\/h2>\n\n\n\n<p>La ricerca di mercato sull\u2019ecoturismo \u00e8 in continua evoluzione, riflettendo la natura dinamica sia del turismo che della sostenibilit\u00e0 ambientale \u2013 ed ecco alcune delle tendenze attuali pi\u00f9 importanti:<\/p>\n\n\n\n<ul class=\"wp-block-list\">\n<li><strong>Integrazione della tecnologia nell\u2019ecoturismo:<\/strong> Il ruolo della tecnologia nel migliorare le esperienze di ecoturismo \u00e8 una tendenza in crescita. La ricerca di mercato sta esplorando come le piattaforme digitali, le app mobili e la realt\u00e0 virtuale possano essere utilizzate per migliorare l\u2019esperienza del cliente pur mantenendo i principi di sostenibilit\u00e0.<\/li>\n\n\n\n<li><strong>Pratiche e reporting sostenibili:<\/strong> Viene data crescente importanza alle pratiche sostenibili e alla loro rendicontazione nell\u2019ecoturismo. La ricerca di mercato sull\u2019ecoturismo approfondisce il modo in cui le aziende stanno implementando pratiche sostenibili come la riduzione dei rifiuti e l\u2019efficienza energetica, e il modo in cui queste pratiche vengono comunicate e percepite dai viaggiatori.<\/li>\n\n\n\n<li><strong>Maggiore attenzione ai cambiamenti climatici:<\/strong> Climate change and its impact on travel destinations are becoming a critical area of focus in <a title=\"Ricerche di mercato sui cambiamenti climatici\" data-wpil-monitor-id=\"4979\" href=\"https:\/\/www.sisinternational.com\/it\/expertise\/industries\/climate-change-market-research\/\">eco-tourism market research<\/a>. <\/li>\n\n\n\n<li><strong>Personalizzazione nell&#039;ecoturismo:<\/strong> Personalization is becoming increasingly important in eco-tourism. Market research is exploring how personalized eco-tourism experiences can be created, catering to individual preferences while maintaining sustainability.<\/li>\n<\/ul>\n\n\n\n<h2 class=\"wp-block-heading\">Opportunit\u00e0 nelle ricerche di mercato sull&#039;ecoturismo per le imprese<\/h2>\n\n\n\n<p>La ricerca di mercato sull\u2019ecoturismo offre diverse opportunit\u00e0 per le imprese del settore turistico, in particolare quelle che si concentrano su pratiche sostenibili. Ecco perch\u00e9 comprendere e sfruttare queste opportunit\u00e0 pu\u00f2 portare a una crescita significativa, a un vantaggio competitivo e all&#039;allineamento con gli obiettivi di sostenibilit\u00e0.<\/p>\n\n\n\n<ul class=\"wp-block-list\">\n<li><strong>Targeting <\/strong><a title=\"Ricerche di mercato economico in Estonia\" data-wpil-monitor-id=\"2934\" href=\"https:\/\/www.sisinternational.com\/it\/estonias-economy\/\">Emerging Markets and Segments: Market research<\/a> helps identify emerging markets and consumer segments that are interested in sustainable travel. <\/li>\n\n\n\n<li><strong>Sviluppo di prodotti innovativi e di esperienze:<\/strong> Gli spunti derivanti dalle ricerche di mercato possono ispirare lo sviluppo di prodotti ed esperienze innovativi di ecoturismo. Comprendere le preferenze e le tendenze dei viaggiatori consente alle aziende di creare offerte uniche che si distinguono sul mercato, come alloggi ecologici, tour incentrati sulla conservazione o esperienze di immersione culturale.<\/li>\n\n\n\n<li><strong>Opportunit\u00e0 di partnership e collaborazione:<\/strong> Gli approfondimenti derivanti dalle ricerche di mercato possono rivelare opportunit\u00e0 di partnership e collaborazioni con altre aziende, ONG o comunit\u00e0 locali.<\/li>\n\n\n\n<li><strong>Migliorare l\u2019immagine e la reputazione del marchio:<\/strong> Businesses can leverage <a title=\"Ricerche di mercato per l\u2019imaging diagnostico\" data-wpil-monitor-id=\"6366\" href=\"https:\/\/www.sisinternational.com\/it\/expertise\/industries\/diagnostic-imaging-market-research\/\">Ricerca di mercato<\/a> to enhance their brand image and reputation. Demonstrating a commitment to sustainability and responsible tourism practices can attract more customers and build loyalty among eco-conscious travelers.<\/li>\n\n\n\n<li><strong>Adattarsi ai cambiamenti e alle tendenze del mercato:<\/strong> Eco-tourism market research keeps businesses informed about changing market dynamics, emerging trends, and evolving traveler preferences. <\/li>\n<\/ul>","protected":false},"excerpt":{"rendered":"<p>La ricerca di mercato sull\u2019ecoturismo \u00e8 fondamentale per comprendere le preferenze e i comportamenti unici dei viaggiatori eco-consapevoli.<\/p>","protected":false},"author":1,"featured_media":64755,"parent":44644,"menu_order":11,"comment_status":"closed","ping_status":"closed","template":"","meta":{"footnotes":""},"class_list":["post-45633","page","type-page","status-publish","has-post-thumbnail"],"_links":{"self":[{"href":"https:\/\/www.sisinternational.com\/it\/wp-json\/wp\/v2\/pages\/45633","targetHints":{"allow":["GET"]}}],"collection":[{"href":"https:\/\/www.sisinternational.com\/it\/wp-json\/wp\/v2\/pages"}],"about":[{"href":"https:\/\/www.sisinternational.com\/it\/wp-json\/wp\/v2\/types\/page"}],"author":[{"embeddable":true,"href":"https:\/\/www.sisinternational.com\/it\/wp-json\/wp\/v2\/users\/1"}],"replies":[{"embeddable":true,"href":"https:\/\/www.sisinternational.com\/it\/wp-json\/wp\/v2\/comments?post=45633"}],"version-history":[{"count":9,"href":"https:\/\/www.sisinternational.com\/it\/wp-json\/wp\/v2\/pages\/45633\/revisions"}],"predecessor-version":[{"id":82064,"href":"https:\/\/www.sisinternational.com\/it\/wp-json\/wp\/v2\/pages\/45633\/revisions\/82064"}],"up":[{"embeddable":true,"href":"https:\/\/www.sisinternational.com\/it\/wp-json\/wp\/v2\/pages\/44644"}],"wp:featuredmedia":[{"embeddable":true,"href":"https:\/\/www.sisinternational.com\/it\/wp-json\/wp\/v2\/media\/64755"}],"wp:attachment":[{"href":"https:\/\/www.sisinternational.com\/it\/wp-json\/wp\/v2\/media?parent=45633"}],"curies":[{"name":"wp","href":"https:\/\/api.w.org\/{rel}","templated":true}]}}