{"id":45566,"date":"2024-01-25T17:40:22","date_gmt":"2024-01-25T22:40:22","guid":{"rendered":"https:\/\/www.sisinternational.com\/?page_id=45566"},"modified":"2026-01-31T00:59:50","modified_gmt":"2026-01-31T05:59:50","slug":"consulenza-strategica-alberghiera","status":"publish","type":"page","link":"https:\/\/www.sisinternational.com\/it\/soluzioni\/consulenza-per-lospitalita-turistica-turistica\/consulenza-strategica-alberghiera\/","title":{"rendered":"Consulenza strategica alberghiera"},"content":{"rendered":"<h1 class=\"wp-block-heading fusion-responsive-typography-calculated\">Consulenza strategica alberghiera<\/h1>\n\n\n\n<figure class=\"gb-block-image gb-block-image-a5e70f23\"><img loading=\"lazy\" decoding=\"async\" width=\"1456\" height=\"816\" class=\"gb-image gb-image-a5e70f23\" src=\"https:\/\/www.sisinternational.com\/wp-content\/uploads\/2025\/08\/Strategy-consulting-3.jpg\" alt=\"Ricerca e strategia di mercato internazionale SIS\" title=\"Strategy consulting (3)\" srcset=\"https:\/\/www.sisinternational.com\/wp-content\/uploads\/2025\/08\/Strategy-consulting-3.jpg 1456w, https:\/\/www.sisinternational.com\/wp-content\/uploads\/2025\/08\/Strategy-consulting-3-300x168.jpg 300w, https:\/\/www.sisinternational.com\/wp-content\/uploads\/2025\/08\/Strategy-consulting-3-1024x574.jpg 1024w, https:\/\/www.sisinternational.com\/wp-content\/uploads\/2025\/08\/Strategy-consulting-3-768x430.jpg 768w, https:\/\/www.sisinternational.com\/wp-content\/uploads\/2025\/08\/Strategy-consulting-3-18x10.jpg 18w\" sizes=\"auto, (max-width: 1456px) 100vw, 1456px\"><\/figure>\n\n\n\n<p><\/p>\n\n\n\n<hr class=\"wp-block-separator has-alpha-channel-opacity is-style-dots\"\/>\n\n\n\n<p class=\"fusion-responsive-typography-calculated\">Mentre il settore dell\u2019ospitalit\u00e0 subisce cambiamenti epocali alimentati dal cambiamento delle preferenze dei consumatori e dai progressi tecnologici, la consulenza strategica alberghiera diventa fondamentale per gli hotel che mirano a prosperare in questo ambiente dinamico.<\/p>\n\n\n\n<p class=\"fusion-responsive-typography-calculated\">La consulenza strategica alberghiera \u00e8 una partnership strategica che fornisce agli hotel approfondimenti, tattiche e prospettive per affrontare le richieste in continua evoluzione del settore. Si tratta di reinventare il modo in cui gli hotel operano, interagiscono con i clienti e definiscono il loro posto nel mercato globale.<\/p>\n\n\n\n<h2 class=\"wp-block-heading\">What Is Hotel Strategy Consulting?<\/h2>\n\n\n\n<p>One of the core aspects of <a title=\"Consulenza sull&#039;Hotel del Futuro\" data-wpil-monitor-id=\"7396\" href=\"https:\/\/www.sisinternational.com\/it\/soluzioni\/consulenza-per-lospitalita-turistica-turistica\/hotel-del-futuro-consulenza\/\">consulenza strategica alberghiera<\/a> is its customer-centric approach. Consultants analyze customer preferences, behaviors, and trends to tailor strategies that align with evolving market demands. This involves meticulously examining guest experiences, service quality \u2013 and even the minutiae of customer feedback. <\/p>\n\n\n\n<p>Furthermore, hotel strategy consulting delves into the operational aspects of running a hotel. These strategies are designed to bolster the hotel\u2019s financial health and market standing, from optimizing room pricing and revenue management to improve operational efficiency. <\/p>\n\n\n\n<h2 class=\"wp-block-heading\">Perch\u00e9 \u00e8 importante la consulenza strategica alberghiera?<\/h2>\n\n\n\n<p>La consulenza strategica per hotel combina una prospettiva esterna con una conoscenza approfondita del settore per identificare tendenze emergenti, potenziali minacce e opportunit\u00e0 non sfruttate. Questo ampio punto di osservazione consente agli hotel di posizionarsi strategicamente sul mercato, adattandosi ai cambiamenti e sfruttando le nuove tendenze in modo pi\u00f9 efficace rispetto ai concorrenti.<\/p>\n\n\n\n<p>Inoltre, i consulenti aiutano gli hotel a comprendere profondamente i propri clienti, dalle loro preferenze ai processi decisionali, consentendo loro di creare esperienze personalizzate che siano in sintonia con gli ospiti.<\/p>\n\n\n\n<h2 class=\"wp-block-heading\">Quali sono i vantaggi della consulenza strategica alberghiera?<\/h2>\n\n\n\n<p>By engaging in this specialized form of consulting, <a href=\"https:\/\/sisaisolutions.com\/application-of-ai-in-hospitality\/\" target=\"_blank\" rel=\"noopener\">hotels<\/a> can expect to gain significant advantages that propel them ahead in the competitive hospitality industry.<\/p>\n\n\n\n<ul class=\"wp-block-list\">\n<li><strong>Maggiore vantaggio competitivo:<\/strong> Hotel strategy consulting provides insights and strategies that help hotels differentiate themselves in the market. <\/li>\n\n\n\n<li><strong>Aumento dei ricavi e della redditivit\u00e0:<\/strong> One of the primary goals of hotel strategy consulting is to improve the hotel\u2019s financial performance. <\/li>\n\n\n\n<li><strong>Adattamento alle tendenze e ai cambiamenti del mercato:<\/strong> Il settore dell\u2019ospitalit\u00e0 \u00e8 in continua evoluzione. I consulenti di strategia alberghiera tengono il passo con le ultime tendenze e i cambiamenti del mercato, fornendo agli hotel le conoscenze e le strategie per adattarsi e rimanere rilevanti.<\/li>\n\n\n\n<li><strong>Efficienza operativa:<\/strong> Consultants can significantly improve a <a title=\"Consulenza tecnologica per hotel intelligenti\" data-wpil-monitor-id=\"2838\" href=\"https:\/\/www.sisinternational.com\/it\/soluzioni\/consulenza-per-lospitalita-turistica-turistica\/consulenza-tecnologica-per-hotel-intelligenti\/\">hotel\u2019s<\/a> day-to-day operations by analyzing current operational practices and introducing more efficient methods and technologies. <\/li>\n\n\n\n<li><strong>Crescita strategica ed espansione:<\/strong> Consultants assist hotels in identifying and pursuing growth opportunities, whether through market expansion, new service offerings, or other strategic initiatives. <\/li>\n<\/ul>\n\n\n\n<h2 class=\"wp-block-heading\">Quando condurre una consulenza strategica alberghiera?<\/h2>\n\n\n\n<p>Indicatori specifici segnalano che potrebbe essere il momento giusto per un hotel per cercare questa guida specializzata. Per esempio:<\/p>\n\n\n\n<ul class=\"wp-block-list\">\n<li><strong>Operazioni di espansione o ristrutturazione:<\/strong> Quando gli hotel valutano l\u2019espansione, sia attraverso nuove propriet\u00e0, ristrutturazioni o diversificazione dei servizi, la guida strategica diventa essenziale. La consulenza pu\u00f2 aiutare a valutare la fattibilit\u00e0 di questi progetti e ad elaborare un piano che massimizzi le possibilit\u00e0 di successo.<\/li>\n\n\n\n<li><strong>Calo della soddisfazione degli ospiti o delle entrate:<\/strong> Se un hotel nota un calo nel punteggio di soddisfazione degli ospiti o un calo delle entrate, \u00e8 un chiaro indicatore della necessit\u00e0 di cambiamenti operativi o strategici. La consulenza strategica alberghiera pu\u00f2 identificare le cause profonde di questi problemi e consigliare soluzioni efficaci.<\/li>\n\n\n\n<li><strong>Concorrenza crescente:<\/strong> Gli hotel potrebbero avere difficolt\u00e0 a mantenere la propria posizione in un mercato sempre pi\u00f9 competitivo. La consulenza strategica alberghiera pu\u00f2 fornire nuove prospettive e strategie innovative per aiutare gli hotel a rimanere competitivi e rilevanti.<\/li>\n<\/ul>\n\n\n\n<h2 class=\"wp-block-heading\">Domande da porre prima di condurre una consulenza sulla strategia alberghiera<\/h2>\n\n\n\n<p>Prima di intraprendere un incarico di consulenza strategica per hotel, \u00e8 essenziale porre le domande giuste per garantire il successo e l&#039;efficacia del processo di consulenza. Ecco alcune domande chiave da considerare:<\/p>\n\n\n\n<p><strong>Quali sono gli obiettivi strategici dell&#039;Hotel?<\/strong><\/p>\n\n\n\n<p>Understanding the hotel\u2019s overarching goals and objectives is crucial for aligning the consulting engagement with the hotel\u2019s vision and mission. <\/p>\n\n\n\n<p><strong>Quali sono le sfide attuali e i punti critici?<\/strong><\/p>\n\n\n\n<p>Identifying the hotel\u2019s current challenges, pain points, and areas for improvement provides valuable insights into the underlying issues that need to be addressed. <\/p>\n\n\n\n<p><strong>Qual \u00e8 il panorama competitivo?<\/strong><\/p>\n\n\n\n<p>Analyzing the competitive landscape helps consultants understand the hotel\u2019s positioning relative to competitors, market trends, and emerging threats. <\/p>\n\n\n\n<p><strong>Qual \u00e8 il mercato target e la segmentazione della clientela?<\/strong><\/p>\n\n\n\n<p>Understanding the hotel\u2019s target market and customer segmentation is essential for developing tailored strategies that resonate with the target audience. <\/p>\n\n\n\n<p><strong>Quali risorse e capacit\u00e0 sono disponibili?<\/strong><\/p>\n\n\n\n<p>Assessing the hotel\u2019s resources, capabilities, and organizational readiness is critical for ensuring the feasibility and implementation of recommended strategies. <\/p>\n\n\n\n<p><strong>Quali indicatori chiave di prestazione (KPI) misureranno il successo?<\/strong><\/p>\n\n\n\n<p>Establishing key performance indicators (KPIs) helps track progress, monitor performance, and evaluate the impact of consulting recommendations. <\/p>\n\n\n\n<h2 class=\"wp-block-heading\">Quali sono le differenze tra la consulenza strategica alberghiera e la ricerca di mercato tradizionale?<\/h2>\n\n\n\n<p>La ricerca di mercato tradizionale si concentra principalmente sulla raccolta e sull\u2019analisi dei dati sulle tendenze del mercato, sulle preferenze dei clienti e sulle attivit\u00e0 della concorrenza. Si tratta di comprendere il &quot;cosa&quot; e il &quot;perch\u00e9&quot; delle dinamiche di mercato.<\/p>\n\n\n\n<p>Inoltre, la consulenza strategica alberghiera spesso implica un approccio pratico. I consulenti lavorano a stretto contatto con la direzione e il personale dell&#039;hotel, approfondendo gli aspetti operativi dell&#039;hotel per identificare le aree di miglioramento e implementare i cambiamenti. Ci\u00f2 potrebbe includere la ridefinizione dei protocolli di servizio, l\u2019ottimizzazione della gestione delle entrate o l\u2019integrazione di nuove tecnologie per migliorare l\u2019esperienza degli ospiti.<\/p>\n\n\n\n<h2 class=\"wp-block-heading\">Risultati attesi dalla Hotel Strategy Consulting di SIS International<\/h2>\n\n\n\n<p>I servizi di consulenza strategica alberghiera di SIS International sono progettati per fornire risultati tangibili che guidano il successo aziendale e massimizzano il ritorno sull&#039;investimento. Ecco alcuni dei risultati attesi:<\/p>\n\n\n\n<ul class=\"wp-block-list\">\n<li><strong>Rendimento dei ricavi ottimizzato:<\/strong> SIS International\u2019s consulting aims to optimize revenue performance by identifying revenue streams, maximizing pricing strategies, and implementing effective revenue management practices. <\/li>\n\n\n\n<li><strong>Miglioramento dell&#039;efficienza operativa:<\/strong> We work closely with hotel management teams to identify inefficiencies, streamline processes, and enhance productivity. <\/li>\n\n\n\n<li><strong>Maggiore soddisfazione degli ospiti:<\/strong> Our services focus on helping hotels enhance guest satisfaction and loyalty through personalized service, superior guest experiences, and innovative amenities. <\/li>\n<\/ul>\n\n\n\n<h2 class=\"wp-block-heading\">Opportunit\u00e0 e sfide per le imprese<\/h2>\n\n\n\n<p>La consulenza strategica alberghiera apre molte opportunit\u00e0 per le aziende del settore dell&#039;ospitalit\u00e0, consentendo loro di migliorare le proprie operazioni, le esperienze degli ospiti e la posizione complessiva sul mercato. Esploriamo alcune di queste opportunit\u00e0 chiave:<\/p>\n\n\n\n<ul class=\"wp-block-list\">\n<li><strong>Differenziazione del mercato e branding:<\/strong> <a title=\"Consulenza sull&#039;identit\u00e0 del marchio alberghiero\" data-wpil-monitor-id=\"2918\" href=\"https:\/\/www.sisinternational.com\/it\/soluzioni\/consulenza-per-lospitalita-turistica-turistica\/consulenza-sullidentita-del-marchio-alberghiero\/\">Hotel strategy consulting<\/a> can assist businesses in developing a unique brand identity and market position. <\/li>\n\n\n\n<li><strong>Integrazione tecnologica:<\/strong> In un settore sempre pi\u00f9 guidato dalla tecnologia, la consulenza pu\u00f2 aiutare gli hotel a identificare e integrare le giuste soluzioni tecnologiche per migliorare le operazioni e i servizi per gli ospiti, come i sistemi AI, IoT e CRM.<\/li>\n\n\n\n<li><strong>Pratiche sostenibili:<\/strong> Con una crescente attenzione alla sostenibilit\u00e0, i consulenti possono aiutare gli hotel a implementare pratiche e politiche eco-compatibili che vanno a beneficio dell&#039;ambiente e attraggono i viaggiatori eco-consapevoli.<\/li>\n\n\n\n<li><strong>Espansione e localizzazione globale:<\/strong> Per gli hotel che desiderano espandersi in nuovi mercati, i consulenti offrono preziose informazioni sulle dinamiche del mercato locale, sulle sfumature culturali e sulla conformit\u00e0 normativa, garantendo un approccio su misura e di successo per ogni nuova impresa.<\/li>\n<\/ul>\n\n\n\n<h2 class=\"wp-block-heading\">Le sfide per le imprese<\/h2>\n\n\n\n<p>Sebbene la consulenza strategica alberghiera offra numerosi vantaggi, comporta anche sfide che le aziende devono superare e riconoscere e affrontare queste sfide \u00e8 fondamentale per l\u2019implementazione di successo delle strategie di consulenza.<\/p>\n\n\n\n<ul class=\"wp-block-list\">\n<li><strong>Adattarsi ai rapidi cambiamenti del mercato:<\/strong> Il settore dell\u2019ospitalit\u00e0 \u00e8 dinamico, con frequenti cambiamenti nelle preferenze dei consumatori, progressi tecnologici e fattori economici. Rimanere agili e reattivi a questi cambiamenti rimane una sfida significativa per gli hotel.<\/li>\n\n\n\n<li><strong>Integrazione di nuove tecnologie:<\/strong> Sebbene la tecnologia offra immensi vantaggi, l\u2019integrazione di nuovi sistemi nelle operazioni esistenti pu\u00f2 essere complessa. \u00c8 necessaria un\u2019integrazione fluida senza interrompere i servizi in corso, la formazione del personale e l\u2019adattamento.<\/li>\n\n\n\n<li><strong>Bilanciamento di costi e investimenti:<\/strong> Investire in nuove strategie e tecnologie pu\u00f2 essere costoso. Gli hotel devono bilanciare i costi immediati con i benefici a lungo termine, garantendo che gli investimenti portino a un ROI sostanziale.<\/li>\n\n\n\n<li><strong>Preoccupazioni sulla sicurezza dei dati e sulla privacy:<\/strong> Con il crescente utilizzo dell\u2019analisi dei dati e degli strumenti digitali, la salvaguardia dei dati degli ospiti e il rispetto delle normative sulla privacy rappresentano una preoccupazione e una sfida crescente.<\/li>\n\n\n\n<li><strong>Resistenza culturale e operativa:<\/strong> A volte pu\u00f2 verificarsi resistenza all\u2019interno dell\u2019organizzazione a nuove strategie e cambiamenti, soprattutto se alterano in modo significativo pratiche consolidate o norme culturali.<\/li>\n<\/ul>\n\n\n\n<h2 class=\"wp-block-heading\">In che modo i servizi di consulenza strategica per hotel di SIS International aiutano le aziende<\/h2>\n\n\n\n<p>Here\u2019s how SIS International\u2019s expertise and services add value to hotels and hospitality businesses:<\/p>\n\n\n\n<p><strong>Pianificazione strategica<\/strong><\/p>\n\n\n\n<p>SIS International helps hotels identify growth opportunities, mitigate risks, and develop actionable strategies that drive long-term success by conducting thorough analyses of market trends, competitive landscapes, and internal capabilities.<\/p>\n\n\n\n<p><strong>Analisi e posizionamento di mercato<\/strong><\/p>\n\n\n\n<p>SIS International provides in-depth market analysis and positioning strategies to help hotels differentiate themselves in a competitive marketplace. <\/p>\n\n\n\n<p><strong>Eccellenza operativa<\/strong><\/p>\n\n\n\n<p>SIS helps hotels streamline operations, reduce costs, and deliver exceptional service that exceeds guest expectations by conducting operational assessments, process optimizations, and staff training initiatives.<\/p>\n\n\n\n<p><strong>Innovazione e integrazione tecnologica<\/strong><\/p>\n\n\n\n<p>We help hotels embrace innovation and technology to stay ahead of market trends and meet evolving guest expectations. By identifying emerging technologies, trends, and best practices, <\/p>\n\n\n\n<p><strong>Partenariati di collaborazione<\/strong><\/p>\n\n\n\n<p>SIS fosters partnerships with hotels, vendors, and industry stakeholders to facilitate knowledge sharing, best practices, and industry insights. <\/p>\n\n\n\n<h2 class=\"wp-block-heading\">Informazioni su SIS International Consulting<\/h2>\n\n\n\n<p>SIS International Consulting \u00e8 specializzata nella fornitura di soluzioni strategiche su misura per le aziende di tutto il mondo. I nostri consulenti esperti offrono servizi di consulenza completi per l&#039;ingresso nel mercato, l&#039;espansione del business, la pianificazione strategica e lo sviluppo organizzativo. Collaboriamo con i clienti, dall&#039;analisi di mercato al supporto all&#039;implementazione, per promuovere la crescita sostenibile e il vantaggio competitivo. Contattaci per scoprire come la nostra esperienza di consulenza pu\u00f2 potenziare la tua attivit\u00e0.<\/p>","protected":false},"excerpt":{"rendered":"<p>La consulenza strategica per hotel \u00e8 una partnership strategica che aiuta gli hotel ad adattarsi ai cambiamenti del settore con approfondimenti e tattiche.<\/p>","protected":false},"author":1,"featured_media":62546,"parent":44644,"menu_order":3,"comment_status":"closed","ping_status":"closed","template":"","meta":{"footnotes":""},"class_list":["post-45566","page","type-page","status-publish","has-post-thumbnail"],"_links":{"self":[{"href":"https:\/\/www.sisinternational.com\/it\/wp-json\/wp\/v2\/pages\/45566","targetHints":{"allow":["GET"]}}],"collection":[{"href":"https:\/\/www.sisinternational.com\/it\/wp-json\/wp\/v2\/pages"}],"about":[{"href":"https:\/\/www.sisinternational.com\/it\/wp-json\/wp\/v2\/types\/page"}],"author":[{"embeddable":true,"href":"https:\/\/www.sisinternational.com\/it\/wp-json\/wp\/v2\/users\/1"}],"replies":[{"embeddable":true,"href":"https:\/\/www.sisinternational.com\/it\/wp-json\/wp\/v2\/comments?post=45566"}],"version-history":[{"count":16,"href":"https:\/\/www.sisinternational.com\/it\/wp-json\/wp\/v2\/pages\/45566\/revisions"}],"predecessor-version":[{"id":82088,"href":"https:\/\/www.sisinternational.com\/it\/wp-json\/wp\/v2\/pages\/45566\/revisions\/82088"}],"up":[{"embeddable":true,"href":"https:\/\/www.sisinternational.com\/it\/wp-json\/wp\/v2\/pages\/44644"}],"wp:featuredmedia":[{"embeddable":true,"href":"https:\/\/www.sisinternational.com\/it\/wp-json\/wp\/v2\/media\/62546"}],"wp:attachment":[{"href":"https:\/\/www.sisinternational.com\/it\/wp-json\/wp\/v2\/media?parent=45566"}],"curies":[{"name":"wp","href":"https:\/\/api.w.org\/{rel}","templated":true}]}}