{"id":45218,"date":"2024-01-16T11:12:33","date_gmt":"2024-01-16T16:12:33","guid":{"rendered":"https:\/\/www.sisinternational.com\/?page_id=45218"},"modified":"2026-01-25T17:44:44","modified_gmt":"2026-01-25T22:44:44","slug":"consulenza-sullintelligenza-artificiale-per-lautomazione-delle-merci","status":"publish","type":"page","link":"https:\/\/www.sisinternational.com\/it\/soluzioni\/ai-ricerche-di-mercato-e-consulenza-strategica\/consulenza-sullintelligenza-artificiale-per-lautomazione-delle-merci\/","title":{"rendered":"Consulenza sull&#039;automazione delle merci e sull&#039;intelligenza artificiale"},"content":{"rendered":"<h1 class=\"wp-block-heading\">Consulenza sull&#039;automazione delle merci e sull&#039;intelligenza artificiale <\/h1>\n\n\n\n<figure class=\"gb-block-image gb-block-image-9a3d0463\"><img loading=\"lazy\" decoding=\"async\" width=\"1456\" height=\"816\" class=\"gb-image gb-image-9a3d0463\" src=\"https:\/\/www.sisinternational.com\/wp-content\/uploads\/2025\/10\/Freight-Automation-2.jpg\" alt=\"Ricerca e strategia di mercato internazionale SIS\" title=\"Freight Automation (2)\" srcset=\"https:\/\/www.sisinternational.com\/wp-content\/uploads\/2025\/10\/Freight-Automation-2.jpg 1456w, https:\/\/www.sisinternational.com\/wp-content\/uploads\/2025\/10\/Freight-Automation-2-300x168.jpg 300w, https:\/\/www.sisinternational.com\/wp-content\/uploads\/2025\/10\/Freight-Automation-2-1024x574.jpg 1024w, https:\/\/www.sisinternational.com\/wp-content\/uploads\/2025\/10\/Freight-Automation-2-768x430.jpg 768w, https:\/\/www.sisinternational.com\/wp-content\/uploads\/2025\/10\/Freight-Automation-2-18x10.jpg 18w\" sizes=\"auto, (max-width: 1456px) 100vw, 1456px\"><\/figure>\n\n\n\n<hr class=\"wp-block-separator has-alpha-channel-opacity is-style-dots\"\/>\n\n\n\n<p>L&#039;automazione delle merci e la consulenza sull&#039;intelligenza artificiale offrono soluzioni complete che rivoluzionano il modo in cui le merci vengono trasportate e gestite in tutto il mondo. \u00c8 un momento dinamico in cui la logistica incontra la tecnologia all&#039;avanguardia, spingendo il settore del trasporto merci in una nuova era di operazioni intelligenti, efficienti e affidabili.<\/p>\n\n\n\n<h2 class=\"wp-block-heading\">Qual \u00e8 il ruolo dell&#039;automazione del trasporto merci e della consulenza sull&#039;intelligenza artificiale oggi?<\/h2>\n\n\n\n<p>Freight automation and artificial intelligence consulting focus on integrating advanced technological solutions into the freight and logistics industry. They aim to reduce manual intervention, increasing operations&#8217; speed, accuracy, and efficiency.<\/p>\n\n\n\n<p>Therefore, freight automation and <a href=\"https:\/\/www.sisinternational.com\/it\/soluzioni\/ai-ricerche-di-mercato-e-consulenza-strategica\/vai-al-mercato-della-consulenza-sullintelligenza-artificiale\/\" title=\"Consulenza sull&#039;intelligenza artificiale per il go-to-market\"  data-wpil-monitor-id=\"2067\">artificial intelligence consulting<\/a> are about strategically implementing these technologies to transform how goods are moved and managed, analyzing the specific needs and challenges of a freight operation, and devising tailored AI and automation strategies.<\/p>\n\n\n\n<h2 class=\"wp-block-heading\">Importanza dell&#039;automazione delle merci e della consulenza sull&#039;intelligenza artificiale oggi<\/h2>\n\n\n\n<figure class=\"gb-block-image gb-block-image-ee794d5a\"><img loading=\"lazy\" decoding=\"async\" width=\"1456\" height=\"816\" class=\"gb-image gb-image-ee794d5a\" src=\"https:\/\/www.sisinternational.com\/wp-content\/uploads\/2025\/10\/Freight-Automation-5.jpg\" alt=\"Ricerca e strategia di mercato internazionale SIS\" title=\"Freight Automation (5)\" srcset=\"https:\/\/www.sisinternational.com\/wp-content\/uploads\/2025\/10\/Freight-Automation-5.jpg 1456w, https:\/\/www.sisinternational.com\/wp-content\/uploads\/2025\/10\/Freight-Automation-5-300x168.jpg 300w, https:\/\/www.sisinternational.com\/wp-content\/uploads\/2025\/10\/Freight-Automation-5-1024x574.jpg 1024w, https:\/\/www.sisinternational.com\/wp-content\/uploads\/2025\/10\/Freight-Automation-5-768x430.jpg 768w, https:\/\/www.sisinternational.com\/wp-content\/uploads\/2025\/10\/Freight-Automation-5-18x10.jpg 18w\" sizes=\"auto, (max-width: 1456px) 100vw, 1456px\"><\/figure>\n\n\n\n<p><\/p>\n\n\n\n<p>This consulting can substantially reduce operational costs by optimizing routes, predictive maintenance, and resource allocation. This is particularly crucial in a competitive market where cost efficiency can be a key differentiator. Moreover, since the dynamic nature of the logistics market requires businesses to be highly adaptable, AI and automation offer the agility to swiftly respond to changing consumer demands and market conditions.<\/p>\n\n\n\n<p>However, freight <a href=\"https:\/\/www.sisinternational.com\/it\/soluzioni\/ai-ricerche-di-mercato-e-consulenza-strategica\/automazione-del-branding-e-consulenza\/\" title=\"Consulenza sull&#039;automazione del branding e sull&#039;intelligenza artificiale\"  data-wpil-monitor-id=\"2222\">automation and artificial intelligence consulting<\/a> have countless benefits for companies. Some of the main advantages are as follows:<\/p>\n\n\n\n<ul class=\"wp-block-list\">\n<li><strong>Precisione e affidabilit\u00e0 migliorate:<\/strong> Automation reduces the likelihood of human error, while AI provides reliable predictions and real-time data analysis, ensuring higher accuracy in operations and decision-making.<\/li>\n\n\n\n<li><strong>Servizio clienti migliorato:<\/strong> Grazie al monitoraggio in tempo reale, ai tempi di consegna predittivi e alle notifiche automatizzate ai clienti, le aziende possono offrire un servizio clienti di qualit\u00e0 superiore, aumentandone la soddisfazione e la fidelizzazione.<\/li>\n\n\n\n<li><strong>Scalabilit\u00e0:<\/strong> I sistemi di automazione e intelligenza artificiale possono facilmente adattarsi alla crescita e gestire volumi crescenti, rendendoli ideali per le aziende che desiderano espandere le proprie attivit\u00e0.<\/li>\n\n\n\n<li><strong>Sostenibilit\u00e0:<\/strong> Percorsi ottimizzati e operazioni efficienti contribuiscono a ridurre le emissioni, mentre l\u2019intelligenza artificiale pu\u00f2 aiutare a pianificare e implementare pratiche sostenibili lungo tutta la catena di approvvigionamento.<\/li>\n\n\n\n<li><strong>Vantaggio competitivo:<\/strong> Businesses that adopt <a href=\"https:\/\/www.sisinternational.com\/it\/competitive-intelligence-in-ny\/\" title=\"Competitive Intelligence in NY\"  data-wpil-monitor-id=\"1295\">freight automation and artificial intelligence<\/a> consulting can gain a significant competitive edge by offering faster, more reliable, and cost-effective services.<\/li>\n<\/ul>\n\n\n\n<h2 class=\"wp-block-heading\">In che modo la consulenza sull&#039;automazione del trasporto merci e sull&#039;intelligenza artificiale differisce dalla ricerca di mercato tradizionale?<\/h2>\n\n\n\n<p>Freight <a href=\"https:\/\/www.sisinternational.com\/it\/soluzioni\/ai-ricerche-di-mercato-e-consulenza-strategica\/consulenza-sullintelligenza-artificiale-per-lautomazione-dei-ristoranti\/\" title=\"Consulenza sull&#039;automazione dei ristoranti e sull&#039;intelligenza artificiale\"  data-wpil-monitor-id=\"2335\">automation and artificial intelligence consulting<\/a> differ from conventional market research regarding their emphasis, approaches, and ultimate objectives. Although both are instrumental in business growth and strategic planning, they fulfill distinct roles:<\/p>\n\n\n\n<ul class=\"wp-block-list\">\n<li><strong>Focus e obiettivo:<\/strong> Traditional market research primarily aims to understand market trends, customer behavior, and competitive landscapes. In contrast, freight automation and AI <a href=\"https:\/\/www.sisinternational.com\/it\/soluzioni\/ai-ricerche-di-mercato-e-consulenza-strategica\/consulenza-sulla-supply-chain-e-sullautomazione\/\" title=\"Consulenza sull&#039;automazione dell&#039;intelligenza artificiale della catena di fornitura\"  data-wpil-monitor-id=\"4411\">consulenza<\/a> focus on optimizing logistics and supply chain operations using advanced technology.<\/li>\n\n\n\n<li><strong>Applicazione e implementazione:<\/strong> Gli approfondimenti derivanti dalle ricerche di mercato vengono generalmente utilizzati per informare le strategie di marketing, lo sviluppo del prodotto e le iniziative di coinvolgimento dei clienti. Nel frattempo, l\u2019automazione delle merci e la consulenza basata sull\u2019intelligenza artificiale influiscono direttamente sui processi operativi come l\u2019ottimizzazione dei percorsi, la gestione dell\u2019inventario e lo stoccaggio automatizzato.<\/li>\n\n\n\n<li><strong>Risultato:<\/strong> Il risultato della ricerca di mercato \u00e8 solitamente una migliore comprensione del mercato e delle esigenze dei clienti, che porta a migliori sforzi di vendita e marketing. Al contrario, il risultato dell\u2019automazione del trasporto merci e della consulenza basata sull\u2019intelligenza artificiale \u00e8 una maggiore efficienza operativa, risparmi sui costi e migliori prestazioni logistiche.<\/li>\n<\/ul>\n\n\n\n<h2 class=\"wp-block-heading\">Tecnologie e strumenti utilizzati nell&#039;automazione delle merci e nella consulenza sull&#039;intelligenza artificiale<\/h2>\n\n\n\n<figure class=\"gb-block-image gb-block-image-00877f88\"><img loading=\"lazy\" decoding=\"async\" width=\"1456\" height=\"816\" class=\"gb-image gb-image-00877f88\" src=\"https:\/\/www.sisinternational.com\/wp-content\/uploads\/2025\/10\/Freight-Automation-1.jpg\" alt=\"Ricerca e strategia di mercato internazionale SIS\" title=\"Freight Automation (1)\" srcset=\"https:\/\/www.sisinternational.com\/wp-content\/uploads\/2025\/10\/Freight-Automation-1.jpg 1456w, https:\/\/www.sisinternational.com\/wp-content\/uploads\/2025\/10\/Freight-Automation-1-300x168.jpg 300w, https:\/\/www.sisinternational.com\/wp-content\/uploads\/2025\/10\/Freight-Automation-1-1024x574.jpg 1024w, https:\/\/www.sisinternational.com\/wp-content\/uploads\/2025\/10\/Freight-Automation-1-768x430.jpg 768w, https:\/\/www.sisinternational.com\/wp-content\/uploads\/2025\/10\/Freight-Automation-1-18x10.jpg 18w\" sizes=\"auto, (max-width: 1456px) 100vw, 1456px\"><\/figure>\n\n\n\n<p><\/p>\n\n\n\n<p>In freight <a href=\"https:\/\/www.sisinternational.com\/it\/soluzioni\/ai-ricerche-di-mercato-e-consulenza-strategica\/consulenza-sullintelligenza-artificiale-per-lautomazione-degli-integratori-alimentari\/\" title=\"Consulenza sull&#039;automazione degli integratori alimentari e sull&#039;intelligenza artificiale\"  data-wpil-monitor-id=\"2359\">automation and artificial intelligence consulting<\/a>, various specific technologies and tools are employed to enhance efficiency, accuracy, and decision-making in the logistics and transportation sector.<\/p>\n\n\n\n<ul class=\"wp-block-list\">\n<li><strong>Sistemi telematici e di gestione della flotta:<\/strong> Marchi come Samsara e Omnitracs offrono soluzioni avanzate di gestione della flotta che forniscono dati in tempo reale sulla posizione dei veicoli, sul consumo di carburante e sul comportamento dei conducenti.<\/li>\n\n\n\n<li><strong>Software di ottimizzazione del percorso:<\/strong> Strumenti come Route4Me e ORTEC consentono di ottimizzare il percorso delle consegne, riducendo il consumo di carburante e migliorando i tempi di consegna.<\/li>\n\n\n\n<li><strong>Sistemi di gestione dei trasporti (TMS):<\/strong> Sistemi come SAP Transportation Management e Oracle Transportation Management forniscono soluzioni complete per la gestione delle operazioni di trasporto.<\/li>\n<\/ul>\n\n\n\n<h2 class=\"wp-block-heading\">Risultati attesi dall&#039;automazione delle merci e dalla consulenza sull&#039;intelligenza artificiale<\/h2>\n\n\n\n<p>Engaging in freight <a href=\"https:\/\/www.sisinternational.com\/it\/soluzioni\/ai-ricerche-di-mercato-e-consulenza-strategica\/consulenza-sullintelligenza-artificiale-per-lautomazione-b2b\/\" title=\"Consulenza sull&#039;automazione e l&#039;intelligenza artificiale B2B\"  data-wpil-monitor-id=\"2418\">automation and artificial intelligence consulting<\/a> is expected to yield significant results for businesses, transforming various aspects of logistics and supply chain management \u2013 and here are some key outcomes that businesses can anticipate:<\/p>\n\n\n\n<ul class=\"wp-block-list\">\n<li><strong>Maggiore efficienza operativa:<\/strong> L\u2019automazione e l\u2019intelligenza artificiale possono semplificare molti aspetti delle operazioni di trasporto merci, dalla gestione del magazzino alla pianificazione dei percorsi, portando a una maggiore efficienza complessiva.<\/li>\n\n\n\n<li><strong>Riduzione dei costi:<\/strong> Ottimizzando i percorsi, riducendo il consumo di carburante e riducendo al minimo i tempi di inattivit\u00e0, l\u2019intelligenza artificiale e l\u2019automazione possono contribuire a ridurre significativamente i costi operativi.<\/li>\n\n\n\n<li><strong>Maggiore soddisfazione del cliente:<\/strong> Grazie alle funzionalit\u00e0 di monitoraggio in tempo reale e all&#039;analisi predittiva, le aziende possono fornire un servizio clienti migliore attraverso consegne tempestive e comunicazioni proattive.<\/li>\n\n\n\n<li><strong>Miglioramenti della sostenibilit\u00e0:<\/strong> L\u2019ottimizzazione dei percorsi e la riduzione dei tempi di inattivit\u00e0 contribuiscono a ridurre le emissioni di carbonio, supportando pratiche di trasporto pi\u00f9 sostenibili.<\/li>\n\n\n\n<li><strong>Vantaggio competitivo:<\/strong> I primi ad adottare l\u2019automazione delle merci e le tecnologie di intelligenza artificiale possono ottenere un vantaggio competitivo offrendo servizi pi\u00f9 rapidi, pi\u00f9 efficienti ed economici.<\/li>\n<\/ul>\n\n\n\n<h2 class=\"wp-block-heading\">Opportunit\u00e0<\/h2>\n\n\n\n<p>The integration of freight automation and <a href=\"https:\/\/www.sisinternational.com\/it\/ladozione-dellintelligenza-artificiale-nelle-piccole-imprese\/\" title=\"Adozione dell\u2019intelligenza artificiale (AI) nelle piccole imprese\"  data-wpil-monitor-id=\"2811\">artificial intelligence presents numerous opportunities for businesses<\/a> in the logistics and supply chain sector. Here&#8217;s a brief look at some of these opportunities:<\/p>\n\n\n\n<ul class=\"wp-block-list\">\n<li><strong>Eccellenza operativa:<\/strong> Businesses can achieve operational excellence through streamlined processes, improved efficiency, and reduced human error. Automation and AI can enhance logistics operations, including inventory management, loading and unloading processes, and route optimization.<\/li>\n\n\n\n<li><strong>Scalabilit\u00e0 e flessibilit\u00e0:<\/strong> Le soluzioni di intelligenza artificiale e automazione offrono scalabilit\u00e0, consentendo alle aziende di gestire in modo efficiente volumi crescenti e di adattarsi ai cambiamenti del mercato.<\/li>\n\n\n\n<li><strong>Innovazione e competitivit\u00e0 di mercato:<\/strong> L\u2019implementazione di tecnologie all\u2019avanguardia nelle operazioni di trasporto merci pu\u00f2 posizionare le aziende come leader di mercato e innovatrici nel settore della logistica.<\/li>\n\n\n\n<li><strong>Gestione del rischio:<\/strong> L\u2019analisi predittiva e gli strumenti decisionali intelligenti aiutano a identificare e mitigare i potenziali rischi nella catena di fornitura.<\/li>\n\n\n\n<li><strong>Orizzonti di business in espansione:<\/strong> Freight <a href=\"https:\/\/www.sisinternational.com\/it\/soluzioni\/ai-ricerche-di-mercato-e-consulenza-strategica\/consulenza-sullintelligenza-artificiale-per-lautomazione-del-gas-petrolifero\/\" title=\"Consulenza sull&#039;automazione del petrolio e del gas e sull&#039;intelligenza artificiale\"  data-wpil-monitor-id=\"2771\">automation and artificial intelligence consulting<\/a> open up new possibilities in logistics such as exploring new business models and expanding into new markets.<\/li>\n<\/ul>\n\n\n\n<h2 class=\"wp-block-heading\">Sfide<\/h2>\n\n\n\n<figure class=\"gb-block-image gb-block-image-9132afd8\"><img loading=\"lazy\" decoding=\"async\" width=\"1456\" height=\"816\" class=\"gb-image gb-image-9132afd8\" src=\"https:\/\/www.sisinternational.com\/wp-content\/uploads\/2025\/10\/Freight-Automation-4.jpg\" alt=\"Ricerca e strategia di mercato internazionale SIS\" title=\"Freight Automation (4)\" srcset=\"https:\/\/www.sisinternational.com\/wp-content\/uploads\/2025\/10\/Freight-Automation-4.jpg 1456w, https:\/\/www.sisinternational.com\/wp-content\/uploads\/2025\/10\/Freight-Automation-4-300x168.jpg 300w, https:\/\/www.sisinternational.com\/wp-content\/uploads\/2025\/10\/Freight-Automation-4-1024x574.jpg 1024w, https:\/\/www.sisinternational.com\/wp-content\/uploads\/2025\/10\/Freight-Automation-4-768x430.jpg 768w, https:\/\/www.sisinternational.com\/wp-content\/uploads\/2025\/10\/Freight-Automation-4-18x10.jpg 18w\" sizes=\"auto, (max-width: 1456px) 100vw, 1456px\"><\/figure>\n\n\n\n<p><\/p>\n\n\n\n<p>Freight <a href=\"https:\/\/www.sisinternational.com\/it\/soluzioni\/ai-ricerche-di-mercato-e-consulenza-strategica\/consulenza-sullintelligenza-artificiale-per-lautomazione-delle-biotecnologie\/\" title=\"Consulenza sull&#039;automazione delle biotecnologie e sull&#039;intelligenza artificiale\"  data-wpil-monitor-id=\"3913\">automation and artificial intelligence consulting<\/a> also present certain challenges that businesses must navigate \u2013 and addressing these challenges is crucial for a successful implementation:<\/p>\n\n\n\n<ul class=\"wp-block-list\">\n<li><strong>Processo di integrazione complesso:<\/strong> L\u2019integrazione perfetta delle nuove tecnologie con i sistemi e i processi esistenti pu\u00f2 essere complessa e dispendiosa in termini di tempo e richiede competenze specializzate.<\/li>\n\n\n\n<li><strong>Problemi relativi alla privacy e alla sicurezza dei dati:<\/strong> Con la crescente dipendenza da soluzioni basate sui dati, garantire la sicurezza e la privacy dei dati diventa una sfida fondamentale, in particolare nel contesto delle informazioni sensibili sulle merci.<\/li>\n\n\n\n<li><strong>Affidabilit\u00e0 e dipendenza dalla tecnologia:<\/strong> Potrebbero esserci preoccupazioni sull\u2019affidabilit\u00e0 dell\u2019intelligenza artificiale e dei sistemi di automazione, soprattutto nelle operazioni logistiche critiche. L&#039;eccessiva dipendenza da queste tecnologie pu\u00f2 comportare rischi in caso di guasti del sistema.<\/li>\n\n\n\n<li><strong>Manutenzione e aggiornamenti continui:<\/strong> I sistemi di intelligenza artificiale e automazione richiedono monitoraggio continuo, manutenzione e aggiornamenti periodici, che possono richiedere un uso intensivo delle risorse.<\/li>\n\n\n\n<li><strong>Scalabilit\u00e0 e a prova di futuro:<\/strong> Garantire che le soluzioni di intelligenza artificiale e automazione siano scalabili e adattabili ai futuri progressi tecnologici e ai cambiamenti del mercato \u00e8 una sfida fondamentale.<\/li>\n<\/ul>\n\n\n\n<h2 class=\"wp-block-heading\">Soluzioni SIS: automazione delle merci e consulenza sull&#039;intelligenza artificiale<\/h2>\n\n\n\n<p>At SIS, we recognize the transformative potential of freight automation and <a href=\"https:\/\/www.sisinternational.com\/it\/soluzioni\/ai-ricerche-di-mercato-e-consulenza-strategica\/consulenza-sullautomazione-della-logistica-delle-spedizioni-e-sulla-consulenza\/\" title=\"Automazione delle spedizioni e della logistica e consulenza sull&#039;intelligenza artificiale\"  data-wpil-monitor-id=\"4384\">intelligenza artificiale<\/a> in revolutionizing the logistics and transportation industry. <a href=\"https:\/\/www.linkedin.com\/company\/sisinternationalresearch\/\" target=\"_blank\" rel=\"noopener\">Our consulting solutions<\/a> offer a strategic roadmap for businesses to seamlessly integrate automation and AI technologies into their freight operations, unlocking new efficiency, reliability, and sustainability levels. Here&#8217;s how we can help:<\/p>\n\n\n\n<ul class=\"wp-block-list\">\n<li><strong>Analisi di mercato completa:<\/strong> Our team conducts in-depth market analysis to identify emerging trends, technological advancements, and competitive dynamics within the freight and logistics industry. We provide insights into how automation and AI reshape freight operations and offer strategic recommendations to capitalize on new opportunities.<\/li>\n\n\n\n<li><strong>Sviluppo di soluzioni personalizzate:<\/strong> We develop customized automation and AI solutions tailored to address our clients&#8217; freight operations&#8217; specific challenges and operational contexts.\u00a0<\/li>\n\n\n\n<li><strong>Coinvolgimento delle parti interessate:<\/strong> We engage all stakeholders, including operational staff, management, and external partners, to understand different perspectives and ensure the solutions meet their requirements. Effective stakeholder engagement is crucial for successfully implementing and adopting automation and AI technologies in freight operations.<\/li>\n\n\n\n<li><strong>Competenza e Formazione:<\/strong> Forniamo competenze e formazione per garantire che il personale sia adeguatamente formato per lavorare con le nuove tecnologie di automazione e intelligenza artificiale. Inoltre, ci avvaliamo di competenze specializzate, sia interne che tramite consulenti esterni, per migliorare il successo di queste iniziative.<\/li>\n\n\n\n<li><strong>Conformit\u00e0 normativa e sicurezza:<\/strong> Garantiamo che le soluzioni di automazione e intelligenza artificiale siano conformi a tutte le normative e gli standard pertinenti, mitigando il rischio di non conformit\u00e0. La privacy dei dati, la sicurezza informatica e la conformit\u00e0 normativa sono le massime priorit\u00e0 nel nostro approccio di consulenza.<\/li>\n\n\n\n<li><strong>Monitoraggio e ottimizzazione continui:<\/strong> We provide ongoing support to monitor the performance of automation and AI systems, identify areas for improvement, and optimize their performance. Constant monitoring and optimization are essential for long-term success and adaptation to evolving needs in freight operations.<\/li>\n\n\n\n<li><strong>Integrazione con l&#039;infrastruttura esistente:<\/strong> We help businesses integrate new automation and AI technologies seamlessly with their freight systems and infrastructure. Compatibility, scalability, and minimal disruption are key considerations in our integration approach.<\/li>\n<\/ul>\n\n\n\n<p>Partner with SIS for comprehensive freight <a href=\"https:\/\/www.sisinternational.com\/it\/soluzioni\/ai-ricerche-di-mercato-e-consulenza-strategica\/consulenza-sullintelligenza-artificiale-per-lautomazione-delle-bevande\/\" title=\"Consulenza sull&#039;automazione delle bevande e sull&#039;intelligenza artificiale\" data-wpil-monitor-id=\"3929\">automation and artificial intelligence consulting<\/a> solutions that drive innovation, efficiency, and sustainability in the logistics and transportation industry. With our strategic approach and industry expertise, we help clients unlock the full potential of automation and AI to create smarter, more efficient, and reliable freight networks.<\/p>\n\n\n\n<h2 class=\"wp-block-heading\">La nostra sede a New York<\/h2>\n\n\n\n<p>  <iframe loading=\"lazy\" src=\"https:\/\/www.google.com\/maps\/embed?pb=!1m18!1m12!1m3!1d3022.976188376966!2d-73.99130312499956!3d40.740549471389315!2m3!1f0!2f0!3f0!3m2!1i1024!2i768!4f13.1!3m3!1m2!1s0x89c259a15798c731%3A0xd695d09bdd495f25!2s11%20E%2022nd%20St%20FL%202%2C%20New%20York%2C%20NY%2010010%2C%20USA!5e0!3m2!1sen!2spe!4v1726171763526!5m2!1sen!2spe\" width=\"600\" height=\"450\" allowfullscreen=\"allowfullscreen\" data-mce-fragment=\"1\"><\/iframe>  <\/p>\n\n\n\n<h3 class=\"wp-block-heading\">11 E 22nd Street, piano 2, New York, NY 10010 T: +1(212) 505-6805<\/h3>\n\n\n\n<hr class=\"wp-block-separator has-alpha-channel-opacity\"\/>\n\n\n\n<h2 class=\"wp-block-heading\"><span style=\"font-weight: 400;\">A proposito di SIS Internazionale<\/span><\/h2>\n\n\n\n<p><a href=\"https:\/\/www.sisinternational.com\/it\/\"><span style=\"font-weight: 400;\">SIS Internazionale<\/span><\/a><span style=\"font-weight: 400;\"> offre ricerca quantitativa, qualitativa e strategica. Forniamo dati, strumenti, strategie, report e approfondimenti per il processo decisionale. Conduciamo anche interviste, sondaggi, focus group e altri metodi e approcci di ricerca di mercato.<\/span><a href=\"https:\/\/www.sisinternational.com\/it\/sulla-sua-ricerca-internazionale\/contact-sis-international-market-research\/\"><span style=\"font-weight: 400;\"> Contattaci<\/span><\/a><span style=\"font-weight: 400;\"> per il tuo prossimo progetto di ricerca di mercato.<\/span><\/p>\n\n\n\n<hr class=\"wp-block-separator has-alpha-channel-opacity\"\/>\n\n\n\n<h2 class=\"wp-block-heading\">&nbsp;<\/h2>\n\n\n\n<p><\/p>\n\n\n\n<p><\/p>","protected":false},"excerpt":{"rendered":"<p>L&#039;automazione del trasporto merci e la consulenza basata sull&#039;intelligenza artificiale uniscono tecnologia avanzata per ridurre l&#039;intervento manuale e migliorare la velocit\u00e0, la precisione e l&#039;efficienza.<\/p>","protected":false},"author":1,"featured_media":71635,"parent":44406,"menu_order":54,"comment_status":"closed","ping_status":"closed","template":"","meta":{"footnotes":""},"class_list":["post-45218","page","type-page","status-publish","has-post-thumbnail"],"_links":{"self":[{"href":"https:\/\/www.sisinternational.com\/it\/wp-json\/wp\/v2\/pages\/45218","targetHints":{"allow":["GET"]}}],"collection":[{"href":"https:\/\/www.sisinternational.com\/it\/wp-json\/wp\/v2\/pages"}],"about":[{"href":"https:\/\/www.sisinternational.com\/it\/wp-json\/wp\/v2\/types\/page"}],"author":[{"embeddable":true,"href":"https:\/\/www.sisinternational.com\/it\/wp-json\/wp\/v2\/users\/1"}],"replies":[{"embeddable":true,"href":"https:\/\/www.sisinternational.com\/it\/wp-json\/wp\/v2\/comments?post=45218"}],"version-history":[{"count":21,"href":"https:\/\/www.sisinternational.com\/it\/wp-json\/wp\/v2\/pages\/45218\/revisions"}],"predecessor-version":[{"id":78458,"href":"https:\/\/www.sisinternational.com\/it\/wp-json\/wp\/v2\/pages\/45218\/revisions\/78458"}],"up":[{"embeddable":true,"href":"https:\/\/www.sisinternational.com\/it\/wp-json\/wp\/v2\/pages\/44406"}],"wp:featuredmedia":[{"embeddable":true,"href":"https:\/\/www.sisinternational.com\/it\/wp-json\/wp\/v2\/media\/71635"}],"wp:attachment":[{"href":"https:\/\/www.sisinternational.com\/it\/wp-json\/wp\/v2\/media?parent=45218"}],"curies":[{"name":"wp","href":"https:\/\/api.w.org\/{rel}","templated":true}]}}