{"id":45128,"date":"2024-01-15T09:38:01","date_gmt":"2024-01-15T14:38:01","guid":{"rendered":"https:\/\/www.sisinternational.com\/?page_id=45128"},"modified":"2026-02-19T00:34:31","modified_gmt":"2026-02-19T05:34:31","slug":"consulenza-sullintelligenza-artificiale-per-lautomazione-del-settore-tecnologico","status":"publish","type":"page","link":"https:\/\/www.sisinternational.com\/it\/soluzioni\/ai-ricerche-di-mercato-e-consulenza-strategica\/consulenza-sullintelligenza-artificiale-per-lautomazione-del-settore-tecnologico\/","title":{"rendered":"Consulenza sull&#039;automazione del settore tecnologico e sull&#039;intelligenza artificiale"},"content":{"rendered":"<h1 class=\"wp-block-heading\">Consulenza sull&#039;automazione del settore tecnologico e sull&#039;intelligenza artificiale<\/h1>\n\n\n\n<figure class=\"gb-block-image gb-block-image-43f23f01\"><img loading=\"lazy\" decoding=\"async\" width=\"1456\" height=\"816\" class=\"gb-image gb-image-43f23f01\" src=\"https:\/\/www.sisinternational.com\/wp-content\/uploads\/2025\/10\/Investment-Banking-Automation-1.jpg\" alt=\"Ricerca e strategia di mercato internazionale SIS\" title=\"Investment Banking Automation (1)\" srcset=\"https:\/\/www.sisinternational.com\/wp-content\/uploads\/2025\/10\/Investment-Banking-Automation-1.jpg 1456w, https:\/\/www.sisinternational.com\/wp-content\/uploads\/2025\/10\/Investment-Banking-Automation-1-300x168.jpg 300w, https:\/\/www.sisinternational.com\/wp-content\/uploads\/2025\/10\/Investment-Banking-Automation-1-1024x574.jpg 1024w, https:\/\/www.sisinternational.com\/wp-content\/uploads\/2025\/10\/Investment-Banking-Automation-1-768x430.jpg 768w, https:\/\/www.sisinternational.com\/wp-content\/uploads\/2025\/10\/Investment-Banking-Automation-1-18x10.jpg 18w\" sizes=\"auto, (max-width: 1456px) 100vw, 1456px\"><\/figure>\n\n\n\n<p><\/p>\n\n\n\n<p>As industries move toward a digital-first approach, understanding the intricate mix of machines and algorithms becomes imperative for staying relevant and competitive. That\u2019s why technology industry automation and AI consulting are critical tools to navigate the complexities of digital transformation. <\/p>\n\n\n\n<p>This journey is about reshaping business models, enhancing operational efficiency, and redefining customer experiences in an era where artificial intelligence is a necessity.<\/p>\n\n\n\n<h2 class=\"wp-block-heading\">Che cos&#039;\u00e8 la consulenza sull&#039;automazione del settore tecnologico e sull&#039;intelligenza artificiale?<\/h2>\n\n\n\n<p><a title=\"Law Firm Technology Integration&nbsp;&nbsp;&nbsp;\" href=\"https:\/\/www.sisinternational.com\/it\/soluzioni\/legal-market-research\/law-firm-technology-integration\/\" data-wpil-monitor-id=\"960\">Technology industry automation and AI consulting<\/a> involves the strategic integration of artificial intelligence and automated systems into various aspects of business operations, aiming to enhance efficiency, reduce human error, and open new avenues for innovation and growth.<\/p>\n\n\n\n<p>Automation in the technology industry is not about replacing manual processes with machines; it&#8217;s about creating smarter workflows that can learn, adapt, and make decisions in real-time. <\/p>\n\n\n\n<h2 class=\"wp-block-heading\">Perch\u00e9 le aziende hanno bisogno di consulenza sull&#039;automazione del settore tecnologico e sull&#039;intelligenza artificiale<\/h2>\n\n\n\n<p>Gli strumenti di automazione e i sistemi di intelligenza artificiale semplificano le operazioni, riducono al minimo le attivit\u00e0 manuali e riducono la possibilit\u00e0 di errore umano. Questo cambiamento non solo aumenta la produttivit\u00e0, ma libera anche le risorse umane affinch\u00e9 possano concentrarsi su compiti pi\u00f9 strategici e creativi, massimizzando cos\u00ec il potenziale della forza lavoro.<\/p>\n\n\n\n<p>Tecnologia <a title=\"Automazione del settore via cavo e satellitare e consulenza sull&#039;intelligenza artificiale\" data-wpil-monitor-id=\"3876\" href=\"https:\/\/www.sisinternational.com\/it\/soluzioni\/ai-ricerche-di-mercato-e-consulenza-strategica\/consulenza-ai-per-lautomazione-dellindustria-via-cavo-e-satellite\/\">industry automation and AI consulting<\/a> also offer AI-driven solutions that allow businesses to create personalized experiences for their customers. Particularly, it brings several benefits, including:<\/p>\n\n\n\n<ul class=\"wp-block-list\">\n<li><strong>Innovazione e sviluppo prodotto:<\/strong> Tecnologia <a title=\"Consulenza sull&#039;automazione dell&#039;industria elettronica e sull&#039;intelligenza artificiale\" data-wpil-monitor-id=\"1136\" href=\"https:\/\/www.sisinternational.com\/it\/soluzioni\/ai-ricerche-di-mercato-e-consulenza-strategica\/consulenza-sullintelligenza-artificiale-per-lautomazione-dellindustria-elettronica\/\">industry automation and artificial intelligence consulting<\/a> open new avenues for innovation. AI can help businesses develop new products and services that align with evolving customer needs. <\/li>\n\n\n\n<li><strong>Empowerment dei dipendenti e soddisfazione lavorativa:<\/strong> Contrary to the belief that automation and AI might displace human workers, these technologies can enhance job satisfaction. <\/li>\n\n\n\n<li><strong>Operazioni sostenibili e responsabili:<\/strong> Technology industry <a title=\"Consulenza sull&#039;automazione dei trasporti e sull&#039;intelligenza artificiale\" data-wpil-monitor-id=\"4505\" href=\"https:\/\/www.sisinternational.com\/it\/soluzioni\/ai-ricerche-di-mercato-e-consulenza-strategica\/consulenza-sullintelligenza-artificiale-per-lautomazione-dei-trasporti\/\">automation and artificial intelligence consulting<\/a> can optimize resource use, leading to more sustainable operations. <\/li>\n<\/ul>\n\n\n\n<h2 class=\"wp-block-heading\">Quando le aziende dovrebbero rivolgersi alla consulenza sull&#039;automazione del settore tecnologico e sull&#039;intelligenza artificiale?<\/h2>\n\n\n\n<p>Identificare il momento giusto per impegnarsi nell\u2019automazione del settore tecnologico e nella consulenza sull\u2019intelligenza artificiale \u00e8 fondamentale per le aziende che mirano a sfruttare queste tecnologie in modo efficace. Diversi scenari segnalano la necessit\u00e0 di questa mossa strategica:<\/p>\n\n\n\n<ul class=\"wp-block-list\">\n<li><strong>Ingresso in nuovi mercati o lancio di nuovi prodotti:<\/strong> La diversificazione o l&#039;espansione in nuovi mercati richiede una profonda comprensione delle nuove basi di clienti e delle sfide operative. L\u2019intelligenza artificiale pu\u00f2 fornire preziose informazioni sulle tendenze del mercato e sulle preferenze dei clienti, favorendo un\u2019espansione di successo.<\/li>\n\n\n\n<li><strong>Necessit\u00e0 di riduzione dei costi e miglioramento dell\u2019efficienza:<\/strong> When businesses face pressure to reduce costs and improve operational efficiency, engaging in technology industry <a title=\"Consulenza sull&#039;automazione del flusso di lavoro e sull&#039;intelligenza artificiale\" data-wpil-monitor-id=\"4795\" href=\"https:\/\/www.sisinternational.com\/it\/soluzioni\/ai-ricerche-di-mercato-e-consulenza-strategica\/consulenza-sullintelligenza-artificiale-per-lautomazione-del-flusso-di-lavoro\/\">automation and artificial intelligence consulting<\/a> can be a game-changer. <\/li>\n\n\n\n<li><strong>Puntare all\u2019innovazione e alla leadership:<\/strong> Le aziende che mirano a diventare leader o innovatrici del settore dovrebbero abbracciare l\u2019intelligenza artificiale e l\u2019automazione. Queste tecnologie sono motori chiave dell\u2019innovazione, poich\u00e9 offrono nuovi modi per risolvere problemi, migliorare i prodotti e ottimizzare i servizi.<\/li>\n\n\n\n<li><strong>Soddisfare gli obiettivi di sostenibilit\u00e0 aziendale:<\/strong> For companies committed to sustainable practices, Technology industry <a title=\"Consulenza sull&#039;automazione sanitaria e sull&#039;intelligenza artificiale\" data-wpil-monitor-id=\"4873\" href=\"https:\/\/www.sisinternational.com\/it\/soluzioni\/ai-ricerche-di-mercato-e-consulenza-strategica\/consulenza-sullintelligenza-artificiale-per-lautomazione-sanitaria\/\">automation and artificial intelligence consulting<\/a> can optimize resource use, reduce waste, and contribute to more environmentally friendly operations.<\/li>\n<\/ul>\n\n\n\n<h2 class=\"wp-block-heading\">Quali sono i risultati attesi dall\u2019automazione del settore tecnologico e dalla consulenza sull\u2019intelligenza artificiale?<\/h2>\n\n\n\n<p>L&#039;automazione del settore tecnologico e la consulenza sull&#039;intelligenza artificiale generano risultati rapidi per le aziende e consentono loro di rimanere competitivi sul mercato attraverso soluzioni che corrispondono alle tendenze emergenti:<\/p>\n\n\n\n<ul class=\"wp-block-list\">\n<li><strong>Risparmi:<\/strong> Technology industry <a title=\"Consulenza sull&#039;automazione delle biotecnologie e sull&#039;intelligenza artificiale\" data-wpil-monitor-id=\"6864\" href=\"https:\/\/www.sisinternational.com\/it\/soluzioni\/ai-ricerche-di-mercato-e-consulenza-strategica\/consulenza-sullintelligenza-artificiale-per-lautomazione-delle-biotecnologie\/\">automation and artificial intelligence consulting<\/a> lead to significant cost savings over time. Reduced manual labor, minimized errors, and optimized resource use all contribute to a healthier bottom line.<\/li>\n\n\n\n<li><strong>Riduzione del rischio e conformit\u00e0:<\/strong> Questa consulenza pu\u00f2 migliorare la gestione del rischio e il monitoraggio della conformit\u00e0, offrendo alle aziende maggiore sicurezza e tranquillit\u00e0 in queste aree cruciali.<\/li>\n\n\n\n<li><strong>Empowerment dei dipendenti:<\/strong> Automatizzando le attivit\u00e0 di routine, i dipendenti possono concentrarsi su lavori di maggior valore, con conseguente maggiore soddisfazione lavorativa, riduzione del turnover e una forza lavoro pi\u00f9 coinvolta.<\/li>\n<\/ul>\n\n\n\n<h2 class=\"wp-block-heading\">Tecnologie e strumenti nell&#039;automazione del settore tecnologico e consulenza sull&#039;intelligenza artificiale<\/h2>\n\n\n\n<p>Il panorama dell\u2019automazione del settore tecnologico e della consulenza sull\u2019intelligenza artificiale \u00e8 ricco di una variet\u00e0 di strumenti e tecnologie. Questi spaziano dal software specializzato all&#039;hardware avanzato, ciascuno dei quali svolge un ruolo fondamentale nella trasformazione delle operazioni aziendali. Alcune delle tecnologie e degli strumenti chiave includono:<\/p>\n\n\n\n<ul class=\"wp-block-list\">\n<li><strong>Automazione Robotica dei Processi (RPA):<\/strong> RPA tools like UiPath and Automation Anywhere allow businesses to automate routine and repetitive tasks. <\/li>\n\n\n\n<li><strong>Strumenti di analisi e visualizzazione dei dati:<\/strong> Strumenti come Tableau, Microsoft Power BI e SAS forniscono potenti funzionalit\u00e0 di analisi e visualizzazione dei dati. Aiutano le aziende a dare un senso a grandi set di dati, scoprendo informazioni che possono guidare il processo decisionale.<\/li>\n\n\n\n<li><strong>Strumenti di elaborazione del linguaggio naturale (PNL):<\/strong> Le tecnologie NLP, come quelle offerte da OpenAI, consentono alle macchine di comprendere e rispondere al linguaggio umano. Sono utilizzati nei chatbot, negli assistenti vocali e nell&#039;automazione del servizio clienti.<\/li>\n\n\n\n<li><strong>Piattaforme di cloud computing:<\/strong> Piattaforme come Amazon Web Services (AWS), Microsoft Azure e Google Cloud Platform offrono risorse di cloud computing scalabili, flessibili e convenienti. Sono essenziali per archiviare ed elaborare grandi quantit\u00e0 di dati richiesti per l&#039;intelligenza artificiale e l&#039;automazione.<\/li>\n\n\n\n<li><strong>Sistemi ERP (Enterprise Resource Planning):<\/strong> I sistemi ERP come SAP, Oracle ERP Cloud e Microsoft Dynamics 365 utilizzano l&#039;intelligenza artificiale e l&#039;automazione per semplificare i processi aziendali nei vari dipartimenti.<\/li>\n<\/ul>\n\n\n\n<h2 class=\"wp-block-heading\">Opportunit\u00e0 nell&#039;automazione del settore tecnologico e nella consulenza sull&#039;intelligenza artificiale per le aziende<\/h2>\n\n\n\n<p>L\u2019integrazione dell\u2019automazione e dell\u2019intelligenza artificiale nel settore tecnologico apre molte opportunit\u00e0 chiave per le aziende \u2013 ed ecco alcune delle opportunit\u00e0 pi\u00f9 importanti:<\/p>\n\n\n\n<ul class=\"wp-block-list\">\n<li><strong>Creazione di nuovi modelli di business:<\/strong> <a title=\"Adozione dell\u2019intelligenza artificiale (AI) nelle piccole imprese\" data-wpil-monitor-id=\"2785\" href=\"https:\/\/www.sisinternational.com\/it\/ladozione-dellintelligenza-artificiale-nelle-piccole-imprese\/\">Technology industry automation and artificial intelligence<\/a> consulting enable businesses to explore and establish innovative business models. For instance, companies can leverage AI to offer personalized services, subscription-based access to AI tools, or automated solutions as a service.<\/li>\n\n\n\n<li><strong>Espansione del mercato e portata globale:<\/strong> Questa consulenza consente alle aziende di ampliare ed espandere la propria portata a livello globale con costi incrementali minimi. L\u2019automazione e l\u2019intelligenza artificiale possono gestire la complessit\u00e0 di operare in mercati diversi, affrontando lingue, normative e sfumature culturali diverse.<\/li>\n\n\n\n<li><strong>Trasformazione della forza lavoro e sviluppo di nuove competenze:<\/strong> Il passaggio all\u2019intelligenza artificiale e all\u2019automazione sta trasformando la forza lavoro, creando opportunit\u00e0 per i dipendenti di sviluppare nuove competenze nella gestione dell\u2019intelligenza artificiale, nell\u2019analisi dei dati e nell\u2019integrazione tecnologica.<\/li>\n\n\n\n<li><strong>Resilienza operativa:<\/strong> Technology industry <a title=\"Consulenza sull&#039;automazione del branding e sull&#039;intelligenza artificiale\" data-wpil-monitor-id=\"6889\" href=\"https:\/\/www.sisinternational.com\/it\/soluzioni\/ai-ricerche-di-mercato-e-consulenza-strategica\/automazione-del-branding-e-consulenza\/\">automation and artificial intelligence consulting<\/a> contribute to operational resilience, enabling businesses to quickly adapt to changes in the market or disruptions in the supply chain. This agility is crucial in today&#8217;s fast-paced business environment.<\/li>\n\n\n\n<li><strong>Sostenibilit\u00e0 ed ecoefficienza:<\/strong> Ottimizzando l\u2019uso delle risorse e riducendo gli sprechi, pu\u00f2 aiutare le aziende a raggiungere i propri obiettivi di sostenibilit\u00e0, rendendo le operazioni pi\u00f9 eco-efficienti e conformi alle normative ambientali.<\/li>\n<\/ul>\n\n\n\n<h2 class=\"wp-block-heading\">Soluzioni SIS: automazione del settore tecnologico e consulenza sull&#039;intelligenza artificiale<\/h2>\n\n\n\n<p>We provide innovative solutions to drive digital transformation in the technology industry, enhancing operational efficiency, and redefining customer experiences. Our researchers conduct strategic analyses to turn information into actionable insights and help you consider <a title=\"Trascrizione di ricerche di mercato\" href=\"https:\/\/www.sisinternational.com\/it\/soluzioni\/traduzione-e-trascrizione\/trascrizione-di-ricerche-di-mercato\/\" data-wpil-monitor-id=\"5904\">technology industry automation and AI consulting<\/a> with a full market view \u2013 and our focus on strategic analysis and actionable insights goes beyond data and provides tailored solutions for clients.<\/p>\n\n\n\n<ul class=\"wp-block-list\">\n<li><strong>Implementazione dell&#039;automazione robotica dei processi (RPA):<\/strong> Le nostre soluzioni RPA automatizzano le attivit\u00e0 di routine e ripetitive, riducendo al minimo gli errori e migliorando l&#039;efficienza nei vari processi aziendali, portando in definitiva a significativi risparmi sui costi e maggiore produttivit\u00e0.<\/li>\n\n\n\n<li><strong>Servizi di analisi e visualizzazione dei dati:<\/strong> Sfruttando strumenti avanzati di analisi e visualizzazione dei dati, aiutiamo le aziende a scoprire informazioni preziose da set di dati di grandi dimensioni, consentendo un processo decisionale e una pianificazione strategica basati sui dati.<\/li>\n\n\n\n<li><strong>Integrazione dell&#039;elaborazione del linguaggio naturale (PNL):<\/strong> Integrando le tecnologie NLP, consentiamo alle aziende di sviluppare chatbot, assistenti vocali e soluzioni di automazione del servizio clienti basati sull&#039;intelligenza artificiale, migliorando il coinvolgimento e la soddisfazione dei clienti.<\/li>\n\n\n\n<li><strong>Soluzioni di cloud computing:<\/strong> Le nostre soluzioni di cloud computing, basate su piattaforme come AWS, Azure e Google Cloud, forniscono risorse scalabili ed economiche per l&#039;archiviazione e l&#039;elaborazione dei dati richiesti per l&#039;intelligenza artificiale e l&#039;automazione, garantendo flessibilit\u00e0 e scalabilit\u00e0 nelle operazioni.<\/li>\n\n\n\n<li><strong>Ottimizzazione del sistema ERP (Enterprise Resource Planning):<\/strong> Ottimizziamo i sistemi ERP utilizzando l&#039;intelligenza artificiale e l&#039;automazione per semplificare i processi aziendali, migliorare l&#039;utilizzo delle risorse e migliorare l&#039;efficienza operativa complessiva nei vari dipartimenti.<\/li>\n\n\n\n<li><strong>Sviluppo di modelli di business innovativi:<\/strong> Attraverso i nostri servizi di consulenza, aiutiamo le aziende a esplorare e stabilire modelli di business innovativi che sfruttano l&#039;intelligenza artificiale e l&#039;automazione, consentendo loro di rimanere competitivi e adattarsi alle tendenze di mercato in evoluzione.<\/li>\n\n\n\n<li><strong>Programmi di trasformazione della forza lavoro:<\/strong> I nostri programmi di trasformazione della forza lavoro facilitano lo sviluppo di nuove competenze nella gestione dell\u2019intelligenza artificiale, nell\u2019analisi dei dati e nell\u2019integrazione tecnologica, garantendo che le aziende siano ben attrezzate per prosperare in un panorama digitale in rapida evoluzione.<\/li>\n<\/ul>","protected":false},"excerpt":{"rendered":"<p>L\u2019automazione del settore tecnologico e l\u2019integrazione dell\u2019intelligenza artificiale implicano efficienza, riduzione al minimo degli errori e promozione dell\u2019innovazione per le aziende.<\/p>","protected":false},"author":1,"featured_media":71764,"parent":44406,"menu_order":42,"comment_status":"closed","ping_status":"closed","template":"","meta":{"footnotes":""},"class_list":["post-45128","page","type-page","status-publish","has-post-thumbnail"],"_links":{"self":[{"href":"https:\/\/www.sisinternational.com\/it\/wp-json\/wp\/v2\/pages\/45128","targetHints":{"allow":["GET"]}}],"collection":[{"href":"https:\/\/www.sisinternational.com\/it\/wp-json\/wp\/v2\/pages"}],"about":[{"href":"https:\/\/www.sisinternational.com\/it\/wp-json\/wp\/v2\/types\/page"}],"author":[{"embeddable":true,"href":"https:\/\/www.sisinternational.com\/it\/wp-json\/wp\/v2\/users\/1"}],"replies":[{"embeddable":true,"href":"https:\/\/www.sisinternational.com\/it\/wp-json\/wp\/v2\/comments?post=45128"}],"version-history":[{"count":15,"href":"https:\/\/www.sisinternational.com\/it\/wp-json\/wp\/v2\/pages\/45128\/revisions"}],"predecessor-version":[{"id":83068,"href":"https:\/\/www.sisinternational.com\/it\/wp-json\/wp\/v2\/pages\/45128\/revisions\/83068"}],"up":[{"embeddable":true,"href":"https:\/\/www.sisinternational.com\/it\/wp-json\/wp\/v2\/pages\/44406"}],"wp:featuredmedia":[{"embeddable":true,"href":"https:\/\/www.sisinternational.com\/it\/wp-json\/wp\/v2\/media\/71764"}],"wp:attachment":[{"href":"https:\/\/www.sisinternational.com\/it\/wp-json\/wp\/v2\/media?parent=45128"}],"curies":[{"name":"wp","href":"https:\/\/api.w.org\/{rel}","templated":true}]}}