{"id":45122,"date":"2024-01-15T02:12:00","date_gmt":"2024-01-15T07:12:00","guid":{"rendered":"https:\/\/www.sisinternational.com\/?page_id=45122"},"modified":"2026-02-18T12:35:57","modified_gmt":"2026-02-18T17:35:57","slug":"consulenza-sullintelligenza-artificiale-per-lautomazione-del-franchising","status":"publish","type":"page","link":"https:\/\/www.sisinternational.com\/it\/soluzioni\/ai-ricerche-di-mercato-e-consulenza-strategica\/consulenza-sullintelligenza-artificiale-per-lautomazione-del-franchising\/","title":{"rendered":"Franchising Consulenza in automazione e intelligenza artificiale"},"content":{"rendered":"<h1 class=\"wp-block-heading\">Franchising Consulenza in automazione e intelligenza artificiale<\/h1>\n\n\n\n<figure class=\"gb-block-image gb-block-image-d0d9d8e5\"><img loading=\"lazy\" decoding=\"async\" width=\"1456\" height=\"816\" class=\"gb-image gb-image-d0d9d8e5\" src=\"https:\/\/www.sisinternational.com\/wp-content\/uploads\/2025\/08\/Franchise-2.jpg\" alt=\"Ricerca e strategia di mercato internazionale SIS\" title=\"Franchise (2)\" srcset=\"https:\/\/www.sisinternational.com\/wp-content\/uploads\/2025\/08\/Franchise-2.jpg 1456w, https:\/\/www.sisinternational.com\/wp-content\/uploads\/2025\/08\/Franchise-2-300x168.jpg 300w, https:\/\/www.sisinternational.com\/wp-content\/uploads\/2025\/08\/Franchise-2-1024x574.jpg 1024w, https:\/\/www.sisinternational.com\/wp-content\/uploads\/2025\/08\/Franchise-2-768x430.jpg 768w, https:\/\/www.sisinternational.com\/wp-content\/uploads\/2025\/08\/Franchise-2-18x10.jpg 18w\" sizes=\"auto, (max-width: 1456px) 100vw, 1456px\"><\/figure>\n\n\n\n<p><\/p>\n\n\n\n<p>In un mondo in cui il settore dell\u2019ospitalit\u00e0 \u00e8 in continua evoluzione\u2026 Come possono le aziende rimanere al passo con i tempi? L\u2019automazione del franchising e la consulenza sull\u2019intelligenza artificiale stanno cambiando le regole del gioco. Questi approcci innovativi stanno rimodellando il modo in cui operano le aziende in franchising, offrendo una combinazione di efficienza, personalizzazione e visione strategica che un tempo era fuori portata.<\/p>\n\n\n\n<h2 class=\"wp-block-heading\">Cos&#039;\u00e8 la consulenza in franchising sull&#039;automazione e l&#039;intelligenza artificiale<\/h2>\n\n\n\n<p>Franchising <a title=\"Consulenza sull&#039;automazione del flusso di lavoro e sull&#039;intelligenza artificiale\" data-wpil-monitor-id=\"4798\" href=\"https:\/\/www.sisinternational.com\/it\/soluzioni\/ai-ricerche-di-mercato-e-consulenza-strategica\/consulenza-sullintelligenza-artificiale-per-lautomazione-del-flusso-di-lavoro\/\">automation and artificial intelligence consulting<\/a> is a rapidly evolving field that integrates cutting-edge technology into various aspects of franchise management. <\/p>\n\n\n\n<p>Ad esempio, l\u2019automazione nel franchising per hotel e ristoranti semplifica processi come i sistemi di prenotazione, la gestione dell\u2019inventario, l\u2019analisi del feedback dei clienti e persino il personale. Automatizza le attivit\u00e0 di routine, liberando le risorse umane per concentrarsi su aspetti pi\u00f9 critici dell&#039;azienda come l&#039;esperienza degli ospiti e la qualit\u00e0 del servizio.<\/p>\n\n\n\n<h2 class=\"wp-block-heading\">Quanto sono importanti oggi le consulenze sull&#039;automazione del franchising e sull&#039;intelligenza artificiale?<\/h2>\n\n\n\n<p>Today\u2019s consumers expect personalized experiences \u2013 and franchising <a title=\"Consulenza sull&#039;automazione sanitaria e sull&#039;intelligenza artificiale\" href=\"https:\/\/www.sisinternational.com\/it\/soluzioni\/ai-ricerche-di-mercato-e-consulenza-strategica\/consulenza-sullintelligenza-artificiale-per-lautomazione-sanitaria\/\" data-wpil-monitor-id=\"4881\">automation and artificial intelligence consulting<\/a> help businesses understand and predict customer preferences, and tailor their services and offerings.<\/p>\n\n\n\n<p>Inoltre, l&#039;automazione semplifica questi processi, aumentando l&#039;efficienza e riducendo la probabilit\u00e0 di errori, il che \u00e8 essenziale per mantenere la reputazione del marchio nei franchising.<\/p>\n\n\n\n<p>In franchising, making informed decisions is also crucial for both the franchisor and franchisee. Franchising <a title=\"Consulenza sull&#039;automazione e l&#039;intelligenza artificiale B2B\" href=\"https:\/\/www.sisinternational.com\/it\/soluzioni\/ai-ricerche-di-mercato-e-consulenza-strategica\/consulenza-sullintelligenza-artificiale-per-lautomazione-b2b\/\" data-wpil-monitor-id=\"6873\">automation and artificial intelligence consulting<\/a> provide a deeper understanding of market trends, customer feedback, and operational performance, enabling better decision-making.<\/p>\n\n\n\n<h2 class=\"wp-block-heading\">Quali sono i vantaggi dell&#039;automazione del franchising e della consulenza sull&#039;intelligenza artificiale?<\/h2>\n\n\n\n<p>L\u2019integrazione dell\u2019automazione e dell\u2019intelligenza artificiale nel mondo del franchising apporta una serie di vantaggi significativi che stanno trasformando il modo in cui queste aziende operano e interagiscono con i propri clienti. Ecco uno sguardo pi\u00f9 da vicino ai principali vantaggi:<\/p>\n\n\n\n<ul class=\"wp-block-list\">\n<li><strong>Esperienza cliente migliorata:<\/strong> AI enables a personalized customer experience by analyzing guest preferences and behavior. <\/li>\n\n\n\n<li><strong>Efficienza operativa:<\/strong> Automation streamlines everyday operations such as reservations, check-ins, inventory management, and staff scheduling. <\/li>\n\n\n\n<li><strong>Risparmi:<\/strong> Automatizzando le attivit\u00e0 di routine e ottimizzando vari aspetti operativi, i franchising possono ottenere notevoli risparmi sui costi. La riduzione del lavoro manuale e il miglioramento dell&#039;efficienza contribuiscono a ridurre i costi operativi e ad aumentare la redditivit\u00e0.<\/li>\n\n\n\n<li><strong>Coerenza nella fornitura del servizio:<\/strong> Maintaining consistent service quality across franchises is crucial. Franchising <a title=\"Consulenza sull&#039;automazione del branding e sull&#039;intelligenza artificiale\" data-wpil-monitor-id=\"6892\" href=\"https:\/\/www.sisinternational.com\/it\/soluzioni\/ai-ricerche-di-mercato-e-consulenza-strategica\/automazione-del-branding-e-consulenza\/\">automation and artificial intelligence consulting<\/a> ensure that all franchise operations adhere to set standards, providing a consistent brand experience for customers.<\/li>\n\n\n\n<li><strong>Vantaggio competitivo:<\/strong> I franchising che sfruttano l\u2019intelligenza artificiale e l\u2019automazione sono in una posizione migliore per rimanere all\u2019avanguardia nel competitivo settore dell\u2019ospitalit\u00e0. Possono adattarsi rapidamente ai cambiamenti del mercato e alle esigenze dei clienti, mantenendo un vantaggio.<\/li>\n<\/ul>\n\n\n\n<h2 class=\"wp-block-heading\">Fattori chiave di successo nel franchising Automazione e consulenza sull&#039;intelligenza artificiale per hotel e ristoranti<\/h2>\n\n\n\n<p>To successfully implement franchising automation and <a title=\"Consulenza sull&#039;intelligenza artificiale di viaggio\" href=\"https:\/\/www.sisinternational.com\/it\/soluzioni\/ai-ricerche-di-mercato-e-consulenza-strategica\/consulenza-sullintelligenza-artificiale-di-viaggio\/\" data-wpil-monitor-id=\"6904\">artificial intelligence consulting<\/a>, businesses must consider several key success factors to ensure that the integration of these technologies brings tangible benefits and aligns with the overall business strategy.<\/p>\n\n\n\n<ul class=\"wp-block-list\">\n<li><strong>Personalizzazione secondo gli standard del marchio:<\/strong> Nel franchising, mantenere la coerenza del marchio \u00e8 essenziale. Le soluzioni di intelligenza artificiale e automazione dovrebbero essere personalizzate per sostenere e rafforzare gli standard, l\u2019etica e le aspettative del servizio clienti del marchio in tutte le sedi.<\/li>\n\n\n\n<li><strong>Qualit\u00e0 e integrazione dei dati:<\/strong> Dati affidabili e di alta qualit\u00e0 sono fondamentali per i sistemi di intelligenza artificiale. Garantire l\u2019integrazione degli strumenti di intelligenza artificiale con le fonti e i sistemi di dati esistenti all\u2019interno del franchising \u00e8 fondamentale per un\u2019analisi accurata ed efficace.<\/li>\n\n\n\n<li><strong>Focus sull&#039;esperienza del cliente:<\/strong> AI and automation initiatives should always aim to enhance the customer experience. <\/li>\n\n\n\n<li><strong>Monitoraggio e adattamento continui:<\/strong> Regular monitoring and updating of AI and automation systems are necessary to ensure they remain effective and relevant. <\/li>\n\n\n\n<li><strong>Conformit\u00e0 e considerazioni etiche:<\/strong> \u00c8 fondamentale aderire agli standard legali ed etici, in particolare nella gestione dei dati e nella privacy dei clienti. Il rispetto delle normative e il mantenimento di pratiche trasparenti sono importanti per sostenere la fiducia dei clienti e la reputazione del marchio.<\/li>\n<\/ul>\n\n\n\n<h2 class=\"wp-block-heading\">I risultati della consulenza in franchising sull&#039;automazione e l&#039;intelligenza artificiale per le imprese<\/h2>\n\n\n\n<p>Franchising <a title=\"Consulenza sull&#039;automazione dei ristoranti e sull&#039;intelligenza artificiale\" href=\"https:\/\/www.sisinternational.com\/it\/soluzioni\/ai-ricerche-di-mercato-e-consulenza-strategica\/consulenza-sullintelligenza-artificiale-per-lautomazione-dei-ristoranti\/\" data-wpil-monitor-id=\"7235\">automation and artificial intelligence consulting<\/a> delivers a range of transformative outcomes. These advancements are designed to enhance operational efficiency, improve customer experiences, and provide strategic advantages.<\/p>\n\n\n\n<ul class=\"wp-block-list\">\n<li><strong>Servizio clienti ottimizzato:<\/strong> L&#039;intelligenza artificiale consente esperienze personalizzate per gli ospiti, dai consigli su misura alla risoluzione efficiente dei problemi. L&#039;automazione nel servizio clienti pu\u00f2 portare a tempi di risposta pi\u00f9 rapidi e a una maggiore soddisfazione degli ospiti.<\/li>\n\n\n\n<li><strong>Approfondimenti basati sui dati per il processo decisionale strategico:<\/strong> La capacit\u00e0 dell&#039;intelligenza artificiale di analizzare le tendenze del mercato, il feedback dei clienti e i dati operativi fornisce informazioni preziose per la pianificazione strategica, la progettazione dei menu e le strategie di marketing.<\/li>\n\n\n\n<li><strong>Gestione migliorata dell&#039;inventario e della catena di fornitura:<\/strong> Gli strumenti di automazione aiutano a gestire in modo efficiente l&#039;inventario e le catene di fornitura, riducendo gli sprechi e ottimizzando i processi di approvvigionamento.<\/li>\n\n\n\n<li><strong>Coerenza tra i franchising:<\/strong> Garantire un&#039;esperienza di marca coerente in diverse localit\u00e0 \u00e8 fondamentale nel franchising. L\u2019intelligenza artificiale e l\u2019automazione possono standardizzare operazioni e servizi, mantenendo la coerenza del marchio.<\/li>\n\n\n\n<li><strong>Analisi aziendale in tempo reale:<\/strong> Gli strumenti di intelligenza artificiale forniscono analisi in tempo reale sulle prestazioni aziendali, sulle preferenze degli ospiti e sulle condizioni di mercato, consentendo aggiustamenti tempestivi e un processo decisionale informato.<\/li>\n<\/ul>\n\n\n\n<h2 class=\"wp-block-heading\">Tendenze attuali nell&#039;automazione del franchising e nella consulenza sull&#039;intelligenza artificiale<\/h2>\n\n\n\n<p>The landscape of franchising is continually evolving with advancements in technology. Automation and artificial intelligence are at the forefront of this transformation, driving significant changes in how these businesses operate and interact with customers. Here are some of the current trends in franchising <a title=\"Consulenza sull&#039;automazione delle vendite e sull&#039;intelligenza artificiale\" href=\"https:\/\/www.sisinternational.com\/it\/soluzioni\/ai-ricerche-di-mercato-e-consulenza-strategica\/consulenza-sullintelligenza-artificiale-per-lautomazione-delle-vendite\/\" data-wpil-monitor-id=\"7242\">automation and artificial intelligence consulting<\/a>:<\/p>\n\n\n\n<ul class=\"wp-block-list\">\n<li><strong>Chatbot e assistenti virtuali:<\/strong> L\u2019uso di chatbot e assistenti virtuali basati sull\u2019intelligenza artificiale per il servizio clienti \u00e8 in aumento. Questi strumenti gestiscono le prenotazioni, rispondono alle domande e forniscono informazioni, migliorando l&#039;interazione con i clienti e liberando il personale per altre attivit\u00e0.<\/li>\n\n\n\n<li><strong>Esperienza degli ospiti migliorata attraverso l&#039;IoT:<\/strong> L\u2019integrazione dell\u2019intelligenza artificiale con l\u2019Internet delle cose (IoT) nell\u2019automazione delle camere, come termostati intelligenti e dispositivi a controllo vocale, sta migliorando l\u2019esperienza degli ospiti negli hotel.<\/li>\n\n\n\n<li><strong>Sostenibilit\u00e0 ed efficienza:<\/strong> AI is contributing to sustainability efforts, helping hotels and restaurants reduce <a title=\"Consulenza sulla strategia di automazione\" data-wpil-monitor-id=\"7444\" href=\"https:\/\/www.sisinternational.com\/it\/sistemi-di-automazione-dei-processi-negli-stati-uniti\/\">energy consumption and waste through smart automation<\/a> and predictive analytics.<\/li>\n<\/ul>\n\n\n\n<h2 class=\"wp-block-heading\">Tecnologie e strumenti sfruttati dal franchising Automazione e consulenza sull&#039;intelligenza artificiale<\/h2>\n\n\n\n<p>In the realm of franchising <a class=\"wpil_keyword_link\" href=\"https:\/\/www.sisinternational.com\/it\/soluzioni\/ai-ricerche-di-mercato-e-consulenza-strategica\/consulenza-sullintelligenza-artificiale-per-lautomazione\/\"   title=\"Consulenza in automazione e intelligenza artificiale\" data-wpil-keyword-link=\"linked\"  data-wpil-monitor-id=\"11332\">automation and artificial intelligence consulting<\/a>, various technologies and tools are being leveraged to enhance operations, customer service, and strategic decision-making. Here are some key technologies and specific tools or brands that are shaping the industry:<\/p>\n\n\n\n<ul class=\"wp-block-list\">\n<li><strong>Chatbot e assistenti virtuali:<\/strong> Piattaforme come IBM Watson Assistant e Chatfuel offrono chatbot basati sull&#039;intelligenza artificiale per il servizio clienti, la gestione di prenotazioni, richieste e la fornitura di consigli personalizzati.<\/li>\n\n\n\n<li><strong>Software di analisi predittiva:<\/strong> Strumenti come SAS Analytics e Tableau forniscono potenti analisi predittive, aiutando i franchising nella previsione della domanda, nella gestione dell&#039;inventario e nell&#039;analisi di mercato.<\/li>\n\n\n\n<li><strong>Automazione Robotica dei Processi (RPA):<\/strong> Software come UiPath e Automation Anywhere automatizzano le attivit\u00e0 di back-office di routine, semplificando le operazioni e riducendo gli errori manuali.<\/li>\n\n\n\n<li><strong>Integrazione IoT per operazioni intelligenti:<\/strong> Tecnologie come Nest per termostati intelligenti e Philips Hue per l&#039;illuminazione intelligente consentono l&#039;automazione e l&#039;ottimizzazione dell&#039;ambiente fisico in hotel e ristoranti.<\/li>\n\n\n\n<li><strong>Strumenti di gestione della reputazione online:<\/strong> Strumenti di intelligenza artificiale come ReviewPro e Reputation.com analizzano e gestiscono le recensioni online e il feedback sui social media, aiutando i franchising a mantenere una presenza online positiva.<\/li>\n\n\n\n<li><strong>Strumenti di marketing basati sull\u2019intelligenza artificiale:<\/strong> Strumenti come Marketo e Adobe Marketing Cloud utilizzano l&#039;intelligenza artificiale per ottimizzare le campagne di marketing, rivolgendosi ai clienti giusti con contenuti personalizzati.<\/li>\n\n\n\n<li><strong>Software di gestione della catena di fornitura:<\/strong> Sistemi come Oracle SCM e SAP SCM offrono soluzioni automatizzate di gestione della supply chain, ottimizzando i processi di approvvigionamento e inventario.<\/li>\n<\/ul>\n\n\n\n<h2 class=\"wp-block-heading\">Opportunit\u00e0 in Franchising Consulenza in Automazione e Intelligenza Artificiale per le Aziende<\/h2>\n\n\n\n<p>Questa consulenza offre numerose opportunit\u00e0 per le aziende, aprendo la strada a strategie operative innovative, esperienze cliente migliorate e modelli di business pi\u00f9 intelligenti. Ecco uno sguardo alle principali opportunit\u00e0:<\/p>\n\n\n\n<ul class=\"wp-block-list\">\n<li><strong>Processo decisionale basato sui dati:<\/strong> Con l\u2019intelligenza artificiale, le aziende possono sfruttare l\u2019analisi dei big data per prendere decisioni informate sull\u2019espansione del mercato, sulle offerte di servizi e sulle strategie di marketing, garantendo che tali decisioni siano supportate da approfondimenti di mercato completi.<\/li>\n\n\n\n<li><strong>Marketing personalizzato e coinvolgimento del cliente:<\/strong> Analizzando i dati dei clienti, l&#039;intelligenza artificiale pu\u00f2 aiutare a creare campagne di marketing personalizzate e strategie di coinvolgimento, rivolgendosi ai clienti con offerte ed esperienze su misura per le loro preferenze.<\/li>\n\n\n\n<li><strong>Iniziative di sostenibilit\u00e0:<\/strong> L\u2019intelligenza artificiale e l\u2019automazione possono contribuire agli sforzi di sostenibilit\u00e0 nelle operazioni di franchising, come la riduzione del consumo energetico, la minimizzazione degli sprechi alimentari e l\u2019ottimizzazione dell\u2019utilizzo delle risorse.<\/li>\n<\/ul>\n\n\n\n<h2 class=\"wp-block-heading\">Le sfide dell&#039;automazione del franchising e della consulenza sull&#039;intelligenza artificiale per le imprese<\/h2>\n\n\n\n<p>Sebbene l&#039;adozione dell&#039;automazione del franchising e della consulenza sull&#039;intelligenza artificiale presenti numerose opportunit\u00e0, ne presenta anche numerose, tra cui:<\/p>\n\n\n\n<ul class=\"wp-block-list\">\n<li><strong>Privacy e sicurezza dei dati:<\/strong> Con il crescente utilizzo dei dati dei clienti per la personalizzazione e l&#039;analisi, il mantenimento della privacy e della sicurezza dei dati diventa fondamentale. I franchising devono affrontare complesse normative sulla protezione dei dati e garantire la fiducia dei clienti.<\/li>\n\n\n\n<li><strong>Integrazione con sistemi esistenti:<\/strong> Integrare perfettamente le nuove tecnologie con i sistemi e i processi esistenti pu\u00f2 essere impegnativo e potrebbe richiedere cambiamenti sostanziali negli attuali modelli operativi.<\/li>\n\n\n\n<li><strong>Coerenza tra i franchising:<\/strong> Garantire che le tecnologie di intelligenza artificiale e automazione siano costantemente implementate e mantenute in tutte le sedi in franchising per mantenere standard di servizio uniformi \u00e8 una sfida.<\/li>\n<\/ul>\n\n\n\n<h2 class=\"wp-block-heading\">Soluzioni SIS: Franchising Automazione e Consulenza sull&#039;Intelligenza Artificiale<\/h2>\n\n\n\n<p>Noi di SIS comprendiamo il potenziale di trasformazione dell&#039;automazione del franchising e dell&#039;intelligenza artificiale nel rimodellare il settore dell&#039;ospitalit\u00e0. Le nostre soluzioni di consulenza offrono una roadmap strategica per le aziende in franchising per sfruttare la potenza dell&#039;automazione e dell&#039;intelligenza artificiale, favorendo l&#039;efficienza, la personalizzazione e la visione strategica in tutte le sedi del franchising. Ecco come possiamo aiutarti:<\/p>\n\n\n\n<ul class=\"wp-block-list\">\n<li><strong>Analisi di mercato completa:<\/strong> Il nostro team conduce analisi di mercato complete per identificare le tendenze emergenti, le preferenze dei clienti e le dinamiche competitive nel settore dell&#039;ospitalit\u00e0. Forniamo approfondimenti su come l&#039;automazione e l&#039;intelligenza artificiale stanno rimodellando le operazioni di franchising e offriamo consigli strategici per sfruttare nuove opportunit\u00e0.<\/li>\n\n\n\n<li><strong>Sviluppo di soluzioni personalizzate:<\/strong> We develop customized automation and AI solutions tailored to address the specific needs and goals of franchised businesses. <\/li>\n\n\n\n<li><strong>Coinvolgimento delle parti interessate:<\/strong> Coinvolgiamo tutte le parti interessate, inclusi franchisor, affiliati, dipendenti e clienti, per garantire l&#039;allineamento e il consenso alle iniziative di intelligenza artificiale. Il nostro approccio prevede la formazione delle parti interessate sui vantaggi dell\u2019automazione e dell\u2019intelligenza artificiale, la gestione delle preoccupazioni e la promozione di una cultura dell\u2019innovazione e della collaborazione in tutte le sedi del franchising.<\/li>\n\n\n\n<li><strong>Competenza tecnica e infrastruttura:<\/strong> We provide technical expertise and infrastructure support to help franchised businesses navigate the complexities of implementing AI solutions. <\/li>\n\n\n\n<li><strong>Considerazioni etiche e conformit\u00e0:<\/strong> Garantiamo che le iniziative di intelligenza artificiale aderiscano agli standard etici e ai requisiti normativi, in particolare nella gestione dei dati e nella privacy dei clienti. Il rispetto delle normative e pratiche trasparenti sono essenziali per sostenere la fiducia dei clienti e la reputazione del marchio in tutte le sedi in franchising.<\/li>\n\n\n\n<li><strong>Monitoraggio e ottimizzazione continui:<\/strong> Supportiamo le aziende in franchising nel monitoraggio e nell&#039;ottimizzazione continua dei loro sistemi di intelligenza artificiale sulla base di feedback, nuovi dati e progressi tecnologici. Il nostro approccio prevede valutazioni, aggiornamenti e aggiustamenti regolari delle prestazioni per garantire che le iniziative di intelligenza artificiale rimangano efficaci e allineate agli obiettivi aziendali.<\/li>\n\n\n\n<li><strong>Formazione e gestione del cambiamento:<\/strong> Forniamo formazione e supporto nella gestione del cambiamento per aiutare i dipendenti ad adattarsi alle nuove tecnologie e flussi di lavoro basati sull&#039;intelligenza artificiale. Il nostro approccio prevede formazione pratica, workshop e supporto continuo per garantire che i dipendenti abbiano le competenze e le conoscenze necessarie per avere successo in un ambiente basato sull&#039;intelligenza artificiale.<\/li>\n\n\n\n<li><\/li>\n<\/ul>\n\n\n\n<h2 class=\"wp-block-heading\">A proposito di SIS Internazionale<\/h2>\n\n\n\n<p>SIS International offre ricerca quantitativa, qualitativa e strategica. Forniamo dati, strumenti, strategie, report e approfondimenti per il processo decisionale. Conduciamo interviste, sondaggi, focus group e molti altri metodi e approcci di ricerca di mercato. Contattaci per il tuo prossimo progetto di ricerca di mercato.<\/p>","protected":false},"excerpt":{"rendered":"<p>L&#039;automazione del franchising e la consulenza sull&#039;intelligenza artificiale sono un campo in evoluzione che integra tecnologie all&#039;avanguardia nella gestione del franchising.<\/p>","protected":false},"author":1,"featured_media":63810,"parent":44406,"menu_order":40,"comment_status":"closed","ping_status":"closed","template":"","meta":{"footnotes":""},"class_list":["post-45122","page","type-page","status-publish","has-post-thumbnail"],"_links":{"self":[{"href":"https:\/\/www.sisinternational.com\/it\/wp-json\/wp\/v2\/pages\/45122","targetHints":{"allow":["GET"]}}],"collection":[{"href":"https:\/\/www.sisinternational.com\/it\/wp-json\/wp\/v2\/pages"}],"about":[{"href":"https:\/\/www.sisinternational.com\/it\/wp-json\/wp\/v2\/types\/page"}],"author":[{"embeddable":true,"href":"https:\/\/www.sisinternational.com\/it\/wp-json\/wp\/v2\/users\/1"}],"replies":[{"embeddable":true,"href":"https:\/\/www.sisinternational.com\/it\/wp-json\/wp\/v2\/comments?post=45122"}],"version-history":[{"count":12,"href":"https:\/\/www.sisinternational.com\/it\/wp-json\/wp\/v2\/pages\/45122\/revisions"}],"predecessor-version":[{"id":82991,"href":"https:\/\/www.sisinternational.com\/it\/wp-json\/wp\/v2\/pages\/45122\/revisions\/82991"}],"up":[{"embeddable":true,"href":"https:\/\/www.sisinternational.com\/it\/wp-json\/wp\/v2\/pages\/44406"}],"wp:featuredmedia":[{"embeddable":true,"href":"https:\/\/www.sisinternational.com\/it\/wp-json\/wp\/v2\/media\/63810"}],"wp:attachment":[{"href":"https:\/\/www.sisinternational.com\/it\/wp-json\/wp\/v2\/media?parent=45122"}],"curies":[{"name":"wp","href":"https:\/\/api.w.org\/{rel}","templated":true}]}}